{"id":11261,"date":"2022-08-11T20:01:47","date_gmt":"2022-08-11T18:01:47","guid":{"rendered":"https:\/\/strangercam.com\/?page_id=11261"},"modified":"2023-08-21T12:47:03","modified_gmt":"2023-08-21T10:47:03","slug":"yesichat","status":"publish","type":"page","link":"https:\/\/strangercam.com\/pt-br\/yesichat\/","title":{"rendered":"Yesichat"},"content":{"rendered":"<p>Se estiver procurando um lugar para <a href=\"https:\/\/strangercam.com\/pt-br\/chatroulette\/\">bate-papo<\/a> com estranhos on-line, voc\u00ea veio ao lugar certo! Yesichat \u00e9 um site de bate-papo gratuito que lhe permite conversar com estranhos sem ter que se registrar. Basta digitar um nome de usu\u00e1rio e come\u00e7ar a conversar!<\/p>\n<h2>O que \u00e9 yesichat?<\/h2>\n<p>O Yesichat \u00e9 um site de bate-papo que permite que voc\u00ea converse com estranhos. \u00c9 uma \u00f3tima maneira de <a href=\"https:\/\/strangercam.com\/pt-br\/coomeet\/\">conhecer<\/a> novas pessoas e fazer novos amigos. Voc\u00ea tamb\u00e9m pode usar o yesichat para encontrar um encontro ou apenas conversar com algu\u00e9m de seu interesse.<\/p>\n<h2>Como usar o yesichat?<\/h2>\n<p>O Yesichat \u00e9 uma excelente plataforma para conversar com estranhos. \u00c9 simples e f\u00e1cil de usar, e \u00e9 uma \u00f3tima maneira de se conectar com pessoas de todo o mundo. Aqui est\u00e3o algumas dicas sobre como usar o Yesichat:<\/p>\n<ol>\n<li>Comece criando um perfil. Isso o ajudar\u00e1 a encontrar pessoas para conversar que compartilham seus interesses.<\/li>\n<li>Depois de criar seu perfil, d\u00ea uma olhada nas diferentes salas de bate-papo dispon\u00edveis. Voc\u00ea pode optar por conversar em uma sala p\u00fablica ou em uma sala privada.<\/li>\n<li>Quando estiver em uma sala de bate-papo, respeite os outros usu\u00e1rios. N\u00e3o envie mensagens de spam para a sala e n\u00e3o seja rude ou ofensivo.<\/li>\n<li>Yesichat \u00e9 um \u00f3timo lugar para conhecer novas pessoas e fazer novos amigos. Portanto, aproveite seu tempo no site e n\u00e3o hesite em entrar em contato com algu\u00e9m se quiser conversar!<\/li>\n<\/ol>\n<h2>As vantagens de usar o yesichat<\/h2>\n<p>H\u00e1 muitas raz\u00f5es para usar o yesichat quando voc\u00ea quiser conversar com estranhos on-line. Por um lado, \u00e9 uma \u00f3tima maneira de conhecer novas pessoas de todo o mundo. Voc\u00ea tamb\u00e9m pode usar o yesichat para encontrar novos amigos ou at\u00e9 mesmo poss\u00edveis encontros.<\/p>\n<p>Outra grande vantagem do yesichat \u00e9 que seu uso \u00e9 totalmente gratuito. Voc\u00ea n\u00e3o precisa se preocupar em pagar nenhuma taxa ou assinatura mensal. Voc\u00ea pode simplesmente aproveitar o bate-papo com estranhos sem nenhum compromisso.<\/p>\n<p>Finalmente, o yesichat \u00e9 uma \u00f3tima plataforma para construir relacionamentos. Se voc\u00ea est\u00e1 procurando amizade ou amor, pode ter certeza de que encontrar\u00e1 no yesichat. Ent\u00e3o, por que n\u00e3o experiment\u00e1-lo hoje?<\/p>\n<h2>As desvantagens de usar o yesichat<\/h2>\n<p>Se voc\u00ea estiver procurando um aplicativo de bate-papo para usar com estranhos, talvez queira pensar duas vezes sobre o uso do yesichat. Embora o aplicativo tenha alguns recursos que podem ser vantajosos, h\u00e1 tamb\u00e9m v\u00e1rias desvantagens das quais voc\u00ea deve estar ciente.<\/p>\n<p>Uma das maiores desvantagens do yesichat \u00e9 que ele n\u00e3o \u00e9 muito seguro. O aplicativo n\u00e3o exige que os usu\u00e1rios criem uma conta ou fa\u00e7am login, o que significa que qualquer pessoa pode entrar em uma sala de bate-papo e come\u00e7ar a conversar. Isso pode ser problem\u00e1tico se voc\u00ea estiver tentando manter sua identidade oculta ou se estiver preocupado com a possibilidade de as pessoas descobrirem informa\u00e7\u00f5es pessoais sobre voc\u00ea.<\/p>\n<p>Outra desvantagem do yesichat \u00e9 que ele n\u00e3o \u00e9 muito privado. Todas as conversas no aplicativo s\u00e3o p\u00fablicas e podem ser vistas por qualquer pessoa que entre na sala de bate-papo. Isso significa que voc\u00ea pode ter conversas confidenciais com pessoas que n\u00e3o conhece bem e que podem estar se aproveitando de voc\u00ea.<\/p>\n<p>Por fim, o yesichat pode ter muitos bugs e n\u00e3o ser confi\u00e1vel. O aplicativo \u00e9 conhecido por travar no meio de conversas, o que pode ser frustrante se voc\u00ea estiver tentando conversar com algu\u00e9m importante ou se estiver no meio de uma discuss\u00e3o acalorada.<\/p>\n<p>Em geral, o yesichat n\u00e3o \u00e9 um \u00f3timo<\/p>\n<h2>Como tirar o m\u00e1ximo proveito do yesichat<\/h2>\n<p>Se voc\u00ea est\u00e1 procurando uma maneira de se conectar com pessoas novas e interessantes, o yesichat \u00e9 uma \u00f3tima op\u00e7\u00e3o. Com mais de um milh\u00e3o de usu\u00e1rios em todo o mundo, a plataforma oferece um ambiente seguro e divertido para conversar com estranhos de todo o mundo.<\/p>\n<p>Aqui est\u00e3o algumas dicas para ajud\u00e1-lo a tirar o m\u00e1ximo proveito de sua experi\u00eancia com o yesichat:<\/p>\n<ol>\n<li>Seja respeitoso e educado. Isso \u00e9 fundamental em qualquer ambiente de bate-papo, mas \u00e9 especialmente importante ao falar com estranhos.<\/li>\n<li>Fa\u00e7a perguntas e seja curioso. Iniciadores de conversa como \"qual \u00e9 o seu favorito...\" ou \"conte-me sobre...\" podem ajudar a quebrar o gelo e manter as coisas interessantes.<\/li>\n<li>Compartilhe um pouco sobre voc\u00ea. N\u00e3o h\u00e1 problema em ser aberto e honesto sobre quem voc\u00ea \u00e9, mas n\u00e3o forne\u00e7a muitas informa\u00e7\u00f5es pessoais.<\/li>\n<li>Seja paciente e compreensivo. Cada pessoa tem um n\u00edvel de conforto diferente quando se trata de conversar com estranhos. Respeite seus limites e n\u00e3o force demais para obter informa\u00e7\u00f5es ou intimidade.<\/li>\n<li>Divirta-se! O Yesichat \u00e9 um \u00f3timo lugar para conhecer novas pessoas e fazer novos amigos. Portanto, relaxe, divirta-se e veja aonde a conversa o levar\u00e1!<\/li>\n<\/ol>\n<h2>Por que a yesichat \u00e9 uma plataforma de bate-papo por v\u00eddeo aleat\u00f3rio t\u00e3o popular?<\/h2>\n<p>O Yesichat \u00e9 uma plataforma popular de bate-papo por v\u00eddeo aleat\u00f3rio por v\u00e1rios motivos. Em primeiro lugar, o uso da plataforma \u00e9 totalmente gratuito. Em segundo lugar, n\u00e3o h\u00e1 requisitos de registro ou inscri\u00e7\u00e3o - basta inserir um nome de usu\u00e1rio de sua escolha e come\u00e7ar a conversar. Em terceiro lugar, a interface \u00e9 extremamente amig\u00e1vel e f\u00e1cil de navegar. Em quarto lugar, o yesichat oferece uma ampla gama de recursos que melhoram a experi\u00eancia do usu\u00e1rio, como a capacidade de criar salas de bate-papo, enviar mensagens privadas e compartilhar arquivos de m\u00eddia. Por fim, a plataforma tem uma comunidade grande e ativa de usu\u00e1rios, o que facilita encontrar pessoas com quem conversar.<\/p>\n<h2>\u00c9 seguro us\u00e1-lo?<\/h2>\n<p>O Talk With Strangers \u00e9 um aplicativo popular de bate-papo on-line que oferece bate-papos privados e em grupo. O aplicativo est\u00e1 dispon\u00edvel em dispositivos Android e iOS e seu uso \u00e9 gratuito. No entanto, h\u00e1 algumas precau\u00e7\u00f5es que voc\u00ea deve tomar antes de usar o aplicativo.<\/p>\n<p>Antes de mais nada, o Talk With Strangers \u00e9 uma plataforma de m\u00eddia social. Portanto, \u00e9 importante ter em mente que o que voc\u00ea diz em uma sala de bate-papo pode ser visto por qualquer pessoa que visite a p\u00e1gina ou o aplicativo em que o bate-papo ocorreu. Al\u00e9m disso, o Talk With Strangers n\u00e3o \u00e9 criptografado, portanto, suas conversas podem ser monitoradas ou at\u00e9 mesmo interceptadas. Por fim, o Talk With Strangers n\u00e3o tem uma pol\u00edtica de privacidade em vigor, portanto, a empresa n\u00e3o pode garantir que suas conversas permanecer\u00e3o confidenciais.<\/p>\n<p>Portanto, embora o Talk With Strangers seja uma maneira divertida e conveniente de se comunicar com amigos e familiares, tenha cuidado ao usar o aplicativo.<\/p>\n<h2>Medidas preventivas ao usar o bate-papo por v\u00eddeo aleat\u00f3rio<\/h2>\n<p>Ao usar <a href=\"https:\/\/strangercam.com\/pt-br\/chathub\/\">bate-papo por v\u00eddeo aleat\u00f3rio<\/a>Por isso, \u00e9 importante tomar medidas preventivas para evitar se tornar uma v\u00edtima. Aqui est\u00e3o quatro dicas para mant\u00ea-lo seguro:<\/p>\n<ol>\n<li>Use uma VPN ao se conectar a chats de v\u00eddeo aleat\u00f3rios. Uma VPN ajudar\u00e1 a proteger sua privacidade criptografando seu tr\u00e1fego e ocultando sua localiza\u00e7\u00e3o. As VPNs est\u00e3o dispon\u00edveis gratuitamente e podem ser usadas tanto em desktops quanto em dispositivos m\u00f3veis.<\/li>\n<li>Use o bom senso ao se envolver em atividades aleat\u00f3rias <a href=\"https:\/\/strangercam.com\/pt-br\/rabbit-video-chat\/\">bate-papo por v\u00eddeo<\/a>. Se algo parece bom demais para ser verdade, provavelmente \u00e9. Sempre proceda com cautela ao conhecer algu\u00e9m que voc\u00ea <a href=\"https:\/\/strangercam.com\/pt-br\/chamet\/\">atendidas<\/a> on-line por meio de um servi\u00e7o de bate-papo por v\u00eddeo aleat\u00f3rio.<\/li>\n<li>Esteja sempre atento ao seu entorno ao usar o bate-papo por v\u00eddeo aleat\u00f3rio. N\u00e3o compartilhe informa\u00e7\u00f5es pessoais, como seu endere\u00e7o ou n\u00famero de telefone, com ningu\u00e9m que voc\u00ea conhe\u00e7a por meio de um servi\u00e7o de bate-papo por v\u00eddeo aleat\u00f3rio.<\/li>\n<li>Denuncie qualquer atividade suspeita imediatamente \u00e0s autoridades. Se voc\u00ea sentir que est\u00e1 sendo amea\u00e7ado ou assediado de alguma forma ao usar o bate-papo por v\u00eddeo aleat\u00f3rio, denuncie \u00e0s autoridades o mais r\u00e1pido poss\u00edvel!<\/li>\n<\/ol>\n<h2>Conclus\u00e3o<\/h2>\n<p>Se voc\u00ea est\u00e1 interessado em fazer novos amigos e se divertir, ent\u00e3o o yesichat \u00e9 o site para voc\u00ea! No yesichat, voc\u00ea pode conversar com estranhos de todo o mundo em um ambiente seguro e f\u00e1cil de usar. Com in\u00fameras salas de bate-papo para escolher, com certeza haver\u00e1 uma que atenda aos seus interesses. Ent\u00e3o, o que est\u00e1 esperando? Registre-se agora e comece a conversar com pessoas incr\u00edveis!<\/p>","protected":false},"excerpt":{"rendered":"<p>If you&#8217;re looking for a place to chat with strangers online, you&#8217;ve come to the right place! Yesichat is a free chat site that allows you to chat with strangers without having to register. Simply enter a username and start chatting! What is yesichat? Yesichat is a chat website that allows you to talk with [&hellip;]<\/p>\n","protected":false},"author":6,"featured_media":559,"parent":0,"menu_order":0,"comment_status":"closed","ping_status":"closed","template":"","meta":{"footnotes":""},"class_list":["post-11261","page","type-page","status-publish","has-post-thumbnail","hentry"],"yoast_head":"<!-- This site is optimized with the Yoast SEO plugin v27.4 - https:\/\/yoast.com\/product\/yoast-seo-wordpress\/ -->\n<title>Yesichat - Chat with strangers on StrangerCam.com<\/title>\n<meta name=\"description\" content=\"Like Yesichat? Come chat with more than 5.000.000 strangers on Stranger Cam for Free! Turn on your cam and find new friends &amp; maby a match!\" \/>\n<meta name=\"robots\" content=\"index, follow, max-snippet:-1, max-image-preview:large, max-video-preview:-1\" \/>\n<link rel=\"canonical\" href=\"https:\/\/strangercam.com\/pt-br\/yesichat\/\" \/>\n<meta property=\"og:locale\" content=\"pt_BR\" \/>\n<meta property=\"og:type\" content=\"article\" \/>\n<meta property=\"og:title\" content=\"Yesichat - Chat with strangers on StrangerCam.com\" \/>\n<meta property=\"og:description\" content=\"Like Yesichat? Come chat with more than 5.000.000 strangers on Stranger Cam for Free! Turn on your cam and find new friends &amp; maby a match!\" \/>\n<meta property=\"og:url\" content=\"https:\/\/strangercam.com\/pt-br\/yesichat\/\" \/>\n<meta property=\"og:site_name\" content=\"Strangercam\" \/>\n<meta property=\"article:publisher\" content=\"https:\/\/www.facebook.com\/strangercam\" \/>\n<meta property=\"article:modified_time\" content=\"2023-08-21T10:47:03+00:00\" \/>\n<meta property=\"og:image\" content=\"https:\/\/strangercam.com\/wp-content\/uploads\/2020\/11\/stranger-cam-1.png\" \/>\n\t<meta property=\"og:image:width\" content=\"800\" \/>\n\t<meta property=\"og:image:height\" content=\"800\" \/>\n\t<meta property=\"og:image:type\" content=\"image\/png\" \/>\n<meta name=\"twitter:card\" content=\"summary_large_image\" \/>\n<meta name=\"twitter:site\" content=\"@strangercamapp\" \/>\n<meta name=\"twitter:label1\" content=\"Est. tempo de leitura\" \/>\n\t<meta name=\"twitter:data1\" content=\"6 minutos\" \/>\n<script type=\"application\/ld+json\" class=\"yoast-schema-graph\">{\"@context\":\"https:\\\/\\\/schema.org\",\"@graph\":[{\"@type\":\"WebPage\",\"@id\":\"https:\\\/\\\/strangercam.com\\\/yesichat\\\/\",\"url\":\"https:\\\/\\\/strangercam.com\\\/yesichat\\\/\",\"name\":\"Yesichat - Chat with strangers on StrangerCam.com\",\"isPartOf\":{\"@id\":\"https:\\\/\\\/strangercam.com\\\/#website\"},\"primaryImageOfPage\":{\"@id\":\"https:\\\/\\\/strangercam.com\\\/yesichat\\\/#primaryimage\"},\"image\":{\"@id\":\"https:\\\/\\\/strangercam.com\\\/yesichat\\\/#primaryimage\"},\"thumbnailUrl\":\"https:\\\/\\\/strangercam.com\\\/wp-content\\\/uploads\\\/2020\\\/11\\\/stranger-cam-1.png\",\"datePublished\":\"2022-08-11T18:01:47+00:00\",\"dateModified\":\"2023-08-21T10:47:03+00:00\",\"description\":\"Like Yesichat? Come chat with more than 5.000.000 strangers on Stranger Cam for Free! Turn on your cam and find new friends & maby a match!\",\"breadcrumb\":{\"@id\":\"https:\\\/\\\/strangercam.com\\\/yesichat\\\/#breadcrumb\"},\"inLanguage\":\"pt-BR\",\"potentialAction\":[{\"@type\":\"ReadAction\",\"target\":[\"https:\\\/\\\/strangercam.com\\\/yesichat\\\/\"]}]},{\"@type\":\"ImageObject\",\"inLanguage\":\"pt-BR\",\"@id\":\"https:\\\/\\\/strangercam.com\\\/yesichat\\\/#primaryimage\",\"url\":\"https:\\\/\\\/strangercam.com\\\/wp-content\\\/uploads\\\/2020\\\/11\\\/stranger-cam-1.png\",\"contentUrl\":\"https:\\\/\\\/strangercam.com\\\/wp-content\\\/uploads\\\/2020\\\/11\\\/stranger-cam-1.png\",\"width\":800,\"height\":800,\"caption\":\"stranger cam random video chat\"},{\"@type\":\"BreadcrumbList\",\"@id\":\"https:\\\/\\\/strangercam.com\\\/yesichat\\\/#breadcrumb\",\"itemListElement\":[{\"@type\":\"ListItem\",\"position\":1,\"name\":\"Home\",\"item\":\"https:\\\/\\\/strangercam.com\\\/\"},{\"@type\":\"ListItem\",\"position\":2,\"name\":\"Yesichat\"}]},{\"@type\":\"WebSite\",\"@id\":\"https:\\\/\\\/strangercam.com\\\/#website\",\"url\":\"https:\\\/\\\/strangercam.com\\\/\",\"name\":\"Strangercam\",\"description\":\"Random Video Chat with Strangers\",\"publisher\":{\"@id\":\"https:\\\/\\\/strangercam.com\\\/#organization\"},\"alternateName\":\"Strangercam.com\",\"potentialAction\":[{\"@type\":\"SearchAction\",\"target\":{\"@type\":\"EntryPoint\",\"urlTemplate\":\"https:\\\/\\\/strangercam.com\\\/?s={search_term_string}\"},\"query-input\":{\"@type\":\"PropertyValueSpecification\",\"valueRequired\":true,\"valueName\":\"search_term_string\"}}],\"inLanguage\":\"pt-BR\"},{\"@type\":\"Organization\",\"@id\":\"https:\\\/\\\/strangercam.com\\\/#organization\",\"name\":\"Strangercam\",\"alternateName\":\"Strangercam.com\",\"url\":\"https:\\\/\\\/strangercam.com\\\/\",\"logo\":{\"@type\":\"ImageObject\",\"inLanguage\":\"pt-BR\",\"@id\":\"https:\\\/\\\/strangercam.com\\\/#\\\/schema\\\/logo\\\/image\\\/\",\"url\":\"https:\\\/\\\/strangercam.com\\\/wp-content\\\/uploads\\\/2020\\\/11\\\/cropped-new-favicon-black.png\",\"contentUrl\":\"https:\\\/\\\/strangercam.com\\\/wp-content\\\/uploads\\\/2020\\\/11\\\/cropped-new-favicon-black.png\",\"width\":512,\"height\":512,\"caption\":\"Strangercam\"},\"image\":{\"@id\":\"https:\\\/\\\/strangercam.com\\\/#\\\/schema\\\/logo\\\/image\\\/\"},\"sameAs\":[\"https:\\\/\\\/www.facebook.com\\\/strangercam\",\"https:\\\/\\\/x.com\\\/strangercamapp\"]}]}<\/script>\n<!-- \/ Yoast SEO plugin. -->","yoast_head_json":{"title":"Yesichat - Converse com estranhos em StrangerCam.com","description":"Gosta de Yesichat? Venha conversar com mais de 5.000.000 de desconhecidos no Stranger Cam gratuitamente! Ligue sua c\u00e2mera e encontre novos amigos e talvez um par!","robots":{"index":"index","follow":"follow","max-snippet":"max-snippet:-1","max-image-preview":"max-image-preview:large","max-video-preview":"max-video-preview:-1"},"canonical":"https:\/\/strangercam.com\/pt-br\/yesichat\/","og_locale":"pt_BR","og_type":"article","og_title":"Yesichat - Chat with strangers on StrangerCam.com","og_description":"Like Yesichat? Come chat with more than 5.000.000 strangers on Stranger Cam for Free! Turn on your cam and find new friends & maby a match!","og_url":"https:\/\/strangercam.com\/pt-br\/yesichat\/","og_site_name":"Strangercam","article_publisher":"https:\/\/www.facebook.com\/strangercam","article_modified_time":"2023-08-21T10:47:03+00:00","og_image":[{"width":800,"height":800,"url":"https:\/\/strangercam.com\/wp-content\/uploads\/2020\/11\/stranger-cam-1.png","type":"image\/png"}],"twitter_card":"summary_large_image","twitter_site":"@strangercamapp","twitter_misc":{"Est. tempo de leitura":"6 minutos"},"schema":{"@context":"https:\/\/schema.org","@graph":[{"@type":"WebPage","@id":"https:\/\/strangercam.com\/yesichat\/","url":"https:\/\/strangercam.com\/yesichat\/","name":"Yesichat - Converse com estranhos em StrangerCam.com","isPartOf":{"@id":"https:\/\/strangercam.com\/#website"},"primaryImageOfPage":{"@id":"https:\/\/strangercam.com\/yesichat\/#primaryimage"},"image":{"@id":"https:\/\/strangercam.com\/yesichat\/#primaryimage"},"thumbnailUrl":"https:\/\/strangercam.com\/wp-content\/uploads\/2020\/11\/stranger-cam-1.png","datePublished":"2022-08-11T18:01:47+00:00","dateModified":"2023-08-21T10:47:03+00:00","description":"Gosta de Yesichat? Venha conversar com mais de 5.000.000 de desconhecidos no Stranger Cam gratuitamente! Ligue sua c\u00e2mera e encontre novos amigos e talvez um par!","breadcrumb":{"@id":"https:\/\/strangercam.com\/yesichat\/#breadcrumb"},"inLanguage":"pt-BR","potentialAction":[{"@type":"ReadAction","target":["https:\/\/strangercam.com\/yesichat\/"]}]},{"@type":"ImageObject","inLanguage":"pt-BR","@id":"https:\/\/strangercam.com\/yesichat\/#primaryimage","url":"https:\/\/strangercam.com\/wp-content\/uploads\/2020\/11\/stranger-cam-1.png","contentUrl":"https:\/\/strangercam.com\/wp-content\/uploads\/2020\/11\/stranger-cam-1.png","width":800,"height":800,"caption":"stranger cam random video chat"},{"@type":"BreadcrumbList","@id":"https:\/\/strangercam.com\/yesichat\/#breadcrumb","itemListElement":[{"@type":"ListItem","position":1,"name":"Home","item":"https:\/\/strangercam.com\/"},{"@type":"ListItem","position":2,"name":"Yesichat"}]},{"@type":"WebSite","@id":"https:\/\/strangercam.com\/#website","url":"https:\/\/strangercam.com\/","name":"Strangercam","description":"Bate-papo por v\u00eddeo aleat\u00f3rio com estranhos","publisher":{"@id":"https:\/\/strangercam.com\/#organization"},"alternateName":"Strangercam.com","potentialAction":[{"@type":"SearchAction","target":{"@type":"EntryPoint","urlTemplate":"https:\/\/strangercam.com\/?s={search_term_string}"},"query-input":{"@type":"PropertyValueSpecification","valueRequired":true,"valueName":"search_term_string"}}],"inLanguage":"pt-BR"},{"@type":"Organization","@id":"https:\/\/strangercam.com\/#organization","name":"Strangercam","alternateName":"Strangercam.com","url":"https:\/\/strangercam.com\/","logo":{"@type":"ImageObject","inLanguage":"pt-BR","@id":"https:\/\/strangercam.com\/#\/schema\/logo\/image\/","url":"https:\/\/strangercam.com\/wp-content\/uploads\/2020\/11\/cropped-new-favicon-black.png","contentUrl":"https:\/\/strangercam.com\/wp-content\/uploads\/2020\/11\/cropped-new-favicon-black.png","width":512,"height":512,"caption":"Strangercam"},"image":{"@id":"https:\/\/strangercam.com\/#\/schema\/logo\/image\/"},"sameAs":["https:\/\/www.facebook.com\/strangercam","https:\/\/x.com\/strangercamapp"]}]}},"_links":{"self":[{"href":"https:\/\/strangercam.com\/pt-br\/wp-json\/wp\/v2\/pages\/11261","targetHints":{"allow":["GET"]}}],"collection":[{"href":"https:\/\/strangercam.com\/pt-br\/wp-json\/wp\/v2\/pages"}],"about":[{"href":"https:\/\/strangercam.com\/pt-br\/wp-json\/wp\/v2\/types\/page"}],"author":[{"embeddable":true,"href":"https:\/\/strangercam.com\/pt-br\/wp-json\/wp\/v2\/users\/6"}],"replies":[{"embeddable":true,"href":"https:\/\/strangercam.com\/pt-br\/wp-json\/wp\/v2\/comments?post=11261"}],"version-history":[{"count":0,"href":"https:\/\/strangercam.com\/pt-br\/wp-json\/wp\/v2\/pages\/11261\/revisions"}],"wp:featuredmedia":[{"embeddable":true,"href":"https:\/\/strangercam.com\/pt-br\/wp-json\/wp\/v2\/media\/559"}],"wp:attachment":[{"href":"https:\/\/strangercam.com\/pt-br\/wp-json\/wp\/v2\/media?parent=11261"}],"curies":[{"name":"wp","href":"https:\/\/api.w.org\/{rel}","templated":true}]}}