{"id":11248,"date":"2022-08-11T19:57:16","date_gmt":"2022-08-11T17:57:16","guid":{"rendered":"https:\/\/strangercam.com\/?page_id=11248"},"modified":"2023-08-21T12:38:41","modified_gmt":"2023-08-21T10:38:41","slug":"spinchat","status":"publish","type":"page","link":"https:\/\/strangercam.com\/pt-br\/spinchat\/","title":{"rendered":"Spinchat"},"content":{"rendered":"<p>Se voc\u00ea estiver se sentindo solit\u00e1rio ou apenas quiser conversar com algu\u00e9m, o SpinChat \u00e9 um \u00f3timo lugar para isso. Esse <a href=\"https:\/\/strangercam.com\/pt-br\/chatroulette\/\">bate-papo<\/a> O site permite que voc\u00ea converse com estranhos em todo o mundo, e voc\u00ea nunca sabe quem pode ser <a href=\"https:\/\/strangercam.com\/pt-br\/coomeet\/\">conhecer<\/a>. Voc\u00ea pode fazer um novo amigo ou at\u00e9 mesmo encontrar sua alma g\u00eamea. Ent\u00e3o, por que n\u00e3o tentar?<\/p>\n<h2>O que \u00e9 o spinchat?<\/h2>\n<p>O SpinChat \u00e9 um <a href=\"https:\/\/strangercam.com\/pt-br\/chathub\/\">bate-papo por v\u00eddeo aleat\u00f3rio<\/a> site que permite que voc\u00ea converse com estranhos de todo o mundo. \u00c9 uma \u00f3tima maneira de conhecer novas pessoas e fazer novos amigos. Voc\u00ea tamb\u00e9m pode usar o SpinChat para encontrar o amor ou apenas para se divertir.<\/p>\n<h2>Como usar o spinchat?<\/h2>\n<p>Se voc\u00ea est\u00e1 procurando uma maneira f\u00e1cil e divertida de conhecer novas pessoas, experimente o spinchat! Veja como us\u00e1-lo:<\/p>\n<ul>\n<li style=\"font-weight: 400;\" aria-level=\"1\">Acesse o site do spinchat e crie uma conta.<\/li>\n<li style=\"font-weight: 400;\" aria-level=\"1\">Quando estiver conectado, voc\u00ea poder\u00e1 ver uma lista de todas as salas de bate-papo dispon\u00edveis.<\/li>\n<li style=\"font-weight: 400;\" aria-level=\"1\">Escolha a sala que lhe interessa e comece a conversar!<\/li>\n<li style=\"font-weight: 400;\" aria-level=\"1\">Para tornar as coisas mais interessantes, tente usar o modo an\u00f4nimo para que sua identidade fique oculta.<\/li>\n<li style=\"font-weight: 400;\" aria-level=\"1\">Divirta-se e fa\u00e7a novos amigos!<\/li>\n<\/ul>\n<h2>Os benef\u00edcios de usar o spinchat<\/h2>\n<p>H\u00e1 muitos benef\u00edcios em usar o spinchat, incluindo a capacidade de se conectar com pessoas de todo o mundo. Com o spinchat, voc\u00ea pode conversar com estranhos em um ambiente seguro e protegido. Essa pode ser uma \u00f3tima maneira de fazer novos amigos ou at\u00e9 mesmo encontrar um parceiro rom\u00e2ntico. Al\u00e9m disso, o spinchat \u00e9 uma \u00f3tima maneira de aprender sobre outras culturas e obter informa\u00e7\u00f5es sobre diferentes partes do mundo.<\/p>\n<h2>Os perigos de usar o spinchat<\/h2>\n<p>H\u00e1 muitos perigos associados ao uso do spinchat, um site de rede social que permite que os usu\u00e1rios se comuniquem com estranhos. Alguns desses perigos incluem:<\/p>\n<ul>\n<li style=\"font-weight: 400;\" aria-level=\"1\">Predadores: H\u00e1 predadores que usam o spinchat para se aproveitar de crian\u00e7as e adultos vulner\u00e1veis. Eles podem fingir ser algu\u00e9m que n\u00e3o s\u00e3o para ganhar sua confian\u00e7a e depois explor\u00e1-lo emocional ou sexualmente.<\/li>\n<li style=\"font-weight: 400;\" aria-level=\"1\">Cyberbullying: Voc\u00ea pode ser v\u00edtima de cyberbullying no spinchat por algu\u00e9m que n\u00e3o gosta de voc\u00ea ou n\u00e3o concorda com voc\u00ea. Isso pode ser muito prejudicial e fazer com que voc\u00ea se sinta isolado.<\/li>\n<li style=\"font-weight: 400;\" aria-level=\"1\">Golpes e fraudes: Tamb\u00e9m h\u00e1 golpistas no spinchat que tentar\u00e3o induzi-lo a fornecer dinheiro ou informa\u00e7\u00f5es pessoais. Eles podem se passar por outra pessoa para ganhar sua confian\u00e7a e depois roub\u00e1-lo.<\/li>\n<li style=\"font-weight: 400;\" aria-level=\"1\">V\u00edrus e malware: voc\u00ea tamb\u00e9m pode baixar inadvertidamente v\u00edrus ou malware em seu computador ao usar o spinchat. Isso pode danificar seu computador e colocar suas informa\u00e7\u00f5es pessoais em risco.<\/li>\n<li style=\"font-weight: 400;\" aria-level=\"1\">V\u00edcio: Algumas pessoas se tornam viciadas no spinchat e passam o tempo todo conversando com estranhos em vez de fazer coisas mais produtivas. Isso pode levar a problemas na vida real, como perder oportunidades de emprego ou negligenciar amigos e familiares.<\/li>\n<\/ul>\n<h2>Pr\u00f3s e contras do spinchat<\/h2>\n<p>Se voc\u00ea est\u00e1 procurando uma maneira de se conectar com pessoas de todo o mundo, talvez esteja se perguntando se o SpinChat \u00e9 a plataforma certa para voc\u00ea. Nesta publica\u00e7\u00e3o do blog, daremos uma olhada nos pr\u00f3s e contras do uso do SpinChat para que voc\u00ea possa decidir por si mesmo se ele \u00e9 adequado para voc\u00ea.<\/p>\n<p>No lado positivo, o SpinChat oferece uma \u00f3tima maneira de se conectar com pessoas de todos os cantos do mundo. Voc\u00ea pode participar de salas de bate-papo sobre uma variedade de t\u00f3picos ou iniciar sua pr\u00f3pria sala de bate-papo e convidar pessoas para participar. Tamb\u00e9m \u00e9 poss\u00edvel enviar mensagens privadas para outros usu\u00e1rios da plataforma.<\/p>\n<p>Outra vantagem do SpinChat \u00e9 o fato de ser uma plataforma gratuita. Voc\u00ea n\u00e3o precisa pagar nada para se inscrever ou usar os recursos do site.<\/p>\n<p>No entanto, tamb\u00e9m h\u00e1 algumas desvantagens no uso do SpinChat. Uma desvantagem \u00e9 que o site n\u00e3o tem nenhum recurso para ajud\u00e1-lo a verificar as pessoas com quem voc\u00ea est\u00e1 conversando. Isso significa que voc\u00ea pode acabar conversando com algu\u00e9m que n\u00e3o \u00e9 quem diz ser ou que tem inten\u00e7\u00f5es maliciosas.<\/p>\n<p>Outra poss\u00edvel desvantagem \u00e9 que o SpinChat n\u00e3o tem nenhum tipo de suporte ativo ao cliente.<\/p>\n<h2>Como aproveitar ao m\u00e1ximo o spinchat?<\/h2>\n<p>Se voc\u00ea deseja conversar com estranhos e fazer novos amigos, o spinchat \u00e9 um \u00f3timo lugar para come\u00e7ar. Aqui est\u00e3o algumas dicas para ajud\u00e1-lo a tirar o m\u00e1ximo proveito de sua experi\u00eancia:<\/p>\n<ul>\n<li style=\"font-weight: 400;\" aria-level=\"1\">Seja voc\u00ea mesmo - n\u00e3o h\u00e1 necessidade de criar uma persona ou agir como algu\u00e9m que voc\u00ea n\u00e3o \u00e9. Basta ser voc\u00ea mesmo e ser\u00e1 muito mais f\u00e1cil se conectar com os outros. Basta ser voc\u00ea mesmo e ser\u00e1 muito mais f\u00e1cil se conectar com os outros.<\/li>\n<li style=\"font-weight: 400;\" aria-level=\"1\">Fa\u00e7a perguntas - as pessoas adoram falar sobre si mesmas, portanto, fa\u00e7a muitas perguntas para que as conversas fluam.<\/li>\n<li style=\"font-weight: 400;\" aria-level=\"1\">Seja respeitoso - lembre-se de que todos com quem voc\u00ea conversa s\u00e3o pessoas reais, assim como voc\u00ea, portanto, trate-os com respeito e cortesia.<\/li>\n<li style=\"font-weight: 400;\" aria-level=\"1\">\u00a0Divirta-se! - Conversar com novas pessoas pode ser agrad\u00e1vel, portanto, relaxe e divirta-se!<\/li>\n<\/ul>\n<h2>O que conversar com estranhos em um bate-papo por v\u00eddeo?<\/h2>\n<p>No mundo de hoje, \u00e9 f\u00e1cil se sentir desconectado e sozinho. Com toda a tecnologia que temos na ponta dos dedos, \u00e9 f\u00e1cil passar a vida sem nunca se conectar com algu\u00e9m em um n\u00edvel mais profundo. \u00c9 por isso que o bate-papo por v\u00eddeo pode ser uma \u00f3tima maneira de se conectar com outras pessoas.<\/p>\n<p>Quando estiver conversando com estranhos no <a href=\"https:\/\/strangercam.com\/pt-br\/rabbit-video-chat\/\">bate-papo por v\u00eddeo<\/a>Se voc\u00ea estiver em um ambiente de trabalho, h\u00e1 in\u00fameras possibilidades de conversas interessantes. Se voc\u00ea quiser falar sobre eventos atuais, cultura pop ou apenas sobre sua vida cotidiana, com certeza haver\u00e1 algo para conversar. E quem sabe? Talvez voc\u00ea fa\u00e7a um novo amigo no processo.<\/p>\n<h2>Por que o spinchat \u00e9 uma plataforma de bate-papo por v\u00eddeo aleat\u00f3ria t\u00e3o popular?<\/h2>\n<p>H\u00e1 muitos motivos pelos quais o spinchat \u00e9 uma plataforma de bate-papo por v\u00eddeo aleat\u00f3rio t\u00e3o popular. Um deles \u00e9 o fato de ser de uso gratuito. Outro motivo \u00e9 que \u00e9 f\u00e1cil de usar e n\u00e3o requer nenhum registro. Por fim, ele oferece aos usu\u00e1rios uma \u00f3tima maneira de conhecer novas pessoas e fazer novos amigos.<\/p>\n<h2>Como se manter seguro no spinchat<\/h2>\n<p>O Spinchat \u00e9 uma \u00f3tima plataforma para conhecer novas pessoas e fazer amigos. No entanto, \u00e9 importante manter-se seguro ao conversar com estranhos on-line. Aqui est\u00e3o algumas dicas para ajud\u00e1-lo a se manter seguro no spinchat:<\/p>\n<ul>\n<li style=\"font-weight: 400;\" aria-level=\"1\">N\u00e3o forne\u00e7a informa\u00e7\u00f5es pessoais. Isso inclui seu nome completo, endere\u00e7o, n\u00famero de telefone, etc.<\/li>\n<li style=\"font-weight: 400;\" aria-level=\"1\">Se algu\u00e9m fizer voc\u00ea se sentir desconfort\u00e1vel, bloqueie-o e denuncie-o aos moderadores.<\/li>\n<li style=\"font-weight: 400;\" aria-level=\"1\">N\u00e3o se encontre com algu\u00e9m que voc\u00ea <a href=\"https:\/\/strangercam.com\/pt-br\/chamine\/\">atendidas<\/a> online em pessoa.<\/li>\n<li style=\"font-weight: 400;\" aria-level=\"1\">Use o recurso de mensagens privadas para conversar com pessoas que voc\u00ea conhece e confia.<\/li>\n<\/ul>\n<p>Seguindo essas dicas simples de seguran\u00e7a, voc\u00ea pode se divertir muito no spinchat e se manter seguro.<\/p>\n<h2>Conclus\u00e3o<\/h2>\n<p>Um dos melhores aspectos da m\u00eddia social \u00e9 a capacidade de se conectar com pessoas de todo o mundo que pensam da mesma forma. Se voc\u00ea est\u00e1 procurando amizade, aconselhamento profissional ou apenas algu\u00e9m para conversar, h\u00e1 muitas comunidades que atendem \u00e0s suas necessidades. Um \u00f3timo exemplo \u00e9 o spinchat, uma plataforma que permite que os usu\u00e1rios conversem com estranhos por meio de bate-papo com v\u00eddeo. Se voc\u00ea estiver se sentindo perdido e n\u00e3o souber a quem recorrer, experimente o spinchat!<\/p>","protected":false},"excerpt":{"rendered":"<p>If you&#8217;re feeling lonely or just want to talk to someone, SpinChat is a great place to do it. This chat site lets you talk to strangers all over the world, and you never know who you might meet. You might make a new friend, or even find your soulmate. So why not give it [&hellip;]<\/p>\n","protected":false},"author":6,"featured_media":559,"parent":0,"menu_order":0,"comment_status":"closed","ping_status":"closed","template":"","meta":{"footnotes":""},"class_list":["post-11248","page","type-page","status-publish","has-post-thumbnail","hentry"],"yoast_head":"<!-- This site is optimized with the Yoast SEO plugin v26.9 - https:\/\/yoast.com\/product\/yoast-seo-wordpress\/ -->\n<title>Spinchat - Chat with strangers on StrangerCam.com<\/title>\n<meta name=\"description\" content=\"Like Spinchat? Come chat with more than 5.000.000 strangers on Stranger Cam for Free! Turn on your cam and find new friends &amp; maby a match!\" \/>\n<meta name=\"robots\" content=\"index, follow, max-snippet:-1, max-image-preview:large, max-video-preview:-1\" \/>\n<link rel=\"canonical\" href=\"https:\/\/strangercam.com\/pt-br\/spinchat\/\" \/>\n<meta property=\"og:locale\" content=\"pt_BR\" \/>\n<meta property=\"og:type\" content=\"article\" \/>\n<meta property=\"og:title\" content=\"Spinchat - Chat with strangers on StrangerCam.com\" \/>\n<meta property=\"og:description\" content=\"Like Spinchat? Come chat with more than 5.000.000 strangers on Stranger Cam for Free! Turn on your cam and find new friends &amp; maby a match!\" \/>\n<meta property=\"og:url\" content=\"https:\/\/strangercam.com\/pt-br\/spinchat\/\" \/>\n<meta property=\"og:site_name\" content=\"Strangercam\" \/>\n<meta property=\"article:publisher\" content=\"https:\/\/www.facebook.com\/strangercam\" \/>\n<meta property=\"article:modified_time\" content=\"2023-08-21T10:38:41+00:00\" \/>\n<meta property=\"og:image\" content=\"https:\/\/strangercam.com\/wp-content\/uploads\/2020\/11\/stranger-cam-1.png\" \/>\n\t<meta property=\"og:image:width\" content=\"800\" \/>\n\t<meta property=\"og:image:height\" content=\"800\" \/>\n\t<meta property=\"og:image:type\" content=\"image\/png\" \/>\n<meta name=\"twitter:card\" content=\"summary_large_image\" \/>\n<meta name=\"twitter:site\" content=\"@strangercamapp\" \/>\n<meta name=\"twitter:label1\" content=\"Est. tempo de leitura\" \/>\n\t<meta name=\"twitter:data1\" content=\"6 minutos\" \/>\n<script type=\"application\/ld+json\" class=\"yoast-schema-graph\">{\"@context\":\"https:\/\/schema.org\",\"@graph\":[{\"@type\":\"WebPage\",\"@id\":\"https:\/\/strangercam.com\/spinchat\/\",\"url\":\"https:\/\/strangercam.com\/spinchat\/\",\"name\":\"Spinchat - Chat with strangers on StrangerCam.com\",\"isPartOf\":{\"@id\":\"https:\/\/strangercam.com\/#website\"},\"primaryImageOfPage\":{\"@id\":\"https:\/\/strangercam.com\/spinchat\/#primaryimage\"},\"image\":{\"@id\":\"https:\/\/strangercam.com\/spinchat\/#primaryimage\"},\"thumbnailUrl\":\"https:\/\/strangercam.com\/wp-content\/uploads\/2020\/11\/stranger-cam-1.png\",\"datePublished\":\"2022-08-11T17:57:16+00:00\",\"dateModified\":\"2023-08-21T10:38:41+00:00\",\"description\":\"Like Spinchat? Come chat with more than 5.000.000 strangers on Stranger Cam for Free! Turn on your cam and find new friends & maby a match!\",\"breadcrumb\":{\"@id\":\"https:\/\/strangercam.com\/spinchat\/#breadcrumb\"},\"inLanguage\":\"pt-BR\",\"potentialAction\":[{\"@type\":\"ReadAction\",\"target\":[\"https:\/\/strangercam.com\/spinchat\/\"]}]},{\"@type\":\"ImageObject\",\"inLanguage\":\"pt-BR\",\"@id\":\"https:\/\/strangercam.com\/spinchat\/#primaryimage\",\"url\":\"https:\/\/strangercam.com\/wp-content\/uploads\/2020\/11\/stranger-cam-1.png\",\"contentUrl\":\"https:\/\/strangercam.com\/wp-content\/uploads\/2020\/11\/stranger-cam-1.png\",\"width\":800,\"height\":800,\"caption\":\"stranger cam random video chat\"},{\"@type\":\"BreadcrumbList\",\"@id\":\"https:\/\/strangercam.com\/spinchat\/#breadcrumb\",\"itemListElement\":[{\"@type\":\"ListItem\",\"position\":1,\"name\":\"Home\",\"item\":\"https:\/\/strangercam.com\/\"},{\"@type\":\"ListItem\",\"position\":2,\"name\":\"Spinchat\"}]},{\"@type\":\"WebSite\",\"@id\":\"https:\/\/strangercam.com\/#website\",\"url\":\"https:\/\/strangercam.com\/\",\"name\":\"Strangercam\",\"description\":\"Random Video Chat with Strangers\",\"publisher\":{\"@id\":\"https:\/\/strangercam.com\/#organization\"},\"alternateName\":\"Strangercam.com\",\"potentialAction\":[{\"@type\":\"SearchAction\",\"target\":{\"@type\":\"EntryPoint\",\"urlTemplate\":\"https:\/\/strangercam.com\/?s={search_term_string}\"},\"query-input\":{\"@type\":\"PropertyValueSpecification\",\"valueRequired\":true,\"valueName\":\"search_term_string\"}}],\"inLanguage\":\"pt-BR\"},{\"@type\":\"Organization\",\"@id\":\"https:\/\/strangercam.com\/#organization\",\"name\":\"Strangercam\",\"alternateName\":\"Strangercam.com\",\"url\":\"https:\/\/strangercam.com\/\",\"logo\":{\"@type\":\"ImageObject\",\"inLanguage\":\"pt-BR\",\"@id\":\"https:\/\/strangercam.com\/#\/schema\/logo\/image\/\",\"url\":\"https:\/\/strangercam.com\/wp-content\/uploads\/2020\/11\/cropped-new-favicon-black.png\",\"contentUrl\":\"https:\/\/strangercam.com\/wp-content\/uploads\/2020\/11\/cropped-new-favicon-black.png\",\"width\":512,\"height\":512,\"caption\":\"Strangercam\"},\"image\":{\"@id\":\"https:\/\/strangercam.com\/#\/schema\/logo\/image\/\"},\"sameAs\":[\"https:\/\/www.facebook.com\/strangercam\",\"https:\/\/x.com\/strangercamapp\"]}]}<\/script>\n<!-- \/ Yoast SEO plugin. -->","yoast_head_json":{"title":"Spinchat - Converse com estranhos em StrangerCam.com","description":"Gosta do Spinchat? Venha bater papo com mais de 5.000.000 de desconhecidos no Stranger Cam de gra\u00e7a! Ligue sua c\u00e2mera e encontre novos amigos e talvez um par!","robots":{"index":"index","follow":"follow","max-snippet":"max-snippet:-1","max-image-preview":"max-image-preview:large","max-video-preview":"max-video-preview:-1"},"canonical":"https:\/\/strangercam.com\/pt-br\/spinchat\/","og_locale":"pt_BR","og_type":"article","og_title":"Spinchat - Chat with strangers on StrangerCam.com","og_description":"Like Spinchat? Come chat with more than 5.000.000 strangers on Stranger Cam for Free! Turn on your cam and find new friends & maby a match!","og_url":"https:\/\/strangercam.com\/pt-br\/spinchat\/","og_site_name":"Strangercam","article_publisher":"https:\/\/www.facebook.com\/strangercam","article_modified_time":"2023-08-21T10:38:41+00:00","og_image":[{"width":800,"height":800,"url":"https:\/\/strangercam.com\/wp-content\/uploads\/2020\/11\/stranger-cam-1.png","type":"image\/png"}],"twitter_card":"summary_large_image","twitter_site":"@strangercamapp","twitter_misc":{"Est. tempo de leitura":"6 minutos"},"schema":{"@context":"https:\/\/schema.org","@graph":[{"@type":"WebPage","@id":"https:\/\/strangercam.com\/spinchat\/","url":"https:\/\/strangercam.com\/spinchat\/","name":"Spinchat - Converse com estranhos em StrangerCam.com","isPartOf":{"@id":"https:\/\/strangercam.com\/#website"},"primaryImageOfPage":{"@id":"https:\/\/strangercam.com\/spinchat\/#primaryimage"},"image":{"@id":"https:\/\/strangercam.com\/spinchat\/#primaryimage"},"thumbnailUrl":"https:\/\/strangercam.com\/wp-content\/uploads\/2020\/11\/stranger-cam-1.png","datePublished":"2022-08-11T17:57:16+00:00","dateModified":"2023-08-21T10:38:41+00:00","description":"Gosta do Spinchat? Venha bater papo com mais de 5.000.000 de desconhecidos no Stranger Cam de gra\u00e7a! Ligue sua c\u00e2mera e encontre novos amigos e talvez um par!","breadcrumb":{"@id":"https:\/\/strangercam.com\/spinchat\/#breadcrumb"},"inLanguage":"pt-BR","potentialAction":[{"@type":"ReadAction","target":["https:\/\/strangercam.com\/spinchat\/"]}]},{"@type":"ImageObject","inLanguage":"pt-BR","@id":"https:\/\/strangercam.com\/spinchat\/#primaryimage","url":"https:\/\/strangercam.com\/wp-content\/uploads\/2020\/11\/stranger-cam-1.png","contentUrl":"https:\/\/strangercam.com\/wp-content\/uploads\/2020\/11\/stranger-cam-1.png","width":800,"height":800,"caption":"stranger cam random video chat"},{"@type":"BreadcrumbList","@id":"https:\/\/strangercam.com\/spinchat\/#breadcrumb","itemListElement":[{"@type":"ListItem","position":1,"name":"Home","item":"https:\/\/strangercam.com\/"},{"@type":"ListItem","position":2,"name":"Spinchat"}]},{"@type":"WebSite","@id":"https:\/\/strangercam.com\/#website","url":"https:\/\/strangercam.com\/","name":"Strangercam","description":"Bate-papo por v\u00eddeo aleat\u00f3rio com estranhos","publisher":{"@id":"https:\/\/strangercam.com\/#organization"},"alternateName":"Strangercam.com","potentialAction":[{"@type":"SearchAction","target":{"@type":"EntryPoint","urlTemplate":"https:\/\/strangercam.com\/?s={search_term_string}"},"query-input":{"@type":"PropertyValueSpecification","valueRequired":true,"valueName":"search_term_string"}}],"inLanguage":"pt-BR"},{"@type":"Organization","@id":"https:\/\/strangercam.com\/#organization","name":"Strangercam","alternateName":"Strangercam.com","url":"https:\/\/strangercam.com\/","logo":{"@type":"ImageObject","inLanguage":"pt-BR","@id":"https:\/\/strangercam.com\/#\/schema\/logo\/image\/","url":"https:\/\/strangercam.com\/wp-content\/uploads\/2020\/11\/cropped-new-favicon-black.png","contentUrl":"https:\/\/strangercam.com\/wp-content\/uploads\/2020\/11\/cropped-new-favicon-black.png","width":512,"height":512,"caption":"Strangercam"},"image":{"@id":"https:\/\/strangercam.com\/#\/schema\/logo\/image\/"},"sameAs":["https:\/\/www.facebook.com\/strangercam","https:\/\/x.com\/strangercamapp"]}]}},"_links":{"self":[{"href":"https:\/\/strangercam.com\/pt-br\/wp-json\/wp\/v2\/pages\/11248","targetHints":{"allow":["GET"]}}],"collection":[{"href":"https:\/\/strangercam.com\/pt-br\/wp-json\/wp\/v2\/pages"}],"about":[{"href":"https:\/\/strangercam.com\/pt-br\/wp-json\/wp\/v2\/types\/page"}],"author":[{"embeddable":true,"href":"https:\/\/strangercam.com\/pt-br\/wp-json\/wp\/v2\/users\/6"}],"replies":[{"embeddable":true,"href":"https:\/\/strangercam.com\/pt-br\/wp-json\/wp\/v2\/comments?post=11248"}],"version-history":[{"count":0,"href":"https:\/\/strangercam.com\/pt-br\/wp-json\/wp\/v2\/pages\/11248\/revisions"}],"wp:featuredmedia":[{"embeddable":true,"href":"https:\/\/strangercam.com\/pt-br\/wp-json\/wp\/v2\/media\/559"}],"wp:attachment":[{"href":"https:\/\/strangercam.com\/pt-br\/wp-json\/wp\/v2\/media?parent=11248"}],"curies":[{"name":"wp","href":"https:\/\/api.w.org\/{rel}","templated":true}]}}