{"id":11221,"date":"2022-08-11T16:07:53","date_gmt":"2022-08-11T14:07:53","guid":{"rendered":"https:\/\/strangercam.com\/?page_id=11221"},"modified":"2023-08-21T12:24:42","modified_gmt":"2023-08-21T10:24:42","slug":"meetme","status":"publish","type":"page","link":"https:\/\/strangercam.com\/pt-br\/meetme\/","title":{"rendered":"Meetme"},"content":{"rendered":"<p>Se voc\u00ea estiver procurando uma nova maneira de <a href=\"https:\/\/strangercam.com\/pt-br\/coomeet\/\">conhecer<\/a> pessoas e <a href=\"https:\/\/strangercam.com\/pt-br\/flingster\/\">flertar<\/a> com estranhos, ent\u00e3o voc\u00ea deve dar uma olhada no meetme. Esse aplicativo permite que voc\u00ea se conecte com pessoas pr\u00f3ximas a voc\u00ea que tamb\u00e9m est\u00e3o procurando novos amigos ou um parceiro rom\u00e2ntico. Voc\u00ea pode <a href=\"https:\/\/strangercam.com\/pt-br\/chatroulette\/\">bate-papo<\/a> com eles, compartilhe fotos e interesses e at\u00e9 mesmo se encontrem pessoalmente se ambos estiverem interessados. Ent\u00e3o, por que n\u00e3o tentar? Nunca se sabe quem voc\u00ea poder\u00e1 conhecer!<\/p>\n<h2>O que \u00e9 meetme?<\/h2>\n<p>Meetme \u00e9 um <a href=\"https:\/\/strangercam.com\/pt-br\/chathub\/\">bate-papo por v\u00eddeo aleat\u00f3rio<\/a> site que permite que voc\u00ea conhe\u00e7a novas pessoas e flerte com estranhos. \u00c9 uma \u00f3tima maneira de conhecer novos amigos ou poss\u00edveis parceiros. Voc\u00ea tamb\u00e9m pode usar o meetme para encontrar pessoas com interesses semelhantes ou para iniciar uma conversa com algu\u00e9m de seu interesse.<\/p>\n<h2>Como usar o meetme<\/h2>\n<p>Se estiver procurando uma nova maneira de conhecer pessoas e flertar com estranhos, voc\u00ea deve conhecer o meetme. \u00c9 uma \u00f3tima maneira de se conectar com novas pessoas e potencialmente encontrar o amor. Veja como usar o meetme:<\/p>\n<ul>\n<li style=\"font-weight: 400;\" aria-level=\"1\">Primeiro, crie um perfil inscrevendo-se com seu endere\u00e7o de e-mail ou conectando sua conta do Facebook. Certifique-se de adicionar uma foto e algumas informa\u00e7\u00f5es b\u00e1sicas sobre voc\u00ea para que as pessoas possam conhec\u00ea-lo.<\/li>\n<li style=\"font-weight: 400;\" aria-level=\"1\">Depois de criar um perfil, comece a navegar pelos perfis de outros usu\u00e1rios. Quando encontrar algu\u00e9m de seu interesse, envie uma mensagem e veja se ele est\u00e1 interessado em conversar.<\/li>\n<li style=\"font-weight: 400;\" aria-level=\"1\">Se voc\u00ea se der bem com algu\u00e9m, pode come\u00e7ar a flertar com essa pessoa. Isso pode ser qualquer coisa, desde elogios at\u00e9 brincadeiras. Apenas se divirta e veja onde as coisas v\u00e3o parar!<\/li>\n<li style=\"font-weight: 400;\" aria-level=\"1\">Se as coisas parecerem estar indo bem, voc\u00ea pode convidar a pessoa para um encontro. Apenas certifique-se de que ambos estejam na mesma p\u00e1gina sobre o que est\u00e3o procurando antes de se encontrarem pessoalmente.<\/li>\n<li style=\"font-weight: 400;\" aria-level=\"1\">E \u00e9 isso! Use o meetme para conhecer novas pessoas e flertar com estranhos em um ambiente seguro e divertido.<\/li>\n<\/ul>\n<h2>Os pr\u00f3s e contras do meetme<\/h2>\n<p>H\u00e1 aspectos positivos e negativos no aplicativo meetme. Por um lado, ele pode ser uma \u00f3tima maneira de conhecer novas pessoas e fazer novos amigos. Por outro lado, h\u00e1 tamb\u00e9m a possibilidade de conhecer estranhos perigosos. \u00c9 importante estar ciente dos pr\u00f3s e contras antes de usar esse aplicativo.<\/p>\n<p>O bom do meetme \u00e9 que voc\u00ea pode conversar com pessoas de todo o mundo. Isso lhe d\u00e1 a oportunidade de aprender sobre diferentes culturas e fazer novos amigos. Voc\u00ea tamb\u00e9m pode flertar com as pessoas no meetme, o que pode ser divertido se voc\u00ea for solteiro e estiver procurando um encontro.<\/p>\n<p>A desvantagem do meetme \u00e9 que voc\u00ea pode conhecer estranhos perigosos. Como voc\u00ea est\u00e1 conversando com pessoas que n\u00e3o conhece, \u00e9 importante ter cuidado com as informa\u00e7\u00f5es que compartilha. Voc\u00ea nunca deve fornecer suas informa\u00e7\u00f5es pessoais ou concordar em encontrar algu\u00e9m pessoalmente, a menos que tenha certeza absoluta de que a pessoa \u00e9 segura.<\/p>\n<p>De modo geral, o meetme pode ser uma \u00f3tima maneira de conhecer novas pessoas e se divertir. Entretanto, \u00e9 importante estar ciente dos riscos antes de usar esse aplicativo.<\/p>\n<h2>Por que a meetme \u00e9 uma plataforma de bate-papo por v\u00eddeo aleat\u00f3rio t\u00e3o popular?<\/h2>\n<p>H\u00e1 muitas raz\u00f5es pelas quais o meetme \u00e9 uma plataforma de bate-papo por v\u00eddeo aleat\u00f3rio t\u00e3o popular. Em primeiro lugar, ela \u00e9 incrivelmente f\u00e1cil de usar. Voc\u00ea n\u00e3o precisa se inscrever em uma conta ou algo do g\u00eanero. Basta abrir o aplicativo e come\u00e7ar a conversar com pessoas de todo o mundo.<\/p>\n<p>Outro motivo pelo qual o meetme \u00e9 t\u00e3o popular \u00e9 o fato de ser an\u00f4nimo. Voc\u00ea n\u00e3o precisa fornecer seu nome ou qualquer informa\u00e7\u00e3o pessoal quando o utiliza. Isso o torna uma \u00f3tima plataforma para pessoas que querem conversar com estranhos sem revelar muito sobre si mesmas.<\/p>\n<p>Por fim, o meetme \u00e9 popular porque \u00e9 uma \u00f3tima maneira de conhecer novas pessoas e fazer novos amigos. Voc\u00ea pode conversar com pessoas de todo o mundo e conhec\u00ea-las melhor. Se estiver procurando um novo amigo ou um poss\u00edvel parceiro rom\u00e2ntico, o meetme \u00e9 um \u00f3timo lugar para come\u00e7ar.<\/p>\n<h2>Como aproveitar ao m\u00e1ximo o meetme?<\/h2>\n<p>Se estiver procurando por amor ou apenas por divers\u00e3o, n\u00e3o h\u00e1 como errar com o meetme. Esse site de rede social permite que voc\u00ea conhe\u00e7a novas pessoas e flerte com estranhos em um ambiente seguro e divertido. Aqui est\u00e3o algumas dicas para ajud\u00e1-lo a tirar o m\u00e1ximo proveito de sua experi\u00eancia no meetme:<\/p>\n<ol>\n<li style=\"font-weight: 400;\" aria-level=\"1\">Complete seu perfil. Quanto mais informa\u00e7\u00f5es voc\u00ea fornecer sobre si mesmo, mais f\u00e1cil ser\u00e1 para as pessoas o encontrarem e se conectarem com voc\u00ea. N\u00e3o se esque\u00e7a de incluir uma foto recente para que as pessoas possam ver como voc\u00ea \u00e9.<\/li>\n<li style=\"font-weight: 400;\" aria-level=\"1\">Use o recurso de busca. O meetme tem um \u00f3timo recurso de busca que permite encontrar pessoas que compartilham seus interesses e que moram perto de voc\u00ea. Use o recurso de pesquisa para encontrar poss\u00edveis parceiros e come\u00e7ar a conversar com eles.<\/li>\n<li style=\"font-weight: 400;\" aria-level=\"1\">N\u00e3o tenha medo de flertar. O flerte \u00e9 uma \u00f3tima maneira de conhecer melhor uma pessoa. Se estiver se sentindo ousado, tente enviar uma mensagem privada ou flertar com algu\u00e9m em salas de bate-papo p\u00fablicas. N\u00e3o se esque\u00e7a de ter cuidado com suas maneiras e manter as coisas leves para que ningu\u00e9m se sinta desconfort\u00e1vel.<\/li>\n<li style=\"font-weight: 400;\" aria-level=\"1\">Encontre-se pessoalmente. Depois de conhecer uma pessoa razoavelmente bem on-line, \u00e9 hora de colocar as coisas no mundo off-line e se encontrar pessoalmente. Encontros<\/li>\n<\/ol>\n<h2>O que esperar ao usar uma plataforma de bate-papo por v\u00eddeo aleat\u00f3rio?<\/h2>\n<p>Ao usar uma plataforma de bate-papo por v\u00eddeo aleat\u00f3rio como a meetme, voc\u00ea pode esperar conhecer novas pessoas de todo o mundo. Voc\u00ea poder\u00e1 conversar com elas e conhec\u00ea-las melhor. Voc\u00ea pode at\u00e9 acabar flertando com elas!<\/p>\n<h2>Vantagens de usar um bate-papo por v\u00eddeo aleat\u00f3rio<\/h2>\n<p>H\u00e1 muitas vantagens em usar um servi\u00e7o de bate-papo por v\u00eddeo aleat\u00f3rio como o meetme. Por um lado, \u00e9 uma \u00f3tima maneira de conhecer novas pessoas de todo o mundo. Voc\u00ea nunca sabe quem vai conhecer ou de onde elas s\u00e3o, o que pode gerar conversas interessantes.<\/p>\n<p>Outra vantagem \u00e9 que essa \u00e9 uma \u00f3tima maneira de praticar suas habilidades sociais. Se voc\u00ea for t\u00edmido ou n\u00e3o for muito bom em conversar com as pessoas, um bate-papo por v\u00eddeo aleat\u00f3rio pode ser uma \u00f3tima maneira de praticar. Voc\u00ea tamb\u00e9m pode aprender mais sobre linguagem corporal e como interpretar outras pessoas conversando com elas on-line.<\/p>\n<p>Por fim, um bate-papo por v\u00eddeo aleat\u00f3rio pode ser muito divertido. \u00c9 uma \u00f3tima maneira de passar o tempo e conhecer pessoas novas e interessantes. Portanto, se estiver procurando algo para fazer, por que n\u00e3o tentar?<\/p>\n<h2>\u00c9 seguro us\u00e1-lo?<\/h2>\n<p>H\u00e1 muitas pessoas que est\u00e3o procurando amor, companhia e at\u00e9 mesmo apenas um encontro. Mas ser\u00e1 que \u00e9 realmente seguro conhecer algu\u00e9m on-line e flertar com essa pessoa? H\u00e1 muitos riscos associados a conhecer algu\u00e9m on-line, mas tamb\u00e9m h\u00e1 muitas recompensas. Voc\u00ea s\u00f3 precisa ter cuidado e usar seu bom senso.<\/p>\n<p>Se estiver em busca de amor, conhecer algu\u00e9m on-line pode ser uma \u00f3tima maneira de encontrar sua alma g\u00eamea. Mas \u00e9 preciso ter cuidado com quem voc\u00ea est\u00e1 conversando e com o quanto voc\u00ea revela sobre si mesmo. \u00c9 importante lembrar que nem todo mundo \u00e9 quem diz ser on-line. H\u00e1 muitos predadores por a\u00ed que querem tirar proveito das pessoas. Portanto, voc\u00ea precisa ter cuidado com quem est\u00e1 falando e certificar-se de que n\u00e3o est\u00e1 revelando muito sobre si mesmo.<\/p>\n<p>Se voc\u00ea estiver procurando apenas um encontro, conhecer algu\u00e9m on-line pode ser uma \u00f3tima maneira de conseguir o que deseja. Mas, novamente, voc\u00ea precisa ter cuidado com quem est\u00e1 conversando e com o quanto revela sobre si mesmo.<\/p>\n<h2>Como se manter seguro no meetme<\/h2>\n<p>Se voc\u00ea deseja conhecer novas pessoas e talvez at\u00e9 flertar com alguns estranhos, o meetme \u00e9 uma \u00f3tima op\u00e7\u00e3o. Entretanto, \u00e9 importante manter-se seguro ao usar esse ou qualquer outro aplicativo de namoro. Aqui est\u00e3o algumas dicas para ajud\u00e1-lo a se manter seguro ao usar o meetme:<\/p>\n<ul>\n<li style=\"font-weight: 400;\" aria-level=\"1\">N\u00e3o forne\u00e7a muitas informa\u00e7\u00f5es pessoais. Quando estiver conhecendo algu\u00e9m pela primeira vez, \u00e9 melhor manter em sigilo informa\u00e7\u00f5es como seu endere\u00e7o e n\u00famero de telefone.<\/li>\n<li style=\"font-weight: 400;\" aria-level=\"1\">Seja cauteloso com quem voc\u00ea encontra pessoalmente. Se decidir conhecer algu\u00e9m da meetme pessoalmente, certifique-se de faz\u00ea-lo em um local p\u00fablico e informe a um amigo ou familiar onde voc\u00ea estar\u00e1.<\/li>\n<li style=\"font-weight: 400;\" aria-level=\"1\">N\u00e3o envie dinheiro ou presentes para algu\u00e9m que voc\u00ea <a href=\"https:\/\/strangercam.com\/pt-br\/chamine\/\">atendidas<\/a> on-line, independentemente de voc\u00ea achar que os conhece bem.<\/li>\n<li style=\"font-weight: 400;\" aria-level=\"1\">Confie em seus instintos. Se algo n\u00e3o parecer certo, n\u00e3o hesite em bloquear ou denunciar o usu\u00e1rio.<\/li>\n<\/ul>\n<h2>Conclus\u00e3o<\/h2>\n<p>Se voc\u00ea est\u00e1 procurando uma nova maneira de conhecer pessoas e paquerar estranhos, o MeetMe pode ser o aplicativo ideal para voc\u00ea. Com sua interface f\u00e1cil de usar e \u00f3timos recursos, definitivamente vale a pena dar uma olhada. Quem sabe, talvez voc\u00ea encontre seu pr\u00f3ximo encontro ou paquera no MeetMe!<\/p>","protected":false},"excerpt":{"rendered":"<p>If you&#8217;re looking for a new way to meet people and flirt with strangers, then you should check out meetme. This app allows you to connect with people near you who are also looking for new friends or a romantic partner. You can chat with them, share photos and interests, and even meet up in [&hellip;]<\/p>\n","protected":false},"author":6,"featured_media":559,"parent":0,"menu_order":0,"comment_status":"closed","ping_status":"closed","template":"","meta":{"footnotes":""},"class_list":["post-11221","page","type-page","status-publish","has-post-thumbnail","hentry"],"yoast_head":"<!-- This site is optimized with the Yoast SEO plugin v26.9 - https:\/\/yoast.com\/product\/yoast-seo-wordpress\/ -->\n<title>Meetme - Chat with strangers on StrangerCam.com<\/title>\n<meta name=\"description\" content=\"Like Meetme? Come chat with more than 5.000.000 strangers on Stranger Cam for Free! Turn on your cam and find new friends &amp; maby a match!\" \/>\n<meta name=\"robots\" content=\"index, follow, max-snippet:-1, max-image-preview:large, max-video-preview:-1\" \/>\n<link rel=\"canonical\" href=\"https:\/\/strangercam.com\/pt-br\/meetme\/\" \/>\n<meta property=\"og:locale\" content=\"pt_BR\" \/>\n<meta property=\"og:type\" content=\"article\" \/>\n<meta property=\"og:title\" content=\"Meetme - Chat with strangers on StrangerCam.com\" \/>\n<meta property=\"og:description\" content=\"Like Meetme? Come chat with more than 5.000.000 strangers on Stranger Cam for Free! Turn on your cam and find new friends &amp; maby a match!\" \/>\n<meta property=\"og:url\" content=\"https:\/\/strangercam.com\/pt-br\/meetme\/\" \/>\n<meta property=\"og:site_name\" content=\"Strangercam\" \/>\n<meta property=\"article:publisher\" content=\"https:\/\/www.facebook.com\/strangercam\" \/>\n<meta property=\"article:modified_time\" content=\"2023-08-21T10:24:42+00:00\" \/>\n<meta property=\"og:image\" content=\"https:\/\/strangercam.com\/wp-content\/uploads\/2020\/11\/stranger-cam-1.png\" \/>\n\t<meta property=\"og:image:width\" content=\"800\" \/>\n\t<meta property=\"og:image:height\" content=\"800\" \/>\n\t<meta property=\"og:image:type\" content=\"image\/png\" \/>\n<meta name=\"twitter:card\" content=\"summary_large_image\" \/>\n<meta name=\"twitter:site\" content=\"@strangercamapp\" \/>\n<meta name=\"twitter:label1\" content=\"Est. tempo de leitura\" \/>\n\t<meta name=\"twitter:data1\" content=\"7 minutos\" \/>\n<script type=\"application\/ld+json\" class=\"yoast-schema-graph\">{\"@context\":\"https:\/\/schema.org\",\"@graph\":[{\"@type\":\"WebPage\",\"@id\":\"https:\/\/strangercam.com\/meetme\/\",\"url\":\"https:\/\/strangercam.com\/meetme\/\",\"name\":\"Meetme - Chat with strangers on StrangerCam.com\",\"isPartOf\":{\"@id\":\"https:\/\/strangercam.com\/#website\"},\"primaryImageOfPage\":{\"@id\":\"https:\/\/strangercam.com\/meetme\/#primaryimage\"},\"image\":{\"@id\":\"https:\/\/strangercam.com\/meetme\/#primaryimage\"},\"thumbnailUrl\":\"https:\/\/strangercam.com\/wp-content\/uploads\/2020\/11\/stranger-cam-1.png\",\"datePublished\":\"2022-08-11T14:07:53+00:00\",\"dateModified\":\"2023-08-21T10:24:42+00:00\",\"description\":\"Like Meetme? Come chat with more than 5.000.000 strangers on Stranger Cam for Free! Turn on your cam and find new friends & maby a match!\",\"breadcrumb\":{\"@id\":\"https:\/\/strangercam.com\/meetme\/#breadcrumb\"},\"inLanguage\":\"pt-BR\",\"potentialAction\":[{\"@type\":\"ReadAction\",\"target\":[\"https:\/\/strangercam.com\/meetme\/\"]}]},{\"@type\":\"ImageObject\",\"inLanguage\":\"pt-BR\",\"@id\":\"https:\/\/strangercam.com\/meetme\/#primaryimage\",\"url\":\"https:\/\/strangercam.com\/wp-content\/uploads\/2020\/11\/stranger-cam-1.png\",\"contentUrl\":\"https:\/\/strangercam.com\/wp-content\/uploads\/2020\/11\/stranger-cam-1.png\",\"width\":800,\"height\":800,\"caption\":\"stranger cam random video chat\"},{\"@type\":\"BreadcrumbList\",\"@id\":\"https:\/\/strangercam.com\/meetme\/#breadcrumb\",\"itemListElement\":[{\"@type\":\"ListItem\",\"position\":1,\"name\":\"Home\",\"item\":\"https:\/\/strangercam.com\/\"},{\"@type\":\"ListItem\",\"position\":2,\"name\":\"Meetme\"}]},{\"@type\":\"WebSite\",\"@id\":\"https:\/\/strangercam.com\/#website\",\"url\":\"https:\/\/strangercam.com\/\",\"name\":\"Strangercam\",\"description\":\"Random Video Chat with Strangers\",\"publisher\":{\"@id\":\"https:\/\/strangercam.com\/#organization\"},\"alternateName\":\"Strangercam.com\",\"potentialAction\":[{\"@type\":\"SearchAction\",\"target\":{\"@type\":\"EntryPoint\",\"urlTemplate\":\"https:\/\/strangercam.com\/?s={search_term_string}\"},\"query-input\":{\"@type\":\"PropertyValueSpecification\",\"valueRequired\":true,\"valueName\":\"search_term_string\"}}],\"inLanguage\":\"pt-BR\"},{\"@type\":\"Organization\",\"@id\":\"https:\/\/strangercam.com\/#organization\",\"name\":\"Strangercam\",\"alternateName\":\"Strangercam.com\",\"url\":\"https:\/\/strangercam.com\/\",\"logo\":{\"@type\":\"ImageObject\",\"inLanguage\":\"pt-BR\",\"@id\":\"https:\/\/strangercam.com\/#\/schema\/logo\/image\/\",\"url\":\"https:\/\/strangercam.com\/wp-content\/uploads\/2020\/11\/cropped-new-favicon-black.png\",\"contentUrl\":\"https:\/\/strangercam.com\/wp-content\/uploads\/2020\/11\/cropped-new-favicon-black.png\",\"width\":512,\"height\":512,\"caption\":\"Strangercam\"},\"image\":{\"@id\":\"https:\/\/strangercam.com\/#\/schema\/logo\/image\/\"},\"sameAs\":[\"https:\/\/www.facebook.com\/strangercam\",\"https:\/\/x.com\/strangercamapp\"]}]}<\/script>\n<!-- \/ Yoast SEO plugin. -->","yoast_head_json":{"title":"Meetme - Bate-papo com estranhos em StrangerCam.com","description":"Gosta do Meetme? Venha conversar com mais de 5.000.000 de desconhecidos no Stranger Cam gratuitamente! Ligue sua c\u00e2mera e encontre novos amigos e talvez um par!","robots":{"index":"index","follow":"follow","max-snippet":"max-snippet:-1","max-image-preview":"max-image-preview:large","max-video-preview":"max-video-preview:-1"},"canonical":"https:\/\/strangercam.com\/pt-br\/meetme\/","og_locale":"pt_BR","og_type":"article","og_title":"Meetme - Chat with strangers on StrangerCam.com","og_description":"Like Meetme? Come chat with more than 5.000.000 strangers on Stranger Cam for Free! Turn on your cam and find new friends & maby a match!","og_url":"https:\/\/strangercam.com\/pt-br\/meetme\/","og_site_name":"Strangercam","article_publisher":"https:\/\/www.facebook.com\/strangercam","article_modified_time":"2023-08-21T10:24:42+00:00","og_image":[{"width":800,"height":800,"url":"https:\/\/strangercam.com\/wp-content\/uploads\/2020\/11\/stranger-cam-1.png","type":"image\/png"}],"twitter_card":"summary_large_image","twitter_site":"@strangercamapp","twitter_misc":{"Est. tempo de leitura":"7 minutos"},"schema":{"@context":"https:\/\/schema.org","@graph":[{"@type":"WebPage","@id":"https:\/\/strangercam.com\/meetme\/","url":"https:\/\/strangercam.com\/meetme\/","name":"Meetme - Bate-papo com estranhos em StrangerCam.com","isPartOf":{"@id":"https:\/\/strangercam.com\/#website"},"primaryImageOfPage":{"@id":"https:\/\/strangercam.com\/meetme\/#primaryimage"},"image":{"@id":"https:\/\/strangercam.com\/meetme\/#primaryimage"},"thumbnailUrl":"https:\/\/strangercam.com\/wp-content\/uploads\/2020\/11\/stranger-cam-1.png","datePublished":"2022-08-11T14:07:53+00:00","dateModified":"2023-08-21T10:24:42+00:00","description":"Gosta do Meetme? Venha conversar com mais de 5.000.000 de desconhecidos no Stranger Cam gratuitamente! Ligue sua c\u00e2mera e encontre novos amigos e talvez um par!","breadcrumb":{"@id":"https:\/\/strangercam.com\/meetme\/#breadcrumb"},"inLanguage":"pt-BR","potentialAction":[{"@type":"ReadAction","target":["https:\/\/strangercam.com\/meetme\/"]}]},{"@type":"ImageObject","inLanguage":"pt-BR","@id":"https:\/\/strangercam.com\/meetme\/#primaryimage","url":"https:\/\/strangercam.com\/wp-content\/uploads\/2020\/11\/stranger-cam-1.png","contentUrl":"https:\/\/strangercam.com\/wp-content\/uploads\/2020\/11\/stranger-cam-1.png","width":800,"height":800,"caption":"stranger cam random video chat"},{"@type":"BreadcrumbList","@id":"https:\/\/strangercam.com\/meetme\/#breadcrumb","itemListElement":[{"@type":"ListItem","position":1,"name":"Home","item":"https:\/\/strangercam.com\/"},{"@type":"ListItem","position":2,"name":"Meetme"}]},{"@type":"WebSite","@id":"https:\/\/strangercam.com\/#website","url":"https:\/\/strangercam.com\/","name":"Strangercam","description":"Bate-papo por v\u00eddeo aleat\u00f3rio com estranhos","publisher":{"@id":"https:\/\/strangercam.com\/#organization"},"alternateName":"Strangercam.com","potentialAction":[{"@type":"SearchAction","target":{"@type":"EntryPoint","urlTemplate":"https:\/\/strangercam.com\/?s={search_term_string}"},"query-input":{"@type":"PropertyValueSpecification","valueRequired":true,"valueName":"search_term_string"}}],"inLanguage":"pt-BR"},{"@type":"Organization","@id":"https:\/\/strangercam.com\/#organization","name":"Strangercam","alternateName":"Strangercam.com","url":"https:\/\/strangercam.com\/","logo":{"@type":"ImageObject","inLanguage":"pt-BR","@id":"https:\/\/strangercam.com\/#\/schema\/logo\/image\/","url":"https:\/\/strangercam.com\/wp-content\/uploads\/2020\/11\/cropped-new-favicon-black.png","contentUrl":"https:\/\/strangercam.com\/wp-content\/uploads\/2020\/11\/cropped-new-favicon-black.png","width":512,"height":512,"caption":"Strangercam"},"image":{"@id":"https:\/\/strangercam.com\/#\/schema\/logo\/image\/"},"sameAs":["https:\/\/www.facebook.com\/strangercam","https:\/\/x.com\/strangercamapp"]}]}},"_links":{"self":[{"href":"https:\/\/strangercam.com\/pt-br\/wp-json\/wp\/v2\/pages\/11221","targetHints":{"allow":["GET"]}}],"collection":[{"href":"https:\/\/strangercam.com\/pt-br\/wp-json\/wp\/v2\/pages"}],"about":[{"href":"https:\/\/strangercam.com\/pt-br\/wp-json\/wp\/v2\/types\/page"}],"author":[{"embeddable":true,"href":"https:\/\/strangercam.com\/pt-br\/wp-json\/wp\/v2\/users\/6"}],"replies":[{"embeddable":true,"href":"https:\/\/strangercam.com\/pt-br\/wp-json\/wp\/v2\/comments?post=11221"}],"version-history":[{"count":0,"href":"https:\/\/strangercam.com\/pt-br\/wp-json\/wp\/v2\/pages\/11221\/revisions"}],"wp:featuredmedia":[{"embeddable":true,"href":"https:\/\/strangercam.com\/pt-br\/wp-json\/wp\/v2\/media\/559"}],"wp:attachment":[{"href":"https:\/\/strangercam.com\/pt-br\/wp-json\/wp\/v2\/media?parent=11221"}],"curies":[{"name":"wp","href":"https:\/\/api.w.org\/{rel}","templated":true}]}}