{"id":11208,"date":"2022-08-11T16:02:32","date_gmt":"2022-08-11T14:02:32","guid":{"rendered":"https:\/\/strangercam.com\/?page_id=11208"},"modified":"2023-08-21T12:24:41","modified_gmt":"2023-08-21T10:24:41","slug":"epikchat","status":"publish","type":"page","link":"https:\/\/strangercam.com\/pt-br\/epikchat\/","title":{"rendered":"Epikchat"},"content":{"rendered":"<p>O Epikchat \u00e9 um novo aplicativo de rede social e namoro que permite que voc\u00ea <a href=\"https:\/\/strangercam.com\/pt-br\/coomeet\/\">conhecer<\/a> novas pessoas e flertar com estranhos. O aplicativo est\u00e1 atualmente dispon\u00edvel para dispositivos iOS e Android.<\/p>\n<h2>O que \u00e9 Epikchat?<\/h2>\n<p>Epikchat \u00e9 um v\u00eddeo ao vivo <a href=\"https:\/\/strangercam.com\/pt-br\/chathub\/\">bate-papo<\/a> plataforma que permite que os usu\u00e1rios se conectem uns com os outros em tempo real. O Epikchat oferece uma maneira exclusiva e conveniente para que as pessoas se comuniquem entre si e aproveitem seu tempo.<\/p>\n<h2>Como usar o Epikchat<\/h2>\n<p>A primeira etapa \u00e9 criar uma conta no Epikchat. Voc\u00ea pode fazer isso acessando o site da empresa e clicando no bot\u00e3o \"Sign Up\" (Registrar-se). Depois de criar uma conta, voc\u00ea precisar\u00e1 verificar seu endere\u00e7o de e-mail. Depois que seu endere\u00e7o de e-mail for verificado, voc\u00ea poder\u00e1 fazer login na sua conta.<\/p>\n<p>Quando estiver conectado, voc\u00ea poder\u00e1 ver uma lista de todas as salas de bate-papo dispon\u00edveis. Voc\u00ea pode optar por participar de qualquer uma dessas salas de bate-papo ou pode criar sua pr\u00f3pria sala de bate-papo. Se decidir criar sua pr\u00f3pria sala de bate-papo, voc\u00ea precisar\u00e1 escolher um nome para a sala e uma senha. Depois de escolher um nome e uma senha para a sua sala, voc\u00ea poder\u00e1 convidar outras pessoas para participar da sua sala<\/p>\n<h2>Pr\u00f3s e contras de usar o Epikchat<\/h2>\n<p>H\u00e1 muitos motivos pelos quais as pessoas usam oEpikchat. Algumas pessoas o usam para conhecer novos amigos, outras para paquerar estranhos e outras para encontrar um par. No entanto, tamb\u00e9m h\u00e1 alguns contras no uso do Epikchat. Aqui est\u00e3o alguns pr\u00f3s e contras do uso do Epikchat:<\/p>\n<h4>Pr\u00f3s:<\/h4>\n<ul>\n<li style=\"font-weight: 400;\" aria-level=\"1\">Voc\u00ea pode conhecer novas pessoas de todo o mundo.<\/li>\n<li style=\"font-weight: 400;\" aria-level=\"1\">Essa \u00e9 uma \u00f3tima maneira de praticar suas habilidades de paquera.<\/li>\n<li style=\"font-weight: 400;\" aria-level=\"1\">Voc\u00ea pode aprender sobre outras culturas conversando com pessoas de diferentes pa\u00edses.<\/li>\n<li style=\"font-weight: 400;\" aria-level=\"1\">\u00c9 uma \u00f3tima maneira de fazer novos amigos.<\/li>\n<\/ul>\n<h4>Contras:<\/h4>\n<ul>\n<li style=\"font-weight: 400;\" aria-level=\"1\">Algumas pessoas usam o Epikchat para fazer bullying cibern\u00e9tico.<\/li>\n<li style=\"font-weight: 400;\" aria-level=\"1\">Voc\u00ea pode encontrar conte\u00fado inadequado ao conversar com estranhos.<\/li>\n<li style=\"font-weight: 400;\" aria-level=\"1\">Suas informa\u00e7\u00f5es pessoais podem estar em risco se voc\u00ea n\u00e3o usar as configura\u00e7\u00f5es de privacidade corretamente.<\/li>\n<\/ul>\n<h2>O que esperar ao usar o Epikchat<\/h2>\n<p>O Epikchat \u00e9 um novo site de rede social que permite que voc\u00ea conhe\u00e7a novas pessoas e flerte com elas. \u00c9 uma \u00f3tima maneira de fazer novos amigos e talvez at\u00e9 encontrar o amor. No entanto, h\u00e1 algumas coisas que voc\u00ea deve esperar ao usar esse site.<\/p>\n<p>Primeiro, voc\u00ea precisar\u00e1 criar um perfil. Isso incluir\u00e1 seu nome, idade, g\u00eanero e interesses. Voc\u00ea tamb\u00e9m pode carregar uma foto sua. Depois de criar seu perfil, voc\u00ea poder\u00e1 come\u00e7ar a procurar outros membros.<\/p>\n<p>Voc\u00ea pode procurar membros por sua localiza\u00e7\u00e3o, idade ou interesses. Quando encontrar algu\u00e9m com quem queira conversar, voc\u00ea poder\u00e1 enviar uma mensagem. Se a pessoa estiver on-line, voc\u00ea poder\u00e1 conversar com ela em tempo real. Se a pessoa n\u00e3o estiver on-line, voc\u00ea ainda poder\u00e1 enviar mensagens, mas ela n\u00e3o poder\u00e1 responder at\u00e9 que fa\u00e7a login novamente.<\/p>\n<p>O Epikchat \u00e9 uma \u00f3tima maneira de conhecer novas pessoas e flertar com elas. No entanto, h\u00e1 algumas coisas que voc\u00ea deve esperar ao usar esse site. Portanto, v\u00e1 em frente, crie um perfil hoje e comece a conversar com novos amigos!<\/p>\n<h2>Por que o Epikchat \u00e9 uma plataforma de bate-papo por v\u00eddeo aleat\u00f3rio t\u00e3o popular?<\/h2>\n<p>O Epikchat \u00e9 uma plataforma popular de bate-papo por v\u00eddeo aleat\u00f3rio por v\u00e1rios motivos. Primeiro, ela \u00e9 incrivelmente f\u00e1cil de usar. Tudo o que voc\u00ea precisa \u00e9 de uma webcam e uma conex\u00e3o com a Internet, e poder\u00e1 come\u00e7ar a conversar com estranhos de todo o mundo. Em segundo lugar, o site tem uma comunidade muito ativa de usu\u00e1rios, que est\u00e3o sempre felizes em conversar e flertar com novas pessoas. Por fim, o Epikchat \u00e9 totalmente gratuito, portanto, voc\u00ea pode conversar o quanto quiser sem ter de se preocupar com taxas.<\/p>\n<h2>Epikchat vs. outra plataforma de bate-papo por v\u00eddeo aleat\u00f3rio<\/h2>\n<p>O Epikchat \u00e9 uma nova plataforma de bate-papo por v\u00eddeo aleat\u00f3rio que est\u00e1 ganhando popularidade rapidamente. Embora existam muitas outras plataformas semelhantes, o Epikchat tem v\u00e1rios recursos que o diferenciam da concorr\u00eancia.<\/p>\n<p>Em primeiro lugar, o Epikchat \u00e9 totalmente gratuito. N\u00e3o h\u00e1 taxas ocultas ou associa\u00e7\u00f5es pagas necess\u00e1rias para acessar todos os recursos. Isso o torna muito atraente para os usu\u00e1rios que procuram uma op\u00e7\u00e3o econ\u00f4mica.<\/p>\n<p>Em segundo lugar, o Epikchat tem uma interface muito mais limpa e f\u00e1cil de usar do que a maioria das outras plataformas de bate-papo. O design \u00e9 elegante e moderno, e a navega\u00e7\u00e3o \u00e9 f\u00e1cil de entender. Isso o torna ideal para usu\u00e1rios que desejam uma experi\u00eancia sem complica\u00e7\u00f5es.<\/p>\n<p>Por fim, o Epikchat oferece um recurso exclusivo de \"flerte\" que permite que os usu\u00e1rios enviem anonimamente mensagens de flerte para estranhos. Se o destinat\u00e1rio gostar da conversa, ele poder\u00e1 optar por revelar sua identidade. Isso pode levar a algumas intera\u00e7\u00f5es divertidas e interessantes!<\/p>\n<h2>Benef\u00edcios de usar qualquer plataforma de bate-papo por v\u00eddeo aleat\u00f3rio<\/h2>\n<p>H\u00e1 muitas vantagens em usar qualquer plataforma de bate-papo por v\u00eddeo aleat\u00f3ria. O benef\u00edcio mais importante \u00e9 que ela ajuda voc\u00ea a se conectar com pessoas de todo o mundo. Voc\u00ea pode fazer novos amigos, aprender novas culturas e idiomas e at\u00e9 mesmo encontrar o amor nessas plataformas.<\/p>\n<p>Outro grande benef\u00edcio \u00e9 que voc\u00ea pode se divertir muito nessas plataformas. Voc\u00ea pode jogar, compartilhar fotos e v\u00eddeos e, de modo geral, se divertir. H\u00e1 tamb\u00e9m muitas oportunidades de conhecer novas pessoas e flertar com elas nessas plataformas. Portanto, se voc\u00ea estiver procurando uma maneira f\u00e1cil e divertida de conhecer novas pessoas, ent\u00e3o, com certeza, deve dar uma olhada em qualquer plataforma de bate-papo por v\u00eddeo aleat\u00f3ria.<\/p>\n<h2>Como se manter seguro ao usar o Epikchat<\/h2>\n<p>Se estiver procurando conhecer novas pessoas e flertar com estranhos, o Epikchat \u00e9 uma \u00f3tima op\u00e7\u00e3o. No entanto, h\u00e1 algumas coisas que voc\u00ea deve ter em mente para se manter seguro ao usar o aplicativo.<\/p>\n<p>Em primeiro lugar, nunca forne\u00e7a informa\u00e7\u00f5es pessoais a algu\u00e9m que voc\u00ea n\u00e3o conhece. Isso inclui seu nome completo, endere\u00e7o, n\u00famero de telefone, endere\u00e7o de e-mail ou qualquer outra informa\u00e7\u00e3o confidencial. Voc\u00ea tamb\u00e9m deve evitar compartilhar fotos ou v\u00eddeos que possam ser usados para identific\u00e1-lo.<\/p>\n<p>Outra dica de seguran\u00e7a importante \u00e9 nunca se encontrar pessoalmente com algu\u00e9m que voc\u00ea conheceu on-line. Se decidir se encontrar com algu\u00e9m, certifique-se de faz\u00ea-lo em um local p\u00fablico e leve um amigo ou membro da fam\u00edlia junto. Nunca saia sozinho com algu\u00e9m que voc\u00ea n\u00e3o conhece.<\/p>\n<p>Por fim, se voc\u00ea se sentir desconfort\u00e1vel ou inseguro ao usar o Epikchat, n\u00e3o deixe de denunciar o usu\u00e1rio aos moderadores do aplicativo. Eles tomar\u00e3o as medidas adequadas para mant\u00ea-lo seguro.<\/p>\n<p>Seguindo essas dicas simples de seguran\u00e7a, voc\u00ea pode se divertir muito usando o Epikchat sem se colocar em risco.<\/p>\n<h2>Alternativas do Epikchat<\/h2>\n<p>Se estiver procurando alternativas ao Epikchat, h\u00e1 muitas op\u00e7\u00f5es dispon\u00edveis. Aqui est\u00e3o algumas de nossas favoritas:<\/p>\n<ol>\n<li><a href=\"https:\/\/strangercam.com\/pt-br\/chatroulette\/\">Chatroulette<\/a>: Esse site \u00e9 muito semelhante ao Epikchat, permitindo que voc\u00ea converse com estranhos aleat\u00f3rios de todo o mundo. No entanto, ele tamb\u00e9m tem alguns recursos adicionais, como a capacidade de filtrar seus resultados por pa\u00eds ou g\u00eanero.<\/li>\n<li><a href=\"https:\/\/strangercam.com\/pt-br\/omegle\/\">Omegle<\/a>: O Omegle \u00e9 outro site de bate-papo popular que oferece uma experi\u00eancia semelhante \u00e0 do Epikchat. No entanto, um dos recursos exclusivos desse site \u00e9 que ele tamb\u00e9m tem uma se\u00e7\u00e3o para bate-papo por texto, al\u00e9m de bate-papo por v\u00eddeo.<\/li>\n<li>TinyChat: O TinyChat \u00e9 uma op\u00e7\u00e3o mais recente que se tornou bastante popular nos \u00faltimos anos. Ele oferece uma interface simples e permite que voc\u00ea crie \u201csalas\u201d para bate-papos em grupo com at\u00e9 12 pessoas. Voc\u00ea tamb\u00e9m pode entrar em salas p\u00fablicas no TinyChat para conhecer novas pessoas.<\/li>\n<\/ol>\n<h2>Conclus\u00e3o<\/h2>\n<p>O Epikchat \u00e9 uma \u00f3tima maneira de conhecer novas pessoas e flertar com estranhos. \u00c9 f\u00e1cil de usar e voc\u00ea pode se conectar com pessoas de todo o mundo. Se estiver procurando uma maneira divertida de conhecer novas pessoas, definitivamente vale a pena dar uma olhada no Epikchat.<\/p>","protected":false},"excerpt":{"rendered":"<p>Epikchat is a new social networking and dating app that lets you meet new people and flirt with strangers. The app is currently available for iOS and Android devices. What is Epikchat? Epikchat is a live video chat platform that allows users to connect with each other in real time. Epikchat provides a unique and [&hellip;]<\/p>\n","protected":false},"author":6,"featured_media":559,"parent":0,"menu_order":0,"comment_status":"closed","ping_status":"closed","template":"","meta":{"footnotes":""},"class_list":["post-11208","page","type-page","status-publish","has-post-thumbnail","hentry"],"yoast_head":"<!-- This site is optimized with the Yoast SEO plugin v27.4 - https:\/\/yoast.com\/product\/yoast-seo-wordpress\/ -->\n<title>Epikchat - Chat with strangers on StrangerCam.com<\/title>\n<meta name=\"description\" content=\"Like Epikchat? Come chat with more than 5.000.000 strangers on Stranger Cam for Free! Turn on your cam and find new friends &amp; maby a match!\" \/>\n<meta name=\"robots\" content=\"index, follow, max-snippet:-1, max-image-preview:large, max-video-preview:-1\" \/>\n<link rel=\"canonical\" href=\"https:\/\/strangercam.com\/pt-br\/epikchat\/\" \/>\n<meta property=\"og:locale\" content=\"pt_BR\" \/>\n<meta property=\"og:type\" content=\"article\" \/>\n<meta property=\"og:title\" content=\"Epikchat - Chat with strangers on StrangerCam.com\" \/>\n<meta property=\"og:description\" content=\"Like Epikchat? Come chat with more than 5.000.000 strangers on Stranger Cam for Free! Turn on your cam and find new friends &amp; maby a match!\" \/>\n<meta property=\"og:url\" content=\"https:\/\/strangercam.com\/pt-br\/epikchat\/\" \/>\n<meta property=\"og:site_name\" content=\"Strangercam\" \/>\n<meta property=\"article:publisher\" content=\"https:\/\/www.facebook.com\/strangercam\" \/>\n<meta property=\"article:modified_time\" content=\"2023-08-21T10:24:41+00:00\" \/>\n<meta property=\"og:image\" content=\"https:\/\/strangercam.com\/wp-content\/uploads\/2020\/11\/stranger-cam-1.png\" \/>\n\t<meta property=\"og:image:width\" content=\"800\" \/>\n\t<meta property=\"og:image:height\" content=\"800\" \/>\n\t<meta property=\"og:image:type\" content=\"image\/png\" \/>\n<meta name=\"twitter:card\" content=\"summary_large_image\" \/>\n<meta name=\"twitter:site\" content=\"@strangercamapp\" \/>\n<meta name=\"twitter:label1\" content=\"Est. tempo de leitura\" \/>\n\t<meta name=\"twitter:data1\" content=\"6 minutos\" \/>\n<script type=\"application\/ld+json\" class=\"yoast-schema-graph\">{\"@context\":\"https:\\\/\\\/schema.org\",\"@graph\":[{\"@type\":\"WebPage\",\"@id\":\"https:\\\/\\\/strangercam.com\\\/epikchat\\\/\",\"url\":\"https:\\\/\\\/strangercam.com\\\/epikchat\\\/\",\"name\":\"Epikchat - Chat with strangers on StrangerCam.com\",\"isPartOf\":{\"@id\":\"https:\\\/\\\/strangercam.com\\\/#website\"},\"primaryImageOfPage\":{\"@id\":\"https:\\\/\\\/strangercam.com\\\/epikchat\\\/#primaryimage\"},\"image\":{\"@id\":\"https:\\\/\\\/strangercam.com\\\/epikchat\\\/#primaryimage\"},\"thumbnailUrl\":\"https:\\\/\\\/strangercam.com\\\/wp-content\\\/uploads\\\/2020\\\/11\\\/stranger-cam-1.png\",\"datePublished\":\"2022-08-11T14:02:32+00:00\",\"dateModified\":\"2023-08-21T10:24:41+00:00\",\"description\":\"Like Epikchat? Come chat with more than 5.000.000 strangers on Stranger Cam for Free! Turn on your cam and find new friends & maby a match!\",\"breadcrumb\":{\"@id\":\"https:\\\/\\\/strangercam.com\\\/epikchat\\\/#breadcrumb\"},\"inLanguage\":\"pt-BR\",\"potentialAction\":[{\"@type\":\"ReadAction\",\"target\":[\"https:\\\/\\\/strangercam.com\\\/epikchat\\\/\"]}]},{\"@type\":\"ImageObject\",\"inLanguage\":\"pt-BR\",\"@id\":\"https:\\\/\\\/strangercam.com\\\/epikchat\\\/#primaryimage\",\"url\":\"https:\\\/\\\/strangercam.com\\\/wp-content\\\/uploads\\\/2020\\\/11\\\/stranger-cam-1.png\",\"contentUrl\":\"https:\\\/\\\/strangercam.com\\\/wp-content\\\/uploads\\\/2020\\\/11\\\/stranger-cam-1.png\",\"width\":800,\"height\":800,\"caption\":\"stranger cam random video chat\"},{\"@type\":\"BreadcrumbList\",\"@id\":\"https:\\\/\\\/strangercam.com\\\/epikchat\\\/#breadcrumb\",\"itemListElement\":[{\"@type\":\"ListItem\",\"position\":1,\"name\":\"Home\",\"item\":\"https:\\\/\\\/strangercam.com\\\/\"},{\"@type\":\"ListItem\",\"position\":2,\"name\":\"Epikchat\"}]},{\"@type\":\"WebSite\",\"@id\":\"https:\\\/\\\/strangercam.com\\\/#website\",\"url\":\"https:\\\/\\\/strangercam.com\\\/\",\"name\":\"Strangercam\",\"description\":\"Random Video Chat with Strangers\",\"publisher\":{\"@id\":\"https:\\\/\\\/strangercam.com\\\/#organization\"},\"alternateName\":\"Strangercam.com\",\"potentialAction\":[{\"@type\":\"SearchAction\",\"target\":{\"@type\":\"EntryPoint\",\"urlTemplate\":\"https:\\\/\\\/strangercam.com\\\/?s={search_term_string}\"},\"query-input\":{\"@type\":\"PropertyValueSpecification\",\"valueRequired\":true,\"valueName\":\"search_term_string\"}}],\"inLanguage\":\"pt-BR\"},{\"@type\":\"Organization\",\"@id\":\"https:\\\/\\\/strangercam.com\\\/#organization\",\"name\":\"Strangercam\",\"alternateName\":\"Strangercam.com\",\"url\":\"https:\\\/\\\/strangercam.com\\\/\",\"logo\":{\"@type\":\"ImageObject\",\"inLanguage\":\"pt-BR\",\"@id\":\"https:\\\/\\\/strangercam.com\\\/#\\\/schema\\\/logo\\\/image\\\/\",\"url\":\"https:\\\/\\\/strangercam.com\\\/wp-content\\\/uploads\\\/2020\\\/11\\\/cropped-new-favicon-black.png\",\"contentUrl\":\"https:\\\/\\\/strangercam.com\\\/wp-content\\\/uploads\\\/2020\\\/11\\\/cropped-new-favicon-black.png\",\"width\":512,\"height\":512,\"caption\":\"Strangercam\"},\"image\":{\"@id\":\"https:\\\/\\\/strangercam.com\\\/#\\\/schema\\\/logo\\\/image\\\/\"},\"sameAs\":[\"https:\\\/\\\/www.facebook.com\\\/strangercam\",\"https:\\\/\\\/x.com\\\/strangercamapp\"]}]}<\/script>\n<!-- \/ Yoast SEO plugin. -->","yoast_head_json":{"title":"Epikchat - Converse com estranhos em StrangerCam.com","description":"Gosta do Epikchat? Venha conversar com mais de 5.000.000 de desconhecidos no Stranger Cam gratuitamente! Ligue sua c\u00e2mera e encontre novos amigos e talvez um par!","robots":{"index":"index","follow":"follow","max-snippet":"max-snippet:-1","max-image-preview":"max-image-preview:large","max-video-preview":"max-video-preview:-1"},"canonical":"https:\/\/strangercam.com\/pt-br\/epikchat\/","og_locale":"pt_BR","og_type":"article","og_title":"Epikchat - Chat with strangers on StrangerCam.com","og_description":"Like Epikchat? Come chat with more than 5.000.000 strangers on Stranger Cam for Free! Turn on your cam and find new friends & maby a match!","og_url":"https:\/\/strangercam.com\/pt-br\/epikchat\/","og_site_name":"Strangercam","article_publisher":"https:\/\/www.facebook.com\/strangercam","article_modified_time":"2023-08-21T10:24:41+00:00","og_image":[{"width":800,"height":800,"url":"https:\/\/strangercam.com\/wp-content\/uploads\/2020\/11\/stranger-cam-1.png","type":"image\/png"}],"twitter_card":"summary_large_image","twitter_site":"@strangercamapp","twitter_misc":{"Est. tempo de leitura":"6 minutos"},"schema":{"@context":"https:\/\/schema.org","@graph":[{"@type":"WebPage","@id":"https:\/\/strangercam.com\/epikchat\/","url":"https:\/\/strangercam.com\/epikchat\/","name":"Epikchat - Converse com estranhos em StrangerCam.com","isPartOf":{"@id":"https:\/\/strangercam.com\/#website"},"primaryImageOfPage":{"@id":"https:\/\/strangercam.com\/epikchat\/#primaryimage"},"image":{"@id":"https:\/\/strangercam.com\/epikchat\/#primaryimage"},"thumbnailUrl":"https:\/\/strangercam.com\/wp-content\/uploads\/2020\/11\/stranger-cam-1.png","datePublished":"2022-08-11T14:02:32+00:00","dateModified":"2023-08-21T10:24:41+00:00","description":"Gosta do Epikchat? Venha conversar com mais de 5.000.000 de desconhecidos no Stranger Cam gratuitamente! Ligue sua c\u00e2mera e encontre novos amigos e talvez um par!","breadcrumb":{"@id":"https:\/\/strangercam.com\/epikchat\/#breadcrumb"},"inLanguage":"pt-BR","potentialAction":[{"@type":"ReadAction","target":["https:\/\/strangercam.com\/epikchat\/"]}]},{"@type":"ImageObject","inLanguage":"pt-BR","@id":"https:\/\/strangercam.com\/epikchat\/#primaryimage","url":"https:\/\/strangercam.com\/wp-content\/uploads\/2020\/11\/stranger-cam-1.png","contentUrl":"https:\/\/strangercam.com\/wp-content\/uploads\/2020\/11\/stranger-cam-1.png","width":800,"height":800,"caption":"stranger cam random video chat"},{"@type":"BreadcrumbList","@id":"https:\/\/strangercam.com\/epikchat\/#breadcrumb","itemListElement":[{"@type":"ListItem","position":1,"name":"Home","item":"https:\/\/strangercam.com\/"},{"@type":"ListItem","position":2,"name":"Epikchat"}]},{"@type":"WebSite","@id":"https:\/\/strangercam.com\/#website","url":"https:\/\/strangercam.com\/","name":"Strangercam","description":"Bate-papo por v\u00eddeo aleat\u00f3rio com estranhos","publisher":{"@id":"https:\/\/strangercam.com\/#organization"},"alternateName":"Strangercam.com","potentialAction":[{"@type":"SearchAction","target":{"@type":"EntryPoint","urlTemplate":"https:\/\/strangercam.com\/?s={search_term_string}"},"query-input":{"@type":"PropertyValueSpecification","valueRequired":true,"valueName":"search_term_string"}}],"inLanguage":"pt-BR"},{"@type":"Organization","@id":"https:\/\/strangercam.com\/#organization","name":"Strangercam","alternateName":"Strangercam.com","url":"https:\/\/strangercam.com\/","logo":{"@type":"ImageObject","inLanguage":"pt-BR","@id":"https:\/\/strangercam.com\/#\/schema\/logo\/image\/","url":"https:\/\/strangercam.com\/wp-content\/uploads\/2020\/11\/cropped-new-favicon-black.png","contentUrl":"https:\/\/strangercam.com\/wp-content\/uploads\/2020\/11\/cropped-new-favicon-black.png","width":512,"height":512,"caption":"Strangercam"},"image":{"@id":"https:\/\/strangercam.com\/#\/schema\/logo\/image\/"},"sameAs":["https:\/\/www.facebook.com\/strangercam","https:\/\/x.com\/strangercamapp"]}]}},"_links":{"self":[{"href":"https:\/\/strangercam.com\/pt-br\/wp-json\/wp\/v2\/pages\/11208","targetHints":{"allow":["GET"]}}],"collection":[{"href":"https:\/\/strangercam.com\/pt-br\/wp-json\/wp\/v2\/pages"}],"about":[{"href":"https:\/\/strangercam.com\/pt-br\/wp-json\/wp\/v2\/types\/page"}],"author":[{"embeddable":true,"href":"https:\/\/strangercam.com\/pt-br\/wp-json\/wp\/v2\/users\/6"}],"replies":[{"embeddable":true,"href":"https:\/\/strangercam.com\/pt-br\/wp-json\/wp\/v2\/comments?post=11208"}],"version-history":[{"count":0,"href":"https:\/\/strangercam.com\/pt-br\/wp-json\/wp\/v2\/pages\/11208\/revisions"}],"wp:featuredmedia":[{"embeddable":true,"href":"https:\/\/strangercam.com\/pt-br\/wp-json\/wp\/v2\/media\/559"}],"wp:attachment":[{"href":"https:\/\/strangercam.com\/pt-br\/wp-json\/wp\/v2\/media?parent=11208"}],"curies":[{"name":"wp","href":"https:\/\/api.w.org\/{rel}","templated":true}]}}