{"id":11194,"date":"2022-08-11T15:50:53","date_gmt":"2022-08-11T13:50:53","guid":{"rendered":"https:\/\/strangercam.com\/?page_id=11194"},"modified":"2023-08-21T11:40:39","modified_gmt":"2023-08-21T09:40:39","slug":"camskip","status":"publish","type":"page","link":"https:\/\/strangercam.com\/pt-br\/camskip\/","title":{"rendered":"Camskip"},"content":{"rendered":"<p>Alguma vez voc\u00ea j\u00e1 desejou poder pular toda a conversa fiada e chegar \u00e0 parte divertida de conhecer novas pessoas? Bem, agora existe um aplicativo para isso! O Camskip \u00e9 um novo aplicativo de namoro que permite que voc\u00ea fa\u00e7a exatamente isso - <a href=\"https:\/\/strangercam.com\/pt-br\/coomeet\/\">conhecer<\/a> novas pessoas e <a href=\"https:\/\/strangercam.com\/pt-br\/flingster\/\">flertar<\/a> com estranhos, sem todo o inc\u00f4modo.<\/p>\n<h2>O que \u00e9 camskip?<\/h2>\n<p>camskip \u00e9 um novo aleat\u00f3rio <a href=\"https:\/\/strangercam.com\/pt-br\/chatroulette\/\">bate-papo<\/a> plataforma que permite conhecer novas pessoas e flertar com estranhos. A plataforma est\u00e1 ganhando popularidade entre os usu\u00e1rios. O conceito da plataforma \u00e9 simples: voc\u00ea pode entrar em uma sala de bate-papo existente ou criar a sua pr\u00f3pria e convidar pessoas para participar. Quando estiver em uma sala de bate-papo, poder\u00e1 come\u00e7ar a flertar com outros usu\u00e1rios. Se algu\u00e9m despertar seu interesse, voc\u00ea poder\u00e1 adicion\u00e1-lo \u00e0 sua lista de amigos e continuar conversando com ele.<\/p>\n<h2>Como usar o camskip<\/h2>\n<p>Se voc\u00ea deseja conhecer novas pessoas e flertar com estranhos, o camskip \u00e9 a plataforma perfeita para voc\u00ea. Aqui est\u00e1 um guia r\u00e1pido sobre como usar o camskip:<\/p>\n<ol>\n<li>Registre-se para obter uma conta gratuita. Voc\u00ea precisar\u00e1 fornecer um endere\u00e7o de e-mail v\u00e1lido e criar um nome de usu\u00e1rio e uma senha.<\/li>\n<li>Quando estiver conectado, voc\u00ea poder\u00e1 come\u00e7ar a conversar com qualquer pessoa que esteja on-line. Para fazer isso, basta clicar no bot\u00e3o \"Chat\" na parte superior da p\u00e1gina.<\/li>\n<li>Se voc\u00ea vir algu\u00e9m de quem gosta, poder\u00e1 enviar uma mensagem privada clicando no bot\u00e3o \"Message\" (Mensagem).<\/li>\n<li>Para flertar com algu\u00e9m, clique no bot\u00e3o \"Flirt\" (flertar). Isso enviar\u00e1 \u00e0 pessoa uma mensagem de flerte que ela poder\u00e1 aceitar ou recusar.<\/li>\n<li>Se quiser levar as coisas para o pr\u00f3ximo n\u00edvel, voc\u00ea pode adicion\u00e1-los \u00e0 sua lista de \"Amigos\" clicando no bot\u00e3o \"Add Friend\". Dessa forma, voc\u00ea poder\u00e1 conversar com a pessoa sempre que ela estiver on-line.<\/li>\n<\/ol>\n<h2>Pr\u00f3s e contras da camskip<\/h2>\n<p>H\u00e1 pr\u00f3s e contras em fazer camming. Os aspectos positivos incluem a possibilidade de ganhar dinheiro em casa, a flexibilidade de trabalhar quando quiser e a possibilidade de se conectar com pessoas de todo o mundo. O lado negativo \u00e9 que o camming pode ser bastante viciante e pode levar a dificuldades financeiras se n\u00e3o for administrado com cuidado.<\/p>\n<p>O Camskip tem v\u00e1rias vantagens em rela\u00e7\u00e3o a outros m\u00e9todos de comunica\u00e7\u00e3o on-line. Talvez a vantagem mais \u00f3bvia seja o fato de ser de uso gratuito. Isso significa que qualquer pessoa com uma conex\u00e3o \u00e0 Internet pode usar o camskip sem precisar pagar nenhuma taxa.<\/p>\n<p>Outra vantagem do camskip \u00e9 que ele oferece aos usu\u00e1rios uma forma de comunica\u00e7\u00e3o mais \u00edntima do que outros m\u00e9todos, como salas de bate-papo ou f\u00f3runs. Isso ocorre porque os usu\u00e1rios podem ver o rosto uns dos outros enquanto conversam. Isso pode ajudar a criar confian\u00e7a e relacionamento entre os usu\u00e1rios.<\/p>\n<p>No entanto, h\u00e1 tamb\u00e9m algumas desvantagens associadas ao camskip. Uma delas \u00e9 que pode ser bastante dif\u00edcil encontrar pessoas com quem voc\u00ea queira conversar no camskip. Isso ocorre porque o site depende de os usu\u00e1rios encontrarem uns aos outros por meio de palavras-chave e tags. Como resultado, pode ser muito dif\u00edcil encontrar algu\u00e9m que compartilhe seus interesses no camskip.<\/p>\n<h2>O que esperar ao usar o camskip<\/h2>\n<p>Ao usar o camskip, voc\u00ea pode esperar conhecer novas pessoas de todo o mundo. Voc\u00ea poder\u00e1 conversar com elas e flertar com elas. Voc\u00ea pode at\u00e9 mesmo se encontrar em um relacionamento com algu\u00e9m que conheceu no camskip.<\/p>\n<h2>Por que o camskip \u00e9 uma plataforma de bate-papo por v\u00eddeo aleat\u00f3rio t\u00e3o popular?<\/h2>\n<p>Desde seu lan\u00e7amento no in\u00edcio de 2020, o camskip se tornou uma das plataformas de bate-papo por v\u00eddeo aleat\u00f3rio mais populares da Internet. Existem alguns motivos principais pelos quais o camskip \u00e9 t\u00e3o popular:<\/p>\n<ul>\n<li style=\"font-weight: 400;\" aria-level=\"1\">O uso do Camskip \u00e9 totalmente gratuito - n\u00e3o h\u00e1 taxas ou encargos ocultos.<\/li>\n<li style=\"font-weight: 400;\" aria-level=\"1\">O Camskip \u00e9 muito f\u00e1cil de usar - tudo o que voc\u00ea precisa \u00e9 de uma c\u00e2mera da Web e uma conex\u00e3o com a Internet.<\/li>\n<li style=\"font-weight: 400;\" aria-level=\"1\">O Camskip oferece uma grande variedade de recursos, incluindo a capacidade de conhecer novas pessoas e flertar com estranhos.<\/li>\n<li style=\"font-weight: 400;\" aria-level=\"1\">O Camskip est\u00e1 dispon\u00edvel em v\u00e1rios idiomas, para que usu\u00e1rios de todo o mundo possam aproveit\u00e1-lo.<\/li>\n<li style=\"font-weight: 400;\" aria-level=\"1\">O Camskip est\u00e1 constantemente adicionando novos recursos e melhorando a experi\u00eancia do usu\u00e1rio.<\/li>\n<\/ul>\n<p>Se voc\u00ea est\u00e1 procurando uma maneira f\u00e1cil e divertida de conhecer novas pessoas e paquerar estranhos, vale a pena conferir o camskip!<\/p>\n<h2>Como aproveitar ao m\u00e1ximo o camskip<\/h2>\n<p>N\u00e3o h\u00e1 d\u00favida de que o camskip \u00e9 uma \u00f3tima maneira de conhecer novas pessoas e flertar com estranhos. Mas se voc\u00ea realmente quiser aproveitar ao m\u00e1ximo esse site de rede social, h\u00e1 algumas coisas que voc\u00ea deve ter em mente.<\/p>\n<p>Primeiro, lembre-se de estar seguro. N\u00e3o forne\u00e7a informa\u00e7\u00f5es pessoais a ningu\u00e9m que voc\u00ea n\u00e3o conhe\u00e7a e tenha cuidado com o que diz nas salas de bate-papo. Nunca se sabe quem pode estar \u00e0 espreita do outro lado.<\/p>\n<p>Em segundo lugar, aproveite todos os recursos que o camskip tem a oferecer. Use a fun\u00e7\u00e3o de pesquisa para encontrar pessoas com interesses semelhantes, entre em grupos e participe de discuss\u00f5es. Quanto mais voc\u00ea interagir com outras pessoas, maior ser\u00e1 a probabilidade de encontrar algu\u00e9m especial.<\/p>\n<p>Por fim, divirta-se! Flertar e conhecer novas pessoas pode ser muito divertido, portanto, n\u00e3o se leve muito a s\u00e9rio. Relaxe e aproveite a experi\u00eancia e, com certeza, voc\u00ea se divertir\u00e1 muito.<\/p>\n<h2>Que tipo de pessoas voc\u00ea pode esperar em qualquer plataforma de bate-papo por v\u00eddeo aleat\u00f3ria?<\/h2>\n<p>As pessoas que voc\u00ea encontrar\u00e1 em qualquer <a href=\"https:\/\/strangercam.com\/pt-br\/chathub\/\">bate-papo por v\u00eddeo aleat\u00f3rio<\/a> A plataforma ser\u00e1 mista. Alguns ser\u00e3o amig\u00e1veis e abertos, enquanto outros ser\u00e3o mais reservados. Voc\u00ea tamb\u00e9m poder\u00e1 encontrar pessoas de todas as esferas da vida, incluindo diferentes culturas e origens.<\/p>\n<p>Se estiver procurando por amor ou apenas um pouco de divers\u00e3o, com certeza encontrar\u00e1 isso em uma plataforma de bate-papo por v\u00eddeo aleat\u00f3ria como o camskip. Nunca se sabe quem voc\u00ea conhecer\u00e1 nessas plataformas - pode ser um completo estranho de qualquer lugar do mundo. Mas uma coisa \u00e9 certa: voc\u00ea se divertir\u00e1 muito flertando e conversando com novas pessoas no camskip.<\/p>\n<h2>\u00c9 seguro us\u00e1-lo?<\/h2>\n<p>Se voc\u00ea est\u00e1 pensando em usar o CamSkip para conhecer novas pessoas e flertar com estranhos, talvez esteja se perguntando se \u00e9 seguro us\u00e1-lo. Embora n\u00e3o haja garantia de que voc\u00ea ter\u00e1 uma experi\u00eancia positiva ao usar o site, h\u00e1 algumas coisas que voc\u00ea pode fazer para ajudar a garantir sua seguran\u00e7a. Primeiro, reserve um tempo para ler as dicas de seguran\u00e7a do site. Essas dicas podem ajud\u00e1-lo a evitar poss\u00edveis \u00e1reas de perigo e garantir que voc\u00ea esteja ciente de como se manter seguro ao usar o site. Al\u00e9m disso, n\u00e3o se esque\u00e7a de conversar com estranhos somente em locais p\u00fablicos. Isso ajudar\u00e1 a reduzir o risco de conhecer algu\u00e9m que talvez n\u00e3o seja t\u00e3o confi\u00e1vel quanto voc\u00ea gostaria. Por fim, confie em seu instinto. Se algo parecer estranho em uma pessoa com quem voc\u00ea est\u00e1 conversando, provavelmente \u00e9 melhor passar para outra pessoa. Ao seguir essas dicas simples de seguran\u00e7a, voc\u00ea pode ajudar a garantir que sua experi\u00eancia com o CamSkip seja positiva.<\/p>\n<h2>Medidas preventivas ao usar o bate-papo por v\u00eddeo aleat\u00f3rio<\/h2>\n<p>Ao usar o bate-papo por v\u00eddeo aleat\u00f3rio, h\u00e1 certas medidas que podem ser tomadas para evitar experi\u00eancias negativas. Primeiro, certifique-se de se conectar somente com pessoas que voc\u00ea conhece e confia. Se voc\u00ea n\u00e3o conhece a pessoa com quem est\u00e1 se conectando, n\u00e3o deixe de pesquisar antes. Em segundo lugar, evite compartilhar informa\u00e7\u00f5es pessoais ou participar de atividades que possam levar a roubo de identidade ou fraude. Por fim, sempre tenha cuidado ao conhecer algu\u00e9m pessoalmente pela primeira vez. Se poss\u00edvel, encontre-se em um local p\u00fablico e leve algu\u00e9m com voc\u00ea. Seguindo essas dicas simples, voc\u00ea pode garantir que sua experi\u00eancia com o bate-papo por v\u00eddeo aleat\u00f3rio seja positiva.<\/p>\n<h2>Alternativa para camskip<\/h2>\n<p>Existem muitas alternativas ao camskip. Se voc\u00ea est\u00e1 procurando uma experi\u00eancia mais sedutora ou apenas quer conhecer novas pessoas, h\u00e1 uma op\u00e7\u00e3o para voc\u00ea. Aqui est\u00e3o algumas das melhores alternativas ao camskip:<\/p>\n<ol>\n<li><a href=\"https:\/\/strangercam.com\/pt-br\/omegle\/\">Omegle<\/a>: Esse site \u00e9 semelhante ao camskip, pois permite que voc\u00ea converse com estranhos. No entanto, ele tamb\u00e9m tem uma se\u00e7\u00e3o onde voc\u00ea pode flertar com as pessoas. Isso o torna excelente para quem est\u00e1 procurando uma experi\u00eancia de flerte mais intensa.<\/li>\n<li>Chatrandom: Esse site \u00e9 semelhante ao camskip, pois permite que voc\u00ea converse com estranhos. No entanto, ele tamb\u00e9m tem uma se\u00e7\u00e3o onde voc\u00ea pode flertar com as pessoas. Isso o torna excelente para quem est\u00e1 procurando uma experi\u00eancia de paquera mais intensa.<\/li>\n<li>DirtyRoulette: Esse site \u00e9 semelhante ao camskip, pois permite que voc\u00ea converse com estranhos. No entanto, ele tamb\u00e9m tem uma se\u00e7\u00e3o em que voc\u00ea pode flertar com as pessoas. Isso o torna excelente para quem est\u00e1 procurando uma experi\u00eancia mais sedutora.<\/li>\n<\/ol>\n<h2>Conclus\u00e3o<\/h2>\n<p>Se estiver procurando uma nova maneira de conhecer pessoas e flertar com estranhos, vale a pena dar uma olhada no camskip. O aplicativo \u00e9 gratuito e f\u00e1cil de navegar, o que o torna uma \u00f3tima op\u00e7\u00e3o para quem tem curiosidade sobre namoro on-line ou simplesmente quer conversar com pessoas de todo o mundo. Quer voc\u00ea esteja procurando amizade ou algo mais, o camskip pode ajud\u00e1-lo a se conectar com pessoas que pensam como voc\u00ea em um ambiente seguro e divertido. Ent\u00e3o, por que n\u00e3o experimentar hoje mesmo?<\/p>","protected":false},"excerpt":{"rendered":"<p>Have you ever wished you could just skip past all the small talk and get to the fun part of meeting new people? Well, now there&#8217;s an app for that! Camskip is a new dating app that allows you to do just that &#8211; meet new people and flirt with strangers, without all the hassle. [&hellip;]<\/p>\n","protected":false},"author":6,"featured_media":559,"parent":0,"menu_order":0,"comment_status":"closed","ping_status":"closed","template":"","meta":{"footnotes":""},"class_list":["post-11194","page","type-page","status-publish","has-post-thumbnail","hentry"],"yoast_head":"<!-- This site is optimized with the Yoast SEO plugin v27.4 - https:\/\/yoast.com\/product\/yoast-seo-wordpress\/ -->\n<title>Camskip - Chat with strangers on StrangerCam.com<\/title>\n<meta name=\"description\" content=\"Like Camskip? Come chat with more than 5.000.000 strangers on Stranger Cam for Free! Turn on your cam and find new friends &amp; maby a match!\" \/>\n<meta name=\"robots\" content=\"index, follow, max-snippet:-1, max-image-preview:large, max-video-preview:-1\" \/>\n<link rel=\"canonical\" href=\"https:\/\/strangercam.com\/pt-br\/camskip\/\" \/>\n<meta property=\"og:locale\" content=\"pt_BR\" \/>\n<meta property=\"og:type\" content=\"article\" \/>\n<meta property=\"og:title\" content=\"Camskip - Chat with strangers on StrangerCam.com\" \/>\n<meta property=\"og:description\" content=\"Like Camskip? Come chat with more than 5.000.000 strangers on Stranger Cam for Free! Turn on your cam and find new friends &amp; maby a match!\" \/>\n<meta property=\"og:url\" content=\"https:\/\/strangercam.com\/pt-br\/camskip\/\" \/>\n<meta property=\"og:site_name\" content=\"Strangercam\" \/>\n<meta property=\"article:publisher\" content=\"https:\/\/www.facebook.com\/strangercam\" \/>\n<meta property=\"article:modified_time\" content=\"2023-08-21T09:40:39+00:00\" \/>\n<meta property=\"og:image\" content=\"https:\/\/strangercam.com\/wp-content\/uploads\/2020\/11\/stranger-cam-1.png\" \/>\n\t<meta property=\"og:image:width\" content=\"800\" \/>\n\t<meta property=\"og:image:height\" content=\"800\" \/>\n\t<meta property=\"og:image:type\" content=\"image\/png\" \/>\n<meta name=\"twitter:card\" content=\"summary_large_image\" \/>\n<meta name=\"twitter:site\" content=\"@strangercamapp\" \/>\n<meta name=\"twitter:label1\" content=\"Est. tempo de leitura\" \/>\n\t<meta name=\"twitter:data1\" content=\"7 minutos\" \/>\n<script type=\"application\/ld+json\" class=\"yoast-schema-graph\">{\"@context\":\"https:\\\/\\\/schema.org\",\"@graph\":[{\"@type\":\"WebPage\",\"@id\":\"https:\\\/\\\/strangercam.com\\\/camskip\\\/\",\"url\":\"https:\\\/\\\/strangercam.com\\\/camskip\\\/\",\"name\":\"Camskip - Chat with strangers on StrangerCam.com\",\"isPartOf\":{\"@id\":\"https:\\\/\\\/strangercam.com\\\/#website\"},\"primaryImageOfPage\":{\"@id\":\"https:\\\/\\\/strangercam.com\\\/camskip\\\/#primaryimage\"},\"image\":{\"@id\":\"https:\\\/\\\/strangercam.com\\\/camskip\\\/#primaryimage\"},\"thumbnailUrl\":\"https:\\\/\\\/strangercam.com\\\/wp-content\\\/uploads\\\/2020\\\/11\\\/stranger-cam-1.png\",\"datePublished\":\"2022-08-11T13:50:53+00:00\",\"dateModified\":\"2023-08-21T09:40:39+00:00\",\"description\":\"Like Camskip? Come chat with more than 5.000.000 strangers on Stranger Cam for Free! Turn on your cam and find new friends & maby a match!\",\"breadcrumb\":{\"@id\":\"https:\\\/\\\/strangercam.com\\\/camskip\\\/#breadcrumb\"},\"inLanguage\":\"pt-BR\",\"potentialAction\":[{\"@type\":\"ReadAction\",\"target\":[\"https:\\\/\\\/strangercam.com\\\/camskip\\\/\"]}]},{\"@type\":\"ImageObject\",\"inLanguage\":\"pt-BR\",\"@id\":\"https:\\\/\\\/strangercam.com\\\/camskip\\\/#primaryimage\",\"url\":\"https:\\\/\\\/strangercam.com\\\/wp-content\\\/uploads\\\/2020\\\/11\\\/stranger-cam-1.png\",\"contentUrl\":\"https:\\\/\\\/strangercam.com\\\/wp-content\\\/uploads\\\/2020\\\/11\\\/stranger-cam-1.png\",\"width\":800,\"height\":800,\"caption\":\"stranger cam random video chat\"},{\"@type\":\"BreadcrumbList\",\"@id\":\"https:\\\/\\\/strangercam.com\\\/camskip\\\/#breadcrumb\",\"itemListElement\":[{\"@type\":\"ListItem\",\"position\":1,\"name\":\"Home\",\"item\":\"https:\\\/\\\/strangercam.com\\\/\"},{\"@type\":\"ListItem\",\"position\":2,\"name\":\"Camskip\"}]},{\"@type\":\"WebSite\",\"@id\":\"https:\\\/\\\/strangercam.com\\\/#website\",\"url\":\"https:\\\/\\\/strangercam.com\\\/\",\"name\":\"Strangercam\",\"description\":\"Random Video Chat with Strangers\",\"publisher\":{\"@id\":\"https:\\\/\\\/strangercam.com\\\/#organization\"},\"alternateName\":\"Strangercam.com\",\"potentialAction\":[{\"@type\":\"SearchAction\",\"target\":{\"@type\":\"EntryPoint\",\"urlTemplate\":\"https:\\\/\\\/strangercam.com\\\/?s={search_term_string}\"},\"query-input\":{\"@type\":\"PropertyValueSpecification\",\"valueRequired\":true,\"valueName\":\"search_term_string\"}}],\"inLanguage\":\"pt-BR\"},{\"@type\":\"Organization\",\"@id\":\"https:\\\/\\\/strangercam.com\\\/#organization\",\"name\":\"Strangercam\",\"alternateName\":\"Strangercam.com\",\"url\":\"https:\\\/\\\/strangercam.com\\\/\",\"logo\":{\"@type\":\"ImageObject\",\"inLanguage\":\"pt-BR\",\"@id\":\"https:\\\/\\\/strangercam.com\\\/#\\\/schema\\\/logo\\\/image\\\/\",\"url\":\"https:\\\/\\\/strangercam.com\\\/wp-content\\\/uploads\\\/2020\\\/11\\\/cropped-new-favicon-black.png\",\"contentUrl\":\"https:\\\/\\\/strangercam.com\\\/wp-content\\\/uploads\\\/2020\\\/11\\\/cropped-new-favicon-black.png\",\"width\":512,\"height\":512,\"caption\":\"Strangercam\"},\"image\":{\"@id\":\"https:\\\/\\\/strangercam.com\\\/#\\\/schema\\\/logo\\\/image\\\/\"},\"sameAs\":[\"https:\\\/\\\/www.facebook.com\\\/strangercam\",\"https:\\\/\\\/x.com\\\/strangercamapp\"]}]}<\/script>\n<!-- \/ Yoast SEO plugin. -->","yoast_head_json":{"title":"Camskip - Converse com estranhos em StrangerCam.com","description":"Gosta do Camskip? Venha conversar com mais de 5.000.000 de desconhecidos no Stranger Cam gratuitamente! Ligue sua c\u00e2mera e encontre novos amigos e talvez um par!","robots":{"index":"index","follow":"follow","max-snippet":"max-snippet:-1","max-image-preview":"max-image-preview:large","max-video-preview":"max-video-preview:-1"},"canonical":"https:\/\/strangercam.com\/pt-br\/camskip\/","og_locale":"pt_BR","og_type":"article","og_title":"Camskip - Chat with strangers on StrangerCam.com","og_description":"Like Camskip? Come chat with more than 5.000.000 strangers on Stranger Cam for Free! Turn on your cam and find new friends & maby a match!","og_url":"https:\/\/strangercam.com\/pt-br\/camskip\/","og_site_name":"Strangercam","article_publisher":"https:\/\/www.facebook.com\/strangercam","article_modified_time":"2023-08-21T09:40:39+00:00","og_image":[{"width":800,"height":800,"url":"https:\/\/strangercam.com\/wp-content\/uploads\/2020\/11\/stranger-cam-1.png","type":"image\/png"}],"twitter_card":"summary_large_image","twitter_site":"@strangercamapp","twitter_misc":{"Est. tempo de leitura":"7 minutos"},"schema":{"@context":"https:\/\/schema.org","@graph":[{"@type":"WebPage","@id":"https:\/\/strangercam.com\/camskip\/","url":"https:\/\/strangercam.com\/camskip\/","name":"Camskip - Converse com estranhos em StrangerCam.com","isPartOf":{"@id":"https:\/\/strangercam.com\/#website"},"primaryImageOfPage":{"@id":"https:\/\/strangercam.com\/camskip\/#primaryimage"},"image":{"@id":"https:\/\/strangercam.com\/camskip\/#primaryimage"},"thumbnailUrl":"https:\/\/strangercam.com\/wp-content\/uploads\/2020\/11\/stranger-cam-1.png","datePublished":"2022-08-11T13:50:53+00:00","dateModified":"2023-08-21T09:40:39+00:00","description":"Gosta do Camskip? Venha conversar com mais de 5.000.000 de desconhecidos no Stranger Cam gratuitamente! Ligue sua c\u00e2mera e encontre novos amigos e talvez um par!","breadcrumb":{"@id":"https:\/\/strangercam.com\/camskip\/#breadcrumb"},"inLanguage":"pt-BR","potentialAction":[{"@type":"ReadAction","target":["https:\/\/strangercam.com\/camskip\/"]}]},{"@type":"ImageObject","inLanguage":"pt-BR","@id":"https:\/\/strangercam.com\/camskip\/#primaryimage","url":"https:\/\/strangercam.com\/wp-content\/uploads\/2020\/11\/stranger-cam-1.png","contentUrl":"https:\/\/strangercam.com\/wp-content\/uploads\/2020\/11\/stranger-cam-1.png","width":800,"height":800,"caption":"stranger cam random video chat"},{"@type":"BreadcrumbList","@id":"https:\/\/strangercam.com\/camskip\/#breadcrumb","itemListElement":[{"@type":"ListItem","position":1,"name":"Home","item":"https:\/\/strangercam.com\/"},{"@type":"ListItem","position":2,"name":"Camskip"}]},{"@type":"WebSite","@id":"https:\/\/strangercam.com\/#website","url":"https:\/\/strangercam.com\/","name":"Strangercam","description":"Bate-papo por v\u00eddeo aleat\u00f3rio com estranhos","publisher":{"@id":"https:\/\/strangercam.com\/#organization"},"alternateName":"Strangercam.com","potentialAction":[{"@type":"SearchAction","target":{"@type":"EntryPoint","urlTemplate":"https:\/\/strangercam.com\/?s={search_term_string}"},"query-input":{"@type":"PropertyValueSpecification","valueRequired":true,"valueName":"search_term_string"}}],"inLanguage":"pt-BR"},{"@type":"Organization","@id":"https:\/\/strangercam.com\/#organization","name":"Strangercam","alternateName":"Strangercam.com","url":"https:\/\/strangercam.com\/","logo":{"@type":"ImageObject","inLanguage":"pt-BR","@id":"https:\/\/strangercam.com\/#\/schema\/logo\/image\/","url":"https:\/\/strangercam.com\/wp-content\/uploads\/2020\/11\/cropped-new-favicon-black.png","contentUrl":"https:\/\/strangercam.com\/wp-content\/uploads\/2020\/11\/cropped-new-favicon-black.png","width":512,"height":512,"caption":"Strangercam"},"image":{"@id":"https:\/\/strangercam.com\/#\/schema\/logo\/image\/"},"sameAs":["https:\/\/www.facebook.com\/strangercam","https:\/\/x.com\/strangercamapp"]}]}},"_links":{"self":[{"href":"https:\/\/strangercam.com\/pt-br\/wp-json\/wp\/v2\/pages\/11194","targetHints":{"allow":["GET"]}}],"collection":[{"href":"https:\/\/strangercam.com\/pt-br\/wp-json\/wp\/v2\/pages"}],"about":[{"href":"https:\/\/strangercam.com\/pt-br\/wp-json\/wp\/v2\/types\/page"}],"author":[{"embeddable":true,"href":"https:\/\/strangercam.com\/pt-br\/wp-json\/wp\/v2\/users\/6"}],"replies":[{"embeddable":true,"href":"https:\/\/strangercam.com\/pt-br\/wp-json\/wp\/v2\/comments?post=11194"}],"version-history":[{"count":0,"href":"https:\/\/strangercam.com\/pt-br\/wp-json\/wp\/v2\/pages\/11194\/revisions"}],"wp:featuredmedia":[{"embeddable":true,"href":"https:\/\/strangercam.com\/pt-br\/wp-json\/wp\/v2\/media\/559"}],"wp:attachment":[{"href":"https:\/\/strangercam.com\/pt-br\/wp-json\/wp\/v2\/media?parent=11194"}],"curies":[{"name":"wp","href":"https:\/\/api.w.org\/{rel}","templated":true}]}}