{"id":11167,"date":"2022-08-11T15:18:17","date_gmt":"2022-08-11T13:18:17","guid":{"rendered":"https:\/\/strangercam.com\/?page_id=11167"},"modified":"2023-08-21T12:48:49","modified_gmt":"2023-08-21T10:48:49","slug":"bate-papo-ao-vivo","status":"publish","type":"page","link":"https:\/\/strangercam.com\/pt-br\/ulive-chat\/","title":{"rendered":"Ulive Chat"},"content":{"rendered":"<p>Nestes dias de distanciamento social, pode ser dif\u00edcil encontrar maneiras de se conectar com outras pessoas. Mas h\u00e1 um lugar onde voc\u00ea sempre pode ir para conversar com estranhos: o ulive-chat. No ulive-chat, voc\u00ea pode <a href=\"https:\/\/strangercam.com\/pt-br\/chatroulette\/\">bate-papo<\/a> com pessoas de todo o mundo sobre tudo e qualquer coisa. Ent\u00e3o, entre e comece <a href=\"https:\/\/strangercam.com\/pt-br\/chatingly\/\">bate-papo<\/a>!<\/p>\n<h2>O que \u00e9 o chat ulive?<\/h2>\n<p>ulive-chat \u00e9 uma nova plataforma de m\u00eddia social que permite que os usu\u00e1rios se conectem uns com os outros por meio de mensagens curtas, de 10 segundos <a href=\"https:\/\/strangercam.com\/pt-br\/rabbit-video-chat\/\">v\u00eddeo<\/a> bate-papos. \u00c9 uma \u00f3tima maneira de <a href=\"https:\/\/strangercam.com\/pt-br\/coomeet\/\">conhecer<\/a> novas pessoas e fazer amigos de todo o mundo. Voc\u00ea pode usar o ulive-chat para falar sobre o que quiser, seja sobre seu programa de TV favorito, as \u00faltimas not\u00edcias ou apenas o que estiver em sua mente.<\/p>\n<h2>Como iniciar um bate-papo no ulive chat<\/h2>\n<p>Se voc\u00ea estiver se sentindo solit\u00e1rio e quiser conversar com algu\u00e9m, o ulive-chat \u00e9 uma \u00f3tima op\u00e7\u00e3o. \u00c9 um servi\u00e7o de bate-papo que o conecta com pessoas de todo o mundo, para que voc\u00ea possa fazer novos amigos e aprender sobre novas culturas. Veja a seguir como iniciar um bate-papo no ulive-chat:<\/p>\n<ol>\n<li>Acesse o site do ulive-chat e crie uma conta.<\/li>\n<li>Quando estiver conectado, clique no bot\u00e3o \"Start Chatting\" (Iniciar bate-papo).<\/li>\n<li>Ser\u00e1 exibida uma lista de pessoas que est\u00e3o on-line no momento. Escolha a pessoa com quem deseja conversar e clique em seu nome.<\/li>\n<li>Uma nova janela de bate-papo ser\u00e1 aberta. Comece a conversar com seu novo amigo!<\/li>\n<\/ol>\n<h2>Sobre o que conversar com estranhos no bate-papo ao vivo<\/h2>\n<p>Se voc\u00ea estiver procurando algo para conversar com estranhos no ulive-chat, aqui est\u00e3o algumas ideias:<\/p>\n<ul>\n<li style=\"font-weight: 400;\" aria-level=\"1\">Apresente-se e pergunte \u00e0 outra pessoa qual \u00e9 o nome dela.<\/li>\n<li style=\"font-weight: 400;\" aria-level=\"1\">De onde eles s\u00e3o?<\/li>\n<li style=\"font-weight: 400;\" aria-level=\"1\">O que eles fazem para viver?<\/li>\n<li style=\"font-weight: 400;\" aria-level=\"1\">Quais s\u00e3o seus hobbies?<\/li>\n<li style=\"font-weight: 400;\" aria-level=\"1\">Eles t\u00eam algum animal de estima\u00e7\u00e3o?<\/li>\n<li style=\"font-weight: 400;\" aria-level=\"1\">Qual \u00e9 a m\u00fasica\/filme\/programa de TV favorito deles?<\/li>\n<li style=\"font-weight: 400;\" aria-level=\"1\">Qual foi o melhor dia de sua vida?<\/li>\n<li style=\"font-weight: 400;\" aria-level=\"1\">Qual \u00e9 o pior medo deles?<\/li>\n<li style=\"font-weight: 400;\" aria-level=\"1\">Qual \u00e9 a maior conquista deles?<\/li>\n<li style=\"font-weight: 400;\" aria-level=\"1\">Eles t\u00eam algum talento estranho?<\/li>\n<li style=\"font-weight: 400;\" aria-level=\"1\">Qual foi o melhor conselho que eles j\u00e1 receberam?<\/li>\n<\/ul>\n<h2>Pr\u00f3s e contras do bate-papo ao vivo<\/h2>\n<p>ulive-chat \u00e9 um site de rede social que permite que os usu\u00e1rios se comuniquem uns com os outros em tempo real. O site existe h\u00e1 alguns anos e conquistou um p\u00fablico fiel de usu\u00e1rios. Entretanto, como todos os sites de redes sociais, h\u00e1 pr\u00f3s e contras no uso do ulive-chat.<\/p>\n<p>Os pr\u00f3s de usar o ulive-chat incluem o seguinte:<\/p>\n<ul>\n<li style=\"font-weight: 400;\" aria-level=\"1\">O site \u00e9 f\u00e1cil de usar e navegar.<\/li>\n<li style=\"font-weight: 400;\" aria-level=\"1\">Os usu\u00e1rios podem se comunicar uns com os outros em tempo real.<\/li>\n<li style=\"font-weight: 400;\" aria-level=\"1\">O site tem um n\u00famero fiel de usu\u00e1rios.<\/li>\n<li style=\"font-weight: 400;\" aria-level=\"1\">O site \u00e9 <a href=\"https:\/\/strangercam.com\/pt-br\/chat4free\/\">gratuito<\/a> para usar.<\/li>\n<\/ul>\n<p>Os contras de usar o ulive-chat s\u00e3o os seguintes:<\/p>\n<ul>\n<li style=\"font-weight: 400;\" aria-level=\"1\">Alguns usu\u00e1rios relataram que o site tem apresentado falhas e lentid\u00e3o em alguns momentos.<\/li>\n<li style=\"font-weight: 400;\" aria-level=\"1\">N\u00e3o h\u00e1 como verificar a identidade de outros usu\u00e1rios, portanto, h\u00e1 a possibilidade de golpes ou fraudes.<\/li>\n<li style=\"font-weight: 400;\" aria-level=\"1\">Alguns usu\u00e1rios reclamaram que a interface do site n\u00e3o \u00e9 t\u00e3o f\u00e1cil de usar quanto poderia ser.<\/li>\n<\/ul>\n<h2>Por que o ulive chat \u00e9 uma plataforma de bate-papo por v\u00eddeo aleat\u00f3rio t\u00e3o popular?<\/h2>\n<p>O ulive-chat \u00e9 uma plataforma popular de bate-papo por v\u00eddeo aleat\u00f3rio por v\u00e1rios motivos. Primeiro, \u00e9 f\u00e1cil de usar e n\u00e3o exige registro. Em segundo lugar, oferece uma ampla gama de recursos que permitem que os usu\u00e1rios personalizem sua experi\u00eancia. Por fim, tem uma forte comunidade de usu\u00e1rios que est\u00e3o sempre dispostos a ajudar os novatos.<\/p>\n<h2>Como encerrar um bate-papo no ulive chat<\/h2>\n<p>Se voc\u00ea terminar de conversar com algu\u00e9m no ulive-chat, basta clicar no bot\u00e3o \"end chat\" (encerrar bate-papo). Isso encerrar\u00e1 a conversa e o levar\u00e1 de volta \u00e0 p\u00e1gina principal do ulive-chat.<\/p>\n<h2>Os benef\u00edcios de conversar com estranhos no bate-papo ao vivo<\/h2>\n<p>Todos n\u00f3s conhecemos o ditado: \"\u00c9 bom conversar com estranhos\". E isso tem muito de verdade. Conversar com estranhos pode ser uma \u00f3tima maneira de sair de sua zona de conforto e conhecer novas pessoas. Mas e se voc\u00ea n\u00e3o tiver certeza de como iniciar uma conversa com um estranho? \u00c9 a\u00ed que entra o ulive-chat.<\/p>\n<p>O ulive-chat \u00e9 um site que permite que voc\u00ea converse com estranhos de todo o mundo. \u00c9 uma \u00f3tima maneira de praticar suas habilidades sociais e conhecer pessoas de diferentes culturas. E o melhor de tudo \u00e9 que \u00e9 totalmente gratuito!<\/p>\n<p>Ent\u00e3o, por que n\u00e3o tentar? Talvez voc\u00ea descubra que conversar com estranhos \u00e9 mais divertido do que voc\u00ea imaginava!<\/p>\n<h2>Como aproveitar ao m\u00e1ximo o bate-papo ao vivo?<\/h2>\n<p>O ulive-chat \u00e9 uma \u00f3tima plataforma para conversar com estranhos e fazer novos amigos. Aqui est\u00e3o algumas dicas para aproveitar ao m\u00e1ximo sua experi\u00eancia no ulive-chat:<\/p>\n<ol>\n<li>Seja aberto e amig\u00e1vel. Ningu\u00e9m quer conversar com uma pessoa mal-humorada, portanto, coloque um sorriso no rosto e esteja pronto para conversar.<\/li>\n<li>N\u00e3o tenha medo de iniciar a conversa. Pode ser dif\u00edcil quebrar o gelo, mas lembre-se de que todos os outros est\u00e3o no mesmo barco. Basta dizer \"oi\" e ver aonde a conversa o levar\u00e1.<\/li>\n<li>Fa\u00e7a perguntas. As pessoas adoram falar sobre si mesmas, portanto, fa\u00e7a muitas perguntas para que a outra pessoa fale. Dessa forma, voc\u00ea aprender\u00e1 todos os tipos de coisas interessantes sobre ela.<\/li>\n<li>Seja um ouvinte ativo. Preste realmente aten\u00e7\u00e3o ao que a outra pessoa est\u00e1 dizendo e voc\u00ea criar\u00e1 rapidamente um relacionamento com ela.<\/li>\n<li>Divirta-se! Conversar com estranhos pode ser muito divertido, portanto, relaxe e aproveite a experi\u00eancia.<\/li>\n<\/ol>\n<h2>Os riscos de conversar com estranhos no bate-papo ao vivo<\/h2>\n<p>Quando voc\u00ea est\u00e1 conversando com algu\u00e9m no ulive-chat, nunca sabe ao certo quem \u00e9 a pessoa. Pode ser qualquer pessoa, de qualquer lugar do mundo, e voc\u00ea n\u00e3o sabe quais s\u00e3o as inten\u00e7\u00f5es dela. Embora seja \u00f3timo conhecer novas pessoas e ter conversas divertidas, voc\u00ea precisa estar ciente dos riscos envolvidos em conversar com estranhos on-line. Aqui est\u00e3o algumas coisas que voc\u00ea deve ter em mente:<\/p>\n<ol>\n<li>Voc\u00ea n\u00e3o sabe quem ela \u00e9. A pessoa com quem voc\u00ea est\u00e1 falando pode estar mentindo sobre sua identidade. Ela pode estar fingindo ser algu\u00e9m que n\u00e3o \u00e9, ou pode estar usando uma foto de perfil falsa. Seja cauteloso ao compartilhar informa\u00e7\u00f5es pessoais com algu\u00e9m que voc\u00ea n\u00e3o conhece.<\/li>\n<li>Eles podem estar tentando engan\u00e1-lo. Infelizmente, h\u00e1 pessoas que tentam tirar proveito dos outros, enganando-os para que enviem dinheiro ou compartilhem informa\u00e7\u00f5es pessoais. Se algu\u00e9m no ulive-chat pedir dinheiro ou o n\u00famero do seu cart\u00e3o de cr\u00e9dito, tome cuidado!<\/li>\n<li>Voc\u00ea pode estar revelando demais sobre si mesmo. Quando voc\u00ea est\u00e1 conversando com algu\u00e9m que n\u00e3o conhece, \u00e9 f\u00e1cil se deixar levar pela conversa e revelar mais do que pretendia. Tenha cuidado com o que voc\u00ea compartilha e n\u00e3o revele nada<\/li>\n<\/ol>\n<h2>\u00c9 seguro us\u00e1-lo?<\/h2>\n<p>Se voc\u00ea est\u00e1 se perguntando se \u00e9 seguro usar o ulive-chat para conversar com estranhos, a resposta \u00e9: depende. Embora o ulive-chat tenha algumas medidas de seguran\u00e7a, como permitir que apenas usu\u00e1rios maiores de 18 anos usem o site, sempre h\u00e1 um risco ao conversar com pessoas que voc\u00ea n\u00e3o conhece on-line.<\/p>\n<p>Dito isso, se voc\u00ea usar o bom senso e tomar algumas precau\u00e7\u00f5es b\u00e1sicas, como n\u00e3o compartilhar informa\u00e7\u00f5es pessoais ou encontrar-se pessoalmente com estranhos, estar\u00e1 seguro. Desde que voc\u00ea esteja ciente dos riscos, usar o ulive-chat para conversar com estranhos pode ser uma experi\u00eancia divertida e interessante.<\/p>\n<h2>Conclus\u00e3o<\/h2>\n<p>Se voc\u00ea estiver procurando uma maneira divertida e f\u00e1cil de se conectar com novas pessoas, vale a pena conferir o ulive-chat. A melhor parte \u00e9 que n\u00e3o h\u00e1 estranhos no ulive-chat - todos est\u00e3o l\u00e1 para conversar e se divertir. Portanto, v\u00e1 em frente e experimente - voc\u00ea pode acabar fazendo novos amigos.<\/p>","protected":false},"excerpt":{"rendered":"<p>In these days of social distancing, it can be hard to find ways to connect with others. But there&#8217;s one place you can always go to talk with strangers: ulive-chat. On ulive-chat, you can chat with people from all over the world about anything and everything. So come on in and start chatting! What is [&hellip;]<\/p>\n","protected":false},"author":6,"featured_media":559,"parent":0,"menu_order":0,"comment_status":"closed","ping_status":"closed","template":"","meta":{"footnotes":""},"class_list":["post-11167","page","type-page","status-publish","has-post-thumbnail","hentry"],"yoast_head":"<!-- This site is optimized with the Yoast SEO plugin v27.4 - https:\/\/yoast.com\/product\/yoast-seo-wordpress\/ -->\n<title>Ulive Chat - Chat with strangers on StrangerCam.com<\/title>\n<meta name=\"description\" content=\"Like Ulive Chat? Come chat with more than 5.000.000 strangers on Stranger Cam for Free! Turn on your cam and find new friends &amp; maby a match!\" \/>\n<meta name=\"robots\" content=\"index, follow, max-snippet:-1, max-image-preview:large, max-video-preview:-1\" \/>\n<link rel=\"canonical\" href=\"https:\/\/strangercam.com\/pt-br\/bate-papo-ao-vivo\/\" \/>\n<meta property=\"og:locale\" content=\"pt_BR\" \/>\n<meta property=\"og:type\" content=\"article\" \/>\n<meta property=\"og:title\" content=\"Ulive Chat - Chat with strangers on StrangerCam.com\" \/>\n<meta property=\"og:description\" content=\"Like Ulive Chat? Come chat with more than 5.000.000 strangers on Stranger Cam for Free! Turn on your cam and find new friends &amp; maby a match!\" \/>\n<meta property=\"og:url\" content=\"https:\/\/strangercam.com\/pt-br\/bate-papo-ao-vivo\/\" \/>\n<meta property=\"og:site_name\" content=\"Strangercam\" \/>\n<meta property=\"article:publisher\" content=\"https:\/\/www.facebook.com\/strangercam\" \/>\n<meta property=\"article:modified_time\" content=\"2023-08-21T10:48:49+00:00\" \/>\n<meta property=\"og:image\" content=\"https:\/\/strangercam.com\/wp-content\/uploads\/2020\/11\/stranger-cam-1.png\" \/>\n\t<meta property=\"og:image:width\" content=\"800\" \/>\n\t<meta property=\"og:image:height\" content=\"800\" \/>\n\t<meta property=\"og:image:type\" content=\"image\/png\" \/>\n<meta name=\"twitter:card\" content=\"summary_large_image\" \/>\n<meta name=\"twitter:site\" content=\"@strangercamapp\" \/>\n<meta name=\"twitter:label1\" content=\"Est. tempo de leitura\" \/>\n\t<meta name=\"twitter:data1\" content=\"6 minutos\" \/>\n<script type=\"application\/ld+json\" class=\"yoast-schema-graph\">{\"@context\":\"https:\\\/\\\/schema.org\",\"@graph\":[{\"@type\":\"WebPage\",\"@id\":\"https:\\\/\\\/strangercam.com\\\/ulive-chat\\\/\",\"url\":\"https:\\\/\\\/strangercam.com\\\/ulive-chat\\\/\",\"name\":\"Ulive Chat - Chat with strangers on StrangerCam.com\",\"isPartOf\":{\"@id\":\"https:\\\/\\\/strangercam.com\\\/#website\"},\"primaryImageOfPage\":{\"@id\":\"https:\\\/\\\/strangercam.com\\\/ulive-chat\\\/#primaryimage\"},\"image\":{\"@id\":\"https:\\\/\\\/strangercam.com\\\/ulive-chat\\\/#primaryimage\"},\"thumbnailUrl\":\"https:\\\/\\\/strangercam.com\\\/wp-content\\\/uploads\\\/2020\\\/11\\\/stranger-cam-1.png\",\"datePublished\":\"2022-08-11T13:18:17+00:00\",\"dateModified\":\"2023-08-21T10:48:49+00:00\",\"description\":\"Like Ulive Chat? Come chat with more than 5.000.000 strangers on Stranger Cam for Free! Turn on your cam and find new friends & maby a match!\",\"breadcrumb\":{\"@id\":\"https:\\\/\\\/strangercam.com\\\/ulive-chat\\\/#breadcrumb\"},\"inLanguage\":\"pt-BR\",\"potentialAction\":[{\"@type\":\"ReadAction\",\"target\":[\"https:\\\/\\\/strangercam.com\\\/ulive-chat\\\/\"]}]},{\"@type\":\"ImageObject\",\"inLanguage\":\"pt-BR\",\"@id\":\"https:\\\/\\\/strangercam.com\\\/ulive-chat\\\/#primaryimage\",\"url\":\"https:\\\/\\\/strangercam.com\\\/wp-content\\\/uploads\\\/2020\\\/11\\\/stranger-cam-1.png\",\"contentUrl\":\"https:\\\/\\\/strangercam.com\\\/wp-content\\\/uploads\\\/2020\\\/11\\\/stranger-cam-1.png\",\"width\":800,\"height\":800,\"caption\":\"stranger cam random video chat\"},{\"@type\":\"BreadcrumbList\",\"@id\":\"https:\\\/\\\/strangercam.com\\\/ulive-chat\\\/#breadcrumb\",\"itemListElement\":[{\"@type\":\"ListItem\",\"position\":1,\"name\":\"Home\",\"item\":\"https:\\\/\\\/strangercam.com\\\/\"},{\"@type\":\"ListItem\",\"position\":2,\"name\":\"Ulive Chat\"}]},{\"@type\":\"WebSite\",\"@id\":\"https:\\\/\\\/strangercam.com\\\/#website\",\"url\":\"https:\\\/\\\/strangercam.com\\\/\",\"name\":\"Strangercam\",\"description\":\"Random Video Chat with Strangers\",\"publisher\":{\"@id\":\"https:\\\/\\\/strangercam.com\\\/#organization\"},\"alternateName\":\"Strangercam.com\",\"potentialAction\":[{\"@type\":\"SearchAction\",\"target\":{\"@type\":\"EntryPoint\",\"urlTemplate\":\"https:\\\/\\\/strangercam.com\\\/?s={search_term_string}\"},\"query-input\":{\"@type\":\"PropertyValueSpecification\",\"valueRequired\":true,\"valueName\":\"search_term_string\"}}],\"inLanguage\":\"pt-BR\"},{\"@type\":\"Organization\",\"@id\":\"https:\\\/\\\/strangercam.com\\\/#organization\",\"name\":\"Strangercam\",\"alternateName\":\"Strangercam.com\",\"url\":\"https:\\\/\\\/strangercam.com\\\/\",\"logo\":{\"@type\":\"ImageObject\",\"inLanguage\":\"pt-BR\",\"@id\":\"https:\\\/\\\/strangercam.com\\\/#\\\/schema\\\/logo\\\/image\\\/\",\"url\":\"https:\\\/\\\/strangercam.com\\\/wp-content\\\/uploads\\\/2020\\\/11\\\/cropped-new-favicon-black.png\",\"contentUrl\":\"https:\\\/\\\/strangercam.com\\\/wp-content\\\/uploads\\\/2020\\\/11\\\/cropped-new-favicon-black.png\",\"width\":512,\"height\":512,\"caption\":\"Strangercam\"},\"image\":{\"@id\":\"https:\\\/\\\/strangercam.com\\\/#\\\/schema\\\/logo\\\/image\\\/\"},\"sameAs\":[\"https:\\\/\\\/www.facebook.com\\\/strangercam\",\"https:\\\/\\\/x.com\\\/strangercamapp\"]}]}<\/script>\n<!-- \/ Yoast SEO plugin. -->","yoast_head_json":{"title":"Ulive Chat - Bate-papo com estranhos em StrangerCam.com","description":"Gosta do Ulive Chat? Venha conversar com mais de 5.000.000 de desconhecidos no Stranger Cam gratuitamente! Ligue sua c\u00e2mera e encontre novos amigos e talvez um par!","robots":{"index":"index","follow":"follow","max-snippet":"max-snippet:-1","max-image-preview":"max-image-preview:large","max-video-preview":"max-video-preview:-1"},"canonical":"https:\/\/strangercam.com\/pt-br\/bate-papo-ao-vivo\/","og_locale":"pt_BR","og_type":"article","og_title":"Ulive Chat - Chat with strangers on StrangerCam.com","og_description":"Like Ulive Chat? Come chat with more than 5.000.000 strangers on Stranger Cam for Free! Turn on your cam and find new friends & maby a match!","og_url":"https:\/\/strangercam.com\/pt-br\/bate-papo-ao-vivo\/","og_site_name":"Strangercam","article_publisher":"https:\/\/www.facebook.com\/strangercam","article_modified_time":"2023-08-21T10:48:49+00:00","og_image":[{"width":800,"height":800,"url":"https:\/\/strangercam.com\/wp-content\/uploads\/2020\/11\/stranger-cam-1.png","type":"image\/png"}],"twitter_card":"summary_large_image","twitter_site":"@strangercamapp","twitter_misc":{"Est. tempo de leitura":"6 minutos"},"schema":{"@context":"https:\/\/schema.org","@graph":[{"@type":"WebPage","@id":"https:\/\/strangercam.com\/ulive-chat\/","url":"https:\/\/strangercam.com\/ulive-chat\/","name":"Ulive Chat - Bate-papo com estranhos em StrangerCam.com","isPartOf":{"@id":"https:\/\/strangercam.com\/#website"},"primaryImageOfPage":{"@id":"https:\/\/strangercam.com\/ulive-chat\/#primaryimage"},"image":{"@id":"https:\/\/strangercam.com\/ulive-chat\/#primaryimage"},"thumbnailUrl":"https:\/\/strangercam.com\/wp-content\/uploads\/2020\/11\/stranger-cam-1.png","datePublished":"2022-08-11T13:18:17+00:00","dateModified":"2023-08-21T10:48:49+00:00","description":"Gosta do Ulive Chat? Venha conversar com mais de 5.000.000 de desconhecidos no Stranger Cam gratuitamente! Ligue sua c\u00e2mera e encontre novos amigos e talvez um par!","breadcrumb":{"@id":"https:\/\/strangercam.com\/ulive-chat\/#breadcrumb"},"inLanguage":"pt-BR","potentialAction":[{"@type":"ReadAction","target":["https:\/\/strangercam.com\/ulive-chat\/"]}]},{"@type":"ImageObject","inLanguage":"pt-BR","@id":"https:\/\/strangercam.com\/ulive-chat\/#primaryimage","url":"https:\/\/strangercam.com\/wp-content\/uploads\/2020\/11\/stranger-cam-1.png","contentUrl":"https:\/\/strangercam.com\/wp-content\/uploads\/2020\/11\/stranger-cam-1.png","width":800,"height":800,"caption":"stranger cam random video chat"},{"@type":"BreadcrumbList","@id":"https:\/\/strangercam.com\/ulive-chat\/#breadcrumb","itemListElement":[{"@type":"ListItem","position":1,"name":"Home","item":"https:\/\/strangercam.com\/"},{"@type":"ListItem","position":2,"name":"Ulive Chat"}]},{"@type":"WebSite","@id":"https:\/\/strangercam.com\/#website","url":"https:\/\/strangercam.com\/","name":"Strangercam","description":"Bate-papo por v\u00eddeo aleat\u00f3rio com estranhos","publisher":{"@id":"https:\/\/strangercam.com\/#organization"},"alternateName":"Strangercam.com","potentialAction":[{"@type":"SearchAction","target":{"@type":"EntryPoint","urlTemplate":"https:\/\/strangercam.com\/?s={search_term_string}"},"query-input":{"@type":"PropertyValueSpecification","valueRequired":true,"valueName":"search_term_string"}}],"inLanguage":"pt-BR"},{"@type":"Organization","@id":"https:\/\/strangercam.com\/#organization","name":"Strangercam","alternateName":"Strangercam.com","url":"https:\/\/strangercam.com\/","logo":{"@type":"ImageObject","inLanguage":"pt-BR","@id":"https:\/\/strangercam.com\/#\/schema\/logo\/image\/","url":"https:\/\/strangercam.com\/wp-content\/uploads\/2020\/11\/cropped-new-favicon-black.png","contentUrl":"https:\/\/strangercam.com\/wp-content\/uploads\/2020\/11\/cropped-new-favicon-black.png","width":512,"height":512,"caption":"Strangercam"},"image":{"@id":"https:\/\/strangercam.com\/#\/schema\/logo\/image\/"},"sameAs":["https:\/\/www.facebook.com\/strangercam","https:\/\/x.com\/strangercamapp"]}]}},"_links":{"self":[{"href":"https:\/\/strangercam.com\/pt-br\/wp-json\/wp\/v2\/pages\/11167","targetHints":{"allow":["GET"]}}],"collection":[{"href":"https:\/\/strangercam.com\/pt-br\/wp-json\/wp\/v2\/pages"}],"about":[{"href":"https:\/\/strangercam.com\/pt-br\/wp-json\/wp\/v2\/types\/page"}],"author":[{"embeddable":true,"href":"https:\/\/strangercam.com\/pt-br\/wp-json\/wp\/v2\/users\/6"}],"replies":[{"embeddable":true,"href":"https:\/\/strangercam.com\/pt-br\/wp-json\/wp\/v2\/comments?post=11167"}],"version-history":[{"count":0,"href":"https:\/\/strangercam.com\/pt-br\/wp-json\/wp\/v2\/pages\/11167\/revisions"}],"wp:featuredmedia":[{"embeddable":true,"href":"https:\/\/strangercam.com\/pt-br\/wp-json\/wp\/v2\/media\/559"}],"wp:attachment":[{"href":"https:\/\/strangercam.com\/pt-br\/wp-json\/wp\/v2\/media?parent=11167"}],"curies":[{"name":"wp","href":"https:\/\/api.w.org\/{rel}","templated":true}]}}