{"id":11154,"date":"2022-08-11T15:12:40","date_gmt":"2022-08-11T13:12:40","guid":{"rendered":"https:\/\/strangercam.com\/?page_id=11154"},"modified":"2023-08-21T12:24:41","modified_gmt":"2023-08-21T10:24:41","slug":"chatride","status":"publish","type":"page","link":"https:\/\/strangercam.com\/pt-br\/chatride\/","title":{"rendered":"Chatride"},"content":{"rendered":"<p>V\u00eddeo aleat\u00f3rio <a href=\"https:\/\/strangercam.com\/pt-br\/chatroulette\/\">bate-papo<\/a> \u00e9 a nova tend\u00eancia, e o Chatride \u00e9 uma das plataformas de bate-papo por v\u00eddeo aleat\u00f3rio mais populares. Se voc\u00ea quiser saber todos os detalhes sobre o Chatride, continue lendo. Neste artigo, abordaremos todos os detalhes que voc\u00ea precisa saber antes de usar essa plataforma.<\/p>\n<h2>O que \u00e9 chatride?<\/h2>\n<p>O Chatride \u00e9 uma nova maneira de conversar com amigos e familiares. \u00c9 uma \u00f3tima maneira de se manter conectado com seus entes queridos, esteja voc\u00ea perto ou longe. Voc\u00ea pode usar o Chatride para conversar com qualquer pessoa no mundo, desde que ela tenha uma conex\u00e3o com a Internet. Tudo o que voc\u00ea precisa \u00e9 de um navegador da Web e uma conta no Chatride. Depois de fazer o login, voc\u00ea pode come\u00e7ar a conversar imediatamente. Basta digitar sua mensagem e clicar em enviar. Sua mensagem aparecer\u00e1 na janela de bate-papo para que todos possam v\u00ea-la. Voc\u00ea tamb\u00e9m pode adicionar amigos e familiares ao seu bate-papo para que eles possam participar da conversa. Ent\u00e3o, o que est\u00e1 esperando? Comece a conversar com seus entes queridos hoje mesmo!<\/p>\n<h2>Quais s\u00e3o os benef\u00edcios do chatride?<\/h2>\n<p>Alguns benef\u00edcios do Chatride incluem:<\/p>\n<ul>\n<li style=\"font-weight: 400;\" aria-level=\"1\">\u00c9 uma \u00f3tima maneira de <a href=\"https:\/\/strangercam.com\/pt-br\/coomeet\/\">conhecer<\/a> novas pessoas de todo o mundo.<\/li>\n<li style=\"font-weight: 400;\" aria-level=\"1\">Voc\u00ea pode aprender sobre diferentes culturas e estilos de vida.<\/li>\n<li style=\"font-weight: 400;\" aria-level=\"1\">Voc\u00ea pode praticar suas habilidades lingu\u00edsticas com falantes nativos.<\/li>\n<li style=\"font-weight: 400;\" aria-level=\"1\">\u00c9 uma maneira divertida e f\u00e1cil de fazer novos amigos.<\/li>\n<\/ul>\n<h2>Como usar o chatride?<\/h2>\n<p>O Chatride \u00e9 uma maneira nova e revolucion\u00e1ria de conversar com pessoas aleat\u00f3rias em todo o mundo. Aqui est\u00e1 um guia r\u00e1pido sobre como usar o Chatride:<\/p>\n<ul>\n<li style=\"font-weight: 400;\" aria-level=\"1\">Primeiro, fa\u00e7a o download do aplicativo em sua loja de aplicativos (dispon\u00edvel para iPhone e Android).<\/li>\n<li style=\"font-weight: 400;\" aria-level=\"1\">Depois de instalar o aplicativo, abra-o e crie uma conta. Voc\u00ea precisar\u00e1 fornecer seu nome, endere\u00e7o de e-mail e uma senha.<\/li>\n<li style=\"font-weight: 400;\" aria-level=\"1\">Depois de fazer o login, voc\u00ea poder\u00e1 come\u00e7ar a conversar com pessoas aleat\u00f3rias. O Chatride encontrar\u00e1 sua melhor combina\u00e7\u00e3o com base em<\/li>\n<\/ul>\n<h2>Dicas para come\u00e7ar a usar o chatride?<\/h2>\n<p>Aqui est\u00e3o algumas dicas para come\u00e7ar:<\/p>\n<ol>\n<li style=\"font-weight: 400;\" aria-level=\"1\">Use a barra de pesquisa: A barra de pesquisa \u00e9 sua melhor amiga no Chatride. Voc\u00ea pode us\u00e1-la para encontrar pessoas com interesses semelhantes aos seus ou para encontrar t\u00f3picos de seu interesse.<\/li>\n<li style=\"font-weight: 400;\" aria-level=\"1\">Conecte-se com as pessoas: o Chatride tem tudo a ver com a conex\u00e3o com as pessoas, portanto, n\u00e3o seja t\u00edmido, entre em contato e comece a conversar com algu\u00e9m. Nunca se sabe quem voc\u00ea conhecer\u00e1!<\/li>\n<li style=\"font-weight: 400;\" aria-level=\"1\">Participe de grupos: Os grupos s\u00e3o uma \u00f3tima maneira de conhecer novas pessoas e encontrar pessoas com a mesma opini\u00e3o. Se houver um grupo que lhe interesse, entre nele e comece a conversar!<\/li>\n<li style=\"font-weight: 400;\" aria-level=\"1\">Use as salas de bate-papo: As salas de bate-papo do Chatride s\u00e3o \u00f3timos lugares para conhecer novas pessoas e ter conversas divertidas. Portanto, v\u00e1 em frente e mergulhe de cabe\u00e7a!<\/li>\n<li style=\"font-weight: 400;\" aria-level=\"1\">Divirta-se! Essa \u00e9 a dica mais importante de todas.<\/li>\n<\/ol>\n<h2>Pr\u00f3s e contras do chatride<\/h2>\n<h4>Pr\u00f3s:<\/h4>\n<ul>\n<li style=\"font-weight: 400;\" aria-level=\"1\">Gratuito para download e uso<\/li>\n<li style=\"font-weight: 400;\" aria-level=\"1\">Pode se conectar com pessoas de todo o mundo<\/li>\n<li style=\"font-weight: 400;\" aria-level=\"1\">A qualidade do v\u00eddeo e do \u00e1udio \u00e9 boa<\/li>\n<li style=\"font-weight: 400;\" aria-level=\"1\">Possui uma variedade de recursos, como texto, voz e <a href=\"https:\/\/strangercam.com\/pt-br\/american-random-video-call\/\">chamada de v\u00eddeo<\/a>, bate-papo em grupo, etc.<\/li>\n<\/ul>\n<h4>Contras:<\/h4>\n<ol>\n<li style=\"font-weight: 400;\" aria-level=\"1\">O aplicativo pode apresentar falhas \u00e0s vezes<\/li>\n<li style=\"font-weight: 400;\" aria-level=\"1\">A conex\u00e3o pode ser perdida facilmente<\/li>\n<\/ol>\n<h2>Chatride vs. outras plataformas de comunica\u00e7\u00e3o<\/h2>\n<p>Existem muitas plataformas de comunica\u00e7\u00e3o no mercado, mas o Chatride \u00e9 definitivamente uma das melhores. Veja por qu\u00ea:<\/p>\n<ul>\n<li style=\"font-weight: 400;\" aria-level=\"1\">O Chatride \u00e9 incrivelmente f\u00e1cil de usar. N\u00e3o \u00e9 necess\u00e1rio ser um especialista em tecnologia para us\u00e1-lo - qualquer pessoa pode peg\u00e1-lo e come\u00e7ar a conversar em poucos minutos.<\/li>\n<li style=\"font-weight: 400;\" aria-level=\"1\">O Chatride \u00e9 totalmente gratuito. N\u00e3o h\u00e1 custos ocultos ou taxas de assinatura - voc\u00ea pode conversar o quanto quiser, sem se preocupar com sua carteira.<\/li>\n<li style=\"font-weight: 400;\" aria-level=\"1\">O Chatride \u00e9 extremamente r\u00e1pido e confi\u00e1vel. Voc\u00ea nunca ter\u00e1 que se preocupar com atrasos ou problemas de conex\u00e3o quando estiver usando o Chatride.<\/li>\n<li style=\"font-weight: 400;\" aria-level=\"1\">O Chatride oferece uma grande variedade de recursos e op\u00e7\u00f5es. N\u00e3o importa se voc\u00ea est\u00e1 procurando um bate-papo em grupo ou mensagens privadas, o Chatride tem tudo o que voc\u00ea precisa.<\/li>\n<li style=\"font-weight: 400;\" aria-level=\"1\">O Chatride est\u00e1 sendo constantemente atualizado com novos recursos e melhorias. A equipe por tr\u00e1s do Chatride est\u00e1 sempre trabalhando duro para garantir que a plataforma seja a melhor poss\u00edvel.<\/li>\n<\/ul>\n<p>Se estiver procurando uma plataforma de comunica\u00e7\u00e3o que atenda a todos os requisitos, n\u00e3o procure mais, o Chatride \u00e9 a melhor op\u00e7\u00e3o!<\/p>\n<h2>Por que o Chatride \u00e9 uma plataforma de bate-papo por v\u00eddeo aleat\u00f3rio t\u00e3o popular?<\/h2>\n<p>H\u00e1 muitas raz\u00f5es pelas quais o Chatride \u00e9 uma plataforma de bate-papo por v\u00eddeo aleat\u00f3rio t\u00e3o popular. Em primeiro lugar, seu uso \u00e9 totalmente gratuito. Voc\u00ea n\u00e3o precisa se inscrever em uma conta nem pagar nenhuma taxa para come\u00e7ar a conversar.<\/p>\n<p>Outro motivo \u00e9 que o Chatride \u00e9 incrivelmente f\u00e1cil de usar. Tudo o que voc\u00ea precisa fazer \u00e9 acessar o site e clicar no bot\u00e3o \"start chatting\". Voc\u00ea se conectar\u00e1 instantaneamente com um estranho aleat\u00f3rio de qualquer lugar do mundo.<\/p>\n<p>A interface de bate-papo tamb\u00e9m \u00e9 muito f\u00e1cil de usar. \u00c9 f\u00e1cil digitar mensagens ou at\u00e9 mesmo enviar emojis e adesivos. Se quiser ver a pessoa com quem est\u00e1 conversando, voc\u00ea pode ativar o recurso de webcam com apenas alguns cliques.<\/p>\n<p>Por fim, o Chatride \u00e9 uma das plataformas de bate-papo aleat\u00f3rio mais populares porque oferece uma grande variedade de recursos. Al\u00e9m de texto e <a href=\"https:\/\/strangercam.com\/pt-br\/rabbit-video-chat\/\">bate-papo por v\u00eddeo<\/a>, Al\u00e9m disso, voc\u00ea pode jogar, compartilhar fotos e at\u00e9 usar o bate-papo por voz. H\u00e1 algo para todos no Chatride!<\/p>\n<h2>\u00c9 seguro us\u00e1-lo?<\/h2>\n<p>Quando se trata de bate-papo on-line, voc\u00ea quer ter certeza de que est\u00e1 usando uma plataforma segura e protegida. O Chatride \u00e9 uma \u00f3tima op\u00e7\u00e3o para quem procura uma maneira segura de bater papo on-line. O site usa criptografia SSL para proteger suas informa\u00e7\u00f5es, e todas as salas de bate-papo s\u00e3o moderadas por membros da equipe. Voc\u00ea tamb\u00e9m pode configurar um perfil pessoal para que somente pessoas conhecidas possam entrar em contato com voc\u00ea.<\/p>\n<h2>Como estar seguro ao usar qualquer plataforma de bate-papo por v\u00eddeo aleat\u00f3ria?<\/h2>\n<p>A maioria <a href=\"https:\/\/strangercam.com\/pt-br\/chathub\/\">bate-papo por v\u00eddeo aleat\u00f3rio<\/a> As plataformas s\u00e3o seguras para uso. No entanto, h\u00e1 algumas coisas que voc\u00ea pode fazer para garantir sua seguran\u00e7a ao usar essas plataformas. Aqui est\u00e3o algumas dicas:<\/p>\n<ul>\n<li style=\"font-weight: 400;\" aria-level=\"1\">Evite compartilhar informa\u00e7\u00f5es pessoais com qualquer pessoa que voc\u00ea conhe\u00e7a em uma plataforma de bate-papo por v\u00eddeo aleat\u00f3ria. Isso inclui seu nome completo, endere\u00e7o, n\u00famero de telefone, endere\u00e7o de e-mail, etc.<\/li>\n<li style=\"font-weight: 400;\" aria-level=\"1\">Se algu\u00e9m que voc\u00ea conhecer em uma plataforma aleat\u00f3ria de bate-papo por v\u00eddeo solicitar informa\u00e7\u00f5es pessoais, n\u00e3o as forne\u00e7a.<\/li>\n<li style=\"font-weight: 400;\" aria-level=\"1\">N\u00e3o se encontre pessoalmente com ningu\u00e9m que tenha conhecido em uma plataforma aleat\u00f3ria de bate-papo por v\u00eddeo.<\/li>\n<li style=\"font-weight: 400;\" aria-level=\"1\">N\u00e3o envie dinheiro a ningu\u00e9m que voc\u00ea conhe\u00e7a em uma plataforma aleat\u00f3ria de bate-papo por v\u00eddeo.<\/li>\n<li style=\"font-weight: 400;\" aria-level=\"1\">Se algu\u00e9m que voc\u00ea conhecer em uma plataforma aleat\u00f3ria de bate-papo por v\u00eddeo pedir dinheiro, n\u00e3o o d\u00ea a essa pessoa.<\/li>\n<\/ul>\n<h2>Conclus\u00e3o<\/h2>\n<p>Em geral, o Chatride \u00e9 uma \u00f3tima maneira de se manter conectado com amigos e familiares em todo o mundo. A melhor parte \u00e9 que seu uso \u00e9 gratuito, portanto, voc\u00ea n\u00e3o precisa se preocupar em gastar dinheiro. Tamb\u00e9m \u00e9 poss\u00edvel criar bate-papos em grupo para que voc\u00ea possa manter contato com v\u00e1rias pessoas ao mesmo tempo. Ent\u00e3o, o que est\u00e1 esperando? V\u00e1 em frente e baixe o Chatride hoje mesmo!<\/p>","protected":false},"excerpt":{"rendered":"<p>Random video chat is the new trend, and Chatride is one of the most popular random video chatting platform. If you want to know all the details about Chatride keep on reading, Here in this article we are going to cover the all details which you need to know before using this platform. What is [&hellip;]<\/p>\n","protected":false},"author":6,"featured_media":559,"parent":0,"menu_order":0,"comment_status":"closed","ping_status":"closed","template":"","meta":{"footnotes":""},"class_list":["post-11154","page","type-page","status-publish","has-post-thumbnail","hentry"],"yoast_head":"<!-- This site is optimized with the Yoast SEO plugin v27.4 - https:\/\/yoast.com\/product\/yoast-seo-wordpress\/ -->\n<title>Chatride - Chat with strangers on StrangerCam.com<\/title>\n<meta name=\"description\" content=\"Like Chatride? Come chat with more than 5.000.000 strangers on Stranger Cam for Free! Turn on your cam and find new friends &amp; maby a match!\" \/>\n<meta name=\"robots\" content=\"index, follow, max-snippet:-1, max-image-preview:large, max-video-preview:-1\" \/>\n<link rel=\"canonical\" href=\"https:\/\/strangercam.com\/pt-br\/chatride\/\" \/>\n<meta property=\"og:locale\" content=\"pt_BR\" \/>\n<meta property=\"og:type\" content=\"article\" \/>\n<meta property=\"og:title\" content=\"Chatride - Chat with strangers on StrangerCam.com\" \/>\n<meta property=\"og:description\" content=\"Like Chatride? Come chat with more than 5.000.000 strangers on Stranger Cam for Free! Turn on your cam and find new friends &amp; maby a match!\" \/>\n<meta property=\"og:url\" content=\"https:\/\/strangercam.com\/pt-br\/chatride\/\" \/>\n<meta property=\"og:site_name\" content=\"Strangercam\" \/>\n<meta property=\"article:publisher\" content=\"https:\/\/www.facebook.com\/strangercam\" \/>\n<meta property=\"article:modified_time\" content=\"2023-08-21T10:24:41+00:00\" \/>\n<meta property=\"og:image\" content=\"https:\/\/strangercam.com\/wp-content\/uploads\/2020\/11\/stranger-cam-1.png\" \/>\n\t<meta property=\"og:image:width\" content=\"800\" \/>\n\t<meta property=\"og:image:height\" content=\"800\" \/>\n\t<meta property=\"og:image:type\" content=\"image\/png\" \/>\n<meta name=\"twitter:card\" content=\"summary_large_image\" \/>\n<meta name=\"twitter:site\" content=\"@strangercamapp\" \/>\n<meta name=\"twitter:label1\" content=\"Est. tempo de leitura\" \/>\n\t<meta name=\"twitter:data1\" content=\"5 minutos\" \/>\n<script type=\"application\/ld+json\" class=\"yoast-schema-graph\">{\"@context\":\"https:\\\/\\\/schema.org\",\"@graph\":[{\"@type\":\"WebPage\",\"@id\":\"https:\\\/\\\/strangercam.com\\\/chatride\\\/\",\"url\":\"https:\\\/\\\/strangercam.com\\\/chatride\\\/\",\"name\":\"Chatride - Chat with strangers on StrangerCam.com\",\"isPartOf\":{\"@id\":\"https:\\\/\\\/strangercam.com\\\/#website\"},\"primaryImageOfPage\":{\"@id\":\"https:\\\/\\\/strangercam.com\\\/chatride\\\/#primaryimage\"},\"image\":{\"@id\":\"https:\\\/\\\/strangercam.com\\\/chatride\\\/#primaryimage\"},\"thumbnailUrl\":\"https:\\\/\\\/strangercam.com\\\/wp-content\\\/uploads\\\/2020\\\/11\\\/stranger-cam-1.png\",\"datePublished\":\"2022-08-11T13:12:40+00:00\",\"dateModified\":\"2023-08-21T10:24:41+00:00\",\"description\":\"Like Chatride? Come chat with more than 5.000.000 strangers on Stranger Cam for Free! Turn on your cam and find new friends & maby a match!\",\"breadcrumb\":{\"@id\":\"https:\\\/\\\/strangercam.com\\\/chatride\\\/#breadcrumb\"},\"inLanguage\":\"pt-BR\",\"potentialAction\":[{\"@type\":\"ReadAction\",\"target\":[\"https:\\\/\\\/strangercam.com\\\/chatride\\\/\"]}]},{\"@type\":\"ImageObject\",\"inLanguage\":\"pt-BR\",\"@id\":\"https:\\\/\\\/strangercam.com\\\/chatride\\\/#primaryimage\",\"url\":\"https:\\\/\\\/strangercam.com\\\/wp-content\\\/uploads\\\/2020\\\/11\\\/stranger-cam-1.png\",\"contentUrl\":\"https:\\\/\\\/strangercam.com\\\/wp-content\\\/uploads\\\/2020\\\/11\\\/stranger-cam-1.png\",\"width\":800,\"height\":800,\"caption\":\"stranger cam random video chat\"},{\"@type\":\"BreadcrumbList\",\"@id\":\"https:\\\/\\\/strangercam.com\\\/chatride\\\/#breadcrumb\",\"itemListElement\":[{\"@type\":\"ListItem\",\"position\":1,\"name\":\"Home\",\"item\":\"https:\\\/\\\/strangercam.com\\\/\"},{\"@type\":\"ListItem\",\"position\":2,\"name\":\"Chatride\"}]},{\"@type\":\"WebSite\",\"@id\":\"https:\\\/\\\/strangercam.com\\\/#website\",\"url\":\"https:\\\/\\\/strangercam.com\\\/\",\"name\":\"Strangercam\",\"description\":\"Random Video Chat with Strangers\",\"publisher\":{\"@id\":\"https:\\\/\\\/strangercam.com\\\/#organization\"},\"alternateName\":\"Strangercam.com\",\"potentialAction\":[{\"@type\":\"SearchAction\",\"target\":{\"@type\":\"EntryPoint\",\"urlTemplate\":\"https:\\\/\\\/strangercam.com\\\/?s={search_term_string}\"},\"query-input\":{\"@type\":\"PropertyValueSpecification\",\"valueRequired\":true,\"valueName\":\"search_term_string\"}}],\"inLanguage\":\"pt-BR\"},{\"@type\":\"Organization\",\"@id\":\"https:\\\/\\\/strangercam.com\\\/#organization\",\"name\":\"Strangercam\",\"alternateName\":\"Strangercam.com\",\"url\":\"https:\\\/\\\/strangercam.com\\\/\",\"logo\":{\"@type\":\"ImageObject\",\"inLanguage\":\"pt-BR\",\"@id\":\"https:\\\/\\\/strangercam.com\\\/#\\\/schema\\\/logo\\\/image\\\/\",\"url\":\"https:\\\/\\\/strangercam.com\\\/wp-content\\\/uploads\\\/2020\\\/11\\\/cropped-new-favicon-black.png\",\"contentUrl\":\"https:\\\/\\\/strangercam.com\\\/wp-content\\\/uploads\\\/2020\\\/11\\\/cropped-new-favicon-black.png\",\"width\":512,\"height\":512,\"caption\":\"Strangercam\"},\"image\":{\"@id\":\"https:\\\/\\\/strangercam.com\\\/#\\\/schema\\\/logo\\\/image\\\/\"},\"sameAs\":[\"https:\\\/\\\/www.facebook.com\\\/strangercam\",\"https:\\\/\\\/x.com\\\/strangercamapp\"]}]}<\/script>\n<!-- \/ Yoast SEO plugin. -->","yoast_head_json":{"title":"Chatride - Bate-papo com estranhos em StrangerCam.com","description":"Gosta do Chatride? Venha bater papo com mais de 5.000.000 de desconhecidos no Stranger Cam de gra\u00e7a! Ligue sua c\u00e2mera e encontre novos amigos e talvez um par!","robots":{"index":"index","follow":"follow","max-snippet":"max-snippet:-1","max-image-preview":"max-image-preview:large","max-video-preview":"max-video-preview:-1"},"canonical":"https:\/\/strangercam.com\/pt-br\/chatride\/","og_locale":"pt_BR","og_type":"article","og_title":"Chatride - Chat with strangers on StrangerCam.com","og_description":"Like Chatride? Come chat with more than 5.000.000 strangers on Stranger Cam for Free! Turn on your cam and find new friends & maby a match!","og_url":"https:\/\/strangercam.com\/pt-br\/chatride\/","og_site_name":"Strangercam","article_publisher":"https:\/\/www.facebook.com\/strangercam","article_modified_time":"2023-08-21T10:24:41+00:00","og_image":[{"width":800,"height":800,"url":"https:\/\/strangercam.com\/wp-content\/uploads\/2020\/11\/stranger-cam-1.png","type":"image\/png"}],"twitter_card":"summary_large_image","twitter_site":"@strangercamapp","twitter_misc":{"Est. tempo de leitura":"5 minutos"},"schema":{"@context":"https:\/\/schema.org","@graph":[{"@type":"WebPage","@id":"https:\/\/strangercam.com\/chatride\/","url":"https:\/\/strangercam.com\/chatride\/","name":"Chatride - Bate-papo com estranhos em StrangerCam.com","isPartOf":{"@id":"https:\/\/strangercam.com\/#website"},"primaryImageOfPage":{"@id":"https:\/\/strangercam.com\/chatride\/#primaryimage"},"image":{"@id":"https:\/\/strangercam.com\/chatride\/#primaryimage"},"thumbnailUrl":"https:\/\/strangercam.com\/wp-content\/uploads\/2020\/11\/stranger-cam-1.png","datePublished":"2022-08-11T13:12:40+00:00","dateModified":"2023-08-21T10:24:41+00:00","description":"Gosta do Chatride? Venha bater papo com mais de 5.000.000 de desconhecidos no Stranger Cam de gra\u00e7a! Ligue sua c\u00e2mera e encontre novos amigos e talvez um par!","breadcrumb":{"@id":"https:\/\/strangercam.com\/chatride\/#breadcrumb"},"inLanguage":"pt-BR","potentialAction":[{"@type":"ReadAction","target":["https:\/\/strangercam.com\/chatride\/"]}]},{"@type":"ImageObject","inLanguage":"pt-BR","@id":"https:\/\/strangercam.com\/chatride\/#primaryimage","url":"https:\/\/strangercam.com\/wp-content\/uploads\/2020\/11\/stranger-cam-1.png","contentUrl":"https:\/\/strangercam.com\/wp-content\/uploads\/2020\/11\/stranger-cam-1.png","width":800,"height":800,"caption":"stranger cam random video chat"},{"@type":"BreadcrumbList","@id":"https:\/\/strangercam.com\/chatride\/#breadcrumb","itemListElement":[{"@type":"ListItem","position":1,"name":"Home","item":"https:\/\/strangercam.com\/"},{"@type":"ListItem","position":2,"name":"Chatride"}]},{"@type":"WebSite","@id":"https:\/\/strangercam.com\/#website","url":"https:\/\/strangercam.com\/","name":"Strangercam","description":"Bate-papo por v\u00eddeo aleat\u00f3rio com estranhos","publisher":{"@id":"https:\/\/strangercam.com\/#organization"},"alternateName":"Strangercam.com","potentialAction":[{"@type":"SearchAction","target":{"@type":"EntryPoint","urlTemplate":"https:\/\/strangercam.com\/?s={search_term_string}"},"query-input":{"@type":"PropertyValueSpecification","valueRequired":true,"valueName":"search_term_string"}}],"inLanguage":"pt-BR"},{"@type":"Organization","@id":"https:\/\/strangercam.com\/#organization","name":"Strangercam","alternateName":"Strangercam.com","url":"https:\/\/strangercam.com\/","logo":{"@type":"ImageObject","inLanguage":"pt-BR","@id":"https:\/\/strangercam.com\/#\/schema\/logo\/image\/","url":"https:\/\/strangercam.com\/wp-content\/uploads\/2020\/11\/cropped-new-favicon-black.png","contentUrl":"https:\/\/strangercam.com\/wp-content\/uploads\/2020\/11\/cropped-new-favicon-black.png","width":512,"height":512,"caption":"Strangercam"},"image":{"@id":"https:\/\/strangercam.com\/#\/schema\/logo\/image\/"},"sameAs":["https:\/\/www.facebook.com\/strangercam","https:\/\/x.com\/strangercamapp"]}]}},"_links":{"self":[{"href":"https:\/\/strangercam.com\/pt-br\/wp-json\/wp\/v2\/pages\/11154","targetHints":{"allow":["GET"]}}],"collection":[{"href":"https:\/\/strangercam.com\/pt-br\/wp-json\/wp\/v2\/pages"}],"about":[{"href":"https:\/\/strangercam.com\/pt-br\/wp-json\/wp\/v2\/types\/page"}],"author":[{"embeddable":true,"href":"https:\/\/strangercam.com\/pt-br\/wp-json\/wp\/v2\/users\/6"}],"replies":[{"embeddable":true,"href":"https:\/\/strangercam.com\/pt-br\/wp-json\/wp\/v2\/comments?post=11154"}],"version-history":[{"count":0,"href":"https:\/\/strangercam.com\/pt-br\/wp-json\/wp\/v2\/pages\/11154\/revisions"}],"wp:featuredmedia":[{"embeddable":true,"href":"https:\/\/strangercam.com\/pt-br\/wp-json\/wp\/v2\/media\/559"}],"wp:attachment":[{"href":"https:\/\/strangercam.com\/pt-br\/wp-json\/wp\/v2\/media?parent=11154"}],"curies":[{"name":"wp","href":"https:\/\/api.w.org\/{rel}","templated":true}]}}