{"id":11142,"date":"2022-08-11T15:06:21","date_gmt":"2022-08-11T13:06:21","guid":{"rendered":"https:\/\/strangercam.com\/?page_id=11142"},"modified":"2023-08-21T11:40:39","modified_gmt":"2023-08-21T09:40:39","slug":"camki","status":"publish","type":"page","link":"https:\/\/strangercam.com\/pt-br\/camki\/","title":{"rendered":"Camki"},"content":{"rendered":"<p>H\u00e1 muitas plataformas de bate-papo on-line dispon\u00edveis atualmente. Entre elas, a Camki \u00e9 uma plataforma de bate-papo on-line confi\u00e1vel que oferece v\u00e1rios recursos a seus usu\u00e1rios. Alguns desses recursos incluem suporte a chamadas de \u00e1udio e v\u00eddeo, mensagens instant\u00e2neas, compartilhamento de arquivos, etc.<\/p>\n<h2>O que \u00e9 Camki?<\/h2>\n<p>O Camki \u00e9 uma nova plataforma de bate-papo on-line que vem ganhando popularidade ultimamente. \u00c9 uma plataforma confi\u00e1vel e f\u00e1cil de usar que oferece muitos recursos aos seus usu\u00e1rios. O Camki \u00e9 um \u00f3timo lugar para se conectar com amigos e familiares, bem como com <a href=\"https:\/\/strangercam.com\/pt-br\/coomeet\/\">conhecer<\/a> novas pessoas de todo o mundo. A plataforma tamb\u00e9m \u00e9 perfeita para empresas, pois permite que elas se comuniquem com clientes e consumidores em tempo real.<\/p>\n<h2>Como usar o Camki?<\/h2>\n<p>Se estiver procurando uma plataforma de bate-papo on-line confi\u00e1vel, o Camki \u00e9 a escolha perfeita. O Camki \u00e9 f\u00e1cil de usar e oferece uma variedade de recursos que o tornam uma \u00f3tima op\u00e7\u00e3o para bate-papo on-line. Aqui est\u00e3o algumas dicas sobre como usar o Camki:<\/p>\n<ul>\n<li style=\"font-weight: 400;\" aria-level=\"1\">Para come\u00e7ar a usar o Camki, inscreva-se em uma conta gratuita. Voc\u00ea precisar\u00e1 fornecer seu nome, endere\u00e7o de e-mail e criar uma senha.<\/li>\n<li style=\"font-weight: 400;\" aria-level=\"1\">Depois de criar sua conta, fa\u00e7a login e clique no bot\u00e3o \"Create a Room\" (Criar uma sala).<\/li>\n<li style=\"font-weight: 400;\" aria-level=\"1\">Digite um nome de sala e uma senha (opcional).<\/li>\n<li style=\"font-weight: 400;\" aria-level=\"1\">Para iniciar o bate-papo, clique no bot\u00e3o \"Start Chatting\" (Iniciar bate-papo). Voc\u00ea tamb\u00e9m pode usar o aplicativo da WebCamki para <a href=\"https:\/\/strangercam.com\/pt-br\/chathub\/\">bate-papo<\/a> com estranhos aleat\u00f3rios.<\/li>\n<\/ul>\n<h2>As vantagens de usar o Camki<\/h2>\n<p>H\u00e1 muitas vantagens em usar o Camki como sua plataforma de bate-papo on-line. Aqui est\u00e3o apenas alguns dos motivos pelos quais o Camki \u00e9 a melhor op\u00e7\u00e3o para voc\u00ea:<\/p>\n<ol>\n<li style=\"font-weight: 400;\" aria-level=\"1\">O Camki \u00e9 incrivelmente amig\u00e1vel e f\u00e1cil de usar. Voc\u00ea n\u00e3o precisa de nenhuma habilidade t\u00e9cnica especial para come\u00e7ar - basta fazer o login e come\u00e7ar a conversar!<\/li>\n<li style=\"font-weight: 400;\" aria-level=\"1\">O Camki \u00e9 totalmente seguro e confidencial. Todas as suas conversas s\u00e3o privadas e nunca ser\u00e3o compartilhadas com ningu\u00e9m.<\/li>\n<li style=\"font-weight: 400;\" aria-level=\"1\">O Camki \u00e9 totalmente gratuito. N\u00e3o h\u00e1 custos ou taxas ocultas - voc\u00ea pode conversar pelo tempo que quiser, sem gastar um centavo.<\/li>\n<li style=\"font-weight: 400;\" aria-level=\"1\">O Camki oferece uma grande variedade de recursos e op\u00e7\u00f5es, para que voc\u00ea possa personalizar sua experi\u00eancia de bate-papo de acordo com suas necessidades. Voc\u00ea pode escolher entre uma variedade de avatares, planos de fundo e fontes, e at\u00e9 mesmo adicionar efeitos especiais aos seus bate-papos.<\/li>\n<li style=\"font-weight: 400;\" aria-level=\"1\">O Camki est\u00e1 sempre se expandindo e melhorando. Estamos constantemente adicionando novos recursos e fazendo melhorias com base no feedback de nossos usu\u00e1rios. Portanto, voc\u00ea pode ter certeza de que o Camki sempre oferecer\u00e1 a melhor experi\u00eancia de bate-papo poss\u00edvel.<\/li>\n<\/ol>\n<h2>As desvantagens de usar o Camki<\/h2>\n<p>Os usu\u00e1rios devem estar cientes de algumas desvantagens do uso do Camki. Primeiro, a plataforma n\u00e3o \u00e9 t\u00e3o segura quanto algumas das outras op\u00e7\u00f5es dispon\u00edveis. Isso significa que suas conversas podem estar vulner\u00e1veis a serem hackeadas ou interceptadas. Al\u00e9m disso, o Camki n\u00e3o tem muitos recursos em compara\u00e7\u00e3o com outras plataformas, portanto, voc\u00ea pode se sentir limitado no que pode fazer.<\/p>\n<h2>Caracter\u00edsticas significativas do Camki<\/h2>\n<p>Se voc\u00ea estiver procurando uma plataforma de bate-papo on-line confi\u00e1vel, o Camki \u00e9 a escolha perfeita. Ele oferece uma variedade de recursos que o destacam de outras plataformas de bate-papo. Aqui est\u00e3o alguns dos recursos mais importantes do Camki:<\/p>\n<ul>\n<li style=\"font-weight: 400;\" aria-level=\"1\">O Camki \u00e9 incrivelmente amig\u00e1vel e f\u00e1cil de usar. Mesmo que n\u00e3o esteja familiarizado com plataformas de bate-papo, voc\u00ea poder\u00e1 descobrir como usar o Camki em poucos minutos.<\/li>\n<li style=\"font-weight: 400;\" aria-level=\"1\">O Camki oferece um alto n\u00edvel de seguran\u00e7a e privacidade. Todas as suas conversas e bate-papos s\u00e3o protegidos e ningu\u00e9m poder\u00e1 acess\u00e1-los, a menos que voc\u00ea d\u00ea permiss\u00e3o.<\/li>\n<li style=\"font-weight: 400;\" aria-level=\"1\">O Camki \u00e9 uma \u00f3tima plataforma para fazer contatos e conhecer novas pessoas. Voc\u00ea pode encontrar pessoas com interesses semelhantes aos seus e se conectar com elas facilmente.<\/li>\n<li style=\"font-weight: 400;\" aria-level=\"1\">O Camki tamb\u00e9m oferece uma variedade de recursos que permitem personalizar sua experi\u00eancia de bate-papo. Por exemplo, voc\u00ea pode alterar o tamanho da fonte, a cor e o plano de fundo da janela de bate-papo para torn\u00e1-la mais pessoal.<\/li>\n<\/ul>\n<p>Se voc\u00ea est\u00e1 procurando uma plataforma de bate-papo on-line confi\u00e1vel e repleta de recursos, o Camki \u00e9 a escolha perfeita!<\/p>\n<h2>Como aproveitar ao m\u00e1ximo o Camki?<\/h2>\n<p>Se voc\u00ea estiver procurando uma plataforma de bate-papo on-line confi\u00e1vel, vale a pena conferir o Camki. Com sua interface f\u00e1cil de usar e uma grande variedade de recursos, o Camki facilita a conex\u00e3o com amigos e familiares, n\u00e3o importa em que lugar do mundo eles estejam. Aqui est\u00e3o algumas dicas sobre como aproveitar ao m\u00e1ximo o Camki:<\/p>\n<ol>\n<li style=\"font-weight: 400;\" aria-level=\"1\">Use a fun\u00e7\u00e3o de pesquisa para encontrar pessoas que voc\u00ea conhece ou que deseja conhecer. Voc\u00ea pode pesquisar pessoas pelo nome de usu\u00e1rio, endere\u00e7o de e-mail ou at\u00e9 mesmo pela localiza\u00e7\u00e3o.<\/li>\n<li style=\"font-weight: 400;\" aria-level=\"1\">Depois de encontrar algu\u00e9m com quem deseja conversar, basta clicar no nome dessa pessoa e come\u00e7ar a conversar. O Camki tamb\u00e9m permite fazer chamadas com v\u00eddeo, para que voc\u00ea realmente sinta que est\u00e1 conversando cara a cara, n\u00e3o importa onde esteja.<\/li>\n<li style=\"font-weight: 400;\" aria-level=\"1\">N\u00e3o se esque\u00e7a de aproveitar os outros recursos do Camki, como bate-papo em grupo e compartilhamento de arquivos. Eles podem ser \u00fateis quando voc\u00ea estiver trabalhando em um projeto com amigos ou precisar compartilhar um arquivo grande de forma r\u00e1pida e f\u00e1cil.<\/li>\n<li style=\"font-weight: 400;\" aria-level=\"1\">E, por \u00faltimo, mas n\u00e3o menos importante, divirta-se! O Camki \u00e9 uma \u00f3tima maneira de se manter conectado com as pessoas de quem voc\u00ea gosta, portanto, n\u00e3o deixe de se divertir ao us\u00e1-lo<\/li>\n<\/ol>\n<h2>\u00c9 seguro us\u00e1-lo?<\/h2>\n<p>Quando se trata de plataformas de bate-papo on-line, h\u00e1 sempre a quest\u00e3o da seguran\u00e7a. \u00c9 seguro usar o Camki? A resposta \u00e9 sim! O Camki \u00e9 uma plataforma de bate-papo on-line confi\u00e1vel que leva a seguran\u00e7a e a privacidade a s\u00e9rio. Todos os bate-papos no Camki s\u00e3o criptografados de ponta a ponta, o que significa que somente o remetente e o destinat\u00e1rio podem ler as mensagens. Al\u00e9m disso, o Camki n\u00e3o coleta nem armazena nenhum dado do usu\u00e1rio. Portanto, voc\u00ea pode ter certeza de que suas conversas s\u00e3o privadas e seguras.<\/p>\n<h2>Medidas preventivas durante o uso do Camki<\/h2>\n<p>Todos n\u00f3s sabemos a import\u00e2ncia de ser cuidadoso ao usar a m\u00eddia social e outras plataformas on-line. O mesmo se aplica ao Camki, uma plataforma de bate-papo on-line. Aqui est\u00e3o algumas medidas preventivas que voc\u00ea deve tomar ao usar o Camki:<\/p>\n<ol>\n<li style=\"font-weight: 400;\" aria-level=\"1\">N\u00e3o compartilhe suas informa\u00e7\u00f5es pessoais com ningu\u00e9m no Camki. Isso inclui seu nome completo, endere\u00e7o, n\u00famero de telefone, endere\u00e7o de e-mail, etc.<\/li>\n<li style=\"font-weight: 400;\" aria-level=\"1\">Tenha cuidado com os links em que voc\u00ea clica ao usar o Camki. Alguns links podem ser maliciosos e podem lev\u00e1-lo a sites de phishing ou baixar malware em seu dispositivo.<\/li>\n<li style=\"font-weight: 400;\" aria-level=\"1\">N\u00e3o se envolva em nenhuma atividade ilegal no Camki. Isso inclui o compartilhamento de material protegido por direitos autorais ou o envolvimento em cyberbullying.<\/li>\n<li style=\"font-weight: 400;\" aria-level=\"1\">Se voc\u00ea encontrar alguma atividade suspeita no Camki, informe imediatamente aos administradores da plataforma.<\/li>\n<\/ol>\n<p>Seguindo essas diretrizes simples, voc\u00ea pode garantir uma experi\u00eancia segura e agrad\u00e1vel ao usar o Camki!<\/p>\n<h2>Alternativas ao Camki<\/h2>\n<p>Quando se trata de plataformas de bate-papo por v\u00eddeo aleat\u00f3rio on-line, o Camki \u00e9 uma das op\u00e7\u00f5es mais confi\u00e1veis que existem. Entretanto, h\u00e1 outras plataformas dispon\u00edveis que oferecem recursos e funcionalidades semelhantes. Aqui est\u00e3o algumas alternativas ao Camki que voc\u00ea talvez queira considerar:<\/p>\n<p><a href=\"https:\/\/strangercam.com\/pt-br\/omegle\/\">Omegle<\/a>: O Omegle \u00e9 uma das plataformas de bate-papo por v\u00eddeo aleat\u00f3rio mais conhecidas. Ela oferece uma variedade de recursos, incluindo bate-papo por texto e v\u00eddeo, e est\u00e1 dispon\u00edvel em v\u00e1rios dispositivos.<\/p>\n<p><a href=\"https:\/\/strangercam.com\/pt-br\/chatroulette\/\">Chatroulette<\/a>: O Chatroulette \u00e9 outra plataforma popular de bate-papo por v\u00eddeo que permite que voc\u00ea se conecte com pessoas de todo o mundo. Ela oferece uma variedade de recursos, incluindo a possibilidade de conversar com pessoas de pa\u00edses espec\u00edficos.<\/p>\n<p><a href=\"https:\/\/strangercam.com\/pt-br\/bazoocam\/\">Bazoocam<\/a>: O Bazoocam \u00e9 outra plataforma de bate-papo por v\u00eddeo aleat\u00f3rio que oferece uma variedade de recursos, incluindo a possibilidade de conversar com pessoas de pa\u00edses espec\u00edficos.<\/p>\n<h2>Conclus\u00e3o<\/h2>\n<p>Esperamos que tenha gostado do nosso artigo sobre o Camki, uma plataforma de bate-papo on-line confi\u00e1vel. Se estiver procurando uma nova maneira de se comunicar com seus amigos ou se estiver apenas curioso sobre o que o Camki tem a oferecer, acreditamos que ficar\u00e1 impressionado com seus recursos. Se tiver alguma d\u00favida ou coment\u00e1rio, sinta-se \u00e0 vontade para deix\u00e1-los na se\u00e7\u00e3o abaixo.<\/p>","protected":false},"excerpt":{"rendered":"<p>There are many online chatting platforms available today. Among them, Camki is a reliable online chatting platform that offers various features to its users. Some of these features include audio and video call support, instant messaging, file sharing, etc. What is Camki? Camki is a new online chatting platform that has been gaining popularity lately. [&hellip;]<\/p>\n","protected":false},"author":6,"featured_media":559,"parent":0,"menu_order":0,"comment_status":"closed","ping_status":"closed","template":"","meta":{"footnotes":""},"class_list":["post-11142","page","type-page","status-publish","has-post-thumbnail","hentry"],"yoast_head":"<!-- This site is optimized with the Yoast SEO plugin v27.4 - https:\/\/yoast.com\/product\/yoast-seo-wordpress\/ -->\n<title>Camki - Chat with strangers on StrangerCam.com<\/title>\n<meta name=\"description\" content=\"Like Camki? Come chat with more than 5.000.000 strangers on Stranger Cam for Free! Turn on your cam and find new friends &amp; maby a match!\" \/>\n<meta name=\"robots\" content=\"index, follow, max-snippet:-1, max-image-preview:large, max-video-preview:-1\" \/>\n<link rel=\"canonical\" href=\"https:\/\/strangercam.com\/pt-br\/camki\/\" \/>\n<meta property=\"og:locale\" content=\"pt_BR\" \/>\n<meta property=\"og:type\" content=\"article\" \/>\n<meta property=\"og:title\" content=\"Camki - Chat with strangers on StrangerCam.com\" \/>\n<meta property=\"og:description\" content=\"Like Camki? Come chat with more than 5.000.000 strangers on Stranger Cam for Free! Turn on your cam and find new friends &amp; maby a match!\" \/>\n<meta property=\"og:url\" content=\"https:\/\/strangercam.com\/pt-br\/camki\/\" \/>\n<meta property=\"og:site_name\" content=\"Strangercam\" \/>\n<meta property=\"article:publisher\" content=\"https:\/\/www.facebook.com\/strangercam\" \/>\n<meta property=\"article:modified_time\" content=\"2023-08-21T09:40:39+00:00\" \/>\n<meta property=\"og:image\" content=\"https:\/\/strangercam.com\/wp-content\/uploads\/2020\/11\/stranger-cam-1.png\" \/>\n\t<meta property=\"og:image:width\" content=\"800\" \/>\n\t<meta property=\"og:image:height\" content=\"800\" \/>\n\t<meta property=\"og:image:type\" content=\"image\/png\" \/>\n<meta name=\"twitter:card\" content=\"summary_large_image\" \/>\n<meta name=\"twitter:site\" content=\"@strangercamapp\" \/>\n<meta name=\"twitter:label1\" content=\"Est. tempo de leitura\" \/>\n\t<meta name=\"twitter:data1\" content=\"6 minutos\" \/>\n<script type=\"application\/ld+json\" class=\"yoast-schema-graph\">{\"@context\":\"https:\\\/\\\/schema.org\",\"@graph\":[{\"@type\":\"WebPage\",\"@id\":\"https:\\\/\\\/strangercam.com\\\/camki\\\/\",\"url\":\"https:\\\/\\\/strangercam.com\\\/camki\\\/\",\"name\":\"Camki - Chat with strangers on StrangerCam.com\",\"isPartOf\":{\"@id\":\"https:\\\/\\\/strangercam.com\\\/#website\"},\"primaryImageOfPage\":{\"@id\":\"https:\\\/\\\/strangercam.com\\\/camki\\\/#primaryimage\"},\"image\":{\"@id\":\"https:\\\/\\\/strangercam.com\\\/camki\\\/#primaryimage\"},\"thumbnailUrl\":\"https:\\\/\\\/strangercam.com\\\/wp-content\\\/uploads\\\/2020\\\/11\\\/stranger-cam-1.png\",\"datePublished\":\"2022-08-11T13:06:21+00:00\",\"dateModified\":\"2023-08-21T09:40:39+00:00\",\"description\":\"Like Camki? Come chat with more than 5.000.000 strangers on Stranger Cam for Free! Turn on your cam and find new friends & maby a match!\",\"breadcrumb\":{\"@id\":\"https:\\\/\\\/strangercam.com\\\/camki\\\/#breadcrumb\"},\"inLanguage\":\"pt-BR\",\"potentialAction\":[{\"@type\":\"ReadAction\",\"target\":[\"https:\\\/\\\/strangercam.com\\\/camki\\\/\"]}]},{\"@type\":\"ImageObject\",\"inLanguage\":\"pt-BR\",\"@id\":\"https:\\\/\\\/strangercam.com\\\/camki\\\/#primaryimage\",\"url\":\"https:\\\/\\\/strangercam.com\\\/wp-content\\\/uploads\\\/2020\\\/11\\\/stranger-cam-1.png\",\"contentUrl\":\"https:\\\/\\\/strangercam.com\\\/wp-content\\\/uploads\\\/2020\\\/11\\\/stranger-cam-1.png\",\"width\":800,\"height\":800,\"caption\":\"stranger cam random video chat\"},{\"@type\":\"BreadcrumbList\",\"@id\":\"https:\\\/\\\/strangercam.com\\\/camki\\\/#breadcrumb\",\"itemListElement\":[{\"@type\":\"ListItem\",\"position\":1,\"name\":\"Home\",\"item\":\"https:\\\/\\\/strangercam.com\\\/\"},{\"@type\":\"ListItem\",\"position\":2,\"name\":\"Camki\"}]},{\"@type\":\"WebSite\",\"@id\":\"https:\\\/\\\/strangercam.com\\\/#website\",\"url\":\"https:\\\/\\\/strangercam.com\\\/\",\"name\":\"Strangercam\",\"description\":\"Random Video Chat with Strangers\",\"publisher\":{\"@id\":\"https:\\\/\\\/strangercam.com\\\/#organization\"},\"alternateName\":\"Strangercam.com\",\"potentialAction\":[{\"@type\":\"SearchAction\",\"target\":{\"@type\":\"EntryPoint\",\"urlTemplate\":\"https:\\\/\\\/strangercam.com\\\/?s={search_term_string}\"},\"query-input\":{\"@type\":\"PropertyValueSpecification\",\"valueRequired\":true,\"valueName\":\"search_term_string\"}}],\"inLanguage\":\"pt-BR\"},{\"@type\":\"Organization\",\"@id\":\"https:\\\/\\\/strangercam.com\\\/#organization\",\"name\":\"Strangercam\",\"alternateName\":\"Strangercam.com\",\"url\":\"https:\\\/\\\/strangercam.com\\\/\",\"logo\":{\"@type\":\"ImageObject\",\"inLanguage\":\"pt-BR\",\"@id\":\"https:\\\/\\\/strangercam.com\\\/#\\\/schema\\\/logo\\\/image\\\/\",\"url\":\"https:\\\/\\\/strangercam.com\\\/wp-content\\\/uploads\\\/2020\\\/11\\\/cropped-new-favicon-black.png\",\"contentUrl\":\"https:\\\/\\\/strangercam.com\\\/wp-content\\\/uploads\\\/2020\\\/11\\\/cropped-new-favicon-black.png\",\"width\":512,\"height\":512,\"caption\":\"Strangercam\"},\"image\":{\"@id\":\"https:\\\/\\\/strangercam.com\\\/#\\\/schema\\\/logo\\\/image\\\/\"},\"sameAs\":[\"https:\\\/\\\/www.facebook.com\\\/strangercam\",\"https:\\\/\\\/x.com\\\/strangercamapp\"]}]}<\/script>\n<!-- \/ Yoast SEO plugin. -->","yoast_head_json":{"title":"Camki - Converse com estranhos em StrangerCam.com","description":"Gosta do Camki? Venha conversar com mais de 5.000.000 de desconhecidos no Stranger Cam gratuitamente! Ligue sua c\u00e2mera e encontre novos amigos e talvez um par!","robots":{"index":"index","follow":"follow","max-snippet":"max-snippet:-1","max-image-preview":"max-image-preview:large","max-video-preview":"max-video-preview:-1"},"canonical":"https:\/\/strangercam.com\/pt-br\/camki\/","og_locale":"pt_BR","og_type":"article","og_title":"Camki - Chat with strangers on StrangerCam.com","og_description":"Like Camki? Come chat with more than 5.000.000 strangers on Stranger Cam for Free! Turn on your cam and find new friends & maby a match!","og_url":"https:\/\/strangercam.com\/pt-br\/camki\/","og_site_name":"Strangercam","article_publisher":"https:\/\/www.facebook.com\/strangercam","article_modified_time":"2023-08-21T09:40:39+00:00","og_image":[{"width":800,"height":800,"url":"https:\/\/strangercam.com\/wp-content\/uploads\/2020\/11\/stranger-cam-1.png","type":"image\/png"}],"twitter_card":"summary_large_image","twitter_site":"@strangercamapp","twitter_misc":{"Est. tempo de leitura":"6 minutos"},"schema":{"@context":"https:\/\/schema.org","@graph":[{"@type":"WebPage","@id":"https:\/\/strangercam.com\/camki\/","url":"https:\/\/strangercam.com\/camki\/","name":"Camki - Converse com estranhos em StrangerCam.com","isPartOf":{"@id":"https:\/\/strangercam.com\/#website"},"primaryImageOfPage":{"@id":"https:\/\/strangercam.com\/camki\/#primaryimage"},"image":{"@id":"https:\/\/strangercam.com\/camki\/#primaryimage"},"thumbnailUrl":"https:\/\/strangercam.com\/wp-content\/uploads\/2020\/11\/stranger-cam-1.png","datePublished":"2022-08-11T13:06:21+00:00","dateModified":"2023-08-21T09:40:39+00:00","description":"Gosta do Camki? Venha conversar com mais de 5.000.000 de desconhecidos no Stranger Cam gratuitamente! Ligue sua c\u00e2mera e encontre novos amigos e talvez um par!","breadcrumb":{"@id":"https:\/\/strangercam.com\/camki\/#breadcrumb"},"inLanguage":"pt-BR","potentialAction":[{"@type":"ReadAction","target":["https:\/\/strangercam.com\/camki\/"]}]},{"@type":"ImageObject","inLanguage":"pt-BR","@id":"https:\/\/strangercam.com\/camki\/#primaryimage","url":"https:\/\/strangercam.com\/wp-content\/uploads\/2020\/11\/stranger-cam-1.png","contentUrl":"https:\/\/strangercam.com\/wp-content\/uploads\/2020\/11\/stranger-cam-1.png","width":800,"height":800,"caption":"stranger cam random video chat"},{"@type":"BreadcrumbList","@id":"https:\/\/strangercam.com\/camki\/#breadcrumb","itemListElement":[{"@type":"ListItem","position":1,"name":"Home","item":"https:\/\/strangercam.com\/"},{"@type":"ListItem","position":2,"name":"Camki"}]},{"@type":"WebSite","@id":"https:\/\/strangercam.com\/#website","url":"https:\/\/strangercam.com\/","name":"Strangercam","description":"Bate-papo por v\u00eddeo aleat\u00f3rio com estranhos","publisher":{"@id":"https:\/\/strangercam.com\/#organization"},"alternateName":"Strangercam.com","potentialAction":[{"@type":"SearchAction","target":{"@type":"EntryPoint","urlTemplate":"https:\/\/strangercam.com\/?s={search_term_string}"},"query-input":{"@type":"PropertyValueSpecification","valueRequired":true,"valueName":"search_term_string"}}],"inLanguage":"pt-BR"},{"@type":"Organization","@id":"https:\/\/strangercam.com\/#organization","name":"Strangercam","alternateName":"Strangercam.com","url":"https:\/\/strangercam.com\/","logo":{"@type":"ImageObject","inLanguage":"pt-BR","@id":"https:\/\/strangercam.com\/#\/schema\/logo\/image\/","url":"https:\/\/strangercam.com\/wp-content\/uploads\/2020\/11\/cropped-new-favicon-black.png","contentUrl":"https:\/\/strangercam.com\/wp-content\/uploads\/2020\/11\/cropped-new-favicon-black.png","width":512,"height":512,"caption":"Strangercam"},"image":{"@id":"https:\/\/strangercam.com\/#\/schema\/logo\/image\/"},"sameAs":["https:\/\/www.facebook.com\/strangercam","https:\/\/x.com\/strangercamapp"]}]}},"_links":{"self":[{"href":"https:\/\/strangercam.com\/pt-br\/wp-json\/wp\/v2\/pages\/11142","targetHints":{"allow":["GET"]}}],"collection":[{"href":"https:\/\/strangercam.com\/pt-br\/wp-json\/wp\/v2\/pages"}],"about":[{"href":"https:\/\/strangercam.com\/pt-br\/wp-json\/wp\/v2\/types\/page"}],"author":[{"embeddable":true,"href":"https:\/\/strangercam.com\/pt-br\/wp-json\/wp\/v2\/users\/6"}],"replies":[{"embeddable":true,"href":"https:\/\/strangercam.com\/pt-br\/wp-json\/wp\/v2\/comments?post=11142"}],"version-history":[{"count":0,"href":"https:\/\/strangercam.com\/pt-br\/wp-json\/wp\/v2\/pages\/11142\/revisions"}],"wp:featuredmedia":[{"embeddable":true,"href":"https:\/\/strangercam.com\/pt-br\/wp-json\/wp\/v2\/media\/559"}],"wp:attachment":[{"href":"https:\/\/strangercam.com\/pt-br\/wp-json\/wp\/v2\/media?parent=11142"}],"curies":[{"name":"wp","href":"https:\/\/api.w.org\/{rel}","templated":true}]}}