{"id":11129,"date":"2022-08-11T14:56:49","date_gmt":"2022-08-11T12:56:49","guid":{"rendered":"https:\/\/strangercam.com\/?page_id=11129"},"modified":"2023-08-21T12:38:21","modified_gmt":"2023-08-21T10:38:21","slug":"roulette-chat","status":"publish","type":"page","link":"https:\/\/strangercam.com\/pt-br\/roulette-chat\/","title":{"rendered":"Roulette Chat"},"content":{"rendered":"<p><a href=\"https:\/\/strangercam.com\/pt-br\/chathub\/\">Bate-papo<\/a> O roulette \u00e9 um servi\u00e7o de bate-papo exclusivo que permite que voc\u00ea se conecte com pessoas de todo o mundo. O servi\u00e7o \u00e9 totalmente gratuito e n\u00e3o h\u00e1 taxas ou encargos ocultos. Voc\u00ea pode usar o servi\u00e7o para conversar com estranhos, fazer novos amigos ou at\u00e9 mesmo encontrar um encontro!<\/p>\n<h2>O que \u00e9 o bate-papo da roleta?<\/h2>\n<p>O Roulette-chat \u00e9 um tipo de bate-papo on-line que permite que os usu\u00e1rios se conectem com outras pessoas aleatoriamente. \u00c9 semelhante a uma sala de bate-papo tradicional, mas com o elemento adicional de poder ver a pessoa com quem voc\u00ea est\u00e1 conversando. Essa pode ser uma \u00f3tima maneira de <a href=\"https:\/\/strangercam.com\/pt-br\/coomeet\/\">conhecer<\/a> novas pessoas, ou simplesmente conversar com algu\u00e9m com quem voc\u00ea normalmente n\u00e3o falaria.<\/p>\n<h2>Os benef\u00edcios do bate-papo na roleta<\/h2>\n<p>H\u00e1 muitos benef\u00edcios na roleta-chat-roulette. Para come\u00e7ar, \u00e9 uma \u00f3tima maneira de conhecer novas pessoas de todo o mundo. Voc\u00ea tamb\u00e9m pode aprender sobre diferentes culturas e estilos de vida ao conversar com pessoas de diferentes pa\u00edses. Al\u00e9m disso, \u00e9 uma \u00f3tima maneira de fazer novos amigos e at\u00e9 mesmo encontrar o amor.<\/p>\n<h2>Como encontrar o melhor chatroom de roleta<\/h2>\n<p>Se quiser encontrar a melhor sala de bate-papo de roleta, h\u00e1 algumas coisas que voc\u00ea deve ter em mente. Em primeiro lugar, verifique se a sala de bate-papo \u00e9 bem moderada. Isso garantir\u00e1 que as conversas sejam respeitosas e civis. Em segundo lugar, procure uma sala de bate-papo que tenha uma boa reputa\u00e7\u00e3o. Isso pode ser determinado lendo coment\u00e1rios ou perguntando em outras salas de bate-papo. Por fim, verifique se a sala de bate-papo que voc\u00ea escolher tem uma boa sele\u00e7\u00e3o de jogos e recursos. Isso garantir\u00e1 que voc\u00ea tenha muito o que fazer e n\u00e3o fique entediado.<\/p>\n<h2>Como aproveitar ao m\u00e1ximo o bate-papo da roleta<\/h2>\n<p>H\u00e1 muitas maneiras de aproveitar o bate-papo na roleta e tirar o m\u00e1ximo proveito dele. Aqui est\u00e3o algumas dicas:<\/p>\n<ol>\n<li style=\"font-weight: 400;\" aria-level=\"1\">Conhe\u00e7a os outros usu\u00e1rios. Reserve algum tempo para navegar pelos perfis dos outros usu\u00e1rios e saber um pouco sobre eles. Isso facilitar\u00e1 o in\u00edcio de uma conversa.<\/li>\n<li style=\"font-weight: 400;\" aria-level=\"1\">Seja amig\u00e1vel e acess\u00edvel. N\u00e3o tenha medo de iniciar uma conversa com algu\u00e9m. Todos est\u00e3o aqui para conversar e se divertir, portanto, seja voc\u00ea mesmo!<\/li>\n<li style=\"font-weight: 400;\" aria-level=\"1\">Use os recursos do bate-papo. O chat da roleta oferece v\u00e1rios recursos que podem tornar sua experi\u00eancia mais agrad\u00e1vel. Use-os!<\/li>\n<li style=\"font-weight: 400;\" aria-level=\"1\">Fique por perto e converse por um tempo. Quanto mais voc\u00ea conversar, mais conhecer\u00e1 os outros usu\u00e1rios e mais se divertir\u00e1.<\/li>\n<li style=\"font-weight: 400;\" aria-level=\"1\">Divirta-se! \u00c9 disso que se trata o bate-papo sobre a roleta, portanto, relaxe e divirta-se!<\/li>\n<\/ol>\n<h2>Por que o roulette-chat \u00e9 uma plataforma de bate-papo por v\u00eddeo aleat\u00f3rio t\u00e3o popular?<\/h2>\n<p>H\u00e1 muitos motivos pelos quais o roulette-chat \u00e9 t\u00e3o popular como plataforma de bate-papo por v\u00eddeo aleat\u00f3rio. Primeiro, ela \u00e9 incrivelmente f\u00e1cil de usar. Voc\u00ea n\u00e3o precisa se inscrever em uma conta nem fazer download de nenhum software. Basta abrir o site e come\u00e7ar a conversar.<\/p>\n<p>Em segundo lugar, o roulette-chat \u00e9 totalmente gratuito. Voc\u00ea n\u00e3o precisa pagar nada para conversar com estranhos aleat\u00f3rios. N\u00e3o h\u00e1 taxas ocultas ou planos de assinatura.<\/p>\n<p>Terceiro, o <a href=\"https:\/\/strangercam.com\/pt-br\/chatroulette\/\">chatroulette<\/a> \u00e9 muito exclusivo e interessante. Ele \u00e9 diferente de outras plataformas de bate-papo porque voc\u00ea nunca sabe com quem vai conversar em seguida. Esse elemento de surpresa torna a experi\u00eancia mais empolgante e divertida.<\/p>\n<p>Em quarto lugar, o roulette-chat tem uma grande base de usu\u00e1rios. H\u00e1 sempre milhares de pessoas on-line a qualquer momento, portanto, voc\u00ea certamente encontrar\u00e1 algu\u00e9m com quem conversar, n\u00e3o importa quando estiver conectado.<\/p>\n<p>Por fim, o roulette-chat est\u00e1 dispon\u00edvel em muitos idiomas diferentes. Isso o torna acess\u00edvel a pessoas de todo o mundo. N\u00e3o importa o idioma que voc\u00ea fale, voc\u00ea poder\u00e1 encontrar algu\u00e9m para conversar no roulette-chat.<\/p>\n<h2>\u00c9 seguro us\u00e1-lo?<\/h2>\n<p>Se voc\u00ea est\u00e1 se perguntando se \u00e9 seguro usar o bate-papo da roleta, a resposta \u00e9 sim - desde que voc\u00ea esteja usando um site de boa reputa\u00e7\u00e3o. Dito isso, sempre h\u00e1 riscos associados a qualquer atividade on-line, por isso \u00e9 importante estar ciente deles e tomar medidas para se proteger. Quando se trata de bate-papo na roleta, os principais riscos est\u00e3o relacionados a roubo de identidade e fraude. O roubo de identidade pode ocorrer se algu\u00e9m conseguir acessar suas informa\u00e7\u00f5es pessoais, como seu nome, endere\u00e7o e data de nascimento. A fraude pode ocorrer se voc\u00ea for enganado para fornecer suas informa\u00e7\u00f5es financeiras ou enviar dinheiro para algu\u00e9m que n\u00e3o conhece.<\/p>\n<h2>Como estar seguro ao usar um aplicativo de bate-papo por v\u00eddeo aleat\u00f3rio?<\/h2>\n<p>Ao usar qualquer tipo de aplicativo de bate-papo por v\u00eddeo aleat\u00f3rio, h\u00e1 certas precau\u00e7\u00f5es de seguran\u00e7a que voc\u00ea deve tomar para se proteger. Aqui est\u00e3o algumas dicas sobre como estar seguro ao usar o roulette-chat:<\/p>\n<ol>\n<li style=\"font-weight: 400;\" aria-level=\"1\">Nunca forne\u00e7a informa\u00e7\u00f5es pessoais a algu\u00e9m que voc\u00ea n\u00e3o conhece. Isso inclui seu nome completo, endere\u00e7o, n\u00famero de telefone, endere\u00e7o de e-mail, etc.<\/li>\n<li style=\"font-weight: 400;\" aria-level=\"1\">Se algu\u00e9m lhe pedir dinheiro ou informa\u00e7\u00f5es financeiras pessoais, encerre imediatamente a conversa e denuncie a pessoa aos moderadores do aplicativo.<\/li>\n<li style=\"font-weight: 400;\" aria-level=\"1\">Esteja ciente dos golpistas e dos \"catfishers\" que tentam atrair as pessoas fingindo ser algu\u00e9m que n\u00e3o s\u00e3o. Se algu\u00e9m parece bom demais para ser verdade, provavelmente \u00e9.<\/li>\n<li style=\"font-weight: 400;\" aria-level=\"1\">Mantenha suas configura\u00e7\u00f5es de privacidade atualizadas e definidas no n\u00edvel mais alto poss\u00edvel. Isso ajudar\u00e1 a evitar que estranhos acessem suas informa\u00e7\u00f5es pessoais.<\/li>\n<li style=\"font-weight: 400;\" aria-level=\"1\">Sempre use um aplicativo de bate-papo por v\u00eddeo aleat\u00f3rio respeit\u00e1vel e confi\u00e1vel, como o Roulette-Chat, que tem medidas de seguran\u00e7a rigorosas para proteger seus usu\u00e1rios.<\/li>\n<\/ol>\n<h2>Alternativas ao chat da roleta<\/h2>\n<p>H\u00e1 muitas alternativas ao chat da roleta dispon\u00edveis na Internet. Algumas dessas alternativas s\u00e3o:<\/p>\n<ol>\n<li style=\"font-weight: 400;\" aria-level=\"1\"><a href=\"https:\/\/strangercam.com\/pt-br\/omegle\/\">Omegle<\/a>: Esse \u00e9 um site popular de chatroulette com milh\u00f5es de usu\u00e1rios. Seu uso \u00e9 gratuito e voc\u00ea pode conversar com estranhos de todo o mundo.<\/li>\n<li style=\"font-weight: 400;\" aria-level=\"1\">Chatrandom: Esse site \u00e9 semelhante ao Omegle e tamb\u00e9m tem milh\u00f5es de usu\u00e1rios. Seu uso tamb\u00e9m \u00e9 gratuito e voc\u00ea pode conversar com estranhos de todo o mundo.<\/li>\n<li style=\"font-weight: 400;\" aria-level=\"1\"><a href=\"https:\/\/strangercam.com\/pt-br\/bazoocam\/\">Bazoocam<\/a>: Este \u00e9 um site de chatroulette franc\u00eas com milhares de usu\u00e1rios. O uso \u00e9 gratuito e voc\u00ea pode conversar com estranhos da Fran\u00e7a e de outros pa\u00edses de l\u00edngua francesa.<\/li>\n<li style=\"font-weight: 400;\" aria-level=\"1\">Camsurf: Esse \u00e9 um site popular de chatroulette com milh\u00f5es de usu\u00e1rios de todo o mundo. Seu uso \u00e9 gratuito e voc\u00ea pode conversar com estranhos de todo o mundo.<\/li>\n<li style=\"font-weight: 400;\" aria-level=\"1\">Tinychat: esse site \u00e9 semelhante ao chatroulette e tem milhares de usu\u00e1rios de todo o mundo. Seu uso \u00e9 gratuito e voc\u00ea pode conversar com estranhos de todo o mundo.<\/li>\n<\/ol>\n<h2>Conclus\u00e3o<\/h2>\n<p>O bate-papo da roleta \u00e9 uma \u00f3tima maneira de conhecer novas pessoas e se divertir. \u00c9 f\u00e1cil come\u00e7ar e h\u00e1 muitas pessoas com quem conversar. Se voc\u00ea est\u00e1 procurando um relacionamento s\u00e9rio ou apenas divers\u00e3o casual, o bate-papo da roleta \u00e9 uma \u00f3tima op\u00e7\u00e3o.<\/p>","protected":false},"excerpt":{"rendered":"<p>Chat roulette is a unique chat service that allows you to connect with people from all over the world. The service is completely free, and there are no hidden fees or charges. You can use the service to chat with strangers, make new friends, or even find a date! What is roulette chat? Roulette-chat is [&hellip;]<\/p>\n","protected":false},"author":6,"featured_media":559,"parent":0,"menu_order":0,"comment_status":"closed","ping_status":"closed","template":"","meta":{"footnotes":""},"class_list":["post-11129","page","type-page","status-publish","has-post-thumbnail","hentry"],"yoast_head":"<!-- This site is optimized with the Yoast SEO plugin v26.9 - https:\/\/yoast.com\/product\/yoast-seo-wordpress\/ -->\n<title>Roulette Chat - Chat with strangers on StrangerCam.com<\/title>\n<meta name=\"description\" content=\"Like Roulette Chat? Come chat with more than 5.000.000 strangers on Stranger Cam for Free! Turn on your cam and find new friends &amp; maby a match!\" \/>\n<meta name=\"robots\" content=\"index, follow, max-snippet:-1, max-image-preview:large, max-video-preview:-1\" \/>\n<link rel=\"canonical\" href=\"https:\/\/strangercam.com\/pt-br\/roulette-chat\/\" \/>\n<meta property=\"og:locale\" content=\"pt_BR\" \/>\n<meta property=\"og:type\" content=\"article\" \/>\n<meta property=\"og:title\" content=\"Roulette Chat - Chat with strangers on StrangerCam.com\" \/>\n<meta property=\"og:description\" content=\"Like Roulette Chat? Come chat with more than 5.000.000 strangers on Stranger Cam for Free! Turn on your cam and find new friends &amp; maby a match!\" \/>\n<meta property=\"og:url\" content=\"https:\/\/strangercam.com\/pt-br\/roulette-chat\/\" \/>\n<meta property=\"og:site_name\" content=\"Strangercam\" \/>\n<meta property=\"article:publisher\" content=\"https:\/\/www.facebook.com\/strangercam\" \/>\n<meta property=\"article:modified_time\" content=\"2023-08-21T10:38:21+00:00\" \/>\n<meta property=\"og:image\" content=\"https:\/\/strangercam.com\/wp-content\/uploads\/2020\/11\/stranger-cam-1.png\" \/>\n\t<meta property=\"og:image:width\" content=\"800\" \/>\n\t<meta property=\"og:image:height\" content=\"800\" \/>\n\t<meta property=\"og:image:type\" content=\"image\/png\" \/>\n<meta name=\"twitter:card\" content=\"summary_large_image\" \/>\n<meta name=\"twitter:site\" content=\"@strangercamapp\" \/>\n<meta name=\"twitter:label1\" content=\"Est. tempo de leitura\" \/>\n\t<meta name=\"twitter:data1\" content=\"5 minutos\" \/>\n<script type=\"application\/ld+json\" class=\"yoast-schema-graph\">{\"@context\":\"https:\/\/schema.org\",\"@graph\":[{\"@type\":\"WebPage\",\"@id\":\"https:\/\/strangercam.com\/roulette-chat\/\",\"url\":\"https:\/\/strangercam.com\/roulette-chat\/\",\"name\":\"Roulette Chat - Chat with strangers on StrangerCam.com\",\"isPartOf\":{\"@id\":\"https:\/\/strangercam.com\/#website\"},\"primaryImageOfPage\":{\"@id\":\"https:\/\/strangercam.com\/roulette-chat\/#primaryimage\"},\"image\":{\"@id\":\"https:\/\/strangercam.com\/roulette-chat\/#primaryimage\"},\"thumbnailUrl\":\"https:\/\/strangercam.com\/wp-content\/uploads\/2020\/11\/stranger-cam-1.png\",\"datePublished\":\"2022-08-11T12:56:49+00:00\",\"dateModified\":\"2023-08-21T10:38:21+00:00\",\"description\":\"Like Roulette Chat? Come chat with more than 5.000.000 strangers on Stranger Cam for Free! Turn on your cam and find new friends & maby a match!\",\"breadcrumb\":{\"@id\":\"https:\/\/strangercam.com\/roulette-chat\/#breadcrumb\"},\"inLanguage\":\"pt-BR\",\"potentialAction\":[{\"@type\":\"ReadAction\",\"target\":[\"https:\/\/strangercam.com\/roulette-chat\/\"]}]},{\"@type\":\"ImageObject\",\"inLanguage\":\"pt-BR\",\"@id\":\"https:\/\/strangercam.com\/roulette-chat\/#primaryimage\",\"url\":\"https:\/\/strangercam.com\/wp-content\/uploads\/2020\/11\/stranger-cam-1.png\",\"contentUrl\":\"https:\/\/strangercam.com\/wp-content\/uploads\/2020\/11\/stranger-cam-1.png\",\"width\":800,\"height\":800,\"caption\":\"stranger cam random video chat\"},{\"@type\":\"BreadcrumbList\",\"@id\":\"https:\/\/strangercam.com\/roulette-chat\/#breadcrumb\",\"itemListElement\":[{\"@type\":\"ListItem\",\"position\":1,\"name\":\"Home\",\"item\":\"https:\/\/strangercam.com\/\"},{\"@type\":\"ListItem\",\"position\":2,\"name\":\"Roulette Chat\"}]},{\"@type\":\"WebSite\",\"@id\":\"https:\/\/strangercam.com\/#website\",\"url\":\"https:\/\/strangercam.com\/\",\"name\":\"Strangercam\",\"description\":\"Random Video Chat with Strangers\",\"publisher\":{\"@id\":\"https:\/\/strangercam.com\/#organization\"},\"alternateName\":\"Strangercam.com\",\"potentialAction\":[{\"@type\":\"SearchAction\",\"target\":{\"@type\":\"EntryPoint\",\"urlTemplate\":\"https:\/\/strangercam.com\/?s={search_term_string}\"},\"query-input\":{\"@type\":\"PropertyValueSpecification\",\"valueRequired\":true,\"valueName\":\"search_term_string\"}}],\"inLanguage\":\"pt-BR\"},{\"@type\":\"Organization\",\"@id\":\"https:\/\/strangercam.com\/#organization\",\"name\":\"Strangercam\",\"alternateName\":\"Strangercam.com\",\"url\":\"https:\/\/strangercam.com\/\",\"logo\":{\"@type\":\"ImageObject\",\"inLanguage\":\"pt-BR\",\"@id\":\"https:\/\/strangercam.com\/#\/schema\/logo\/image\/\",\"url\":\"https:\/\/strangercam.com\/wp-content\/uploads\/2020\/11\/cropped-new-favicon-black.png\",\"contentUrl\":\"https:\/\/strangercam.com\/wp-content\/uploads\/2020\/11\/cropped-new-favicon-black.png\",\"width\":512,\"height\":512,\"caption\":\"Strangercam\"},\"image\":{\"@id\":\"https:\/\/strangercam.com\/#\/schema\/logo\/image\/\"},\"sameAs\":[\"https:\/\/www.facebook.com\/strangercam\",\"https:\/\/x.com\/strangercamapp\"]}]}<\/script>\n<!-- \/ Yoast SEO plugin. -->","yoast_head_json":{"title":"Roulette Chat - Converse com estranhos em StrangerCam.com","description":"Gosta do Roulette Chat? Venha conversar com mais de 5.000.000 de desconhecidos no Stranger Cam gratuitamente! Ligue sua c\u00e2mera e encontre novos amigos e talvez um par!","robots":{"index":"index","follow":"follow","max-snippet":"max-snippet:-1","max-image-preview":"max-image-preview:large","max-video-preview":"max-video-preview:-1"},"canonical":"https:\/\/strangercam.com\/pt-br\/roulette-chat\/","og_locale":"pt_BR","og_type":"article","og_title":"Roulette Chat - Chat with strangers on StrangerCam.com","og_description":"Like Roulette Chat? Come chat with more than 5.000.000 strangers on Stranger Cam for Free! Turn on your cam and find new friends & maby a match!","og_url":"https:\/\/strangercam.com\/pt-br\/roulette-chat\/","og_site_name":"Strangercam","article_publisher":"https:\/\/www.facebook.com\/strangercam","article_modified_time":"2023-08-21T10:38:21+00:00","og_image":[{"width":800,"height":800,"url":"https:\/\/strangercam.com\/wp-content\/uploads\/2020\/11\/stranger-cam-1.png","type":"image\/png"}],"twitter_card":"summary_large_image","twitter_site":"@strangercamapp","twitter_misc":{"Est. tempo de leitura":"5 minutos"},"schema":{"@context":"https:\/\/schema.org","@graph":[{"@type":"WebPage","@id":"https:\/\/strangercam.com\/roulette-chat\/","url":"https:\/\/strangercam.com\/roulette-chat\/","name":"Roulette Chat - Converse com estranhos em StrangerCam.com","isPartOf":{"@id":"https:\/\/strangercam.com\/#website"},"primaryImageOfPage":{"@id":"https:\/\/strangercam.com\/roulette-chat\/#primaryimage"},"image":{"@id":"https:\/\/strangercam.com\/roulette-chat\/#primaryimage"},"thumbnailUrl":"https:\/\/strangercam.com\/wp-content\/uploads\/2020\/11\/stranger-cam-1.png","datePublished":"2022-08-11T12:56:49+00:00","dateModified":"2023-08-21T10:38:21+00:00","description":"Gosta do Roulette Chat? Venha conversar com mais de 5.000.000 de desconhecidos no Stranger Cam gratuitamente! Ligue sua c\u00e2mera e encontre novos amigos e talvez um par!","breadcrumb":{"@id":"https:\/\/strangercam.com\/roulette-chat\/#breadcrumb"},"inLanguage":"pt-BR","potentialAction":[{"@type":"ReadAction","target":["https:\/\/strangercam.com\/roulette-chat\/"]}]},{"@type":"ImageObject","inLanguage":"pt-BR","@id":"https:\/\/strangercam.com\/roulette-chat\/#primaryimage","url":"https:\/\/strangercam.com\/wp-content\/uploads\/2020\/11\/stranger-cam-1.png","contentUrl":"https:\/\/strangercam.com\/wp-content\/uploads\/2020\/11\/stranger-cam-1.png","width":800,"height":800,"caption":"stranger cam random video chat"},{"@type":"BreadcrumbList","@id":"https:\/\/strangercam.com\/roulette-chat\/#breadcrumb","itemListElement":[{"@type":"ListItem","position":1,"name":"Home","item":"https:\/\/strangercam.com\/"},{"@type":"ListItem","position":2,"name":"Roulette Chat"}]},{"@type":"WebSite","@id":"https:\/\/strangercam.com\/#website","url":"https:\/\/strangercam.com\/","name":"Strangercam","description":"Bate-papo por v\u00eddeo aleat\u00f3rio com estranhos","publisher":{"@id":"https:\/\/strangercam.com\/#organization"},"alternateName":"Strangercam.com","potentialAction":[{"@type":"SearchAction","target":{"@type":"EntryPoint","urlTemplate":"https:\/\/strangercam.com\/?s={search_term_string}"},"query-input":{"@type":"PropertyValueSpecification","valueRequired":true,"valueName":"search_term_string"}}],"inLanguage":"pt-BR"},{"@type":"Organization","@id":"https:\/\/strangercam.com\/#organization","name":"Strangercam","alternateName":"Strangercam.com","url":"https:\/\/strangercam.com\/","logo":{"@type":"ImageObject","inLanguage":"pt-BR","@id":"https:\/\/strangercam.com\/#\/schema\/logo\/image\/","url":"https:\/\/strangercam.com\/wp-content\/uploads\/2020\/11\/cropped-new-favicon-black.png","contentUrl":"https:\/\/strangercam.com\/wp-content\/uploads\/2020\/11\/cropped-new-favicon-black.png","width":512,"height":512,"caption":"Strangercam"},"image":{"@id":"https:\/\/strangercam.com\/#\/schema\/logo\/image\/"},"sameAs":["https:\/\/www.facebook.com\/strangercam","https:\/\/x.com\/strangercamapp"]}]}},"_links":{"self":[{"href":"https:\/\/strangercam.com\/pt-br\/wp-json\/wp\/v2\/pages\/11129","targetHints":{"allow":["GET"]}}],"collection":[{"href":"https:\/\/strangercam.com\/pt-br\/wp-json\/wp\/v2\/pages"}],"about":[{"href":"https:\/\/strangercam.com\/pt-br\/wp-json\/wp\/v2\/types\/page"}],"author":[{"embeddable":true,"href":"https:\/\/strangercam.com\/pt-br\/wp-json\/wp\/v2\/users\/6"}],"replies":[{"embeddable":true,"href":"https:\/\/strangercam.com\/pt-br\/wp-json\/wp\/v2\/comments?post=11129"}],"version-history":[{"count":0,"href":"https:\/\/strangercam.com\/pt-br\/wp-json\/wp\/v2\/pages\/11129\/revisions"}],"wp:featuredmedia":[{"embeddable":true,"href":"https:\/\/strangercam.com\/pt-br\/wp-json\/wp\/v2\/media\/559"}],"wp:attachment":[{"href":"https:\/\/strangercam.com\/pt-br\/wp-json\/wp\/v2\/media?parent=11129"}],"curies":[{"name":"wp","href":"https:\/\/api.w.org\/{rel}","templated":true}]}}