{"id":11108,"date":"2022-08-11T14:46:42","date_gmt":"2022-08-11T12:46:42","guid":{"rendered":"https:\/\/strangercam.com\/?page_id=11108"},"modified":"2023-08-21T11:40:39","modified_gmt":"2023-08-21T09:40:39","slug":"camround","status":"publish","type":"page","link":"https:\/\/strangercam.com\/pt-br\/camround\/","title":{"rendered":"Camround"},"content":{"rendered":"<p>No mundo de hoje, \u00e9 f\u00e1cil se sentir sozinho e achar que n\u00e3o tem ningu\u00e9m com quem conversar. Se voc\u00ea estiver procurando uma maneira de <a href=\"https:\/\/strangercam.com\/pt-br\/coomeet\/\">conhecer<\/a> novas pessoas e fazer amigos, o Camround \u00e9 o aplicativo perfeito para voc\u00ea! O Camround \u00e9 um aplicativo de rede social que o conecta com pessoas aleat\u00f3rias de todo o mundo.<\/p>\n<h2>O que \u00e9 Camround?<\/h2>\n<p>O Camround \u00e9 um novo site de rede social que ajuda voc\u00ea a conhecer pessoas aleat\u00f3rias e fazer novos amigos. \u00c9 simples de usar; basta se inscrever e come\u00e7ar a conversar com pessoas de todo o mundo. O Camround \u00e9 uma \u00f3tima maneira de conhecer novas pessoas, aprender sobre diferentes culturas e fazer novos amigos.<\/p>\n<h2>Como o Camround funciona?<\/h2>\n<p>O Camround \u00e9 um site de rede social que conecta pessoas de todo o mundo. \u00c9 simples de usar - basta se registrar e come\u00e7ar a conversar! Voc\u00ea pode conhecer novos amigos, aprender sobre novas culturas e talvez at\u00e9 encontrar o amor!<\/p>\n<h2>Pr\u00f3s e contras do Camround<\/h2>\n<p>Se voc\u00ea est\u00e1 procurando uma nova maneira de conhecer pessoas e fazer amigos, talvez esteja se perguntando se o Camround \u00e9 a escolha certa para voc\u00ea. Nesta postagem do blog, examinaremos alguns dos pr\u00f3s e contras do uso do Camround para que voc\u00ea possa decidir por si mesmo se ele \u00e9 adequado para voc\u00ea.<\/p>\n<h4>Pr\u00f3s:<\/h4>\n<ul>\n<li style=\"font-weight: 400;\" aria-level=\"1\">O Camround \u00e9 uma \u00f3tima maneira de conhecer novas pessoas de todo o mundo. Voc\u00ea pode se conectar com pessoas que compartilham seus interesses e nunca se sabe quem poder\u00e1 conhecer!<\/li>\n<li style=\"font-weight: 400;\" aria-level=\"1\">\u00c9 uma maneira divertida e f\u00e1cil de se socializar on-line. Voc\u00ea pode iniciar conversas com as pessoas facilmente e n\u00e3o h\u00e1 press\u00e3o para se encontrar pessoalmente se voc\u00ea ainda n\u00e3o estiver pronto.<\/li>\n<li style=\"font-weight: 400;\" aria-level=\"1\">O Camround \u00e9 de uso gratuito, portanto, voc\u00ea pode experiment\u00e1-lo sem nenhum compromisso.<\/li>\n<\/ul>\n<h4>Contras:<\/h4>\n<ul>\n<li style=\"font-weight: 400;\" aria-level=\"1\">Como o Camround \u00e9 aleat\u00f3rio <a href=\"https:\/\/strangercam.com\/pt-br\/chatroulette\/\">bate-papo<\/a> No local, sempre h\u00e1 a possibilidade de se deparar com comportamentos inadequados ou predadores. Se n\u00e3o tomar cuidado, poder\u00e1 acabar em uma situa\u00e7\u00e3o perigosa.<\/li>\n<li style=\"font-weight: 400;\" aria-level=\"1\">Tamb\u00e9m h\u00e1 a possibilidade de perder muito tempo no Camround se voc\u00ea n\u00e3o tomar cuidado. \u00c9 f\u00e1cil se deixar levar pelo bate-papo por horas a fio sem realmente realizar nada<\/li>\n<\/ul>\n<h2>Caracter\u00edsticas significativas do Camround<\/h2>\n<p>Um dos recursos importantes do Camround \u00e9 que ele ajuda voc\u00ea a conhecer pessoas aleat\u00f3rias e fazer novos amigos. \u00c9 um site de rede social que permite que voc\u00ea se conecte com pessoas de todo o mundo. A melhor parte do Camround \u00e9 que seu uso \u00e9 totalmente gratuito!<\/p>\n<p>Outro recurso excelente do Camround \u00e9 que ele lhe d\u00e1 a oportunidade de aprender sobre diferentes culturas. Voc\u00ea pode interagir com pessoas de diferentes partes do mundo e aprender sobre seus costumes e tradi\u00e7\u00f5es. Essa \u00e9 uma \u00f3tima maneira de ampliar seus horizontes e obter uma melhor compreens\u00e3o do mundo ao seu redor.<\/p>\n<p>O Camround tamb\u00e9m \u00e9 uma \u00f3tima maneira de manter contato com velhos amigos. Voc\u00ea pode se reconectar com antigos colegas de classe ou at\u00e9 mesmo fazer novos amigos que compartilhem seus interesses. O Camround facilita a conex\u00e3o com as pessoas que mais importam para voc\u00ea.<\/p>\n<p>Ent\u00e3o, o que est\u00e1 esperando? Registre-se no Camround hoje mesmo e comece a conhecer novas pessoas de todo o mundo!<\/p>\n<h2>Como aproveitar ao m\u00e1ximo o Camround?<\/h2>\n<p>Se voc\u00ea quer fazer novos amigos e conhecer pessoas aleat\u00f3rias, o Camround \u00e9 o lugar perfeito para voc\u00ea! Aqui est\u00e3o algumas dicas sobre como aproveitar ao m\u00e1ximo sua experi\u00eancia:<\/p>\n<ul>\n<li style=\"font-weight: 400;\" aria-level=\"1\">Seja voc\u00ea mesmo! A melhor maneira de fazer amigos \u00e9 ser voc\u00ea mesmo e permitir que os outros conhe\u00e7am sua verdadeira personalidade.<\/li>\n<li style=\"font-weight: 400;\" aria-level=\"1\">Esteja aberto a conhecer novas pessoas. N\u00e3o tenha medo de iniciar uma conversa com algu\u00e9m que voc\u00ea n\u00e3o conhece.<\/li>\n<li style=\"font-weight: 400;\" aria-level=\"1\">Envolva-se na comunidade. Sempre h\u00e1 coisas divertidas acontecendo na comunidade Camround, portanto, envolva-se e participe da divers\u00e3o!<\/li>\n<li style=\"font-weight: 400;\" aria-level=\"1\">Seja respeitoso. Lembre-se de respeitar as pessoas e suas opini\u00f5es, mesmo que n\u00e3o concorde com elas.<\/li>\n<li style=\"font-weight: 400;\" aria-level=\"1\">Divirta-se! Fazer novos amigos deve ser agrad\u00e1vel, portanto, n\u00e3o deixe de relaxar e se divertir!<\/li>\n<\/ul>\n<h2>Por que o Camround \u00e9 uma plataforma de bate-papo por v\u00eddeo aleat\u00f3rio t\u00e3o popular?<\/h2>\n<p><a href=\"https:\/\/strangercam.com\/pt-br\/chathub\/\">Bate-papo por v\u00eddeo aleat\u00f3rio<\/a> Plataformas como o Camround est\u00e3o se tornando cada vez mais populares \u00e0 medida que as pessoas procuram novas maneiras de se conectar com outras pessoas on-line. H\u00e1 v\u00e1rios motivos pelos quais o Camround \u00e9 t\u00e3o popular, incluindo a possibilidade de conhecer novas pessoas de todo o mundo e o fato de ser gratuito.<\/p>\n<p>Uma das melhores coisas do Camround \u00e9 que ele oferece aos usu\u00e1rios a oportunidade de conhecer novas pessoas de todo o mundo. N\u00e3o importa onde esteja, voc\u00ea pode fazer login e come\u00e7ar a conversar com algu\u00e9m novo. Essa \u00e9 uma \u00f3tima maneira de fazer novos amigos e expandir seu c\u00edrculo social.<\/p>\n<p>Outro motivo pelo qual o Camround \u00e9 t\u00e3o popular \u00e9 o fato de ser gratuito. Voc\u00ea n\u00e3o precisa pagar nada para se inscrever ou conversar, o que o torna acess\u00edvel a todos. Isso tamb\u00e9m significa que n\u00e3o h\u00e1 an\u00fancios, portanto, voc\u00ea pode aproveitar suas conversas sem interrup\u00e7\u00f5es.<\/p>\n<p>Se estiver procurando uma maneira f\u00e1cil e divertida de conhecer novas pessoas, vale a pena dar uma olhada no Camround.<\/p>\n<h2>O que esperar ao usar uma plataforma de bate-papo por v\u00eddeo aleat\u00f3rio?<\/h2>\n<p>Um rand\u00f4mico <a href=\"https:\/\/strangercam.com\/pt-br\/rabbit-video-chat\/\">bate-papo por v\u00eddeo<\/a> pode ser uma \u00f3tima maneira de conhecer novas pessoas e fazer novos amigos. No entanto, h\u00e1 alguns aspectos que voc\u00ea deve ter em mente ao usar essa plataforma.<\/p>\n<p>Primeiro, lembre-se de que nem todas as pessoas que voc\u00ea conhece em uma plataforma aleat\u00f3ria de bate-papo por v\u00eddeo s\u00e3o quem dizem ser. H\u00e1 golpistas e predadores que usam essas plataformas para se aproveitarem de usu\u00e1rios desavisados. Use o bom senso e seja cauteloso ao interagir com qualquer pessoa que conhecer em uma plataforma de bate-papo por v\u00eddeo aleat\u00f3ria.<\/p>\n<p>Em segundo lugar, saiba que algumas das pessoas que voc\u00ea conhece em uma plataforma de bate-papo por v\u00eddeo aleat\u00f3ria podem n\u00e3o estar interessadas em conversar com voc\u00ea. Se algu\u00e9m parecer desinteressado ou n\u00e3o responder, n\u00e3o leve isso para o lado pessoal; basta passar para outra pessoa.<\/p>\n<p>Por fim, n\u00e3o forne\u00e7a informa\u00e7\u00f5es pessoais nem envie dinheiro a ningu\u00e9m que voc\u00ea conhe\u00e7a em uma plataforma de bate-papo por v\u00eddeo aleat\u00f3ria.<\/p>\n<h2>\u00c9 seguro us\u00e1-lo?<\/h2>\n<p>Quando se trata de seguran\u00e7a on-line, o Camround toma medidas para garantir que seus usu\u00e1rios estejam protegidos contra fraudadores e golpistas. O site usa sistemas de verifica\u00e7\u00e3o para confirmar as identidades de seus membros e tamb\u00e9m tem uma pol\u00edtica anti-spam rigorosa. Al\u00e9m disso, o Camround oferece um modo seguro para usu\u00e1rios que desejam limitar suas intera\u00e7\u00f5es apenas \u00e0queles que foram verificados pelo site.<\/p>\n<h2>Alternativas ao Camround<\/h2>\n<p>Procurando alternativas para Camround? Aqui est\u00e3o algumas outras maneiras de conhecer pessoas aleat\u00f3rias e fazer novos amigos:<\/p>\n<ul>\n<li style=\"font-weight: 400;\" aria-level=\"1\">Cam4 - O Cam4 \u00e9 um site que permite que voc\u00ea converse por v\u00eddeo com pessoas aleat\u00f3rias. \u00c9 muito semelhante ao Camround, mas n\u00e3o tem os mesmos recursos.<\/li>\n<li style=\"font-weight: 400;\" aria-level=\"1\"><a href=\"https:\/\/strangercam.com\/pt-br\/omegle\/\">Omegle<\/a> \u00e9 outro site que permite que voc\u00ea converse por v\u00eddeo com pessoas aleat\u00f3rias. Ele n\u00e3o tem tantos recursos quanto o Camround, mas ainda \u00e9 uma \u00f3tima op\u00e7\u00e3o.<\/li>\n<li style=\"font-weight: 400;\" aria-level=\"1\">Chaturbate: Uma \u00f3tima alternativa ao Camround, o Chaturbate \u00e9 uma plataforma de webcam ao vivo com milh\u00f5es de usu\u00e1rios.<\/li>\n<\/ul>\n<h2>Conclus\u00e3o<\/h2>\n<p>O Camround \u00e9 um \u00f3timo aplicativo para fazer novos amigos e conhecer pessoas aleat\u00f3rias. \u00c9 f\u00e1cil de usar e \u00e9 gratuito, portanto, n\u00e3o h\u00e1 nada que o impe\u00e7a de experiment\u00e1-lo. Se estiver procurando algu\u00e9m para bater papo ou se quiser conhecer algu\u00e9m pessoalmente, vale a pena dar uma olhada no Camround.<\/p>","protected":false},"excerpt":{"rendered":"<p>In today&#8217;s world, it&#8217;s easy to feel alone and like you don&#8217;t have anyone to talk to. If you&#8217;re looking for a way to meet new people and make friends, Camround is the perfect app for you! Camround is a social networking app that connects you with random people from all over the world. What [&hellip;]<\/p>\n","protected":false},"author":6,"featured_media":559,"parent":0,"menu_order":0,"comment_status":"closed","ping_status":"closed","template":"","meta":{"footnotes":""},"class_list":["post-11108","page","type-page","status-publish","has-post-thumbnail","hentry"],"yoast_head":"<!-- This site is optimized with the Yoast SEO plugin v26.9 - https:\/\/yoast.com\/product\/yoast-seo-wordpress\/ -->\n<title>Camround - Chat with strangers on StrangerCam.com<\/title>\n<meta name=\"description\" content=\"Like Camround? Come chat with more than 5.000.000 strangers on Stranger Cam for Free! Turn on your cam and find new friends &amp; maby a match!\" \/>\n<meta name=\"robots\" content=\"index, follow, max-snippet:-1, max-image-preview:large, max-video-preview:-1\" \/>\n<link rel=\"canonical\" href=\"https:\/\/strangercam.com\/pt-br\/camround\/\" \/>\n<meta property=\"og:locale\" content=\"pt_BR\" \/>\n<meta property=\"og:type\" content=\"article\" \/>\n<meta property=\"og:title\" content=\"Camround - Chat with strangers on StrangerCam.com\" \/>\n<meta property=\"og:description\" content=\"Like Camround? Come chat with more than 5.000.000 strangers on Stranger Cam for Free! Turn on your cam and find new friends &amp; maby a match!\" \/>\n<meta property=\"og:url\" content=\"https:\/\/strangercam.com\/pt-br\/camround\/\" \/>\n<meta property=\"og:site_name\" content=\"Strangercam\" \/>\n<meta property=\"article:publisher\" content=\"https:\/\/www.facebook.com\/strangercam\" \/>\n<meta property=\"article:modified_time\" content=\"2023-08-21T09:40:39+00:00\" \/>\n<meta property=\"og:image\" content=\"https:\/\/strangercam.com\/wp-content\/uploads\/2020\/11\/stranger-cam-1.png\" \/>\n\t<meta property=\"og:image:width\" content=\"800\" \/>\n\t<meta property=\"og:image:height\" content=\"800\" \/>\n\t<meta property=\"og:image:type\" content=\"image\/png\" \/>\n<meta name=\"twitter:card\" content=\"summary_large_image\" \/>\n<meta name=\"twitter:site\" content=\"@strangercamapp\" \/>\n<meta name=\"twitter:label1\" content=\"Est. tempo de leitura\" \/>\n\t<meta name=\"twitter:data1\" content=\"6 minutos\" \/>\n<script type=\"application\/ld+json\" class=\"yoast-schema-graph\">{\"@context\":\"https:\/\/schema.org\",\"@graph\":[{\"@type\":\"WebPage\",\"@id\":\"https:\/\/strangercam.com\/camround\/\",\"url\":\"https:\/\/strangercam.com\/camround\/\",\"name\":\"Camround - Chat with strangers on StrangerCam.com\",\"isPartOf\":{\"@id\":\"https:\/\/strangercam.com\/#website\"},\"primaryImageOfPage\":{\"@id\":\"https:\/\/strangercam.com\/camround\/#primaryimage\"},\"image\":{\"@id\":\"https:\/\/strangercam.com\/camround\/#primaryimage\"},\"thumbnailUrl\":\"https:\/\/strangercam.com\/wp-content\/uploads\/2020\/11\/stranger-cam-1.png\",\"datePublished\":\"2022-08-11T12:46:42+00:00\",\"dateModified\":\"2023-08-21T09:40:39+00:00\",\"description\":\"Like Camround? Come chat with more than 5.000.000 strangers on Stranger Cam for Free! Turn on your cam and find new friends & maby a match!\",\"breadcrumb\":{\"@id\":\"https:\/\/strangercam.com\/camround\/#breadcrumb\"},\"inLanguage\":\"pt-BR\",\"potentialAction\":[{\"@type\":\"ReadAction\",\"target\":[\"https:\/\/strangercam.com\/camround\/\"]}]},{\"@type\":\"ImageObject\",\"inLanguage\":\"pt-BR\",\"@id\":\"https:\/\/strangercam.com\/camround\/#primaryimage\",\"url\":\"https:\/\/strangercam.com\/wp-content\/uploads\/2020\/11\/stranger-cam-1.png\",\"contentUrl\":\"https:\/\/strangercam.com\/wp-content\/uploads\/2020\/11\/stranger-cam-1.png\",\"width\":800,\"height\":800,\"caption\":\"stranger cam random video chat\"},{\"@type\":\"BreadcrumbList\",\"@id\":\"https:\/\/strangercam.com\/camround\/#breadcrumb\",\"itemListElement\":[{\"@type\":\"ListItem\",\"position\":1,\"name\":\"Home\",\"item\":\"https:\/\/strangercam.com\/\"},{\"@type\":\"ListItem\",\"position\":2,\"name\":\"Camround\"}]},{\"@type\":\"WebSite\",\"@id\":\"https:\/\/strangercam.com\/#website\",\"url\":\"https:\/\/strangercam.com\/\",\"name\":\"Strangercam\",\"description\":\"Random Video Chat with Strangers\",\"publisher\":{\"@id\":\"https:\/\/strangercam.com\/#organization\"},\"alternateName\":\"Strangercam.com\",\"potentialAction\":[{\"@type\":\"SearchAction\",\"target\":{\"@type\":\"EntryPoint\",\"urlTemplate\":\"https:\/\/strangercam.com\/?s={search_term_string}\"},\"query-input\":{\"@type\":\"PropertyValueSpecification\",\"valueRequired\":true,\"valueName\":\"search_term_string\"}}],\"inLanguage\":\"pt-BR\"},{\"@type\":\"Organization\",\"@id\":\"https:\/\/strangercam.com\/#organization\",\"name\":\"Strangercam\",\"alternateName\":\"Strangercam.com\",\"url\":\"https:\/\/strangercam.com\/\",\"logo\":{\"@type\":\"ImageObject\",\"inLanguage\":\"pt-BR\",\"@id\":\"https:\/\/strangercam.com\/#\/schema\/logo\/image\/\",\"url\":\"https:\/\/strangercam.com\/wp-content\/uploads\/2020\/11\/cropped-new-favicon-black.png\",\"contentUrl\":\"https:\/\/strangercam.com\/wp-content\/uploads\/2020\/11\/cropped-new-favicon-black.png\",\"width\":512,\"height\":512,\"caption\":\"Strangercam\"},\"image\":{\"@id\":\"https:\/\/strangercam.com\/#\/schema\/logo\/image\/\"},\"sameAs\":[\"https:\/\/www.facebook.com\/strangercam\",\"https:\/\/x.com\/strangercamapp\"]}]}<\/script>\n<!-- \/ Yoast SEO plugin. -->","yoast_head_json":{"title":"Camround - Converse com estranhos em StrangerCam.com","description":"Gosta do Camround? Venha conversar com mais de 5.000.000 de desconhecidos no Stranger Cam gratuitamente! Ligue sua c\u00e2mera e encontre novos amigos e talvez um par!","robots":{"index":"index","follow":"follow","max-snippet":"max-snippet:-1","max-image-preview":"max-image-preview:large","max-video-preview":"max-video-preview:-1"},"canonical":"https:\/\/strangercam.com\/pt-br\/camround\/","og_locale":"pt_BR","og_type":"article","og_title":"Camround - Chat with strangers on StrangerCam.com","og_description":"Like Camround? Come chat with more than 5.000.000 strangers on Stranger Cam for Free! Turn on your cam and find new friends & maby a match!","og_url":"https:\/\/strangercam.com\/pt-br\/camround\/","og_site_name":"Strangercam","article_publisher":"https:\/\/www.facebook.com\/strangercam","article_modified_time":"2023-08-21T09:40:39+00:00","og_image":[{"width":800,"height":800,"url":"https:\/\/strangercam.com\/wp-content\/uploads\/2020\/11\/stranger-cam-1.png","type":"image\/png"}],"twitter_card":"summary_large_image","twitter_site":"@strangercamapp","twitter_misc":{"Est. tempo de leitura":"6 minutos"},"schema":{"@context":"https:\/\/schema.org","@graph":[{"@type":"WebPage","@id":"https:\/\/strangercam.com\/camround\/","url":"https:\/\/strangercam.com\/camround\/","name":"Camround - Converse com estranhos em StrangerCam.com","isPartOf":{"@id":"https:\/\/strangercam.com\/#website"},"primaryImageOfPage":{"@id":"https:\/\/strangercam.com\/camround\/#primaryimage"},"image":{"@id":"https:\/\/strangercam.com\/camround\/#primaryimage"},"thumbnailUrl":"https:\/\/strangercam.com\/wp-content\/uploads\/2020\/11\/stranger-cam-1.png","datePublished":"2022-08-11T12:46:42+00:00","dateModified":"2023-08-21T09:40:39+00:00","description":"Gosta do Camround? Venha conversar com mais de 5.000.000 de desconhecidos no Stranger Cam gratuitamente! Ligue sua c\u00e2mera e encontre novos amigos e talvez um par!","breadcrumb":{"@id":"https:\/\/strangercam.com\/camround\/#breadcrumb"},"inLanguage":"pt-BR","potentialAction":[{"@type":"ReadAction","target":["https:\/\/strangercam.com\/camround\/"]}]},{"@type":"ImageObject","inLanguage":"pt-BR","@id":"https:\/\/strangercam.com\/camround\/#primaryimage","url":"https:\/\/strangercam.com\/wp-content\/uploads\/2020\/11\/stranger-cam-1.png","contentUrl":"https:\/\/strangercam.com\/wp-content\/uploads\/2020\/11\/stranger-cam-1.png","width":800,"height":800,"caption":"stranger cam random video chat"},{"@type":"BreadcrumbList","@id":"https:\/\/strangercam.com\/camround\/#breadcrumb","itemListElement":[{"@type":"ListItem","position":1,"name":"Home","item":"https:\/\/strangercam.com\/"},{"@type":"ListItem","position":2,"name":"Camround"}]},{"@type":"WebSite","@id":"https:\/\/strangercam.com\/#website","url":"https:\/\/strangercam.com\/","name":"Strangercam","description":"Bate-papo por v\u00eddeo aleat\u00f3rio com estranhos","publisher":{"@id":"https:\/\/strangercam.com\/#organization"},"alternateName":"Strangercam.com","potentialAction":[{"@type":"SearchAction","target":{"@type":"EntryPoint","urlTemplate":"https:\/\/strangercam.com\/?s={search_term_string}"},"query-input":{"@type":"PropertyValueSpecification","valueRequired":true,"valueName":"search_term_string"}}],"inLanguage":"pt-BR"},{"@type":"Organization","@id":"https:\/\/strangercam.com\/#organization","name":"Strangercam","alternateName":"Strangercam.com","url":"https:\/\/strangercam.com\/","logo":{"@type":"ImageObject","inLanguage":"pt-BR","@id":"https:\/\/strangercam.com\/#\/schema\/logo\/image\/","url":"https:\/\/strangercam.com\/wp-content\/uploads\/2020\/11\/cropped-new-favicon-black.png","contentUrl":"https:\/\/strangercam.com\/wp-content\/uploads\/2020\/11\/cropped-new-favicon-black.png","width":512,"height":512,"caption":"Strangercam"},"image":{"@id":"https:\/\/strangercam.com\/#\/schema\/logo\/image\/"},"sameAs":["https:\/\/www.facebook.com\/strangercam","https:\/\/x.com\/strangercamapp"]}]}},"_links":{"self":[{"href":"https:\/\/strangercam.com\/pt-br\/wp-json\/wp\/v2\/pages\/11108","targetHints":{"allow":["GET"]}}],"collection":[{"href":"https:\/\/strangercam.com\/pt-br\/wp-json\/wp\/v2\/pages"}],"about":[{"href":"https:\/\/strangercam.com\/pt-br\/wp-json\/wp\/v2\/types\/page"}],"author":[{"embeddable":true,"href":"https:\/\/strangercam.com\/pt-br\/wp-json\/wp\/v2\/users\/6"}],"replies":[{"embeddable":true,"href":"https:\/\/strangercam.com\/pt-br\/wp-json\/wp\/v2\/comments?post=11108"}],"version-history":[{"count":0,"href":"https:\/\/strangercam.com\/pt-br\/wp-json\/wp\/v2\/pages\/11108\/revisions"}],"wp:featuredmedia":[{"embeddable":true,"href":"https:\/\/strangercam.com\/pt-br\/wp-json\/wp\/v2\/media\/559"}],"wp:attachment":[{"href":"https:\/\/strangercam.com\/pt-br\/wp-json\/wp\/v2\/media?parent=11108"}],"curies":[{"name":"wp","href":"https:\/\/api.w.org\/{rel}","templated":true}]}}