{"id":10160,"date":"2022-05-30T14:40:58","date_gmt":"2022-05-30T12:40:58","guid":{"rendered":"https:\/\/strangercam.com\/?page_id=10160"},"modified":"2023-08-21T11:40:39","modified_gmt":"2023-08-21T09:40:39","slug":"chateek","status":"publish","type":"page","link":"https:\/\/strangercam.com\/pt-br\/chateek\/","title":{"rendered":"Chateek"},"content":{"rendered":"<p>As pessoas podem falar umas com as outras gratuitamente pela Internet, mesmo que estejam a milhares de quil\u00f4metros de dist\u00e2ncia. Mas como voc\u00ea decide qual site visitar? Que ferramentas o ajudar\u00e3o a conhecer garotas, rapazes e at\u00e9 mesmo relacionamentos amorosos de longa dist\u00e2ncia, al\u00e9m de se tornarem amigos maravilhosos?<\/p>\n<p>O namoro pela Internet \u00e9 uma maneira divertida de conhecer novas pessoas e come\u00e7ar a se comunicar imediatamente. O Chateek dot come elaborou a melhor lista de sites seguros e protegidos. Nosso site permite que voc\u00ea entre em contato com pessoas aleat\u00f3rias altamente educadas e decentes. Este v\u00eddeo <a href=\"https:\/\/strangercam.com\/pt-br\/chathub\/\">bate-papo<\/a> permite que voc\u00ea escolha uma pessoa imediatamente e converse com ela em tempo real. Esses conhecidos s\u00e3o bastante interessantes porque a discuss\u00e3o pela Internet permite que voc\u00ea fale sobre qualquer coisa que desejar.<\/p>\n<h3>Maior n\u00famero de usu\u00e1rios - H\u00e1 uma grande variedade de chats para atender \u00e0s prefer\u00eancias de todos.<\/h3>\n<p>Antes de mais nada, o Chateek.com \u00e9 o melhor lugar para come\u00e7ar um novo relacionamento, namorar ou at\u00e9 mesmo se apaixonar loucamente! Voc\u00ea poder\u00e1 enriquecer substancialmente sua vida se tiver tudo o que deseja para uma conversa interativa na Internet. As conversas de texto simples n\u00e3o s\u00e3o mais populares porque os interlocutores t\u00eam um n\u00edvel de intera\u00e7\u00e3o ruim. No entanto, em um bate-papo por v\u00eddeo, voc\u00eas ainda se veem e participam de um di\u00e1logo real. Nada melhor do que se comunicar com algu\u00e9m que est\u00e1 a milhares de quil\u00f4metros de dist\u00e2ncia por meio de um bate-papo por v\u00eddeo.<\/p>\n<p>Entre as conversas em v\u00eddeo mais populares est\u00e3o as que podem ser vistas em nosso site:<\/p>\n<ul>\n<li><a href=\"https:\/\/strangercam.com\/pt-br\/chatroulette\/\">ChatRoulette<\/a>.<\/li>\n<li><a href=\"https:\/\/strangercam.com\/pt-br\/omegle\/\">Omegle<\/a> \u00e9 um aplicativo de bate-papo por v\u00eddeo.<\/li>\n<li>Chatroulette em russo.<\/li>\n<li><a href=\"https:\/\/strangercam.com\/pt-br\/bazoocam\/\">bazoocam<\/a>.<\/li>\n<li>ChatRandom.<\/li>\n<li>Camzap.<\/li>\n<li><a href=\"https:\/\/strangercam.com\/pt-br\/coomeet\/\">Coomeet<\/a>.<\/li>\n<li>Wowchat, por exemplo.<\/li>\n<\/ul>\n<h3>Um site de videoconfer\u00eancia r\u00e1pido para conectar pessoas<\/h3>\n<p>\u00c9 chamado de bate-papo instant\u00e2neo porque voc\u00ea pode come\u00e7ar a conversar imediatamente. Voc\u00ea pode conhecer algu\u00e9m no menor tempo poss\u00edvel em nossas discuss\u00f5es on-line. Esse namoro geralmente termina com o compartilhamento de informa\u00e7\u00f5es de contato, como Skype, ICQ, n\u00fameros de telefone e links para perfis de m\u00eddia social. Al\u00e9m disso, h\u00e1 uma boa chance de nos encontrarmos pessoalmente. Entretanto, os bate-papos por v\u00eddeo podem, \u00e0s vezes, comprometer sua privacidade.<\/p>\n<h3>Como usar a plataforma Chateek dot Com?<\/h3>\n<p>Tudo o que voc\u00ea precisa fazer agora \u00e9 ligar a webcam e estar\u00e1 imerso em uma \u00f3tima comunica\u00e7\u00e3o. E isso \u00e9 verdade porque n\u00e3o apenas o romance \u00e9 poss\u00edvel aqui, mas tamb\u00e9m o namoro com pessoas no exterior. Esse \u00e9 um tipo de servi\u00e7o de namoro pela Internet.<\/p>\n<h3>Conclus\u00e3o<\/h3>\n<p>Chateek dot com \u00e9 a melhor plataforma que lhe permite encontrar as pessoas certas em v\u00e1rias plataformas.<\/p>","protected":false},"excerpt":{"rendered":"<p>People can speak with one another for free over the internet, even if they reside thousands of kilometers apart. But how do you decide which website to visit? What tools will help you meet girls, guys, and even long-distance love relationships in addition to becoming wonderful friends? Internet dating is a fun way to meet [&hellip;]<\/p>\n","protected":false},"author":6,"featured_media":559,"parent":0,"menu_order":0,"comment_status":"closed","ping_status":"closed","template":"","meta":{"footnotes":""},"class_list":["post-10160","page","type-page","status-publish","has-post-thumbnail","hentry"],"yoast_head":"<!-- This site is optimized with the Yoast SEO plugin v26.9 - https:\/\/yoast.com\/product\/yoast-seo-wordpress\/ -->\n<title>Chateek - Chat Roulette Anonymously - Cam on StrangerCam.com<\/title>\n<meta name=\"description\" content=\"Like Chateek? Come chat with more than 5.000.000 strangers on Stranger Cam for Free! Turn on your cam and find new friends &amp; maby a match!\" \/>\n<meta name=\"robots\" content=\"index, follow, max-snippet:-1, max-image-preview:large, max-video-preview:-1\" \/>\n<link rel=\"canonical\" href=\"https:\/\/strangercam.com\/pt-br\/chateek\/\" \/>\n<meta property=\"og:locale\" content=\"pt_BR\" \/>\n<meta property=\"og:type\" content=\"article\" \/>\n<meta property=\"og:title\" content=\"Chateek - Chat Roulette Anonymously - Cam on StrangerCam.com\" \/>\n<meta property=\"og:description\" content=\"Like Chateek? Come chat with more than 5.000.000 strangers on Stranger Cam for Free! Turn on your cam and find new friends &amp; maby a match!\" \/>\n<meta property=\"og:url\" content=\"https:\/\/strangercam.com\/pt-br\/chateek\/\" \/>\n<meta property=\"og:site_name\" content=\"Strangercam\" \/>\n<meta property=\"article:publisher\" content=\"https:\/\/www.facebook.com\/strangercam\" \/>\n<meta property=\"article:modified_time\" content=\"2023-08-21T09:40:39+00:00\" \/>\n<meta property=\"og:image\" content=\"https:\/\/strangercam.com\/wp-content\/uploads\/2020\/11\/stranger-cam-1.png\" \/>\n\t<meta property=\"og:image:width\" content=\"800\" \/>\n\t<meta property=\"og:image:height\" content=\"800\" \/>\n\t<meta property=\"og:image:type\" content=\"image\/png\" \/>\n<meta name=\"twitter:card\" content=\"summary_large_image\" \/>\n<meta name=\"twitter:site\" content=\"@strangercamapp\" \/>\n<meta name=\"twitter:label1\" content=\"Est. tempo de leitura\" \/>\n\t<meta name=\"twitter:data1\" content=\"2 minutos\" \/>\n<script type=\"application\/ld+json\" class=\"yoast-schema-graph\">{\"@context\":\"https:\/\/schema.org\",\"@graph\":[{\"@type\":\"WebPage\",\"@id\":\"https:\/\/strangercam.com\/chateek\/\",\"url\":\"https:\/\/strangercam.com\/chateek\/\",\"name\":\"Chateek - Chat Roulette Anonymously - Cam on StrangerCam.com\",\"isPartOf\":{\"@id\":\"https:\/\/strangercam.com\/#website\"},\"primaryImageOfPage\":{\"@id\":\"https:\/\/strangercam.com\/chateek\/#primaryimage\"},\"image\":{\"@id\":\"https:\/\/strangercam.com\/chateek\/#primaryimage\"},\"thumbnailUrl\":\"https:\/\/strangercam.com\/wp-content\/uploads\/2020\/11\/stranger-cam-1.png\",\"datePublished\":\"2022-05-30T12:40:58+00:00\",\"dateModified\":\"2023-08-21T09:40:39+00:00\",\"description\":\"Like Chateek? Come chat with more than 5.000.000 strangers on Stranger Cam for Free! Turn on your cam and find new friends & maby a match!\",\"breadcrumb\":{\"@id\":\"https:\/\/strangercam.com\/chateek\/#breadcrumb\"},\"inLanguage\":\"pt-BR\",\"potentialAction\":[{\"@type\":\"ReadAction\",\"target\":[\"https:\/\/strangercam.com\/chateek\/\"]}]},{\"@type\":\"ImageObject\",\"inLanguage\":\"pt-BR\",\"@id\":\"https:\/\/strangercam.com\/chateek\/#primaryimage\",\"url\":\"https:\/\/strangercam.com\/wp-content\/uploads\/2020\/11\/stranger-cam-1.png\",\"contentUrl\":\"https:\/\/strangercam.com\/wp-content\/uploads\/2020\/11\/stranger-cam-1.png\",\"width\":800,\"height\":800,\"caption\":\"stranger cam random video chat\"},{\"@type\":\"BreadcrumbList\",\"@id\":\"https:\/\/strangercam.com\/chateek\/#breadcrumb\",\"itemListElement\":[{\"@type\":\"ListItem\",\"position\":1,\"name\":\"Home\",\"item\":\"https:\/\/strangercam.com\/\"},{\"@type\":\"ListItem\",\"position\":2,\"name\":\"Chateek\"}]},{\"@type\":\"WebSite\",\"@id\":\"https:\/\/strangercam.com\/#website\",\"url\":\"https:\/\/strangercam.com\/\",\"name\":\"Strangercam\",\"description\":\"Random Video Chat with Strangers\",\"publisher\":{\"@id\":\"https:\/\/strangercam.com\/#organization\"},\"alternateName\":\"Strangercam.com\",\"potentialAction\":[{\"@type\":\"SearchAction\",\"target\":{\"@type\":\"EntryPoint\",\"urlTemplate\":\"https:\/\/strangercam.com\/?s={search_term_string}\"},\"query-input\":{\"@type\":\"PropertyValueSpecification\",\"valueRequired\":true,\"valueName\":\"search_term_string\"}}],\"inLanguage\":\"pt-BR\"},{\"@type\":\"Organization\",\"@id\":\"https:\/\/strangercam.com\/#organization\",\"name\":\"Strangercam\",\"alternateName\":\"Strangercam.com\",\"url\":\"https:\/\/strangercam.com\/\",\"logo\":{\"@type\":\"ImageObject\",\"inLanguage\":\"pt-BR\",\"@id\":\"https:\/\/strangercam.com\/#\/schema\/logo\/image\/\",\"url\":\"https:\/\/strangercam.com\/wp-content\/uploads\/2020\/11\/cropped-new-favicon-black.png\",\"contentUrl\":\"https:\/\/strangercam.com\/wp-content\/uploads\/2020\/11\/cropped-new-favicon-black.png\",\"width\":512,\"height\":512,\"caption\":\"Strangercam\"},\"image\":{\"@id\":\"https:\/\/strangercam.com\/#\/schema\/logo\/image\/\"},\"sameAs\":[\"https:\/\/www.facebook.com\/strangercam\",\"https:\/\/x.com\/strangercamapp\"]}]}<\/script>\n<!-- \/ Yoast SEO plugin. -->","yoast_head_json":{"title":"Chateek - Chat Roulette Anonimamente - C\u00e2mera no StrangerCam.com","description":"Gosta do Chateek? Venha conversar com mais de 5.000.000 de desconhecidos no Stranger Cam gratuitamente! Ligue sua c\u00e2mera e encontre novos amigos e talvez um par!","robots":{"index":"index","follow":"follow","max-snippet":"max-snippet:-1","max-image-preview":"max-image-preview:large","max-video-preview":"max-video-preview:-1"},"canonical":"https:\/\/strangercam.com\/pt-br\/chateek\/","og_locale":"pt_BR","og_type":"article","og_title":"Chateek - Chat Roulette Anonymously - Cam on StrangerCam.com","og_description":"Like Chateek? Come chat with more than 5.000.000 strangers on Stranger Cam for Free! Turn on your cam and find new friends & maby a match!","og_url":"https:\/\/strangercam.com\/pt-br\/chateek\/","og_site_name":"Strangercam","article_publisher":"https:\/\/www.facebook.com\/strangercam","article_modified_time":"2023-08-21T09:40:39+00:00","og_image":[{"width":800,"height":800,"url":"https:\/\/strangercam.com\/wp-content\/uploads\/2020\/11\/stranger-cam-1.png","type":"image\/png"}],"twitter_card":"summary_large_image","twitter_site":"@strangercamapp","twitter_misc":{"Est. tempo de leitura":"2 minutos"},"schema":{"@context":"https:\/\/schema.org","@graph":[{"@type":"WebPage","@id":"https:\/\/strangercam.com\/chateek\/","url":"https:\/\/strangercam.com\/chateek\/","name":"Chateek - Chat Roulette Anonimamente - C\u00e2mera no StrangerCam.com","isPartOf":{"@id":"https:\/\/strangercam.com\/#website"},"primaryImageOfPage":{"@id":"https:\/\/strangercam.com\/chateek\/#primaryimage"},"image":{"@id":"https:\/\/strangercam.com\/chateek\/#primaryimage"},"thumbnailUrl":"https:\/\/strangercam.com\/wp-content\/uploads\/2020\/11\/stranger-cam-1.png","datePublished":"2022-05-30T12:40:58+00:00","dateModified":"2023-08-21T09:40:39+00:00","description":"Gosta do Chateek? Venha conversar com mais de 5.000.000 de desconhecidos no Stranger Cam gratuitamente! Ligue sua c\u00e2mera e encontre novos amigos e talvez um par!","breadcrumb":{"@id":"https:\/\/strangercam.com\/chateek\/#breadcrumb"},"inLanguage":"pt-BR","potentialAction":[{"@type":"ReadAction","target":["https:\/\/strangercam.com\/chateek\/"]}]},{"@type":"ImageObject","inLanguage":"pt-BR","@id":"https:\/\/strangercam.com\/chateek\/#primaryimage","url":"https:\/\/strangercam.com\/wp-content\/uploads\/2020\/11\/stranger-cam-1.png","contentUrl":"https:\/\/strangercam.com\/wp-content\/uploads\/2020\/11\/stranger-cam-1.png","width":800,"height":800,"caption":"stranger cam random video chat"},{"@type":"BreadcrumbList","@id":"https:\/\/strangercam.com\/chateek\/#breadcrumb","itemListElement":[{"@type":"ListItem","position":1,"name":"Home","item":"https:\/\/strangercam.com\/"},{"@type":"ListItem","position":2,"name":"Chateek"}]},{"@type":"WebSite","@id":"https:\/\/strangercam.com\/#website","url":"https:\/\/strangercam.com\/","name":"Strangercam","description":"Bate-papo por v\u00eddeo aleat\u00f3rio com estranhos","publisher":{"@id":"https:\/\/strangercam.com\/#organization"},"alternateName":"Strangercam.com","potentialAction":[{"@type":"SearchAction","target":{"@type":"EntryPoint","urlTemplate":"https:\/\/strangercam.com\/?s={search_term_string}"},"query-input":{"@type":"PropertyValueSpecification","valueRequired":true,"valueName":"search_term_string"}}],"inLanguage":"pt-BR"},{"@type":"Organization","@id":"https:\/\/strangercam.com\/#organization","name":"Strangercam","alternateName":"Strangercam.com","url":"https:\/\/strangercam.com\/","logo":{"@type":"ImageObject","inLanguage":"pt-BR","@id":"https:\/\/strangercam.com\/#\/schema\/logo\/image\/","url":"https:\/\/strangercam.com\/wp-content\/uploads\/2020\/11\/cropped-new-favicon-black.png","contentUrl":"https:\/\/strangercam.com\/wp-content\/uploads\/2020\/11\/cropped-new-favicon-black.png","width":512,"height":512,"caption":"Strangercam"},"image":{"@id":"https:\/\/strangercam.com\/#\/schema\/logo\/image\/"},"sameAs":["https:\/\/www.facebook.com\/strangercam","https:\/\/x.com\/strangercamapp"]}]}},"_links":{"self":[{"href":"https:\/\/strangercam.com\/pt-br\/wp-json\/wp\/v2\/pages\/10160","targetHints":{"allow":["GET"]}}],"collection":[{"href":"https:\/\/strangercam.com\/pt-br\/wp-json\/wp\/v2\/pages"}],"about":[{"href":"https:\/\/strangercam.com\/pt-br\/wp-json\/wp\/v2\/types\/page"}],"author":[{"embeddable":true,"href":"https:\/\/strangercam.com\/pt-br\/wp-json\/wp\/v2\/users\/6"}],"replies":[{"embeddable":true,"href":"https:\/\/strangercam.com\/pt-br\/wp-json\/wp\/v2\/comments?post=10160"}],"version-history":[{"count":0,"href":"https:\/\/strangercam.com\/pt-br\/wp-json\/wp\/v2\/pages\/10160\/revisions"}],"wp:featuredmedia":[{"embeddable":true,"href":"https:\/\/strangercam.com\/pt-br\/wp-json\/wp\/v2\/media\/559"}],"wp:attachment":[{"href":"https:\/\/strangercam.com\/pt-br\/wp-json\/wp\/v2\/media?parent=10160"}],"curies":[{"name":"wp","href":"https:\/\/api.w.org\/{rel}","templated":true}]}}