{"id":10116,"date":"2022-05-30T14:29:33","date_gmt":"2022-05-30T12:29:33","guid":{"rendered":"https:\/\/strangercam.com\/?page_id=10116"},"modified":"2023-08-21T12:39:40","modified_gmt":"2023-08-21T10:39:40","slug":"stickam","status":"publish","type":"page","link":"https:\/\/strangercam.com\/pt-br\/stickam\/","title":{"rendered":"Stickam"},"content":{"rendered":"<p>O Stickam foi criado em 2005 como um site de compartilhamento de v\u00eddeos de transmiss\u00e3o ao vivo. O Stickam permitia que os usu\u00e1rios fizessem upload de fotos, \u00e1udio, <a href=\"https:\/\/strangercam.com\/pt-br\/rabbit-video-chat\/\">v\u00eddeo<\/a>e, o mais importante, <a href=\"https:\/\/strangercam.com\/pt-br\/mili\/\">ao vivo<\/a> transmiss\u00e3o de videoconfer\u00eancia. O site cresceu rapidamente para incorporar shows ao vivo e criou conte\u00fado da MTV, G4 TV, CBS Radio, NATPE, CES e v\u00e1rios outros canais, al\u00e9m de shows ao vivo e apresenta\u00e7\u00f5es de v\u00e1rias bandas e celebridades.<\/p>\n<p>O Stickam permite que as pessoas incorporem seus feeds de c\u00e2mera de streaming em outros sites por meio de um Flash Player, al\u00e9m de transmitir v\u00eddeo ao vivo. A capacidade de \"colar\" uma transmiss\u00e3o de webcam em outro site foi apelidada de \"Stickam\".<\/p>\n<h2>Como o Stickam funciona?<\/h2>\n<p>O usu\u00e1rio pode usar o Live <a href=\"https:\/\/strangercam.com\/pt-br\/chatroulette\/\">Bate-papo<\/a> para transmitir o fluxo da c\u00e2mera de suas webcams pela Internet. O usu\u00e1rio tinha controle sobre quem podia ver a transmiss\u00e3o ao vivo. Havia sete posi\u00e7\u00f5es de c\u00e2mera na sala de transmiss\u00e3o real. A maior <a href=\"https:\/\/strangercam.com\/pt-br\/1v1-chat\/\">um<\/a> era para o criador do bate-papo. Os seis lugares restantes foram reservados para que outras seis pessoas transmitissem seus feeds de webcam ao vivo. Os usu\u00e1rios tamb\u00e9m podiam usar o bate-papo ao vivo para se comunicar por meio de uma caixa de bate-papo id\u00eantica \u00e0 que se encontra em um site de bate-papo convencional. Pessoas indisciplinadas ou amea\u00e7adoras podem ser \u201cexpulsas\u201d ou banidas pelo usu\u00e1rio principal. O usu\u00e1rio principal tamb\u00e9m pode nomear moderadores, que s\u00e3o pessoas confi\u00e1veis que podem remover usu\u00e1rios se o usu\u00e1rio principal n\u00e3o puder fazer isso.<\/p>\n<h2>Principais recursos do site<\/h2>\n<p>Veja a seguir alguns dos principais recursos da plataforma Stickam:<\/p>\n<h3>Ativar sua conta<\/h3>\n<p>Em poucos minutos, qualquer pessoa pode \u201centrar ao vivo\u201d no Stickam e transmitir fluxos de v\u00eddeo de seus computadores, iPhones ou iPad. O Stickam tamb\u00e9m pode ser usado para transmitir transmiss\u00f5es de HD e comerciais, conectando HD e outros dispositivos. <a href=\"https:\/\/strangercam.com\/pt-br\/camzey\/\">c\u00e2meras<\/a>processadores e entradas de \u00e1udio.<\/p>\n<h3>Fa\u00e7a login na m\u00eddia social<\/h3>\n<p>O Stickam estreou seu sistema de login social na VidCon 2012, onde a empresa fez uma parceria com a Maker Studios para transmitir o evento ao vivo. Os transmissores do Stickam podem usar o Linkedin, Facebook, Instagram, Tumblr, Google, Myspace ou Gmail para permitir que seus amigos e f\u00e3s entrem em seus f\u00f3runs de discuss\u00e3o. Os transmissores podem limitar ainda mais o n\u00famero de pessoas em suas salas.<\/p>\n<h3>Programa para VIPs<\/h3>\n<p>O Stickam tinha um programa de usu\u00e1rio VIP desde agosto de 2012. Aqueles que se juntaram ao programa VIP receberam acesso sem an\u00fancios, um lugar na guia \"who's live\" (quem est\u00e1 ao vivo), 25 moedas do mercado de remixes e um emblema Premium em sua foto de perfil.<\/p>\n<h3>API para streaming<\/h3>\n<p>Em 2008, a empresa tamb\u00e9m ofereceu a StreamAPI (anteriormente API Stickam), uma solu\u00e7\u00e3o de marca branca. A StreamAPI era uma empresa de marca branca que permitia aos clientes incorporar a transmiss\u00e3o ao vivo em seus aplicativos ou sites sem a necessidade de conhecimento de programa\u00e7\u00e3o.<\/p>\n<h2>Conclus\u00e3o<\/h2>\n<p>O Stickam \u00e9 uma plataforma confi\u00e1vel e de alta qualidade para fazer amigos on-line.<\/p>","protected":false},"excerpt":{"rendered":"<p>Stickam was established in 2005 as a live-streaming video-sharing site. Stickam allowed users to upload photos, audio, video, and, most importantly, live stream video conferencing. The website quickly grew to incorporate live shows and created content from MTV, G4 TV, CBS Radio, NATPE, CES, and a variety of other outlets, as well as live concerts [&hellip;]<\/p>\n","protected":false},"author":6,"featured_media":559,"parent":0,"menu_order":0,"comment_status":"closed","ping_status":"closed","template":"","meta":{"footnotes":""},"class_list":["post-10116","page","type-page","status-publish","has-post-thumbnail","hentry"],"yoast_head":"<!-- This site is optimized with the Yoast SEO plugin v27.4 - https:\/\/yoast.com\/product\/yoast-seo-wordpress\/ -->\n<title>Stickam - Chat Roulette Anonymously - Cam on StrangerCam.com<\/title>\n<meta name=\"description\" content=\"Like Stickam? Come chat with more than 5.000.000 strangers on Stranger Cam for Free! Turn on your cam and find new friends &amp; maby a match!\" \/>\n<meta name=\"robots\" content=\"index, follow, max-snippet:-1, max-image-preview:large, max-video-preview:-1\" \/>\n<link rel=\"canonical\" href=\"https:\/\/strangercam.com\/pt-br\/stickam\/\" \/>\n<meta property=\"og:locale\" content=\"pt_BR\" \/>\n<meta property=\"og:type\" content=\"article\" \/>\n<meta property=\"og:title\" content=\"Stickam - Chat Roulette Anonymously - Cam on StrangerCam.com\" \/>\n<meta property=\"og:description\" content=\"Like Stickam? Come chat with more than 5.000.000 strangers on Stranger Cam for Free! Turn on your cam and find new friends &amp; maby a match!\" \/>\n<meta property=\"og:url\" content=\"https:\/\/strangercam.com\/pt-br\/stickam\/\" \/>\n<meta property=\"og:site_name\" content=\"Strangercam\" \/>\n<meta property=\"article:publisher\" content=\"https:\/\/www.facebook.com\/strangercam\" \/>\n<meta property=\"article:modified_time\" content=\"2023-08-21T10:39:40+00:00\" \/>\n<meta property=\"og:image\" content=\"https:\/\/strangercam.com\/wp-content\/uploads\/2020\/11\/stranger-cam-1.png\" \/>\n\t<meta property=\"og:image:width\" content=\"800\" \/>\n\t<meta property=\"og:image:height\" content=\"800\" \/>\n\t<meta property=\"og:image:type\" content=\"image\/png\" \/>\n<meta name=\"twitter:card\" content=\"summary_large_image\" \/>\n<meta name=\"twitter:site\" content=\"@strangercamapp\" \/>\n<meta name=\"twitter:label1\" content=\"Est. tempo de leitura\" \/>\n\t<meta name=\"twitter:data1\" content=\"2 minutos\" \/>\n<script type=\"application\/ld+json\" class=\"yoast-schema-graph\">{\"@context\":\"https:\\\/\\\/schema.org\",\"@graph\":[{\"@type\":\"WebPage\",\"@id\":\"https:\\\/\\\/strangercam.com\\\/stickam\\\/\",\"url\":\"https:\\\/\\\/strangercam.com\\\/stickam\\\/\",\"name\":\"Stickam - Chat Roulette Anonymously - Cam on StrangerCam.com\",\"isPartOf\":{\"@id\":\"https:\\\/\\\/strangercam.com\\\/#website\"},\"primaryImageOfPage\":{\"@id\":\"https:\\\/\\\/strangercam.com\\\/stickam\\\/#primaryimage\"},\"image\":{\"@id\":\"https:\\\/\\\/strangercam.com\\\/stickam\\\/#primaryimage\"},\"thumbnailUrl\":\"https:\\\/\\\/strangercam.com\\\/wp-content\\\/uploads\\\/2020\\\/11\\\/stranger-cam-1.png\",\"datePublished\":\"2022-05-30T12:29:33+00:00\",\"dateModified\":\"2023-08-21T10:39:40+00:00\",\"description\":\"Like Stickam? Come chat with more than 5.000.000 strangers on Stranger Cam for Free! Turn on your cam and find new friends & maby a match!\",\"breadcrumb\":{\"@id\":\"https:\\\/\\\/strangercam.com\\\/stickam\\\/#breadcrumb\"},\"inLanguage\":\"pt-BR\",\"potentialAction\":[{\"@type\":\"ReadAction\",\"target\":[\"https:\\\/\\\/strangercam.com\\\/stickam\\\/\"]}]},{\"@type\":\"ImageObject\",\"inLanguage\":\"pt-BR\",\"@id\":\"https:\\\/\\\/strangercam.com\\\/stickam\\\/#primaryimage\",\"url\":\"https:\\\/\\\/strangercam.com\\\/wp-content\\\/uploads\\\/2020\\\/11\\\/stranger-cam-1.png\",\"contentUrl\":\"https:\\\/\\\/strangercam.com\\\/wp-content\\\/uploads\\\/2020\\\/11\\\/stranger-cam-1.png\",\"width\":800,\"height\":800,\"caption\":\"stranger cam random video chat\"},{\"@type\":\"BreadcrumbList\",\"@id\":\"https:\\\/\\\/strangercam.com\\\/stickam\\\/#breadcrumb\",\"itemListElement\":[{\"@type\":\"ListItem\",\"position\":1,\"name\":\"Home\",\"item\":\"https:\\\/\\\/strangercam.com\\\/\"},{\"@type\":\"ListItem\",\"position\":2,\"name\":\"Stickam\"}]},{\"@type\":\"WebSite\",\"@id\":\"https:\\\/\\\/strangercam.com\\\/#website\",\"url\":\"https:\\\/\\\/strangercam.com\\\/\",\"name\":\"Strangercam\",\"description\":\"Random Video Chat with Strangers\",\"publisher\":{\"@id\":\"https:\\\/\\\/strangercam.com\\\/#organization\"},\"alternateName\":\"Strangercam.com\",\"potentialAction\":[{\"@type\":\"SearchAction\",\"target\":{\"@type\":\"EntryPoint\",\"urlTemplate\":\"https:\\\/\\\/strangercam.com\\\/?s={search_term_string}\"},\"query-input\":{\"@type\":\"PropertyValueSpecification\",\"valueRequired\":true,\"valueName\":\"search_term_string\"}}],\"inLanguage\":\"pt-BR\"},{\"@type\":\"Organization\",\"@id\":\"https:\\\/\\\/strangercam.com\\\/#organization\",\"name\":\"Strangercam\",\"alternateName\":\"Strangercam.com\",\"url\":\"https:\\\/\\\/strangercam.com\\\/\",\"logo\":{\"@type\":\"ImageObject\",\"inLanguage\":\"pt-BR\",\"@id\":\"https:\\\/\\\/strangercam.com\\\/#\\\/schema\\\/logo\\\/image\\\/\",\"url\":\"https:\\\/\\\/strangercam.com\\\/wp-content\\\/uploads\\\/2020\\\/11\\\/cropped-new-favicon-black.png\",\"contentUrl\":\"https:\\\/\\\/strangercam.com\\\/wp-content\\\/uploads\\\/2020\\\/11\\\/cropped-new-favicon-black.png\",\"width\":512,\"height\":512,\"caption\":\"Strangercam\"},\"image\":{\"@id\":\"https:\\\/\\\/strangercam.com\\\/#\\\/schema\\\/logo\\\/image\\\/\"},\"sameAs\":[\"https:\\\/\\\/www.facebook.com\\\/strangercam\",\"https:\\\/\\\/x.com\\\/strangercamapp\"]}]}<\/script>\n<!-- \/ Yoast SEO plugin. -->","yoast_head_json":{"title":"Stickam - Chat Roulette Anonimamente - C\u00e2mera no StrangerCam.com","description":"Gosta do Stickam? Venha bater papo com mais de 5.000.000 de desconhecidos no Stranger Cam de gra\u00e7a! Ligue sua c\u00e2mera e encontre novos amigos e talvez um par!","robots":{"index":"index","follow":"follow","max-snippet":"max-snippet:-1","max-image-preview":"max-image-preview:large","max-video-preview":"max-video-preview:-1"},"canonical":"https:\/\/strangercam.com\/pt-br\/stickam\/","og_locale":"pt_BR","og_type":"article","og_title":"Stickam - Chat Roulette Anonymously - Cam on StrangerCam.com","og_description":"Like Stickam? Come chat with more than 5.000.000 strangers on Stranger Cam for Free! Turn on your cam and find new friends & maby a match!","og_url":"https:\/\/strangercam.com\/pt-br\/stickam\/","og_site_name":"Strangercam","article_publisher":"https:\/\/www.facebook.com\/strangercam","article_modified_time":"2023-08-21T10:39:40+00:00","og_image":[{"width":800,"height":800,"url":"https:\/\/strangercam.com\/wp-content\/uploads\/2020\/11\/stranger-cam-1.png","type":"image\/png"}],"twitter_card":"summary_large_image","twitter_site":"@strangercamapp","twitter_misc":{"Est. tempo de leitura":"2 minutos"},"schema":{"@context":"https:\/\/schema.org","@graph":[{"@type":"WebPage","@id":"https:\/\/strangercam.com\/stickam\/","url":"https:\/\/strangercam.com\/stickam\/","name":"Stickam - Chat Roulette Anonimamente - C\u00e2mera no StrangerCam.com","isPartOf":{"@id":"https:\/\/strangercam.com\/#website"},"primaryImageOfPage":{"@id":"https:\/\/strangercam.com\/stickam\/#primaryimage"},"image":{"@id":"https:\/\/strangercam.com\/stickam\/#primaryimage"},"thumbnailUrl":"https:\/\/strangercam.com\/wp-content\/uploads\/2020\/11\/stranger-cam-1.png","datePublished":"2022-05-30T12:29:33+00:00","dateModified":"2023-08-21T10:39:40+00:00","description":"Gosta do Stickam? Venha bater papo com mais de 5.000.000 de desconhecidos no Stranger Cam de gra\u00e7a! Ligue sua c\u00e2mera e encontre novos amigos e talvez um par!","breadcrumb":{"@id":"https:\/\/strangercam.com\/stickam\/#breadcrumb"},"inLanguage":"pt-BR","potentialAction":[{"@type":"ReadAction","target":["https:\/\/strangercam.com\/stickam\/"]}]},{"@type":"ImageObject","inLanguage":"pt-BR","@id":"https:\/\/strangercam.com\/stickam\/#primaryimage","url":"https:\/\/strangercam.com\/wp-content\/uploads\/2020\/11\/stranger-cam-1.png","contentUrl":"https:\/\/strangercam.com\/wp-content\/uploads\/2020\/11\/stranger-cam-1.png","width":800,"height":800,"caption":"stranger cam random video chat"},{"@type":"BreadcrumbList","@id":"https:\/\/strangercam.com\/stickam\/#breadcrumb","itemListElement":[{"@type":"ListItem","position":1,"name":"Home","item":"https:\/\/strangercam.com\/"},{"@type":"ListItem","position":2,"name":"Stickam"}]},{"@type":"WebSite","@id":"https:\/\/strangercam.com\/#website","url":"https:\/\/strangercam.com\/","name":"Strangercam","description":"Bate-papo por v\u00eddeo aleat\u00f3rio com estranhos","publisher":{"@id":"https:\/\/strangercam.com\/#organization"},"alternateName":"Strangercam.com","potentialAction":[{"@type":"SearchAction","target":{"@type":"EntryPoint","urlTemplate":"https:\/\/strangercam.com\/?s={search_term_string}"},"query-input":{"@type":"PropertyValueSpecification","valueRequired":true,"valueName":"search_term_string"}}],"inLanguage":"pt-BR"},{"@type":"Organization","@id":"https:\/\/strangercam.com\/#organization","name":"Strangercam","alternateName":"Strangercam.com","url":"https:\/\/strangercam.com\/","logo":{"@type":"ImageObject","inLanguage":"pt-BR","@id":"https:\/\/strangercam.com\/#\/schema\/logo\/image\/","url":"https:\/\/strangercam.com\/wp-content\/uploads\/2020\/11\/cropped-new-favicon-black.png","contentUrl":"https:\/\/strangercam.com\/wp-content\/uploads\/2020\/11\/cropped-new-favicon-black.png","width":512,"height":512,"caption":"Strangercam"},"image":{"@id":"https:\/\/strangercam.com\/#\/schema\/logo\/image\/"},"sameAs":["https:\/\/www.facebook.com\/strangercam","https:\/\/x.com\/strangercamapp"]}]}},"_links":{"self":[{"href":"https:\/\/strangercam.com\/pt-br\/wp-json\/wp\/v2\/pages\/10116","targetHints":{"allow":["GET"]}}],"collection":[{"href":"https:\/\/strangercam.com\/pt-br\/wp-json\/wp\/v2\/pages"}],"about":[{"href":"https:\/\/strangercam.com\/pt-br\/wp-json\/wp\/v2\/types\/page"}],"author":[{"embeddable":true,"href":"https:\/\/strangercam.com\/pt-br\/wp-json\/wp\/v2\/users\/6"}],"replies":[{"embeddable":true,"href":"https:\/\/strangercam.com\/pt-br\/wp-json\/wp\/v2\/comments?post=10116"}],"version-history":[{"count":0,"href":"https:\/\/strangercam.com\/pt-br\/wp-json\/wp\/v2\/pages\/10116\/revisions"}],"wp:featuredmedia":[{"embeddable":true,"href":"https:\/\/strangercam.com\/pt-br\/wp-json\/wp\/v2\/media\/559"}],"wp:attachment":[{"href":"https:\/\/strangercam.com\/pt-br\/wp-json\/wp\/v2\/media?parent=10116"}],"curies":[{"name":"wp","href":"https:\/\/api.w.org\/{rel}","templated":true}]}}