{"id":10096,"date":"2022-05-30T14:20:25","date_gmt":"2022-05-30T12:20:25","guid":{"rendered":"https:\/\/strangercam.com\/?page_id=10096"},"modified":"2023-08-21T12:42:59","modified_gmt":"2023-08-21T10:42:59","slug":"tandoo","status":"publish","type":"page","link":"https:\/\/strangercam.com\/pt-br\/tandoo\/","title":{"rendered":"Tandoo"},"content":{"rendered":"<p>Tandoo \u00e9 um <a href=\"https:\/\/strangercam.com\/pt-br\/chat4free\/\">gratuito<\/a> cooperativa on-line <a href=\"https:\/\/strangercam.com\/pt-br\/mili\/\">ao vivo<\/a> v\u00eddeo <a href=\"https:\/\/strangercam.com\/pt-br\/chatroulette\/\">bate-papo<\/a> aplicativo que permite <a href=\"https:\/\/strangercam.com\/pt-br\/coomeet\/\">conhecer<\/a> novas pessoas de todo o mundo! Os estranhos podem ser contatados por e-mail, chat de voz ou <a href=\"https:\/\/strangercam.com\/pt-br\/rabbit-video-chat\/\">bate-papo por v\u00eddeo<\/a>. Tenha ainda mais prazer participando de pequenos jogos e participando de festas! Todas as fun\u00e7\u00f5es s\u00e3o preparadas para conversar e fazer novas amizades. Junte-se a n\u00f3s agora mesmo para experimentar muita divers\u00e3o e felicidade.<\/p>\n<h3>Principais recursos do Tandoo.Com<\/h3>\n<p>A seguir, apresentamos os principais recursos do Tandoo.Com:<\/p>\n<ul>\n<li>Bate-papo por v\u00eddeo em tempo real: voc\u00ea pode conversar com seus amigos cara a cara com o exclusivo recurso de bate-papo por v\u00eddeo e \u00e1udio. Tamb\u00e9m temos interpreta\u00e7\u00e3o em tempo real para ajudar a eliminar barreiras lingu\u00edsticas. Tamb\u00e9m h\u00e1 suporte para aprimoramentos e efeitos de beleza.<\/li>\n<li>Bate-papo por voz que \u00e9 simples: Compartilhar seu cora\u00e7\u00e3o e sua alma com as pessoas \u00e9 mais f\u00e1cil e menos estressante quando se usa o bate-papo por voz.<\/li>\n<li>Indiv\u00edduos reais absolutos: Tandoo n\u00e3o tem nenhum usu\u00e1rio fraudulento. Acreditamos que voc\u00ea ter\u00e1 mais chances de fazer novos amigos. Filtramos cuidadosamente os usu\u00e1rios de alta qualidade e submetemos seus perfis ao nosso processo de verifica\u00e7\u00e3o.<\/li>\n<li>Amizades de todo o mundo: Encontre novos conhecidos em sua regi\u00e3o ou pesquise pessoas com interesses semelhantes em locais e pa\u00edses distantes.<\/li>\n<li>Inserir recomenda\u00e7\u00e3o aleat\u00f3ria: O m\u00e9todo mais eficiente para fazer novas amizades. Escolha entre uma confer\u00eancia telef\u00f4nica ou por v\u00eddeo e encontre-se com seus amigos quando quiser para conversar.<\/li>\n<li>Entrar no Party Room \u00e9 muito divertido: Junte-se a n\u00f3s em tempo real! De gra\u00e7a, voc\u00ea pode assistir a uma transmiss\u00e3o ao vivo e conversar com at\u00e9 5 usu\u00e1rios simultaneamente!<\/li>\n<li>Pequenos jogos para jogar: Voc\u00ea ter\u00e1 uma sala de bate-papo privada e uma conversa por texto com um amigo. D\u00ea presentes a seus amigos e jogue Secret Truth para conhec\u00ea-los melhor!<\/li>\n<\/ul>\n<h3>Principais servi\u00e7os oferecidos pelo Tandoo.Com<\/h3>\n<p>A seguir, alguns dos principais servi\u00e7os oferecidos pela plataforma:<\/p>\n<ul>\n<li>O Tandoo permite que voc\u00ea converse cara a cara com usu\u00e1rios de todo o mundo.<\/li>\n<li>O bate-papo por v\u00eddeo e por voz est\u00e1 dispon\u00edvel.<\/li>\n<li>Fa\u00e7a amigos com interesses semelhantes em todo o mundo.<\/li>\n<li>Combine aleatoriamente e surpreenda-se com quem voc\u00ea conhece.<\/li>\n<li>Discuta suas ideias com um grupo de pessoas.<\/li>\n<\/ul>\n<h3>Conclus\u00e3o<\/h3>\n<p>Essa \u00e9 uma das melhores plataformas para namorar a pessoa certa e passar os melhores momentos. Os estranhos podem ser contatados por e-mail, bate-papo por voz ou bate-papo por v\u00eddeo. Tenha ainda mais prazer participando de jogos simples e organizando festas! Todas as fun\u00e7\u00f5es est\u00e3o preparadas para conversar e fazer novas amizades. Junte-se a n\u00f3s agora mesmo!<\/p>","protected":false},"excerpt":{"rendered":"<p>Tandoo is a free online cooperative live video chat application that lets you meet new people from all around the world! Strangers can be contacted via mail, voice chat, or video chat. Have even more pleasure by participating in small games and attending parties! Every function is set up for chatting and making new acquaintances. [&hellip;]<\/p>\n","protected":false},"author":6,"featured_media":559,"parent":0,"menu_order":0,"comment_status":"closed","ping_status":"closed","template":"","meta":{"footnotes":""},"class_list":["post-10096","page","type-page","status-publish","has-post-thumbnail","hentry"],"yoast_head":"<!-- This site is optimized with the Yoast SEO plugin v27.4 - https:\/\/yoast.com\/product\/yoast-seo-wordpress\/ -->\n<title>Tandoo - Chat Roulette Anonymously - Cam on StrangerCam.com<\/title>\n<meta name=\"description\" content=\"Like Tandoo? Come chat with more than 5.000.000 strangers on Stranger Cam for Free! Turn on your cam and find new friends &amp; maby a match!\" \/>\n<meta name=\"robots\" content=\"index, follow, max-snippet:-1, max-image-preview:large, max-video-preview:-1\" \/>\n<link rel=\"canonical\" href=\"https:\/\/strangercam.com\/pt-br\/tandoo\/\" \/>\n<meta property=\"og:locale\" content=\"pt_BR\" \/>\n<meta property=\"og:type\" content=\"article\" \/>\n<meta property=\"og:title\" content=\"Tandoo - Chat Roulette Anonymously - Cam on StrangerCam.com\" \/>\n<meta property=\"og:description\" content=\"Like Tandoo? Come chat with more than 5.000.000 strangers on Stranger Cam for Free! Turn on your cam and find new friends &amp; maby a match!\" \/>\n<meta property=\"og:url\" content=\"https:\/\/strangercam.com\/pt-br\/tandoo\/\" \/>\n<meta property=\"og:site_name\" content=\"Strangercam\" \/>\n<meta property=\"article:publisher\" content=\"https:\/\/www.facebook.com\/strangercam\" \/>\n<meta property=\"article:modified_time\" content=\"2023-08-21T10:42:59+00:00\" \/>\n<meta property=\"og:image\" content=\"https:\/\/strangercam.com\/wp-content\/uploads\/2020\/11\/stranger-cam-1.png\" \/>\n\t<meta property=\"og:image:width\" content=\"800\" \/>\n\t<meta property=\"og:image:height\" content=\"800\" \/>\n\t<meta property=\"og:image:type\" content=\"image\/png\" \/>\n<meta name=\"twitter:card\" content=\"summary_large_image\" \/>\n<meta name=\"twitter:site\" content=\"@strangercamapp\" \/>\n<meta name=\"twitter:label1\" content=\"Est. tempo de leitura\" \/>\n\t<meta name=\"twitter:data1\" content=\"2 minutos\" \/>\n<script type=\"application\/ld+json\" class=\"yoast-schema-graph\">{\"@context\":\"https:\\\/\\\/schema.org\",\"@graph\":[{\"@type\":\"WebPage\",\"@id\":\"https:\\\/\\\/strangercam.com\\\/tandoo\\\/\",\"url\":\"https:\\\/\\\/strangercam.com\\\/tandoo\\\/\",\"name\":\"Tandoo - Chat Roulette Anonymously - Cam on StrangerCam.com\",\"isPartOf\":{\"@id\":\"https:\\\/\\\/strangercam.com\\\/#website\"},\"primaryImageOfPage\":{\"@id\":\"https:\\\/\\\/strangercam.com\\\/tandoo\\\/#primaryimage\"},\"image\":{\"@id\":\"https:\\\/\\\/strangercam.com\\\/tandoo\\\/#primaryimage\"},\"thumbnailUrl\":\"https:\\\/\\\/strangercam.com\\\/wp-content\\\/uploads\\\/2020\\\/11\\\/stranger-cam-1.png\",\"datePublished\":\"2022-05-30T12:20:25+00:00\",\"dateModified\":\"2023-08-21T10:42:59+00:00\",\"description\":\"Like Tandoo? Come chat with more than 5.000.000 strangers on Stranger Cam for Free! Turn on your cam and find new friends & maby a match!\",\"breadcrumb\":{\"@id\":\"https:\\\/\\\/strangercam.com\\\/tandoo\\\/#breadcrumb\"},\"inLanguage\":\"pt-BR\",\"potentialAction\":[{\"@type\":\"ReadAction\",\"target\":[\"https:\\\/\\\/strangercam.com\\\/tandoo\\\/\"]}]},{\"@type\":\"ImageObject\",\"inLanguage\":\"pt-BR\",\"@id\":\"https:\\\/\\\/strangercam.com\\\/tandoo\\\/#primaryimage\",\"url\":\"https:\\\/\\\/strangercam.com\\\/wp-content\\\/uploads\\\/2020\\\/11\\\/stranger-cam-1.png\",\"contentUrl\":\"https:\\\/\\\/strangercam.com\\\/wp-content\\\/uploads\\\/2020\\\/11\\\/stranger-cam-1.png\",\"width\":800,\"height\":800,\"caption\":\"stranger cam random video chat\"},{\"@type\":\"BreadcrumbList\",\"@id\":\"https:\\\/\\\/strangercam.com\\\/tandoo\\\/#breadcrumb\",\"itemListElement\":[{\"@type\":\"ListItem\",\"position\":1,\"name\":\"Home\",\"item\":\"https:\\\/\\\/strangercam.com\\\/\"},{\"@type\":\"ListItem\",\"position\":2,\"name\":\"Tandoo\"}]},{\"@type\":\"WebSite\",\"@id\":\"https:\\\/\\\/strangercam.com\\\/#website\",\"url\":\"https:\\\/\\\/strangercam.com\\\/\",\"name\":\"Strangercam\",\"description\":\"Random Video Chat with Strangers\",\"publisher\":{\"@id\":\"https:\\\/\\\/strangercam.com\\\/#organization\"},\"alternateName\":\"Strangercam.com\",\"potentialAction\":[{\"@type\":\"SearchAction\",\"target\":{\"@type\":\"EntryPoint\",\"urlTemplate\":\"https:\\\/\\\/strangercam.com\\\/?s={search_term_string}\"},\"query-input\":{\"@type\":\"PropertyValueSpecification\",\"valueRequired\":true,\"valueName\":\"search_term_string\"}}],\"inLanguage\":\"pt-BR\"},{\"@type\":\"Organization\",\"@id\":\"https:\\\/\\\/strangercam.com\\\/#organization\",\"name\":\"Strangercam\",\"alternateName\":\"Strangercam.com\",\"url\":\"https:\\\/\\\/strangercam.com\\\/\",\"logo\":{\"@type\":\"ImageObject\",\"inLanguage\":\"pt-BR\",\"@id\":\"https:\\\/\\\/strangercam.com\\\/#\\\/schema\\\/logo\\\/image\\\/\",\"url\":\"https:\\\/\\\/strangercam.com\\\/wp-content\\\/uploads\\\/2020\\\/11\\\/cropped-new-favicon-black.png\",\"contentUrl\":\"https:\\\/\\\/strangercam.com\\\/wp-content\\\/uploads\\\/2020\\\/11\\\/cropped-new-favicon-black.png\",\"width\":512,\"height\":512,\"caption\":\"Strangercam\"},\"image\":{\"@id\":\"https:\\\/\\\/strangercam.com\\\/#\\\/schema\\\/logo\\\/image\\\/\"},\"sameAs\":[\"https:\\\/\\\/www.facebook.com\\\/strangercam\",\"https:\\\/\\\/x.com\\\/strangercamapp\"]}]}<\/script>\n<!-- \/ Yoast SEO plugin. -->","yoast_head_json":{"title":"Tandoo - Chat Roulette Anonimamente - C\u00e2mera no StrangerCam.com","description":"Gosta do Tandoo? Venha conversar com mais de 5.000.000 de estranhos no Stranger Cam gratuitamente! Ligue sua c\u00e2mera e encontre novos amigos e talvez um par!","robots":{"index":"index","follow":"follow","max-snippet":"max-snippet:-1","max-image-preview":"max-image-preview:large","max-video-preview":"max-video-preview:-1"},"canonical":"https:\/\/strangercam.com\/pt-br\/tandoo\/","og_locale":"pt_BR","og_type":"article","og_title":"Tandoo - Chat Roulette Anonymously - Cam on StrangerCam.com","og_description":"Like Tandoo? Come chat with more than 5.000.000 strangers on Stranger Cam for Free! Turn on your cam and find new friends & maby a match!","og_url":"https:\/\/strangercam.com\/pt-br\/tandoo\/","og_site_name":"Strangercam","article_publisher":"https:\/\/www.facebook.com\/strangercam","article_modified_time":"2023-08-21T10:42:59+00:00","og_image":[{"width":800,"height":800,"url":"https:\/\/strangercam.com\/wp-content\/uploads\/2020\/11\/stranger-cam-1.png","type":"image\/png"}],"twitter_card":"summary_large_image","twitter_site":"@strangercamapp","twitter_misc":{"Est. tempo de leitura":"2 minutos"},"schema":{"@context":"https:\/\/schema.org","@graph":[{"@type":"WebPage","@id":"https:\/\/strangercam.com\/tandoo\/","url":"https:\/\/strangercam.com\/tandoo\/","name":"Tandoo - Chat Roulette Anonimamente - C\u00e2mera no StrangerCam.com","isPartOf":{"@id":"https:\/\/strangercam.com\/#website"},"primaryImageOfPage":{"@id":"https:\/\/strangercam.com\/tandoo\/#primaryimage"},"image":{"@id":"https:\/\/strangercam.com\/tandoo\/#primaryimage"},"thumbnailUrl":"https:\/\/strangercam.com\/wp-content\/uploads\/2020\/11\/stranger-cam-1.png","datePublished":"2022-05-30T12:20:25+00:00","dateModified":"2023-08-21T10:42:59+00:00","description":"Gosta do Tandoo? Venha conversar com mais de 5.000.000 de estranhos no Stranger Cam gratuitamente! Ligue sua c\u00e2mera e encontre novos amigos e talvez um par!","breadcrumb":{"@id":"https:\/\/strangercam.com\/tandoo\/#breadcrumb"},"inLanguage":"pt-BR","potentialAction":[{"@type":"ReadAction","target":["https:\/\/strangercam.com\/tandoo\/"]}]},{"@type":"ImageObject","inLanguage":"pt-BR","@id":"https:\/\/strangercam.com\/tandoo\/#primaryimage","url":"https:\/\/strangercam.com\/wp-content\/uploads\/2020\/11\/stranger-cam-1.png","contentUrl":"https:\/\/strangercam.com\/wp-content\/uploads\/2020\/11\/stranger-cam-1.png","width":800,"height":800,"caption":"stranger cam random video chat"},{"@type":"BreadcrumbList","@id":"https:\/\/strangercam.com\/tandoo\/#breadcrumb","itemListElement":[{"@type":"ListItem","position":1,"name":"Home","item":"https:\/\/strangercam.com\/"},{"@type":"ListItem","position":2,"name":"Tandoo"}]},{"@type":"WebSite","@id":"https:\/\/strangercam.com\/#website","url":"https:\/\/strangercam.com\/","name":"Strangercam","description":"Bate-papo por v\u00eddeo aleat\u00f3rio com estranhos","publisher":{"@id":"https:\/\/strangercam.com\/#organization"},"alternateName":"Strangercam.com","potentialAction":[{"@type":"SearchAction","target":{"@type":"EntryPoint","urlTemplate":"https:\/\/strangercam.com\/?s={search_term_string}"},"query-input":{"@type":"PropertyValueSpecification","valueRequired":true,"valueName":"search_term_string"}}],"inLanguage":"pt-BR"},{"@type":"Organization","@id":"https:\/\/strangercam.com\/#organization","name":"Strangercam","alternateName":"Strangercam.com","url":"https:\/\/strangercam.com\/","logo":{"@type":"ImageObject","inLanguage":"pt-BR","@id":"https:\/\/strangercam.com\/#\/schema\/logo\/image\/","url":"https:\/\/strangercam.com\/wp-content\/uploads\/2020\/11\/cropped-new-favicon-black.png","contentUrl":"https:\/\/strangercam.com\/wp-content\/uploads\/2020\/11\/cropped-new-favicon-black.png","width":512,"height":512,"caption":"Strangercam"},"image":{"@id":"https:\/\/strangercam.com\/#\/schema\/logo\/image\/"},"sameAs":["https:\/\/www.facebook.com\/strangercam","https:\/\/x.com\/strangercamapp"]}]}},"_links":{"self":[{"href":"https:\/\/strangercam.com\/pt-br\/wp-json\/wp\/v2\/pages\/10096","targetHints":{"allow":["GET"]}}],"collection":[{"href":"https:\/\/strangercam.com\/pt-br\/wp-json\/wp\/v2\/pages"}],"about":[{"href":"https:\/\/strangercam.com\/pt-br\/wp-json\/wp\/v2\/types\/page"}],"author":[{"embeddable":true,"href":"https:\/\/strangercam.com\/pt-br\/wp-json\/wp\/v2\/users\/6"}],"replies":[{"embeddable":true,"href":"https:\/\/strangercam.com\/pt-br\/wp-json\/wp\/v2\/comments?post=10096"}],"version-history":[{"count":0,"href":"https:\/\/strangercam.com\/pt-br\/wp-json\/wp\/v2\/pages\/10096\/revisions"}],"wp:featuredmedia":[{"embeddable":true,"href":"https:\/\/strangercam.com\/pt-br\/wp-json\/wp\/v2\/media\/559"}],"wp:attachment":[{"href":"https:\/\/strangercam.com\/pt-br\/wp-json\/wp\/v2\/media?parent=10096"}],"curies":[{"name":"wp","href":"https:\/\/api.w.org\/{rel}","templated":true}]}}