{"id":10069,"date":"2022-05-30T14:07:33","date_gmt":"2022-05-30T12:07:33","guid":{"rendered":"https:\/\/strangercam.com\/?page_id=10069"},"modified":"2023-08-21T11:40:39","modified_gmt":"2023-08-21T09:40:39","slug":"camfrog","status":"publish","type":"page","link":"https:\/\/strangercam.com\/pt-br\/camfrog\/","title":{"rendered":"Camfrog"},"content":{"rendered":"<p>A Camshare lan\u00e7ou o Camfrog, um <a href=\"https:\/\/strangercam.com\/pt-br\/rabbit-video-chat\/\">v\u00eddeo<\/a> <a href=\"https:\/\/strangercam.com\/pt-br\/chatroulette\/\">bate-papo<\/a> e cliente de mensagens on-line, em outubro de 2003. Ele permite que os consumidores <a href=\"https:\/\/strangercam.com\/pt-br\/coomeet\/\">bate-papo por v\u00eddeo<\/a> com pessoas de todo o mundo e encontra companheiros em salas de bate-papo. Os consumidores do Camfrog com Internet de alta qualidade podem criar e gerenciar seus pr\u00f3prios grupos de videoconfer\u00eancia.<\/p>\n<h3>Principais recursos do Camfrog.com<\/h3>\n<p>A seguir, alguns dos principais recursos do aplicativo de namoro:<\/p>\n<ul>\n<li>Camfrog \u00e9 uma comunidade de videoconfer\u00eancia gratuita onde voc\u00ea pode fazer amigos de todo o mundo em nossos sites de bate-papo com webcam ao vivo (em qualquer dispositivo!).<\/li>\n<li>Ao participar de nossos f\u00f3runs de discuss\u00e3o de v\u00eddeo ao vivo, voc\u00ea far\u00e1 novos amigos em pouco tempo!<\/li>\n<li>Em mais um de nossos centenas de sites de bate-papo com transmiss\u00e3o ao vivo, <a href=\"https:\/\/strangercam.com\/pt-br\/bate-papo-em-video-com-estranhos\/\">bate-papo por v\u00eddeo com estranhos<\/a> em seus bate-papos em grupo favoritos, debata t\u00f3picos, fa\u00e7a videoconfer\u00eancias com amigos e misture-se com conhecidos e sinais atraentes.<\/li>\n<li>Voc\u00ea pode ficar inc\u00f3gnito e bater papo por v\u00eddeo com qualquer pessoa no Camfrog, ou pode ser voc\u00ea mesmo com seus amigos em nossas salas p\u00fablicas de bate-papo por v\u00eddeo.<\/li>\n<li>Nas conversas on-line em v\u00eddeo que o intrigam, voc\u00ea pode ver um n\u00famero infinito de c\u00e2meras ao vivo de alta qualidade. Centenas de pessoas podem ser vistas ao mesmo tempo, portanto, prepare-se para se divertir!<\/li>\n<\/ul>\n<h3>A c\u00e2mera n\u00e3o \u00e9 uma ferramenta essencial para participar de bate-papos por texto, voz ou v\u00eddeo.<\/h3>\n<p>O Camfrog Video Chat \u00e9 um software de bate-papo moderno que permite que at\u00e9 dezenas de milhares de pessoas participem de bate-papos de v\u00eddeo, voz e texto em tempo real. O programa permite que voc\u00ea visualize, fale e escreva para outros membros da sala de bate-papo ao mesmo tempo. N\u00e3o \u00e9 necess\u00e1rio ter uma webcam para todos os bate-papos por v\u00eddeo, portanto, voc\u00ea pode participar mesmo que n\u00e3o tenha uma. As salas de bate-papo do Camfrog podem ser privadas ou p\u00fablicas, e voc\u00ea pode entrar em contato com telefones celulares ou residenciais a partir delas.<\/p>\n<h3>Ferramentas que protegem os menores de revelar informa\u00e7\u00f5es ou de entrar em salas de bate-papo irrelevantes.<\/h3>\n<p>Ao utilizar o Instant Messenger, uma variedade de softwares de monitoramento no Camfrog Video Chat protege efetivamente os menores de divulgarem muitas informa\u00e7\u00f5es pessoais e de entrarem em determinadas salas de bate-papo. Privacidade e seguran\u00e7a, v\u00eddeo e \u00e1udio, arquivo, idiomas e teclas de atalho est\u00e3o entre as outras op\u00e7\u00f5es dispon\u00edveis no concorrente Skype.<\/p>\n<h3>Conclus\u00e3o<\/h3>\n<p>Voc\u00ea pode falar com estranhos, configurar uma webcam e fazer uma transmiss\u00e3o ao vivo para falar sobre seus hobbies e se apresentar ao p\u00fablico, ou participar de um bate-papo por v\u00eddeo c\u00e2mera a c\u00e2mera para uma conversa mais pessoal, caso n\u00e3o tenha vergonha de usar c\u00e2meras. In\u00edcio <a href=\"https:\/\/strangercam.com\/pt-br\/shagle\/\">adulto<\/a> para fazer amizades verdadeiras. Comece a experimentar em nossas salas de bate-papo aleat\u00f3rias!<\/p>","protected":false},"excerpt":{"rendered":"<p>Camshare launched Camfrog, a video chat and online messaging client, in October 2003. It enables consumers to video chat with people all around the world and finds companions in chat rooms. Camfrog consumers with high internet can create and manage their own videoconferencing groups. Main Features of Camfrog.com Following are some of the top features [&hellip;]<\/p>\n","protected":false},"author":6,"featured_media":559,"parent":0,"menu_order":0,"comment_status":"closed","ping_status":"closed","template":"","meta":{"footnotes":""},"class_list":["post-10069","page","type-page","status-publish","has-post-thumbnail","hentry"],"yoast_head":"<!-- This site is optimized with the Yoast SEO plugin v26.9 - https:\/\/yoast.com\/product\/yoast-seo-wordpress\/ -->\n<title>Camfrog - Chat Roulette Anonymously - Cam on StrangerCam.com<\/title>\n<meta name=\"description\" content=\"Like Camfrog? Come chat with more than 5.000.000 strangers on Stranger Cam for Free! Turn on your cam and find new friends &amp; maby a match!\" \/>\n<meta name=\"robots\" content=\"index, follow, max-snippet:-1, max-image-preview:large, max-video-preview:-1\" \/>\n<link rel=\"canonical\" href=\"https:\/\/strangercam.com\/pt-br\/camfrog\/\" \/>\n<meta property=\"og:locale\" content=\"pt_BR\" \/>\n<meta property=\"og:type\" content=\"article\" \/>\n<meta property=\"og:title\" content=\"Camfrog - Chat Roulette Anonymously - Cam on StrangerCam.com\" \/>\n<meta property=\"og:description\" content=\"Like Camfrog? Come chat with more than 5.000.000 strangers on Stranger Cam for Free! Turn on your cam and find new friends &amp; maby a match!\" \/>\n<meta property=\"og:url\" content=\"https:\/\/strangercam.com\/pt-br\/camfrog\/\" \/>\n<meta property=\"og:site_name\" content=\"Strangercam\" \/>\n<meta property=\"article:publisher\" content=\"https:\/\/www.facebook.com\/strangercam\" \/>\n<meta property=\"article:modified_time\" content=\"2023-08-21T09:40:39+00:00\" \/>\n<meta property=\"og:image\" content=\"https:\/\/strangercam.com\/wp-content\/uploads\/2020\/11\/stranger-cam-1.png\" \/>\n\t<meta property=\"og:image:width\" content=\"800\" \/>\n\t<meta property=\"og:image:height\" content=\"800\" \/>\n\t<meta property=\"og:image:type\" content=\"image\/png\" \/>\n<meta name=\"twitter:card\" content=\"summary_large_image\" \/>\n<meta name=\"twitter:site\" content=\"@strangercamapp\" \/>\n<meta name=\"twitter:label1\" content=\"Est. tempo de leitura\" \/>\n\t<meta name=\"twitter:data1\" content=\"2 minutos\" \/>\n<script type=\"application\/ld+json\" class=\"yoast-schema-graph\">{\"@context\":\"https:\/\/schema.org\",\"@graph\":[{\"@type\":\"WebPage\",\"@id\":\"https:\/\/strangercam.com\/camfrog\/\",\"url\":\"https:\/\/strangercam.com\/camfrog\/\",\"name\":\"Camfrog - Chat Roulette Anonymously - Cam on StrangerCam.com\",\"isPartOf\":{\"@id\":\"https:\/\/strangercam.com\/#website\"},\"primaryImageOfPage\":{\"@id\":\"https:\/\/strangercam.com\/camfrog\/#primaryimage\"},\"image\":{\"@id\":\"https:\/\/strangercam.com\/camfrog\/#primaryimage\"},\"thumbnailUrl\":\"https:\/\/strangercam.com\/wp-content\/uploads\/2020\/11\/stranger-cam-1.png\",\"datePublished\":\"2022-05-30T12:07:33+00:00\",\"dateModified\":\"2023-08-21T09:40:39+00:00\",\"description\":\"Like Camfrog? Come chat with more than 5.000.000 strangers on Stranger Cam for Free! Turn on your cam and find new friends & maby a match!\",\"breadcrumb\":{\"@id\":\"https:\/\/strangercam.com\/camfrog\/#breadcrumb\"},\"inLanguage\":\"pt-BR\",\"potentialAction\":[{\"@type\":\"ReadAction\",\"target\":[\"https:\/\/strangercam.com\/camfrog\/\"]}]},{\"@type\":\"ImageObject\",\"inLanguage\":\"pt-BR\",\"@id\":\"https:\/\/strangercam.com\/camfrog\/#primaryimage\",\"url\":\"https:\/\/strangercam.com\/wp-content\/uploads\/2020\/11\/stranger-cam-1.png\",\"contentUrl\":\"https:\/\/strangercam.com\/wp-content\/uploads\/2020\/11\/stranger-cam-1.png\",\"width\":800,\"height\":800,\"caption\":\"stranger cam random video chat\"},{\"@type\":\"BreadcrumbList\",\"@id\":\"https:\/\/strangercam.com\/camfrog\/#breadcrumb\",\"itemListElement\":[{\"@type\":\"ListItem\",\"position\":1,\"name\":\"Home\",\"item\":\"https:\/\/strangercam.com\/\"},{\"@type\":\"ListItem\",\"position\":2,\"name\":\"Camfrog\"}]},{\"@type\":\"WebSite\",\"@id\":\"https:\/\/strangercam.com\/#website\",\"url\":\"https:\/\/strangercam.com\/\",\"name\":\"Strangercam\",\"description\":\"Random Video Chat with Strangers\",\"publisher\":{\"@id\":\"https:\/\/strangercam.com\/#organization\"},\"alternateName\":\"Strangercam.com\",\"potentialAction\":[{\"@type\":\"SearchAction\",\"target\":{\"@type\":\"EntryPoint\",\"urlTemplate\":\"https:\/\/strangercam.com\/?s={search_term_string}\"},\"query-input\":{\"@type\":\"PropertyValueSpecification\",\"valueRequired\":true,\"valueName\":\"search_term_string\"}}],\"inLanguage\":\"pt-BR\"},{\"@type\":\"Organization\",\"@id\":\"https:\/\/strangercam.com\/#organization\",\"name\":\"Strangercam\",\"alternateName\":\"Strangercam.com\",\"url\":\"https:\/\/strangercam.com\/\",\"logo\":{\"@type\":\"ImageObject\",\"inLanguage\":\"pt-BR\",\"@id\":\"https:\/\/strangercam.com\/#\/schema\/logo\/image\/\",\"url\":\"https:\/\/strangercam.com\/wp-content\/uploads\/2020\/11\/cropped-new-favicon-black.png\",\"contentUrl\":\"https:\/\/strangercam.com\/wp-content\/uploads\/2020\/11\/cropped-new-favicon-black.png\",\"width\":512,\"height\":512,\"caption\":\"Strangercam\"},\"image\":{\"@id\":\"https:\/\/strangercam.com\/#\/schema\/logo\/image\/\"},\"sameAs\":[\"https:\/\/www.facebook.com\/strangercam\",\"https:\/\/x.com\/strangercamapp\"]}]}<\/script>\n<!-- \/ Yoast SEO plugin. -->","yoast_head_json":{"title":"Camfrog - Chat Roulette Anonimamente - C\u00e2mera no StrangerCam.com","description":"Gosta do Camfrog? Venha conversar com mais de 5.000.000 de desconhecidos no Stranger Cam gratuitamente! Ligue sua c\u00e2mera e encontre novos amigos e talvez um par!","robots":{"index":"index","follow":"follow","max-snippet":"max-snippet:-1","max-image-preview":"max-image-preview:large","max-video-preview":"max-video-preview:-1"},"canonical":"https:\/\/strangercam.com\/pt-br\/camfrog\/","og_locale":"pt_BR","og_type":"article","og_title":"Camfrog - Chat Roulette Anonymously - Cam on StrangerCam.com","og_description":"Like Camfrog? Come chat with more than 5.000.000 strangers on Stranger Cam for Free! Turn on your cam and find new friends & maby a match!","og_url":"https:\/\/strangercam.com\/pt-br\/camfrog\/","og_site_name":"Strangercam","article_publisher":"https:\/\/www.facebook.com\/strangercam","article_modified_time":"2023-08-21T09:40:39+00:00","og_image":[{"width":800,"height":800,"url":"https:\/\/strangercam.com\/wp-content\/uploads\/2020\/11\/stranger-cam-1.png","type":"image\/png"}],"twitter_card":"summary_large_image","twitter_site":"@strangercamapp","twitter_misc":{"Est. tempo de leitura":"2 minutos"},"schema":{"@context":"https:\/\/schema.org","@graph":[{"@type":"WebPage","@id":"https:\/\/strangercam.com\/camfrog\/","url":"https:\/\/strangercam.com\/camfrog\/","name":"Camfrog - Chat Roulette Anonimamente - C\u00e2mera no StrangerCam.com","isPartOf":{"@id":"https:\/\/strangercam.com\/#website"},"primaryImageOfPage":{"@id":"https:\/\/strangercam.com\/camfrog\/#primaryimage"},"image":{"@id":"https:\/\/strangercam.com\/camfrog\/#primaryimage"},"thumbnailUrl":"https:\/\/strangercam.com\/wp-content\/uploads\/2020\/11\/stranger-cam-1.png","datePublished":"2022-05-30T12:07:33+00:00","dateModified":"2023-08-21T09:40:39+00:00","description":"Gosta do Camfrog? Venha conversar com mais de 5.000.000 de desconhecidos no Stranger Cam gratuitamente! Ligue sua c\u00e2mera e encontre novos amigos e talvez um par!","breadcrumb":{"@id":"https:\/\/strangercam.com\/camfrog\/#breadcrumb"},"inLanguage":"pt-BR","potentialAction":[{"@type":"ReadAction","target":["https:\/\/strangercam.com\/camfrog\/"]}]},{"@type":"ImageObject","inLanguage":"pt-BR","@id":"https:\/\/strangercam.com\/camfrog\/#primaryimage","url":"https:\/\/strangercam.com\/wp-content\/uploads\/2020\/11\/stranger-cam-1.png","contentUrl":"https:\/\/strangercam.com\/wp-content\/uploads\/2020\/11\/stranger-cam-1.png","width":800,"height":800,"caption":"stranger cam random video chat"},{"@type":"BreadcrumbList","@id":"https:\/\/strangercam.com\/camfrog\/#breadcrumb","itemListElement":[{"@type":"ListItem","position":1,"name":"Home","item":"https:\/\/strangercam.com\/"},{"@type":"ListItem","position":2,"name":"Camfrog"}]},{"@type":"WebSite","@id":"https:\/\/strangercam.com\/#website","url":"https:\/\/strangercam.com\/","name":"Strangercam","description":"Bate-papo por v\u00eddeo aleat\u00f3rio com estranhos","publisher":{"@id":"https:\/\/strangercam.com\/#organization"},"alternateName":"Strangercam.com","potentialAction":[{"@type":"SearchAction","target":{"@type":"EntryPoint","urlTemplate":"https:\/\/strangercam.com\/?s={search_term_string}"},"query-input":{"@type":"PropertyValueSpecification","valueRequired":true,"valueName":"search_term_string"}}],"inLanguage":"pt-BR"},{"@type":"Organization","@id":"https:\/\/strangercam.com\/#organization","name":"Strangercam","alternateName":"Strangercam.com","url":"https:\/\/strangercam.com\/","logo":{"@type":"ImageObject","inLanguage":"pt-BR","@id":"https:\/\/strangercam.com\/#\/schema\/logo\/image\/","url":"https:\/\/strangercam.com\/wp-content\/uploads\/2020\/11\/cropped-new-favicon-black.png","contentUrl":"https:\/\/strangercam.com\/wp-content\/uploads\/2020\/11\/cropped-new-favicon-black.png","width":512,"height":512,"caption":"Strangercam"},"image":{"@id":"https:\/\/strangercam.com\/#\/schema\/logo\/image\/"},"sameAs":["https:\/\/www.facebook.com\/strangercam","https:\/\/x.com\/strangercamapp"]}]}},"_links":{"self":[{"href":"https:\/\/strangercam.com\/pt-br\/wp-json\/wp\/v2\/pages\/10069","targetHints":{"allow":["GET"]}}],"collection":[{"href":"https:\/\/strangercam.com\/pt-br\/wp-json\/wp\/v2\/pages"}],"about":[{"href":"https:\/\/strangercam.com\/pt-br\/wp-json\/wp\/v2\/types\/page"}],"author":[{"embeddable":true,"href":"https:\/\/strangercam.com\/pt-br\/wp-json\/wp\/v2\/users\/6"}],"replies":[{"embeddable":true,"href":"https:\/\/strangercam.com\/pt-br\/wp-json\/wp\/v2\/comments?post=10069"}],"version-history":[{"count":0,"href":"https:\/\/strangercam.com\/pt-br\/wp-json\/wp\/v2\/pages\/10069\/revisions"}],"wp:featuredmedia":[{"embeddable":true,"href":"https:\/\/strangercam.com\/pt-br\/wp-json\/wp\/v2\/media\/559"}],"wp:attachment":[{"href":"https:\/\/strangercam.com\/pt-br\/wp-json\/wp\/v2\/media?parent=10069"}],"curies":[{"name":"wp","href":"https:\/\/api.w.org\/{rel}","templated":true}]}}