{"id":1004,"date":"2021-01-10T16:44:29","date_gmt":"2021-01-10T14:44:29","guid":{"rendered":"https:\/\/strangercam.com\/?page_id=1004"},"modified":"2023-08-21T12:24:41","modified_gmt":"2023-08-21T10:24:41","slug":"emerald-chat","status":"publish","type":"page","link":"https:\/\/strangercam.com\/pt-br\/emerald-chat\/","title":{"rendered":"Emerald Chat"},"content":{"rendered":"<p>Atualmente, a maioria das pessoas tem um estilo de vida agitado para atingir seus objetivos. Como resultado, elas acham dif\u00edcil fazer novos amigos para compartilhar suas emo\u00e7\u00f5es e outras coisas. Como as tecnologias est\u00e3o crescendo rapidamente a cada dia, torna-se um processo simples conectar-se facilmente com estranhos, o que pode ajudar a criar novos relacionamentos. Atualmente, existem plataformas da Web e aplicativos m\u00f3veis que visam atender \u00e0s expectativas dos usu\u00e1rios que desejam <a href=\"https:\/\/strangercam.com\/pt-br\/chatroulette\/\">bate-papo<\/a> com outras pessoas facilmente. Ao mesmo tempo, \u00e9 necess\u00e1rio avali\u00e1-los com muita aten\u00e7\u00e3o para escolher o mais adequado.<\/p>\n<h2>Plataforma web Emerald para conhecer novas pessoas<\/h2>\n<p>A Emerald \u00e9 uma plataforma da Web projetada para conhecer novas pessoas on-line rapidamente. A plataforma permite que os usu\u00e1rios encontrem pessoas interessantes de diferentes estilos de vida o mais r\u00e1pido poss\u00edvel. Ela oferece maneiras de entrar em contato com pessoas que t\u00eam interesses semelhantes. Qualquer pessoa que queira conversar com desconhecidos pode utilizar essa plataforma porque ela oferece os melhores recursos. De fato, a plataforma \u00e9 o destino certo para aqueles que querem identificar sua pessoa especial em passos simples. Ao mesmo tempo, os usu\u00e1rios devem ler atentamente as instru\u00e7\u00f5es antes de iniciar o bate-papo.<\/p>\n<h2>Como isso funciona?<\/h2>\n<p>O EmeraldChat \u00e9 considerado a alternativa para <a href=\"https:\/\/strangercam.com\/pt-br\/omegle\/\">Omegle<\/a> e sua interface de usu\u00e1rio \u00e9 praticamente a mesma. Como o Omegle, ele n\u00e3o exige muitas informa\u00e7\u00f5es para o registro e voc\u00ea pode iniciar um <a href=\"https:\/\/strangercam.com\/pt-br\/bate-papo-em-video-com-estranhos\/\">bate-papo por v\u00eddeo com estranhos<\/a> livremente.<\/p>\n<p>Para iniciar o bate-papo por v\u00eddeo com estranhos, voc\u00ea precisa ir para a p\u00e1gina inicial e clicar no bot\u00e3o Iniciar. Em seguida, selecione o g\u00eanero masculino e feminino e, depois disso, ser\u00e1 solicitado que voc\u00ea selecione uma op\u00e7\u00e3o entre<\/p>\n<ul>\n<li>Bate-papo por texto individual<\/li>\n<li><a href=\"https:\/\/strangercam.com\/pt-br\/rabbit-video-chat\/\">Bate-papo por v\u00eddeo<\/a><\/li>\n<li>Bate-papo em grupo<\/li>\n<\/ul>\n<h3>Bate-papo por texto individual:<\/h3>\n<p>No bate-papo individual, voc\u00ea tem a op\u00e7\u00e3o de conversar com apenas uma pessoa e pode selecionar essa pessoa entre 13 hashtags diferentes e, depois de clicar na hashtag de seu interesse, o Emerald encontrar\u00e1 uma correspond\u00eancia para voc\u00ea e, ent\u00e3o, poder\u00e1 come\u00e7ar a conversar com essa pessoa.<\/p>\n<h3>Bate-papo por v\u00eddeo<\/h3>\n<p>No bate-papo por texto individual, voc\u00ea s\u00f3 pode conversar por texto com uma pessoa. Se quiser ver a outra pessoa por meio de uma webcam, ser\u00e1 necess\u00e1rio selecionar a op\u00e7\u00e3o de bate-papo por v\u00eddeo. Muitas pessoas preferem essa op\u00e7\u00e3o e querem bater papo por v\u00eddeo com estranhos. \u00c9 onde voc\u00ea pode encontrar bons amigos, ter um romance ou desfrutar de uma companhia oportuna. Ao usar o bate-papo por v\u00eddeo, \u00e9 preciso ter mais cuidado e nunca fornecer informa\u00e7\u00f5es pessoais ou algo do g\u00eanero a um estranho, pois muitos golpistas on-line est\u00e3o sempre procurando pessoas inocentes para aplicar golpes.<\/p>\n<h3>Bate-papo em grupo<\/h3>\n<p>Os recursos de bate-papo em grupo do Emerald oferecem aos usu\u00e1rios a oportunidade de participar de diferentes grupos que compartilham interesses comuns. Os usu\u00e1rios podem participar do bate-papo em grupo selecionando as hashtags de seu interesse.<\/p>\n<h2>Quais s\u00e3o os recursos dispon\u00edveis na plataforma da Web Emerald?<\/h2>\n<p>A plataforma da Web permite que os usu\u00e1rios conversem com mensagens de texto e chats de v\u00eddeo para garantir uma experi\u00eancia melhor. Al\u00e9m disso, a plataforma web de bate-papo esmeralda permite que os usu\u00e1rios compartilhem fotos e arquivos de m\u00eddia sem nenhuma dificuldade. Os usu\u00e1rios podem at\u00e9 mesmo filtrar as correspond\u00eancias por g\u00eanero e localiza\u00e7\u00e3o nessa plataforma quando desejarem <a href=\"https:\/\/strangercam.com\/pt-br\/coomeet\/\">conhecer<\/a> novas pessoas. O processo de registro \u00e9 simples e permite que a pessoa procure bons amigos de diferentes partes do mundo. Como a plataforma da Web \u00e9 de uso gratuito, ela permite que a pessoa se conecte com outras pessoas o mais r\u00e1pido poss\u00edvel.<\/p>\n<h2>Recursos oferecidos pelo aplicativo de bate-papo da emerald<\/h2>\n<p>O aplicativo est\u00e1 atualmente em fase de desenvolvimento e vir\u00e1 com recursos exclusivos. Alguns deles incluem leveza, personaliza\u00e7\u00e3o, atualiza\u00e7\u00f5es frequentes, modera\u00e7\u00e3o em tempo integral e excelente suporte. Ele funcionar\u00e1 em todos os dispositivos m\u00f3veis, permitindo que os usu\u00e1rios fa\u00e7am chamadas com outras pessoas em alta velocidade. Quem quiser saber mais sobre os detalhes pode visitar o site oficial, que pode ajudar a encontrar algu\u00e9m com excelentes qualidades. A plataforma de bate-papo da Web da emerald viabiliza maneiras de construir novos relacionamentos em diferentes locais para compartilhar tudo em um ambiente seguro. Por outro lado, \u00e9 imperativo ler os termos e condi\u00e7\u00f5es corretamente antes de usar a plataforma.<\/p>\n<h2>Pre\u00e7os<\/h2>\n<p>O Emerald \u00e9 um aplicativo estranho de bate-papo por v\u00eddeo que oferece seus servi\u00e7os b\u00e1sicos gratuitamente. Mas voc\u00ea sempre pode adquirir uma assinatura e desfrutar de alguns benef\u00edcios extras. Ele oferece dois tipos de programas de associa\u00e7\u00e3o.<\/p>\n<ul>\n<li>Associa\u00e7\u00e3o Emerald Gold<\/li>\n<li>Hall da Fama Esmeralda<\/li>\n<\/ul>\n<h3>Associa\u00e7\u00e3o Emerald Gold<\/h3>\n<p>Os usu\u00e1rios do Emerald podem assinar a associa\u00e7\u00e3o Gold pagando 3.89$ por m\u00eas. Os membros Emerald Gold podem desfrutar de muitos recursos premium, incluindo filtros de g\u00eanero e um tique azul ao lado dos nomes dos usu\u00e1rios.<\/p>\n<h3>Hall da Fama Esmeralda<\/h3>\n<p>Os usu\u00e1rios do Emerald podem entrar no Hall da Fama do Emerald pagando 8.89$ por m\u00eas. O perfil dos usu\u00e1rios do Emerald Hall of Fame aparece nos principais resultados e recebe muitas solicita\u00e7\u00f5es de amizade e, por fim, muitas chances de conversar com pessoas de todo o mundo.<\/p>\n<h2>\u00c9 seguro us\u00e1-lo?<\/h2>\n<p>Muitas pessoas est\u00e3o usando aplicativos de bate-papo por v\u00eddeo para fazer novos amigos, ter um romance ou passar o tempo. Mas muitos aplicativos estranhos de bate-papo por v\u00eddeo n\u00e3o s\u00e3o nada seguros, pois est\u00e3o cheios de golpistas on-line e conte\u00fado inadequado ou h\u00e1 risco de privacidade. O EmeraldChat \u00e9 considerado a alternativa do Omegle e o Omegle copiado em tudo, mas nesse aspecto ele parece estar falhando. Como n\u00e3o requer o aplicativo m\u00f3vel da Emerald, que ainda est\u00e1 em fase de desenvolvimento, voc\u00ea pode us\u00e1-lo e tem o mesmo painel de controle f\u00e1cil de usar que o site.<\/p>","protected":false},"excerpt":{"rendered":"<p>Most people are having a busy lifestyle today to accomplish their goals. As a result, they find it difficult to make new friends for sharing their emotions and other things. With technologies are growing fast day by day, it becomes a simple process to connect with strangers easily that can help build new relationships. Nowadays, [&hellip;]<\/p>\n","protected":false},"author":6,"featured_media":559,"parent":0,"menu_order":0,"comment_status":"closed","ping_status":"closed","template":"","meta":{"footnotes":""},"class_list":["post-1004","page","type-page","status-publish","has-post-thumbnail","hentry"],"yoast_head":"<!-- This site is optimized with the Yoast SEO plugin v26.9 - https:\/\/yoast.com\/product\/yoast-seo-wordpress\/ -->\n<title>Emerald Chat - Cam with Strangers on StrangerCam.com<\/title>\n<meta name=\"description\" content=\"Like Emerald Chat? Come chat with more than 5.000.000 strangers on Stranger Cam for Free! Turn on your cam and find new friends!\" \/>\n<meta name=\"robots\" content=\"index, follow, max-snippet:-1, max-image-preview:large, max-video-preview:-1\" \/>\n<link rel=\"canonical\" href=\"https:\/\/strangercam.com\/pt-br\/emerald-chat\/\" \/>\n<meta property=\"og:locale\" content=\"pt_BR\" \/>\n<meta property=\"og:type\" content=\"article\" \/>\n<meta property=\"og:title\" content=\"Emerald Chat - Cam with Strangers on StrangerCam.com\" \/>\n<meta property=\"og:description\" content=\"Like Emerald Chat? Come chat with more than 5.000.000 strangers on Stranger Cam for Free! Turn on your cam and find new friends!\" \/>\n<meta property=\"og:url\" content=\"https:\/\/strangercam.com\/pt-br\/emerald-chat\/\" \/>\n<meta property=\"og:site_name\" content=\"Strangercam\" \/>\n<meta property=\"article:publisher\" content=\"https:\/\/www.facebook.com\/strangercam\" \/>\n<meta property=\"article:modified_time\" content=\"2023-08-21T10:24:41+00:00\" \/>\n<meta property=\"og:image\" content=\"https:\/\/strangercam.com\/wp-content\/uploads\/2020\/11\/stranger-cam-1.png\" \/>\n\t<meta property=\"og:image:width\" content=\"800\" \/>\n\t<meta property=\"og:image:height\" content=\"800\" \/>\n\t<meta property=\"og:image:type\" content=\"image\/png\" \/>\n<meta name=\"twitter:card\" content=\"summary_large_image\" \/>\n<meta name=\"twitter:site\" content=\"@strangercamapp\" \/>\n<meta name=\"twitter:label1\" content=\"Est. tempo de leitura\" \/>\n\t<meta name=\"twitter:data1\" content=\"5 minutos\" \/>\n<script type=\"application\/ld+json\" class=\"yoast-schema-graph\">{\"@context\":\"https:\/\/schema.org\",\"@graph\":[{\"@type\":\"WebPage\",\"@id\":\"https:\/\/strangercam.com\/emerald-chat\/\",\"url\":\"https:\/\/strangercam.com\/emerald-chat\/\",\"name\":\"Emerald Chat - Cam with Strangers on StrangerCam.com\",\"isPartOf\":{\"@id\":\"https:\/\/strangercam.com\/#website\"},\"primaryImageOfPage\":{\"@id\":\"https:\/\/strangercam.com\/emerald-chat\/#primaryimage\"},\"image\":{\"@id\":\"https:\/\/strangercam.com\/emerald-chat\/#primaryimage\"},\"thumbnailUrl\":\"https:\/\/strangercam.com\/wp-content\/uploads\/2020\/11\/stranger-cam-1.png\",\"datePublished\":\"2021-01-10T14:44:29+00:00\",\"dateModified\":\"2023-08-21T10:24:41+00:00\",\"description\":\"Like Emerald Chat? Come chat with more than 5.000.000 strangers on Stranger Cam for Free! Turn on your cam and find new friends!\",\"breadcrumb\":{\"@id\":\"https:\/\/strangercam.com\/emerald-chat\/#breadcrumb\"},\"inLanguage\":\"pt-BR\",\"potentialAction\":[{\"@type\":\"ReadAction\",\"target\":[\"https:\/\/strangercam.com\/emerald-chat\/\"]}]},{\"@type\":\"ImageObject\",\"inLanguage\":\"pt-BR\",\"@id\":\"https:\/\/strangercam.com\/emerald-chat\/#primaryimage\",\"url\":\"https:\/\/strangercam.com\/wp-content\/uploads\/2020\/11\/stranger-cam-1.png\",\"contentUrl\":\"https:\/\/strangercam.com\/wp-content\/uploads\/2020\/11\/stranger-cam-1.png\",\"width\":800,\"height\":800,\"caption\":\"stranger cam random video chat\"},{\"@type\":\"BreadcrumbList\",\"@id\":\"https:\/\/strangercam.com\/emerald-chat\/#breadcrumb\",\"itemListElement\":[{\"@type\":\"ListItem\",\"position\":1,\"name\":\"Home\",\"item\":\"https:\/\/strangercam.com\/\"},{\"@type\":\"ListItem\",\"position\":2,\"name\":\"Emerald Chat\"}]},{\"@type\":\"WebSite\",\"@id\":\"https:\/\/strangercam.com\/#website\",\"url\":\"https:\/\/strangercam.com\/\",\"name\":\"Strangercam\",\"description\":\"Random Video Chat with Strangers\",\"publisher\":{\"@id\":\"https:\/\/strangercam.com\/#organization\"},\"alternateName\":\"Strangercam.com\",\"potentialAction\":[{\"@type\":\"SearchAction\",\"target\":{\"@type\":\"EntryPoint\",\"urlTemplate\":\"https:\/\/strangercam.com\/?s={search_term_string}\"},\"query-input\":{\"@type\":\"PropertyValueSpecification\",\"valueRequired\":true,\"valueName\":\"search_term_string\"}}],\"inLanguage\":\"pt-BR\"},{\"@type\":\"Organization\",\"@id\":\"https:\/\/strangercam.com\/#organization\",\"name\":\"Strangercam\",\"alternateName\":\"Strangercam.com\",\"url\":\"https:\/\/strangercam.com\/\",\"logo\":{\"@type\":\"ImageObject\",\"inLanguage\":\"pt-BR\",\"@id\":\"https:\/\/strangercam.com\/#\/schema\/logo\/image\/\",\"url\":\"https:\/\/strangercam.com\/wp-content\/uploads\/2020\/11\/cropped-new-favicon-black.png\",\"contentUrl\":\"https:\/\/strangercam.com\/wp-content\/uploads\/2020\/11\/cropped-new-favicon-black.png\",\"width\":512,\"height\":512,\"caption\":\"Strangercam\"},\"image\":{\"@id\":\"https:\/\/strangercam.com\/#\/schema\/logo\/image\/\"},\"sameAs\":[\"https:\/\/www.facebook.com\/strangercam\",\"https:\/\/x.com\/strangercamapp\"]}]}<\/script>\n<!-- \/ Yoast SEO plugin. -->","yoast_head_json":{"title":"Emerald Chat - C\u00e2mera com estranhos no StrangerCam.com","description":"Gosta do Emerald Chat? Venha bater papo com mais de 5.000.000 de desconhecidos no Stranger Cam de gra\u00e7a! Ligue sua c\u00e2mera e encontre novos amigos!","robots":{"index":"index","follow":"follow","max-snippet":"max-snippet:-1","max-image-preview":"max-image-preview:large","max-video-preview":"max-video-preview:-1"},"canonical":"https:\/\/strangercam.com\/pt-br\/emerald-chat\/","og_locale":"pt_BR","og_type":"article","og_title":"Emerald Chat - Cam with Strangers on StrangerCam.com","og_description":"Like Emerald Chat? Come chat with more than 5.000.000 strangers on Stranger Cam for Free! Turn on your cam and find new friends!","og_url":"https:\/\/strangercam.com\/pt-br\/emerald-chat\/","og_site_name":"Strangercam","article_publisher":"https:\/\/www.facebook.com\/strangercam","article_modified_time":"2023-08-21T10:24:41+00:00","og_image":[{"width":800,"height":800,"url":"https:\/\/strangercam.com\/wp-content\/uploads\/2020\/11\/stranger-cam-1.png","type":"image\/png"}],"twitter_card":"summary_large_image","twitter_site":"@strangercamapp","twitter_misc":{"Est. tempo de leitura":"5 minutos"},"schema":{"@context":"https:\/\/schema.org","@graph":[{"@type":"WebPage","@id":"https:\/\/strangercam.com\/emerald-chat\/","url":"https:\/\/strangercam.com\/emerald-chat\/","name":"Emerald Chat - C\u00e2mera com estranhos no StrangerCam.com","isPartOf":{"@id":"https:\/\/strangercam.com\/#website"},"primaryImageOfPage":{"@id":"https:\/\/strangercam.com\/emerald-chat\/#primaryimage"},"image":{"@id":"https:\/\/strangercam.com\/emerald-chat\/#primaryimage"},"thumbnailUrl":"https:\/\/strangercam.com\/wp-content\/uploads\/2020\/11\/stranger-cam-1.png","datePublished":"2021-01-10T14:44:29+00:00","dateModified":"2023-08-21T10:24:41+00:00","description":"Gosta do Emerald Chat? Venha bater papo com mais de 5.000.000 de desconhecidos no Stranger Cam de gra\u00e7a! Ligue sua c\u00e2mera e encontre novos amigos!","breadcrumb":{"@id":"https:\/\/strangercam.com\/emerald-chat\/#breadcrumb"},"inLanguage":"pt-BR","potentialAction":[{"@type":"ReadAction","target":["https:\/\/strangercam.com\/emerald-chat\/"]}]},{"@type":"ImageObject","inLanguage":"pt-BR","@id":"https:\/\/strangercam.com\/emerald-chat\/#primaryimage","url":"https:\/\/strangercam.com\/wp-content\/uploads\/2020\/11\/stranger-cam-1.png","contentUrl":"https:\/\/strangercam.com\/wp-content\/uploads\/2020\/11\/stranger-cam-1.png","width":800,"height":800,"caption":"stranger cam random video chat"},{"@type":"BreadcrumbList","@id":"https:\/\/strangercam.com\/emerald-chat\/#breadcrumb","itemListElement":[{"@type":"ListItem","position":1,"name":"Home","item":"https:\/\/strangercam.com\/"},{"@type":"ListItem","position":2,"name":"Emerald Chat"}]},{"@type":"WebSite","@id":"https:\/\/strangercam.com\/#website","url":"https:\/\/strangercam.com\/","name":"Strangercam","description":"Bate-papo por v\u00eddeo aleat\u00f3rio com estranhos","publisher":{"@id":"https:\/\/strangercam.com\/#organization"},"alternateName":"Strangercam.com","potentialAction":[{"@type":"SearchAction","target":{"@type":"EntryPoint","urlTemplate":"https:\/\/strangercam.com\/?s={search_term_string}"},"query-input":{"@type":"PropertyValueSpecification","valueRequired":true,"valueName":"search_term_string"}}],"inLanguage":"pt-BR"},{"@type":"Organization","@id":"https:\/\/strangercam.com\/#organization","name":"Strangercam","alternateName":"Strangercam.com","url":"https:\/\/strangercam.com\/","logo":{"@type":"ImageObject","inLanguage":"pt-BR","@id":"https:\/\/strangercam.com\/#\/schema\/logo\/image\/","url":"https:\/\/strangercam.com\/wp-content\/uploads\/2020\/11\/cropped-new-favicon-black.png","contentUrl":"https:\/\/strangercam.com\/wp-content\/uploads\/2020\/11\/cropped-new-favicon-black.png","width":512,"height":512,"caption":"Strangercam"},"image":{"@id":"https:\/\/strangercam.com\/#\/schema\/logo\/image\/"},"sameAs":["https:\/\/www.facebook.com\/strangercam","https:\/\/x.com\/strangercamapp"]}]}},"_links":{"self":[{"href":"https:\/\/strangercam.com\/pt-br\/wp-json\/wp\/v2\/pages\/1004","targetHints":{"allow":["GET"]}}],"collection":[{"href":"https:\/\/strangercam.com\/pt-br\/wp-json\/wp\/v2\/pages"}],"about":[{"href":"https:\/\/strangercam.com\/pt-br\/wp-json\/wp\/v2\/types\/page"}],"author":[{"embeddable":true,"href":"https:\/\/strangercam.com\/pt-br\/wp-json\/wp\/v2\/users\/6"}],"replies":[{"embeddable":true,"href":"https:\/\/strangercam.com\/pt-br\/wp-json\/wp\/v2\/comments?post=1004"}],"version-history":[{"count":0,"href":"https:\/\/strangercam.com\/pt-br\/wp-json\/wp\/v2\/pages\/1004\/revisions"}],"wp:featuredmedia":[{"embeddable":true,"href":"https:\/\/strangercam.com\/pt-br\/wp-json\/wp\/v2\/media\/559"}],"wp:attachment":[{"href":"https:\/\/strangercam.com\/pt-br\/wp-json\/wp\/v2\/media?parent=1004"}],"curies":[{"name":"wp","href":"https:\/\/api.w.org\/{rel}","templated":true}]}}