{"id":9999,"date":"2022-05-30T13:30:50","date_gmt":"2022-05-30T11:30:50","guid":{"rendered":"https:\/\/strangercam.com\/?page_id=9999"},"modified":"2023-08-21T12:24:41","modified_gmt":"2023-08-21T10:24:41","slug":"chatplanet","status":"publish","type":"page","link":"https:\/\/strangercam.com\/pl\/chatplanet\/","title":{"rendered":"Chatplanet"},"content":{"rendered":"<p>Aplikacja randkowa Chatplanet jest jedn\u0105 z najbardziej znanych aplikacji randkowych online. Jest to \u0142atwe w u\u017cyciu narz\u0119dzie do konwersacji z przypadkowymi osobami z ca\u0142ego \u015bwiata. Po naci\u015bni\u0119ciu przycisku \"Start\" zostaniesz powitany przez setki os\u00f3b ch\u0119tnych do nawi\u0105zania znajomo\u015bci. <a href=\"https:\/\/strangercam.com\/pl\/chathub\/\">czat<\/a>. Jest wiele uroczych dziewczyn i dobrych ludzi, kt\u00f3rzy rozmawiaj\u0105.<\/p>\n<h3>Bezpieczny system dla os\u00f3b szukaj\u0105cych przyzwoitego i inteligentnego towarzysza online<\/h3>\n<p>Jest to jedna z najbezpieczniejszych aplikacji randkowych, kt\u00f3ra pozwala innym ludziom w pe\u0142ni cieszy\u0107 si\u0119 czasem. Je\u015bli zachowanie nieznajomego ci przeszkadza, po prostu naci\u015bnij przycisk \"Dalej\", aby przej\u015b\u0107 do innej osoby, z kt\u00f3r\u0105 chcesz porozmawia\u0107. W aplikacji znajduje si\u0119 przycisk sk\u0142adania skarg. Mo\u017cesz z\u0142o\u017cy\u0107 skarg\u0119, je\u015bli rozm\u00f3wca nadu\u017cywa ci\u0119 lub je\u015bli uwa\u017casz, \u017ce \u0142amie regulamin czatu wideo. Twoja skarga zostanie natychmiast rozpatrzona przez administrator\u00f3w.<\/p>\n<h3>Zapewnienie prywatno\u015bci i bezpiecze\u0144stwa u\u017cytkownikom czatuj\u0105cym i sp\u0119dzaj\u0105cym czas na Chatplanet<\/h3>\n<p>Chatplanet zapewnia bezpiecze\u0144stwo nie tylko u\u017cytkownikom, ale tak\u017ce w\u0142asnemu systemowi. Strona zapewnia r\u00f3wnie\u017c bezpiecze\u0144stwo u\u017cytkownik\u00f3w na serwerach. Zrozumienie, w jaki spos\u00f3b programi\u015bci pozyskuj\u0105 i wykorzystuj\u0105 Twoje dane, jest pierwszym krokiem w kierunku bezpiecze\u0144stwa. Bezpiecze\u0144stwo danych i praktyki dotycz\u0105ce prywatno\u015bci mog\u0105 si\u0119 r\u00f3\u017cni\u0107 w zale\u017cno\u015bci od sposobu korzystania z witryny, miejsca zamieszkania i wieku u\u017cytkownika. Informacje te zosta\u0142y dostarczone przez dewelopera, kt\u00f3ry mo\u017ce je zaktualizowa\u0107 w przysz\u0142o\u015bci.<\/p>\n<ul>\n<li>Dane nie b\u0119d\u0105 udost\u0119pniane stronom trzecim. Mo\u017cesz dowiedzie\u0107 si\u0119 wi\u0119cej o deklaracjach udost\u0119pniania z\u0142o\u017conych przez deweloper\u00f3w.<\/li>\n<li>Nie zebrano \u017cadnych informacji. Dowiedz si\u0119 wi\u0119cej o tym, jak programi\u015bci deklaruj\u0105 kolekcje.<\/li>\n<\/ul>\n<h3>Jeste\u015bmy najlepsz\u0105 alternatyw\u0105 dla wszystkich popularnych serwis\u00f3w randkowych.<\/h3>\n<p>Chatplanet System oferuje swoim u\u017cytkownikom wysokiej jako\u015bci i niezawodne us\u0142ugi randkowe. <a href=\"https:\/\/strangercam.com\/pl\/coomeet\/\">Czat wideo<\/a> w Random ChatPlanet to \u015bwietne miejsce do nawi\u0105zywania bliskich znajomo\u015bci, a my wybierzemy kogo\u015b losowo, aby pom\u00f3c Ci zacz\u0105\u0107. Dop\u00f3ki nie ujawnisz swojej to\u017csamo\u015bci, czaty s\u0105 anonimowe. Alternatywy dla <a href=\"https:\/\/strangercam.com\/pl\/omegle\/\">Omegle<\/a>, <a href=\"https:\/\/strangercam.com\/pl\/chatroulette\/\">ChatRoulette<\/a>, i Chatruletka to Omegle, ChatRoulette i Chatruletka. Chatplanet to najlepsza strona z losowymi czatami wideo do poznawania nowych ludzi. Porozmawiaj z przypadkowymi nieznajomymi.<\/p>\n<h3>Komunikowanie si\u0119 z dan\u0105 osob\u0105 na temat jej zdolno\u015bci umys\u0142owych i przesz\u0142o\u015bci<\/h3>\n<p>W Chatplanet wprowadzili\u015bmy inteligentne filtry, kt\u00f3re pozwalaj\u0105 znale\u017a\u0107 odpowiedni\u0105 osob\u0119. Mo\u017cesz poda\u0107 zaw\u00f3d, cechy fizyczne i inne informacje o lokalizacji, aby uzyska\u0107 najlepsze wyniki. W ten spos\u00f3b mo\u017cesz komunikowa\u0107 si\u0119 z odpowiednimi osobami i sp\u0119dzi\u0107 najlepszy czas w swoim \u017cyciu.<\/p>\n<h3>Wnioski<\/h3>\n<p>Je\u015bli chcesz komunikowa\u0107 si\u0119 z lud\u017ami swojego kalibru, do\u0142\u0105cz do aplikacji randkowej Chatplanet ju\u017c dzi\u015b.<\/p>","protected":false},"excerpt":{"rendered":"<p>Chatplanet dating app is one of the most famous dating apps online. This is an easy-to-use tool for conversing with random individuals from all over the world. When you press the &#8220;Start&#8221; button, you&#8217;ll be greeted by hundreds of folks eager to chat. There are a lot of lovely girls and good people conversing. A [&hellip;]<\/p>\n","protected":false},"author":6,"featured_media":559,"parent":0,"menu_order":0,"comment_status":"closed","ping_status":"closed","template":"","meta":{"footnotes":""},"class_list":["post-9999","page","type-page","status-publish","has-post-thumbnail","hentry"],"yoast_head":"<!-- This site is optimized with the Yoast SEO plugin v27.4 - https:\/\/yoast.com\/product\/yoast-seo-wordpress\/ -->\n<title>Chatplanet - Random Video Chat - Cam on StrangerCam.com<\/title>\n<meta name=\"description\" content=\"Like Chatplanet? Come chat with more than 5.000.000 strangers on Stranger Cam for Free! Turn on your cam and find new friends &amp; maby a match!\" \/>\n<meta name=\"robots\" content=\"index, follow, max-snippet:-1, max-image-preview:large, max-video-preview:-1\" \/>\n<link rel=\"canonical\" href=\"https:\/\/strangercam.com\/pl\/chatplanet\/\" \/>\n<meta property=\"og:locale\" content=\"pl_PL\" \/>\n<meta property=\"og:type\" content=\"article\" \/>\n<meta property=\"og:title\" content=\"Chatplanet - Random Video Chat - Cam on StrangerCam.com\" \/>\n<meta property=\"og:description\" content=\"Like Chatplanet? Come chat with more than 5.000.000 strangers on Stranger Cam for Free! Turn on your cam and find new friends &amp; maby a match!\" \/>\n<meta property=\"og:url\" content=\"https:\/\/strangercam.com\/pl\/chatplanet\/\" \/>\n<meta property=\"og:site_name\" content=\"Strangercam\" \/>\n<meta property=\"article:publisher\" content=\"https:\/\/www.facebook.com\/strangercam\" \/>\n<meta property=\"article:modified_time\" content=\"2023-08-21T10:24:41+00:00\" \/>\n<meta property=\"og:image\" content=\"https:\/\/strangercam.com\/wp-content\/uploads\/2020\/11\/stranger-cam-1.png\" \/>\n\t<meta property=\"og:image:width\" content=\"800\" \/>\n\t<meta property=\"og:image:height\" content=\"800\" \/>\n\t<meta property=\"og:image:type\" content=\"image\/png\" \/>\n<meta name=\"twitter:card\" content=\"summary_large_image\" \/>\n<meta name=\"twitter:site\" content=\"@strangercamapp\" \/>\n<meta name=\"twitter:label1\" content=\"Szacowany czas czytania\" \/>\n\t<meta name=\"twitter:data1\" content=\"2 minuty\" \/>\n<script type=\"application\/ld+json\" class=\"yoast-schema-graph\">{\"@context\":\"https:\\\/\\\/schema.org\",\"@graph\":[{\"@type\":\"WebPage\",\"@id\":\"https:\\\/\\\/strangercam.com\\\/chatplanet\\\/\",\"url\":\"https:\\\/\\\/strangercam.com\\\/chatplanet\\\/\",\"name\":\"Chatplanet - Random Video Chat - Cam on StrangerCam.com\",\"isPartOf\":{\"@id\":\"https:\\\/\\\/strangercam.com\\\/#website\"},\"primaryImageOfPage\":{\"@id\":\"https:\\\/\\\/strangercam.com\\\/chatplanet\\\/#primaryimage\"},\"image\":{\"@id\":\"https:\\\/\\\/strangercam.com\\\/chatplanet\\\/#primaryimage\"},\"thumbnailUrl\":\"https:\\\/\\\/strangercam.com\\\/wp-content\\\/uploads\\\/2020\\\/11\\\/stranger-cam-1.png\",\"datePublished\":\"2022-05-30T11:30:50+00:00\",\"dateModified\":\"2023-08-21T10:24:41+00:00\",\"description\":\"Like Chatplanet? Come chat with more than 5.000.000 strangers on Stranger Cam for Free! Turn on your cam and find new friends & maby a match!\",\"breadcrumb\":{\"@id\":\"https:\\\/\\\/strangercam.com\\\/chatplanet\\\/#breadcrumb\"},\"inLanguage\":\"pl-PL\",\"potentialAction\":[{\"@type\":\"ReadAction\",\"target\":[\"https:\\\/\\\/strangercam.com\\\/chatplanet\\\/\"]}]},{\"@type\":\"ImageObject\",\"inLanguage\":\"pl-PL\",\"@id\":\"https:\\\/\\\/strangercam.com\\\/chatplanet\\\/#primaryimage\",\"url\":\"https:\\\/\\\/strangercam.com\\\/wp-content\\\/uploads\\\/2020\\\/11\\\/stranger-cam-1.png\",\"contentUrl\":\"https:\\\/\\\/strangercam.com\\\/wp-content\\\/uploads\\\/2020\\\/11\\\/stranger-cam-1.png\",\"width\":800,\"height\":800,\"caption\":\"stranger cam random video chat\"},{\"@type\":\"BreadcrumbList\",\"@id\":\"https:\\\/\\\/strangercam.com\\\/chatplanet\\\/#breadcrumb\",\"itemListElement\":[{\"@type\":\"ListItem\",\"position\":1,\"name\":\"Home\",\"item\":\"https:\\\/\\\/strangercam.com\\\/\"},{\"@type\":\"ListItem\",\"position\":2,\"name\":\"Chatplanet\"}]},{\"@type\":\"WebSite\",\"@id\":\"https:\\\/\\\/strangercam.com\\\/#website\",\"url\":\"https:\\\/\\\/strangercam.com\\\/\",\"name\":\"Strangercam\",\"description\":\"Random Video Chat with Strangers\",\"publisher\":{\"@id\":\"https:\\\/\\\/strangercam.com\\\/#organization\"},\"alternateName\":\"Strangercam.com\",\"potentialAction\":[{\"@type\":\"SearchAction\",\"target\":{\"@type\":\"EntryPoint\",\"urlTemplate\":\"https:\\\/\\\/strangercam.com\\\/?s={search_term_string}\"},\"query-input\":{\"@type\":\"PropertyValueSpecification\",\"valueRequired\":true,\"valueName\":\"search_term_string\"}}],\"inLanguage\":\"pl-PL\"},{\"@type\":\"Organization\",\"@id\":\"https:\\\/\\\/strangercam.com\\\/#organization\",\"name\":\"Strangercam\",\"alternateName\":\"Strangercam.com\",\"url\":\"https:\\\/\\\/strangercam.com\\\/\",\"logo\":{\"@type\":\"ImageObject\",\"inLanguage\":\"pl-PL\",\"@id\":\"https:\\\/\\\/strangercam.com\\\/#\\\/schema\\\/logo\\\/image\\\/\",\"url\":\"https:\\\/\\\/strangercam.com\\\/wp-content\\\/uploads\\\/2020\\\/11\\\/cropped-new-favicon-black.png\",\"contentUrl\":\"https:\\\/\\\/strangercam.com\\\/wp-content\\\/uploads\\\/2020\\\/11\\\/cropped-new-favicon-black.png\",\"width\":512,\"height\":512,\"caption\":\"Strangercam\"},\"image\":{\"@id\":\"https:\\\/\\\/strangercam.com\\\/#\\\/schema\\\/logo\\\/image\\\/\"},\"sameAs\":[\"https:\\\/\\\/www.facebook.com\\\/strangercam\",\"https:\\\/\\\/x.com\\\/strangercamapp\"]}]}<\/script>\n<!-- \/ Yoast SEO plugin. -->","yoast_head_json":{"title":"Chatplanet - Losowy czat wideo - Kamera na StrangerCam.com","description":"Jak Chatplanet? Przyjd\u017a na czat z ponad 5.000.000 nieznajomych na Stranger Cam za darmo! W\u0142\u0105cz kamer\u0119 i znajd\u017a nowych przyjaci\u00f3\u0142 i mo\u017ce mecz!","robots":{"index":"index","follow":"follow","max-snippet":"max-snippet:-1","max-image-preview":"max-image-preview:large","max-video-preview":"max-video-preview:-1"},"canonical":"https:\/\/strangercam.com\/pl\/chatplanet\/","og_locale":"pl_PL","og_type":"article","og_title":"Chatplanet - Random Video Chat - Cam on StrangerCam.com","og_description":"Like Chatplanet? Come chat with more than 5.000.000 strangers on Stranger Cam for Free! Turn on your cam and find new friends & maby a match!","og_url":"https:\/\/strangercam.com\/pl\/chatplanet\/","og_site_name":"Strangercam","article_publisher":"https:\/\/www.facebook.com\/strangercam","article_modified_time":"2023-08-21T10:24:41+00:00","og_image":[{"width":800,"height":800,"url":"https:\/\/strangercam.com\/wp-content\/uploads\/2020\/11\/stranger-cam-1.png","type":"image\/png"}],"twitter_card":"summary_large_image","twitter_site":"@strangercamapp","twitter_misc":{"Szacowany czas czytania":"2 minuty"},"schema":{"@context":"https:\/\/schema.org","@graph":[{"@type":"WebPage","@id":"https:\/\/strangercam.com\/chatplanet\/","url":"https:\/\/strangercam.com\/chatplanet\/","name":"Chatplanet - Losowy czat wideo - Kamera na StrangerCam.com","isPartOf":{"@id":"https:\/\/strangercam.com\/#website"},"primaryImageOfPage":{"@id":"https:\/\/strangercam.com\/chatplanet\/#primaryimage"},"image":{"@id":"https:\/\/strangercam.com\/chatplanet\/#primaryimage"},"thumbnailUrl":"https:\/\/strangercam.com\/wp-content\/uploads\/2020\/11\/stranger-cam-1.png","datePublished":"2022-05-30T11:30:50+00:00","dateModified":"2023-08-21T10:24:41+00:00","description":"Jak Chatplanet? Przyjd\u017a na czat z ponad 5.000.000 nieznajomych na Stranger Cam za darmo! W\u0142\u0105cz kamer\u0119 i znajd\u017a nowych przyjaci\u00f3\u0142 i mo\u017ce mecz!","breadcrumb":{"@id":"https:\/\/strangercam.com\/chatplanet\/#breadcrumb"},"inLanguage":"pl-PL","potentialAction":[{"@type":"ReadAction","target":["https:\/\/strangercam.com\/chatplanet\/"]}]},{"@type":"ImageObject","inLanguage":"pl-PL","@id":"https:\/\/strangercam.com\/chatplanet\/#primaryimage","url":"https:\/\/strangercam.com\/wp-content\/uploads\/2020\/11\/stranger-cam-1.png","contentUrl":"https:\/\/strangercam.com\/wp-content\/uploads\/2020\/11\/stranger-cam-1.png","width":800,"height":800,"caption":"stranger cam random video chat"},{"@type":"BreadcrumbList","@id":"https:\/\/strangercam.com\/chatplanet\/#breadcrumb","itemListElement":[{"@type":"ListItem","position":1,"name":"Home","item":"https:\/\/strangercam.com\/"},{"@type":"ListItem","position":2,"name":"Chatplanet"}]},{"@type":"WebSite","@id":"https:\/\/strangercam.com\/#website","url":"https:\/\/strangercam.com\/","name":"Strangercam","description":"Losowy czat wideo z nieznajomymi","publisher":{"@id":"https:\/\/strangercam.com\/#organization"},"alternateName":"Strangercam.com","potentialAction":[{"@type":"SearchAction","target":{"@type":"EntryPoint","urlTemplate":"https:\/\/strangercam.com\/?s={search_term_string}"},"query-input":{"@type":"PropertyValueSpecification","valueRequired":true,"valueName":"search_term_string"}}],"inLanguage":"pl-PL"},{"@type":"Organization","@id":"https:\/\/strangercam.com\/#organization","name":"Strangercam","alternateName":"Strangercam.com","url":"https:\/\/strangercam.com\/","logo":{"@type":"ImageObject","inLanguage":"pl-PL","@id":"https:\/\/strangercam.com\/#\/schema\/logo\/image\/","url":"https:\/\/strangercam.com\/wp-content\/uploads\/2020\/11\/cropped-new-favicon-black.png","contentUrl":"https:\/\/strangercam.com\/wp-content\/uploads\/2020\/11\/cropped-new-favicon-black.png","width":512,"height":512,"caption":"Strangercam"},"image":{"@id":"https:\/\/strangercam.com\/#\/schema\/logo\/image\/"},"sameAs":["https:\/\/www.facebook.com\/strangercam","https:\/\/x.com\/strangercamapp"]}]}},"_links":{"self":[{"href":"https:\/\/strangercam.com\/pl\/wp-json\/wp\/v2\/pages\/9999","targetHints":{"allow":["GET"]}}],"collection":[{"href":"https:\/\/strangercam.com\/pl\/wp-json\/wp\/v2\/pages"}],"about":[{"href":"https:\/\/strangercam.com\/pl\/wp-json\/wp\/v2\/types\/page"}],"author":[{"embeddable":true,"href":"https:\/\/strangercam.com\/pl\/wp-json\/wp\/v2\/users\/6"}],"replies":[{"embeddable":true,"href":"https:\/\/strangercam.com\/pl\/wp-json\/wp\/v2\/comments?post=9999"}],"version-history":[{"count":0,"href":"https:\/\/strangercam.com\/pl\/wp-json\/wp\/v2\/pages\/9999\/revisions"}],"wp:featuredmedia":[{"embeddable":true,"href":"https:\/\/strangercam.com\/pl\/wp-json\/wp\/v2\/media\/559"}],"wp:attachment":[{"href":"https:\/\/strangercam.com\/pl\/wp-json\/wp\/v2\/media?parent=9999"}],"curies":[{"name":"wp","href":"https:\/\/api.w.org\/{rel}","templated":true}]}}