{"id":9827,"date":"2022-03-01T17:29:57","date_gmt":"2022-03-01T15:29:57","guid":{"rendered":"https:\/\/strangercam.com\/?page_id=9827"},"modified":"2025-06-16T14:18:35","modified_gmt":"2025-06-16T12:18:35","slug":"2257-oswiadczenie-o-zgodnosci","status":"publish","type":"page","link":"https:\/\/strangercam.com\/pl\/2257-oswiadczenie-o-zgodnosci\/","title":{"rendered":"2257 O\u015bwiadczenie o zgodno\u015bci"},"content":{"rendered":"<p data-start=\"274\" data-end=\"560\">Zgodnie z ameryka\u0144skim prawem 18 U.S.C. Section 2257 (Child Protection and Obscenity Enforcement Act of 1988) i innymi mi\u0119dzynarodowymi aktami prawnymi, wszyscy modele pojawiaj\u0105cy si\u0119 w us\u0142ugach lub platformach, do kt\u00f3rych linki lub odniesienia znajduj\u0105 si\u0119 na stronie <a href=\"https:\/\/strangercam.com\/pl\/\">Strangercam<\/a>.com, zgodnie z nasz\u0105 najlepsz\u0105 wiedz\u0105, uko\u0144czyli 18 lat.<\/p>\n<h2 data-start=\"562\" data-end=\"1047\">Zastrze\u017cenie dotycz\u0105ce partner\u00f3w<\/h2>\n<p data-start=\"562\" data-end=\"1047\">Strangercam.com nie posiada ani nie obs\u0142uguje \u017cadnych kamer internetowych ani <a href=\"https:\/\/strangercam.com\/pl\/rabbit-video-chat\/\">wideo<\/a> <a href=\"https:\/\/strangercam.com\/pl\/chatroulette\/\">czat<\/a> narz\u0119dzi, platform lub us\u0142ug przedstawionych lub powi\u0105zanych na naszej stronie. Jeste\u015bmy stron\u0105 partnersk\u0105 i recenzenck\u0105 <a href=\"https:\/\/strangercam.com\/pl\/only2chat\/\">tylko<\/a>; W zwi\u0105zku z tym nie zatrudniamy, nie zawieramy um\u00f3w, nie zarz\u0105dzamy ani nie organizujemy \u017cadnych projekt\u00f3w ani wydarze\u0144 z udzia\u0142em modeli. Zgodno\u015b\u0107 z 18 U.S.C. Section 2257, w tym wszystkimi wymogami dotycz\u0105cymi przechowywania dokument\u00f3w i weryfikacji wieku, jest wy\u0142\u0105czn\u0105 odpowiedzialno\u015bci\u0105 naszych partner\u00f3w stowarzyszonych i obs\u0142ugiwanych przez nich platform.<\/p>\n<h2 data-start=\"1049\" data-end=\"1350\">Zawarto\u015b\u0107 stron trzecich<\/h2>\n<p data-start=\"1049\" data-end=\"1350\">Strangercam.com NIE produkuje, nie hostuje ani nie zarz\u0105dza \u017cadnymi materia\u0142ami publikowanymi na stronach os\u00f3b trzecich, do kt\u00f3rych linki zamieszczamy. Wszelkie tre\u015bci generowane przez u\u017cytkownik\u00f3w lub tre\u015bci modelowe dost\u0119pne na tych platformach s\u0105 kontrolowane i regulowane przez odpowiednich operator\u00f3w witryn, a nie przez Strangercam.com.<\/p>\n<p data-start=\"1352\" data-end=\"1674\">Nasz\u0105 rol\u0105 jest wy\u0142\u0105cznie recenzowanie, rekomendowanie i dostarczanie link\u00f3w partnerskich do zewn\u0119trznych platform i us\u0142ug. Ka\u017cda osoba, kt\u00f3ra rejestruje si\u0119 lub korzysta z us\u0142ug za po\u015brednictwem link\u00f3w na Strangercam.com, robi to bezpo\u015brednio i niezale\u017cnie na platformach stron trzecich, bez \u017cadnego udzia\u0142u lub zaanga\u017cowania ze strony Strangercam.com lub jej przedstawicieli.<\/p>\n<h2 data-start=\"1676\" data-end=\"1946\">Monitorowanie i standardy tre\u015bci<\/h2>\n<p data-start=\"1676\" data-end=\"1946\">Strangercam.com nie akceptuje ani nie wspiera tworzenia lub publikowania nieprzyzwoitych materia\u0142\u00f3w. Zastrzegamy sobie prawo do usuwania link\u00f3w lub odniesie\u0144 do wszelkich tre\u015bci zewn\u0119trznych, kt\u00f3re naszym zdaniem s\u0105 wyra\u017anie obsceniczne, nieprzyzwoite lub znies\u0142awiaj\u0105ce.<\/p>\n<h2 data-start=\"1948\" data-end=\"2136\">Zawarto\u015b\u0107 Strangercam.com<\/h2>\n<p data-start=\"1948\" data-end=\"2136\">Wszystkie tre\u015bci tworzone przez Strangercam.com lub jego przedstawicieli nie maj\u0105 charakteru erotycznego ani pornograficznego, a zatem nie podlegaj\u0105 ameryka\u0144skiemu prawu 18 U.S.C. Section 2257.<\/p>\n<h2 data-start=\"2138\" data-end=\"2503\">Przechowywanie dokument\u00f3w i zgodno\u015b\u0107 z przepisami<\/h2>\n<p data-start=\"2138\" data-end=\"2503\">Wszystkie rejestry weryfikacji wieku i dokumenty wymagane na mocy ameryka\u0144skiego prawa 18 U.S.C. sekcja 2257 s\u0105 przechowywane przez naszych partner\u00f3w stowarzyszonych i operator\u00f3w platform stron trzecich, do kt\u00f3rych linkujemy. Strangercam.com nie przechowuje ani nie utrzymuje \u017cadnych dokument\u00f3w 2257, poniewa\u017c nie obs\u0142ugujemy ani nie produkujemy \u017cadnych tre\u015bci wymagaj\u0105cych takiej zgodno\u015bci.<\/p>\n<p data-start=\"2505\" data-end=\"2624\">W przypadku jakichkolwiek pyta\u0144 lub w\u0105tpliwo\u015bci dotycz\u0105cych zgodno\u015bci nale\u017cy kontaktowa\u0107 si\u0119 bezpo\u015brednio z operatorami platform zewn\u0119trznych.<\/p>","protected":false},"excerpt":{"rendered":"<p>In accordance with US law 18 U.S.C. Section 2257 (Child Protection and Obscenity Enforcement Act of 1988) and other international acts, all models appearing on services or platforms linked or referenced by Strangercam.com have, to the best of our knowledge, reached the age of 18 years. Affiliate Disclaimer Strangercam.com does not own or operate any [&hellip;]<\/p>\n","protected":false},"author":1,"featured_media":0,"parent":0,"menu_order":0,"comment_status":"closed","ping_status":"closed","template":"","meta":{"footnotes":""},"class_list":["post-9827","page","type-page","status-publish","hentry"],"yoast_head":"<!-- This site is optimized with the Yoast SEO plugin v26.9 - https:\/\/yoast.com\/product\/yoast-seo-wordpress\/ -->\n<title>2257 Compliance Statement - Strangercam<\/title>\n<meta name=\"robots\" content=\"index, follow, max-snippet:-1, max-image-preview:large, max-video-preview:-1\" \/>\n<link rel=\"canonical\" href=\"https:\/\/strangercam.com\/pl\/2257-oswiadczenie-o-zgodnosci\/\" \/>\n<meta property=\"og:locale\" content=\"pl_PL\" \/>\n<meta property=\"og:type\" content=\"article\" \/>\n<meta property=\"og:title\" content=\"2257 Compliance Statement - Strangercam\" \/>\n<meta property=\"og:description\" content=\"In accordance with US law 18 U.S.C. Section 2257 (Child Protection and Obscenity Enforcement Act of 1988) and other international acts, all models appearing on services or platforms linked or referenced by Strangercam.com have, to the best of our knowledge, reached the age of 18 years. Affiliate Disclaimer Strangercam.com does not own or operate any [&hellip;]\" \/>\n<meta property=\"og:url\" content=\"https:\/\/strangercam.com\/pl\/2257-oswiadczenie-o-zgodnosci\/\" \/>\n<meta property=\"og:site_name\" content=\"Strangercam\" \/>\n<meta property=\"article:publisher\" content=\"https:\/\/www.facebook.com\/strangercam\" \/>\n<meta property=\"article:modified_time\" content=\"2025-06-16T12:18:35+00:00\" \/>\n<meta property=\"og:image\" content=\"https:\/\/strangercam.com\/wp-content\/uploads\/2021\/10\/Untitled-2.png\" \/>\n\t<meta property=\"og:image:width\" content=\"800\" \/>\n\t<meta property=\"og:image:height\" content=\"532\" \/>\n\t<meta property=\"og:image:type\" content=\"image\/png\" \/>\n<meta name=\"twitter:card\" content=\"summary_large_image\" \/>\n<meta name=\"twitter:site\" content=\"@strangercamapp\" \/>\n<meta name=\"twitter:label1\" content=\"Szacowany czas czytania\" \/>\n\t<meta name=\"twitter:data1\" content=\"2 minuty\" \/>\n<script type=\"application\/ld+json\" class=\"yoast-schema-graph\">{\"@context\":\"https:\/\/schema.org\",\"@graph\":[{\"@type\":\"WebPage\",\"@id\":\"https:\/\/strangercam.com\/2257-compliance-statement\/\",\"url\":\"https:\/\/strangercam.com\/2257-compliance-statement\/\",\"name\":\"2257 Compliance Statement - Strangercam\",\"isPartOf\":{\"@id\":\"https:\/\/strangercam.com\/#website\"},\"datePublished\":\"2022-03-01T15:29:57+00:00\",\"dateModified\":\"2025-06-16T12:18:35+00:00\",\"breadcrumb\":{\"@id\":\"https:\/\/strangercam.com\/2257-compliance-statement\/#breadcrumb\"},\"inLanguage\":\"pl-PL\",\"potentialAction\":[{\"@type\":\"ReadAction\",\"target\":[\"https:\/\/strangercam.com\/2257-compliance-statement\/\"]}]},{\"@type\":\"BreadcrumbList\",\"@id\":\"https:\/\/strangercam.com\/2257-compliance-statement\/#breadcrumb\",\"itemListElement\":[{\"@type\":\"ListItem\",\"position\":1,\"name\":\"Home\",\"item\":\"https:\/\/strangercam.com\/\"},{\"@type\":\"ListItem\",\"position\":2,\"name\":\"2257 Compliance Statement\"}]},{\"@type\":\"WebSite\",\"@id\":\"https:\/\/strangercam.com\/#website\",\"url\":\"https:\/\/strangercam.com\/\",\"name\":\"Strangercam\",\"description\":\"Random Video Chat with Strangers\",\"publisher\":{\"@id\":\"https:\/\/strangercam.com\/#organization\"},\"alternateName\":\"Strangercam.com\",\"potentialAction\":[{\"@type\":\"SearchAction\",\"target\":{\"@type\":\"EntryPoint\",\"urlTemplate\":\"https:\/\/strangercam.com\/?s={search_term_string}\"},\"query-input\":{\"@type\":\"PropertyValueSpecification\",\"valueRequired\":true,\"valueName\":\"search_term_string\"}}],\"inLanguage\":\"pl-PL\"},{\"@type\":\"Organization\",\"@id\":\"https:\/\/strangercam.com\/#organization\",\"name\":\"Strangercam\",\"alternateName\":\"Strangercam.com\",\"url\":\"https:\/\/strangercam.com\/\",\"logo\":{\"@type\":\"ImageObject\",\"inLanguage\":\"pl-PL\",\"@id\":\"https:\/\/strangercam.com\/#\/schema\/logo\/image\/\",\"url\":\"https:\/\/strangercam.com\/wp-content\/uploads\/2020\/11\/cropped-new-favicon-black.png\",\"contentUrl\":\"https:\/\/strangercam.com\/wp-content\/uploads\/2020\/11\/cropped-new-favicon-black.png\",\"width\":512,\"height\":512,\"caption\":\"Strangercam\"},\"image\":{\"@id\":\"https:\/\/strangercam.com\/#\/schema\/logo\/image\/\"},\"sameAs\":[\"https:\/\/www.facebook.com\/strangercam\",\"https:\/\/x.com\/strangercamapp\"]}]}<\/script>\n<!-- \/ Yoast SEO plugin. -->","yoast_head_json":{"title":"2257 O\u015bwiadczenie o zgodno\u015bci - Strangercam","robots":{"index":"index","follow":"follow","max-snippet":"max-snippet:-1","max-image-preview":"max-image-preview:large","max-video-preview":"max-video-preview:-1"},"canonical":"https:\/\/strangercam.com\/pl\/2257-oswiadczenie-o-zgodnosci\/","og_locale":"pl_PL","og_type":"article","og_title":"2257 Compliance Statement - Strangercam","og_description":"In accordance with US law 18 U.S.C. Section 2257 (Child Protection and Obscenity Enforcement Act of 1988) and other international acts, all models appearing on services or platforms linked or referenced by Strangercam.com have, to the best of our knowledge, reached the age of 18 years. Affiliate Disclaimer Strangercam.com does not own or operate any [&hellip;]","og_url":"https:\/\/strangercam.com\/pl\/2257-oswiadczenie-o-zgodnosci\/","og_site_name":"Strangercam","article_publisher":"https:\/\/www.facebook.com\/strangercam","article_modified_time":"2025-06-16T12:18:35+00:00","og_image":[{"width":800,"height":532,"url":"https:\/\/strangercam.com\/wp-content\/uploads\/2021\/10\/Untitled-2.png","type":"image\/png"}],"twitter_card":"summary_large_image","twitter_site":"@strangercamapp","twitter_misc":{"Szacowany czas czytania":"2 minuty"},"schema":{"@context":"https:\/\/schema.org","@graph":[{"@type":"WebPage","@id":"https:\/\/strangercam.com\/2257-compliance-statement\/","url":"https:\/\/strangercam.com\/2257-compliance-statement\/","name":"2257 O\u015bwiadczenie o zgodno\u015bci - Strangercam","isPartOf":{"@id":"https:\/\/strangercam.com\/#website"},"datePublished":"2022-03-01T15:29:57+00:00","dateModified":"2025-06-16T12:18:35+00:00","breadcrumb":{"@id":"https:\/\/strangercam.com\/2257-compliance-statement\/#breadcrumb"},"inLanguage":"pl-PL","potentialAction":[{"@type":"ReadAction","target":["https:\/\/strangercam.com\/2257-compliance-statement\/"]}]},{"@type":"BreadcrumbList","@id":"https:\/\/strangercam.com\/2257-compliance-statement\/#breadcrumb","itemListElement":[{"@type":"ListItem","position":1,"name":"Home","item":"https:\/\/strangercam.com\/"},{"@type":"ListItem","position":2,"name":"2257 Compliance Statement"}]},{"@type":"WebSite","@id":"https:\/\/strangercam.com\/#website","url":"https:\/\/strangercam.com\/","name":"Strangercam","description":"Losowy czat wideo z nieznajomymi","publisher":{"@id":"https:\/\/strangercam.com\/#organization"},"alternateName":"Strangercam.com","potentialAction":[{"@type":"SearchAction","target":{"@type":"EntryPoint","urlTemplate":"https:\/\/strangercam.com\/?s={search_term_string}"},"query-input":{"@type":"PropertyValueSpecification","valueRequired":true,"valueName":"search_term_string"}}],"inLanguage":"pl-PL"},{"@type":"Organization","@id":"https:\/\/strangercam.com\/#organization","name":"Strangercam","alternateName":"Strangercam.com","url":"https:\/\/strangercam.com\/","logo":{"@type":"ImageObject","inLanguage":"pl-PL","@id":"https:\/\/strangercam.com\/#\/schema\/logo\/image\/","url":"https:\/\/strangercam.com\/wp-content\/uploads\/2020\/11\/cropped-new-favicon-black.png","contentUrl":"https:\/\/strangercam.com\/wp-content\/uploads\/2020\/11\/cropped-new-favicon-black.png","width":512,"height":512,"caption":"Strangercam"},"image":{"@id":"https:\/\/strangercam.com\/#\/schema\/logo\/image\/"},"sameAs":["https:\/\/www.facebook.com\/strangercam","https:\/\/x.com\/strangercamapp"]}]}},"_links":{"self":[{"href":"https:\/\/strangercam.com\/pl\/wp-json\/wp\/v2\/pages\/9827","targetHints":{"allow":["GET"]}}],"collection":[{"href":"https:\/\/strangercam.com\/pl\/wp-json\/wp\/v2\/pages"}],"about":[{"href":"https:\/\/strangercam.com\/pl\/wp-json\/wp\/v2\/types\/page"}],"author":[{"embeddable":true,"href":"https:\/\/strangercam.com\/pl\/wp-json\/wp\/v2\/users\/1"}],"replies":[{"embeddable":true,"href":"https:\/\/strangercam.com\/pl\/wp-json\/wp\/v2\/comments?post=9827"}],"version-history":[{"count":1,"href":"https:\/\/strangercam.com\/pl\/wp-json\/wp\/v2\/pages\/9827\/revisions"}],"predecessor-version":[{"id":12877,"href":"https:\/\/strangercam.com\/pl\/wp-json\/wp\/v2\/pages\/9827\/revisions\/12877"}],"wp:attachment":[{"href":"https:\/\/strangercam.com\/pl\/wp-json\/wp\/v2\/media?parent=9827"}],"curies":[{"name":"wp","href":"https:\/\/api.w.org\/{rel}","templated":true}]}}