{"id":980,"date":"2021-01-09T13:06:16","date_gmt":"2021-01-09T11:06:16","guid":{"rendered":"https:\/\/strangercam.com\/?page_id=980"},"modified":"2023-08-21T11:40:07","modified_gmt":"2023-08-21T09:40:07","slug":"azar-app","status":"publish","type":"page","link":"https:\/\/strangercam.com\/pl\/azar-app\/","title":{"rendered":"Azar App"},"content":{"rendered":"<p>Nawi\u0105zywanie nowych znajomo\u015bci w nowym miejscu mo\u017ce by\u0107 trudne dla wielu os\u00f3b z powodu r\u00f3\u017cnych czynnik\u00f3w. W rezultacie lubi\u0105 korzysta\u0107 z niekt\u00f3rych platform i aplikacji, aby jak najszybciej po\u0142\u0105czy\u0107 si\u0119 z nieznajomymi. Jednak nie wszystkie s\u0105 takie same i nale\u017cy przeprowadzi\u0107 szczeg\u00f3\u0142owe badanie na ich temat. Pomo\u017ce to w znalezieniu platformy lub aplikacji, kt\u00f3ra pomo\u017ce z \u0142atwo\u015bci\u0105 znale\u017a\u0107 interesuj\u0105ce osobowo\u015bci z r\u00f3\u017cnych cz\u0119\u015bci \u015bwiata. Wi\u0119kszo\u015b\u0107 platform i aplikacji umo\u017cliwia u\u017cytkownikom szybkie \u0142\u0105czenie si\u0119 z innymi, aby uzyska\u0107 lepsze wra\u017cenia.<\/p>\n<h2>Aplikacja Azar do poznawania podobnie my\u015bl\u0105cych os\u00f3b<\/h2>\n<p>Ka\u017cdy, kto chce szuka\u0107 <a href=\"https:\/\/strangercam.com\/pl\/mili\/\">na \u017cywo<\/a> po\u0142\u0105czenie w czasie rzeczywistym mo\u017ce wybra\u0107 aplikacj\u0119 Azar, aby spe\u0142ni\u0107 swoje potrzeby. The <a href=\"https:\/\/strangercam.com\/pl\/rabbit-video-chat\/\">wideo<\/a> <a href=\"https:\/\/strangercam.com\/pl\/chatroulette\/\">czat<\/a> umo\u017cliwia u\u017cytkownikom prowadzenie zabawnych rozm\u00f3w z nieznanymi osobami dzi\u0119ki najnowszym funkcjom. Kolejn\u0105 zalet\u0105 aplikacji jest to, \u017ce umo\u017cliwia ona dodawanie filtr\u00f3w i efekt\u00f3w, podczas gdy <a href=\"https:\/\/strangercam.com\/pl\/chatingly\/\">czat<\/a> z innymi. Co wi\u0119cej, pozwala u\u017cytkownikom dopasowywa\u0107 osoby, kt\u00f3re maj\u0105 wsp\u00f3lne zainteresowania z dan\u0105 osob\u0105. Opr\u00f3cz tego aplikacja daje mo\u017cliwo\u015b\u0107 szybkiego prowadzenia efektywnych rozm\u00f3w z podobnie my\u015bl\u0105cymi osobami z r\u00f3\u017cnych lokalizacji.<\/p>\n<h2>Jakie funkcje oferuje aplikacja Azar?<\/h2>\n<p>U\u017cytkownicy powinni pozna\u0107 funkcje aplikacji przed rozpocz\u0119ciem rozm\u00f3w. Azar oferuje kilka doskona\u0142ych funkcji dla os\u00f3b, kt\u00f3re chc\u0105 nawi\u0105za\u0107 dobre znajomo\u015bci w danej lokalizacji. Umo\u017cliwia u\u017cytkownikowi przegl\u0105danie funkcji historii, kt\u00f3re daj\u0105 mo\u017cliwo\u015b\u0107 wznowienia czatu z poprzednimi po\u0142\u0105czeniami. Ponadto wbudowana funkcja czatu oferowana przez aplikacj\u0119 t\u0142umaczy wiadomo\u015bci w j\u0119zykach obcych z du\u017c\u0105 dok\u0142adno\u015bci\u0105. Platforma aplikacji jest najlepszym wyborem do odkrywania nowych ludzi w prostych krokach. Poza tym mo\u017cna nawet u\u017cywa\u0107 filtr\u00f3w p\u0142ci i regionalnych, gdy chce si\u0119 rozmawia\u0107 z innymi.<\/p>\n<h2>Jak pobra\u0107 aplikacj\u0119?<\/h2>\n<p>Aplikacja jest ju\u017c dost\u0119pna na <a href=\"https:\/\/play.google.com\/store\/apps\/details?id=com.azarlihttps:\/\/play.google.com\/store\/apps\/details?id=com.azarlive.android&amp;hl=en_ZA&amp;gl=USve.android&amp;hl=en_ZA&amp;gl=US\">Sklep Google Play<\/a> a u\u017cytkownicy mog\u0105 pobra\u0107 j\u0105 na swoje urz\u0105dzenia mobilne bez \u017cadnych trudno\u015bci. U\u017cytkownicy, kt\u00f3rzy chc\u0105 mie\u0107 zabawne spotkania z nieznajomymi, mog\u0105 skorzysta\u0107 z funkcji Azar na \u017cywo. Ca\u0142odobowa obs\u0142uga klienta oferowana przez aplikacj\u0119 umo\u017cliwia u\u017cytkownikom \u0142\u0105czenie si\u0119 z innymi w zabawnym \u015brodowisku. Jednocze\u015bnie nale\u017cy zapozna\u0107 si\u0119 z recenzjami i ocenami aplikacji przed zainstalowaniem jej na urz\u0105dzeniach mobilnych. Oba <a href=\"https:\/\/strangercam.com\/pl\/chat4free\/\">darmowy<\/a> Dla u\u017cytkownik\u00f3w dost\u0119pne s\u0105 wersje subskrypcyjne i mog\u0105 wybra\u0107 najlepsz\u0105, kt\u00f3ra spe\u0142nia ich oczekiwania. Ponadto aplikacja umo\u017cliwia \u0142atwe dopasowywanie profili w celu nawi\u0105zywania znajomo\u015bci bez \u017cadnych k\u0142opot\u00f3w.<\/p>","protected":false},"excerpt":{"rendered":"<p>Making new friends in a new location may become a difficult one for many people due to various factors. As a result, they like to use some platforms and apps to connect with strangers as soon as possible. However, not all are the same and one should make a detailed study about them in detail. [&hellip;]<\/p>\n","protected":false},"author":6,"featured_media":559,"parent":0,"menu_order":0,"comment_status":"closed","ping_status":"closed","template":"","meta":{"footnotes":""},"class_list":["post-980","page","type-page","status-publish","has-post-thumbnail","hentry"],"yoast_head":"<!-- This site is optimized with the Yoast SEO plugin v26.9 - https:\/\/yoast.com\/product\/yoast-seo-wordpress\/ -->\n<title>Azar App - Swipe, Match, Video Chat - Cam on StrangerCam.com<\/title>\n<meta name=\"description\" content=\"Like Azar App? Come chat with more than 5.000.000 strangers on Stranger Cam for Free! Turn on your cam and find new friends &amp; maby a match!\" \/>\n<meta name=\"robots\" content=\"index, follow, max-snippet:-1, max-image-preview:large, max-video-preview:-1\" \/>\n<link rel=\"canonical\" href=\"https:\/\/strangercam.com\/pl\/azar-app\/\" \/>\n<meta property=\"og:locale\" content=\"pl_PL\" \/>\n<meta property=\"og:type\" content=\"article\" \/>\n<meta property=\"og:title\" content=\"Azar App - Swipe, Match, Video Chat - Cam on StrangerCam.com\" \/>\n<meta property=\"og:description\" content=\"Like Azar App? Come chat with more than 5.000.000 strangers on Stranger Cam for Free! Turn on your cam and find new friends &amp; maby a match!\" \/>\n<meta property=\"og:url\" content=\"https:\/\/strangercam.com\/pl\/azar-app\/\" \/>\n<meta property=\"og:site_name\" content=\"Strangercam\" \/>\n<meta property=\"article:publisher\" content=\"https:\/\/www.facebook.com\/strangercam\" \/>\n<meta property=\"article:modified_time\" content=\"2023-08-21T09:40:07+00:00\" \/>\n<meta property=\"og:image\" content=\"https:\/\/strangercam.com\/wp-content\/uploads\/2020\/11\/stranger-cam-1.png\" \/>\n\t<meta property=\"og:image:width\" content=\"800\" \/>\n\t<meta property=\"og:image:height\" content=\"800\" \/>\n\t<meta property=\"og:image:type\" content=\"image\/png\" \/>\n<meta name=\"twitter:card\" content=\"summary_large_image\" \/>\n<meta name=\"twitter:site\" content=\"@strangercamapp\" \/>\n<meta name=\"twitter:label1\" content=\"Szacowany czas czytania\" \/>\n\t<meta name=\"twitter:data1\" content=\"2 minuty\" \/>\n<script type=\"application\/ld+json\" class=\"yoast-schema-graph\">{\"@context\":\"https:\/\/schema.org\",\"@graph\":[{\"@type\":\"WebPage\",\"@id\":\"https:\/\/strangercam.com\/azar-app\/\",\"url\":\"https:\/\/strangercam.com\/azar-app\/\",\"name\":\"Azar App - Swipe, Match, Video Chat - Cam on StrangerCam.com\",\"isPartOf\":{\"@id\":\"https:\/\/strangercam.com\/#website\"},\"primaryImageOfPage\":{\"@id\":\"https:\/\/strangercam.com\/azar-app\/#primaryimage\"},\"image\":{\"@id\":\"https:\/\/strangercam.com\/azar-app\/#primaryimage\"},\"thumbnailUrl\":\"https:\/\/strangercam.com\/wp-content\/uploads\/2020\/11\/stranger-cam-1.png\",\"datePublished\":\"2021-01-09T11:06:16+00:00\",\"dateModified\":\"2023-08-21T09:40:07+00:00\",\"description\":\"Like Azar App? Come chat with more than 5.000.000 strangers on Stranger Cam for Free! Turn on your cam and find new friends & maby a match!\",\"breadcrumb\":{\"@id\":\"https:\/\/strangercam.com\/azar-app\/#breadcrumb\"},\"inLanguage\":\"pl-PL\",\"potentialAction\":[{\"@type\":\"ReadAction\",\"target\":[\"https:\/\/strangercam.com\/azar-app\/\"]}]},{\"@type\":\"ImageObject\",\"inLanguage\":\"pl-PL\",\"@id\":\"https:\/\/strangercam.com\/azar-app\/#primaryimage\",\"url\":\"https:\/\/strangercam.com\/wp-content\/uploads\/2020\/11\/stranger-cam-1.png\",\"contentUrl\":\"https:\/\/strangercam.com\/wp-content\/uploads\/2020\/11\/stranger-cam-1.png\",\"width\":800,\"height\":800,\"caption\":\"stranger cam random video chat\"},{\"@type\":\"BreadcrumbList\",\"@id\":\"https:\/\/strangercam.com\/azar-app\/#breadcrumb\",\"itemListElement\":[{\"@type\":\"ListItem\",\"position\":1,\"name\":\"Home\",\"item\":\"https:\/\/strangercam.com\/\"},{\"@type\":\"ListItem\",\"position\":2,\"name\":\"Azar App\"}]},{\"@type\":\"WebSite\",\"@id\":\"https:\/\/strangercam.com\/#website\",\"url\":\"https:\/\/strangercam.com\/\",\"name\":\"Strangercam\",\"description\":\"Random Video Chat with Strangers\",\"publisher\":{\"@id\":\"https:\/\/strangercam.com\/#organization\"},\"alternateName\":\"Strangercam.com\",\"potentialAction\":[{\"@type\":\"SearchAction\",\"target\":{\"@type\":\"EntryPoint\",\"urlTemplate\":\"https:\/\/strangercam.com\/?s={search_term_string}\"},\"query-input\":{\"@type\":\"PropertyValueSpecification\",\"valueRequired\":true,\"valueName\":\"search_term_string\"}}],\"inLanguage\":\"pl-PL\"},{\"@type\":\"Organization\",\"@id\":\"https:\/\/strangercam.com\/#organization\",\"name\":\"Strangercam\",\"alternateName\":\"Strangercam.com\",\"url\":\"https:\/\/strangercam.com\/\",\"logo\":{\"@type\":\"ImageObject\",\"inLanguage\":\"pl-PL\",\"@id\":\"https:\/\/strangercam.com\/#\/schema\/logo\/image\/\",\"url\":\"https:\/\/strangercam.com\/wp-content\/uploads\/2020\/11\/cropped-new-favicon-black.png\",\"contentUrl\":\"https:\/\/strangercam.com\/wp-content\/uploads\/2020\/11\/cropped-new-favicon-black.png\",\"width\":512,\"height\":512,\"caption\":\"Strangercam\"},\"image\":{\"@id\":\"https:\/\/strangercam.com\/#\/schema\/logo\/image\/\"},\"sameAs\":[\"https:\/\/www.facebook.com\/strangercam\",\"https:\/\/x.com\/strangercamapp\"]}]}<\/script>\n<!-- \/ Yoast SEO plugin. -->","yoast_head_json":{"title":"Azar App - Przesu\u0144, dopasuj, czat wideo - Kamera na StrangerCam.com","description":"Jak Azar App? Przyjd\u017a na czat z ponad 5.000.000 nieznajomych na Stranger Cam za darmo! W\u0142\u0105cz kamer\u0119 i znajd\u017a nowych przyjaci\u00f3\u0142 i mo\u017ce mecz!","robots":{"index":"index","follow":"follow","max-snippet":"max-snippet:-1","max-image-preview":"max-image-preview:large","max-video-preview":"max-video-preview:-1"},"canonical":"https:\/\/strangercam.com\/pl\/azar-app\/","og_locale":"pl_PL","og_type":"article","og_title":"Azar App - Swipe, Match, Video Chat - Cam on StrangerCam.com","og_description":"Like Azar App? Come chat with more than 5.000.000 strangers on Stranger Cam for Free! Turn on your cam and find new friends & maby a match!","og_url":"https:\/\/strangercam.com\/pl\/azar-app\/","og_site_name":"Strangercam","article_publisher":"https:\/\/www.facebook.com\/strangercam","article_modified_time":"2023-08-21T09:40:07+00:00","og_image":[{"width":800,"height":800,"url":"https:\/\/strangercam.com\/wp-content\/uploads\/2020\/11\/stranger-cam-1.png","type":"image\/png"}],"twitter_card":"summary_large_image","twitter_site":"@strangercamapp","twitter_misc":{"Szacowany czas czytania":"2 minuty"},"schema":{"@context":"https:\/\/schema.org","@graph":[{"@type":"WebPage","@id":"https:\/\/strangercam.com\/azar-app\/","url":"https:\/\/strangercam.com\/azar-app\/","name":"Azar App - Przesu\u0144, dopasuj, czat wideo - Kamera na StrangerCam.com","isPartOf":{"@id":"https:\/\/strangercam.com\/#website"},"primaryImageOfPage":{"@id":"https:\/\/strangercam.com\/azar-app\/#primaryimage"},"image":{"@id":"https:\/\/strangercam.com\/azar-app\/#primaryimage"},"thumbnailUrl":"https:\/\/strangercam.com\/wp-content\/uploads\/2020\/11\/stranger-cam-1.png","datePublished":"2021-01-09T11:06:16+00:00","dateModified":"2023-08-21T09:40:07+00:00","description":"Jak Azar App? Przyjd\u017a na czat z ponad 5.000.000 nieznajomych na Stranger Cam za darmo! W\u0142\u0105cz kamer\u0119 i znajd\u017a nowych przyjaci\u00f3\u0142 i mo\u017ce mecz!","breadcrumb":{"@id":"https:\/\/strangercam.com\/azar-app\/#breadcrumb"},"inLanguage":"pl-PL","potentialAction":[{"@type":"ReadAction","target":["https:\/\/strangercam.com\/azar-app\/"]}]},{"@type":"ImageObject","inLanguage":"pl-PL","@id":"https:\/\/strangercam.com\/azar-app\/#primaryimage","url":"https:\/\/strangercam.com\/wp-content\/uploads\/2020\/11\/stranger-cam-1.png","contentUrl":"https:\/\/strangercam.com\/wp-content\/uploads\/2020\/11\/stranger-cam-1.png","width":800,"height":800,"caption":"stranger cam random video chat"},{"@type":"BreadcrumbList","@id":"https:\/\/strangercam.com\/azar-app\/#breadcrumb","itemListElement":[{"@type":"ListItem","position":1,"name":"Home","item":"https:\/\/strangercam.com\/"},{"@type":"ListItem","position":2,"name":"Azar App"}]},{"@type":"WebSite","@id":"https:\/\/strangercam.com\/#website","url":"https:\/\/strangercam.com\/","name":"Strangercam","description":"Losowy czat wideo z nieznajomymi","publisher":{"@id":"https:\/\/strangercam.com\/#organization"},"alternateName":"Strangercam.com","potentialAction":[{"@type":"SearchAction","target":{"@type":"EntryPoint","urlTemplate":"https:\/\/strangercam.com\/?s={search_term_string}"},"query-input":{"@type":"PropertyValueSpecification","valueRequired":true,"valueName":"search_term_string"}}],"inLanguage":"pl-PL"},{"@type":"Organization","@id":"https:\/\/strangercam.com\/#organization","name":"Strangercam","alternateName":"Strangercam.com","url":"https:\/\/strangercam.com\/","logo":{"@type":"ImageObject","inLanguage":"pl-PL","@id":"https:\/\/strangercam.com\/#\/schema\/logo\/image\/","url":"https:\/\/strangercam.com\/wp-content\/uploads\/2020\/11\/cropped-new-favicon-black.png","contentUrl":"https:\/\/strangercam.com\/wp-content\/uploads\/2020\/11\/cropped-new-favicon-black.png","width":512,"height":512,"caption":"Strangercam"},"image":{"@id":"https:\/\/strangercam.com\/#\/schema\/logo\/image\/"},"sameAs":["https:\/\/www.facebook.com\/strangercam","https:\/\/x.com\/strangercamapp"]}]}},"_links":{"self":[{"href":"https:\/\/strangercam.com\/pl\/wp-json\/wp\/v2\/pages\/980","targetHints":{"allow":["GET"]}}],"collection":[{"href":"https:\/\/strangercam.com\/pl\/wp-json\/wp\/v2\/pages"}],"about":[{"href":"https:\/\/strangercam.com\/pl\/wp-json\/wp\/v2\/types\/page"}],"author":[{"embeddable":true,"href":"https:\/\/strangercam.com\/pl\/wp-json\/wp\/v2\/users\/6"}],"replies":[{"embeddable":true,"href":"https:\/\/strangercam.com\/pl\/wp-json\/wp\/v2\/comments?post=980"}],"version-history":[{"count":0,"href":"https:\/\/strangercam.com\/pl\/wp-json\/wp\/v2\/pages\/980\/revisions"}],"wp:featuredmedia":[{"embeddable":true,"href":"https:\/\/strangercam.com\/pl\/wp-json\/wp\/v2\/media\/559"}],"wp:attachment":[{"href":"https:\/\/strangercam.com\/pl\/wp-json\/wp\/v2\/media?parent=980"}],"curies":[{"name":"wp","href":"https:\/\/api.w.org\/{rel}","templated":true}]}}