{"id":9038,"date":"2025-09-29T10:37:31","date_gmt":"2025-09-29T08:37:31","guid":{"rendered":"https:\/\/strangercam.com\/?page_id=9038"},"modified":"2025-09-29T12:03:57","modified_gmt":"2025-09-29T10:03:57","slug":"darmowy-czat-online","status":"publish","type":"page","link":"https:\/\/strangercam.com\/pl\/free-online-chat\/","title":{"rendered":"Bezp\u0142atny czat online"},"content":{"rendered":"<p>Szukasz darmowej gry online? <a href=\"https:\/\/strangercam.com\/pl\/chathub\/\">Czat<\/a>? Nie jeste\u015b sam. Miliony ludzi ka\u017cdego miesi\u0105ca wpisuj\u0105 w Google dok\u0142adnie te s\u0142owa, szukaj\u0105c szybkiego, bezpiecznego i darmowego sposobu na <a href=\"https:\/\/strangercam.com\/pl\/coomeet\/\">spotkanie<\/a> nowych ludzi online. W przeciwie\u0144stwie do portali spo\u0142eczno\u015bciowych lub aplikacji randkowych, kt\u00f3re wymagaj\u0105 d\u0142ugich rejestracji, darmowe platformy czatu online pozwalaj\u0105 na natychmiastowe nawi\u0105zywanie kontakt\u00f3w - bez \u017cadnych k\u0142opot\u00f3w.<\/p>\n<p>W 2025 roku platformy takie jak StrangerCam sprawiaj\u0105, \u017ce rozpocz\u0119cie czatowania za darmo jest \u0142atwiejsze ni\u017c kiedykolwiek wcze\u015bniej, bez pobierania lub ukrytych koszt\u00f3w. Niezale\u017cnie od tego, czy chcesz prowadzi\u0107 swobodne rozmowy, nawi\u0105zywa\u0107 globalne przyja\u017anie, czy te\u017c lekko flirtowa\u0107, darmowy czat online jest nadal jednym z najbardziej ekscytuj\u0105cych sposob\u00f3w nawi\u0105zywania kontakt\u00f3w online.<\/p>\n<p>Ten przewodnik obejmuje wszystko, co musisz wiedzie\u0107: czym jest darmowy czat online, dlaczego jest tak popularny, jak dzia\u0142a, jaka jest jego historia, jakie funkcje s\u0105 najwa\u017cniejsze, najlepsze platformy, wskaz\u00f3wki dotycz\u0105ce bezpiecze\u0144stwa i dlaczego StrangerCam jest obecnie jedn\u0105 z najlepszych opcji.<\/p>\n<h2>Czym jest darmowy czat online?<\/h2>\n<p>Darmowy czat online odnosi si\u0119 do platform cyfrowych, na kt\u00f3rych mo\u017cna natychmiast rozmawia\u0107 z lud\u017ami za po\u015brednictwem tekstu lub wideo bez uiszczania op\u0142at lub tworzenia d\u0142ugich profili. Idea jest prosta: klikasz przycisk i jeste\u015b po\u0142\u0105czony z kim\u015b nowym - zawsze i wsz\u0119dzie.<\/p>\n<p>W przeciwie\u0144stwie do tradycyjnych medi\u00f3w spo\u0142eczno\u015bciowych lub aplikacji randkowych, darmowe platformy czatowe stawiaj\u0105 na spontaniczno\u015b\u0107. Nie wymagaj\u0105 przeci\u0105gania palcem, algorytm\u00f3w ani wyselekcjonowanych profili. Zamiast tego zapewniaj\u0105 interakcj\u0119 w czasie rzeczywistym z nieznajomymi z ca\u0142ego \u015bwiata.<\/p>\n<h2>Dlaczego ludzie kochaj\u0105 darmowy czat online<\/h2>\n<p>Wyra\u017cenie \"darmowy czat online\" pozostaje popularne od dziesi\u0119cioleci, poniewa\u017c:<\/p>\n<ul>\n<li>Natychmiastowe po\u0142\u0105czenie: Bez czekania na dopasowanie lub odpowied\u017a.<\/li>\n<li>Globalne przyja\u017anie: Poznaj ludzi z ponad 100 kraj\u00f3w.<\/li>\n<li>R\u00f3\u017cnorodno\u015b\u0107 rozm\u00f3w: Od swobodnych pogaw\u0119dek po g\u0142\u0119bsze rozmowy.<\/li>\n<li>Przyst\u0119pno\u015b\u0107: Prawdziwie darmowy dost\u0119p, bez ukrytych zap\u00f3r.<\/li>\n<li>Spontaniczno\u015b\u0107: Ka\u017cdy czat jest wyj\u0105tkowy i nieprzewidywalny.<\/li>\n<li>Elastyczno\u015b\u0107: Opcje czatu tekstowego lub wideo na \u017cywo.<\/li>\n<\/ul>\n<p>To idealne po\u0142\u0105czenie zabawy, autentyczno\u015bci i dost\u0119pno\u015bci.<\/p>\n<h2>Jak dzia\u0142a darmowy czat online<\/h2>\n<p>Proces ten jest prosty:<\/p>\n<ol>\n<li>Otw\u00f3rz platform\u0119 czatu, tak\u0105 jak StrangerCam.<\/li>\n<li>Wybierz tryb czatu (czat tekstowy lub wideo).<\/li>\n<li>Umo\u017cliwienie dost\u0119pu do kamery\/mikrofonu w celu nagrywania wideo.<\/li>\n<li>Kliknij \"Rozpocznij czat\".<\/li>\n<li>Natychmiast po\u0142\u0105cz si\u0119 z kim\u015b na ca\u0142ym \u015bwiecie.<\/li>\n<li>Kliknij \"Dalej\" w dowolnym momencie, aby pozna\u0107 kogo\u015b nowego.<\/li>\n<\/ol>\n<p>Niekt\u00f3re witryny dodaj\u0105 r\u00f3wnie\u017c funkcje, takie jak filtry, czaty grupowe lub narz\u0119dzia do t\u0142umaczenia.<\/p>\n<h2>Cechy, kt\u00f3rych nale\u017cy szuka\u0107<\/h2>\n<p>Wybieraj\u0105c darmow\u0105 witryn\u0119 czatu online, upewnij si\u0119, \u017ce zawiera ona:<\/p>\n<ul>\n<li>Naprawd\u0119 darmowy dost\u0119p - unikaj witryn, kt\u00f3re ukrywaj\u0105 funkcje za p\u0142atnymi zaporami.<\/li>\n<li>Rejestracja nie jest wymagana - zachowaj anonimowo\u015b\u0107 i po\u0142\u0105cz si\u0119 natychmiast.<\/li>\n<li>Opcje wideo i tekstowe - elastyczno\u015b\u0107 dla r\u00f3\u017cnych nastroj\u00f3w.<\/li>\n<li>Projekt przyjazny dla urz\u0105dze\u0144 mobilnych - dzia\u0142a p\u0142ynnie na telefonach i tabletach.<\/li>\n<li>Silna moderacja - bezpieczniejsza ni\u017c stare czaty.<\/li>\n<li>Globalna baza u\u017cytkownik\u00f3w - wi\u0119cej os\u00f3b oznacza wi\u0119cej zabawy.<\/li>\n<\/ul>\n<h2>Najlepsze darmowe platformy czatu online w 2025 roku<\/h2>\n<p>Oto por\u00f3wnanie najlepszych obecnie darmowych serwis\u00f3w czatowych:<\/p>\n<table>\n<thead>\n<tr>\n<th>Platforma<\/th>\n<th align=\"center\">Bezp\u0142atny dost\u0119p<\/th>\n<th align=\"center\">Wymagana rejestracja<\/th>\n<th align=\"center\">Czat wideo<\/th>\n<th align=\"center\">Wsparcie mobilne<\/th>\n<th align=\"center\">Moderacja<\/th>\n<th>Uwagi<\/th>\n<\/tr>\n<\/thead>\n<tbody>\n<tr>\n<td>StrangerCam<\/td>\n<td align=\"center\">\u2705<\/td>\n<td align=\"center\">\u274c<\/td>\n<td align=\"center\">\u2705<\/td>\n<td align=\"center\">\u2705<\/td>\n<td align=\"center\">\u2705<\/td>\n<td>Najlepszy wyb\u00f3r: darmowy, natychmiastowy, bezpieczny<\/td>\n<\/tr>\n<tr>\n<td><a href=\"https:\/\/strangercam.com\/pl\/chatroulette\/\">Chatroulette<\/a><\/td>\n<td align=\"center\">\u2705<\/td>\n<td align=\"center\">\u274c<\/td>\n<td align=\"center\">\u2705<\/td>\n<td align=\"center\">\u2705<\/td>\n<td align=\"center\">\u2705<\/td>\n<td>Klasyczne, ale ograniczone funkcje<\/td>\n<\/tr>\n<tr>\n<td>Chatrandom<\/td>\n<td align=\"center\">\u2705<\/td>\n<td align=\"center\">\u274c<\/td>\n<td align=\"center\">\u2705<\/td>\n<td align=\"center\">\u2705<\/td>\n<td align=\"center\">\u2705<\/td>\n<td>Du\u017ca baza u\u017cytkownik\u00f3w, wypycha aktualizacje<\/td>\n<\/tr>\n<tr>\n<td><a href=\"https:\/\/strangercam.com\/pl\/ometv\/\">OmeTV<\/a><\/td>\n<td align=\"center\">\u2705<\/td>\n<td align=\"center\">\u274c<\/td>\n<td align=\"center\">\u2705<\/td>\n<td align=\"center\">\u2705<\/td>\n<td align=\"center\">\u2705<\/td>\n<td>Pierwsza aplikacja mobilna do losowego czatowania<\/td>\n<\/tr>\n<tr>\n<td>Shagle<\/td>\n<td align=\"center\">\u2705<\/td>\n<td align=\"center\">\u274c<\/td>\n<td align=\"center\">\u2705<\/td>\n<td align=\"center\">\u2705<\/td>\n<td align=\"center\">\u2705<\/td>\n<td>Wst\u0119p wolny, filtry premium zablokowane<\/td>\n<\/tr>\n<tr>\n<td>WireClub<\/td>\n<td align=\"center\">\u2705<\/td>\n<td align=\"center\">\u2705<\/td>\n<td align=\"center\">\u274c<\/td>\n<td align=\"center\">\u2705<\/td>\n<td align=\"center\">\u2705<\/td>\n<td>Bardziej tradycyjne czaty tekstowe<\/td>\n<\/tr>\n<\/tbody>\n<\/table>\n<p>StrangerCam to jedna z niewielu platform \u0142\u0105cz\u0105cych darmowy, nieograniczony dost\u0119p, brak konieczno\u015bci rejestracji oraz opcje czatu wideo i tekstowego.<\/p>\n<h2>Dlaczego StrangerCam jest najlepsz\u0105 opcj\u0105 darmowego czatu online?<\/h2>\n<p>Oto dlaczego StrangerCam jest najlepszym wyborem na darmowy czat online w 2025 roku:<\/p>\n<h3>1. Ca\u0142kowicie za darmo<\/h3>\n<p>Brak ukrytych koszt\u00f3w, pr\u00f3b lub system\u00f3w kredytowych.<\/p>\n<h3>2. Nie jest wymagana rejestracja<\/h3>\n<p>Zachowaj anonimowo\u015b\u0107 i czatuj natychmiast.<\/p>\n<h3>3. Opcje tekst + wideo<\/h3>\n<p>Prze\u0142\u0105czaj si\u0119 mi\u0119dzy trybami w zale\u017cno\u015bci od poziomu komfortu.<\/p>\n<h3>4. Bezpieczny i moderowany<\/h3>\n<p>Lepsze narz\u0119dzia bezpiecze\u0144stwa ni\u017c stare czaty.<\/p>\n<h3>5. Gotowo\u015b\u0107 na urz\u0105dzenia mobilne i stacjonarne<\/h3>\n<p>Zoptymalizowany dla wszystkich urz\u0105dze\u0144.<\/p>\n<h3>6. Globalny zasi\u0119g<\/h3>\n<p>Poznawaj ludzi z ponad 100 kraj\u00f3w, 24\/7.<\/p>\n<h2>Prawdziwe opinie u\u017cytkownik\u00f3w<\/h2>\n<blockquote><p>\"Szuka\u0142em darmowego czatu online i znalaz\u0142em StrangerCam. To by\u0142o b\u0142yskawiczne, zabawne i pozna\u0142em ludzi z ca\u0142ego \u015bwiata\".<br \/>\n- Jake, 25 lat<\/p><\/blockquote>\n<blockquote><p>\"Podoba mi si\u0119, \u017ce nie musz\u0119 si\u0119 rejestrowa\u0107 ani podawa\u0107 danych osobowych. To naprawd\u0119 darmowe\".<br \/>\n- Sophia, 22 lata<\/p><\/blockquote>\n<blockquote><p>\"Czuje si\u0119 bezpiecznie i prosto. Przycisk pomijania u\u0142atwia przej\u015bcie dalej\".<br \/>\n- Ryan, 30<\/p><\/blockquote>\n<blockquote><p>\"W przeciwie\u0144stwie do starych czat\u00f3w, ten jest nowoczesny i moderowany. Darmowy czat online w ko\u0144cu dzia\u0142a\".<br \/>\n- Emma, 20 lat<\/p><\/blockquote>\n<h2>Psychologia darmowego czatu online<\/h2>\n<p>Dlaczego darmowy czat online jest nadal tak popularny w 2025 roku? Wykorzystuje on trzy uniwersalne ludzkie potrzeby:<\/p>\n<ol>\n<li>Natychmiastowa gratyfikacja: Chcemy natychmiastowego po\u0142\u0105czenia bez czekania.<\/li>\n<li>Nowo\u015b\u0107: ka\u017cdy nieznajomy prowadzi now\u0105 rozmow\u0119, dzi\u0119ki czemu wszystko jest ekscytuj\u0105ce.<\/li>\n<li>Przyst\u0119pno\u015b\u0107 cenowa: Dodanie s\u0142owa \"darmowy\" sprawia, \u017ce jest on dost\u0119pny dla ka\u017cdego i wsz\u0119dzie.<\/li>\n<\/ol>\n<p>Wyja\u015bnia to, dlaczego termin ten jest cz\u0119sto wyszukiwany rok po roku.<\/p>\n<h2>Wskaz\u00f3wki dotycz\u0105ce bezpiecze\u0144stwa na darmowym czacie online<\/h2>\n<p>Chocia\u017c czatowanie online to \u015bwietna zabawa, bezpiecze\u0144stwo powinno by\u0107 zawsze na pierwszym miejscu:<\/p>\n<ul>\n<li>Nigdy nie udost\u0119pniaj danych osobowych (telefonu, adresu, miejsca pracy).<\/li>\n<li>Unikaj klikania link\u00f3w od nieznajomych.<\/li>\n<li>U\u017cyj opcji Pomi\u0144\/Blokuj, je\u015bli kto\u015b sprawia, \u017ce czujesz si\u0119 niekomfortowo.<\/li>\n<li>Sprawd\u017a t\u0142o kamery przed rozpocz\u0119ciem transmisji na \u017cywo.<\/li>\n<li>Trzymaj si\u0119 pseudonim\u00f3w, a nie prawdziwych imion.<\/li>\n<li>Przestrzegaj ogranicze\u0144 wiekowych - nie korzystaj z czatu dla doros\u0142ych, je\u015bli masz mniej ni\u017c 18 lat.<\/li>\n<\/ul>\n<h2>Jak zacz\u0105\u0107 - krok po kroku<\/h2>\n<p>Rozpocz\u0119cie darmowego czatu online zajmuje tylko kilka sekund:<\/p>\n<ol>\n<li>Otw\u00f3rz StrangerCam w przegl\u0105darce lub na urz\u0105dzeniu.<\/li>\n<li>Wybierz tryb czatu: tekstowy lub wideo.<\/li>\n<li>Zezw\u00f3l na dost\u0119p do kamery\/mikrofonu (w przypadku wideo).<\/li>\n<li>Kliknij przycisk Rozpocznij czat.<\/li>\n<li>Poznawaj nowych ludzi natychmiast - naci\u015bnij Next w dowolnym momencie, aby si\u0119 prze\u0142\u0105czy\u0107.<\/li>\n<\/ol>\n<p>W 2025 roku darmowy czat online pozostaje jednym z najszybszych, najprostszych i najfajniejszych sposob\u00f3w na poznawanie ludzi online. W przeciwie\u0144stwie do aplikacji randkowych lub medi\u00f3w spo\u0142eczno\u015bciowych, jest natychmiastowy, globalny i spontaniczny.<\/p>\n<p>Platformy takie jak StrangerCam sprawiaj\u0105, \u017ce jest to lepsze ni\u017c kiedykolwiek: naprawd\u0119 darmowe, bezpieczne i wype\u0142nione prawdziwymi u\u017cytkownikami z ca\u0142ego \u015bwiata. Niezale\u017cnie od tego, czy szukasz przyjaci\u00f3\u0142, niezobowi\u0105zuj\u0105cej zabawy, czy po prostu rozmowy, aby pokona\u0107 nud\u0119, darmowy czat online jest zawsze w zasi\u0119gu jednego klikni\u0119cia.<\/p>\n<p>Gotowy, aby si\u0119 po\u0142\u0105czy\u0107? Rozpocznij darmowy czat online ju\u017c dzi\u015b i dowiedz si\u0119, kogo spotkasz w przysz\u0142o\u015bci.<\/p>","protected":false},"excerpt":{"rendered":"<p>Are you searching for Free Online Chat? You\u2019re not alone. Millions of people every month type those exact words into Google, looking for a quick, safe, and free way to meet new people online. Unlike social networks or dating apps that require lengthy signups, free online chat platforms let you connect instantly\u2014without the hassle. In [&hellip;]<\/p>\n","protected":false},"author":8,"featured_media":0,"parent":0,"menu_order":0,"comment_status":"closed","ping_status":"closed","template":"","meta":{"footnotes":""},"class_list":["post-9038","page","type-page","status-publish","hentry"],"yoast_head":"<!-- This site is optimized with the Yoast SEO plugin v27.4 - https:\/\/yoast.com\/product\/yoast-seo-wordpress\/ -->\n<title>Free Online Chat with Video Chat on Strangercam.com<\/title>\n<meta name=\"description\" content=\"Liking Free Online Chat? Join millions on StrangerCam.com! Start a random video chat, turn on your cam, and meet strangers instantly.\" \/>\n<meta name=\"robots\" content=\"index, follow, max-snippet:-1, max-image-preview:large, max-video-preview:-1\" \/>\n<link rel=\"canonical\" href=\"https:\/\/strangercam.com\/pl\/darmowy-czat-online\/\" \/>\n<meta property=\"og:locale\" content=\"pl_PL\" \/>\n<meta property=\"og:type\" content=\"article\" \/>\n<meta property=\"og:title\" content=\"Free Online Chat with Video Chat on Strangercam.com\" \/>\n<meta property=\"og:description\" content=\"Liking Free Online Chat? Join millions on StrangerCam.com! Start a random video chat, turn on your cam, and meet strangers instantly.\" \/>\n<meta property=\"og:url\" content=\"https:\/\/strangercam.com\/pl\/darmowy-czat-online\/\" \/>\n<meta property=\"og:site_name\" content=\"Strangercam\" \/>\n<meta property=\"article:publisher\" content=\"https:\/\/www.facebook.com\/strangercam\" \/>\n<meta property=\"article:modified_time\" content=\"2025-09-29T10:03:57+00:00\" \/>\n<meta property=\"og:image\" content=\"https:\/\/strangercam.com\/wp-content\/uploads\/2021\/10\/Untitled-2.png\" \/>\n\t<meta property=\"og:image:width\" content=\"800\" \/>\n\t<meta property=\"og:image:height\" content=\"532\" \/>\n\t<meta property=\"og:image:type\" content=\"image\/png\" \/>\n<meta name=\"twitter:card\" content=\"summary_large_image\" \/>\n<meta name=\"twitter:site\" content=\"@strangercamapp\" \/>\n<meta name=\"twitter:label1\" content=\"Szacowany czas czytania\" \/>\n\t<meta name=\"twitter:data1\" content=\"4 minuty\" \/>\n<script type=\"application\/ld+json\" class=\"yoast-schema-graph\">{\"@context\":\"https:\\\/\\\/schema.org\",\"@graph\":[{\"@type\":\"WebPage\",\"@id\":\"https:\\\/\\\/strangercam.com\\\/free-online-chat\\\/\",\"url\":\"https:\\\/\\\/strangercam.com\\\/free-online-chat\\\/\",\"name\":\"Free Online Chat with Video Chat on Strangercam.com\",\"isPartOf\":{\"@id\":\"https:\\\/\\\/strangercam.com\\\/#website\"},\"datePublished\":\"2025-09-29T08:37:31+00:00\",\"dateModified\":\"2025-09-29T10:03:57+00:00\",\"description\":\"Liking Free Online Chat? Join millions on StrangerCam.com! Start a random video chat, turn on your cam, and meet strangers instantly.\",\"breadcrumb\":{\"@id\":\"https:\\\/\\\/strangercam.com\\\/free-online-chat\\\/#breadcrumb\"},\"inLanguage\":\"pl-PL\",\"potentialAction\":[{\"@type\":\"ReadAction\",\"target\":[\"https:\\\/\\\/strangercam.com\\\/free-online-chat\\\/\"]}]},{\"@type\":\"BreadcrumbList\",\"@id\":\"https:\\\/\\\/strangercam.com\\\/free-online-chat\\\/#breadcrumb\",\"itemListElement\":[{\"@type\":\"ListItem\",\"position\":1,\"name\":\"Home\",\"item\":\"https:\\\/\\\/strangercam.com\\\/\"},{\"@type\":\"ListItem\",\"position\":2,\"name\":\"Free Online Chat\"}]},{\"@type\":\"WebSite\",\"@id\":\"https:\\\/\\\/strangercam.com\\\/#website\",\"url\":\"https:\\\/\\\/strangercam.com\\\/\",\"name\":\"Strangercam\",\"description\":\"Random Video Chat with Strangers\",\"publisher\":{\"@id\":\"https:\\\/\\\/strangercam.com\\\/#organization\"},\"alternateName\":\"Strangercam.com\",\"potentialAction\":[{\"@type\":\"SearchAction\",\"target\":{\"@type\":\"EntryPoint\",\"urlTemplate\":\"https:\\\/\\\/strangercam.com\\\/?s={search_term_string}\"},\"query-input\":{\"@type\":\"PropertyValueSpecification\",\"valueRequired\":true,\"valueName\":\"search_term_string\"}}],\"inLanguage\":\"pl-PL\"},{\"@type\":\"Organization\",\"@id\":\"https:\\\/\\\/strangercam.com\\\/#organization\",\"name\":\"Strangercam\",\"alternateName\":\"Strangercam.com\",\"url\":\"https:\\\/\\\/strangercam.com\\\/\",\"logo\":{\"@type\":\"ImageObject\",\"inLanguage\":\"pl-PL\",\"@id\":\"https:\\\/\\\/strangercam.com\\\/#\\\/schema\\\/logo\\\/image\\\/\",\"url\":\"https:\\\/\\\/strangercam.com\\\/wp-content\\\/uploads\\\/2020\\\/11\\\/cropped-new-favicon-black.png\",\"contentUrl\":\"https:\\\/\\\/strangercam.com\\\/wp-content\\\/uploads\\\/2020\\\/11\\\/cropped-new-favicon-black.png\",\"width\":512,\"height\":512,\"caption\":\"Strangercam\"},\"image\":{\"@id\":\"https:\\\/\\\/strangercam.com\\\/#\\\/schema\\\/logo\\\/image\\\/\"},\"sameAs\":[\"https:\\\/\\\/www.facebook.com\\\/strangercam\",\"https:\\\/\\\/x.com\\\/strangercamapp\"]}]}<\/script>\n<!-- \/ Yoast SEO plugin. -->","yoast_head_json":{"title":"Darmowy czat online z czatem wideo na Strangercam.com","description":"Lubisz darmowy czat online? Join miliony na StrangerCam.com! Rozpocznij losowy czat wideo, w\u0142\u0105cz kamer\u0119 i natychmiast poznawaj nieznajomych.","robots":{"index":"index","follow":"follow","max-snippet":"max-snippet:-1","max-image-preview":"max-image-preview:large","max-video-preview":"max-video-preview:-1"},"canonical":"https:\/\/strangercam.com\/pl\/darmowy-czat-online\/","og_locale":"pl_PL","og_type":"article","og_title":"Free Online Chat with Video Chat on Strangercam.com","og_description":"Liking Free Online Chat? Join millions on StrangerCam.com! Start a random video chat, turn on your cam, and meet strangers instantly.","og_url":"https:\/\/strangercam.com\/pl\/darmowy-czat-online\/","og_site_name":"Strangercam","article_publisher":"https:\/\/www.facebook.com\/strangercam","article_modified_time":"2025-09-29T10:03:57+00:00","og_image":[{"width":800,"height":532,"url":"https:\/\/strangercam.com\/wp-content\/uploads\/2021\/10\/Untitled-2.png","type":"image\/png"}],"twitter_card":"summary_large_image","twitter_site":"@strangercamapp","twitter_misc":{"Szacowany czas czytania":"4 minuty"},"schema":{"@context":"https:\/\/schema.org","@graph":[{"@type":"WebPage","@id":"https:\/\/strangercam.com\/free-online-chat\/","url":"https:\/\/strangercam.com\/free-online-chat\/","name":"Darmowy czat online z czatem wideo na Strangercam.com","isPartOf":{"@id":"https:\/\/strangercam.com\/#website"},"datePublished":"2025-09-29T08:37:31+00:00","dateModified":"2025-09-29T10:03:57+00:00","description":"Lubisz darmowy czat online? Join miliony na StrangerCam.com! Rozpocznij losowy czat wideo, w\u0142\u0105cz kamer\u0119 i natychmiast poznawaj nieznajomych.","breadcrumb":{"@id":"https:\/\/strangercam.com\/free-online-chat\/#breadcrumb"},"inLanguage":"pl-PL","potentialAction":[{"@type":"ReadAction","target":["https:\/\/strangercam.com\/free-online-chat\/"]}]},{"@type":"BreadcrumbList","@id":"https:\/\/strangercam.com\/free-online-chat\/#breadcrumb","itemListElement":[{"@type":"ListItem","position":1,"name":"Home","item":"https:\/\/strangercam.com\/"},{"@type":"ListItem","position":2,"name":"Free Online Chat"}]},{"@type":"WebSite","@id":"https:\/\/strangercam.com\/#website","url":"https:\/\/strangercam.com\/","name":"Strangercam","description":"Losowy czat wideo z nieznajomymi","publisher":{"@id":"https:\/\/strangercam.com\/#organization"},"alternateName":"Strangercam.com","potentialAction":[{"@type":"SearchAction","target":{"@type":"EntryPoint","urlTemplate":"https:\/\/strangercam.com\/?s={search_term_string}"},"query-input":{"@type":"PropertyValueSpecification","valueRequired":true,"valueName":"search_term_string"}}],"inLanguage":"pl-PL"},{"@type":"Organization","@id":"https:\/\/strangercam.com\/#organization","name":"Strangercam","alternateName":"Strangercam.com","url":"https:\/\/strangercam.com\/","logo":{"@type":"ImageObject","inLanguage":"pl-PL","@id":"https:\/\/strangercam.com\/#\/schema\/logo\/image\/","url":"https:\/\/strangercam.com\/wp-content\/uploads\/2020\/11\/cropped-new-favicon-black.png","contentUrl":"https:\/\/strangercam.com\/wp-content\/uploads\/2020\/11\/cropped-new-favicon-black.png","width":512,"height":512,"caption":"Strangercam"},"image":{"@id":"https:\/\/strangercam.com\/#\/schema\/logo\/image\/"},"sameAs":["https:\/\/www.facebook.com\/strangercam","https:\/\/x.com\/strangercamapp"]}]}},"_links":{"self":[{"href":"https:\/\/strangercam.com\/pl\/wp-json\/wp\/v2\/pages\/9038","targetHints":{"allow":["GET"]}}],"collection":[{"href":"https:\/\/strangercam.com\/pl\/wp-json\/wp\/v2\/pages"}],"about":[{"href":"https:\/\/strangercam.com\/pl\/wp-json\/wp\/v2\/types\/page"}],"author":[{"embeddable":true,"href":"https:\/\/strangercam.com\/pl\/wp-json\/wp\/v2\/users\/8"}],"replies":[{"embeddable":true,"href":"https:\/\/strangercam.com\/pl\/wp-json\/wp\/v2\/comments?post=9038"}],"version-history":[{"count":2,"href":"https:\/\/strangercam.com\/pl\/wp-json\/wp\/v2\/pages\/9038\/revisions"}],"predecessor-version":[{"id":13049,"href":"https:\/\/strangercam.com\/pl\/wp-json\/wp\/v2\/pages\/9038\/revisions\/13049"}],"wp:attachment":[{"href":"https:\/\/strangercam.com\/pl\/wp-json\/wp\/v2\/media?parent=9038"}],"curies":[{"name":"wp","href":"https:\/\/api.w.org\/{rel}","templated":true}]}}