{"id":881,"date":"2020-12-02T19:15:37","date_gmt":"2020-12-02T17:15:37","guid":{"rendered":"https:\/\/strangercam.com\/?page_id=881"},"modified":"2023-08-21T12:34:45","modified_gmt":"2023-08-21T10:34:45","slug":"ometv","status":"publish","type":"page","link":"https:\/\/strangercam.com\/pl\/ometv\/","title":{"rendered":"OmeTV"},"content":{"rendered":"<p>OmeTV to <a href=\"https:\/\/strangercam.com\/pl\/rabbit-video-chat\/\">wideo<\/a> <a href=\"https:\/\/strangercam.com\/pl\/chatroulette\/\">czat<\/a> Strona internetowa i aplikacja, za pomoc\u0105 kt\u00f3rej mo\u017cna rozmawia\u0107 z nieznajomymi. Ta strona internetowa umo\u017cliwia rozmow\u0119 z dowoln\u0105 przypadkow\u0105 nieznajom\u0105 osob\u0105 za pomoc\u0105 jednego klikni\u0119cia przycisku. Witryna twierdzi, \u017ce jest to najlepsza alternatywa dla <a href=\"https:\/\/strangercam.com\/pl\/omegle\/\">Omegle<\/a> Telewizja. Aplikacja dla OmeTv jest dost\u0119pna dla system\u00f3w Android i iOS.<\/p>\n<p>Dzie\u0144 czy noc, nie ma znaczenia, o ile chcesz rozmawia\u0107; OmeTv zapewnia wiele mo\u017cliwo\u015bci. Oko\u0142o 10 milion\u00f3w ludzi jest zarejestrowanych w OmeTv. Mo\u017cesz swobodnie rozmawia\u0107 z tymi osobami. Platforma pozwala r\u00f3wnie\u017c wybiera\u0107 i wybiera\u0107 spo\u015br\u00f3d milion\u00f3w ludzi.<\/p>\n<p>Ich jedynym celem jest sprawienie, by ludzie <a href=\"https:\/\/strangercam.com\/pl\/coomeet\/\">spotkanie<\/a> Coraz wi\u0119cej os\u00f3b mo\u017ce wirtualnie wypi\u0107 kaw\u0119 w zaciszu w\u0142asnego domu lub podzieli\u0107 si\u0119 swoimi uczuciami. Korzystaj\u0105c z tej aplikacji, nigdy nie poczujesz si\u0119 samotny. Daje szans\u0119 na nawi\u0105zanie nowych znajomo\u015bci.<\/p>\n<h3>Limit wieku w OmeTV - przestrzegany czy ignorowany?<\/h3>\n<p>Jedn\u0105 z najbardziej niepokoj\u0105cych rzeczy w aplikacji jest to, \u017ce chocia\u017c informuje ona, \u017ce u\u017cytkownik musi mie\u0107 uko\u0144czone 18 lat, nie przeprowadzono weryfikacji, aby to potwierdzi\u0107. Stwierdzono, \u017ce aplikacja by\u0142a u\u017cywana przez wielu nastolatk\u00f3w poni\u017cej 18 roku \u017cycia.<\/p>\n<p>Nie potrzebujesz konta na OmeTv; po prostu zaloguj si\u0119 przez Facebooka i jeste\u015b gotowy do rozmowy z przypadkowym nieznajomym.<\/p>\n<h3>Co mo\u017ce doprowadzi\u0107 do zbanowania?<\/h3>\n<p>Aplikacja ma kilka ogranicze\u0144. Za wykonanie czynno\u015bci wymienionych poni\u017cej mo\u017cesz zosta\u0107 zbanowany.<\/p>\n<ul>\n<li style=\"font-weight: 400;\" aria-level=\"1\">\u017b\u0105danie wirtualnego <a href=\"https:\/\/strangercam.com\/pl\/shagle\/\">seks<\/a> lub nago\u015b\u0107.<\/li>\n<li style=\"font-weight: 400;\" aria-level=\"1\">Wy\u015bwietlanie nieodpowiednich obraz\u00f3w i film\u00f3w.<\/li>\n<li style=\"font-weight: 400;\" aria-level=\"1\">Lekcewa\u017c\u0105ce dzia\u0142ania, takie jak wulgaryzmy, obelgi na tle religijnym lub rasowym, depresyjne komentarze itp.<\/li>\n<li style=\"font-weight: 400;\" aria-level=\"1\">Spamowanie jest niedozwolone. Aplikacja zabrania udost\u0119pniania link\u00f3w do innych stron internetowych.<\/li>\n<\/ul>\n<h3>Zasady i warunki<\/h3>\n<p>OmeTv wyra\u017anie wspomnia\u0142, \u017ce mo\u017ce wykorzystywa\u0107 Twoje wideo w dowolnym miejscu. Zgodnie z ich warunkami, mo\u017cesz zachowa\u0107 prawa autorskie, ale nie masz wp\u0142ywu na to, co i gdzie b\u0119dzie przesy\u0142ane strumieniowo.<\/p>\n<p>OmeTv nie jest gotowa przyj\u0105\u0107 na siebie \u017cadnych zobowi\u0105za\u0144. Twierdzi, \u017ce u\u017cytkownicy ponosz\u0105 wy\u0142\u0105czn\u0105 odpowiedzialno\u015b\u0107 za wszystko, co mo\u017ce p\u00f3j\u015b\u0107 nie tak.<\/p>\n<h3>Polityka prywatno\u015bci<\/h3>\n<p>Firma zobowi\u0105zuje si\u0119 do ochrony danych osobowych u\u017cytkownik\u00f3w i ochrony prawa do prywatno\u015bci. Prywatno\u015b\u0107 jest podstawowym prawem ka\u017cdego cz\u0142owieka. Naruszenie tego prawa prowadzi do wielu komplikacji. Aby unikn\u0105\u0107 takich trudno\u015bci, od samego pocz\u0105tku OmeTv opracowa\u0142o \u015bcis\u0142\u0105 strategi\u0119.<\/p>\n<p>Witryna internetowa ponosi odpowiedzialno\u015b\u0107 za przetwarzanie danych u\u017cytkownika, o ile dzia\u0142a jako administrator danych. Mog\u0105 potrzebowa\u0107 podstawowych informacji, takich jak zdj\u0119cie profilowe, imi\u0119 i nazwisko, numer telefonu, adres i strefa czasowa podczas tworzenia profilu z konta w mediach spo\u0142eczno\u015bciowych.<\/p>\n<p>Witryna nie zamierza uzyskiwa\u0107 \u017cadnych innych informacji ani dost\u0119pu do danych u\u017cytkownika. Ma to nawet na celu usprawnienie korzystania z witryny.<\/p>\n<p>Dane osobowe u\u017cytkownika mog\u0105 by\u0107 udost\u0119pniane nast\u0119puj\u0105cym podmiotom;<\/p>\n<ul>\n<li style=\"font-weight: 400;\" aria-level=\"1\">Poniewa\u017c jest to aplikacja randkowa, Twoje dane osobowe, takie jak imi\u0119 i nazwisko, wiek, p\u0142e\u0107, lokalizacja i publiczne zdj\u0119cia mog\u0105 by\u0107 widoczne dla innych u\u017cytkownik\u00f3w.<\/li>\n<li style=\"font-weight: 400;\" aria-level=\"1\">Witryna mo\u017ce ujawnia\u0107 dane osobowe u\u017cytkownika ubezpieczycielom. Dane te mog\u0105 by\u0107 r\u00f3wnie\u017c udost\u0119pniane bankom i profesjonalnym doradcom w celu pokrycia kwot ubezpieczenia i zarz\u0105dzania kosztami.<\/li>\n<li style=\"font-weight: 400;\" aria-level=\"1\">Dane transakcji b\u0119d\u0105 udost\u0119pniane dostawcom us\u0142ug p\u0142atniczych witryny, takim jak Google, PayPal, Interkassa, SecurionPay, Apple i SMSBILL.<\/li>\n<\/ul>\n<h3>Inne problemy<\/h3>\n<p>Istniej\u0105 pewne funkcje w aplikacji, kt\u00f3re s\u0105 problematyczne. Posiada tryb szpiegowski, za pomoc\u0105 kt\u00f3rego osoba trzecia mo\u017ce pods\u0142uchiwa\u0107 prywatny czat. Spycam stanowi powa\u017cne zagro\u017cenie dla prywatno\u015bci ka\u017cdej osoby. Poniewa\u017c jest anonimowa, mo\u017ce wydoby\u0107 z ludzi to, co najgorsze. Mo\u017ce by\u0107 wykorzystywana nawet do szanta\u017cu.<\/p>\n<p>Co wi\u0119cej, tylko kilkudziesi\u0119ciu moderator\u00f3w sprawdza zawarto\u015b\u0107. Nie wystarcz\u0105 oni do wykrycia, czy masowy ruch na poziomie 10 milion\u00f3w jest bezpieczny. Cz\u0119sto m\u00f3wi si\u0119, \u017ce wi\u0119kszy ruch jest lepszy dla serwis\u00f3w randkowych. Ale zarz\u0105dzanie takim ruchem jest r\u00f3wnie\u017c wyzwaniem. Wielu haker\u00f3w i przest\u0119pc\u00f3w mo\u017ce r\u00f3wnie\u017c do\u0142\u0105czy\u0107 do platformy z powodu niewielkiej kontroli i r\u00f3wnowagi.<\/p>\n<p>Ograniczenia 18+ wydaj\u0105 si\u0119 by\u0107 nieobecne na stronie. Wielu nastolatk\u00f3w poni\u017cej osiemnastego roku \u017cycia do\u0142\u0105czy\u0142o do strony. Wszyscy oni s\u0105 nara\u017ceni na kontakt ze \u015bwiatem zewn\u0119trznym. Mo\u017ce to by\u0107 dla nich niebezpieczne, poniewa\u017c \u0142atwo jest manipulowa\u0107 dzie\u0107mi w tym wieku.<\/p>\n<h3>Recenzje Trustpilot<\/h3>\n<p>Wiele os\u00f3b na Trustpilot skar\u017cy\u0142o si\u0119, \u017ce zostali zbanowani z powodu dzia\u0142a\u0144 innych os\u00f3b. Ponadto, aby odblokowa\u0107 u\u017cytkownika, prosz\u0105 o darowizny. Pokazuje to podejrzan\u0105 natur\u0119 firmy.<\/p>\n<p>Ale zawsze istnieje inna strona tej historii. Mo\u017cesz skorzysta\u0107 z tej strony, aby samemu j\u0105 znale\u017a\u0107!<\/p>\n<h3>Procedura sk\u0142adania skarg<\/h3>\n<p>Nie jeste\u015b zdany na siebie!<\/p>\n<p>OmeTv to bezpieczne miejsce dla ka\u017cdego. Je\u015bli co\u015b lub kto\u015b ci przeszkadza, mo\u017cesz poskar\u017cy\u0107 si\u0119 na niego urz\u0119dnikom. Ta funkcja zosta\u0142a wprowadzona, aby ludzie czuli si\u0119 bezpiecznie podczas korzystania z OmeTv.<\/p>\n<p>Mo\u017cesz z\u0142o\u017cy\u0107 skarg\u0119 na dowolnego u\u017cytkownika, kt\u00f3ry Twoim zdaniem narusza role platformy. Aby zwi\u0119kszy\u0107 skuteczno\u015b\u0107 skargi, mo\u017cesz do\u0142\u0105czy\u0107 zrzuty ekranu czatu i inne powi\u0105zane informacje, aby u\u0142atwi\u0107 w\u0142adzom znalezienie, zidentyfikowanie i rozwi\u0105zanie problemu.<\/p>\n<p>Je\u015bli wp\u0142ynie zbyt wiele skarg przeciwko jakiemukolwiek u\u017cytkownikowi, witryna automatycznie zablokuje mu mo\u017cliwo\u015b\u0107 korzystania z jej us\u0142ug. Ma to na celu zapewnienie bezpiecze\u0144stwa innym u\u017cytkownikom. Jednak przed podj\u0119ciem jakichkolwiek powa\u017cnych dzia\u0142a\u0144, wszystko jest dok\u0142adnie analizowane.<\/p>\n<h3>U\u017cywa\u0107 czy nie?<\/h3>\n<p>Uwa\u017camy, \u017ce prywatno\u015b\u0107 u\u017cytkownik\u00f3w powinna by\u0107 traktowana priorytetowo. Je\u015bli nie, to przynajmniej powinna by\u0107 szanowana!<\/p>\n<p>Wygl\u0105da jednak na to, \u017ce OmeTv nie chce tego robi\u0107. W ich polityce prywatno\u015bci wspomniano, \u017ce mog\u0105 udost\u0119pnia\u0107 dane stronom trzecim. Kompromitacja danych nie jest opcj\u0105. Dlatego lepiej tego unika\u0107.<\/p>\n<p>Zamiast tego mo\u017cna u\u017cy\u0107 <a href=\"https:\/\/strangercam.com\/pl\/\">Strangercam<\/a>. Jest to lepszy i bardziej niezawodny czat wideo online. Mo\u017cesz poznawa\u0107 nowych ludzi i rozmawia\u0107 z nimi. I nie musisz si\u0119 martwi\u0107 o swoje dane i prywatno\u015b\u0107, poniewa\u017c stangercam zapewnia maksymalne bezpiecze\u0144stwo i chroni Twoje dane.<\/p>\n<h3>Wnioski<\/h3>\n<p>Istnieje wiele kwestii dotycz\u0105cych tej strony. M\u00f3wi si\u0119, \u017ce <a href=\"https:\/\/play.google.com\/\">Google Play<\/a>\u00a0i App Store powinny sprawdza\u0107 takie aplikacje. Nie powinny zezwala\u0107 na dodawanie na swoich platformach aplikacji, kt\u00f3re nie weryfikuj\u0105 prawid\u0142owo wieku i nie maj\u0105 kontroli rodzicielskiej.<\/p>\n<p>Poprawa ich polityki prywatno\u015bci mo\u017ce zwi\u0119kszy\u0107 ich wiarygodno\u015b\u0107. Na razie jednak na rynku dost\u0119pne s\u0105 inne, bezpieczniejsze opcje do wyboru.<\/p>","protected":false},"excerpt":{"rendered":"<p>OmeTV is a video chat website and app using which you can talk to strangers. This website allows you to talk to any random stranger with just a click of a button. The website says that it is the best alternative to Omegle Tv. The app for OmeTv is available for android and iOS. Day [&hellip;]<\/p>\n","protected":false},"author":6,"featured_media":559,"parent":0,"menu_order":0,"comment_status":"closed","ping_status":"closed","template":"","meta":{"footnotes":""},"class_list":["post-881","page","type-page","status-publish","has-post-thumbnail","hentry"],"yoast_head":"<!-- This site is optimized with the Yoast SEO plugin v27.4 - https:\/\/yoast.com\/product\/yoast-seo-wordpress\/ -->\n<title>OmeTV - Omegle Random Chat Alternative on StrangerCam.com<\/title>\n<meta name=\"description\" content=\"Like OmeTV? Come chat with more than 5.000.000 strangers on Stranger Cam for Free! Turn on your cam and find new friends &amp; maby a match!\" \/>\n<meta name=\"robots\" content=\"index, follow, max-snippet:-1, max-image-preview:large, max-video-preview:-1\" \/>\n<link rel=\"canonical\" href=\"https:\/\/strangercam.com\/pl\/ometv\/\" \/>\n<meta property=\"og:locale\" content=\"pl_PL\" \/>\n<meta property=\"og:type\" content=\"article\" \/>\n<meta property=\"og:title\" content=\"OmeTV - Omegle Random Chat Alternative on StrangerCam.com\" \/>\n<meta property=\"og:description\" content=\"Like OmeTV? Come chat with more than 5.000.000 strangers on Stranger Cam for Free! Turn on your cam and find new friends &amp; maby a match!\" \/>\n<meta property=\"og:url\" content=\"https:\/\/strangercam.com\/pl\/ometv\/\" \/>\n<meta property=\"og:site_name\" content=\"Strangercam\" \/>\n<meta property=\"article:publisher\" content=\"https:\/\/www.facebook.com\/strangercam\" \/>\n<meta property=\"article:modified_time\" content=\"2023-08-21T10:34:45+00:00\" \/>\n<meta property=\"og:image\" content=\"https:\/\/strangercam.com\/wp-content\/uploads\/2020\/11\/stranger-cam-1.png\" \/>\n\t<meta property=\"og:image:width\" content=\"800\" \/>\n\t<meta property=\"og:image:height\" content=\"800\" \/>\n\t<meta property=\"og:image:type\" content=\"image\/png\" \/>\n<meta name=\"twitter:card\" content=\"summary_large_image\" \/>\n<meta name=\"twitter:site\" content=\"@strangercamapp\" \/>\n<meta name=\"twitter:label1\" content=\"Szacowany czas czytania\" \/>\n\t<meta name=\"twitter:data1\" content=\"5 minut\" \/>\n<script type=\"application\/ld+json\" class=\"yoast-schema-graph\">{\"@context\":\"https:\\\/\\\/schema.org\",\"@graph\":[{\"@type\":\"WebPage\",\"@id\":\"https:\\\/\\\/strangercam.com\\\/ometv\\\/\",\"url\":\"https:\\\/\\\/strangercam.com\\\/ometv\\\/\",\"name\":\"OmeTV - Omegle Random Chat Alternative on StrangerCam.com\",\"isPartOf\":{\"@id\":\"https:\\\/\\\/strangercam.com\\\/#website\"},\"primaryImageOfPage\":{\"@id\":\"https:\\\/\\\/strangercam.com\\\/ometv\\\/#primaryimage\"},\"image\":{\"@id\":\"https:\\\/\\\/strangercam.com\\\/ometv\\\/#primaryimage\"},\"thumbnailUrl\":\"https:\\\/\\\/strangercam.com\\\/wp-content\\\/uploads\\\/2020\\\/11\\\/stranger-cam-1.png\",\"datePublished\":\"2020-12-02T17:15:37+00:00\",\"dateModified\":\"2023-08-21T10:34:45+00:00\",\"description\":\"Like OmeTV? Come chat with more than 5.000.000 strangers on Stranger Cam for Free! Turn on your cam and find new friends & maby a match!\",\"breadcrumb\":{\"@id\":\"https:\\\/\\\/strangercam.com\\\/ometv\\\/#breadcrumb\"},\"inLanguage\":\"pl-PL\",\"potentialAction\":[{\"@type\":\"ReadAction\",\"target\":[\"https:\\\/\\\/strangercam.com\\\/ometv\\\/\"]}]},{\"@type\":\"ImageObject\",\"inLanguage\":\"pl-PL\",\"@id\":\"https:\\\/\\\/strangercam.com\\\/ometv\\\/#primaryimage\",\"url\":\"https:\\\/\\\/strangercam.com\\\/wp-content\\\/uploads\\\/2020\\\/11\\\/stranger-cam-1.png\",\"contentUrl\":\"https:\\\/\\\/strangercam.com\\\/wp-content\\\/uploads\\\/2020\\\/11\\\/stranger-cam-1.png\",\"width\":800,\"height\":800,\"caption\":\"stranger cam random video chat\"},{\"@type\":\"BreadcrumbList\",\"@id\":\"https:\\\/\\\/strangercam.com\\\/ometv\\\/#breadcrumb\",\"itemListElement\":[{\"@type\":\"ListItem\",\"position\":1,\"name\":\"Home\",\"item\":\"https:\\\/\\\/strangercam.com\\\/\"},{\"@type\":\"ListItem\",\"position\":2,\"name\":\"OmeTV\"}]},{\"@type\":\"WebSite\",\"@id\":\"https:\\\/\\\/strangercam.com\\\/#website\",\"url\":\"https:\\\/\\\/strangercam.com\\\/\",\"name\":\"Strangercam\",\"description\":\"Random Video Chat with Strangers\",\"publisher\":{\"@id\":\"https:\\\/\\\/strangercam.com\\\/#organization\"},\"alternateName\":\"Strangercam.com\",\"potentialAction\":[{\"@type\":\"SearchAction\",\"target\":{\"@type\":\"EntryPoint\",\"urlTemplate\":\"https:\\\/\\\/strangercam.com\\\/?s={search_term_string}\"},\"query-input\":{\"@type\":\"PropertyValueSpecification\",\"valueRequired\":true,\"valueName\":\"search_term_string\"}}],\"inLanguage\":\"pl-PL\"},{\"@type\":\"Organization\",\"@id\":\"https:\\\/\\\/strangercam.com\\\/#organization\",\"name\":\"Strangercam\",\"alternateName\":\"Strangercam.com\",\"url\":\"https:\\\/\\\/strangercam.com\\\/\",\"logo\":{\"@type\":\"ImageObject\",\"inLanguage\":\"pl-PL\",\"@id\":\"https:\\\/\\\/strangercam.com\\\/#\\\/schema\\\/logo\\\/image\\\/\",\"url\":\"https:\\\/\\\/strangercam.com\\\/wp-content\\\/uploads\\\/2020\\\/11\\\/cropped-new-favicon-black.png\",\"contentUrl\":\"https:\\\/\\\/strangercam.com\\\/wp-content\\\/uploads\\\/2020\\\/11\\\/cropped-new-favicon-black.png\",\"width\":512,\"height\":512,\"caption\":\"Strangercam\"},\"image\":{\"@id\":\"https:\\\/\\\/strangercam.com\\\/#\\\/schema\\\/logo\\\/image\\\/\"},\"sameAs\":[\"https:\\\/\\\/www.facebook.com\\\/strangercam\",\"https:\\\/\\\/x.com\\\/strangercamapp\"]}]}<\/script>\n<!-- \/ Yoast SEO plugin. -->","yoast_head_json":{"title":"OmeTV - Omegle Losowo Chat Alternative na StrangerCam.com","description":"Jak OmeTV? Przyjd\u017a na czat z ponad 5.000.000 nieznajomych na Stranger Cam za darmo! W\u0142\u0105cz kamer\u0119 i znajd\u017a nowych przyjaci\u00f3\u0142 i mo\u017ce mecz!","robots":{"index":"index","follow":"follow","max-snippet":"max-snippet:-1","max-image-preview":"max-image-preview:large","max-video-preview":"max-video-preview:-1"},"canonical":"https:\/\/strangercam.com\/pl\/ometv\/","og_locale":"pl_PL","og_type":"article","og_title":"OmeTV - Omegle Random Chat Alternative on StrangerCam.com","og_description":"Like OmeTV? Come chat with more than 5.000.000 strangers on Stranger Cam for Free! Turn on your cam and find new friends & maby a match!","og_url":"https:\/\/strangercam.com\/pl\/ometv\/","og_site_name":"Strangercam","article_publisher":"https:\/\/www.facebook.com\/strangercam","article_modified_time":"2023-08-21T10:34:45+00:00","og_image":[{"width":800,"height":800,"url":"https:\/\/strangercam.com\/wp-content\/uploads\/2020\/11\/stranger-cam-1.png","type":"image\/png"}],"twitter_card":"summary_large_image","twitter_site":"@strangercamapp","twitter_misc":{"Szacowany czas czytania":"5 minut"},"schema":{"@context":"https:\/\/schema.org","@graph":[{"@type":"WebPage","@id":"https:\/\/strangercam.com\/ometv\/","url":"https:\/\/strangercam.com\/ometv\/","name":"OmeTV - Omegle Losowo Chat Alternative na StrangerCam.com","isPartOf":{"@id":"https:\/\/strangercam.com\/#website"},"primaryImageOfPage":{"@id":"https:\/\/strangercam.com\/ometv\/#primaryimage"},"image":{"@id":"https:\/\/strangercam.com\/ometv\/#primaryimage"},"thumbnailUrl":"https:\/\/strangercam.com\/wp-content\/uploads\/2020\/11\/stranger-cam-1.png","datePublished":"2020-12-02T17:15:37+00:00","dateModified":"2023-08-21T10:34:45+00:00","description":"Jak OmeTV? Przyjd\u017a na czat z ponad 5.000.000 nieznajomych na Stranger Cam za darmo! W\u0142\u0105cz kamer\u0119 i znajd\u017a nowych przyjaci\u00f3\u0142 i mo\u017ce mecz!","breadcrumb":{"@id":"https:\/\/strangercam.com\/ometv\/#breadcrumb"},"inLanguage":"pl-PL","potentialAction":[{"@type":"ReadAction","target":["https:\/\/strangercam.com\/ometv\/"]}]},{"@type":"ImageObject","inLanguage":"pl-PL","@id":"https:\/\/strangercam.com\/ometv\/#primaryimage","url":"https:\/\/strangercam.com\/wp-content\/uploads\/2020\/11\/stranger-cam-1.png","contentUrl":"https:\/\/strangercam.com\/wp-content\/uploads\/2020\/11\/stranger-cam-1.png","width":800,"height":800,"caption":"stranger cam random video chat"},{"@type":"BreadcrumbList","@id":"https:\/\/strangercam.com\/ometv\/#breadcrumb","itemListElement":[{"@type":"ListItem","position":1,"name":"Home","item":"https:\/\/strangercam.com\/"},{"@type":"ListItem","position":2,"name":"OmeTV"}]},{"@type":"WebSite","@id":"https:\/\/strangercam.com\/#website","url":"https:\/\/strangercam.com\/","name":"Strangercam","description":"Losowy czat wideo z nieznajomymi","publisher":{"@id":"https:\/\/strangercam.com\/#organization"},"alternateName":"Strangercam.com","potentialAction":[{"@type":"SearchAction","target":{"@type":"EntryPoint","urlTemplate":"https:\/\/strangercam.com\/?s={search_term_string}"},"query-input":{"@type":"PropertyValueSpecification","valueRequired":true,"valueName":"search_term_string"}}],"inLanguage":"pl-PL"},{"@type":"Organization","@id":"https:\/\/strangercam.com\/#organization","name":"Strangercam","alternateName":"Strangercam.com","url":"https:\/\/strangercam.com\/","logo":{"@type":"ImageObject","inLanguage":"pl-PL","@id":"https:\/\/strangercam.com\/#\/schema\/logo\/image\/","url":"https:\/\/strangercam.com\/wp-content\/uploads\/2020\/11\/cropped-new-favicon-black.png","contentUrl":"https:\/\/strangercam.com\/wp-content\/uploads\/2020\/11\/cropped-new-favicon-black.png","width":512,"height":512,"caption":"Strangercam"},"image":{"@id":"https:\/\/strangercam.com\/#\/schema\/logo\/image\/"},"sameAs":["https:\/\/www.facebook.com\/strangercam","https:\/\/x.com\/strangercamapp"]}]}},"_links":{"self":[{"href":"https:\/\/strangercam.com\/pl\/wp-json\/wp\/v2\/pages\/881","targetHints":{"allow":["GET"]}}],"collection":[{"href":"https:\/\/strangercam.com\/pl\/wp-json\/wp\/v2\/pages"}],"about":[{"href":"https:\/\/strangercam.com\/pl\/wp-json\/wp\/v2\/types\/page"}],"author":[{"embeddable":true,"href":"https:\/\/strangercam.com\/pl\/wp-json\/wp\/v2\/users\/6"}],"replies":[{"embeddable":true,"href":"https:\/\/strangercam.com\/pl\/wp-json\/wp\/v2\/comments?post=881"}],"version-history":[{"count":0,"href":"https:\/\/strangercam.com\/pl\/wp-json\/wp\/v2\/pages\/881\/revisions"}],"wp:featuredmedia":[{"embeddable":true,"href":"https:\/\/strangercam.com\/pl\/wp-json\/wp\/v2\/media\/559"}],"wp:attachment":[{"href":"https:\/\/strangercam.com\/pl\/wp-json\/wp\/v2\/media?parent=881"}],"curies":[{"name":"wp","href":"https:\/\/api.w.org\/{rel}","templated":true}]}}