{"id":8708,"date":"2021-10-27T09:29:55","date_gmt":"2021-10-27T07:29:55","guid":{"rendered":"https:\/\/strangercam.com\/?page_id=8708"},"modified":"2025-02-04T09:47:53","modified_gmt":"2025-02-04T07:47:53","slug":"mocospace","status":"publish","type":"page","link":"https:\/\/strangercam.com\/pl\/mocospace\/","title":{"rendered":"MocoSpace"},"content":{"rendered":"<p>Szukasz platformy spo\u0142eczno\u015bciowej, na kt\u00f3rej mo\u017cesz <a href=\"https:\/\/strangercam.com\/pl\/chatroulette\/\">czat<\/a> z przyjaci\u00f3\u0142mi i cieszy\u0107 si\u0119 swobodnymi grami w podr\u00f3\u017cy? MocoSpace mo\u017ce by\u0107 idealnym rozwi\u0105zaniem. \u0141\u0105cz\u0105c funkcje spo\u0142eczno\u015bciowe z wbudowanym do\u015bwiadczeniem w grach, MocoSpace wyr\u00f3\u017cnia si\u0119 w\u015br\u00f3d tradycyjnych czat\u00f3w i aplikacji spo\u0142eczno\u015bciowych. Poni\u017cej om\u00f3wimy kluczowe funkcje MocoSpace, spos\u00f3b jego dzia\u0142ania i to, co sprawia, \u017ce jest to t\u0119tni\u0105ce \u017cyciem miejsce spotka\u0144 online.<\/p>\n<h2>Co to jest MocoSpace?<\/h2>\n<p>MocoSpace jest urz\u0105dzeniem mobilnym <strong>platforma spo\u0142eczno\u015bciowa<\/strong> kt\u00f3ry oferuje:<\/p>\n<ul>\n<li><strong>Pokoje rozm\u00f3w i fora<\/strong>: <a href=\"https:\/\/strangercam.com\/pl\/coomeet\/\">Spotkanie<\/a> poznawa\u0107 nowych ludzi lub spotyka\u0107 si\u0119 ze znajomymi na tematycznych czatach.<\/li>\n<li><strong>Gry spo\u0142eczno\u015bciowe<\/strong>: Ciesz si\u0119 gam\u0105 swobodnych gier przegl\u0105darkowych - idealnych do szybkiej rozrywki.<\/li>\n<li><strong>Profile u\u017cytkownik\u00f3w<\/strong>: Spersonalizuj swoj\u0105 przestrze\u0144 za pomoc\u0105 zdj\u0119\u0107, status\u00f3w i informacji osobistych.<\/li>\n<li><strong>Funkcje znajomych i obserwuj\u0105cych<\/strong>: \u0141\u0105cz si\u0119 z lud\u017ami na ca\u0142ym \u015bwiecie lub rozwijaj kr\u0105g bliskich znajomych online.<\/li>\n<\/ul>\n<p>Zaprojektowany z my\u015bl\u0105 o lekko\u015bci i \u0142atwo\u015bci obs\u0142ugi, MocoSpace dzia\u0142a p\u0142ynnie na r\u00f3\u017cnych urz\u0105dzeniach, zapewniaj\u0105c mo\u017cliwo\u015b\u0107 logowania si\u0119 w dowolnym miejscu.<\/p>\n<h2>Kluczowe cechy<\/h2>\n<h3>1. Pokoje rozm\u00f3w i wiadomo\u015bci<\/h3>\n<p>Sercem MocoSpace jest funkcja czatu:<\/p>\n<ul>\n<li><strong>Pokoje rozm\u00f3w grupowych<\/strong>: Do\u0142\u0105cz do czat\u00f3w tematycznych - sportowych, filmowych, a nawet lokalnych spotka\u0144 - aby znale\u017a\u0107 podobnie my\u015bl\u0105cych u\u017cytkownik\u00f3w.<\/li>\n<li><strong>Prywatne wiadomo\u015bci<\/strong>: Wymieniaj osobiste wiadomo\u015bci ze znajomymi lub nowymi kontaktami bez opuszczania platformy.<\/li>\n<li><strong><a href=\"https:\/\/strangercam.com\/pl\/rabbit-video-chat\/\">Wideo<\/a> i Voice (Limited)<\/strong>: Niekt\u00f3re funkcje umo\u017cliwiaj\u0105 przesy\u0142anie kr\u00f3tkich wiadomo\u015bci g\u0142osowych lub film\u00f3w, dzi\u0119ki czemu rozmowy staj\u0105 si\u0119 bardziej osobiste.<\/li>\n<\/ul>\n<h3>2. Gry spo\u0142eczno\u015bciowe<\/h3>\n<p>MocoSpace obs\u0142uguje r\u00f3\u017cne <strong>Gry oparte na HTML5<\/strong> Mo\u017cesz gra\u0107 solo lub rywalizowa\u0107:<\/p>\n<ul>\n<li><strong>Arcade Classics<\/strong>: Proste gry w stylu retro idealne na szybkie przerwy.<\/li>\n<li><strong>Strategia i odgrywanie r\u00f3l<\/strong>: Buduj sojusze, rozwijaj wirtualne kr\u00f3lestwa i wsp\u00f3\u0142pracuj z przyjaci\u00f3\u0142mi.<\/li>\n<li><strong>Tablice wynik\u00f3w<\/strong>: \u015aled\u017a swoje post\u0119py i rywalizuj z innymi graczami w swojej sieci.<\/li>\n<\/ul>\n<h3>3. Dostosowanie profilu<\/h3>\n<p>Tw\u00f3j profil MocoSpace dzia\u0142a jak osobista mini-strona:<\/p>\n<ul>\n<li><strong>Przesy\u0142anie zdj\u0119\u0107<\/strong>: Tw\u00f3rz albumy, aby zaprezentowa\u0107 najwa\u017cniejsze momenty swojego \u017cycia.<\/li>\n<li><strong>Bio i aktualizacje statusu<\/strong>: Poinformuj innych o swoich zamiarach lub aktualnym nastroju.<\/li>\n<li><strong>Motywy i sk\u00f3rki<\/strong>: Spersonalizuj wygl\u0105d swojej strony, aby si\u0119 wyr\u00f3\u017cni\u0107.<\/li>\n<\/ul>\n<h3>4. Cechy spo\u0142eczno\u015bci<\/h3>\n<p>MocoSpace integruje elementy spo\u0142eczno\u015bciowe, kt\u00f3re pomagaj\u0105 u\u017cytkownikom nawi\u0105zywa\u0107 g\u0142\u0119bsze kontakty:<\/p>\n<ul>\n<li><strong>Przyjaciele i obserwuj\u0105cy<\/strong>: Rozszerz swoj\u0105 sie\u0107, dodaj\u0105c u\u017cytkownik\u00f3w lub obserwuj\u0105c profile, kt\u00f3re podzielaj\u0105 Twoje zainteresowania.<\/li>\n<li><strong>Fora i grupy<\/strong>: Dyskusje na popularne tematy lub niszowe zainteresowania z dedykowanymi spo\u0142eczno\u015bciami.<\/li>\n<li><strong>Powiadomienia<\/strong>: B\u0105d\u017a na bie\u017c\u0105co z zaproszeniami do znajomych, zaproszeniami do grup i wyzwaniami w grach.<\/li>\n<\/ul>\n<h2>Jak dzia\u0142a MocoSpace<\/h2>\n<h3>1. Szybka rejestracja<\/h3>\n<p>Konto MocoSpace mo\u017cna utworzy\u0107 przy u\u017cyciu:<\/p>\n<ul>\n<li><strong>E-mail<\/strong>: Standardowa rejestracja krok po kroku.<\/li>\n<li><strong>Facebook\/Google<\/strong>: Opcje szybkiego logowania w celu po\u0142\u0105czenia kont w mediach spo\u0142eczno\u015bciowych.<\/li>\n<\/ul>\n<p>Po zarejestrowaniu si\u0119 mo\u017cesz edytowa\u0107 szczeg\u00f3\u0142y swojego profilu i wybra\u0107 zainteresowania grami lub preferowane pokoje rozm\u00f3w, aby rozpocz\u0105\u0107.<\/p>\n<h3>2. Znajdowanie przyjaci\u00f3\u0142 i zabawa<\/h3>\n<p>Kluczow\u0105 zalet\u0105 MocoSpace jest to, jak \u0142atwo mo\u017cna <strong>poznawa\u0107 nowych ludzi<\/strong>:<\/p>\n<ul>\n<li>Wyszukuj u\u017cytkownik\u00f3w wed\u0142ug wieku, lokalizacji lub wsp\u00f3lnych zainteresowa\u0144.<\/li>\n<li>Wskakuj na otwarte czaty o muzyce, filmach, grach i nie tylko.<\/li>\n<li>Do\u0142\u0105cz do lobby gry, aby znale\u017a\u0107 znajomych i rywalizowa\u0107 o najlepsze wyniki.<\/li>\n<\/ul>\n<h3>3. Zdobywanie poziom\u00f3w poprzez rozgrywk\u0119<\/h3>\n<p>Wiele <strong>Gry MocoSpace<\/strong> nagradza\u0107 punktami i odznakami:<\/p>\n<ul>\n<li>Zdobywaj walut\u0119 w grze, aby kupowa\u0107 ulepszenia lub bonusy.<\/li>\n<li>Skorzystaj z bonus\u00f3w w wydarzeniach lub ograniczonych czasowo wyzwa\u0144.<\/li>\n<li>Wspinaj si\u0119 w rankingach, aby pokaza\u0107 swoje umiej\u0119tno\u015bci w grach.<\/li>\n<\/ul>\n<h2>Bezpiecze\u0144stwo i umiar<\/h2>\n<p>Jak ka\u017cda sie\u0107 online, MocoSpace zajmuje si\u0119 potencjalnymi obawami dotycz\u0105cymi prywatno\u015bci i post\u0119powania:<\/p>\n<ul>\n<li><strong>Narz\u0119dzia blokowania i raportowania<\/strong>: Szybkie usuwanie niechcianych interakcji lub oznaczanie podejrzanych kont.<\/li>\n<li><strong>Wytyczne dla spo\u0142eczno\u015bci<\/strong>: Jasne zasady dotycz\u0105ce akceptowalnego zachowania, z mo\u017cliwo\u015bci\u0105 zawieszenia konta w przypadku ich naruszenia.<\/li>\n<li><strong>Kontrola prywatno\u015bci profilu<\/strong>: Ogranicz, kto mo\u017ce zobaczy\u0107 Twoje zdj\u0119cia, posty lub zaproszenia do czatu.<\/li>\n<\/ul>\n<h2>Monetyzacja i funkcje premium<\/h2>\n<p>MocoSpace to <strong><a href=\"https:\/\/strangercam.com\/pl\/chat4free\/\">darmowy<\/a> do\u0142\u0105czy\u0107<\/strong> i u\u017cytkowania, ale platforma oferuje r\u00f3wnie\u017c opcjonalne p\u0142atne aktualizacje:<\/p>\n<ul>\n<li><strong>Wirtualna waluta (Moco Gold)<\/strong>: Wydaj na ulepszenia awatara, ekskluzywne przedmioty do gry lub motywy profilu.<\/li>\n<li><strong>Do\u015bwiadczenie bez reklam<\/strong>: Usu\u0144 reklamy dla szybszego i czystszego przegl\u0105dania.<\/li>\n<li><strong>Specjalne korzy\u015bci<\/strong>: Dodatkowe prezenty lub bonusy w niekt\u00f3rych grach, dost\u0119pne za po\u015brednictwem zakup\u00f3w w aplikacji.<\/li>\n<\/ul>\n<h2>Plusy i minusy<\/h2>\n<p>\u017badna platforma nie jest idealna, a MocoSpace nie jest wyj\u0105tkiem. Oto zr\u00f3wnowa\u017cony wygl\u0105d:<\/p>\n<table>\n<thead>\n<tr>\n<th>Plusy<\/th>\n<th>Wady<\/th>\n<\/tr>\n<\/thead>\n<tbody>\n<tr>\n<td>\n<ul>\n<li>\u0141\u0105czy czat i gry spo\u0142eczno\u015bciowe w jednej aplikacji<\/li>\n<li>Przyjazny dla u\u017cytkownika i lekki, idealny do urz\u0105dze\u0144 mobilnych<\/li>\n<li>Oparty na spo\u0142eczno\u015bci, z wieloma forami opartymi na zainteresowaniach<\/li>\n<li>\u0141atwa rejestracja i szybkie wdro\u017cenie<\/li>\n<li>Darmowy, z opcjonalnymi elementami premium<\/li>\n<\/ul>\n<\/td>\n<td>\n<ul>\n<li>Pokoje czatowe mog\u0105 czasami zawiera\u0107 spam lub <a href=\"https:\/\/strangercam.com\/pl\/shagle\/\">doros\u0142y<\/a> zawarto\u015b\u0107<\/li>\n<li>Ograniczone zaawansowane ustawienia prywatno\u015bci w por\u00f3wnaniu do popularnych aplikacji spo\u0142eczno\u015bciowych<\/li>\n<li>Niekt\u00f3re funkcje premium mog\u0105 by\u0107 z czasem kosztowne<\/li>\n<li>Mniej zaawansowanych lub wci\u0105gaj\u0105cych gier w por\u00f3wnaniu do dedykowanych platform do gier<\/li>\n<\/ul>\n<\/td>\n<\/tr>\n<\/tbody>\n<\/table>\n<h2>Wskaz\u00f3wki, jak najlepiej wykorzysta\u0107 MocoSpace<\/h2>\n<h3>1. Dostosuj sw\u00f3j profil<\/h3>\n<p>Przyci\u0105gaj\u0105ce wzrok motywy i zwi\u0119z\u0142a biografia mog\u0105 pom\u00f3c ci przyci\u0105gn\u0105\u0107 znajomych lub partner\u00f3w do gry, kt\u00f3rzy podzielaj\u0105 twoje zainteresowania.<\/p>\n<h3>2. Do\u0142\u0105cz do aktywnych czat\u00f3w<\/h3>\n<p>Wpadaj do pokoj\u00f3w w godzinach szczytu, aby prowadzi\u0107 o\u017cywione dyskusje i szybciej nawi\u0105zywa\u0107 kontakty.<\/p>\n<h3>3. Poznaj r\u00f3\u017cne gry<\/h3>\n<p>Prze\u0142\u0105czanie si\u0119 mi\u0119dzy gatunkami mo\u017ce sprawi\u0107, \u017ce twoje do\u015bwiadczenie b\u0119dzie \u015bwie\u017ce i pomo\u017ce ci pozna\u0107 nowych ludzi.<\/p>\n<h3>4. Zachowanie etykiety online<\/h3>\n<p>Post\u0119puj zgodnie z wytycznymi i traktuj innych u\u017cytkownik\u00f3w z szacunkiem, aby wspiera\u0107 pozytywn\u0105, przyjemn\u0105 spo\u0142eczno\u015b\u0107.<\/p>\n<h2>Wnioski<\/h2>\n<p>MocoSpace oferuje wyj\u0105tkowe wra\u017cenia spo\u0142eczno\u015bciowe, \u0142\u0105cz\u0105c czat i gry na jednej, przyjaznej dla urz\u0105dze\u0144 mobilnych platformie. Niezale\u017cnie od tego, czy chcesz nawi\u0105za\u0107 rozmow\u0119 na czacie, rzuci\u0107 wyzwanie znajomym w swobodnych grach HTML5, czy og\u00f3lnie poszerzy\u0107 sw\u00f3j kr\u0105g znajomych, MocoSpace zapewnia narz\u0119dzia i dzia\u0142ania, kt\u00f3re sprawiaj\u0105, \u017ce do\u015bwiadczenie jest \u017cywe i wci\u0105gaj\u0105ce. Dzi\u0119ki przyjaznym dla u\u017cytkownika funkcjom i aktywnej globalnej spo\u0142eczno\u015bci, jest to zabawna opcja dla tych, kt\u00f3rzy chc\u0105 troch\u0119 dodatkowej rozrywki wraz z sieciami spo\u0142eczno\u015bciowymi. Je\u015bli jeste\u015b gotowy, aby pozna\u0107 nowych ludzi i cieszy\u0107 si\u0119 lekk\u0105 gr\u0105, wypr\u00f3buj MocoSpace.<\/p>","protected":false},"excerpt":{"rendered":"<p>Looking for a social platform where you can both chat with friends and enjoy casual games on the go? MocoSpace might just be the perfect fit. Combining community-driven features with a built-in gaming experience, MocoSpace stands out among traditional chat and social networking apps. Below, we\u2019ll explore MocoSpace\u2019s key features, how it works, and what [&hellip;]<\/p>\n","protected":false},"author":6,"featured_media":0,"parent":0,"menu_order":0,"comment_status":"closed","ping_status":"closed","template":"","meta":{"footnotes":""},"class_list":["post-8708","page","type-page","status-publish","hentry"],"yoast_head":"<!-- This site is optimized with the Yoast SEO plugin v26.9 - https:\/\/yoast.com\/product\/yoast-seo-wordpress\/ -->\n<title>MocoSpace - Anonymous Chat For Two - StrangerCam.com<\/title>\n<meta name=\"description\" content=\"Like MocoSpace? Come chat with more than 5.000.000 strangers on Stranger Cam for Free! Turn on your cam and find new friends &amp; maby a match!\" \/>\n<meta name=\"robots\" content=\"index, follow, max-snippet:-1, max-image-preview:large, max-video-preview:-1\" \/>\n<link rel=\"canonical\" href=\"https:\/\/strangercam.com\/pl\/mocospace\/\" \/>\n<meta property=\"og:locale\" content=\"pl_PL\" \/>\n<meta property=\"og:type\" content=\"article\" \/>\n<meta property=\"og:title\" content=\"MocoSpace - Anonymous Chat For Two - StrangerCam.com\" \/>\n<meta property=\"og:description\" content=\"Like MocoSpace? Come chat with more than 5.000.000 strangers on Stranger Cam for Free! Turn on your cam and find new friends &amp; maby a match!\" \/>\n<meta property=\"og:url\" content=\"https:\/\/strangercam.com\/pl\/mocospace\/\" \/>\n<meta property=\"og:site_name\" content=\"Strangercam\" \/>\n<meta property=\"article:publisher\" content=\"https:\/\/www.facebook.com\/strangercam\" \/>\n<meta property=\"article:modified_time\" content=\"2025-02-04T07:47:53+00:00\" \/>\n<meta property=\"og:image\" content=\"https:\/\/strangercam.com\/wp-content\/uploads\/2021\/10\/Untitled-2.png\" \/>\n\t<meta property=\"og:image:width\" content=\"800\" \/>\n\t<meta property=\"og:image:height\" content=\"532\" \/>\n\t<meta property=\"og:image:type\" content=\"image\/png\" \/>\n<meta name=\"twitter:card\" content=\"summary_large_image\" \/>\n<meta name=\"twitter:site\" content=\"@strangercamapp\" \/>\n<meta name=\"twitter:label1\" content=\"Szacowany czas czytania\" \/>\n\t<meta name=\"twitter:data1\" content=\"4 minuty\" \/>\n<script type=\"application\/ld+json\" class=\"yoast-schema-graph\">{\"@context\":\"https:\/\/schema.org\",\"@graph\":[{\"@type\":\"WebPage\",\"@id\":\"https:\/\/strangercam.com\/mocospace\/\",\"url\":\"https:\/\/strangercam.com\/mocospace\/\",\"name\":\"MocoSpace - Anonymous Chat For Two - StrangerCam.com\",\"isPartOf\":{\"@id\":\"https:\/\/strangercam.com\/#website\"},\"datePublished\":\"2021-10-27T07:29:55+00:00\",\"dateModified\":\"2025-02-04T07:47:53+00:00\",\"description\":\"Like MocoSpace? Come chat with more than 5.000.000 strangers on Stranger Cam for Free! Turn on your cam and find new friends & maby a match!\",\"breadcrumb\":{\"@id\":\"https:\/\/strangercam.com\/mocospace\/#breadcrumb\"},\"inLanguage\":\"pl-PL\",\"potentialAction\":[{\"@type\":\"ReadAction\",\"target\":[\"https:\/\/strangercam.com\/mocospace\/\"]}]},{\"@type\":\"BreadcrumbList\",\"@id\":\"https:\/\/strangercam.com\/mocospace\/#breadcrumb\",\"itemListElement\":[{\"@type\":\"ListItem\",\"position\":1,\"name\":\"Home\",\"item\":\"https:\/\/strangercam.com\/\"},{\"@type\":\"ListItem\",\"position\":2,\"name\":\"MocoSpace\"}]},{\"@type\":\"WebSite\",\"@id\":\"https:\/\/strangercam.com\/#website\",\"url\":\"https:\/\/strangercam.com\/\",\"name\":\"Strangercam\",\"description\":\"Random Video Chat with Strangers\",\"publisher\":{\"@id\":\"https:\/\/strangercam.com\/#organization\"},\"alternateName\":\"Strangercam.com\",\"potentialAction\":[{\"@type\":\"SearchAction\",\"target\":{\"@type\":\"EntryPoint\",\"urlTemplate\":\"https:\/\/strangercam.com\/?s={search_term_string}\"},\"query-input\":{\"@type\":\"PropertyValueSpecification\",\"valueRequired\":true,\"valueName\":\"search_term_string\"}}],\"inLanguage\":\"pl-PL\"},{\"@type\":\"Organization\",\"@id\":\"https:\/\/strangercam.com\/#organization\",\"name\":\"Strangercam\",\"alternateName\":\"Strangercam.com\",\"url\":\"https:\/\/strangercam.com\/\",\"logo\":{\"@type\":\"ImageObject\",\"inLanguage\":\"pl-PL\",\"@id\":\"https:\/\/strangercam.com\/#\/schema\/logo\/image\/\",\"url\":\"https:\/\/strangercam.com\/wp-content\/uploads\/2020\/11\/cropped-new-favicon-black.png\",\"contentUrl\":\"https:\/\/strangercam.com\/wp-content\/uploads\/2020\/11\/cropped-new-favicon-black.png\",\"width\":512,\"height\":512,\"caption\":\"Strangercam\"},\"image\":{\"@id\":\"https:\/\/strangercam.com\/#\/schema\/logo\/image\/\"},\"sameAs\":[\"https:\/\/www.facebook.com\/strangercam\",\"https:\/\/x.com\/strangercamapp\"]}]}<\/script>\n<!-- \/ Yoast SEO plugin. -->","yoast_head_json":{"title":"MocoSpace - Anonimowy czat dla dwojga - StrangerCam.com","description":"Jak MocoSpace? Przyjd\u017a na czat z ponad 5.000.000 nieznajomych na Stranger Cam za darmo! W\u0142\u0105cz kamer\u0119 i znajd\u017a nowych przyjaci\u00f3\u0142 i mo\u017ce mecz!","robots":{"index":"index","follow":"follow","max-snippet":"max-snippet:-1","max-image-preview":"max-image-preview:large","max-video-preview":"max-video-preview:-1"},"canonical":"https:\/\/strangercam.com\/pl\/mocospace\/","og_locale":"pl_PL","og_type":"article","og_title":"MocoSpace - Anonymous Chat For Two - StrangerCam.com","og_description":"Like MocoSpace? Come chat with more than 5.000.000 strangers on Stranger Cam for Free! Turn on your cam and find new friends & maby a match!","og_url":"https:\/\/strangercam.com\/pl\/mocospace\/","og_site_name":"Strangercam","article_publisher":"https:\/\/www.facebook.com\/strangercam","article_modified_time":"2025-02-04T07:47:53+00:00","og_image":[{"width":800,"height":532,"url":"https:\/\/strangercam.com\/wp-content\/uploads\/2021\/10\/Untitled-2.png","type":"image\/png"}],"twitter_card":"summary_large_image","twitter_site":"@strangercamapp","twitter_misc":{"Szacowany czas czytania":"4 minuty"},"schema":{"@context":"https:\/\/schema.org","@graph":[{"@type":"WebPage","@id":"https:\/\/strangercam.com\/mocospace\/","url":"https:\/\/strangercam.com\/mocospace\/","name":"MocoSpace - Anonimowy czat dla dwojga - StrangerCam.com","isPartOf":{"@id":"https:\/\/strangercam.com\/#website"},"datePublished":"2021-10-27T07:29:55+00:00","dateModified":"2025-02-04T07:47:53+00:00","description":"Jak MocoSpace? Przyjd\u017a na czat z ponad 5.000.000 nieznajomych na Stranger Cam za darmo! W\u0142\u0105cz kamer\u0119 i znajd\u017a nowych przyjaci\u00f3\u0142 i mo\u017ce mecz!","breadcrumb":{"@id":"https:\/\/strangercam.com\/mocospace\/#breadcrumb"},"inLanguage":"pl-PL","potentialAction":[{"@type":"ReadAction","target":["https:\/\/strangercam.com\/mocospace\/"]}]},{"@type":"BreadcrumbList","@id":"https:\/\/strangercam.com\/mocospace\/#breadcrumb","itemListElement":[{"@type":"ListItem","position":1,"name":"Home","item":"https:\/\/strangercam.com\/"},{"@type":"ListItem","position":2,"name":"MocoSpace"}]},{"@type":"WebSite","@id":"https:\/\/strangercam.com\/#website","url":"https:\/\/strangercam.com\/","name":"Strangercam","description":"Losowy czat wideo z nieznajomymi","publisher":{"@id":"https:\/\/strangercam.com\/#organization"},"alternateName":"Strangercam.com","potentialAction":[{"@type":"SearchAction","target":{"@type":"EntryPoint","urlTemplate":"https:\/\/strangercam.com\/?s={search_term_string}"},"query-input":{"@type":"PropertyValueSpecification","valueRequired":true,"valueName":"search_term_string"}}],"inLanguage":"pl-PL"},{"@type":"Organization","@id":"https:\/\/strangercam.com\/#organization","name":"Strangercam","alternateName":"Strangercam.com","url":"https:\/\/strangercam.com\/","logo":{"@type":"ImageObject","inLanguage":"pl-PL","@id":"https:\/\/strangercam.com\/#\/schema\/logo\/image\/","url":"https:\/\/strangercam.com\/wp-content\/uploads\/2020\/11\/cropped-new-favicon-black.png","contentUrl":"https:\/\/strangercam.com\/wp-content\/uploads\/2020\/11\/cropped-new-favicon-black.png","width":512,"height":512,"caption":"Strangercam"},"image":{"@id":"https:\/\/strangercam.com\/#\/schema\/logo\/image\/"},"sameAs":["https:\/\/www.facebook.com\/strangercam","https:\/\/x.com\/strangercamapp"]}]}},"_links":{"self":[{"href":"https:\/\/strangercam.com\/pl\/wp-json\/wp\/v2\/pages\/8708","targetHints":{"allow":["GET"]}}],"collection":[{"href":"https:\/\/strangercam.com\/pl\/wp-json\/wp\/v2\/pages"}],"about":[{"href":"https:\/\/strangercam.com\/pl\/wp-json\/wp\/v2\/types\/page"}],"author":[{"embeddable":true,"href":"https:\/\/strangercam.com\/pl\/wp-json\/wp\/v2\/users\/6"}],"replies":[{"embeddable":true,"href":"https:\/\/strangercam.com\/pl\/wp-json\/wp\/v2\/comments?post=8708"}],"version-history":[{"count":1,"href":"https:\/\/strangercam.com\/pl\/wp-json\/wp\/v2\/pages\/8708\/revisions"}],"predecessor-version":[{"id":12690,"href":"https:\/\/strangercam.com\/pl\/wp-json\/wp\/v2\/pages\/8708\/revisions\/12690"}],"wp:attachment":[{"href":"https:\/\/strangercam.com\/pl\/wp-json\/wp\/v2\/media?parent=8708"}],"curies":[{"name":"wp","href":"https:\/\/api.w.org\/{rel}","templated":true}]}}