{"id":8647,"date":"2021-10-26T09:38:47","date_gmt":"2021-10-26T07:38:47","guid":{"rendered":"https:\/\/strangercam.com\/?page_id=8647"},"modified":"2023-08-21T11:40:39","modified_gmt":"2023-08-21T09:40:39","slug":"chatib","status":"publish","type":"page","link":"https:\/\/strangercam.com\/pl\/chatib\/","title":{"rendered":"Chatib"},"content":{"rendered":"<p>Je\u015bli jeste\u015b introwertykiem, \u017cycie mo\u017ce by\u0107 do\u015b\u0107 trudne. Mo\u017cesz mie\u0107 bardzo ograniczony kr\u0105g znajomych. W dzisiejszych czasach networking oferuje wiele korzy\u015bci, zw\u0142aszcza je\u015bli chodzi o poszukiwanie pracy. Introwertycy musz\u0105 wykaza\u0107 si\u0119 si\u0142\u0105 i inicjatyw\u0105. Aby osi\u0105gn\u0105\u0107 sukces, musisz stworzy\u0107 osobist\u0105 relacj\u0119. W tym celu b\u0119dziesz potrzebowa\u0142 wi\u0119cej umiej\u0119tno\u015bci towarzyskich. Mo\u017cesz zalogowa\u0107 si\u0119 na <a href=\"https:\/\/strangercam.com\/pl\/chatroulette\/\">czat<\/a> portale takie jak chatib, aby dobrze si\u0119 bawi\u0107.<\/p>\n<p><strong>Wskaz\u00f3wki, kt\u00f3rych nale\u017cy przestrzega\u0107, aby cieszy\u0107 si\u0119 sesj\u0105 czatu na chatib<\/strong><\/p>\n<ul>\n<li style=\"font-weight: 400;\" aria-level=\"1\">Ujarzmij natur\u0119: Og\u00f3lnie rzecz bior\u0105c, kobiety s\u0105 z natury nie\u015bmia\u0142e, co jest ca\u0142kiem normalne. Ale w przypadku m\u0119\u017cczyzn jest zupe\u0142nie inaczej, zw\u0142aszcza tych, kt\u00f3rzy nie s\u0105 towarzyscy. Musisz najpierw poczu\u0107 si\u0119 komfortowo z samym sob\u0105. <a href=\"https:\/\/strangercam.com\/pl\/only2chat\/\">Tylko<\/a> Wtedy inni zauwa\u017c\u0105, \u017ce jeste\u015b pewny siebie i zrobi\u0105 pierwsze podej\u015bcie.<\/li>\n<li style=\"font-weight: 400;\" aria-level=\"1\">Nie trzeba by\u0107 gadatliwym: Niekt\u00f3rzy introwertycy unikaj\u0105 rozm\u00f3w, zw\u0142aszcza w\u015br\u00f3d nieznajomych. Aby wpasowa\u0107 si\u0119 w nieznany kr\u0105g, nie trzeba ca\u0142y czas rozmawia\u0107. Po prostu zrelaksuj si\u0119 i id\u017a z pr\u0105dem. Po prostu nie wahaj si\u0119 odpowiedzie\u0107.<\/li>\n<li style=\"font-weight: 400;\" aria-level=\"1\">S\u0142uchaj i odpowiednio reaguj: Wiadomo, \u017ce ekstrawertycy dobrze reaguj\u0105 na wszystkie zadawane im pytania. Ale introwertykom trudno jest odpowiedzie\u0107, poniewa\u017c najpierw s\u0142uchaj\u0105, a potem du\u017co my\u015bl\u0105. Aby by\u0107 po w\u0142a\u015bciwej stronie, nie musisz by\u0107 ekstremist\u0105. Wystarczy s\u0142ucha\u0107 tego, co m\u00f3wi druga osoba i odpowiednio reagowa\u0107.<\/li>\n<li style=\"font-weight: 400;\" aria-level=\"1\">Wybierz miejsce: Najlepsze miejsce do <a href=\"https:\/\/strangercam.com\/pl\/coomeet\/\">spotkanie<\/a> nowi ludzie s\u0105 online <a href=\"https:\/\/strangercam.com\/pl\/chatingly\/\">czat<\/a> portale takie jak chatib. S\u0105 one uwa\u017cane za doskona\u0142y spos\u00f3b na rozpocz\u0119cie rozmowy dla wszystkich introwertyk\u00f3w. Mo\u017cesz wybra\u0107 dowolny temat do dyskusji z podobnie my\u015bl\u0105cymi lud\u017ami.<\/li>\n<li style=\"font-weight: 400;\" aria-level=\"1\">Praktyka: Mo\u017cesz pod\u0105\u017ca\u0107 za ka\u017cd\u0105 osob\u0105, kt\u00f3ra wykazuje odpowiednie umiej\u0119tno\u015bci, aby poradzi\u0107 sobie w ka\u017cdej konkretnej sytuacji. Zawsze prowad\u017a interesuj\u0105ce rozmowy i staraj si\u0119 poszerza\u0107 kr\u0105g znajomych. Z czasem z pewno\u015bci\u0105 b\u0119dziesz cieszy\u0107 si\u0119 posiadaniem ogromnej bazy przyjaci\u00f3\u0142.<\/li>\n<li style=\"font-weight: 400;\" aria-level=\"1\">Poka\u017c swoje mocne strony: Czy jeste\u015b szczery i potrafisz s\u0142ucha\u0107? Prawda jest taka, \u017ce nie da si\u0119 zosta\u0107 ekstrawertykiem z dnia na dzie\u0144. Jednak z pewno\u015bci\u0105 zab\u0142y\u015bniesz swoimi prawdziwymi mocnymi stronami posiadanymi przed innymi, niezale\u017cnie od tego, kim jeste\u015b.<\/li>\n<li style=\"font-weight: 400;\" aria-level=\"1\">Zosta\u0144 cz\u0142onkiem grupy. Nieliczni znaj\u0105 w\u0142a\u015bciwe techniki zabawiania ludzi. Je\u015bli nie czujesz si\u0119 komfortowo, po prostu unikaj tej grupy. Poszukaj grupy, kt\u00f3ra ma podobne zainteresowania. W przeciwnym razie zawsze znajdziesz si\u0119 w k\u0105cie i zostaniesz odsuni\u0119ty na bok przez innych.<\/li>\n<\/ul>\n<p>Z chatib nigdy nie mo\u017cesz si\u0119 pomyli\u0107!<\/p>","protected":false},"excerpt":{"rendered":"<p>If you are introverted, then life can be quite difficult. You may have a very limited friend circle. In today\u2019s age, networking does offer lots of benefits especially when it comes to seeking jobs. Introverts are required to display strength and initiative. You need to create a personal relationship to achieve success. For this, you [&hellip;]<\/p>\n","protected":false},"author":6,"featured_media":559,"parent":0,"menu_order":0,"comment_status":"closed","ping_status":"closed","template":"","meta":{"footnotes":""},"class_list":["post-8647","page","type-page","status-publish","has-post-thumbnail","hentry"],"yoast_head":"<!-- This site is optimized with the Yoast SEO plugin v26.9 - https:\/\/yoast.com\/product\/yoast-seo-wordpress\/ -->\n<title>Chatib - Anonymous Chat For Two - Cam on StrangerCam.com<\/title>\n<meta name=\"description\" content=\"Like Chatib? Come chat with more than 5.000.000 strangers on Stranger Cam for Free! Turn on your cam and find new friends &amp; maby a match!\" \/>\n<meta name=\"robots\" content=\"index, follow, max-snippet:-1, max-image-preview:large, max-video-preview:-1\" \/>\n<link rel=\"canonical\" href=\"https:\/\/strangercam.com\/pl\/chatib\/\" \/>\n<meta property=\"og:locale\" content=\"pl_PL\" \/>\n<meta property=\"og:type\" content=\"article\" \/>\n<meta property=\"og:title\" content=\"Chatib - Anonymous Chat For Two - Cam on StrangerCam.com\" \/>\n<meta property=\"og:description\" content=\"Like Chatib? Come chat with more than 5.000.000 strangers on Stranger Cam for Free! Turn on your cam and find new friends &amp; maby a match!\" \/>\n<meta property=\"og:url\" content=\"https:\/\/strangercam.com\/pl\/chatib\/\" \/>\n<meta property=\"og:site_name\" content=\"Strangercam\" \/>\n<meta property=\"article:publisher\" content=\"https:\/\/www.facebook.com\/strangercam\" \/>\n<meta property=\"article:modified_time\" content=\"2023-08-21T09:40:39+00:00\" \/>\n<meta property=\"og:image\" content=\"https:\/\/strangercam.com\/wp-content\/uploads\/2020\/11\/stranger-cam-1.png\" \/>\n\t<meta property=\"og:image:width\" content=\"800\" \/>\n\t<meta property=\"og:image:height\" content=\"800\" \/>\n\t<meta property=\"og:image:type\" content=\"image\/png\" \/>\n<meta name=\"twitter:card\" content=\"summary_large_image\" \/>\n<meta name=\"twitter:site\" content=\"@strangercamapp\" \/>\n<meta name=\"twitter:label1\" content=\"Szacowany czas czytania\" \/>\n\t<meta name=\"twitter:data1\" content=\"2 minuty\" \/>\n<script type=\"application\/ld+json\" class=\"yoast-schema-graph\">{\"@context\":\"https:\/\/schema.org\",\"@graph\":[{\"@type\":\"WebPage\",\"@id\":\"https:\/\/strangercam.com\/chatib\/\",\"url\":\"https:\/\/strangercam.com\/chatib\/\",\"name\":\"Chatib - Anonymous Chat For Two - Cam on StrangerCam.com\",\"isPartOf\":{\"@id\":\"https:\/\/strangercam.com\/#website\"},\"primaryImageOfPage\":{\"@id\":\"https:\/\/strangercam.com\/chatib\/#primaryimage\"},\"image\":{\"@id\":\"https:\/\/strangercam.com\/chatib\/#primaryimage\"},\"thumbnailUrl\":\"https:\/\/strangercam.com\/wp-content\/uploads\/2020\/11\/stranger-cam-1.png\",\"datePublished\":\"2021-10-26T07:38:47+00:00\",\"dateModified\":\"2023-08-21T09:40:39+00:00\",\"description\":\"Like Chatib? Come chat with more than 5.000.000 strangers on Stranger Cam for Free! Turn on your cam and find new friends & maby a match!\",\"breadcrumb\":{\"@id\":\"https:\/\/strangercam.com\/chatib\/#breadcrumb\"},\"inLanguage\":\"pl-PL\",\"potentialAction\":[{\"@type\":\"ReadAction\",\"target\":[\"https:\/\/strangercam.com\/chatib\/\"]}]},{\"@type\":\"ImageObject\",\"inLanguage\":\"pl-PL\",\"@id\":\"https:\/\/strangercam.com\/chatib\/#primaryimage\",\"url\":\"https:\/\/strangercam.com\/wp-content\/uploads\/2020\/11\/stranger-cam-1.png\",\"contentUrl\":\"https:\/\/strangercam.com\/wp-content\/uploads\/2020\/11\/stranger-cam-1.png\",\"width\":800,\"height\":800,\"caption\":\"stranger cam random video chat\"},{\"@type\":\"BreadcrumbList\",\"@id\":\"https:\/\/strangercam.com\/chatib\/#breadcrumb\",\"itemListElement\":[{\"@type\":\"ListItem\",\"position\":1,\"name\":\"Home\",\"item\":\"https:\/\/strangercam.com\/\"},{\"@type\":\"ListItem\",\"position\":2,\"name\":\"Chatib\"}]},{\"@type\":\"WebSite\",\"@id\":\"https:\/\/strangercam.com\/#website\",\"url\":\"https:\/\/strangercam.com\/\",\"name\":\"Strangercam\",\"description\":\"Random Video Chat with Strangers\",\"publisher\":{\"@id\":\"https:\/\/strangercam.com\/#organization\"},\"alternateName\":\"Strangercam.com\",\"potentialAction\":[{\"@type\":\"SearchAction\",\"target\":{\"@type\":\"EntryPoint\",\"urlTemplate\":\"https:\/\/strangercam.com\/?s={search_term_string}\"},\"query-input\":{\"@type\":\"PropertyValueSpecification\",\"valueRequired\":true,\"valueName\":\"search_term_string\"}}],\"inLanguage\":\"pl-PL\"},{\"@type\":\"Organization\",\"@id\":\"https:\/\/strangercam.com\/#organization\",\"name\":\"Strangercam\",\"alternateName\":\"Strangercam.com\",\"url\":\"https:\/\/strangercam.com\/\",\"logo\":{\"@type\":\"ImageObject\",\"inLanguage\":\"pl-PL\",\"@id\":\"https:\/\/strangercam.com\/#\/schema\/logo\/image\/\",\"url\":\"https:\/\/strangercam.com\/wp-content\/uploads\/2020\/11\/cropped-new-favicon-black.png\",\"contentUrl\":\"https:\/\/strangercam.com\/wp-content\/uploads\/2020\/11\/cropped-new-favicon-black.png\",\"width\":512,\"height\":512,\"caption\":\"Strangercam\"},\"image\":{\"@id\":\"https:\/\/strangercam.com\/#\/schema\/logo\/image\/\"},\"sameAs\":[\"https:\/\/www.facebook.com\/strangercam\",\"https:\/\/x.com\/strangercamapp\"]}]}<\/script>\n<!-- \/ Yoast SEO plugin. -->","yoast_head_json":{"title":"Chatib - Anonimowy czat dla dwojga - Kamera na StrangerCam.com","description":"Jak Chatib? Przyjd\u017a na czat z ponad 5.000.000 nieznajomych na Stranger Cam za darmo! W\u0142\u0105cz kamer\u0119 i znajd\u017a nowych przyjaci\u00f3\u0142 i mo\u017ce mecz!","robots":{"index":"index","follow":"follow","max-snippet":"max-snippet:-1","max-image-preview":"max-image-preview:large","max-video-preview":"max-video-preview:-1"},"canonical":"https:\/\/strangercam.com\/pl\/chatib\/","og_locale":"pl_PL","og_type":"article","og_title":"Chatib - Anonymous Chat For Two - Cam on StrangerCam.com","og_description":"Like Chatib? Come chat with more than 5.000.000 strangers on Stranger Cam for Free! Turn on your cam and find new friends & maby a match!","og_url":"https:\/\/strangercam.com\/pl\/chatib\/","og_site_name":"Strangercam","article_publisher":"https:\/\/www.facebook.com\/strangercam","article_modified_time":"2023-08-21T09:40:39+00:00","og_image":[{"width":800,"height":800,"url":"https:\/\/strangercam.com\/wp-content\/uploads\/2020\/11\/stranger-cam-1.png","type":"image\/png"}],"twitter_card":"summary_large_image","twitter_site":"@strangercamapp","twitter_misc":{"Szacowany czas czytania":"2 minuty"},"schema":{"@context":"https:\/\/schema.org","@graph":[{"@type":"WebPage","@id":"https:\/\/strangercam.com\/chatib\/","url":"https:\/\/strangercam.com\/chatib\/","name":"Chatib - Anonimowy czat dla dwojga - Kamera na StrangerCam.com","isPartOf":{"@id":"https:\/\/strangercam.com\/#website"},"primaryImageOfPage":{"@id":"https:\/\/strangercam.com\/chatib\/#primaryimage"},"image":{"@id":"https:\/\/strangercam.com\/chatib\/#primaryimage"},"thumbnailUrl":"https:\/\/strangercam.com\/wp-content\/uploads\/2020\/11\/stranger-cam-1.png","datePublished":"2021-10-26T07:38:47+00:00","dateModified":"2023-08-21T09:40:39+00:00","description":"Jak Chatib? Przyjd\u017a na czat z ponad 5.000.000 nieznajomych na Stranger Cam za darmo! W\u0142\u0105cz kamer\u0119 i znajd\u017a nowych przyjaci\u00f3\u0142 i mo\u017ce mecz!","breadcrumb":{"@id":"https:\/\/strangercam.com\/chatib\/#breadcrumb"},"inLanguage":"pl-PL","potentialAction":[{"@type":"ReadAction","target":["https:\/\/strangercam.com\/chatib\/"]}]},{"@type":"ImageObject","inLanguage":"pl-PL","@id":"https:\/\/strangercam.com\/chatib\/#primaryimage","url":"https:\/\/strangercam.com\/wp-content\/uploads\/2020\/11\/stranger-cam-1.png","contentUrl":"https:\/\/strangercam.com\/wp-content\/uploads\/2020\/11\/stranger-cam-1.png","width":800,"height":800,"caption":"stranger cam random video chat"},{"@type":"BreadcrumbList","@id":"https:\/\/strangercam.com\/chatib\/#breadcrumb","itemListElement":[{"@type":"ListItem","position":1,"name":"Home","item":"https:\/\/strangercam.com\/"},{"@type":"ListItem","position":2,"name":"Chatib"}]},{"@type":"WebSite","@id":"https:\/\/strangercam.com\/#website","url":"https:\/\/strangercam.com\/","name":"Strangercam","description":"Losowy czat wideo z nieznajomymi","publisher":{"@id":"https:\/\/strangercam.com\/#organization"},"alternateName":"Strangercam.com","potentialAction":[{"@type":"SearchAction","target":{"@type":"EntryPoint","urlTemplate":"https:\/\/strangercam.com\/?s={search_term_string}"},"query-input":{"@type":"PropertyValueSpecification","valueRequired":true,"valueName":"search_term_string"}}],"inLanguage":"pl-PL"},{"@type":"Organization","@id":"https:\/\/strangercam.com\/#organization","name":"Strangercam","alternateName":"Strangercam.com","url":"https:\/\/strangercam.com\/","logo":{"@type":"ImageObject","inLanguage":"pl-PL","@id":"https:\/\/strangercam.com\/#\/schema\/logo\/image\/","url":"https:\/\/strangercam.com\/wp-content\/uploads\/2020\/11\/cropped-new-favicon-black.png","contentUrl":"https:\/\/strangercam.com\/wp-content\/uploads\/2020\/11\/cropped-new-favicon-black.png","width":512,"height":512,"caption":"Strangercam"},"image":{"@id":"https:\/\/strangercam.com\/#\/schema\/logo\/image\/"},"sameAs":["https:\/\/www.facebook.com\/strangercam","https:\/\/x.com\/strangercamapp"]}]}},"_links":{"self":[{"href":"https:\/\/strangercam.com\/pl\/wp-json\/wp\/v2\/pages\/8647","targetHints":{"allow":["GET"]}}],"collection":[{"href":"https:\/\/strangercam.com\/pl\/wp-json\/wp\/v2\/pages"}],"about":[{"href":"https:\/\/strangercam.com\/pl\/wp-json\/wp\/v2\/types\/page"}],"author":[{"embeddable":true,"href":"https:\/\/strangercam.com\/pl\/wp-json\/wp\/v2\/users\/6"}],"replies":[{"embeddable":true,"href":"https:\/\/strangercam.com\/pl\/wp-json\/wp\/v2\/comments?post=8647"}],"version-history":[{"count":0,"href":"https:\/\/strangercam.com\/pl\/wp-json\/wp\/v2\/pages\/8647\/revisions"}],"wp:featuredmedia":[{"embeddable":true,"href":"https:\/\/strangercam.com\/pl\/wp-json\/wp\/v2\/media\/559"}],"wp:attachment":[{"href":"https:\/\/strangercam.com\/pl\/wp-json\/wp\/v2\/media?parent=8647"}],"curies":[{"name":"wp","href":"https:\/\/api.w.org\/{rel}","templated":true}]}}