{"id":8588,"date":"2021-10-18T11:30:39","date_gmt":"2021-10-18T09:30:39","guid":{"rendered":"https:\/\/strangercam.com\/?page_id=8588"},"modified":"2023-08-21T12:47:57","modified_gmt":"2023-08-21T10:47:57","slug":"wireclub","status":"publish","type":"page","link":"https:\/\/strangercam.com\/pl\/wireclub\/","title":{"rendered":"Wireclub"},"content":{"rendered":"<p>By\u0107 mo\u017ce s\u0142ysza\u0142e\u015b, jak twoi znajomi chwalili si\u0119, \u017ce maj\u0105 kilka online <a href=\"https:\/\/strangercam.com\/pl\/chatroulette\/\">czat<\/a> kont i nawi\u0105zywania nowych znajomo\u015bci. Jest to wystarczaj\u0105co dobre, aby zach\u0119ci\u0107 Ci\u0119 do otwarcia konta w wireclub i rozpocz\u0119cia czatowania z podobnie my\u015bl\u0105cymi lud\u017ami. Z pewno\u015bci\u0105 spodoba ci si\u0119 do\u015bwiadczenie i dreszczyk emocji, kt\u00f3re b\u0119dziesz czerpa\u0107 z czatowania online z nieznajomymi. Jest to co\u015b, czego nie da si\u0119 wyja\u015bni\u0107, ale co mo\u017cna poczu\u0107 osobi\u015bcie.<\/p>\n<p>Czy kiedykolwiek my\u015bla\u0142e\u015b o nawi\u0105zywaniu nowych znajomo\u015bci na ca\u0142ym \u015bwiecie? Je\u015bli nie, to nadszed\u0142 czas, aby pomy\u015ble\u0107 o tym fantastycznym do\u015bwiadczeniu. Dobrze jest nawet pomy\u015ble\u0107 o osobie, z kt\u00f3r\u0105 mo\u017cna porozmawia\u0107 o wszystkim bez \u017cadnych obaw. Wireclub daje ci t\u0119 fantastyczn\u0105 mo\u017cliwo\u015b\u0107.<br \/>\nWireclub pozwala wybiera\u0107 spo\u015br\u00f3d setek darmowych czat\u00f3w. Mo\u017cesz r\u00f3wnie\u017c dotrze\u0107 do swoich wiadomo\u015bci i czat\u00f3w. Inni ludzie do\u0142\u0105cz\u0105 do Twojego czatu i b\u0119dziesz m\u00f3g\u0142 z nimi rozmawia\u0107.<\/p>\n<p>Na co wi\u0119c czekasz? Zarejestruj si\u0119 od razu!<\/p>\n<h2>Korzystanie z sesji czatu<\/h2>\n<p>Chocia\u017c telefony kom\u00f3rkowe s\u0105 obecne do czatowania, do\u015b\u0107 rzadko zdarza si\u0119, \u017ce natkniesz si\u0119 na kogo\u015b, kogo nie znasz w swojej sieci. Co wi\u0119cej, dzwonienie do zagranicznych znajomych oznacza konieczno\u015b\u0107 zap\u0142acenia ogromnego rachunku. Ale dzi\u0119ki czatom online mo\u017cesz rozmawia\u0107 za darmo.<br \/>\nNiekt\u00f3re portale, takie jak Wireclub, umo\u017cliwiaj\u0105 r\u00f3wnie\u017c <a href=\"https:\/\/strangercam.com\/pl\/rabbit-video-chat\/\">wideo<\/a> czat. Oznacza to, \u017ce oboje mo\u017cecie widzie\u0107 si\u0119 w czasie rzeczywistym i rozmawia\u0107 bez \u017cadnych zak\u0142\u00f3ce\u0144. Nie musisz te\u017c martwi\u0107 si\u0119 zawy\u017conymi rachunkami telefonicznymi. Wszystko jest tutaj dost\u0119pne. Mo\u017cesz zadzwoni\u0107 do ka\u017cdego, nie martwi\u0105c si\u0119 o wysokie rachunki.<\/p>\n<h2>Tryb anonimowy<\/h2>\n<p>\u0141atwo jest rozmawia\u0107 z lud\u017ami, kt\u00f3rych znamy. Jednak zaobserwowano, \u017ce ludzie cz\u0119sto s\u0105 rozczarowani, gdy pr\u00f3buj\u0105 dzieli\u0107 si\u0119 swoj\u0105 rzeczywist\u0105 istot\u0105 i szczerymi emocjami z innymi lud\u017ami wok\u00f3\u0142 nich. To smutna rzeczywisto\u015b\u0107.<\/p>\n<p>Wireclub do\u0142o\u017cy\u0142o wszelkich stara\u0144, aby wyeliminowa\u0107 ten problem. Zapewniaj\u0105 takim osobom doskona\u0142\u0105 okazj\u0119 do rozmowy z kimkolwiek bez \u017cadnych obaw. Mo\u017cesz wybra\u0107 interesuj\u0105cy Ci\u0119 kraj i p\u0142e\u0107. Nast\u0119pnie zostaniesz przekierowany do najbardziej odpowiedniej osoby zgodnie z opisanymi preferencjami.<\/p>\n<p>Mo\u017cesz wtedy rozmawia\u0107 z t\u0105 osob\u0105 w ca\u0142kowicie anonimowym trybie. Nie wie ona, kim jeste\u015b i nigdy si\u0119 tego nie dowie. Jest to wi\u0119c bezpieczne <a href=\"https:\/\/strangercam.com\/pl\/mocospace\/\">przestrze\u0144<\/a>. M\u00f3w, co chcesz i pytaj, o co chcesz!<\/p>\n<h2>Oferowane udogodnienia<\/h2>\n<p>Pokoje czatowe online daj\u0105 mo\u017cliwo\u015b\u0107 darmowego czatowania ze znanymi i nieznajomymi osobami. Niekt\u00f3re mog\u0105 wymaga\u0107 uiszczenia niewielkiej op\u0142aty, aby cieszy\u0107 si\u0119 prywatn\u0105 rozmow\u0105 na wybrane tematy. Po pierwsze, m\u0105drze b\u0119dzie przeprowadzi\u0107 badania i do\u0142\u0105czy\u0107 do renomowanego portalu, takiego jak wireclub. W ten spos\u00f3b mo\u017cesz by\u0107 bezpieczny i wolny od wszelkich zmartwie\u0144.<\/p>\n<h2>Darmowy czat na \u017cywo<\/h2>\n<p>Darmowy <a href=\"https:\/\/strangercam.com\/pl\/mili\/\">na \u017cywo<\/a> czat? Tylko Wireclub mo\u017ce to zrobi\u0107!<\/p>\n<p>Tak, dobrze przeczyta\u0142e\u015b! Darmowy czat na \u017cywo z lud\u017ami z ca\u0142ego \u015bwiata. Nie musisz martwi\u0107 si\u0119 o stan swojego konta. Jedyne, o co musisz si\u0119 martwi\u0107, to znalezienie odpowiedniej osoby do rozmowy!<\/p>\n<p>Ka\u017cda platforma czatu online oferuje co\u015b wyj\u0105tkowego, a wyj\u0105tkow\u0105 rzecz\u0105, kt\u00f3r\u0105 oferuje Wireclub, s\u0105 bezp\u0142atne funkcje czatu na \u017cywo. Wszystko jest za darmo. Musisz tylko wykorzysta\u0107 t\u0119 niesamowit\u0105 okazj\u0119 na swoj\u0105 korzy\u015b\u0107.<\/p>\n<p>Darmowy czat na \u017cywo to mo\u017cliwo\u015b\u0107 rozmowy w czasie rzeczywistym. Nasz system znajdzie dla ciebie odpowiednie dopasowanie. Wireclub po\u0142\u0105czy Ci\u0119 z osob\u0105 siedz\u0105c\u0105 po drugiej stronie po tym, jak zdecydujesz si\u0119 z ni\u0105 porozmawia\u0107. Za ca\u0142y ten proces nie b\u0119d\u0105 pobierane \u017cadne op\u0142aty. Mo\u017cesz cieszy\u0107 si\u0119 tym wszystkim za darmo.<\/p>\n<h2>Podejmowanie odpowiednich \u015brodk\u00f3w ostro\u017cno\u015bci<\/h2>\n<p>Rozmowa z nieznajomym po raz pierwszy mo\u017ce wydawa\u0107 si\u0119 ca\u0142kiem interesuj\u0105ca. Nie daj si\u0119 jednak ponie\u015b\u0107 emocjom. Nie zabawiaj nieznajomych, podaj\u0105c im swoje dane, takie jak numer kontaktowy lub adres. Kilka przypadk\u00f3w mo\u017ce postawi\u0107 Ci\u0119 w niezr\u0119cznej sytuacji z powodu b\u0142\u0119dnie podj\u0119tych decyzji. Je\u015bli po raz pierwszy odwiedzasz nowy portal czatowy, staraj si\u0119 trzyma\u0107 tylko znanych os\u00f3b. Po zako\u0144czeniu sesji czatu pami\u0119taj o wyczyszczeniu plik\u00f3w cookie i historii sesji ze smartfona lub laptopa. Mog\u0105 istnie\u0107 pods\u0142uchiwacze szukaj\u0105cy niewinnych os\u00f3b. Mog\u0105 cierpliwie czeka\u0107, aby okra\u015b\u0107 ci\u0119 z wa\u017cnych danych, takich jak konto bankowe, dane karty kredytowej i inne istotne informacje.<\/p>\n<p>Podczas czatowania upewnij si\u0119, \u017ce nie korzystasz z innej przegl\u0105darki, aby uzyska\u0107 dost\u0119p do karty kredytowej lub konta bankowego, poniewa\u017c nie b\u0119dzie to bezpieczne. Je\u015bli nawi\u0105za\u0142e\u015b now\u0105 znajomo\u015b\u0107, po prostu porozmawiaj z ni\u0105 na czacie g\u0142osowym lub wy\u015blij wiadomo\u015b\u0107 tekstow\u0105. Unikaj <a href=\"https:\/\/strangercam.com\/pl\/bazoocam\/\">krzywka<\/a> sesje.<\/p>\n<p>Podj\u0119cie odpowiednich \u015brodk\u00f3w ostro\u017cno\u015bci pozwoli ci zachowa\u0107 bezpiecze\u0144stwo i cieszy\u0107 si\u0119 nawi\u0105zywaniem nowych znajomo\u015bci online.<\/p>\n<h2>Darmowe czaty<\/h2>\n<p>Co mo\u017ce by\u0107 lepszego ni\u017c otrzymywanie upragnionych rzeczy za darmo!<\/p>\n<p>To w\u0142a\u015bnie sprawia, \u017ce Wireclub jest niesamowit\u0105 i zorientowan\u0105 na u\u017cytkownika platform\u0105 do rozm\u00f3w wideo online. Mo\u017cesz czatowa\u0107 w pokojach za darmo. Wystarczy si\u0119 zalogowa\u0107. W jednym pokoju czatu mog\u0105 przebywa\u0107 tysi\u0105ce os\u00f3b. Je\u015bli nie jeste\u015b osob\u0105 lubi\u0105c\u0105 t\u0142umy, mo\u017cesz r\u00f3wnie\u017c znale\u017a\u0107 si\u0119 w mniej zat\u0142oczonym pokoju rozm\u00f3w. Istnieje wiele opcji do wyboru w zale\u017cno\u015bci od potrzeb i pragnie\u0144.<\/p>\n<p>Darmowe czaty s\u0105 \u015bwietnym \u017ar\u00f3d\u0142em relaksu. Mo\u017cesz rozmawia\u0107 z kimkolwiek i dzieli\u0107 si\u0119 swoimi uczuciami i przemy\u015bleniami bez obawy, \u017ce zostaniesz os\u0105dzony. Te czaty zapewniaj\u0105 zdrowe do\u015bwiadczenie rozmowy z nieznajomymi.<\/p>","protected":false},"excerpt":{"rendered":"<p>It could be that you have heard your friends boasting of having several online chat accounts and making new friends. It is good enough to lure you to try opening an account with wireclub to initiate chatting with like-minded people. You are sure to enjoy the experience and thrill that you are to derive from [&hellip;]<\/p>\n","protected":false},"author":6,"featured_media":559,"parent":0,"menu_order":0,"comment_status":"closed","ping_status":"closed","template":"","meta":{"footnotes":""},"class_list":["post-8588","page","type-page","status-publish","has-post-thumbnail","hentry"],"yoast_head":"<!-- This site is optimized with the Yoast SEO plugin v26.9 - https:\/\/yoast.com\/product\/yoast-seo-wordpress\/ -->\n<title>Wireclub - Anonymous Chat For Two - Cam on StrangerCam.com<\/title>\n<meta name=\"description\" content=\"Like Wireclub? Come chat with more than 5.000.000 strangers on Stranger Cam for Free! Turn on your cam and find new friends &amp; maby a match!\" \/>\n<meta name=\"robots\" content=\"index, follow, max-snippet:-1, max-image-preview:large, max-video-preview:-1\" \/>\n<link rel=\"canonical\" href=\"https:\/\/strangercam.com\/pl\/wireclub\/\" \/>\n<meta property=\"og:locale\" content=\"pl_PL\" \/>\n<meta property=\"og:type\" content=\"article\" \/>\n<meta property=\"og:title\" content=\"Wireclub - Anonymous Chat For Two - Cam on StrangerCam.com\" \/>\n<meta property=\"og:description\" content=\"Like Wireclub? Come chat with more than 5.000.000 strangers on Stranger Cam for Free! Turn on your cam and find new friends &amp; maby a match!\" \/>\n<meta property=\"og:url\" content=\"https:\/\/strangercam.com\/pl\/wireclub\/\" \/>\n<meta property=\"og:site_name\" content=\"Strangercam\" \/>\n<meta property=\"article:publisher\" content=\"https:\/\/www.facebook.com\/strangercam\" \/>\n<meta property=\"article:modified_time\" content=\"2023-08-21T10:47:57+00:00\" \/>\n<meta property=\"og:image\" content=\"https:\/\/strangercam.com\/wp-content\/uploads\/2020\/11\/stranger-cam-1.png\" \/>\n\t<meta property=\"og:image:width\" content=\"800\" \/>\n\t<meta property=\"og:image:height\" content=\"800\" \/>\n\t<meta property=\"og:image:type\" content=\"image\/png\" \/>\n<meta name=\"twitter:card\" content=\"summary_large_image\" \/>\n<meta name=\"twitter:site\" content=\"@strangercamapp\" \/>\n<meta name=\"twitter:label1\" content=\"Szacowany czas czytania\" \/>\n\t<meta name=\"twitter:data1\" content=\"4 minuty\" \/>\n<script type=\"application\/ld+json\" class=\"yoast-schema-graph\">{\"@context\":\"https:\/\/schema.org\",\"@graph\":[{\"@type\":\"WebPage\",\"@id\":\"https:\/\/strangercam.com\/wireclub\/\",\"url\":\"https:\/\/strangercam.com\/wireclub\/\",\"name\":\"Wireclub - Anonymous Chat For Two - Cam on StrangerCam.com\",\"isPartOf\":{\"@id\":\"https:\/\/strangercam.com\/#website\"},\"primaryImageOfPage\":{\"@id\":\"https:\/\/strangercam.com\/wireclub\/#primaryimage\"},\"image\":{\"@id\":\"https:\/\/strangercam.com\/wireclub\/#primaryimage\"},\"thumbnailUrl\":\"https:\/\/strangercam.com\/wp-content\/uploads\/2020\/11\/stranger-cam-1.png\",\"datePublished\":\"2021-10-18T09:30:39+00:00\",\"dateModified\":\"2023-08-21T10:47:57+00:00\",\"description\":\"Like Wireclub? Come chat with more than 5.000.000 strangers on Stranger Cam for Free! Turn on your cam and find new friends & maby a match!\",\"breadcrumb\":{\"@id\":\"https:\/\/strangercam.com\/wireclub\/#breadcrumb\"},\"inLanguage\":\"pl-PL\",\"potentialAction\":[{\"@type\":\"ReadAction\",\"target\":[\"https:\/\/strangercam.com\/wireclub\/\"]}]},{\"@type\":\"ImageObject\",\"inLanguage\":\"pl-PL\",\"@id\":\"https:\/\/strangercam.com\/wireclub\/#primaryimage\",\"url\":\"https:\/\/strangercam.com\/wp-content\/uploads\/2020\/11\/stranger-cam-1.png\",\"contentUrl\":\"https:\/\/strangercam.com\/wp-content\/uploads\/2020\/11\/stranger-cam-1.png\",\"width\":800,\"height\":800,\"caption\":\"stranger cam random video chat\"},{\"@type\":\"BreadcrumbList\",\"@id\":\"https:\/\/strangercam.com\/wireclub\/#breadcrumb\",\"itemListElement\":[{\"@type\":\"ListItem\",\"position\":1,\"name\":\"Home\",\"item\":\"https:\/\/strangercam.com\/\"},{\"@type\":\"ListItem\",\"position\":2,\"name\":\"Wireclub\"}]},{\"@type\":\"WebSite\",\"@id\":\"https:\/\/strangercam.com\/#website\",\"url\":\"https:\/\/strangercam.com\/\",\"name\":\"Strangercam\",\"description\":\"Random Video Chat with Strangers\",\"publisher\":{\"@id\":\"https:\/\/strangercam.com\/#organization\"},\"alternateName\":\"Strangercam.com\",\"potentialAction\":[{\"@type\":\"SearchAction\",\"target\":{\"@type\":\"EntryPoint\",\"urlTemplate\":\"https:\/\/strangercam.com\/?s={search_term_string}\"},\"query-input\":{\"@type\":\"PropertyValueSpecification\",\"valueRequired\":true,\"valueName\":\"search_term_string\"}}],\"inLanguage\":\"pl-PL\"},{\"@type\":\"Organization\",\"@id\":\"https:\/\/strangercam.com\/#organization\",\"name\":\"Strangercam\",\"alternateName\":\"Strangercam.com\",\"url\":\"https:\/\/strangercam.com\/\",\"logo\":{\"@type\":\"ImageObject\",\"inLanguage\":\"pl-PL\",\"@id\":\"https:\/\/strangercam.com\/#\/schema\/logo\/image\/\",\"url\":\"https:\/\/strangercam.com\/wp-content\/uploads\/2020\/11\/cropped-new-favicon-black.png\",\"contentUrl\":\"https:\/\/strangercam.com\/wp-content\/uploads\/2020\/11\/cropped-new-favicon-black.png\",\"width\":512,\"height\":512,\"caption\":\"Strangercam\"},\"image\":{\"@id\":\"https:\/\/strangercam.com\/#\/schema\/logo\/image\/\"},\"sameAs\":[\"https:\/\/www.facebook.com\/strangercam\",\"https:\/\/x.com\/strangercamapp\"]}]}<\/script>\n<!-- \/ Yoast SEO plugin. -->","yoast_head_json":{"title":"Wireclub - Anonimowy czat dla dwojga - kamera na StrangerCam.com","description":"Jak Wireclub? Przyjd\u017a na czat z ponad 5.000.000 nieznajomych na Stranger Cam za darmo! W\u0142\u0105cz kamer\u0119 i znajd\u017a nowych przyjaci\u00f3\u0142 i mo\u017ce mecz!","robots":{"index":"index","follow":"follow","max-snippet":"max-snippet:-1","max-image-preview":"max-image-preview:large","max-video-preview":"max-video-preview:-1"},"canonical":"https:\/\/strangercam.com\/pl\/wireclub\/","og_locale":"pl_PL","og_type":"article","og_title":"Wireclub - Anonymous Chat For Two - Cam on StrangerCam.com","og_description":"Like Wireclub? Come chat with more than 5.000.000 strangers on Stranger Cam for Free! Turn on your cam and find new friends & maby a match!","og_url":"https:\/\/strangercam.com\/pl\/wireclub\/","og_site_name":"Strangercam","article_publisher":"https:\/\/www.facebook.com\/strangercam","article_modified_time":"2023-08-21T10:47:57+00:00","og_image":[{"width":800,"height":800,"url":"https:\/\/strangercam.com\/wp-content\/uploads\/2020\/11\/stranger-cam-1.png","type":"image\/png"}],"twitter_card":"summary_large_image","twitter_site":"@strangercamapp","twitter_misc":{"Szacowany czas czytania":"4 minuty"},"schema":{"@context":"https:\/\/schema.org","@graph":[{"@type":"WebPage","@id":"https:\/\/strangercam.com\/wireclub\/","url":"https:\/\/strangercam.com\/wireclub\/","name":"Wireclub - Anonimowy czat dla dwojga - kamera na StrangerCam.com","isPartOf":{"@id":"https:\/\/strangercam.com\/#website"},"primaryImageOfPage":{"@id":"https:\/\/strangercam.com\/wireclub\/#primaryimage"},"image":{"@id":"https:\/\/strangercam.com\/wireclub\/#primaryimage"},"thumbnailUrl":"https:\/\/strangercam.com\/wp-content\/uploads\/2020\/11\/stranger-cam-1.png","datePublished":"2021-10-18T09:30:39+00:00","dateModified":"2023-08-21T10:47:57+00:00","description":"Jak Wireclub? Przyjd\u017a na czat z ponad 5.000.000 nieznajomych na Stranger Cam za darmo! W\u0142\u0105cz kamer\u0119 i znajd\u017a nowych przyjaci\u00f3\u0142 i mo\u017ce mecz!","breadcrumb":{"@id":"https:\/\/strangercam.com\/wireclub\/#breadcrumb"},"inLanguage":"pl-PL","potentialAction":[{"@type":"ReadAction","target":["https:\/\/strangercam.com\/wireclub\/"]}]},{"@type":"ImageObject","inLanguage":"pl-PL","@id":"https:\/\/strangercam.com\/wireclub\/#primaryimage","url":"https:\/\/strangercam.com\/wp-content\/uploads\/2020\/11\/stranger-cam-1.png","contentUrl":"https:\/\/strangercam.com\/wp-content\/uploads\/2020\/11\/stranger-cam-1.png","width":800,"height":800,"caption":"stranger cam random video chat"},{"@type":"BreadcrumbList","@id":"https:\/\/strangercam.com\/wireclub\/#breadcrumb","itemListElement":[{"@type":"ListItem","position":1,"name":"Home","item":"https:\/\/strangercam.com\/"},{"@type":"ListItem","position":2,"name":"Wireclub"}]},{"@type":"WebSite","@id":"https:\/\/strangercam.com\/#website","url":"https:\/\/strangercam.com\/","name":"Strangercam","description":"Losowy czat wideo z nieznajomymi","publisher":{"@id":"https:\/\/strangercam.com\/#organization"},"alternateName":"Strangercam.com","potentialAction":[{"@type":"SearchAction","target":{"@type":"EntryPoint","urlTemplate":"https:\/\/strangercam.com\/?s={search_term_string}"},"query-input":{"@type":"PropertyValueSpecification","valueRequired":true,"valueName":"search_term_string"}}],"inLanguage":"pl-PL"},{"@type":"Organization","@id":"https:\/\/strangercam.com\/#organization","name":"Strangercam","alternateName":"Strangercam.com","url":"https:\/\/strangercam.com\/","logo":{"@type":"ImageObject","inLanguage":"pl-PL","@id":"https:\/\/strangercam.com\/#\/schema\/logo\/image\/","url":"https:\/\/strangercam.com\/wp-content\/uploads\/2020\/11\/cropped-new-favicon-black.png","contentUrl":"https:\/\/strangercam.com\/wp-content\/uploads\/2020\/11\/cropped-new-favicon-black.png","width":512,"height":512,"caption":"Strangercam"},"image":{"@id":"https:\/\/strangercam.com\/#\/schema\/logo\/image\/"},"sameAs":["https:\/\/www.facebook.com\/strangercam","https:\/\/x.com\/strangercamapp"]}]}},"_links":{"self":[{"href":"https:\/\/strangercam.com\/pl\/wp-json\/wp\/v2\/pages\/8588","targetHints":{"allow":["GET"]}}],"collection":[{"href":"https:\/\/strangercam.com\/pl\/wp-json\/wp\/v2\/pages"}],"about":[{"href":"https:\/\/strangercam.com\/pl\/wp-json\/wp\/v2\/types\/page"}],"author":[{"embeddable":true,"href":"https:\/\/strangercam.com\/pl\/wp-json\/wp\/v2\/users\/6"}],"replies":[{"embeddable":true,"href":"https:\/\/strangercam.com\/pl\/wp-json\/wp\/v2\/comments?post=8588"}],"version-history":[{"count":0,"href":"https:\/\/strangercam.com\/pl\/wp-json\/wp\/v2\/pages\/8588\/revisions"}],"wp:featuredmedia":[{"embeddable":true,"href":"https:\/\/strangercam.com\/pl\/wp-json\/wp\/v2\/media\/559"}],"wp:attachment":[{"href":"https:\/\/strangercam.com\/pl\/wp-json\/wp\/v2\/media?parent=8588"}],"curies":[{"name":"wp","href":"https:\/\/api.w.org\/{rel}","templated":true}]}}