{"id":8554,"date":"2021-10-18T10:33:50","date_gmt":"2021-10-18T08:33:50","guid":{"rendered":"https:\/\/strangercam.com\/?page_id=8554"},"modified":"2025-01-23T12:08:04","modified_gmt":"2025-01-23T10:08:04","slug":"refundacja","status":"publish","type":"page","link":"https:\/\/strangercam.com\/pl\/refundacja\/","title":{"rendered":"Zwroty i obci\u0105\u017cenia zwrotne"},"content":{"rendered":"<p>Dzi\u0119kujemy za korzystanie z naszej Witryny. Nale\u017cy pami\u0119ta\u0107, \u017ce wszystkie rozliczenia, obci\u0105\u017cenia zwrotne i obs\u0142uga klienta za us\u0142ugi zakupione za po\u015brednictwem link\u00f3w na naszej stronie internetowej s\u0105 obs\u0142ugiwane przez <a href=\"https:\/\/strangercam.com\/pl\/coomeet\/\">Coomeet<\/a>. Jako podmiot stowarzyszony nie przetwarzamy p\u0142atno\u015bci, nie dokonujemy zwrot\u00f3w ani nie zarz\u0105dzamy zapytaniami klient\u00f3w dotycz\u0105cymi tych transakcji.<\/p>\n<ol>\n<li><strong>Produkty i us\u0142ugi cyfrowe<\/strong><br \/>\nNasza Witryna mo\u017ce promowa\u0107 niematerialne, nieodwo\u0142alne produkty i us\u0142ugi cyfrowe oferowane przez Coomeet. Przed dokonaniem zakupu nale\u017cy dok\u0142adnie zapozna\u0107 si\u0119 ze szczeg\u00f3\u0142ami produktu lub us\u0142ugi, aby upewni\u0107 si\u0119, \u017ce spe\u0142niaj\u0105 one oczekiwania u\u017cytkownika. W przypadku jakichkolwiek pyta\u0144 dotycz\u0105cych charakteru produktu lub us\u0142ugi, prosimy o kontakt z zespo\u0142em wsparcia Coomeet w celu uzyskania wyja\u015bnie\u0144 przed dokonaniem p\u0142atno\u015bci.<\/li>\n<li><strong>Zwroty koszt\u00f3w<\/strong><br \/>\nPoniewa\u017c Coomeet zajmuje si\u0119 rozliczeniami, okre\u015bli, czy kwalifikujesz si\u0119 do zwrotu pieni\u0119dzy zgodnie z ich zasadami. Zwroty mog\u0105 by\u0107 przyznawane w okre\u015blonych okoliczno\u015bciach (np. zduplikowane p\u0142atno\u015bci lub b\u0142\u0119dy techniczne). Aby za\u017c\u0105da\u0107 zwrotu pieni\u0119dzy, post\u0119puj zgodnie z wyznaczonym procesem Coomeet i skontaktuj si\u0119 z zespo\u0142em pomocy technicznej, podaj\u0105c nast\u0119puj\u0105ce informacje:<\/p>\n<ul>\n<li>Data p\u0142atno\u015bci, kwota p\u0142atno\u015bci i metoda p\u0142atno\u015bci<\/li>\n<li>Numer zam\u00f3wienia\/p\u0142atno\u015bci\/transakcji (lub inne dane identyfikacyjne)<\/li>\n<li>Pow\u00f3d \u017c\u0105dania zwrotu pieni\u0119dzy<\/li>\n<\/ul>\n<p>Je\u015bli zwrot zostanie zatwierdzony, nale\u017cy pami\u0119ta\u0107, \u017ce czas przetwarzania karty kredytowej lub banku mo\u017ce si\u0119 r\u00f3\u017cni\u0107 i zazwyczaj wynosi od 3 do 10 dni roboczych. Wszelkie pytania dotycz\u0105ce statusu lub terminu zwrotu pieni\u0119dzy nale\u017cy kierowa\u0107 do dzia\u0142u obs\u0142ugi klienta Coomeet.<\/li>\n<li><strong>Obci\u0105\u017cenia zwrotne<\/strong><br \/>\nW przypadku obci\u0105\u017cenia zwrotnego Coomeet przeprowadzi dok\u0142adne dochodzenie w sprawie transakcji. Nale\u017cy pami\u0119ta\u0107, \u017ce zainicjowanie fa\u0142szywego lub oszuka\u0144czego obci\u0105\u017cenia zwrotnego mo\u017ce skutkowa\u0107 ograniczeniami na koncie i przysz\u0142ymi cz\u0142onkostwami. Je\u015bli potrzebujesz pomocy lub wyja\u015bnie\u0144 dotycz\u0105cych rozlicze\u0144, skontaktuj si\u0119 z zespo\u0142em wsparcia Coomeet przed skorzystaniem z obci\u0105\u017cenia zwrotnego.<\/li>\n<li><strong>Linki i us\u0142ugi stron trzecich<\/strong><br \/>\nNasza strona internetowa mo\u017ce zawiera\u0107 linki do zewn\u0119trznych stron internetowych i aplikacji obs\u0142ugiwanych przez strony trzecie (w tym Coomeet). Klienci kupuj\u0105cy produkty lub us\u0142ugi od tych dostawc\u00f3w podlegaj\u0105 warunkom, postanowieniom i procedurom zwrotu koszt\u00f3w obowi\u0105zuj\u0105cym u danego dostawcy. W przypadku jakichkolwiek problem\u00f3w lub w\u0105tpliwo\u015bci nale\u017cy skontaktowa\u0107 si\u0119 bezpo\u015brednio z odpowiednim zewn\u0119trznym dostawc\u0105 us\u0142ug.<\/li>\n<li><strong>Kontakt<\/strong><br \/>\nJe\u015bli masz jakiekolwiek og\u00f3lne pytania dotycz\u0105ce naszego powi\u0105zania z Coomeet lub tre\u015bci na naszej stronie internetowej, skontaktuj si\u0119 z nami. <a href=\"https:\/\/strangercam.com\/pl\/chat4free\/\">darmowy<\/a> aby skontaktowa\u0107 si\u0119 z nami za po\u015brednictwem naszej strony kontaktowej. Nale\u017cy jednak pami\u0119ta\u0107, \u017ce wszystkie zapytania dotycz\u0105ce rozlicze\u0144 i zwrot\u00f3w nale\u017cy kierowa\u0107 do dzia\u0142u obs\u0142ugi klienta Coomeet.<\/li>\n<\/ol>\n<p>Dzi\u0119kujemy za zrozumienie i wsp\u00f3\u0142prac\u0119. Doceniamy Twoje wsparcie i staramy si\u0119 zapewni\u0107 bezproblemow\u0105 obs\u0142ug\u0119.<\/p>","protected":false},"excerpt":{"rendered":"<p>Thank you for using our Website. Please note that all billing, chargebacks, and customer support for services purchased through links on our Website are handled by Coomeet. As an affiliate, we do not process payments, issue refunds, or manage customer inquiries for these transactions. Digital Products &amp; Services Our Website may promote non-tangible, irrevocable digital [&hellip;]<\/p>\n","protected":false},"author":1,"featured_media":0,"parent":0,"menu_order":0,"comment_status":"closed","ping_status":"closed","template":"","meta":{"footnotes":""},"class_list":["post-8554","page","type-page","status-publish","hentry"],"yoast_head":"<!-- This site is optimized with the Yoast SEO plugin v26.9 - https:\/\/yoast.com\/product\/yoast-seo-wordpress\/ -->\n<title>Refunds &amp; Chargeback - Strangercam<\/title>\n<meta name=\"robots\" content=\"index, follow, max-snippet:-1, max-image-preview:large, max-video-preview:-1\" \/>\n<link rel=\"canonical\" href=\"https:\/\/strangercam.com\/pl\/refundacja\/\" \/>\n<meta property=\"og:locale\" content=\"pl_PL\" \/>\n<meta property=\"og:type\" content=\"article\" \/>\n<meta property=\"og:title\" content=\"Refunds &amp; Chargeback - Strangercam\" \/>\n<meta property=\"og:description\" content=\"Thank you for using our Website. Please note that all billing, chargebacks, and customer support for services purchased through links on our Website are handled by Coomeet. As an affiliate, we do not process payments, issue refunds, or manage customer inquiries for these transactions. Digital Products &amp; Services Our Website may promote non-tangible, irrevocable digital [&hellip;]\" \/>\n<meta property=\"og:url\" content=\"https:\/\/strangercam.com\/pl\/refundacja\/\" \/>\n<meta property=\"og:site_name\" content=\"Strangercam\" \/>\n<meta property=\"article:publisher\" content=\"https:\/\/www.facebook.com\/strangercam\" \/>\n<meta property=\"article:modified_time\" content=\"2025-01-23T10:08:04+00:00\" \/>\n<meta property=\"og:image\" content=\"https:\/\/strangercam.com\/wp-content\/uploads\/2021\/10\/Untitled-2.png\" \/>\n\t<meta property=\"og:image:width\" content=\"800\" \/>\n\t<meta property=\"og:image:height\" content=\"532\" \/>\n\t<meta property=\"og:image:type\" content=\"image\/png\" \/>\n<meta name=\"twitter:card\" content=\"summary_large_image\" \/>\n<meta name=\"twitter:site\" content=\"@strangercamapp\" \/>\n<meta name=\"twitter:label1\" content=\"Szacowany czas czytania\" \/>\n\t<meta name=\"twitter:data1\" content=\"2 minuty\" \/>\n<script type=\"application\/ld+json\" class=\"yoast-schema-graph\">{\"@context\":\"https:\/\/schema.org\",\"@graph\":[{\"@type\":\"WebPage\",\"@id\":\"https:\/\/strangercam.com\/refund\/\",\"url\":\"https:\/\/strangercam.com\/refund\/\",\"name\":\"Refunds & Chargeback - Strangercam\",\"isPartOf\":{\"@id\":\"https:\/\/strangercam.com\/#website\"},\"datePublished\":\"2021-10-18T08:33:50+00:00\",\"dateModified\":\"2025-01-23T10:08:04+00:00\",\"breadcrumb\":{\"@id\":\"https:\/\/strangercam.com\/refund\/#breadcrumb\"},\"inLanguage\":\"pl-PL\",\"potentialAction\":[{\"@type\":\"ReadAction\",\"target\":[\"https:\/\/strangercam.com\/refund\/\"]}]},{\"@type\":\"BreadcrumbList\",\"@id\":\"https:\/\/strangercam.com\/refund\/#breadcrumb\",\"itemListElement\":[{\"@type\":\"ListItem\",\"position\":1,\"name\":\"Home\",\"item\":\"https:\/\/strangercam.com\/\"},{\"@type\":\"ListItem\",\"position\":2,\"name\":\"Refunds &#038; Chargeback\"}]},{\"@type\":\"WebSite\",\"@id\":\"https:\/\/strangercam.com\/#website\",\"url\":\"https:\/\/strangercam.com\/\",\"name\":\"Strangercam\",\"description\":\"Random Video Chat with Strangers\",\"publisher\":{\"@id\":\"https:\/\/strangercam.com\/#organization\"},\"alternateName\":\"Strangercam.com\",\"potentialAction\":[{\"@type\":\"SearchAction\",\"target\":{\"@type\":\"EntryPoint\",\"urlTemplate\":\"https:\/\/strangercam.com\/?s={search_term_string}\"},\"query-input\":{\"@type\":\"PropertyValueSpecification\",\"valueRequired\":true,\"valueName\":\"search_term_string\"}}],\"inLanguage\":\"pl-PL\"},{\"@type\":\"Organization\",\"@id\":\"https:\/\/strangercam.com\/#organization\",\"name\":\"Strangercam\",\"alternateName\":\"Strangercam.com\",\"url\":\"https:\/\/strangercam.com\/\",\"logo\":{\"@type\":\"ImageObject\",\"inLanguage\":\"pl-PL\",\"@id\":\"https:\/\/strangercam.com\/#\/schema\/logo\/image\/\",\"url\":\"https:\/\/strangercam.com\/wp-content\/uploads\/2020\/11\/cropped-new-favicon-black.png\",\"contentUrl\":\"https:\/\/strangercam.com\/wp-content\/uploads\/2020\/11\/cropped-new-favicon-black.png\",\"width\":512,\"height\":512,\"caption\":\"Strangercam\"},\"image\":{\"@id\":\"https:\/\/strangercam.com\/#\/schema\/logo\/image\/\"},\"sameAs\":[\"https:\/\/www.facebook.com\/strangercam\",\"https:\/\/x.com\/strangercamapp\"]}]}<\/script>\n<!-- \/ Yoast SEO plugin. -->","yoast_head_json":{"title":"Zwroty i obci\u0105\u017cenia zwrotne - Strangercam","robots":{"index":"index","follow":"follow","max-snippet":"max-snippet:-1","max-image-preview":"max-image-preview:large","max-video-preview":"max-video-preview:-1"},"canonical":"https:\/\/strangercam.com\/pl\/refundacja\/","og_locale":"pl_PL","og_type":"article","og_title":"Refunds & Chargeback - Strangercam","og_description":"Thank you for using our Website. Please note that all billing, chargebacks, and customer support for services purchased through links on our Website are handled by Coomeet. As an affiliate, we do not process payments, issue refunds, or manage customer inquiries for these transactions. Digital Products &amp; Services Our Website may promote non-tangible, irrevocable digital [&hellip;]","og_url":"https:\/\/strangercam.com\/pl\/refundacja\/","og_site_name":"Strangercam","article_publisher":"https:\/\/www.facebook.com\/strangercam","article_modified_time":"2025-01-23T10:08:04+00:00","og_image":[{"width":800,"height":532,"url":"https:\/\/strangercam.com\/wp-content\/uploads\/2021\/10\/Untitled-2.png","type":"image\/png"}],"twitter_card":"summary_large_image","twitter_site":"@strangercamapp","twitter_misc":{"Szacowany czas czytania":"2 minuty"},"schema":{"@context":"https:\/\/schema.org","@graph":[{"@type":"WebPage","@id":"https:\/\/strangercam.com\/refund\/","url":"https:\/\/strangercam.com\/refund\/","name":"Zwroty i obci\u0105\u017cenia zwrotne - Strangercam","isPartOf":{"@id":"https:\/\/strangercam.com\/#website"},"datePublished":"2021-10-18T08:33:50+00:00","dateModified":"2025-01-23T10:08:04+00:00","breadcrumb":{"@id":"https:\/\/strangercam.com\/refund\/#breadcrumb"},"inLanguage":"pl-PL","potentialAction":[{"@type":"ReadAction","target":["https:\/\/strangercam.com\/refund\/"]}]},{"@type":"BreadcrumbList","@id":"https:\/\/strangercam.com\/refund\/#breadcrumb","itemListElement":[{"@type":"ListItem","position":1,"name":"Home","item":"https:\/\/strangercam.com\/"},{"@type":"ListItem","position":2,"name":"Refunds &#038; Chargeback"}]},{"@type":"WebSite","@id":"https:\/\/strangercam.com\/#website","url":"https:\/\/strangercam.com\/","name":"Strangercam","description":"Losowy czat wideo z nieznajomymi","publisher":{"@id":"https:\/\/strangercam.com\/#organization"},"alternateName":"Strangercam.com","potentialAction":[{"@type":"SearchAction","target":{"@type":"EntryPoint","urlTemplate":"https:\/\/strangercam.com\/?s={search_term_string}"},"query-input":{"@type":"PropertyValueSpecification","valueRequired":true,"valueName":"search_term_string"}}],"inLanguage":"pl-PL"},{"@type":"Organization","@id":"https:\/\/strangercam.com\/#organization","name":"Strangercam","alternateName":"Strangercam.com","url":"https:\/\/strangercam.com\/","logo":{"@type":"ImageObject","inLanguage":"pl-PL","@id":"https:\/\/strangercam.com\/#\/schema\/logo\/image\/","url":"https:\/\/strangercam.com\/wp-content\/uploads\/2020\/11\/cropped-new-favicon-black.png","contentUrl":"https:\/\/strangercam.com\/wp-content\/uploads\/2020\/11\/cropped-new-favicon-black.png","width":512,"height":512,"caption":"Strangercam"},"image":{"@id":"https:\/\/strangercam.com\/#\/schema\/logo\/image\/"},"sameAs":["https:\/\/www.facebook.com\/strangercam","https:\/\/x.com\/strangercamapp"]}]}},"_links":{"self":[{"href":"https:\/\/strangercam.com\/pl\/wp-json\/wp\/v2\/pages\/8554","targetHints":{"allow":["GET"]}}],"collection":[{"href":"https:\/\/strangercam.com\/pl\/wp-json\/wp\/v2\/pages"}],"about":[{"href":"https:\/\/strangercam.com\/pl\/wp-json\/wp\/v2\/types\/page"}],"author":[{"embeddable":true,"href":"https:\/\/strangercam.com\/pl\/wp-json\/wp\/v2\/users\/1"}],"replies":[{"embeddable":true,"href":"https:\/\/strangercam.com\/pl\/wp-json\/wp\/v2\/comments?post=8554"}],"version-history":[{"count":1,"href":"https:\/\/strangercam.com\/pl\/wp-json\/wp\/v2\/pages\/8554\/revisions"}],"predecessor-version":[{"id":12667,"href":"https:\/\/strangercam.com\/pl\/wp-json\/wp\/v2\/pages\/8554\/revisions\/12667"}],"wp:attachment":[{"href":"https:\/\/strangercam.com\/pl\/wp-json\/wp\/v2\/media?parent=8554"}],"curies":[{"name":"wp","href":"https:\/\/api.w.org\/{rel}","templated":true}]}}