{"id":8386,"date":"2024-09-19T11:35:24","date_gmt":"2024-09-19T09:35:24","guid":{"rendered":"https:\/\/strangercam.com\/?page_id=8386"},"modified":"2024-09-19T11:37:00","modified_gmt":"2024-09-19T09:37:00","slug":"chat-avenue","status":"publish","type":"page","link":"https:\/\/strangercam.com\/pl\/chat-avenue\/","title":{"rendered":"Chat Avenue"},"content":{"rendered":"<p><a href=\"https:\/\/strangercam.com\/pl\/chatroulette\/\">Czat<\/a> Avenue, znana r\u00f3wnie\u017c jako Chat Ave, jest jedn\u0105 z najstarszych i najpopularniejszych dost\u0119pnych obecnie platform czatu online. Za\u0142o\u017cona w 2000 roku, sta\u0142a si\u0119 t\u0119tni\u0105c\u0105 \u017cyciem spo\u0142eczno\u015bci\u0105, w kt\u00f3rej miliony ludzi z ca\u0142ego \u015bwiata spotykaj\u0105 si\u0119, aby rozmawia\u0107, nawi\u0105zywa\u0107 nowe znajomo\u015bci i dzieli\u0107 si\u0119 do\u015bwiadczeniami. Z ponad 7 milionami odwiedzaj\u0105cych ka\u017cdego miesi\u0105ca, Chat Avenue oferuje dynamiczne \u015brodowisko zar\u00f3wno dla nowych, jak i do\u015bwiadczonych entuzjast\u00f3w czatu.<\/p>\n<h2>Co to jest Chat Avenue?<\/h2>\n<p>Chat Avenue to platforma internetowa, kt\u00f3ra zapewnia u\u017cytkownikom dost\u0119p do darmowych czat\u00f3w obejmuj\u0105cych szeroki zakres temat\u00f3w i zainteresowa\u0144. Od swobodnych rozm\u00f3w po bardziej skoncentrowane dyskusje, Chat Avenue ma co\u015b dla ka\u017cdego. Platforma zosta\u0142a zaprojektowana tak, aby by\u0142a przyjazna dla u\u017cytkownika i dost\u0119pna dla os\u00f3b w ka\u017cdym wieku i z r\u00f3\u017cnych \u015brodowisk, u\u0142atwiaj\u0105c ka\u017cdemu do\u0142\u0105czenie i natychmiastowe rozpocz\u0119cie rozmowy.<\/p>\n<h2>Dlaczego warto wybra\u0107 Chat Avenue?<\/h2>\n<p>Istnieje kilka powod\u00f3w, dla kt\u00f3rych Chat Avenue wyr\u00f3\u017cnia si\u0119 jako najlepsza platforma czatu online:<\/p>\n<ul>\n<li><strong>R\u00f3\u017cnorodne pokoje czatu:<\/strong> Maj\u0105c do wyboru 20 r\u00f3\u017cnych pokoj\u00f3w czatowych, mo\u017cesz znale\u017a\u0107 idealny dla swoich zainteresowa\u0144. Niezale\u017cnie od tego, czy interesujesz si\u0119 muzyk\u0105, sportem, technologi\u0105, czy te\u017c szukasz czat\u00f3w dostosowanych do wieku, znajdziesz tu co\u015b dla siebie. <a href=\"https:\/\/strangercam.com\/pl\/mocospace\/\">przestrze\u0144<\/a> dla Ciebie.<\/li>\n<li><strong>Przyjazny dla u\u017cytkownika interfejs:<\/strong> Platforma zosta\u0142a zaprojektowana dla ka\u017cdego, niezale\u017cnie od wieku i wiedzy technologicznej. Jej prosty uk\u0142ad u\u0142atwia nawigacj\u0119 i rozpocz\u0119cie czatowania bez \u017cadnych k\u0142opot\u00f3w.<\/li>\n<li><strong>Globalna spo\u0142eczno\u015b\u0107:<\/strong> Nawi\u0105\u017c kontakt z tysi\u0105cami os\u00f3b z r\u00f3\u017cnych kraj\u00f3w, kultur i \u015brodowisk. Poszerz swoje horyzonty i poznaj nowe perspektywy, anga\u017cuj\u0105c si\u0119 w rozmowy z lud\u017ami z ca\u0142ego \u015bwiata.<\/li>\n<li><strong>Prywatno\u015b\u0107 i anonimowo\u015b\u0107:<\/strong> Chat Avenue umo\u017cliwia zalogowanie si\u0119 jako \u201cGo\u015b\u0107\u201d, dzi\u0119ki czemu to\u017csamo\u015b\u0107 u\u017cytkownika pozostaje poufna. Aby rozpocz\u0105\u0107 czat, nie trzeba podawa\u0107 adresu e-mail, profili w mediach spo\u0142eczno\u015bciowych ani \u017cadnych danych osobowych.<\/li>\n<li><strong>Bezp\u0142atne u\u017cytkowanie:<\/strong> Chat Avenue jest ca\u0142kowicie darmowy. Mo\u017cesz do\u0142\u0105czy\u0107 do dowolnego pokoju czatu bez \u017cadnych op\u0142at lub ukrytych op\u0142at.<\/li>\n<\/ul>\n<h2>Jak korzysta\u0107 z Chat Avenue<\/h2>\n<p>Korzystanie z Chat Avenue jest proste i nieskomplikowane. Oto przewodnik krok po kroku:<\/p>\n<ol>\n<li><strong>Odwied\u017a stron\u0119 internetow\u0105:<\/strong> Przejd\u017a do strony g\u0142\u00f3wnej Chat Avenue.<\/li>\n<li><strong>Wybierz pok\u00f3j czatu:<\/strong> Przejrzyj 20 dost\u0119pnych pokoj\u00f3w czatu i wybierz ten, kt\u00f3ry odpowiada Twoim zainteresowaniom. Dost\u0119pne opcje obejmuj\u0105 czat dla nastolatk\u00f3w, czat dla doros\u0142ych, czat muzyczny, czat sportowy, czat technologiczny, czat randkowy, czat LGBTQ+ i inne.<\/li>\n<li><strong>Wprowad\u017a nazw\u0119 u\u017cytkownika:<\/strong> Mo\u017cesz zalogowa\u0107 si\u0119 jako go\u015b\u0107, po prostu wybieraj\u0105c nazw\u0119 u\u017cytkownika. Nie ma potrzeby rejestracji ani podawania jakichkolwiek danych osobowych.<\/li>\n<li><strong>Rozpocznij czat:<\/strong> Po wprowadzeniu nazwy u\u017cytkownika zostaniesz przekierowany do pokoju czatu, gdzie mo\u017cesz natychmiast rozpocz\u0105\u0107 interakcj\u0119 z innymi u\u017cytkownikami.<\/li>\n<\/ol>\n<h2>Dost\u0119pne pokoje czatu<\/h2>\n<p>Aby pom\u00f3c w znalezieniu idealnego pokoju rozm\u00f3w, poni\u017cej znajduje si\u0119 podsumowanie dost\u0119pnych opcji:<\/p>\n<ul>\n<li><strong>Czat dla nastolatk\u00f3w:<\/strong> Zaprojektowany dla u\u017cytkownik\u00f3w w wieku 13-19 lat, zapewniaj\u0105cy bezpieczn\u0105 przestrze\u0144 do nawi\u0105zywania kontakt\u00f3w z r\u00f3wie\u015bnikami.<\/li>\n<li><strong>Czat dla doros\u0142ych:<\/strong> Otwarty dla u\u017cytkownik\u00f3w powy\u017cej 18 roku \u017cycia, umo\u017cliwiaj\u0105cy prowadzenie dojrza\u0142ych rozm\u00f3w na r\u00f3\u017cne tematy.<\/li>\n<li><strong>Muzyczny czat:<\/strong> Dyskutuj o swoich ulubionych wykonawcach, albumach i gatunkach muzycznych z innymi entuzjastami muzyki.<\/li>\n<li><strong>Czat sportowy:<\/strong> Kontaktuj si\u0119 z fanami r\u00f3\u017cnych dyscyplin sportowych, udost\u0119pniaj najciekawsze fragmenty mecz\u00f3w i omawiaj nadchodz\u0105ce wydarzenia.<\/li>\n<li><strong>Czat technologiczny:<\/strong> Porozmawiaj o najnowszych gad\u017cetach, oprogramowaniu i trendach technologicznych.<\/li>\n<li><strong>Czat randkowy:<\/strong> <a href=\"https:\/\/strangercam.com\/pl\/coomeet\/\">Spotkanie<\/a> nowe osoby szukaj\u0105ce zwi\u0105zk\u00f3w lub przyja\u017ani.<\/li>\n<li><strong>Czat LGBTQ+:<\/strong> Wspieraj\u0105ca przestrze\u0144 dla cz\u0142onk\u00f3w spo\u0142eczno\u015bci LGBTQ+ do nawi\u0105zywania kontakt\u00f3w i dzielenia si\u0119 do\u015bwiadczeniami.<\/li>\n<li><strong>Czat og\u00f3lny:<\/strong> Do swobodnych rozm\u00f3w na r\u00f3\u017cne tematy z r\u00f3\u017cnorodn\u0105 grup\u0105 os\u00f3b.<\/li>\n<li><strong>Inne pokoje oparte na zainteresowaniach:<\/strong> W tym mi\u0119dzy innymi czat gier wideo, czat anime i nie tylko.<\/li>\n<\/ul>\n<h2>Wskaz\u00f3wki jak najlepiej wykorzysta\u0107 Chat Avenue<\/h2>\n<p>Aby zwi\u0119kszy\u0107 komfort korzystania z Chat Avenue, rozwa\u017c poni\u017csze wskaz\u00f3wki:<\/p>\n<ul>\n<li><strong>Inicjowanie rozm\u00f3w:<\/strong> Nie wahaj si\u0119 rozpocz\u0105\u0107 czatu od prostego \u201cCze\u015b\u0107\u201d lub \u201cCze\u015b\u0107\u201d. Wykonanie pierwszego kroku mo\u017ce prowadzi\u0107 do anga\u017cuj\u0105cych i znacz\u0105cych dyskusji.<\/li>\n<li><strong>B\u0105d\u017a otwarty:<\/strong> Doceniaj r\u00f3\u017cnorodno\u015b\u0107 spo\u0142eczno\u015bci. Ludzie z r\u00f3\u017cnych \u015brodowisk przyczyniaj\u0105 si\u0119 do bogatych i pouczaj\u0105cych rozm\u00f3w.<\/li>\n<li><strong>Szanuj innych:<\/strong> Zawsze podchod\u017a do interakcji z uprzejmo\u015bci\u0105 i zrozumieniem. Sprzyja to tworzeniu pozytywnego \u015brodowiska dla wszystkich.<\/li>\n<li><strong>\u0141askawe radzenie sobie z odmowami:<\/strong> Nie wszyscy mog\u0105 odpowiada\u0107 lub podziela\u0107 te same zainteresowania i to jest w porz\u0105dku. Przejd\u017a do nowych kontakt\u00f3w, nie bior\u0105c tego do siebie.<\/li>\n<li><strong>Praktyka czyni mistrza:<\/strong> Im wi\u0119cej si\u0119 anga\u017cujesz, tym bardziej komfortowo si\u0119 czujesz. Z czasem czatowanie stanie si\u0119 bardziej naturalne i przyjemne.<\/li>\n<\/ul>\n<h2>Przezwyci\u0119\u017canie powszechnych obaw<\/h2>\n<p>Rozpoczynanie rozm\u00f3w z nieznajomymi online mo\u017ce by\u0107 zniech\u0119caj\u0105ce, zw\u0142aszcza je\u015bli jeste\u015b w tym nowy. Oto kilka sposob\u00f3w na przezwyci\u0119\u017cenie typowych obaw:<\/p>\n<ul>\n<li><strong>Walka z l\u0119kiem:<\/strong> To normalne, \u017ce na pocz\u0105tku czujesz si\u0119 zdenerwowany. Pami\u0119taj, \u017ce ka\u017cdy by\u0142 kiedy\u015b pocz\u0105tkuj\u0105cy, a wi\u0119kszo\u015b\u0107 u\u017cytkownik\u00f3w jest przyjazna i otwarta na rozmow\u0119.<\/li>\n<li><strong>B\u0105d\u017a sob\u0105:<\/strong> Autentyczno\u015b\u0107 jest bardzo wa\u017cna. Prawdziwe interakcje cz\u0119sto prowadz\u0105 do znacz\u0105cych relacji i przyja\u017ani.<\/li>\n<li><strong>Zachowaj pozytywne nastawienie:<\/strong> Skup si\u0119 na czerpaniu przyjemno\u015bci z do\u015bwiadczenia, zamiast martwi\u0107 si\u0119 o wynik. Baw si\u0119 dobrze podczas rozm\u00f3w i nie stresuj si\u0119 drobnymi niepowodzeniami.<\/li>\n<li><strong>Nie b\u00f3j si\u0119 odrzucenia:<\/strong> Nie ka\u017cda interakcja doprowadzi do trwa\u0142ego po\u0142\u0105czenia i jest to ca\u0142kowicie w porz\u0105dku. Zachowaj pozytywne nastawienie i kontynuuj kontakty z innymi.<\/li>\n<\/ul>\n<h2>Embrace Diversity na Chat Avenue<\/h2>\n<p>Chat Avenue celebruje r\u00f3\u017cnorodno\u015b\u0107 i integracj\u0119. Platforma oferuje wyspecjalizowane pokoje czatu dostosowane do r\u00f3\u017cnych zainteresowa\u0144 i spo\u0142eczno\u015bci, dzi\u0119ki czemu ka\u017cdy mo\u017ce znale\u017a\u0107 miejsce, w kt\u00f3rym czuje si\u0119 komfortowo:<\/p>\n<ul>\n<li><strong>Pokoje oparte na zainteresowaniach:<\/strong> Nawi\u0105zuj kontakty z osobami, kt\u00f3re podzielaj\u0105 Twoje hobby lub pasje, takie jak muzyka, sport, technologia lub gry.<\/li>\n<li><strong>Pomieszczenia wsp\u00f3lne:<\/strong> Nawi\u0105zywanie kontakt\u00f3w z okre\u015blonymi grupami i spo\u0142eczno\u015bciami we wspieraj\u0105cym \u015brodowisku, w tym z czatami LGBTQ+ i innymi grupami mniejszo\u015bciowymi.<\/li>\n<li><strong>Pokoje dostosowane do wieku:<\/strong> Niezale\u017cnie od tego, czy jeste\u015b nastolatkiem, czy doros\u0142ym, istniej\u0105 czaty dostosowane do wieku, zaprojektowane tak, aby zapewni\u0107 bezpiecze\u0144stwo i adekwatno\u015b\u0107.<\/li>\n<\/ul>\n<h2>Bezpiecze\u0144stwo i umiar<\/h2>\n<p>Twoje bezpiecze\u0144stwo jest priorytetem na Chat Avenue. Platforma posiada kilka funkcji zapewniaj\u0105cych bezpieczne i przyjemne wra\u017cenia:<\/p>\n<ul>\n<li><strong>Aktywni moderatorzy:<\/strong> Ka\u017cdy pok\u00f3j czatu jest monitorowany przez moderator\u00f3w, kt\u00f3rzy pracuj\u0105 nad utrzymaniem \u015brodowiska opartego na szacunku poprzez egzekwowanie wytycznych spo\u0142eczno\u015bci.<\/li>\n<li><strong>System raportowania:<\/strong> U\u017cytkownicy mog\u0105 zg\u0142asza\u0107 nieodpowiednie zachowanie, n\u0119kanie lub naruszenia zasad, kt\u00f3re s\u0105 niezw\u0142ocznie rozwi\u0105zywane przez zesp\u00f3\u0142 moderator\u00f3w.<\/li>\n<li><strong>Zgodno\u015b\u0107 z wytycznymi:<\/strong> Oczekuje si\u0119, \u017ce wszyscy u\u017cytkownicy b\u0119d\u0105 przestrzega\u0107 wytycznych dotycz\u0105cych spo\u0142eczno\u015bci, aby wspiera\u0107 pozytywn\u0105 atmosfer\u0119. Lekcewa\u017c\u0105ce lub szkodliwe zachowanie nie jest tolerowane.<\/li>\n<\/ul>\n<h2>Najcz\u0119\u015bciej zadawane pytania<\/h2>\n<p>Oto kilka cz\u0119sto zadawanych pyta\u0144 dotycz\u0105cych Chat Avenue:<\/p>\n<p><strong>P: Czy korzystanie z Chat Avenue jest darmowe?<\/strong><\/p>\n<p>O: Tak, Chat Avenue jest ca\u0142kowicie darmowy. Mo\u017cesz do\u0142\u0105czy\u0107 do dowolnego pokoju czatu bez \u017cadnych op\u0142at.<\/p>\n<p><strong>P: Czy musz\u0119 zarejestrowa\u0107 konto?<\/strong><\/p>\n<p>O: Rejestracja nie jest wymagana. Mo\u017cesz zalogowa\u0107 si\u0119 jako go\u015b\u0107, wybieraj\u0105c nazw\u0119 u\u017cytkownika, dzi\u0119ki czemu pozostaniesz anonimowy.<\/p>\n<p><strong>P: Czy mog\u0119 u\u017cywa\u0107 Chat Avenue na moim urz\u0105dzeniu mobilnym?<\/strong><\/p>\n<p>O: Tak, Chat Avenue jest dost\u0119pny zar\u00f3wno na komputerach stacjonarnych, jak i przegl\u0105darkach mobilnych, dzi\u0119ki czemu mo\u017cesz wygodnie rozmawia\u0107, gdziekolwiek jeste\u015b.<\/p>\n<p><strong>P: Czy Chat Avenue jest bezpieczny?<\/strong><\/p>\n<p>O: Chat Avenue stosuje \u015brodki zapewniaj\u0105ce bezpiecze\u0144stwo u\u017cytkownik\u00f3w, w tym aktywn\u0105 moderacj\u0119 i systemy raportowania. Zawsze jednak nale\u017cy zachowa\u0107 ostro\u017cno\u015b\u0107 i nie udost\u0119pnia\u0107 danych osobowych online.<\/p>\n<p><strong>P: Co powinienem zrobi\u0107, je\u015bli spotkam si\u0119 z niew\u0142a\u015bciwym zachowaniem?<\/strong><\/p>\n<p>O: Mo\u017cesz zg\u0142osi\u0107 u\u017cytkownika moderatorom, kt\u00f3rzy podejm\u0105 odpowiednie dzia\u0142ania. Wa\u017cne jest, aby spo\u0142eczno\u015b\u0107 by\u0142a bezpieczna i szanowana.<\/p>\n<h2>Referencje<\/h2>\n<p>Oto kilka do\u015bwiadcze\u0144 u\u017cytkownik\u00f3w Chat Avenue:<\/p>\n<p><em>\"Mam <a href=\"https:\/\/strangercam.com\/pl\/chamet\/\">spe\u0142niony<\/a> tak wielu niesamowitych ludzi na Chat Avenue. To niesamowite, jak \u0142atwo jest nawi\u0105za\u0107 kontakt z innymi, kt\u00f3rzy podzielaj\u0105 moje zainteresowania!\u201d<\/em> - Alex T.<\/p>\n<p><em>\u201cJako osoba, kt\u00f3ra jest nie\u015bmia\u0142a w prawdziwym \u017cyciu, Chat Ave da\u0142 mi pewno\u015b\u0107 siebie, aby rozpocz\u0105\u0107 rozmowy i nawi\u0105za\u0107 nowe znajomo\u015bci\u201d.\u201d<\/em> - Maria S.<\/p>\n<p><em>\u201cR\u00f3\u017cnorodno\u015b\u0107 w Chat Avenue jest fantastyczna. Nauczy\u0142em si\u0119 tak wiele od ludzi z ca\u0142ego \u015bwiata\u201d.\u201d<\/em> - Jamal K.<\/p>\n<h2>Dodatkowe zasoby<\/h2>\n<p>Aby uzyska\u0107 wi\u0119cej informacji i wskaz\u00f3wek na temat czatowania online, zapoznaj si\u0119 z poni\u017cszymi zasobami:<\/p>\n<ul>\n<li><strong>Wskaz\u00f3wki dotycz\u0105ce bezpiecznego czatowania online:<\/strong> Dowiedz si\u0119, jak si\u0119 chroni\u0107 i cieszy\u0107 si\u0119 bezpiecznym czatowaniem.<\/li>\n<li><strong>Jak zdoby\u0107 przyjaci\u00f3\u0142 online:<\/strong> Odkryj strategie budowania znacz\u0105cych po\u0142\u0105cze\u0144 przez Internet.<\/li>\n<li><strong>Korzy\u015bci p\u0142yn\u0105ce ze spo\u0142eczno\u015bci internetowych:<\/strong> Dowiedz si\u0119, jak platformy internetowe, takie jak Chat Avenue, mog\u0105 wzbogaci\u0107 Twoje \u017cycie towarzyskie.<\/li>\n<\/ul>\n<h2>\u015aled\u017a Chat Avenue w mediach spo\u0142eczno\u015bciowych<\/h2>\n<p>B\u0105d\u017a na bie\u017c\u0105co z najnowszymi wiadomo\u015bciami i aktualizacjami, \u015bledz\u0105c Chat Avenue w mediach spo\u0142eczno\u015bciowych:<\/p>\n<ul>\n<li><strong>Facebook<\/strong><\/li>\n<li><strong>Twitter<\/strong><\/li>\n<li><strong>Instagram<\/strong><\/li>\n<\/ul>\n<h2>Wnioski<\/h2>\n<p>Chat Avenue to brama do \u015bwiata rozm\u00f3w i przyja\u017ani. Przyjazny dla u\u017cytkownika design, dba\u0142o\u015b\u0107 o prywatno\u015b\u0107 i zr\u00f3\u017cnicowana spo\u0142eczno\u015b\u0107 sprawiaj\u0105, \u017ce jest to idealna platforma dla ka\u017cdego, kto chce nawi\u0105za\u0107 kontakt online. Niezale\u017cnie od tego, czy szukasz niezobowi\u0105zuj\u0105cych czat\u00f3w, znacz\u0105cych dyskusji, czy po prostu chcesz pozna\u0107 nowych ludzi, Chat Avenue ma co\u015b do zaoferowania. Po co wi\u0119c czeka\u0107? Zosta\u0144 cz\u0119\u015bci\u0105 spo\u0142eczno\u015bci Chat Avenue ju\u017c dzi\u015b i zacznij odkrywa\u0107 niesko\u0144czone mo\u017cliwo\u015bci! Wystarczy kilka klikni\u0119\u0107, aby zanurzy\u0107 si\u0119 w anga\u017cuj\u0105cych dyskusjach i pozna\u0107 fascynuj\u0105cych ludzi z r\u00f3\u017cnych \u015brodowisk. Chat Avenue zaprasza do \u015bwiata, w kt\u00f3rym komunikacja nie zna granic.<\/p>\n<h2>Do\u0142\u0105cz do Chat Avenue ju\u017c dzi\u015b i poszerz sw\u00f3j \u015bwiat<\/h2>\n<p>Dzi\u0119ki szerokiej gamie czat\u00f3w i globalnej bazie u\u017cytkownik\u00f3w, Chat Avenue zapewnia niezr\u00f3wnan\u0105 okazj\u0119 do poszerzenia swoich horyzont\u00f3w. Niezale\u017cnie od tego, czy chcesz nawi\u0105za\u0107 nowe znajomo\u015bci, podzieli\u0107 si\u0119 swoimi zainteresowaniami, czy po prostu cieszy\u0107 si\u0119 swobodn\u0105 rozmow\u0105, Chat Avenue jest odpowiednim miejscem. Pami\u0119taj, \u017ce komunikacja jest kluczem do budowania po\u0142\u0105cze\u0144, a Chat Avenue sprawia, \u017ce \u0142atwiej ni\u017c kiedykolwiek dotrze\u0107 i po\u0142\u0105czy\u0107 si\u0119 z innymi. Zaloguj si\u0119, wybierz pok\u00f3j czatu i rozpocznij swoj\u0105 podr\u00f3\u017c ju\u017c dzi\u015b!<\/p>","protected":false},"excerpt":{"rendered":"<p>Chat Avenue, also known as Chat Ave, is one of the oldest and most popular online chat platforms available today. Established in 2000, it has grown into a vibrant community where millions of people from around the globe come together to converse, make new friends, and share experiences. With over 7 million visitors each month, [&hellip;]<\/p>\n","protected":false},"author":6,"featured_media":0,"parent":0,"menu_order":0,"comment_status":"closed","ping_status":"closed","template":"","meta":{"footnotes":""},"class_list":["post-8386","page","type-page","status-publish","hentry"],"yoast_head":"<!-- This site is optimized with the Yoast SEO plugin v26.9 - https:\/\/yoast.com\/product\/yoast-seo-wordpress\/ -->\n<title>Chat Avenue - Free Video Chat Rooms - StrangerCam.com<\/title>\n<meta name=\"description\" content=\"Discover Chat Avenue, the ultimate online platform connecting you to free chat rooms and a global community. Join Chat Ave today!\" \/>\n<meta name=\"robots\" content=\"index, follow, max-snippet:-1, max-image-preview:large, max-video-preview:-1\" \/>\n<link rel=\"canonical\" href=\"https:\/\/strangercam.com\/pl\/chat-avenue\/\" \/>\n<meta property=\"og:locale\" content=\"pl_PL\" \/>\n<meta property=\"og:type\" content=\"article\" \/>\n<meta property=\"og:title\" content=\"Chat Avenue - Free Video Chat Rooms - StrangerCam.com\" \/>\n<meta property=\"og:description\" content=\"Discover Chat Avenue, the ultimate online platform connecting you to free chat rooms and a global community. Join Chat Ave today!\" \/>\n<meta property=\"og:url\" content=\"https:\/\/strangercam.com\/pl\/chat-avenue\/\" \/>\n<meta property=\"og:site_name\" content=\"Strangercam\" \/>\n<meta property=\"article:publisher\" content=\"https:\/\/www.facebook.com\/strangercam\" \/>\n<meta property=\"article:modified_time\" content=\"2024-09-19T09:37:00+00:00\" \/>\n<meta property=\"og:image\" content=\"https:\/\/strangercam.com\/wp-content\/uploads\/2021\/10\/Untitled-2.png\" \/>\n\t<meta property=\"og:image:width\" content=\"800\" \/>\n\t<meta property=\"og:image:height\" content=\"532\" \/>\n\t<meta property=\"og:image:type\" content=\"image\/png\" \/>\n<meta name=\"twitter:card\" content=\"summary_large_image\" \/>\n<meta name=\"twitter:site\" content=\"@strangercamapp\" \/>\n<meta name=\"twitter:label1\" content=\"Szacowany czas czytania\" \/>\n\t<meta name=\"twitter:data1\" content=\"7 minut\" \/>\n<script type=\"application\/ld+json\" class=\"yoast-schema-graph\">{\"@context\":\"https:\/\/schema.org\",\"@graph\":[{\"@type\":\"WebPage\",\"@id\":\"https:\/\/strangercam.com\/chat-avenue\/\",\"url\":\"https:\/\/strangercam.com\/chat-avenue\/\",\"name\":\"Chat Avenue - Free Video Chat Rooms - StrangerCam.com\",\"isPartOf\":{\"@id\":\"https:\/\/strangercam.com\/#website\"},\"datePublished\":\"2024-09-19T09:35:24+00:00\",\"dateModified\":\"2024-09-19T09:37:00+00:00\",\"description\":\"Discover Chat Avenue, the ultimate online platform connecting you to free chat rooms and a global community. Join Chat Ave today!\",\"breadcrumb\":{\"@id\":\"https:\/\/strangercam.com\/chat-avenue\/#breadcrumb\"},\"inLanguage\":\"pl-PL\",\"potentialAction\":[{\"@type\":\"ReadAction\",\"target\":[\"https:\/\/strangercam.com\/chat-avenue\/\"]}]},{\"@type\":\"BreadcrumbList\",\"@id\":\"https:\/\/strangercam.com\/chat-avenue\/#breadcrumb\",\"itemListElement\":[{\"@type\":\"ListItem\",\"position\":1,\"name\":\"Home\",\"item\":\"https:\/\/strangercam.com\/\"},{\"@type\":\"ListItem\",\"position\":2,\"name\":\"Chat Avenue\"}]},{\"@type\":\"WebSite\",\"@id\":\"https:\/\/strangercam.com\/#website\",\"url\":\"https:\/\/strangercam.com\/\",\"name\":\"Strangercam\",\"description\":\"Random Video Chat with Strangers\",\"publisher\":{\"@id\":\"https:\/\/strangercam.com\/#organization\"},\"alternateName\":\"Strangercam.com\",\"potentialAction\":[{\"@type\":\"SearchAction\",\"target\":{\"@type\":\"EntryPoint\",\"urlTemplate\":\"https:\/\/strangercam.com\/?s={search_term_string}\"},\"query-input\":{\"@type\":\"PropertyValueSpecification\",\"valueRequired\":true,\"valueName\":\"search_term_string\"}}],\"inLanguage\":\"pl-PL\"},{\"@type\":\"Organization\",\"@id\":\"https:\/\/strangercam.com\/#organization\",\"name\":\"Strangercam\",\"alternateName\":\"Strangercam.com\",\"url\":\"https:\/\/strangercam.com\/\",\"logo\":{\"@type\":\"ImageObject\",\"inLanguage\":\"pl-PL\",\"@id\":\"https:\/\/strangercam.com\/#\/schema\/logo\/image\/\",\"url\":\"https:\/\/strangercam.com\/wp-content\/uploads\/2020\/11\/cropped-new-favicon-black.png\",\"contentUrl\":\"https:\/\/strangercam.com\/wp-content\/uploads\/2020\/11\/cropped-new-favicon-black.png\",\"width\":512,\"height\":512,\"caption\":\"Strangercam\"},\"image\":{\"@id\":\"https:\/\/strangercam.com\/#\/schema\/logo\/image\/\"},\"sameAs\":[\"https:\/\/www.facebook.com\/strangercam\",\"https:\/\/x.com\/strangercamapp\"]}]}<\/script>\n<!-- \/ Yoast SEO plugin. -->","yoast_head_json":{"title":"Chat Avenue - Darmowe czaty wideo - StrangerCam.com","description":"Odkryj Chat Avenue, najlepsz\u0105 platform\u0119 online \u0142\u0105cz\u0105c\u0105 Ci\u0119 z darmowymi pokojami czatu i globaln\u0105 spo\u0142eczno\u015bci\u0105. Do\u0142\u0105cz do Chat Ave ju\u017c dzi\u015b!","robots":{"index":"index","follow":"follow","max-snippet":"max-snippet:-1","max-image-preview":"max-image-preview:large","max-video-preview":"max-video-preview:-1"},"canonical":"https:\/\/strangercam.com\/pl\/chat-avenue\/","og_locale":"pl_PL","og_type":"article","og_title":"Chat Avenue - Free Video Chat Rooms - StrangerCam.com","og_description":"Discover Chat Avenue, the ultimate online platform connecting you to free chat rooms and a global community. Join Chat Ave today!","og_url":"https:\/\/strangercam.com\/pl\/chat-avenue\/","og_site_name":"Strangercam","article_publisher":"https:\/\/www.facebook.com\/strangercam","article_modified_time":"2024-09-19T09:37:00+00:00","og_image":[{"width":800,"height":532,"url":"https:\/\/strangercam.com\/wp-content\/uploads\/2021\/10\/Untitled-2.png","type":"image\/png"}],"twitter_card":"summary_large_image","twitter_site":"@strangercamapp","twitter_misc":{"Szacowany czas czytania":"7 minut"},"schema":{"@context":"https:\/\/schema.org","@graph":[{"@type":"WebPage","@id":"https:\/\/strangercam.com\/chat-avenue\/","url":"https:\/\/strangercam.com\/chat-avenue\/","name":"Chat Avenue - Darmowe czaty wideo - StrangerCam.com","isPartOf":{"@id":"https:\/\/strangercam.com\/#website"},"datePublished":"2024-09-19T09:35:24+00:00","dateModified":"2024-09-19T09:37:00+00:00","description":"Odkryj Chat Avenue, najlepsz\u0105 platform\u0119 online \u0142\u0105cz\u0105c\u0105 Ci\u0119 z darmowymi pokojami czatu i globaln\u0105 spo\u0142eczno\u015bci\u0105. Do\u0142\u0105cz do Chat Ave ju\u017c dzi\u015b!","breadcrumb":{"@id":"https:\/\/strangercam.com\/chat-avenue\/#breadcrumb"},"inLanguage":"pl-PL","potentialAction":[{"@type":"ReadAction","target":["https:\/\/strangercam.com\/chat-avenue\/"]}]},{"@type":"BreadcrumbList","@id":"https:\/\/strangercam.com\/chat-avenue\/#breadcrumb","itemListElement":[{"@type":"ListItem","position":1,"name":"Home","item":"https:\/\/strangercam.com\/"},{"@type":"ListItem","position":2,"name":"Chat Avenue"}]},{"@type":"WebSite","@id":"https:\/\/strangercam.com\/#website","url":"https:\/\/strangercam.com\/","name":"Strangercam","description":"Losowy czat wideo z nieznajomymi","publisher":{"@id":"https:\/\/strangercam.com\/#organization"},"alternateName":"Strangercam.com","potentialAction":[{"@type":"SearchAction","target":{"@type":"EntryPoint","urlTemplate":"https:\/\/strangercam.com\/?s={search_term_string}"},"query-input":{"@type":"PropertyValueSpecification","valueRequired":true,"valueName":"search_term_string"}}],"inLanguage":"pl-PL"},{"@type":"Organization","@id":"https:\/\/strangercam.com\/#organization","name":"Strangercam","alternateName":"Strangercam.com","url":"https:\/\/strangercam.com\/","logo":{"@type":"ImageObject","inLanguage":"pl-PL","@id":"https:\/\/strangercam.com\/#\/schema\/logo\/image\/","url":"https:\/\/strangercam.com\/wp-content\/uploads\/2020\/11\/cropped-new-favicon-black.png","contentUrl":"https:\/\/strangercam.com\/wp-content\/uploads\/2020\/11\/cropped-new-favicon-black.png","width":512,"height":512,"caption":"Strangercam"},"image":{"@id":"https:\/\/strangercam.com\/#\/schema\/logo\/image\/"},"sameAs":["https:\/\/www.facebook.com\/strangercam","https:\/\/x.com\/strangercamapp"]}]}},"_links":{"self":[{"href":"https:\/\/strangercam.com\/pl\/wp-json\/wp\/v2\/pages\/8386","targetHints":{"allow":["GET"]}}],"collection":[{"href":"https:\/\/strangercam.com\/pl\/wp-json\/wp\/v2\/pages"}],"about":[{"href":"https:\/\/strangercam.com\/pl\/wp-json\/wp\/v2\/types\/page"}],"author":[{"embeddable":true,"href":"https:\/\/strangercam.com\/pl\/wp-json\/wp\/v2\/users\/6"}],"replies":[{"embeddable":true,"href":"https:\/\/strangercam.com\/pl\/wp-json\/wp\/v2\/comments?post=8386"}],"version-history":[{"count":0,"href":"https:\/\/strangercam.com\/pl\/wp-json\/wp\/v2\/pages\/8386\/revisions"}],"wp:attachment":[{"href":"https:\/\/strangercam.com\/pl\/wp-json\/wp\/v2\/media?parent=8386"}],"curies":[{"name":"wp","href":"https:\/\/api.w.org\/{rel}","templated":true}]}}