{"id":8226,"date":"2021-09-23T14:11:49","date_gmt":"2021-09-23T12:11:49","guid":{"rendered":"https:\/\/strangercam.com\/?page_id=8226"},"modified":"2023-08-21T12:24:41","modified_gmt":"2023-08-21T10:24:41","slug":"echat","status":"publish","type":"page","link":"https:\/\/strangercam.com\/pl\/echat\/","title":{"rendered":"eChat"},"content":{"rendered":"<h2>Czy powiniene\u015b inicjowa\u0107 rozmow\u0119 z nieznajomym?<\/h2>\n<p>To pytanie zadaj\u0105 sobie niemal wszyscy, kt\u00f3rzy z natury s\u0105 pow\u015bci\u0105gliwi. Ekstrawertycy nie maj\u0105 takich problem\u00f3w, poniewa\u017c s\u0105 otwarci i mog\u0105 \u0142atwo dogada\u0107 si\u0119 z ka\u017cd\u0105 osob\u0105. Ale poniewa\u017c \u015bwiat jest pe\u0142en oszust\u00f3w, oszust\u00f3w i tych, kt\u00f3rzy zamierzaj\u0105 skrzywdzi\u0107 innych, musisz podj\u0105\u0107 odpowiednie \u015brodki ostro\u017cno\u015bci. Staje si\u0119 to tym wa\u017cniejsze, je\u015bli pr\u00f3bujesz rozmawia\u0107 z nieznajomymi za po\u015brednictwem Internetu. <a href=\"https:\/\/strangercam.com\/pl\/chatroulette\/\">czat<\/a> pokoje. Przy <b>echat<\/b>, Mo\u017cesz prowadzi\u0107 zdrowe rozmowy, poniewa\u017c mo\u017cesz zobaczy\u0107 profile innych os\u00f3b. Mo\u017cesz tak\u017ce czatowa\u0107 z osobami o podobnych zainteresowaniach.<\/p>\n<h2>Kim jest nieznajomy?<\/h2>\n<p>Aby prze\u0142ama\u0107 swoj\u0105 introwertyczn\u0105 natur\u0119, najlepszym miejscem jest <b>echat<\/b>. Tutaj mo\u017cna natkn\u0105\u0107 si\u0119 na r\u00f3\u017cne typy ludzi w ka\u017cdym wieku, zar\u00f3wno m\u0119\u017cczyzn, jak i kobiety o r\u00f3\u017cnych zainteresowaniach. Musisz zainicjowa\u0107 czat lub kto\u015b inny mo\u017ce to zrobi\u0107. Mo\u017cesz nie zna\u0107 tej osoby z wyj\u0105tkiem utworzonego profilu. S\u0105 nieznajomymi, poniewa\u017c nie wiesz o nich zbyt wiele. Jest to <a href=\"https:\/\/strangercam.com\/pl\/only2chat\/\">tylko<\/a> Po nawi\u0105zaniu kontaktu i rozmowie z nimi przez d\u0142u\u017cszy czas mo\u017cesz dowiedzie\u0107 si\u0119, czy mog\u0105 by\u0107 przyjaci\u00f3\u0142mi.<\/p>\n<h2>Nawi\u0105zywanie nowych znajomo\u015bci<\/h2>\n<p>Pami\u0119taj, \u017ce ka\u017cdy potrzebuje przyjaci\u00f3\u0142, a cz\u0142owiek jest zwierz\u0119ciem spo\u0142ecznym. Po prostu nie jest mo\u017cliwe dalsze unikanie innych nieznanych os\u00f3b. Portale internetowe, takie jak <b>echat<\/b> zapewniaj\u0105 mo\u017cliwo\u015b\u0107 nawi\u0105zania kontaktu z innymi osobami, niezale\u017cnie od ich lokalizacji lub odleg\u0142o\u015bci. Wystarczy zainicjowa\u0107 czat za pomoc\u0105 \u2018Cze\u015b\u0107\u2019 lub \u2018Cze\u015b\u0107\u2019, je\u015bli s\u0105 zainteresowani, rozmowy b\u0119d\u0105 kontynuowane. To, czy b\u0119dzie ona trwa\u0142a godzinami, czy te\u017c zako\u0144czy si\u0119 w ci\u0105gu minuty, zale\u017cy od zainteresowania i wybranego tematu. Dlatego nale\u017cy okre\u015bli\u0107 kategorie, w kt\u00f3rych omawiane s\u0105 tematy <a href=\"https:\/\/strangercam.com\/pl\/chatmatch\/\">mecz<\/a> swoj\u0105 mentalno\u015b\u0107 i wiedz\u0119. Poczujesz si\u0119 tu komfortowo i nie b\u0119dziesz uwa\u017ca\u0142 si\u0119 za kosmit\u0119. Takie otoczenie mo\u017ce by\u0107 bezpieczne i interesuj\u0105ce. Je\u015bli czujesz, \u017ce otoczenie jest zagra\u017caj\u0105ce, zawsze mo\u017cesz przenie\u015b\u0107 si\u0119 do lepszego. <a href=\"https:\/\/strangercam.com\/pl\/1v1-chat\/\">jeden<\/a> lub po prostu prze\u0142\u0105czy\u0107 si\u0119 na inny <a href=\"https:\/\/strangercam.com\/pl\/chatingly\/\">czat<\/a> portal. Docieranie do nowych ludzi pomaga nawi\u0105zywa\u0107 nowe znajomo\u015bci i przyja\u017anie. Wymaga to czasu i wielu stara\u0144. Ale wyniki mog\u0105 by\u0107 wspania\u0142e, pod warunkiem, \u017ce wiesz, jak rozpocz\u0105\u0107 pierwsz\u0105 rozmow\u0119.<\/p>\n<p>Czatowanie online z nieznajomymi utrzymuje serce w dobrej kondycji, zar\u00f3wno psychicznej, jak i umys\u0142owej. Mo\u017cesz nawet wypowiedzie\u0107 swoje serce z tymi, z kt\u00f3rymi czujesz si\u0119 komfortowo, bezpiecznie i w pe\u0142ni po\u0142\u0105czony. S\u0105 szanse, \u017ce udziel\u0105 ci oni przydatnych porad, kt\u00f3re pomog\u0105 ci wydosta\u0107 si\u0119 z obecnego ba\u0142aganu i z wieloma rzeczami.<\/p>","protected":false},"excerpt":{"rendered":"<p>Should you initiate talk with a stranger? This is a question that is asked by almost all those who are reserved by nature. The extroverts do not face such trouble since they are outspoken and can get along with any person easily. But with the world being full of scammers, fraudsters, and those who intend [&hellip;]<\/p>\n","protected":false},"author":6,"featured_media":559,"parent":0,"menu_order":0,"comment_status":"closed","ping_status":"closed","template":"","meta":{"footnotes":""},"class_list":["post-8226","page","type-page","status-publish","has-post-thumbnail","hentry"],"yoast_head":"<!-- This site is optimized with the Yoast SEO plugin v26.9 - https:\/\/yoast.com\/product\/yoast-seo-wordpress\/ -->\n<title>eChat - Anonymous Chat For Two - Cam on StrangerCam.com<\/title>\n<meta name=\"description\" content=\"Like eChat? Come chat with more than 5.000.000 strangers on Stranger Cam for Free! Turn on your cam and find new friends &amp; maby a match!\" \/>\n<meta name=\"robots\" content=\"index, follow, max-snippet:-1, max-image-preview:large, max-video-preview:-1\" \/>\n<link rel=\"canonical\" href=\"https:\/\/strangercam.com\/pl\/echat\/\" \/>\n<meta property=\"og:locale\" content=\"pl_PL\" \/>\n<meta property=\"og:type\" content=\"article\" \/>\n<meta property=\"og:title\" content=\"eChat - Anonymous Chat For Two - Cam on StrangerCam.com\" \/>\n<meta property=\"og:description\" content=\"Like eChat? Come chat with more than 5.000.000 strangers on Stranger Cam for Free! Turn on your cam and find new friends &amp; maby a match!\" \/>\n<meta property=\"og:url\" content=\"https:\/\/strangercam.com\/pl\/echat\/\" \/>\n<meta property=\"og:site_name\" content=\"Strangercam\" \/>\n<meta property=\"article:publisher\" content=\"https:\/\/www.facebook.com\/strangercam\" \/>\n<meta property=\"article:modified_time\" content=\"2023-08-21T10:24:41+00:00\" \/>\n<meta property=\"og:image\" content=\"https:\/\/strangercam.com\/wp-content\/uploads\/2020\/11\/stranger-cam-1.png\" \/>\n\t<meta property=\"og:image:width\" content=\"800\" \/>\n\t<meta property=\"og:image:height\" content=\"800\" \/>\n\t<meta property=\"og:image:type\" content=\"image\/png\" \/>\n<meta name=\"twitter:card\" content=\"summary_large_image\" \/>\n<meta name=\"twitter:site\" content=\"@strangercamapp\" \/>\n<meta name=\"twitter:label1\" content=\"Szacowany czas czytania\" \/>\n\t<meta name=\"twitter:data1\" content=\"2 minuty\" \/>\n<script type=\"application\/ld+json\" class=\"yoast-schema-graph\">{\"@context\":\"https:\/\/schema.org\",\"@graph\":[{\"@type\":\"WebPage\",\"@id\":\"https:\/\/strangercam.com\/echat\/\",\"url\":\"https:\/\/strangercam.com\/echat\/\",\"name\":\"eChat - Anonymous Chat For Two - Cam on StrangerCam.com\",\"isPartOf\":{\"@id\":\"https:\/\/strangercam.com\/#website\"},\"primaryImageOfPage\":{\"@id\":\"https:\/\/strangercam.com\/echat\/#primaryimage\"},\"image\":{\"@id\":\"https:\/\/strangercam.com\/echat\/#primaryimage\"},\"thumbnailUrl\":\"https:\/\/strangercam.com\/wp-content\/uploads\/2020\/11\/stranger-cam-1.png\",\"datePublished\":\"2021-09-23T12:11:49+00:00\",\"dateModified\":\"2023-08-21T10:24:41+00:00\",\"description\":\"Like eChat? Come chat with more than 5.000.000 strangers on Stranger Cam for Free! Turn on your cam and find new friends & maby a match!\",\"breadcrumb\":{\"@id\":\"https:\/\/strangercam.com\/echat\/#breadcrumb\"},\"inLanguage\":\"pl-PL\",\"potentialAction\":[{\"@type\":\"ReadAction\",\"target\":[\"https:\/\/strangercam.com\/echat\/\"]}]},{\"@type\":\"ImageObject\",\"inLanguage\":\"pl-PL\",\"@id\":\"https:\/\/strangercam.com\/echat\/#primaryimage\",\"url\":\"https:\/\/strangercam.com\/wp-content\/uploads\/2020\/11\/stranger-cam-1.png\",\"contentUrl\":\"https:\/\/strangercam.com\/wp-content\/uploads\/2020\/11\/stranger-cam-1.png\",\"width\":800,\"height\":800,\"caption\":\"stranger cam random video chat\"},{\"@type\":\"BreadcrumbList\",\"@id\":\"https:\/\/strangercam.com\/echat\/#breadcrumb\",\"itemListElement\":[{\"@type\":\"ListItem\",\"position\":1,\"name\":\"Home\",\"item\":\"https:\/\/strangercam.com\/\"},{\"@type\":\"ListItem\",\"position\":2,\"name\":\"eChat\"}]},{\"@type\":\"WebSite\",\"@id\":\"https:\/\/strangercam.com\/#website\",\"url\":\"https:\/\/strangercam.com\/\",\"name\":\"Strangercam\",\"description\":\"Random Video Chat with Strangers\",\"publisher\":{\"@id\":\"https:\/\/strangercam.com\/#organization\"},\"alternateName\":\"Strangercam.com\",\"potentialAction\":[{\"@type\":\"SearchAction\",\"target\":{\"@type\":\"EntryPoint\",\"urlTemplate\":\"https:\/\/strangercam.com\/?s={search_term_string}\"},\"query-input\":{\"@type\":\"PropertyValueSpecification\",\"valueRequired\":true,\"valueName\":\"search_term_string\"}}],\"inLanguage\":\"pl-PL\"},{\"@type\":\"Organization\",\"@id\":\"https:\/\/strangercam.com\/#organization\",\"name\":\"Strangercam\",\"alternateName\":\"Strangercam.com\",\"url\":\"https:\/\/strangercam.com\/\",\"logo\":{\"@type\":\"ImageObject\",\"inLanguage\":\"pl-PL\",\"@id\":\"https:\/\/strangercam.com\/#\/schema\/logo\/image\/\",\"url\":\"https:\/\/strangercam.com\/wp-content\/uploads\/2020\/11\/cropped-new-favicon-black.png\",\"contentUrl\":\"https:\/\/strangercam.com\/wp-content\/uploads\/2020\/11\/cropped-new-favicon-black.png\",\"width\":512,\"height\":512,\"caption\":\"Strangercam\"},\"image\":{\"@id\":\"https:\/\/strangercam.com\/#\/schema\/logo\/image\/\"},\"sameAs\":[\"https:\/\/www.facebook.com\/strangercam\",\"https:\/\/x.com\/strangercamapp\"]}]}<\/script>\n<!-- \/ Yoast SEO plugin. -->","yoast_head_json":{"title":"eChat - Anonimowy czat dla dwojga - kamera na StrangerCam.com","description":"Jak eChat? Przyjd\u017a na czat z ponad 5.000.000 nieznajomych na Stranger Cam za darmo! W\u0142\u0105cz kamer\u0119 i znajd\u017a nowych przyjaci\u00f3\u0142 i mo\u017ce mecz!","robots":{"index":"index","follow":"follow","max-snippet":"max-snippet:-1","max-image-preview":"max-image-preview:large","max-video-preview":"max-video-preview:-1"},"canonical":"https:\/\/strangercam.com\/pl\/echat\/","og_locale":"pl_PL","og_type":"article","og_title":"eChat - Anonymous Chat For Two - Cam on StrangerCam.com","og_description":"Like eChat? Come chat with more than 5.000.000 strangers on Stranger Cam for Free! Turn on your cam and find new friends & maby a match!","og_url":"https:\/\/strangercam.com\/pl\/echat\/","og_site_name":"Strangercam","article_publisher":"https:\/\/www.facebook.com\/strangercam","article_modified_time":"2023-08-21T10:24:41+00:00","og_image":[{"width":800,"height":800,"url":"https:\/\/strangercam.com\/wp-content\/uploads\/2020\/11\/stranger-cam-1.png","type":"image\/png"}],"twitter_card":"summary_large_image","twitter_site":"@strangercamapp","twitter_misc":{"Szacowany czas czytania":"2 minuty"},"schema":{"@context":"https:\/\/schema.org","@graph":[{"@type":"WebPage","@id":"https:\/\/strangercam.com\/echat\/","url":"https:\/\/strangercam.com\/echat\/","name":"eChat - Anonimowy czat dla dwojga - kamera na StrangerCam.com","isPartOf":{"@id":"https:\/\/strangercam.com\/#website"},"primaryImageOfPage":{"@id":"https:\/\/strangercam.com\/echat\/#primaryimage"},"image":{"@id":"https:\/\/strangercam.com\/echat\/#primaryimage"},"thumbnailUrl":"https:\/\/strangercam.com\/wp-content\/uploads\/2020\/11\/stranger-cam-1.png","datePublished":"2021-09-23T12:11:49+00:00","dateModified":"2023-08-21T10:24:41+00:00","description":"Jak eChat? Przyjd\u017a na czat z ponad 5.000.000 nieznajomych na Stranger Cam za darmo! W\u0142\u0105cz kamer\u0119 i znajd\u017a nowych przyjaci\u00f3\u0142 i mo\u017ce mecz!","breadcrumb":{"@id":"https:\/\/strangercam.com\/echat\/#breadcrumb"},"inLanguage":"pl-PL","potentialAction":[{"@type":"ReadAction","target":["https:\/\/strangercam.com\/echat\/"]}]},{"@type":"ImageObject","inLanguage":"pl-PL","@id":"https:\/\/strangercam.com\/echat\/#primaryimage","url":"https:\/\/strangercam.com\/wp-content\/uploads\/2020\/11\/stranger-cam-1.png","contentUrl":"https:\/\/strangercam.com\/wp-content\/uploads\/2020\/11\/stranger-cam-1.png","width":800,"height":800,"caption":"stranger cam random video chat"},{"@type":"BreadcrumbList","@id":"https:\/\/strangercam.com\/echat\/#breadcrumb","itemListElement":[{"@type":"ListItem","position":1,"name":"Home","item":"https:\/\/strangercam.com\/"},{"@type":"ListItem","position":2,"name":"eChat"}]},{"@type":"WebSite","@id":"https:\/\/strangercam.com\/#website","url":"https:\/\/strangercam.com\/","name":"Strangercam","description":"Losowy czat wideo z nieznajomymi","publisher":{"@id":"https:\/\/strangercam.com\/#organization"},"alternateName":"Strangercam.com","potentialAction":[{"@type":"SearchAction","target":{"@type":"EntryPoint","urlTemplate":"https:\/\/strangercam.com\/?s={search_term_string}"},"query-input":{"@type":"PropertyValueSpecification","valueRequired":true,"valueName":"search_term_string"}}],"inLanguage":"pl-PL"},{"@type":"Organization","@id":"https:\/\/strangercam.com\/#organization","name":"Strangercam","alternateName":"Strangercam.com","url":"https:\/\/strangercam.com\/","logo":{"@type":"ImageObject","inLanguage":"pl-PL","@id":"https:\/\/strangercam.com\/#\/schema\/logo\/image\/","url":"https:\/\/strangercam.com\/wp-content\/uploads\/2020\/11\/cropped-new-favicon-black.png","contentUrl":"https:\/\/strangercam.com\/wp-content\/uploads\/2020\/11\/cropped-new-favicon-black.png","width":512,"height":512,"caption":"Strangercam"},"image":{"@id":"https:\/\/strangercam.com\/#\/schema\/logo\/image\/"},"sameAs":["https:\/\/www.facebook.com\/strangercam","https:\/\/x.com\/strangercamapp"]}]}},"_links":{"self":[{"href":"https:\/\/strangercam.com\/pl\/wp-json\/wp\/v2\/pages\/8226","targetHints":{"allow":["GET"]}}],"collection":[{"href":"https:\/\/strangercam.com\/pl\/wp-json\/wp\/v2\/pages"}],"about":[{"href":"https:\/\/strangercam.com\/pl\/wp-json\/wp\/v2\/types\/page"}],"author":[{"embeddable":true,"href":"https:\/\/strangercam.com\/pl\/wp-json\/wp\/v2\/users\/6"}],"replies":[{"embeddable":true,"href":"https:\/\/strangercam.com\/pl\/wp-json\/wp\/v2\/comments?post=8226"}],"version-history":[{"count":0,"href":"https:\/\/strangercam.com\/pl\/wp-json\/wp\/v2\/pages\/8226\/revisions"}],"wp:featuredmedia":[{"embeddable":true,"href":"https:\/\/strangercam.com\/pl\/wp-json\/wp\/v2\/media\/559"}],"wp:attachment":[{"href":"https:\/\/strangercam.com\/pl\/wp-json\/wp\/v2\/media?parent=8226"}],"curies":[{"name":"wp","href":"https:\/\/api.w.org\/{rel}","templated":true}]}}