{"id":8192,"date":"2021-09-23T12:59:14","date_gmt":"2021-09-23T10:59:14","guid":{"rendered":"https:\/\/strangercam.com\/?page_id=8192"},"modified":"2023-08-21T12:48:27","modified_gmt":"2023-08-21T10:48:27","slug":"voojio","status":"publish","type":"page","link":"https:\/\/strangercam.com\/pl\/voojio\/","title":{"rendered":"Voojio"},"content":{"rendered":"<p>W dzisiejszych czasach ludzie w ka\u017cdym wieku i ka\u017cdej p\u0142ci wydaj\u0105 si\u0119 by\u0107 zainteresowani internetowymi platformami randkowymi. Jest to prawdopodobnie najlepsze miejsce do <a href=\"https:\/\/strangercam.com\/pl\/coomeet\/\">spotkanie<\/a> nieznajomych i nawi\u0105zywa\u0107 przyja\u017anie. Mo\u017cliwe, \u017ce natkniesz si\u0119 na swojego partnera lub bratni\u0105 dusz\u0119 poprzez <b>voojio<\/b>.<\/p>\n<h2>Korzy\u015bci z randek online<\/h2>\n<p>Randki przez internet <a href=\"https:\/\/strangercam.com\/pl\/chatroom2000\/\">chatroom<\/a> ma swoje zalety. Pierwsza <a href=\"https:\/\/strangercam.com\/pl\/1v1-chat\/\">jeden<\/a> jest to, \u017ce nie trzeba wydawa\u0107 czasu i pieni\u0119dzy na uroczyst\u0105 kolacj\u0119, lunch czy kaw\u0119. Nie ma te\u017c potrzeby wr\u0119czania kosztownych prezent\u00f3w. Wystarczy po prostu by\u0107 obecnym w tym miejscu. <a href=\"https:\/\/strangercam.com\/pl\/chatroulette\/\">czat<\/a> pok\u00f3j, aby cieszy\u0107 si\u0119 ciekawymi rozmowami. Poniewa\u017c nie ma spotkania twarz\u0105 w twarz, mo\u017cesz unikn\u0105\u0107 czasu, kt\u00f3ry w przeciwnym razie po\u015bwi\u0119ci\u0142by\u015b na ubieranie si\u0119, aby dobrze wygl\u0105da\u0107. <b>Voojio<\/b> zapewnia przewag\u0119. Je\u015bli natkniesz si\u0119 na kogo\u015b nudnego, po prostu przesta\u0144, bez konieczno\u015bci podawania jakichkolwiek wym\u00f3wek lub wyja\u015bnie\u0144. Nie ma te\u017c miejsca na poczucie za\u017cenowania.<\/p>\n<h2>Przezwyci\u0119\u017canie problem\u00f3w<\/h2>\n<p>Pami\u0119taj jednak, \u017ce Internet jest r\u00f3wnie\u017c pe\u0142en oszustw i oszust\u00f3w, o czym musisz wiedzie\u0107. Online <a href=\"https:\/\/strangercam.com\/pl\/chatingly\/\">czat<\/a> strony takie jak <b>voojio<\/b> podejmuj\u0105 wszelkie \u015brodki ostro\u017cno\u015bci, aby zapobiec oszustwom i wy\u0142udzeniom. Jednak musisz zrobi\u0107 wszystko, aby pozosta\u0107 bezpiecznym i nie da\u0107 si\u0119 oszuka\u0107 przez skrupulatnych ludzi. Nie sta\u0144 si\u0119 \u0142atwym \u0142upem.<\/p>\n<h2>Kroki, kt\u00f3re nale\u017cy wykona\u0107, aby nawi\u0105za\u0107 znajomo\u015bci na dowolnym czacie<\/h2>\n<p>Unikaj podawania prywatnych lub osobistych informacji w jakiejkolwiek formie na czatach. Unikaj ujawniania szczeg\u00f3\u0142\u00f3w na sw\u00f3j temat i prowad\u017a tylko swobodne rozmowy. Unikaj m\u00f3wienia o swoim \u017cyciu osobistym, miejscu pracy lub jakichkolwiek szczeg\u00f3\u0142ach na sw\u00f3j temat. Pomo\u017ce to zapobiec wp\u0142ywaniu oszust\u00f3w na Twoje \u017cycie lub aspekty finansowe.<\/p>\n<p>Je\u015bli zacz\u0105\u0142e\u015b umawia\u0107 si\u0119 z kim\u015b przez czat, skorzystaj z prywatnego pokoju. Mo\u017cesz znale\u017a\u0107 <b>voojio<\/b> zapewnia prywatne pokoje pozwalaj\u0105ce cieszy\u0107 si\u0119 prywatnym czatem z osobami, kt\u00f3re znasz. Pozwala to r\u00f3wnie\u017c na zachowanie rozm\u00f3w i danych osobowych w tajemnicy przed innymi. Prywatne pokoje czatowe s\u0105 bez w\u0105tpienia bezpiecznym miejscem do prowadzenia indywidualnych rozm\u00f3w. W ten spos\u00f3b tysi\u0105ce os\u00f3b na wsp\u00f3lnym czacie nie otrzyma twoich danych osobowych, kt\u00f3re chcia\u0142by\u015b udost\u0119pni\u0107 tylko swojej wyj\u0105tkowej osobie.<\/p>\n<p>Profil na czacie powinien zawiera\u0107 prawdziwe zdj\u0119cia, a nie fa\u0142szywe. Niekt\u00f3re osoby s\u0105 onie\u015bmielone fa\u0142szywymi zdj\u0119ciami. Maj\u0105 tendencj\u0119 do podejmowania dodatkowych \u015brodk\u00f3w ostro\u017cno\u015bci podczas zbli\u017cania si\u0119 do takich profili lub po prostu ich unikaj\u0105.<\/p>\n<p>Post\u0119puj\u0105c zgodnie z powy\u017cszymi krokami w <b>voojio<\/b> pozwoli ci zdoby\u0107 prawdziw\u0105 osob\u0119 jako przyjaciela lub partnera \u017cyciowego.<\/p>","protected":false},"excerpt":{"rendered":"<p>These days, people of all ages and gender seem to be interested in online dating platforms. This is perhaps the best place to meet strangers and make friends. Chances are you may come across your partner or soul mate through voojio. Benefits of online dating Dating through the online chatroom does come with its own [&hellip;]<\/p>\n","protected":false},"author":6,"featured_media":559,"parent":0,"menu_order":0,"comment_status":"closed","ping_status":"closed","template":"","meta":{"footnotes":""},"class_list":["post-8192","page","type-page","status-publish","has-post-thumbnail","hentry"],"yoast_head":"<!-- This site is optimized with the Yoast SEO plugin v27.4 - https:\/\/yoast.com\/product\/yoast-seo-wordpress\/ -->\n<title>Voojio - Anonymous Chat For Two - Cam on StrangerCam.com<\/title>\n<meta name=\"description\" content=\"Like Voojio? Come chat with more than 5.000.000 strangers on Stranger Cam for Free! Turn on your cam and find new friends &amp; maby a match!\" \/>\n<meta name=\"robots\" content=\"index, follow, max-snippet:-1, max-image-preview:large, max-video-preview:-1\" \/>\n<link rel=\"canonical\" href=\"https:\/\/strangercam.com\/pl\/voojio\/\" \/>\n<meta property=\"og:locale\" content=\"pl_PL\" \/>\n<meta property=\"og:type\" content=\"article\" \/>\n<meta property=\"og:title\" content=\"Voojio - Anonymous Chat For Two - Cam on StrangerCam.com\" \/>\n<meta property=\"og:description\" content=\"Like Voojio? Come chat with more than 5.000.000 strangers on Stranger Cam for Free! Turn on your cam and find new friends &amp; maby a match!\" \/>\n<meta property=\"og:url\" content=\"https:\/\/strangercam.com\/pl\/voojio\/\" \/>\n<meta property=\"og:site_name\" content=\"Strangercam\" \/>\n<meta property=\"article:publisher\" content=\"https:\/\/www.facebook.com\/strangercam\" \/>\n<meta property=\"article:modified_time\" content=\"2023-08-21T10:48:27+00:00\" \/>\n<meta property=\"og:image\" content=\"https:\/\/strangercam.com\/wp-content\/uploads\/2020\/11\/stranger-cam-1.png\" \/>\n\t<meta property=\"og:image:width\" content=\"800\" \/>\n\t<meta property=\"og:image:height\" content=\"800\" \/>\n\t<meta property=\"og:image:type\" content=\"image\/png\" \/>\n<meta name=\"twitter:card\" content=\"summary_large_image\" \/>\n<meta name=\"twitter:site\" content=\"@strangercamapp\" \/>\n<meta name=\"twitter:label1\" content=\"Szacowany czas czytania\" \/>\n\t<meta name=\"twitter:data1\" content=\"2 minuty\" \/>\n<script type=\"application\/ld+json\" class=\"yoast-schema-graph\">{\"@context\":\"https:\\\/\\\/schema.org\",\"@graph\":[{\"@type\":\"WebPage\",\"@id\":\"https:\\\/\\\/strangercam.com\\\/voojio\\\/\",\"url\":\"https:\\\/\\\/strangercam.com\\\/voojio\\\/\",\"name\":\"Voojio - Anonymous Chat For Two - Cam on StrangerCam.com\",\"isPartOf\":{\"@id\":\"https:\\\/\\\/strangercam.com\\\/#website\"},\"primaryImageOfPage\":{\"@id\":\"https:\\\/\\\/strangercam.com\\\/voojio\\\/#primaryimage\"},\"image\":{\"@id\":\"https:\\\/\\\/strangercam.com\\\/voojio\\\/#primaryimage\"},\"thumbnailUrl\":\"https:\\\/\\\/strangercam.com\\\/wp-content\\\/uploads\\\/2020\\\/11\\\/stranger-cam-1.png\",\"datePublished\":\"2021-09-23T10:59:14+00:00\",\"dateModified\":\"2023-08-21T10:48:27+00:00\",\"description\":\"Like Voojio? Come chat with more than 5.000.000 strangers on Stranger Cam for Free! Turn on your cam and find new friends & maby a match!\",\"breadcrumb\":{\"@id\":\"https:\\\/\\\/strangercam.com\\\/voojio\\\/#breadcrumb\"},\"inLanguage\":\"pl-PL\",\"potentialAction\":[{\"@type\":\"ReadAction\",\"target\":[\"https:\\\/\\\/strangercam.com\\\/voojio\\\/\"]}]},{\"@type\":\"ImageObject\",\"inLanguage\":\"pl-PL\",\"@id\":\"https:\\\/\\\/strangercam.com\\\/voojio\\\/#primaryimage\",\"url\":\"https:\\\/\\\/strangercam.com\\\/wp-content\\\/uploads\\\/2020\\\/11\\\/stranger-cam-1.png\",\"contentUrl\":\"https:\\\/\\\/strangercam.com\\\/wp-content\\\/uploads\\\/2020\\\/11\\\/stranger-cam-1.png\",\"width\":800,\"height\":800,\"caption\":\"stranger cam random video chat\"},{\"@type\":\"BreadcrumbList\",\"@id\":\"https:\\\/\\\/strangercam.com\\\/voojio\\\/#breadcrumb\",\"itemListElement\":[{\"@type\":\"ListItem\",\"position\":1,\"name\":\"Home\",\"item\":\"https:\\\/\\\/strangercam.com\\\/\"},{\"@type\":\"ListItem\",\"position\":2,\"name\":\"Voojio\"}]},{\"@type\":\"WebSite\",\"@id\":\"https:\\\/\\\/strangercam.com\\\/#website\",\"url\":\"https:\\\/\\\/strangercam.com\\\/\",\"name\":\"Strangercam\",\"description\":\"Random Video Chat with Strangers\",\"publisher\":{\"@id\":\"https:\\\/\\\/strangercam.com\\\/#organization\"},\"alternateName\":\"Strangercam.com\",\"potentialAction\":[{\"@type\":\"SearchAction\",\"target\":{\"@type\":\"EntryPoint\",\"urlTemplate\":\"https:\\\/\\\/strangercam.com\\\/?s={search_term_string}\"},\"query-input\":{\"@type\":\"PropertyValueSpecification\",\"valueRequired\":true,\"valueName\":\"search_term_string\"}}],\"inLanguage\":\"pl-PL\"},{\"@type\":\"Organization\",\"@id\":\"https:\\\/\\\/strangercam.com\\\/#organization\",\"name\":\"Strangercam\",\"alternateName\":\"Strangercam.com\",\"url\":\"https:\\\/\\\/strangercam.com\\\/\",\"logo\":{\"@type\":\"ImageObject\",\"inLanguage\":\"pl-PL\",\"@id\":\"https:\\\/\\\/strangercam.com\\\/#\\\/schema\\\/logo\\\/image\\\/\",\"url\":\"https:\\\/\\\/strangercam.com\\\/wp-content\\\/uploads\\\/2020\\\/11\\\/cropped-new-favicon-black.png\",\"contentUrl\":\"https:\\\/\\\/strangercam.com\\\/wp-content\\\/uploads\\\/2020\\\/11\\\/cropped-new-favicon-black.png\",\"width\":512,\"height\":512,\"caption\":\"Strangercam\"},\"image\":{\"@id\":\"https:\\\/\\\/strangercam.com\\\/#\\\/schema\\\/logo\\\/image\\\/\"},\"sameAs\":[\"https:\\\/\\\/www.facebook.com\\\/strangercam\",\"https:\\\/\\\/x.com\\\/strangercamapp\"]}]}<\/script>\n<!-- \/ Yoast SEO plugin. -->","yoast_head_json":{"title":"Voojio - Anonimowy czat dla dwojga - Kamera na StrangerCam.com","description":"Jak Voojio? Przyjd\u017a na czat z ponad 5.000.000 nieznajomych na Stranger Cam za darmo! W\u0142\u0105cz kamer\u0119 i znajd\u017a nowych przyjaci\u00f3\u0142 i mo\u017ce mecz!","robots":{"index":"index","follow":"follow","max-snippet":"max-snippet:-1","max-image-preview":"max-image-preview:large","max-video-preview":"max-video-preview:-1"},"canonical":"https:\/\/strangercam.com\/pl\/voojio\/","og_locale":"pl_PL","og_type":"article","og_title":"Voojio - Anonymous Chat For Two - Cam on StrangerCam.com","og_description":"Like Voojio? Come chat with more than 5.000.000 strangers on Stranger Cam for Free! Turn on your cam and find new friends & maby a match!","og_url":"https:\/\/strangercam.com\/pl\/voojio\/","og_site_name":"Strangercam","article_publisher":"https:\/\/www.facebook.com\/strangercam","article_modified_time":"2023-08-21T10:48:27+00:00","og_image":[{"width":800,"height":800,"url":"https:\/\/strangercam.com\/wp-content\/uploads\/2020\/11\/stranger-cam-1.png","type":"image\/png"}],"twitter_card":"summary_large_image","twitter_site":"@strangercamapp","twitter_misc":{"Szacowany czas czytania":"2 minuty"},"schema":{"@context":"https:\/\/schema.org","@graph":[{"@type":"WebPage","@id":"https:\/\/strangercam.com\/voojio\/","url":"https:\/\/strangercam.com\/voojio\/","name":"Voojio - Anonimowy czat dla dwojga - Kamera na StrangerCam.com","isPartOf":{"@id":"https:\/\/strangercam.com\/#website"},"primaryImageOfPage":{"@id":"https:\/\/strangercam.com\/voojio\/#primaryimage"},"image":{"@id":"https:\/\/strangercam.com\/voojio\/#primaryimage"},"thumbnailUrl":"https:\/\/strangercam.com\/wp-content\/uploads\/2020\/11\/stranger-cam-1.png","datePublished":"2021-09-23T10:59:14+00:00","dateModified":"2023-08-21T10:48:27+00:00","description":"Jak Voojio? Przyjd\u017a na czat z ponad 5.000.000 nieznajomych na Stranger Cam za darmo! W\u0142\u0105cz kamer\u0119 i znajd\u017a nowych przyjaci\u00f3\u0142 i mo\u017ce mecz!","breadcrumb":{"@id":"https:\/\/strangercam.com\/voojio\/#breadcrumb"},"inLanguage":"pl-PL","potentialAction":[{"@type":"ReadAction","target":["https:\/\/strangercam.com\/voojio\/"]}]},{"@type":"ImageObject","inLanguage":"pl-PL","@id":"https:\/\/strangercam.com\/voojio\/#primaryimage","url":"https:\/\/strangercam.com\/wp-content\/uploads\/2020\/11\/stranger-cam-1.png","contentUrl":"https:\/\/strangercam.com\/wp-content\/uploads\/2020\/11\/stranger-cam-1.png","width":800,"height":800,"caption":"stranger cam random video chat"},{"@type":"BreadcrumbList","@id":"https:\/\/strangercam.com\/voojio\/#breadcrumb","itemListElement":[{"@type":"ListItem","position":1,"name":"Home","item":"https:\/\/strangercam.com\/"},{"@type":"ListItem","position":2,"name":"Voojio"}]},{"@type":"WebSite","@id":"https:\/\/strangercam.com\/#website","url":"https:\/\/strangercam.com\/","name":"Strangercam","description":"Losowy czat wideo z nieznajomymi","publisher":{"@id":"https:\/\/strangercam.com\/#organization"},"alternateName":"Strangercam.com","potentialAction":[{"@type":"SearchAction","target":{"@type":"EntryPoint","urlTemplate":"https:\/\/strangercam.com\/?s={search_term_string}"},"query-input":{"@type":"PropertyValueSpecification","valueRequired":true,"valueName":"search_term_string"}}],"inLanguage":"pl-PL"},{"@type":"Organization","@id":"https:\/\/strangercam.com\/#organization","name":"Strangercam","alternateName":"Strangercam.com","url":"https:\/\/strangercam.com\/","logo":{"@type":"ImageObject","inLanguage":"pl-PL","@id":"https:\/\/strangercam.com\/#\/schema\/logo\/image\/","url":"https:\/\/strangercam.com\/wp-content\/uploads\/2020\/11\/cropped-new-favicon-black.png","contentUrl":"https:\/\/strangercam.com\/wp-content\/uploads\/2020\/11\/cropped-new-favicon-black.png","width":512,"height":512,"caption":"Strangercam"},"image":{"@id":"https:\/\/strangercam.com\/#\/schema\/logo\/image\/"},"sameAs":["https:\/\/www.facebook.com\/strangercam","https:\/\/x.com\/strangercamapp"]}]}},"_links":{"self":[{"href":"https:\/\/strangercam.com\/pl\/wp-json\/wp\/v2\/pages\/8192","targetHints":{"allow":["GET"]}}],"collection":[{"href":"https:\/\/strangercam.com\/pl\/wp-json\/wp\/v2\/pages"}],"about":[{"href":"https:\/\/strangercam.com\/pl\/wp-json\/wp\/v2\/types\/page"}],"author":[{"embeddable":true,"href":"https:\/\/strangercam.com\/pl\/wp-json\/wp\/v2\/users\/6"}],"replies":[{"embeddable":true,"href":"https:\/\/strangercam.com\/pl\/wp-json\/wp\/v2\/comments?post=8192"}],"version-history":[{"count":0,"href":"https:\/\/strangercam.com\/pl\/wp-json\/wp\/v2\/pages\/8192\/revisions"}],"wp:featuredmedia":[{"embeddable":true,"href":"https:\/\/strangercam.com\/pl\/wp-json\/wp\/v2\/media\/559"}],"wp:attachment":[{"href":"https:\/\/strangercam.com\/pl\/wp-json\/wp\/v2\/media?parent=8192"}],"curies":[{"name":"wp","href":"https:\/\/api.w.org\/{rel}","templated":true}]}}