{"id":80,"date":"2020-04-09T18:35:29","date_gmt":"2020-04-09T16:35:29","guid":{"rendered":"https:\/\/strangercam.com\/?page_id=80"},"modified":"2023-08-21T11:40:39","modified_gmt":"2023-08-21T09:40:39","slug":"chat-alternative","status":"publish","type":"page","link":"https:\/\/strangercam.com\/pl\/chat-alternative\/","title":{"rendered":"Chat Alternative"},"content":{"rendered":"<p><a href=\"https:\/\/strangercam.com\/pl\/chatroulette\/\">Czat<\/a> Alternatywna aplikacja mobilna jest idealna dla tych, kt\u00f3rzy chc\u0105 <a href=\"https:\/\/strangercam.com\/pl\/coomeet\/\">spotkanie<\/a> przypadkowych nieznajomych w r\u00f3\u017cnych cz\u0119\u015bciach \u015bwiata. Pozwala u\u017cytkownikom na <a href=\"https:\/\/strangercam.com\/pl\/rabbit-video-chat\/\">czat wideo<\/a> z innymi osobami z ich dom\u00f3w. Co wi\u0119cej, aplikacja codziennie znajduje tysi\u0105ce nowych os\u00f3b, aby zapewni\u0107 najlepsze wra\u017cenia. Inn\u0105 rzecz\u0105 jest to, \u017ce aplikacja pokazuje sposoby prowadzenia rozm\u00f3w twarz\u0105 w twarz z innymi osobami, kt\u00f3re mieszkaj\u0105 wiele kilometr\u00f3w od danego miejsca.<\/p>\n<p>Co wi\u0119cej, aplikacja zapewnia metody zaw\u0119\u017cania wynik\u00f3w, gdy kto\u015b chce rozmawia\u0107 z wybranymi nieznajomymi<a href=\"https:\/\/cashpotresulttoday.com\/\">.<\/a> Mo\u017cesz wybra\u0107 p\u0142e\u0107 i lokalizacj\u0119. Istnieje wiele korzy\u015bci wynikaj\u0105cych z wyboru p\u0142ci i lokalizacji. Czasami mo\u017cesz chcie\u0107 rozmawia\u0107 z nieznajomymi z okre\u015blonego kraju i pochodzenia. Wyb\u00f3r kraju umo\u017cliwia rozmow\u0119 z wybranymi osobami.<\/p>\n<h2>Powody, dla kt\u00f3rych warto korzysta\u0107 z aplikacji Chat Alternative<\/h2>\n<h3>1. Umo\u017cliwia u\u017cytkownikom anonimowe czatowanie z innymi osobami<\/h3>\n<p>G\u0142\u00f3wn\u0105 zalet\u0105 aplikacji Chat Alternative jest to, \u017ce umo\u017cliwia ona u\u017cytkownikom anonimowe czatowanie z innymi osobami bez konieczno\u015bci tworzenia konta<a href=\"https:\/\/nlcbplaywheresults.com\/\">.<\/a> Rzeczywi\u015bcie, aplikacja pozwala po prostu nacisn\u0105\u0107 przycisk, umo\u017cliwiaj\u0105c osobie \u0142atwe przegl\u0105danie u\u017cytkownik\u00f3w online. Kiedy masz pewno\u015b\u0107, \u017ce druga osoba nigdy nie dowie si\u0119, kim jeste\u015b, jest to moment, w kt\u00f3rym zaczynasz cieszy\u0107 si\u0119 rozmowami wideo online.<\/p>\n<h3>2. Chat Alternative ma najszybciej \u0142aduj\u0105ce si\u0119 kamery o najlepszej jako\u015bci<\/h3>\n<p>Aplikacja Chat Alternative zapewnia najszybsze \u0142adowanie <a href=\"https:\/\/strangercam.com\/pl\/camzey\/\">kamery<\/a> kt\u00f3re pozwalaj\u0105 u\u017cytkownikom pozna\u0107 wi\u0119cej os\u00f3b w kr\u00f3tkim czasie. W rzeczywisto\u015bci daje to mo\u017cliwo\u015b\u0107 poznania wielu nieznajomych, kt\u00f3rzy mog\u0105 pom\u00f3c w osi\u0105gni\u0119ciu cel\u00f3w.<\/p>\n<p>Ludzie m\u00f3wi\u0105, \u017ce jako\u015b\u0107 nie ma znaczenia, ale to nieprawda. Dobra jako\u015b\u0107 wideo jest niezb\u0119dna do skutecznej komunikacji. Nie mo\u017cna lepiej komunikowa\u0107 si\u0119 z osob\u0105 siedz\u0105c\u0105 po drugiej stronie bez odpowiedniej jako\u015bci wideo.<\/p>\n<h4>Wybierz sw\u00f3j kraj<\/h4>\n<p>Wyb\u00f3r kraju jest najwi\u0119ksz\u0105 zalet\u0105 tej aplikacji do czatowania. Przed rozpocz\u0119ciem czatu wideo mo\u017cna wybra\u0107 kraj. Po wybraniu kraju inteligentny system aplikacji kieruje Ci\u0119 do ruchu w tym kraju. Ekran w ko\u0144cu zaczyna pokazywa\u0107 ludzi z tego kraju docelowego. Mo\u017cesz rozmawia\u0107 z nieznajomymi z tego kraju.<\/p>\n<p>Nast\u0119pnie mo\u017cesz wybra\u0107 osoby, kt\u00f3re lubisz najbardziej. Rozmawiaj z nimi tak, jak chcesz. Zapewniamy funkcje, kt\u00f3re przyspiesz\u0105 rozmow\u0119. Je\u015bli uznasz j\u0105 za interesuj\u0105c\u0105, mo\u017cesz kontynuowa\u0107 rozmow\u0119; je\u015bli nie, przejd\u017a do nast\u0119pnej!<\/p>\n<h4>Zg\u0142o\u015b, je\u015bli napotkasz jakikolwiek problem<\/h4>\n<p>Podstawowym zmartwieniem os\u00f3b korzystaj\u0105cych z platform do czatowania online jest prywatno\u015b\u0107 i problemy, je\u015bli kto\u015b zrobi co\u015b nieodpowiedniego. Przede wszystkim s\u0105 to b\u0142\u0119dne przekonania na temat platform do czatowania online. Je\u015bli co\u015b takiego wydarzy si\u0119 w prawdziwym \u017cyciu podczas korzystania z aplikacji mobilnej online Chat Alternative, mo\u017cesz bezpo\u015brednio zg\u0142osi\u0107 to w\u0142adzom.<\/p>\n<p>Jest to skuteczny spos\u00f3b na ograniczanie ludzi, poniewa\u017c po zg\u0142oszeniu nie mo\u017cna ju\u017c nigdy korzysta\u0107 z platformy. Zostaniesz zablokowany na zawsze.<\/p>\n<h3>3. Chat Alternative jest ca\u0142kowicie darmowy<\/h3>\n<p>Aplikacja jest ca\u0142kowicie bezp\u0142atna dla u\u017cytkownik\u00f3w, umo\u017cliwiaj\u0105c im prowadzenie \u017cycia towarzyskiego. Co wi\u0119cej, jeszcze bardziej przyczynia si\u0119 do czatowania z innymi na r\u00f3\u017cne tematy w oparciu o ich zainteresowania. Bezp\u0142atna us\u0142uga czatu wideo pozwala u\u017cytkownikom rozmawia\u0107 przez d\u0142ugi czas bez ogranicze\u0144.<\/p>\n<p>Nie ma niezr\u0119cznych um\u00f3w i zakup\u00f3w w aplikacji. Aplikacja jest darmowa dla ka\u017cdego i wsz\u0119dzie!<\/p>\n<h3>4. Chat Alternative to \u015bwietna zabawa<\/h3>\n<p>Po pandemii COVID-19 i lockdownie ro\u015bnie liczba przypadk\u00f3w depresji. Ka\u017cdy potrzebuje ucieczki. Konieczne jest o\u017cywienie utraconej energii i znalezienie nowego kierunku \u017cycia. Mo\u017cesz swobodnie rozmawia\u0107 z nieznajomymi bez \u017cadnych obaw.<\/p>\n<p>Alternatywna aplikacja Chat zapewnia fantastyczn\u0105 okazj\u0119 do zrelaksowania umys\u0142u. Mo\u017cesz rozmawia\u0107 z nieznajomymi, aby pozby\u0107 si\u0119 obci\u0105\u017ce\u0144. Rozmawiaj z nieznajomymi i dziel si\u0119 z nimi swoimi do\u015bwiadczeniami. Mo\u017cesz tak\u017ce s\u0142ucha\u0107 ich do\u015bwiadcze\u0144 i uczy\u0107 si\u0119 od nich. Je\u015bli nic wi\u0119cej, porozmawiaj o najnowszym sezonie Netflix.<\/p>\n<h3>5. Zapewnia wi\u0119ksze bezpiecze\u0144stwo<\/h3>\n<p>Aplikacja ChatAlternative jest jedyn\u0105 aplikacj\u0105, kt\u00f3ra zapewnia u\u017cytkownikom funkcje bezpiecze\u0144stwa, gdy chc\u0105 wchodzi\u0107 w interakcje z innymi. Jest to najpopularniejsza aplikacja klasy G\u00a0<a href=\"https:\/\/strangercam.com\/pl\/bazoocam\/\">krzywka<\/a> us\u0142uga czatu dost\u0119pna na rynkach, kt\u00f3re nie zajmuj\u0105 si\u0119 grafik\u0105. Co wi\u0119cej, aplikacja umo\u017cliwia ludziom wej\u015bcie do pokoju rozm\u00f3w z wi\u0119ksz\u0105 ochron\u0105. Wiele nastolatk\u00f3w r\u00f3wnie\u017c lubi korzysta\u0107 z us\u0142ugi, co pozwala im zapewni\u0107 lepsze wra\u017cenia z czatu.<\/p>\n<h2>Jak pobra\u0107 aplikacj\u0119?<\/h2>\n<p>U\u017cytkownicy mog\u0105 pobra\u0107 aplikacj\u0119 Chat Alternative bezpo\u015brednio ze sklepu Google Play i zainstalowa\u0107 j\u0105 na swoich smartfonach lub innych urz\u0105dzeniach w prostych krokach. Aplikacja pozwala u\u017cytkownikom po prostu dotkn\u0105\u0107 przycisku start i wybra\u0107 potencjalnych nieznajomych na podstawie dokonanych wybor\u00f3w. Ponadto aplikacja dzia\u0142a zdalnie, aby nawi\u0105zywa\u0107 znajomo\u015bci zgodnie z potrzebami. Po zainstalowaniu aplikacji mo\u017cna szybciej komunikowa\u0107 si\u0119 z innymi. Ci, kt\u00f3rzy chc\u0105 zainstalowa\u0107 aplikacj\u0119, powinni dowiedzie\u0107 si\u0119 wi\u0119cej o jej wymaganiach.<\/p>\n<h2>Wnioski<\/h2>\n<p>Aplikacja mobilna Chat Alternative to dobra opcja do rozm\u00f3w z nieznajomymi. Jest ca\u0142kowicie darmowa dla ka\u017cdego. Wszystko, czego potrzebujesz, to aktywne po\u0142\u0105czenie internetowe. Wybierz j\u0119zyk, region i p\u0142e\u0107, kt\u00f3r\u0105 jeste\u015b zainteresowany i gotowe! Solidna polityka prywatno\u015bci wraz z przyjaznym dla u\u017cytkownika interfejsem sprawiaj\u0105, \u017ce ta aplikacja jest \u015bwietna!<\/p>","protected":false},"excerpt":{"rendered":"<p>Chat Alternative mobile app is ideal for those who want to meet random strangers in various parts of the world with ease. It allows users to have a video chat with others from their homes. Moreover, the app finds thousands of new people daily to ensure the best experience. Another thing is that the app [&hellip;]<\/p>\n","protected":false},"author":6,"featured_media":559,"parent":0,"menu_order":0,"comment_status":"closed","ping_status":"closed","template":"","meta":{"footnotes":""},"class_list":["post-80","page","type-page","status-publish","has-post-thumbnail","hentry"],"yoast_head":"<!-- This site is optimized with the Yoast SEO plugin v26.9 - https:\/\/yoast.com\/product\/yoast-seo-wordpress\/ -->\n<title>Chat Alternative - Cam with Strangers on StrangerCam.com<\/title>\n<meta name=\"description\" content=\"Like Chat Alternative? Come chat with more than 5.000.000 strangers on Stranger Cam for Free! Turn on your cam and find new friends!\" \/>\n<meta name=\"robots\" content=\"index, follow, max-snippet:-1, max-image-preview:large, max-video-preview:-1\" \/>\n<link rel=\"canonical\" href=\"https:\/\/strangercam.com\/pl\/chat-alternative\/\" \/>\n<meta property=\"og:locale\" content=\"pl_PL\" \/>\n<meta property=\"og:type\" content=\"article\" \/>\n<meta property=\"og:title\" content=\"Chat Alternative - Cam with Strangers on StrangerCam.com\" \/>\n<meta property=\"og:description\" content=\"Like Chat Alternative? Come chat with more than 5.000.000 strangers on Stranger Cam for Free! Turn on your cam and find new friends!\" \/>\n<meta property=\"og:url\" content=\"https:\/\/strangercam.com\/pl\/chat-alternative\/\" \/>\n<meta property=\"og:site_name\" content=\"Strangercam\" \/>\n<meta property=\"article:publisher\" content=\"https:\/\/www.facebook.com\/strangercam\" \/>\n<meta property=\"article:modified_time\" content=\"2023-08-21T09:40:39+00:00\" \/>\n<meta property=\"og:image\" content=\"https:\/\/strangercam.com\/wp-content\/uploads\/2020\/11\/stranger-cam-1.png\" \/>\n\t<meta property=\"og:image:width\" content=\"800\" \/>\n\t<meta property=\"og:image:height\" content=\"800\" \/>\n\t<meta property=\"og:image:type\" content=\"image\/png\" \/>\n<meta name=\"twitter:card\" content=\"summary_large_image\" \/>\n<meta name=\"twitter:site\" content=\"@strangercamapp\" \/>\n<meta name=\"twitter:label1\" content=\"Szacowany czas czytania\" \/>\n\t<meta name=\"twitter:data1\" content=\"4 minuty\" \/>\n<script type=\"application\/ld+json\" class=\"yoast-schema-graph\">{\"@context\":\"https:\/\/schema.org\",\"@graph\":[{\"@type\":\"WebPage\",\"@id\":\"https:\/\/strangercam.com\/chat-alternative\/\",\"url\":\"https:\/\/strangercam.com\/chat-alternative\/\",\"name\":\"Chat Alternative - Cam with Strangers on StrangerCam.com\",\"isPartOf\":{\"@id\":\"https:\/\/strangercam.com\/#website\"},\"primaryImageOfPage\":{\"@id\":\"https:\/\/strangercam.com\/chat-alternative\/#primaryimage\"},\"image\":{\"@id\":\"https:\/\/strangercam.com\/chat-alternative\/#primaryimage\"},\"thumbnailUrl\":\"https:\/\/strangercam.com\/wp-content\/uploads\/2020\/11\/stranger-cam-1.png\",\"datePublished\":\"2020-04-09T16:35:29+00:00\",\"dateModified\":\"2023-08-21T09:40:39+00:00\",\"description\":\"Like Chat Alternative? Come chat with more than 5.000.000 strangers on Stranger Cam for Free! Turn on your cam and find new friends!\",\"breadcrumb\":{\"@id\":\"https:\/\/strangercam.com\/chat-alternative\/#breadcrumb\"},\"inLanguage\":\"pl-PL\",\"potentialAction\":[{\"@type\":\"ReadAction\",\"target\":[\"https:\/\/strangercam.com\/chat-alternative\/\"]}]},{\"@type\":\"ImageObject\",\"inLanguage\":\"pl-PL\",\"@id\":\"https:\/\/strangercam.com\/chat-alternative\/#primaryimage\",\"url\":\"https:\/\/strangercam.com\/wp-content\/uploads\/2020\/11\/stranger-cam-1.png\",\"contentUrl\":\"https:\/\/strangercam.com\/wp-content\/uploads\/2020\/11\/stranger-cam-1.png\",\"width\":800,\"height\":800,\"caption\":\"stranger cam random video chat\"},{\"@type\":\"BreadcrumbList\",\"@id\":\"https:\/\/strangercam.com\/chat-alternative\/#breadcrumb\",\"itemListElement\":[{\"@type\":\"ListItem\",\"position\":1,\"name\":\"Home\",\"item\":\"https:\/\/strangercam.com\/\"},{\"@type\":\"ListItem\",\"position\":2,\"name\":\"Chat Alternative\"}]},{\"@type\":\"WebSite\",\"@id\":\"https:\/\/strangercam.com\/#website\",\"url\":\"https:\/\/strangercam.com\/\",\"name\":\"Strangercam\",\"description\":\"Random Video Chat with Strangers\",\"publisher\":{\"@id\":\"https:\/\/strangercam.com\/#organization\"},\"alternateName\":\"Strangercam.com\",\"potentialAction\":[{\"@type\":\"SearchAction\",\"target\":{\"@type\":\"EntryPoint\",\"urlTemplate\":\"https:\/\/strangercam.com\/?s={search_term_string}\"},\"query-input\":{\"@type\":\"PropertyValueSpecification\",\"valueRequired\":true,\"valueName\":\"search_term_string\"}}],\"inLanguage\":\"pl-PL\"},{\"@type\":\"Organization\",\"@id\":\"https:\/\/strangercam.com\/#organization\",\"name\":\"Strangercam\",\"alternateName\":\"Strangercam.com\",\"url\":\"https:\/\/strangercam.com\/\",\"logo\":{\"@type\":\"ImageObject\",\"inLanguage\":\"pl-PL\",\"@id\":\"https:\/\/strangercam.com\/#\/schema\/logo\/image\/\",\"url\":\"https:\/\/strangercam.com\/wp-content\/uploads\/2020\/11\/cropped-new-favicon-black.png\",\"contentUrl\":\"https:\/\/strangercam.com\/wp-content\/uploads\/2020\/11\/cropped-new-favicon-black.png\",\"width\":512,\"height\":512,\"caption\":\"Strangercam\"},\"image\":{\"@id\":\"https:\/\/strangercam.com\/#\/schema\/logo\/image\/\"},\"sameAs\":[\"https:\/\/www.facebook.com\/strangercam\",\"https:\/\/x.com\/strangercamapp\"]}]}<\/script>\n<!-- \/ Yoast SEO plugin. -->","yoast_head_json":{"title":"Chat Alternative - Kamerowanie z nieznajomymi na StrangerCam.com","description":"Jak Chat Alternative? Przyjd\u017a na czat z ponad 5.000.000 nieznajomych na Stranger Cam za darmo! W\u0142\u0105cz kamer\u0119 i znajd\u017a nowych przyjaci\u00f3\u0142!","robots":{"index":"index","follow":"follow","max-snippet":"max-snippet:-1","max-image-preview":"max-image-preview:large","max-video-preview":"max-video-preview:-1"},"canonical":"https:\/\/strangercam.com\/pl\/chat-alternative\/","og_locale":"pl_PL","og_type":"article","og_title":"Chat Alternative - Cam with Strangers on StrangerCam.com","og_description":"Like Chat Alternative? Come chat with more than 5.000.000 strangers on Stranger Cam for Free! Turn on your cam and find new friends!","og_url":"https:\/\/strangercam.com\/pl\/chat-alternative\/","og_site_name":"Strangercam","article_publisher":"https:\/\/www.facebook.com\/strangercam","article_modified_time":"2023-08-21T09:40:39+00:00","og_image":[{"width":800,"height":800,"url":"https:\/\/strangercam.com\/wp-content\/uploads\/2020\/11\/stranger-cam-1.png","type":"image\/png"}],"twitter_card":"summary_large_image","twitter_site":"@strangercamapp","twitter_misc":{"Szacowany czas czytania":"4 minuty"},"schema":{"@context":"https:\/\/schema.org","@graph":[{"@type":"WebPage","@id":"https:\/\/strangercam.com\/chat-alternative\/","url":"https:\/\/strangercam.com\/chat-alternative\/","name":"Chat Alternative - Kamerowanie z nieznajomymi na StrangerCam.com","isPartOf":{"@id":"https:\/\/strangercam.com\/#website"},"primaryImageOfPage":{"@id":"https:\/\/strangercam.com\/chat-alternative\/#primaryimage"},"image":{"@id":"https:\/\/strangercam.com\/chat-alternative\/#primaryimage"},"thumbnailUrl":"https:\/\/strangercam.com\/wp-content\/uploads\/2020\/11\/stranger-cam-1.png","datePublished":"2020-04-09T16:35:29+00:00","dateModified":"2023-08-21T09:40:39+00:00","description":"Jak Chat Alternative? Przyjd\u017a na czat z ponad 5.000.000 nieznajomych na Stranger Cam za darmo! W\u0142\u0105cz kamer\u0119 i znajd\u017a nowych przyjaci\u00f3\u0142!","breadcrumb":{"@id":"https:\/\/strangercam.com\/chat-alternative\/#breadcrumb"},"inLanguage":"pl-PL","potentialAction":[{"@type":"ReadAction","target":["https:\/\/strangercam.com\/chat-alternative\/"]}]},{"@type":"ImageObject","inLanguage":"pl-PL","@id":"https:\/\/strangercam.com\/chat-alternative\/#primaryimage","url":"https:\/\/strangercam.com\/wp-content\/uploads\/2020\/11\/stranger-cam-1.png","contentUrl":"https:\/\/strangercam.com\/wp-content\/uploads\/2020\/11\/stranger-cam-1.png","width":800,"height":800,"caption":"stranger cam random video chat"},{"@type":"BreadcrumbList","@id":"https:\/\/strangercam.com\/chat-alternative\/#breadcrumb","itemListElement":[{"@type":"ListItem","position":1,"name":"Home","item":"https:\/\/strangercam.com\/"},{"@type":"ListItem","position":2,"name":"Chat Alternative"}]},{"@type":"WebSite","@id":"https:\/\/strangercam.com\/#website","url":"https:\/\/strangercam.com\/","name":"Strangercam","description":"Losowy czat wideo z nieznajomymi","publisher":{"@id":"https:\/\/strangercam.com\/#organization"},"alternateName":"Strangercam.com","potentialAction":[{"@type":"SearchAction","target":{"@type":"EntryPoint","urlTemplate":"https:\/\/strangercam.com\/?s={search_term_string}"},"query-input":{"@type":"PropertyValueSpecification","valueRequired":true,"valueName":"search_term_string"}}],"inLanguage":"pl-PL"},{"@type":"Organization","@id":"https:\/\/strangercam.com\/#organization","name":"Strangercam","alternateName":"Strangercam.com","url":"https:\/\/strangercam.com\/","logo":{"@type":"ImageObject","inLanguage":"pl-PL","@id":"https:\/\/strangercam.com\/#\/schema\/logo\/image\/","url":"https:\/\/strangercam.com\/wp-content\/uploads\/2020\/11\/cropped-new-favicon-black.png","contentUrl":"https:\/\/strangercam.com\/wp-content\/uploads\/2020\/11\/cropped-new-favicon-black.png","width":512,"height":512,"caption":"Strangercam"},"image":{"@id":"https:\/\/strangercam.com\/#\/schema\/logo\/image\/"},"sameAs":["https:\/\/www.facebook.com\/strangercam","https:\/\/x.com\/strangercamapp"]}]}},"_links":{"self":[{"href":"https:\/\/strangercam.com\/pl\/wp-json\/wp\/v2\/pages\/80","targetHints":{"allow":["GET"]}}],"collection":[{"href":"https:\/\/strangercam.com\/pl\/wp-json\/wp\/v2\/pages"}],"about":[{"href":"https:\/\/strangercam.com\/pl\/wp-json\/wp\/v2\/types\/page"}],"author":[{"embeddable":true,"href":"https:\/\/strangercam.com\/pl\/wp-json\/wp\/v2\/users\/6"}],"replies":[{"embeddable":true,"href":"https:\/\/strangercam.com\/pl\/wp-json\/wp\/v2\/comments?post=80"}],"version-history":[{"count":0,"href":"https:\/\/strangercam.com\/pl\/wp-json\/wp\/v2\/pages\/80\/revisions"}],"wp:featuredmedia":[{"embeddable":true,"href":"https:\/\/strangercam.com\/pl\/wp-json\/wp\/v2\/media\/559"}],"wp:attachment":[{"href":"https:\/\/strangercam.com\/pl\/wp-json\/wp\/v2\/media?parent=80"}],"curies":[{"name":"wp","href":"https:\/\/api.w.org\/{rel}","templated":true}]}}