{"id":7865,"date":"2021-09-17T14:33:59","date_gmt":"2021-09-17T12:33:59","guid":{"rendered":"https:\/\/strangercam.com\/?page_id=7865"},"modified":"2023-08-21T12:41:23","modified_gmt":"2023-08-21T10:41:23","slug":"talk-with-stranger","status":"publish","type":"page","link":"https:\/\/strangercam.com\/pl\/talk-with-stranger\/","title":{"rendered":"Talk With Stranger"},"content":{"rendered":"<p>Internet zrewolucjonizowa\u0142 spos\u00f3b, w jaki ludzie komunikuj\u0105 si\u0119 ze sob\u0105. Ludzie s\u0105 bardziej zaanga\u017cowani w swoje smartfony ni\u017c kiedykolwiek wcze\u015bniej, tworz\u0105c wykresy i dziel\u0105c si\u0119 informacjami z innymi. <a href=\"https:\/\/strangercam.com\/pl\/1v1-chat\/\">jeden<\/a> inny. Istnieje wiele korzy\u015bci p\u0142yn\u0105cych z online <a href=\"https:\/\/strangercam.com\/pl\/chatingly\/\">czat<\/a>. Mo\u017cesz <a href=\"https:\/\/strangercam.com\/pl\/coomeet\/\">spotkanie<\/a> ludzi o podobnych zainteresowaniach i zwi\u0119ksza pewno\u015b\u0107 siebie. Pozwala r\u00f3wnie\u017c pozosta\u0107 w kontakcie z bliskimi.\u00a0<b>Talk With Stranger <\/b>jest dost\u0119pny zar\u00f3wno dla nastolatk\u00f3w, jak i doros\u0142ych. Aby by\u0107 bezpiecznym, nale\u017cy podj\u0105\u0107 niezb\u0119dne \u015brodki ostro\u017cno\u015bci.<\/p>\n<h2>Czat online<\/h2>\n<ul>\n<li>Portale czatowe online umo\u017cliwiaj\u0105 poznawanie nowych ludzi. Portale czatowe online pozwalaj\u0105 na poznawanie ludzi o ka\u017cdej porze dnia i nocy. Mo\u017cesz tak\u017ce wybra\u0107 dowolny portal i grup\u0119, kt\u00f3r\u0105 jeste\u015b zainteresowany. To jest najlepsze: nie musisz wychodzi\u0107 z domu, aby osi\u0105gn\u0105\u0107 sw\u00f3j cel. Mo\u017cesz po prostu u\u017cy\u0107 telefonu lub laptopa, aby komunikowa\u0107 si\u0119 z innymi za po\u015brednictwem <b>Talk With Stranger<\/b>.<\/li>\n<li>Pewno\u015b\u0107 siebie i poczucie w\u0142asnej warto\u015bci: Czaty online z nieznajomymi mog\u0105 zwi\u0119kszy\u0107 pewno\u015b\u0107 siebie i poczucie w\u0142asnej warto\u015bci. Je\u015bli czujesz si\u0119 samotny lub za\u0142amany, jest to jeszcze wa\u017cniejsze. Niekt\u00f3rzy ludzie uwa\u017caj\u0105 czat online za tymczasowe rozwi\u0105zanie. By\u0107 mo\u017ce znajdziesz kogo\u015b, kto pomo\u017ce ci odzyska\u0107 pi\u0119kny u\u015bmiech, kt\u00f3ry kiedy\u015b straci\u0142e\u015b z powodu rozwodu lub \u015bmierci ukochanej osoby.<\/li>\n<li>B\u0105d\u017a w kontakcie: Istnieje wysoka <a href=\"https:\/\/strangercam.com\/pl\/chatbychance\/\">szansa<\/a> budowania dobrych relacji poprzez <b>Talk With Stranger<\/b>. Mo\u017cesz nawi\u0105zywa\u0107 znajomo\u015bci z ka\u017cdym, niezale\u017cnie od wieku i p\u0142ci, z dowolnego miejsca na \u015bwiecie. Mo\u017cesz \u0142\u0105czy\u0107 si\u0119 online z domu lub w podr\u00f3\u017cy. Wystarczy dost\u0119p do po\u0142\u0105czenia internetowego i wa\u017cny dokument to\u017csamo\u015bci. Aby uzyska\u0107 dost\u0119p do konta za po\u015brednictwem portalu internetowego, mo\u017cna godzinami rozmawia\u0107 na czacie, nie martwi\u0105c si\u0119 o d\u0142ugie rachunki. Nowoczesna technologia umo\u017cliwi\u0142a komunikacj\u0119 na wi\u0119ksze odleg\u0142o\u015bci.<\/li>\n<li>Znajd\u017a osoby o podobnych zainteresowaniach poprzez wyszukiwanie. Wiele portali spo\u0142eczno\u015bciowych oferuje r\u00f3\u017cne kategorie. Mo\u017cesz <a href=\"https:\/\/strangercam.com\/pl\/chatroulette\/\">czat<\/a> w zale\u017cno\u015bci od zainteresowa\u0144. Mo\u017cna r\u00f3wnie\u017c znale\u017a\u0107 fora sportowe, biznesowe i kolekcjonerskie, a tak\u017ce fora po\u015bwi\u0119cone majsterkowaniu, hobby i tematom biznesowym. Opcji jest wiele, a lista nie ma ko\u0144ca. Ka\u017cdy z nich mo\u017cna wybra\u0107 w zale\u017cno\u015bci od nastroju.<\/li>\n<\/ul>\n<p>\u0141\u0105czenie z <b>Talk With Stranger<\/b>\u00a0pozwoli ci zdoby\u0107 now\u0105 wiedz\u0119, techniki i informacje, kt\u00f3re ci\u0119 interesuj\u0105.<\/p>","protected":false},"excerpt":{"rendered":"<p>The internet has revolutionized how people communicate with each other.\u00a0People are more engaged with their smartphones than ever, charting and sharing information with one another.\u00a0There are many benefits to online chatting.\u00a0You can meet people with similar interests and it boosts your confidence. It also allows you to keep in touch with your loved ones.\u00a0Talk With [&hellip;]<\/p>\n","protected":false},"author":6,"featured_media":559,"parent":0,"menu_order":0,"comment_status":"closed","ping_status":"closed","template":"","meta":{"footnotes":""},"class_list":["post-7865","page","type-page","status-publish","has-post-thumbnail","hentry"],"yoast_head":"<!-- This site is optimized with the Yoast SEO plugin v27.4 - https:\/\/yoast.com\/product\/yoast-seo-wordpress\/ -->\n<title>Talk With Stranger - Anonymous Chat For Two - Cam on StrangerCam.com<\/title>\n<meta name=\"description\" content=\"Like Talk With Stranger? Come chat with more than 5.000.000 strangers on Stranger Cam for Free! Turn on your cam and find new friends &amp; maby a match!\" \/>\n<meta name=\"robots\" content=\"index, follow, max-snippet:-1, max-image-preview:large, max-video-preview:-1\" \/>\n<link rel=\"canonical\" href=\"https:\/\/strangercam.com\/pl\/talk-with-stranger\/\" \/>\n<meta property=\"og:locale\" content=\"pl_PL\" \/>\n<meta property=\"og:type\" content=\"article\" \/>\n<meta property=\"og:title\" content=\"Talk With Stranger - Anonymous Chat For Two - Cam on StrangerCam.com\" \/>\n<meta property=\"og:description\" content=\"Like Talk With Stranger? Come chat with more than 5.000.000 strangers on Stranger Cam for Free! Turn on your cam and find new friends &amp; maby a match!\" \/>\n<meta property=\"og:url\" content=\"https:\/\/strangercam.com\/pl\/talk-with-stranger\/\" \/>\n<meta property=\"og:site_name\" content=\"Strangercam\" \/>\n<meta property=\"article:publisher\" content=\"https:\/\/www.facebook.com\/strangercam\" \/>\n<meta property=\"article:modified_time\" content=\"2023-08-21T10:41:23+00:00\" \/>\n<meta property=\"og:image\" content=\"https:\/\/strangercam.com\/wp-content\/uploads\/2020\/11\/stranger-cam-1.png\" \/>\n\t<meta property=\"og:image:width\" content=\"800\" \/>\n\t<meta property=\"og:image:height\" content=\"800\" \/>\n\t<meta property=\"og:image:type\" content=\"image\/png\" \/>\n<meta name=\"twitter:card\" content=\"summary_large_image\" \/>\n<meta name=\"twitter:site\" content=\"@strangercamapp\" \/>\n<meta name=\"twitter:label1\" content=\"Szacowany czas czytania\" \/>\n\t<meta name=\"twitter:data1\" content=\"2 minuty\" \/>\n<script type=\"application\/ld+json\" class=\"yoast-schema-graph\">{\"@context\":\"https:\\\/\\\/schema.org\",\"@graph\":[{\"@type\":\"WebPage\",\"@id\":\"https:\\\/\\\/strangercam.com\\\/talk-with-stranger\\\/\",\"url\":\"https:\\\/\\\/strangercam.com\\\/talk-with-stranger\\\/\",\"name\":\"Talk With Stranger - Anonymous Chat For Two - Cam on StrangerCam.com\",\"isPartOf\":{\"@id\":\"https:\\\/\\\/strangercam.com\\\/#website\"},\"primaryImageOfPage\":{\"@id\":\"https:\\\/\\\/strangercam.com\\\/talk-with-stranger\\\/#primaryimage\"},\"image\":{\"@id\":\"https:\\\/\\\/strangercam.com\\\/talk-with-stranger\\\/#primaryimage\"},\"thumbnailUrl\":\"https:\\\/\\\/strangercam.com\\\/wp-content\\\/uploads\\\/2020\\\/11\\\/stranger-cam-1.png\",\"datePublished\":\"2021-09-17T12:33:59+00:00\",\"dateModified\":\"2023-08-21T10:41:23+00:00\",\"description\":\"Like Talk With Stranger? Come chat with more than 5.000.000 strangers on Stranger Cam for Free! Turn on your cam and find new friends & maby a match!\",\"breadcrumb\":{\"@id\":\"https:\\\/\\\/strangercam.com\\\/talk-with-stranger\\\/#breadcrumb\"},\"inLanguage\":\"pl-PL\",\"potentialAction\":[{\"@type\":\"ReadAction\",\"target\":[\"https:\\\/\\\/strangercam.com\\\/talk-with-stranger\\\/\"]}]},{\"@type\":\"ImageObject\",\"inLanguage\":\"pl-PL\",\"@id\":\"https:\\\/\\\/strangercam.com\\\/talk-with-stranger\\\/#primaryimage\",\"url\":\"https:\\\/\\\/strangercam.com\\\/wp-content\\\/uploads\\\/2020\\\/11\\\/stranger-cam-1.png\",\"contentUrl\":\"https:\\\/\\\/strangercam.com\\\/wp-content\\\/uploads\\\/2020\\\/11\\\/stranger-cam-1.png\",\"width\":800,\"height\":800,\"caption\":\"stranger cam random video chat\"},{\"@type\":\"BreadcrumbList\",\"@id\":\"https:\\\/\\\/strangercam.com\\\/talk-with-stranger\\\/#breadcrumb\",\"itemListElement\":[{\"@type\":\"ListItem\",\"position\":1,\"name\":\"Home\",\"item\":\"https:\\\/\\\/strangercam.com\\\/\"},{\"@type\":\"ListItem\",\"position\":2,\"name\":\"Talk With Stranger\"}]},{\"@type\":\"WebSite\",\"@id\":\"https:\\\/\\\/strangercam.com\\\/#website\",\"url\":\"https:\\\/\\\/strangercam.com\\\/\",\"name\":\"Strangercam\",\"description\":\"Random Video Chat with Strangers\",\"publisher\":{\"@id\":\"https:\\\/\\\/strangercam.com\\\/#organization\"},\"alternateName\":\"Strangercam.com\",\"potentialAction\":[{\"@type\":\"SearchAction\",\"target\":{\"@type\":\"EntryPoint\",\"urlTemplate\":\"https:\\\/\\\/strangercam.com\\\/?s={search_term_string}\"},\"query-input\":{\"@type\":\"PropertyValueSpecification\",\"valueRequired\":true,\"valueName\":\"search_term_string\"}}],\"inLanguage\":\"pl-PL\"},{\"@type\":\"Organization\",\"@id\":\"https:\\\/\\\/strangercam.com\\\/#organization\",\"name\":\"Strangercam\",\"alternateName\":\"Strangercam.com\",\"url\":\"https:\\\/\\\/strangercam.com\\\/\",\"logo\":{\"@type\":\"ImageObject\",\"inLanguage\":\"pl-PL\",\"@id\":\"https:\\\/\\\/strangercam.com\\\/#\\\/schema\\\/logo\\\/image\\\/\",\"url\":\"https:\\\/\\\/strangercam.com\\\/wp-content\\\/uploads\\\/2020\\\/11\\\/cropped-new-favicon-black.png\",\"contentUrl\":\"https:\\\/\\\/strangercam.com\\\/wp-content\\\/uploads\\\/2020\\\/11\\\/cropped-new-favicon-black.png\",\"width\":512,\"height\":512,\"caption\":\"Strangercam\"},\"image\":{\"@id\":\"https:\\\/\\\/strangercam.com\\\/#\\\/schema\\\/logo\\\/image\\\/\"},\"sameAs\":[\"https:\\\/\\\/www.facebook.com\\\/strangercam\",\"https:\\\/\\\/x.com\\\/strangercamapp\"]}]}<\/script>\n<!-- \/ Yoast SEO plugin. -->","yoast_head_json":{"title":"Talk With Stranger - Anonimowy czat dla dwojga - kamera na StrangerCam.com","description":"Jak Talk With Stranger? Przyjd\u017a na czat z ponad 5.000.000 nieznajomych na Stranger Cam za darmo! W\u0142\u0105cz kamer\u0119 i znajd\u017a nowych przyjaci\u00f3\u0142 i mo\u017ce mecz!","robots":{"index":"index","follow":"follow","max-snippet":"max-snippet:-1","max-image-preview":"max-image-preview:large","max-video-preview":"max-video-preview:-1"},"canonical":"https:\/\/strangercam.com\/pl\/talk-with-stranger\/","og_locale":"pl_PL","og_type":"article","og_title":"Talk With Stranger - Anonymous Chat For Two - Cam on StrangerCam.com","og_description":"Like Talk With Stranger? Come chat with more than 5.000.000 strangers on Stranger Cam for Free! Turn on your cam and find new friends & maby a match!","og_url":"https:\/\/strangercam.com\/pl\/talk-with-stranger\/","og_site_name":"Strangercam","article_publisher":"https:\/\/www.facebook.com\/strangercam","article_modified_time":"2023-08-21T10:41:23+00:00","og_image":[{"width":800,"height":800,"url":"https:\/\/strangercam.com\/wp-content\/uploads\/2020\/11\/stranger-cam-1.png","type":"image\/png"}],"twitter_card":"summary_large_image","twitter_site":"@strangercamapp","twitter_misc":{"Szacowany czas czytania":"2 minuty"},"schema":{"@context":"https:\/\/schema.org","@graph":[{"@type":"WebPage","@id":"https:\/\/strangercam.com\/talk-with-stranger\/","url":"https:\/\/strangercam.com\/talk-with-stranger\/","name":"Talk With Stranger - Anonimowy czat dla dwojga - kamera na StrangerCam.com","isPartOf":{"@id":"https:\/\/strangercam.com\/#website"},"primaryImageOfPage":{"@id":"https:\/\/strangercam.com\/talk-with-stranger\/#primaryimage"},"image":{"@id":"https:\/\/strangercam.com\/talk-with-stranger\/#primaryimage"},"thumbnailUrl":"https:\/\/strangercam.com\/wp-content\/uploads\/2020\/11\/stranger-cam-1.png","datePublished":"2021-09-17T12:33:59+00:00","dateModified":"2023-08-21T10:41:23+00:00","description":"Jak Talk With Stranger? Przyjd\u017a na czat z ponad 5.000.000 nieznajomych na Stranger Cam za darmo! W\u0142\u0105cz kamer\u0119 i znajd\u017a nowych przyjaci\u00f3\u0142 i mo\u017ce mecz!","breadcrumb":{"@id":"https:\/\/strangercam.com\/talk-with-stranger\/#breadcrumb"},"inLanguage":"pl-PL","potentialAction":[{"@type":"ReadAction","target":["https:\/\/strangercam.com\/talk-with-stranger\/"]}]},{"@type":"ImageObject","inLanguage":"pl-PL","@id":"https:\/\/strangercam.com\/talk-with-stranger\/#primaryimage","url":"https:\/\/strangercam.com\/wp-content\/uploads\/2020\/11\/stranger-cam-1.png","contentUrl":"https:\/\/strangercam.com\/wp-content\/uploads\/2020\/11\/stranger-cam-1.png","width":800,"height":800,"caption":"stranger cam random video chat"},{"@type":"BreadcrumbList","@id":"https:\/\/strangercam.com\/talk-with-stranger\/#breadcrumb","itemListElement":[{"@type":"ListItem","position":1,"name":"Home","item":"https:\/\/strangercam.com\/"},{"@type":"ListItem","position":2,"name":"Talk With Stranger"}]},{"@type":"WebSite","@id":"https:\/\/strangercam.com\/#website","url":"https:\/\/strangercam.com\/","name":"Strangercam","description":"Losowy czat wideo z nieznajomymi","publisher":{"@id":"https:\/\/strangercam.com\/#organization"},"alternateName":"Strangercam.com","potentialAction":[{"@type":"SearchAction","target":{"@type":"EntryPoint","urlTemplate":"https:\/\/strangercam.com\/?s={search_term_string}"},"query-input":{"@type":"PropertyValueSpecification","valueRequired":true,"valueName":"search_term_string"}}],"inLanguage":"pl-PL"},{"@type":"Organization","@id":"https:\/\/strangercam.com\/#organization","name":"Strangercam","alternateName":"Strangercam.com","url":"https:\/\/strangercam.com\/","logo":{"@type":"ImageObject","inLanguage":"pl-PL","@id":"https:\/\/strangercam.com\/#\/schema\/logo\/image\/","url":"https:\/\/strangercam.com\/wp-content\/uploads\/2020\/11\/cropped-new-favicon-black.png","contentUrl":"https:\/\/strangercam.com\/wp-content\/uploads\/2020\/11\/cropped-new-favicon-black.png","width":512,"height":512,"caption":"Strangercam"},"image":{"@id":"https:\/\/strangercam.com\/#\/schema\/logo\/image\/"},"sameAs":["https:\/\/www.facebook.com\/strangercam","https:\/\/x.com\/strangercamapp"]}]}},"_links":{"self":[{"href":"https:\/\/strangercam.com\/pl\/wp-json\/wp\/v2\/pages\/7865","targetHints":{"allow":["GET"]}}],"collection":[{"href":"https:\/\/strangercam.com\/pl\/wp-json\/wp\/v2\/pages"}],"about":[{"href":"https:\/\/strangercam.com\/pl\/wp-json\/wp\/v2\/types\/page"}],"author":[{"embeddable":true,"href":"https:\/\/strangercam.com\/pl\/wp-json\/wp\/v2\/users\/6"}],"replies":[{"embeddable":true,"href":"https:\/\/strangercam.com\/pl\/wp-json\/wp\/v2\/comments?post=7865"}],"version-history":[{"count":0,"href":"https:\/\/strangercam.com\/pl\/wp-json\/wp\/v2\/pages\/7865\/revisions"}],"wp:featuredmedia":[{"embeddable":true,"href":"https:\/\/strangercam.com\/pl\/wp-json\/wp\/v2\/media\/559"}],"wp:attachment":[{"href":"https:\/\/strangercam.com\/pl\/wp-json\/wp\/v2\/media?parent=7865"}],"curies":[{"name":"wp","href":"https:\/\/api.w.org\/{rel}","templated":true}]}}