{"id":7627,"date":"2021-09-09T14:07:26","date_gmt":"2021-09-09T12:07:26","guid":{"rendered":"https:\/\/strangercam.com\/?page_id=7627"},"modified":"2023-08-21T11:40:39","modified_gmt":"2023-08-21T09:40:39","slug":"chateasy","status":"publish","type":"page","link":"https:\/\/strangercam.com\/pl\/chateasy\/","title":{"rendered":"Chateasy"},"content":{"rendered":"<h2>Jakie s\u0105 zalety i funkcje Chateasy?<\/h2>\n<p>Pojawienie si\u0119 szybkiego Internetu i licznych <a href=\"https:\/\/strangercam.com\/pl\/chatingly\/\">czat<\/a> portale ca\u0142kowicie zmieni\u0142y spos\u00f3b, w jaki ludzie wchodz\u0105 w interakcj\u0119 z <a href=\"https:\/\/strangercam.com\/pl\/1v1-chat\/\">jeden<\/a> inny. W dzisiejszych czasach mo\u017cna zauwa\u017cy\u0107, \u017ce ludzie s\u0105 bardziej zaj\u0119ci swoimi smartfonami i czatuj\u0105 z innymi. Czatowanie online oferuje wiele korzy\u015bci. Pozwala spotka\u0107 ludzi o podobnych zainteresowaniach, zwi\u0119ksza pewno\u015b\u0107 siebie i pozwala pozosta\u0107 z bliskimi. Nastolatki w odpowiednim wieku i doro\u015bli mog\u0105 cieszy\u0107 si\u0119 korzy\u015bciami oferowanymi przez <b>chateasy<\/b>. Nale\u017cy jednak podj\u0105\u0107 odpowiednie \u015brodki ostro\u017cno\u015bci, aby zachowa\u0107 bezpiecze\u0144stwo.<\/p>\n<p><i>Korzy\u015bci oferowane przez czat online<\/i><\/p>\n<ul>\n<li style=\"font-weight: 400;\" aria-level=\"1\"><a href=\"https:\/\/strangercam.com\/pl\/coomeet\/\">Spotkanie<\/a> nowych ludzi: Jest to jedna z najbardziej oczywistych korzy\u015bci oferowanych przez portale czatowe online. Mo\u017cesz spotyka\u0107 si\u0119 z nimi online, kiedy tylko chcesz i o ka\u017cdej porze dnia i nocy. Mo\u017cesz tak\u017ce wybra\u0107 dowolny portal i grup\u0119 zainteresowa\u0144. Najlepsze jest to, \u017ce mo\u017cesz osi\u0105gn\u0105\u0107 ten cel bez wychodzenia z domu. Wystarczy u\u017cy\u0107 laptopa lub telefonu, aby po\u0142\u0105czy\u0107 si\u0119 z innymi za po\u015brednictwem <b>chateasy<\/b>.<\/li>\n<li style=\"font-weight: 400;\" aria-level=\"1\">Poczucie w\u0142asnej warto\u015bci i pewno\u015b\u0107 siebie: Czatowanie z nieznajomymi online zwi\u0119ksza poczucie w\u0142asnej warto\u015bci i pewno\u015bci siebie. Tym bardziej, je\u015bli masz z\u0142amane serce i czujesz si\u0119 samotny. Niekt\u00f3rzy uwa\u017caj\u0105, \u017ce czatowanie online jest rozwi\u0105zaniem awaryjnym. Niekt\u00f3rzy nieznajomi mog\u0105 pom\u00f3c ci uzyska\u0107 ten wspania\u0142y u\u015bmiech, kt\u00f3ry mog\u0142e\u015b straci\u0107 po rozwodzie lub \u015bmierci ukochanej osoby.<\/li>\n<li style=\"font-weight: 400;\" aria-level=\"1\">Pozosta\u0144 w kontakcie: Istniej\u0105 bardzo du\u017ce szanse na rozwini\u0119cie dobrych relacji poprzez <b>chateasy<\/b>. Oznacza to, \u017ce mo\u017cesz zaprzyja\u017ani\u0107 si\u0119 z dowoln\u0105 osob\u0105 w dowolnym wieku i p\u0142ci z dowolnej cz\u0119\u015bci \u015bwiata. Portale internetowe pozwalaj\u0105 pozosta\u0107 w kontakcie w zaciszu w\u0142asnego domu, a nawet w podr\u00f3\u017cy. Wystarczy mie\u0107 dost\u0119p do smartfona i po\u0142\u0105czenia internetowego wraz z wa\u017cnym dowodem to\u017csamo\u015bci. aby uzyska\u0107 dost\u0119p do swojego konta w portalu online. Mo\u017cesz <a href=\"https:\/\/strangercam.com\/pl\/chatroulette\/\">czat<\/a> przez kilka godzin bez konieczno\u015bci przejmowania si\u0119 d\u0142ugimi rachunkami. Prawda jest taka, \u017ce nowoczesna technologia skr\u00f3ci\u0142a odleg\u0142o\u015bci.<\/li>\n<li style=\"font-weight: 400;\" aria-level=\"1\">Nawi\u0105\u017c kontakt z osobami o podobnych zainteresowaniach: Wystarczy troch\u0119 poszuka\u0107, by natkn\u0105\u0107 si\u0119 na liczne portale spo\u0142eczno\u015bciowe z r\u00f3\u017cnymi kategoriami. Pozwalaj\u0105 one na <a href=\"https:\/\/strangercam.com\/pl\/only2chat\/\">rozmawia\u0107<\/a> w zale\u017cno\u015bci od konkretnych zainteresowa\u0144. Obejmuje to r\u00f3wnie\u017c fora sportowe, fora kolekcjonerskie, fora dla majsterkowicz\u00f3w, fora biznesowe itp. Lista jest po prostu niesko\u0144czona, podobnie jak opcje. Mo\u017cesz wybra\u0107 dowolne w zale\u017cno\u015bci od aktualnego nastroju.<\/li>\n<\/ul>\n<p>Po\u0142\u0105czenie z <b>chateasy<\/b> pozwala czerpa\u0107 now\u0105 wiedz\u0119, techniki i informacje, kt\u00f3re Ci\u0119 interesuj\u0105.<\/p>","protected":false},"excerpt":{"rendered":"<p>What benefits are the benefits and features of Chateasy? The advent of high speed internet and numerous chatting portals have completely changed how people interact with one another. These days, people can be seen to be busier with their smartphones charting with others. Online chatting does offer numerous benefits. It allows you to come across [&hellip;]<\/p>\n","protected":false},"author":6,"featured_media":559,"parent":0,"menu_order":0,"comment_status":"closed","ping_status":"closed","template":"","meta":{"footnotes":""},"class_list":["post-7627","page","type-page","status-publish","has-post-thumbnail","hentry"],"yoast_head":"<!-- This site is optimized with the Yoast SEO plugin v26.9 - https:\/\/yoast.com\/product\/yoast-seo-wordpress\/ -->\n<title>Chateasy - Anonymous Chat For Two - Cam on StrangerCam.com<\/title>\n<meta name=\"description\" content=\"Like Chateasy? Come chat with more than 5.000.000 strangers on Stranger Cam for Free! Turn on your cam and find new friends &amp; maby a match!\" \/>\n<meta name=\"robots\" content=\"index, follow, max-snippet:-1, max-image-preview:large, max-video-preview:-1\" \/>\n<link rel=\"canonical\" href=\"https:\/\/strangercam.com\/pl\/chateasy\/\" \/>\n<meta property=\"og:locale\" content=\"pl_PL\" \/>\n<meta property=\"og:type\" content=\"article\" \/>\n<meta property=\"og:title\" content=\"Chateasy - Anonymous Chat For Two - Cam on StrangerCam.com\" \/>\n<meta property=\"og:description\" content=\"Like Chateasy? Come chat with more than 5.000.000 strangers on Stranger Cam for Free! Turn on your cam and find new friends &amp; maby a match!\" \/>\n<meta property=\"og:url\" content=\"https:\/\/strangercam.com\/pl\/chateasy\/\" \/>\n<meta property=\"og:site_name\" content=\"Strangercam\" \/>\n<meta property=\"article:publisher\" content=\"https:\/\/www.facebook.com\/strangercam\" \/>\n<meta property=\"article:modified_time\" content=\"2023-08-21T09:40:39+00:00\" \/>\n<meta property=\"og:image\" content=\"https:\/\/strangercam.com\/wp-content\/uploads\/2020\/11\/stranger-cam-1.png\" \/>\n\t<meta property=\"og:image:width\" content=\"800\" \/>\n\t<meta property=\"og:image:height\" content=\"800\" \/>\n\t<meta property=\"og:image:type\" content=\"image\/png\" \/>\n<meta name=\"twitter:card\" content=\"summary_large_image\" \/>\n<meta name=\"twitter:site\" content=\"@strangercamapp\" \/>\n<meta name=\"twitter:label1\" content=\"Szacowany czas czytania\" \/>\n\t<meta name=\"twitter:data1\" content=\"2 minuty\" \/>\n<script type=\"application\/ld+json\" class=\"yoast-schema-graph\">{\"@context\":\"https:\/\/schema.org\",\"@graph\":[{\"@type\":\"WebPage\",\"@id\":\"https:\/\/strangercam.com\/chateasy\/\",\"url\":\"https:\/\/strangercam.com\/chateasy\/\",\"name\":\"Chateasy - Anonymous Chat For Two - Cam on StrangerCam.com\",\"isPartOf\":{\"@id\":\"https:\/\/strangercam.com\/#website\"},\"primaryImageOfPage\":{\"@id\":\"https:\/\/strangercam.com\/chateasy\/#primaryimage\"},\"image\":{\"@id\":\"https:\/\/strangercam.com\/chateasy\/#primaryimage\"},\"thumbnailUrl\":\"https:\/\/strangercam.com\/wp-content\/uploads\/2020\/11\/stranger-cam-1.png\",\"datePublished\":\"2021-09-09T12:07:26+00:00\",\"dateModified\":\"2023-08-21T09:40:39+00:00\",\"description\":\"Like Chateasy? Come chat with more than 5.000.000 strangers on Stranger Cam for Free! Turn on your cam and find new friends & maby a match!\",\"breadcrumb\":{\"@id\":\"https:\/\/strangercam.com\/chateasy\/#breadcrumb\"},\"inLanguage\":\"pl-PL\",\"potentialAction\":[{\"@type\":\"ReadAction\",\"target\":[\"https:\/\/strangercam.com\/chateasy\/\"]}]},{\"@type\":\"ImageObject\",\"inLanguage\":\"pl-PL\",\"@id\":\"https:\/\/strangercam.com\/chateasy\/#primaryimage\",\"url\":\"https:\/\/strangercam.com\/wp-content\/uploads\/2020\/11\/stranger-cam-1.png\",\"contentUrl\":\"https:\/\/strangercam.com\/wp-content\/uploads\/2020\/11\/stranger-cam-1.png\",\"width\":800,\"height\":800,\"caption\":\"stranger cam random video chat\"},{\"@type\":\"BreadcrumbList\",\"@id\":\"https:\/\/strangercam.com\/chateasy\/#breadcrumb\",\"itemListElement\":[{\"@type\":\"ListItem\",\"position\":1,\"name\":\"Home\",\"item\":\"https:\/\/strangercam.com\/\"},{\"@type\":\"ListItem\",\"position\":2,\"name\":\"Chateasy\"}]},{\"@type\":\"WebSite\",\"@id\":\"https:\/\/strangercam.com\/#website\",\"url\":\"https:\/\/strangercam.com\/\",\"name\":\"Strangercam\",\"description\":\"Random Video Chat with Strangers\",\"publisher\":{\"@id\":\"https:\/\/strangercam.com\/#organization\"},\"alternateName\":\"Strangercam.com\",\"potentialAction\":[{\"@type\":\"SearchAction\",\"target\":{\"@type\":\"EntryPoint\",\"urlTemplate\":\"https:\/\/strangercam.com\/?s={search_term_string}\"},\"query-input\":{\"@type\":\"PropertyValueSpecification\",\"valueRequired\":true,\"valueName\":\"search_term_string\"}}],\"inLanguage\":\"pl-PL\"},{\"@type\":\"Organization\",\"@id\":\"https:\/\/strangercam.com\/#organization\",\"name\":\"Strangercam\",\"alternateName\":\"Strangercam.com\",\"url\":\"https:\/\/strangercam.com\/\",\"logo\":{\"@type\":\"ImageObject\",\"inLanguage\":\"pl-PL\",\"@id\":\"https:\/\/strangercam.com\/#\/schema\/logo\/image\/\",\"url\":\"https:\/\/strangercam.com\/wp-content\/uploads\/2020\/11\/cropped-new-favicon-black.png\",\"contentUrl\":\"https:\/\/strangercam.com\/wp-content\/uploads\/2020\/11\/cropped-new-favicon-black.png\",\"width\":512,\"height\":512,\"caption\":\"Strangercam\"},\"image\":{\"@id\":\"https:\/\/strangercam.com\/#\/schema\/logo\/image\/\"},\"sameAs\":[\"https:\/\/www.facebook.com\/strangercam\",\"https:\/\/x.com\/strangercamapp\"]}]}<\/script>\n<!-- \/ Yoast SEO plugin. -->","yoast_head_json":{"title":"Chateasy - Anonimowy czat dla dwojga - kamera na StrangerCam.com","description":"Jak Chateasy? Przyjd\u017a na czat z ponad 5.000.000 nieznajomych na Stranger Cam za darmo! W\u0142\u0105cz kamer\u0119 i znajd\u017a nowych przyjaci\u00f3\u0142 i mo\u017ce mecz!","robots":{"index":"index","follow":"follow","max-snippet":"max-snippet:-1","max-image-preview":"max-image-preview:large","max-video-preview":"max-video-preview:-1"},"canonical":"https:\/\/strangercam.com\/pl\/chateasy\/","og_locale":"pl_PL","og_type":"article","og_title":"Chateasy - Anonymous Chat For Two - Cam on StrangerCam.com","og_description":"Like Chateasy? Come chat with more than 5.000.000 strangers on Stranger Cam for Free! Turn on your cam and find new friends & maby a match!","og_url":"https:\/\/strangercam.com\/pl\/chateasy\/","og_site_name":"Strangercam","article_publisher":"https:\/\/www.facebook.com\/strangercam","article_modified_time":"2023-08-21T09:40:39+00:00","og_image":[{"width":800,"height":800,"url":"https:\/\/strangercam.com\/wp-content\/uploads\/2020\/11\/stranger-cam-1.png","type":"image\/png"}],"twitter_card":"summary_large_image","twitter_site":"@strangercamapp","twitter_misc":{"Szacowany czas czytania":"2 minuty"},"schema":{"@context":"https:\/\/schema.org","@graph":[{"@type":"WebPage","@id":"https:\/\/strangercam.com\/chateasy\/","url":"https:\/\/strangercam.com\/chateasy\/","name":"Chateasy - Anonimowy czat dla dwojga - kamera na StrangerCam.com","isPartOf":{"@id":"https:\/\/strangercam.com\/#website"},"primaryImageOfPage":{"@id":"https:\/\/strangercam.com\/chateasy\/#primaryimage"},"image":{"@id":"https:\/\/strangercam.com\/chateasy\/#primaryimage"},"thumbnailUrl":"https:\/\/strangercam.com\/wp-content\/uploads\/2020\/11\/stranger-cam-1.png","datePublished":"2021-09-09T12:07:26+00:00","dateModified":"2023-08-21T09:40:39+00:00","description":"Jak Chateasy? Przyjd\u017a na czat z ponad 5.000.000 nieznajomych na Stranger Cam za darmo! W\u0142\u0105cz kamer\u0119 i znajd\u017a nowych przyjaci\u00f3\u0142 i mo\u017ce mecz!","breadcrumb":{"@id":"https:\/\/strangercam.com\/chateasy\/#breadcrumb"},"inLanguage":"pl-PL","potentialAction":[{"@type":"ReadAction","target":["https:\/\/strangercam.com\/chateasy\/"]}]},{"@type":"ImageObject","inLanguage":"pl-PL","@id":"https:\/\/strangercam.com\/chateasy\/#primaryimage","url":"https:\/\/strangercam.com\/wp-content\/uploads\/2020\/11\/stranger-cam-1.png","contentUrl":"https:\/\/strangercam.com\/wp-content\/uploads\/2020\/11\/stranger-cam-1.png","width":800,"height":800,"caption":"stranger cam random video chat"},{"@type":"BreadcrumbList","@id":"https:\/\/strangercam.com\/chateasy\/#breadcrumb","itemListElement":[{"@type":"ListItem","position":1,"name":"Home","item":"https:\/\/strangercam.com\/"},{"@type":"ListItem","position":2,"name":"Chateasy"}]},{"@type":"WebSite","@id":"https:\/\/strangercam.com\/#website","url":"https:\/\/strangercam.com\/","name":"Strangercam","description":"Losowy czat wideo z nieznajomymi","publisher":{"@id":"https:\/\/strangercam.com\/#organization"},"alternateName":"Strangercam.com","potentialAction":[{"@type":"SearchAction","target":{"@type":"EntryPoint","urlTemplate":"https:\/\/strangercam.com\/?s={search_term_string}"},"query-input":{"@type":"PropertyValueSpecification","valueRequired":true,"valueName":"search_term_string"}}],"inLanguage":"pl-PL"},{"@type":"Organization","@id":"https:\/\/strangercam.com\/#organization","name":"Strangercam","alternateName":"Strangercam.com","url":"https:\/\/strangercam.com\/","logo":{"@type":"ImageObject","inLanguage":"pl-PL","@id":"https:\/\/strangercam.com\/#\/schema\/logo\/image\/","url":"https:\/\/strangercam.com\/wp-content\/uploads\/2020\/11\/cropped-new-favicon-black.png","contentUrl":"https:\/\/strangercam.com\/wp-content\/uploads\/2020\/11\/cropped-new-favicon-black.png","width":512,"height":512,"caption":"Strangercam"},"image":{"@id":"https:\/\/strangercam.com\/#\/schema\/logo\/image\/"},"sameAs":["https:\/\/www.facebook.com\/strangercam","https:\/\/x.com\/strangercamapp"]}]}},"_links":{"self":[{"href":"https:\/\/strangercam.com\/pl\/wp-json\/wp\/v2\/pages\/7627","targetHints":{"allow":["GET"]}}],"collection":[{"href":"https:\/\/strangercam.com\/pl\/wp-json\/wp\/v2\/pages"}],"about":[{"href":"https:\/\/strangercam.com\/pl\/wp-json\/wp\/v2\/types\/page"}],"author":[{"embeddable":true,"href":"https:\/\/strangercam.com\/pl\/wp-json\/wp\/v2\/users\/6"}],"replies":[{"embeddable":true,"href":"https:\/\/strangercam.com\/pl\/wp-json\/wp\/v2\/comments?post=7627"}],"version-history":[{"count":0,"href":"https:\/\/strangercam.com\/pl\/wp-json\/wp\/v2\/pages\/7627\/revisions"}],"wp:featuredmedia":[{"embeddable":true,"href":"https:\/\/strangercam.com\/pl\/wp-json\/wp\/v2\/media\/559"}],"wp:attachment":[{"href":"https:\/\/strangercam.com\/pl\/wp-json\/wp\/v2\/media?parent=7627"}],"curies":[{"name":"wp","href":"https:\/\/api.w.org\/{rel}","templated":true}]}}