{"id":5268,"date":"2021-06-20T14:53:54","date_gmt":"2021-06-20T12:53:54","guid":{"rendered":"https:\/\/strangercam.com\/?page_id=5268"},"modified":"2023-08-21T12:24:41","modified_gmt":"2023-08-21T10:24:41","slug":"chatzy","status":"publish","type":"page","link":"https:\/\/strangercam.com\/pl\/chatzy\/","title":{"rendered":"Chatzy"},"content":{"rendered":"<p>Niekt\u00f3rzy profesjonali\u015bci i entuzja\u015bci Internetu po raz pierwszy uruchomili <b>chatzy<\/b> oko\u0142o 2001 roku. Z czasem sta\u0142a si\u0119 popularna w Europie, a obecnie ma zarejestrowanych u\u017cytkownik\u00f3w z ca\u0142ego \u015bwiata. Ludzie wchodz\u0105 na t\u0119 stron\u0119 z r\u00f3\u017cnych powod\u00f3w. Nie jest to jaka\u015b ekscytuj\u0105ca strona randkowa lub podrywu. Ludzie korzystaj\u0105 raczej z <a href=\"https:\/\/strangercam.com\/pl\/chat4free\/\">darmowy<\/a> czat\u00f3w udost\u0119pnianych przez t\u0119 stron\u0119 do wykonywania swojej pracy lub edukacji. Niekt\u00f3rzy u\u017cywaj\u0105 go nawet do omawiania interesuj\u0105cych wydarze\u0144, temat\u00f3w, nawi\u0105zywania nowych znajomo\u015bci lub dzielenia si\u0119 informacjami o podobnych zainteresowaniach. Ten darmowy <a href=\"https:\/\/strangercam.com\/pl\/chatroulette\/\">czat<\/a> Us\u0142uga jest naprawd\u0119 zabawna i ekscytuj\u0105ca, a tak\u017ce ca\u0142kowicie bezpieczna w u\u017cyciu.<\/p>\n<h2>Jak zarejestrowa\u0107 si\u0119 w chatzy?<\/h2>\n<p>Wystarczy otworzy\u0107 konto, do\u0142\u0105czy\u0107 lub utworzy\u0107 <a href=\"https:\/\/strangercam.com\/pl\/chatroom2000\/\">chatroom<\/a> aby rozpocz\u0105\u0107 <a href=\"https:\/\/strangercam.com\/pl\/chatingly\/\">czat<\/a> sesja. To takie proste i szybkie. Mo\u017cesz r\u00f3wnie\u017c zaprosi\u0107 swoj\u0105 rodzin\u0119 i przyjaci\u00f3\u0142 do stworzonego przez siebie czatu lub do\u0142\u0105czy\u0107 do losowo wybranego czatu, kt\u00f3ry Ci\u0119 interesuje. Nie musisz udost\u0119pnia\u0107 poufnych danych osobowych, aby do\u0142\u0105czy\u0107 do tej witryny, ale tylko podstawowe informacje, aby rozpocz\u0105\u0107 sesj\u0119.<\/p>\n<h3>Jak korzysta\u0107 z chatzy?<\/h3>\n<p>Mo\u017cesz utworzy\u0107 w\u0142asny prywatny czat lub uzyska\u0107 dost\u0119p do ju\u017c utworzonych, aby prowadzi\u0107 dyskusje grupowe z osobami o podobnych pogl\u0105dach. Z serwisu mo\u017cna korzysta\u0107 w celach biznesowych, edukacyjnych lub po prostu dla zabawy. Mo\u017cesz uzyska\u0107 do niej dost\u0119p z dowolnego miejsca i cieszy\u0107 si\u0119 interaktywnymi sesjami. Je\u015bli chcesz korzysta\u0107 z zaawansowanych funkcji, powiniene\u015b zdecydowa\u0107 si\u0119 na us\u0142ugi premium. W przeciwnym razie bezp\u0142atna us\u0142uga jest wystarczaj\u0105co dobra, aby mie\u0107 \u015bwietn\u0105 sesj\u0119 czatu online.<\/p>\n<h3>Jakie s\u0105 wady i zalety chatzy?<\/h3>\n<p>Ta strona jest do\u015b\u0107 wyj\u0105tkowa, poniewa\u017c ma kilka specjalnych funkcji, kt\u00f3re odr\u00f3\u017cniaj\u0105 j\u0105 od innych dost\u0119pnych w sieci. Mo\u017cesz wysy\u0142a\u0107 ka\u017cdemu cz\u0142onkowi prywatne wiadomo\u015bci, kt\u00f3re nie b\u0119d\u0105 widoczne dla administrator\u00f3w pokoju. Istnieje r\u00f3wnie\u017c opcja wyciszenia nowych u\u017cytkownik\u00f3w, kt\u00f3rzy wchodz\u0105 do sesji bez zaproszenia. Pokoje premium automatycznie wyciszaj\u0105 nowych u\u017cytkownik\u00f3w. Mo\u017cesz u\u017cy\u0107 opcji \u2018Status go\u015bcia\u2019 <a href=\"https:\/\/strangercam.com\/pl\/mocospace\/\">przestrze\u0144<\/a> aby wyja\u015bni\u0107 cel swojego pokoju rozm\u00f3w. Dla administrator\u00f3w i moderator\u00f3w czatu dost\u0119pny jest tryb podgl\u0105du. Pomaga on tworzy\u0107 nowe lub \u015bledzi\u0107 istniej\u0105ce konwersacje bez rzucania si\u0119 w oczy. Kolejn\u0105 oferowan\u0105 funkcj\u0105 s\u0105 \u2018Wiadomo\u015bci globalne\u2019, pozwalaj\u0105ce na wysy\u0142anie wiadomo\u015bci bezpo\u015brednio do wszystkich cz\u0142onk\u00f3w. Jedyn\u0105 wad\u0105 jest to, \u017ce mi\u0119dzy sesjami mog\u0105 pojawia\u0107 si\u0119 reklamy, kt\u00f3re mog\u0105 by\u0107 do\u015b\u0107 irytuj\u0105ce. Wersja premium oferuje wi\u0119cej interesuj\u0105cych funkcji. Aby uzyska\u0107 dost\u0119p do takich udogodnie\u0144, trzeba jednak zap\u0142aci\u0107 pewn\u0105 kwot\u0119.<\/p>","protected":false},"excerpt":{"rendered":"<p>Some professionals and internet enthusiasts had first launched chatzy around 2001. With time, it became a popular site in Europe and presently enjoys registered users from all over the world. People access this site for different reasons. It is not some excusive dating or hookup site. Rather, people use the free chatrooms provided by this [&hellip;]<\/p>\n","protected":false},"author":6,"featured_media":559,"parent":0,"menu_order":0,"comment_status":"closed","ping_status":"closed","template":"","meta":{"footnotes":""},"class_list":["post-5268","page","type-page","status-publish","has-post-thumbnail","hentry"],"yoast_head":"<!-- This site is optimized with the Yoast SEO plugin v26.9 - https:\/\/yoast.com\/product\/yoast-seo-wordpress\/ -->\n<title>Chatzy - Free Private Chat Rooms - Cam on StrangerCam.com<\/title>\n<meta name=\"description\" content=\"Like Chatzy? Come chat with more than 5.000.000 strangers on Stranger Cam for Free! Turn on your cam and find new friends &amp; maby a match!\" \/>\n<meta name=\"robots\" content=\"index, follow, max-snippet:-1, max-image-preview:large, max-video-preview:-1\" \/>\n<link rel=\"canonical\" href=\"https:\/\/strangercam.com\/pl\/chatzy\/\" \/>\n<meta property=\"og:locale\" content=\"pl_PL\" \/>\n<meta property=\"og:type\" content=\"article\" \/>\n<meta property=\"og:title\" content=\"Chatzy - Free Private Chat Rooms - Cam on StrangerCam.com\" \/>\n<meta property=\"og:description\" content=\"Like Chatzy? Come chat with more than 5.000.000 strangers on Stranger Cam for Free! Turn on your cam and find new friends &amp; maby a match!\" \/>\n<meta property=\"og:url\" content=\"https:\/\/strangercam.com\/pl\/chatzy\/\" \/>\n<meta property=\"og:site_name\" content=\"Strangercam\" \/>\n<meta property=\"article:publisher\" content=\"https:\/\/www.facebook.com\/strangercam\" \/>\n<meta property=\"article:modified_time\" content=\"2023-08-21T10:24:41+00:00\" \/>\n<meta property=\"og:image\" content=\"https:\/\/strangercam.com\/wp-content\/uploads\/2020\/11\/stranger-cam-1.png\" \/>\n\t<meta property=\"og:image:width\" content=\"800\" \/>\n\t<meta property=\"og:image:height\" content=\"800\" \/>\n\t<meta property=\"og:image:type\" content=\"image\/png\" \/>\n<meta name=\"twitter:card\" content=\"summary_large_image\" \/>\n<meta name=\"twitter:site\" content=\"@strangercamapp\" \/>\n<meta name=\"twitter:label1\" content=\"Szacowany czas czytania\" \/>\n\t<meta name=\"twitter:data1\" content=\"2 minuty\" \/>\n<script type=\"application\/ld+json\" class=\"yoast-schema-graph\">{\"@context\":\"https:\/\/schema.org\",\"@graph\":[{\"@type\":\"WebPage\",\"@id\":\"https:\/\/strangercam.com\/chatzy\/\",\"url\":\"https:\/\/strangercam.com\/chatzy\/\",\"name\":\"Chatzy - Free Private Chat Rooms - Cam on StrangerCam.com\",\"isPartOf\":{\"@id\":\"https:\/\/strangercam.com\/#website\"},\"primaryImageOfPage\":{\"@id\":\"https:\/\/strangercam.com\/chatzy\/#primaryimage\"},\"image\":{\"@id\":\"https:\/\/strangercam.com\/chatzy\/#primaryimage\"},\"thumbnailUrl\":\"https:\/\/strangercam.com\/wp-content\/uploads\/2020\/11\/stranger-cam-1.png\",\"datePublished\":\"2021-06-20T12:53:54+00:00\",\"dateModified\":\"2023-08-21T10:24:41+00:00\",\"description\":\"Like Chatzy? Come chat with more than 5.000.000 strangers on Stranger Cam for Free! Turn on your cam and find new friends & maby a match!\",\"breadcrumb\":{\"@id\":\"https:\/\/strangercam.com\/chatzy\/#breadcrumb\"},\"inLanguage\":\"pl-PL\",\"potentialAction\":[{\"@type\":\"ReadAction\",\"target\":[\"https:\/\/strangercam.com\/chatzy\/\"]}]},{\"@type\":\"ImageObject\",\"inLanguage\":\"pl-PL\",\"@id\":\"https:\/\/strangercam.com\/chatzy\/#primaryimage\",\"url\":\"https:\/\/strangercam.com\/wp-content\/uploads\/2020\/11\/stranger-cam-1.png\",\"contentUrl\":\"https:\/\/strangercam.com\/wp-content\/uploads\/2020\/11\/stranger-cam-1.png\",\"width\":800,\"height\":800,\"caption\":\"stranger cam random video chat\"},{\"@type\":\"BreadcrumbList\",\"@id\":\"https:\/\/strangercam.com\/chatzy\/#breadcrumb\",\"itemListElement\":[{\"@type\":\"ListItem\",\"position\":1,\"name\":\"Home\",\"item\":\"https:\/\/strangercam.com\/\"},{\"@type\":\"ListItem\",\"position\":2,\"name\":\"Chatzy\"}]},{\"@type\":\"WebSite\",\"@id\":\"https:\/\/strangercam.com\/#website\",\"url\":\"https:\/\/strangercam.com\/\",\"name\":\"Strangercam\",\"description\":\"Random Video Chat with Strangers\",\"publisher\":{\"@id\":\"https:\/\/strangercam.com\/#organization\"},\"alternateName\":\"Strangercam.com\",\"potentialAction\":[{\"@type\":\"SearchAction\",\"target\":{\"@type\":\"EntryPoint\",\"urlTemplate\":\"https:\/\/strangercam.com\/?s={search_term_string}\"},\"query-input\":{\"@type\":\"PropertyValueSpecification\",\"valueRequired\":true,\"valueName\":\"search_term_string\"}}],\"inLanguage\":\"pl-PL\"},{\"@type\":\"Organization\",\"@id\":\"https:\/\/strangercam.com\/#organization\",\"name\":\"Strangercam\",\"alternateName\":\"Strangercam.com\",\"url\":\"https:\/\/strangercam.com\/\",\"logo\":{\"@type\":\"ImageObject\",\"inLanguage\":\"pl-PL\",\"@id\":\"https:\/\/strangercam.com\/#\/schema\/logo\/image\/\",\"url\":\"https:\/\/strangercam.com\/wp-content\/uploads\/2020\/11\/cropped-new-favicon-black.png\",\"contentUrl\":\"https:\/\/strangercam.com\/wp-content\/uploads\/2020\/11\/cropped-new-favicon-black.png\",\"width\":512,\"height\":512,\"caption\":\"Strangercam\"},\"image\":{\"@id\":\"https:\/\/strangercam.com\/#\/schema\/logo\/image\/\"},\"sameAs\":[\"https:\/\/www.facebook.com\/strangercam\",\"https:\/\/x.com\/strangercamapp\"]}]}<\/script>\n<!-- \/ Yoast SEO plugin. -->","yoast_head_json":{"title":"Chatzy - Darmowe Prywatne Pokoje Czat - Kamera na StrangerCam.com","description":"Jak Chatzy? Przyjd\u017a na czat z ponad 5.000.000 nieznajomych na Stranger Cam za darmo! W\u0142\u0105cz kamer\u0119 i znajd\u017a nowych przyjaci\u00f3\u0142 i mo\u017ce mecz!","robots":{"index":"index","follow":"follow","max-snippet":"max-snippet:-1","max-image-preview":"max-image-preview:large","max-video-preview":"max-video-preview:-1"},"canonical":"https:\/\/strangercam.com\/pl\/chatzy\/","og_locale":"pl_PL","og_type":"article","og_title":"Chatzy - Free Private Chat Rooms - Cam on StrangerCam.com","og_description":"Like Chatzy? Come chat with more than 5.000.000 strangers on Stranger Cam for Free! Turn on your cam and find new friends & maby a match!","og_url":"https:\/\/strangercam.com\/pl\/chatzy\/","og_site_name":"Strangercam","article_publisher":"https:\/\/www.facebook.com\/strangercam","article_modified_time":"2023-08-21T10:24:41+00:00","og_image":[{"width":800,"height":800,"url":"https:\/\/strangercam.com\/wp-content\/uploads\/2020\/11\/stranger-cam-1.png","type":"image\/png"}],"twitter_card":"summary_large_image","twitter_site":"@strangercamapp","twitter_misc":{"Szacowany czas czytania":"2 minuty"},"schema":{"@context":"https:\/\/schema.org","@graph":[{"@type":"WebPage","@id":"https:\/\/strangercam.com\/chatzy\/","url":"https:\/\/strangercam.com\/chatzy\/","name":"Chatzy - Darmowe Prywatne Pokoje Czat - Kamera na StrangerCam.com","isPartOf":{"@id":"https:\/\/strangercam.com\/#website"},"primaryImageOfPage":{"@id":"https:\/\/strangercam.com\/chatzy\/#primaryimage"},"image":{"@id":"https:\/\/strangercam.com\/chatzy\/#primaryimage"},"thumbnailUrl":"https:\/\/strangercam.com\/wp-content\/uploads\/2020\/11\/stranger-cam-1.png","datePublished":"2021-06-20T12:53:54+00:00","dateModified":"2023-08-21T10:24:41+00:00","description":"Jak Chatzy? Przyjd\u017a na czat z ponad 5.000.000 nieznajomych na Stranger Cam za darmo! W\u0142\u0105cz kamer\u0119 i znajd\u017a nowych przyjaci\u00f3\u0142 i mo\u017ce mecz!","breadcrumb":{"@id":"https:\/\/strangercam.com\/chatzy\/#breadcrumb"},"inLanguage":"pl-PL","potentialAction":[{"@type":"ReadAction","target":["https:\/\/strangercam.com\/chatzy\/"]}]},{"@type":"ImageObject","inLanguage":"pl-PL","@id":"https:\/\/strangercam.com\/chatzy\/#primaryimage","url":"https:\/\/strangercam.com\/wp-content\/uploads\/2020\/11\/stranger-cam-1.png","contentUrl":"https:\/\/strangercam.com\/wp-content\/uploads\/2020\/11\/stranger-cam-1.png","width":800,"height":800,"caption":"stranger cam random video chat"},{"@type":"BreadcrumbList","@id":"https:\/\/strangercam.com\/chatzy\/#breadcrumb","itemListElement":[{"@type":"ListItem","position":1,"name":"Home","item":"https:\/\/strangercam.com\/"},{"@type":"ListItem","position":2,"name":"Chatzy"}]},{"@type":"WebSite","@id":"https:\/\/strangercam.com\/#website","url":"https:\/\/strangercam.com\/","name":"Strangercam","description":"Losowy czat wideo z nieznajomymi","publisher":{"@id":"https:\/\/strangercam.com\/#organization"},"alternateName":"Strangercam.com","potentialAction":[{"@type":"SearchAction","target":{"@type":"EntryPoint","urlTemplate":"https:\/\/strangercam.com\/?s={search_term_string}"},"query-input":{"@type":"PropertyValueSpecification","valueRequired":true,"valueName":"search_term_string"}}],"inLanguage":"pl-PL"},{"@type":"Organization","@id":"https:\/\/strangercam.com\/#organization","name":"Strangercam","alternateName":"Strangercam.com","url":"https:\/\/strangercam.com\/","logo":{"@type":"ImageObject","inLanguage":"pl-PL","@id":"https:\/\/strangercam.com\/#\/schema\/logo\/image\/","url":"https:\/\/strangercam.com\/wp-content\/uploads\/2020\/11\/cropped-new-favicon-black.png","contentUrl":"https:\/\/strangercam.com\/wp-content\/uploads\/2020\/11\/cropped-new-favicon-black.png","width":512,"height":512,"caption":"Strangercam"},"image":{"@id":"https:\/\/strangercam.com\/#\/schema\/logo\/image\/"},"sameAs":["https:\/\/www.facebook.com\/strangercam","https:\/\/x.com\/strangercamapp"]}]}},"_links":{"self":[{"href":"https:\/\/strangercam.com\/pl\/wp-json\/wp\/v2\/pages\/5268","targetHints":{"allow":["GET"]}}],"collection":[{"href":"https:\/\/strangercam.com\/pl\/wp-json\/wp\/v2\/pages"}],"about":[{"href":"https:\/\/strangercam.com\/pl\/wp-json\/wp\/v2\/types\/page"}],"author":[{"embeddable":true,"href":"https:\/\/strangercam.com\/pl\/wp-json\/wp\/v2\/users\/6"}],"replies":[{"embeddable":true,"href":"https:\/\/strangercam.com\/pl\/wp-json\/wp\/v2\/comments?post=5268"}],"version-history":[{"count":0,"href":"https:\/\/strangercam.com\/pl\/wp-json\/wp\/v2\/pages\/5268\/revisions"}],"wp:featuredmedia":[{"embeddable":true,"href":"https:\/\/strangercam.com\/pl\/wp-json\/wp\/v2\/media\/559"}],"wp:attachment":[{"href":"https:\/\/strangercam.com\/pl\/wp-json\/wp\/v2\/media?parent=5268"}],"curies":[{"name":"wp","href":"https:\/\/api.w.org\/{rel}","templated":true}]}}