{"id":5209,"date":"2021-06-20T14:24:52","date_gmt":"2021-06-20T12:24:52","guid":{"rendered":"https:\/\/strangercam.com\/?page_id=5209"},"modified":"2023-08-21T12:43:51","modified_gmt":"2023-08-21T10:43:51","slug":"tohla","status":"publish","type":"page","link":"https:\/\/strangercam.com\/pl\/tohla\/","title":{"rendered":"Tohla"},"content":{"rendered":"<p>Ten wyj\u0105tkowy <a href=\"https:\/\/strangercam.com\/pl\/chatroulette\/\">czat<\/a> pozwala \u0142\u0105czy\u0107 si\u0119 z zupe\u0142nie obcymi osobami i dyskutowa\u0107 z nimi na r\u00f3\u017cne interesuj\u0105ce tematy. Masz mo\u017cliwo\u015b\u0107 czatowania tekstowego, grania w Tloons, rysowania, czatowania g\u0142osowego, <a href=\"https:\/\/strangercam.com\/pl\/rabbit-video-chat\/\">czat wideo<\/a>gra\u0107 <b>tohla<\/b> Fun, Like or Unlike itp. Jest po prostu wype\u0142niona mn\u00f3stwem emocji, kt\u00f3re mo\u017cna odkry\u0107, odwiedzaj\u0105c j\u0105. Ka\u017cda chwila sp\u0119dzona na tej stronie z pewno\u015bci\u0105 b\u0119dzie niesamowita i niezapomniana. Tysi\u0105ce ludzi mo\u017ce by\u0107 zalogowanych na tym portalu w dowolnym momencie. Ta pot\u0119\u017cna platforma zapewnia mo\u017cliwo\u015b\u0107 poznania innych os\u00f3b oraz <a href=\"https:\/\/strangercam.com\/pl\/coomeet\/\">spotkanie<\/a> podobnie my\u015bl\u0105cych ludzi.<\/p>\n<h2>Jak zarejestrowa\u0107 si\u0119 w tohla?<\/h2>\n<p>Portal ten nie wymaga uiszczania \u017cadnych op\u0142at rejestracyjnych, aby uzyska\u0107 dost\u0119p do r\u00f3\u017cnych ekscytuj\u0105cych funkcji. U\u017cytkownik mo\u017ce <a href=\"https:\/\/strangercam.com\/pl\/video-chat-with-girls\/\">czat wideo z dziewczynami<\/a> i ch\u0142opc\u00f3w w ka\u017cdym wieku bez konieczno\u015bci wydawania nawet grosza z kieszeni. Wystarczy klikn\u0105\u0107 przycisk \u2018Po\u0142\u0105cz teraz\u2019. Zostaniesz wtedy po\u0142\u0105czony z ich serwerem czatu i zaczniesz natychmiast \u0142\u0105czy\u0107 si\u0119 z innymi. Jest \u0142atwy w u\u017cyciu i do\u015b\u0107 szybki w przeciwie\u0144stwie do innych portali.<\/p>\n<h3>Jak u\u017cywa\u0107 tohla?<\/h3>\n<p>Ten losowy portal czatowy umo\u017cliwia czatowanie z zupe\u0142nie obcymi osobami bez konieczno\u015bci ujawniania swojej prawdziwej to\u017csamo\u015bci. Jest do\u015b\u0107 prosty w u\u017cyciu i wymaga jedynie zalogowania si\u0119, aby rozpocz\u0105\u0107 sesj\u0119 czatu. Ta strona oferuje kilka interesuj\u0105cych aplikacji przeznaczonych dla wszystkich, takich jak akcje, losowania i gor\u0105ce lub nie itp. Mo\u017cesz tak\u017ce skorzysta\u0107 z funkcji czatu wideo, aby sprawdzi\u0107 drug\u0105 osob\u0119 i prowadzi\u0107 czat na \u017cywo. W ten spos\u00f3b mo\u017cesz pozby\u0107 si\u0119 nudy i mie\u0107 mn\u00f3stwo zabawy i rozrywki.<\/p>\n<h3>Jakie s\u0105 wady i zalety tohla?<\/h3>\n<p>Portal ten jest ca\u0142kowicie bezpieczny i mo\u017cna z niego korzysta\u0107 zawsze, gdy czujesz si\u0119 znudzony lub szukasz jakiej\u015b formy rozrywki. Po\u0142\u0105czenie jest bardzo \u0142atwe i nie wymaga rejestracji. Nie trzeba r\u00f3wnie\u017c uiszcza\u0107 \u017cadnych op\u0142at rejestracyjnych, aby uzyska\u0107 dost\u0119p do r\u00f3\u017cnych oferowanych funkcji. Posiada kilka interesuj\u0105cych funkcji i pozwala cieszy\u0107 si\u0119 bezpiecznym zaanga\u017cowaniem u\u017cytkownik\u00f3w. Czat wideo jest r\u00f3wnie\u017c ca\u0142kowicie darmowy i mo\u017cna anga\u017cowa\u0107 si\u0119 w rozmowy z ch\u0142opcami i dziewczynami. <a href=\"https:\/\/strangercam.com\/pl\/mirami\/\">dziewczyny<\/a> na \u017cywo z dowolnej cz\u0119\u015bci \u015bwiata. Jedyn\u0105 wad\u0105 jest to, \u017ce b\u0119d\u0105c darmowym portalem czatowym, mo\u017ce istnie\u0107 kilka fa\u0142szywych i oszuka\u0144czych profili, na kt\u00f3re nale\u017cy uwa\u017ca\u0107.<\/p>","protected":false},"excerpt":{"rendered":"<p>This unique chat site allows you to connect with complete strangers and discuss with them on various interesting things. You have the option to text chat, play Tloons, draw, voice chat, video chat, play tohla Fun, Like or Unlike, etc. It is simply filled with lots of excitement something that you can discover by visiting [&hellip;]<\/p>\n","protected":false},"author":6,"featured_media":559,"parent":0,"menu_order":0,"comment_status":"closed","ping_status":"closed","template":"","meta":{"footnotes":""},"class_list":["post-5209","page","type-page","status-publish","has-post-thumbnail","hentry"],"yoast_head":"<!-- This site is optimized with the Yoast SEO plugin v27.4 - https:\/\/yoast.com\/product\/yoast-seo-wordpress\/ -->\n<title>Tohla - Talk To Strangers - Cam on StrangerCam.com<\/title>\n<meta name=\"description\" content=\"Like Tohla? Come chat with more than 5.000.000 strangers on Stranger Cam for Free! Turn on your cam and find new friends &amp; maby a match!\" \/>\n<meta name=\"robots\" content=\"index, follow, max-snippet:-1, max-image-preview:large, max-video-preview:-1\" \/>\n<link rel=\"canonical\" href=\"https:\/\/strangercam.com\/pl\/tohla\/\" \/>\n<meta property=\"og:locale\" content=\"pl_PL\" \/>\n<meta property=\"og:type\" content=\"article\" \/>\n<meta property=\"og:title\" content=\"Tohla - Talk To Strangers - Cam on StrangerCam.com\" \/>\n<meta property=\"og:description\" content=\"Like Tohla? Come chat with more than 5.000.000 strangers on Stranger Cam for Free! Turn on your cam and find new friends &amp; maby a match!\" \/>\n<meta property=\"og:url\" content=\"https:\/\/strangercam.com\/pl\/tohla\/\" \/>\n<meta property=\"og:site_name\" content=\"Strangercam\" \/>\n<meta property=\"article:publisher\" content=\"https:\/\/www.facebook.com\/strangercam\" \/>\n<meta property=\"article:modified_time\" content=\"2023-08-21T10:43:51+00:00\" \/>\n<meta property=\"og:image\" content=\"https:\/\/strangercam.com\/wp-content\/uploads\/2020\/11\/stranger-cam-1.png\" \/>\n\t<meta property=\"og:image:width\" content=\"800\" \/>\n\t<meta property=\"og:image:height\" content=\"800\" \/>\n\t<meta property=\"og:image:type\" content=\"image\/png\" \/>\n<meta name=\"twitter:card\" content=\"summary_large_image\" \/>\n<meta name=\"twitter:site\" content=\"@strangercamapp\" \/>\n<meta name=\"twitter:label1\" content=\"Szacowany czas czytania\" \/>\n\t<meta name=\"twitter:data1\" content=\"2 minuty\" \/>\n<script type=\"application\/ld+json\" class=\"yoast-schema-graph\">{\"@context\":\"https:\\\/\\\/schema.org\",\"@graph\":[{\"@type\":\"WebPage\",\"@id\":\"https:\\\/\\\/strangercam.com\\\/tohla\\\/\",\"url\":\"https:\\\/\\\/strangercam.com\\\/tohla\\\/\",\"name\":\"Tohla - Talk To Strangers - Cam on StrangerCam.com\",\"isPartOf\":{\"@id\":\"https:\\\/\\\/strangercam.com\\\/#website\"},\"primaryImageOfPage\":{\"@id\":\"https:\\\/\\\/strangercam.com\\\/tohla\\\/#primaryimage\"},\"image\":{\"@id\":\"https:\\\/\\\/strangercam.com\\\/tohla\\\/#primaryimage\"},\"thumbnailUrl\":\"https:\\\/\\\/strangercam.com\\\/wp-content\\\/uploads\\\/2020\\\/11\\\/stranger-cam-1.png\",\"datePublished\":\"2021-06-20T12:24:52+00:00\",\"dateModified\":\"2023-08-21T10:43:51+00:00\",\"description\":\"Like Tohla? Come chat with more than 5.000.000 strangers on Stranger Cam for Free! Turn on your cam and find new friends & maby a match!\",\"breadcrumb\":{\"@id\":\"https:\\\/\\\/strangercam.com\\\/tohla\\\/#breadcrumb\"},\"inLanguage\":\"pl-PL\",\"potentialAction\":[{\"@type\":\"ReadAction\",\"target\":[\"https:\\\/\\\/strangercam.com\\\/tohla\\\/\"]}]},{\"@type\":\"ImageObject\",\"inLanguage\":\"pl-PL\",\"@id\":\"https:\\\/\\\/strangercam.com\\\/tohla\\\/#primaryimage\",\"url\":\"https:\\\/\\\/strangercam.com\\\/wp-content\\\/uploads\\\/2020\\\/11\\\/stranger-cam-1.png\",\"contentUrl\":\"https:\\\/\\\/strangercam.com\\\/wp-content\\\/uploads\\\/2020\\\/11\\\/stranger-cam-1.png\",\"width\":800,\"height\":800,\"caption\":\"stranger cam random video chat\"},{\"@type\":\"BreadcrumbList\",\"@id\":\"https:\\\/\\\/strangercam.com\\\/tohla\\\/#breadcrumb\",\"itemListElement\":[{\"@type\":\"ListItem\",\"position\":1,\"name\":\"Home\",\"item\":\"https:\\\/\\\/strangercam.com\\\/\"},{\"@type\":\"ListItem\",\"position\":2,\"name\":\"Tohla\"}]},{\"@type\":\"WebSite\",\"@id\":\"https:\\\/\\\/strangercam.com\\\/#website\",\"url\":\"https:\\\/\\\/strangercam.com\\\/\",\"name\":\"Strangercam\",\"description\":\"Random Video Chat with Strangers\",\"publisher\":{\"@id\":\"https:\\\/\\\/strangercam.com\\\/#organization\"},\"alternateName\":\"Strangercam.com\",\"potentialAction\":[{\"@type\":\"SearchAction\",\"target\":{\"@type\":\"EntryPoint\",\"urlTemplate\":\"https:\\\/\\\/strangercam.com\\\/?s={search_term_string}\"},\"query-input\":{\"@type\":\"PropertyValueSpecification\",\"valueRequired\":true,\"valueName\":\"search_term_string\"}}],\"inLanguage\":\"pl-PL\"},{\"@type\":\"Organization\",\"@id\":\"https:\\\/\\\/strangercam.com\\\/#organization\",\"name\":\"Strangercam\",\"alternateName\":\"Strangercam.com\",\"url\":\"https:\\\/\\\/strangercam.com\\\/\",\"logo\":{\"@type\":\"ImageObject\",\"inLanguage\":\"pl-PL\",\"@id\":\"https:\\\/\\\/strangercam.com\\\/#\\\/schema\\\/logo\\\/image\\\/\",\"url\":\"https:\\\/\\\/strangercam.com\\\/wp-content\\\/uploads\\\/2020\\\/11\\\/cropped-new-favicon-black.png\",\"contentUrl\":\"https:\\\/\\\/strangercam.com\\\/wp-content\\\/uploads\\\/2020\\\/11\\\/cropped-new-favicon-black.png\",\"width\":512,\"height\":512,\"caption\":\"Strangercam\"},\"image\":{\"@id\":\"https:\\\/\\\/strangercam.com\\\/#\\\/schema\\\/logo\\\/image\\\/\"},\"sameAs\":[\"https:\\\/\\\/www.facebook.com\\\/strangercam\",\"https:\\\/\\\/x.com\\\/strangercamapp\"]}]}<\/script>\n<!-- \/ Yoast SEO plugin. -->","yoast_head_json":{"title":"Tohla - Rozmawiaj z nieznajomymi - Kamera na StrangerCam.com","description":"Jak Tohla? Przyjd\u017a na czat z ponad 5.000.000 nieznajomych na Stranger Cam za darmo! W\u0142\u0105cz kamer\u0119 i znajd\u017a nowych przyjaci\u00f3\u0142 i mo\u017ce mecz!","robots":{"index":"index","follow":"follow","max-snippet":"max-snippet:-1","max-image-preview":"max-image-preview:large","max-video-preview":"max-video-preview:-1"},"canonical":"https:\/\/strangercam.com\/pl\/tohla\/","og_locale":"pl_PL","og_type":"article","og_title":"Tohla - Talk To Strangers - Cam on StrangerCam.com","og_description":"Like Tohla? Come chat with more than 5.000.000 strangers on Stranger Cam for Free! Turn on your cam and find new friends & maby a match!","og_url":"https:\/\/strangercam.com\/pl\/tohla\/","og_site_name":"Strangercam","article_publisher":"https:\/\/www.facebook.com\/strangercam","article_modified_time":"2023-08-21T10:43:51+00:00","og_image":[{"width":800,"height":800,"url":"https:\/\/strangercam.com\/wp-content\/uploads\/2020\/11\/stranger-cam-1.png","type":"image\/png"}],"twitter_card":"summary_large_image","twitter_site":"@strangercamapp","twitter_misc":{"Szacowany czas czytania":"2 minuty"},"schema":{"@context":"https:\/\/schema.org","@graph":[{"@type":"WebPage","@id":"https:\/\/strangercam.com\/tohla\/","url":"https:\/\/strangercam.com\/tohla\/","name":"Tohla - Rozmawiaj z nieznajomymi - Kamera na StrangerCam.com","isPartOf":{"@id":"https:\/\/strangercam.com\/#website"},"primaryImageOfPage":{"@id":"https:\/\/strangercam.com\/tohla\/#primaryimage"},"image":{"@id":"https:\/\/strangercam.com\/tohla\/#primaryimage"},"thumbnailUrl":"https:\/\/strangercam.com\/wp-content\/uploads\/2020\/11\/stranger-cam-1.png","datePublished":"2021-06-20T12:24:52+00:00","dateModified":"2023-08-21T10:43:51+00:00","description":"Jak Tohla? Przyjd\u017a na czat z ponad 5.000.000 nieznajomych na Stranger Cam za darmo! W\u0142\u0105cz kamer\u0119 i znajd\u017a nowych przyjaci\u00f3\u0142 i mo\u017ce mecz!","breadcrumb":{"@id":"https:\/\/strangercam.com\/tohla\/#breadcrumb"},"inLanguage":"pl-PL","potentialAction":[{"@type":"ReadAction","target":["https:\/\/strangercam.com\/tohla\/"]}]},{"@type":"ImageObject","inLanguage":"pl-PL","@id":"https:\/\/strangercam.com\/tohla\/#primaryimage","url":"https:\/\/strangercam.com\/wp-content\/uploads\/2020\/11\/stranger-cam-1.png","contentUrl":"https:\/\/strangercam.com\/wp-content\/uploads\/2020\/11\/stranger-cam-1.png","width":800,"height":800,"caption":"stranger cam random video chat"},{"@type":"BreadcrumbList","@id":"https:\/\/strangercam.com\/tohla\/#breadcrumb","itemListElement":[{"@type":"ListItem","position":1,"name":"Home","item":"https:\/\/strangercam.com\/"},{"@type":"ListItem","position":2,"name":"Tohla"}]},{"@type":"WebSite","@id":"https:\/\/strangercam.com\/#website","url":"https:\/\/strangercam.com\/","name":"Strangercam","description":"Losowy czat wideo z nieznajomymi","publisher":{"@id":"https:\/\/strangercam.com\/#organization"},"alternateName":"Strangercam.com","potentialAction":[{"@type":"SearchAction","target":{"@type":"EntryPoint","urlTemplate":"https:\/\/strangercam.com\/?s={search_term_string}"},"query-input":{"@type":"PropertyValueSpecification","valueRequired":true,"valueName":"search_term_string"}}],"inLanguage":"pl-PL"},{"@type":"Organization","@id":"https:\/\/strangercam.com\/#organization","name":"Strangercam","alternateName":"Strangercam.com","url":"https:\/\/strangercam.com\/","logo":{"@type":"ImageObject","inLanguage":"pl-PL","@id":"https:\/\/strangercam.com\/#\/schema\/logo\/image\/","url":"https:\/\/strangercam.com\/wp-content\/uploads\/2020\/11\/cropped-new-favicon-black.png","contentUrl":"https:\/\/strangercam.com\/wp-content\/uploads\/2020\/11\/cropped-new-favicon-black.png","width":512,"height":512,"caption":"Strangercam"},"image":{"@id":"https:\/\/strangercam.com\/#\/schema\/logo\/image\/"},"sameAs":["https:\/\/www.facebook.com\/strangercam","https:\/\/x.com\/strangercamapp"]}]}},"_links":{"self":[{"href":"https:\/\/strangercam.com\/pl\/wp-json\/wp\/v2\/pages\/5209","targetHints":{"allow":["GET"]}}],"collection":[{"href":"https:\/\/strangercam.com\/pl\/wp-json\/wp\/v2\/pages"}],"about":[{"href":"https:\/\/strangercam.com\/pl\/wp-json\/wp\/v2\/types\/page"}],"author":[{"embeddable":true,"href":"https:\/\/strangercam.com\/pl\/wp-json\/wp\/v2\/users\/6"}],"replies":[{"embeddable":true,"href":"https:\/\/strangercam.com\/pl\/wp-json\/wp\/v2\/comments?post=5209"}],"version-history":[{"count":0,"href":"https:\/\/strangercam.com\/pl\/wp-json\/wp\/v2\/pages\/5209\/revisions"}],"wp:featuredmedia":[{"embeddable":true,"href":"https:\/\/strangercam.com\/pl\/wp-json\/wp\/v2\/media\/559"}],"wp:attachment":[{"href":"https:\/\/strangercam.com\/pl\/wp-json\/wp\/v2\/media?parent=5209"}],"curies":[{"name":"wp","href":"https:\/\/api.w.org\/{rel}","templated":true}]}}