{"id":5113,"date":"2021-06-19T21:05:49","date_gmt":"2021-06-19T19:05:49","guid":{"rendered":"https:\/\/strangercam.com\/?page_id=5113"},"modified":"2023-08-21T11:40:39","modified_gmt":"2023-08-21T09:40:39","slug":"chatiw","status":"publish","type":"page","link":"https:\/\/strangercam.com\/pl\/chatiw\/","title":{"rendered":"Chatiw"},"content":{"rendered":"<p>By\u0107 mo\u017ce pr\u00f3bujesz znale\u017a\u0107 odpowiedni\u0105 osob\u0119 online i dlatego jeste\u015b zainteresowany <a href=\"https:\/\/strangercam.com\/pl\/chatingly\/\">czat<\/a> z przypadkowymi nieznajomymi online.<\/p>\n<p>Je\u015bli tak, to jeste\u015b we w\u0142a\u015bciwym miejscu!<\/p>\n<p>Oto kompletny przewodnik po wspania\u0142ej platformie online, dzi\u0119ki kt\u00f3rej mo\u017cesz rozmawia\u0107 z dziesi\u0105tkami nieznajomych w ci\u0105gu jednego dnia.<\/p>\n<p>Brzmi imponuj\u0105co, prawda?<\/p>\n<p>Chocia\u017c dost\u0119pnych jest wiele internetowych serwis\u00f3w randkowych i aplikacji,\u00a0<b>chatiw<\/b> jest czym\u015b innym. Ta oparta na czacie platforma oferuje swoim u\u017cytkownikom <a href=\"https:\/\/strangercam.com\/pl\/chat4free\/\">darmowy<\/a> Komunikacja umo\u017cliwiaj\u0105ca \u0142\u0105czenie si\u0119 z tysi\u0105cami nieznajomych z r\u00f3\u017cnych kraj\u00f3w za darmo.<\/p>\n<p>Nie ma \u017cadnych ogranicze\u0144 co do tego, jak i z kim si\u0119 komunikowa\u0107, w tym wyboru lokalizacji. Mo\u017cesz <a href=\"https:\/\/strangercam.com\/pl\/chatroulette\/\">czat<\/a> niezobowi\u0105zuj\u0105co, je\u015bli szukasz czego\u015b mniej powa\u017cnego lub dobrego przyjaciela. Mo\u017cesz tak\u017ce skorzysta\u0107 z okazji, by poszuka\u0107 bratniej duszy lub partnera. Tak wi\u0119c ta strona oferuje ogromn\u0105 swobod\u0119 dzia\u0142ania, ca\u0142kowicie w zale\u017cno\u015bci od nastroju.<\/p>\n<h2>Jak zarejestrowa\u0107 si\u0119 w Chatiw?<\/h2>\n<p>Jego funkcja rejestracji jest wyj\u0105tkowa. Nigdzie indziej nie znajdziesz procesu rejestracji podobnego do Chatiw.<\/p>\n<p>Darmowi u\u017cytkownicy nie musz\u0105 si\u0119 rejestrowa\u0107, aby korzysta\u0107 z tej strony w celu nawi\u0105zywania kontakt\u00f3w z nieznajomymi. Na stronie g\u0142\u00f3wnej witryny znajduje si\u0119 kilka p\u00f3l, kt\u00f3re nale\u017cy wype\u0142ni\u0107 poprawnie i odpowiednio.<\/p>\n<p>Zawiera nazw\u0119 u\u017cytkownika, lokalizacj\u0119, p\u0142e\u0107 i wiek. Po zako\u0144czeniu mo\u017cesz rozpocz\u0105\u0107 czatowanie z ka\u017cdym, z kim chcesz si\u0119 po\u0142\u0105czy\u0107. Ta aplikacja \/ witryna umo\u017cliwia r\u00f3wnie\u017c korzystanie ze \u015bledzenia GPS w celu podania dok\u0142adnej lokalizacji u\u017cytkownika i drugiej osoby.<\/p>\n<h3>Jak korzysta\u0107 z Chatiw?<\/h3>\n<p>Czatowanie jest g\u0142\u00f3wn\u0105 aktywno\u015bci\u0105 oferowan\u0105 przez t\u0119 stron\u0119. W zwi\u0105zku z tym oferowane funkcje wykres\u00f3w s\u0105 optymalne. Umo\u017cliwia wysy\u0142anie informacji, zdj\u0119\u0107, link\u00f3w i przegl\u0105danie historii czat\u00f3w.<\/p>\n<p>Ale niekt\u00f3re funkcje s\u0105 oferowane tylko klientom premium. Mo\u017cesz z \u0142atwo\u015bci\u0105 blokowa\u0107 i ignorowa\u0107 profile, kt\u00f3re Ci\u0119 nie interesuj\u0105. Oferowane funkcje s\u0105 do\u015b\u0107 interesuj\u0105ce i proste w u\u017cyciu.<\/p>\n<p>Co wi\u0119cej, opracowany system czatu jest do\u015b\u0107 pot\u0119\u017cny. Ludzie na tej platformie s\u0105 nieco dojrzalsi i wi\u0119kszo\u015b\u0107 z nich wie, czego szuka. Wszystko tutaj jest intuicyjne i proste. Je\u015bli jeste\u015b kim\u015b zainteresowany, mo\u017cesz po prostu mu o tym powiedzie\u0107, a je\u015bli nie, po prostu zignorowa\u0107.<\/p>\n<h3>Jakie s\u0105 wady i zalety Chatiw?<\/h3>\n<p>Korzystanie z tej strony jest stosunkowo proste. Interfejs strony jest prosty. Mo\u017cesz z niego \u0142atwo korzysta\u0107, nawet je\u015bli nigdy wcze\u015bniej nie korzysta\u0142e\u015b z serwisu randkowego!<\/p>\n<p>Jako darmowy u\u017cytkownik masz nast\u0119puj\u0105ce korzy\u015bci;<\/p>\n<ul>\n<li style=\"font-weight: 400;\" aria-level=\"1\">Rejestracja nie jest wymagana, a ca\u0142y proces jest prosty i bezp\u0142atny.<\/li>\n<li style=\"font-weight: 400;\" aria-level=\"1\">Nie musisz traci\u0107 czasu na tworzenie d\u0142ugich profili.<\/li>\n<li style=\"font-weight: 400;\" aria-level=\"1\">Mo\u017cesz czyta\u0107 wpisy na blogach, aby dzieli\u0107 si\u0119 do\u015bwiadczeniami na temat zwi\u0105zk\u00f3w, randek i komunikacji online.<\/li>\n<li style=\"font-weight: 400;\" aria-level=\"1\">Jest to fantastyczna strona zapewniaj\u0105ca rozrywk\u0119 24\/7.<\/li>\n<\/ul>\n<p>Niekt\u00f3re wady zauwa\u017cone w tej witrynie czatu online to niew\u0142a\u015bciwe funkcje rejestracji.<\/p>\n<ul>\n<li style=\"font-weight: 400;\" aria-level=\"1\">Za ka\u017cdym razem, gdy pr\u00f3bujesz wej\u015b\u0107 na stron\u0119, aby porozmawia\u0107, musisz poda\u0107 swoj\u0105 nazw\u0119 u\u017cytkownika i inne istotne informacje, ale tylko dla darmowych cz\u0142onk\u00f3w.<\/li>\n<li style=\"font-weight: 400;\" aria-level=\"1\">Obecnie na platformie dzia\u0142a wiele niew\u0142a\u015bciwych i oszuka\u0144czych profili.<\/li>\n<li style=\"font-weight: 400;\" aria-level=\"1\">Aby cieszy\u0107 si\u0119 wszystkimi funkcjami, musisz zosta\u0107 cz\u0142onkiem VIP lub premium, p\u0142ac\u0105c na stronie internetowej.<\/li>\n<\/ul>\n<h3>Wskaz\u00f3wki od Chatiw<\/h3>\n<p>Chatiw to niew\u0105tpliwie fantastyczna platforma do czatowania online, ale dobr\u0105 rzecz\u0105 jest to, \u017ce prowadzi u\u017cytkownik\u00f3w.<\/p>\n<p>Maj\u0105 sw\u00f3j w\u0142asny blog!<\/p>\n<p>Na blogu staraj\u0105 si\u0119 opowiedzie\u0107 o manierach i sposobie, w jaki nale\u017cy rozmawia\u0107 z nieznajomym online. Jest to dobry krok na dwa sposoby.<\/p>\n<ul>\n<li style=\"font-weight: 400;\" aria-level=\"1\">Po pierwsze, prowadzi u\u017cytkownik\u00f3w i m\u00f3wi im, jak rozmawia\u0107, aby zaimponowa\u0107 osobie siedz\u0105cej po drugiej stronie.<\/li>\n<li style=\"font-weight: 400;\" aria-level=\"1\">Drug\u0105 najwa\u017cniejsz\u0105 rzecz\u0105 w tym blogu jest to, \u017ce m\u00f3wi, jak si\u0119 zachowa\u0107!<\/li>\n<\/ul>\n<p>To doskona\u0142y spos\u00f3b, by powiedzie\u0107 widzom, \u017ce lepiej si\u0119 zachowywa\u0107, ni\u017c zosta\u0107 zbanowanym!<\/p>\n<p>Dlaczego warto u\u017cywa\u0107 Chatiw?<\/p>\n<h3>Aplikacja mobilna<\/h3>\n<p>Nie musisz si\u0119 martwi\u0107!<\/p>\n<p>Chatiw posiada r\u00f3wnie\u017c aplikacj\u0119 mobiln\u0105. Jak wiemy, nie mo\u017cemy korzysta\u0107 z przegl\u0105darek przez ca\u0142y czas. Dla wygody u\u017cytkownik\u00f3w Chatiw podj\u0105\u0142 ten krok i wprowadzi\u0142 t\u0119 wyj\u0105tkow\u0105 aplikacj\u0119.<\/p>\n<p>Je\u015bli jeste\u015b u\u017cytkownikiem Androida, mo\u017cesz pobra\u0107 aplikacj\u0119 ze Sklepu Play, a je\u015bli jeste\u015b u\u017cytkownikiem iPhone'a, mo\u017cesz pobra\u0107 aplikacj\u0119 ze Sklepu App Store.<\/p>\n<h3>Crux of Chatiw<\/h3>\n<p>Chatiw to nie tylko tekst i <a href=\"https:\/\/strangercam.com\/pl\/rabbit-video-chat\/\">wideo<\/a> czatowanie. Nie chodzi tylko o rozmow\u0119 z nieznajomymi. Deweloperzy, kt\u00f3rzy opracowali stron\u0119 internetow\u0105, a nast\u0119pnie aplikacj\u0119, mieli na my\u015bli wi\u0119ksz\u0105 wizj\u0119.<\/p>\n<p>Chatiw opowiada o poszukiwaniu idealnego partnera, bratniej duszy!<\/p>\n<p>To nie jest jak zwyk\u0142e platformy czatowe, kt\u00f3re po prostu pozwalaj\u0105 rozmawia\u0107 z lud\u017ami, a potem losowo? Nic?<\/p>\n<p>Gdyby tak by\u0142o, to po co w og\u00f3le rozmawia\u0107?<\/p>\n<p>Za wszystkim powinien sta\u0107 pow\u00f3d, a rozmowa powinna dok\u0105d\u015b prowadzi\u0107; w przeciwnym razie obci\u0105\u017cy to obie strony.<\/p>\n<p>Z tego powodu Chatiw docenia mo\u017cliwo\u015b\u0107 przeniesienia czatu na stron\u0119 <a href=\"https:\/\/strangercam.com\/pl\/nextcam\/\">nast\u0119pny<\/a> poziom, co jest najbardziej niesamowit\u0105 rzecz\u0105 na tej stronie.<\/p>\n<h3>Prywatno\u015b\u0107<\/h3>\n<p>Tutaj jeste\u015b bezpieczny. Mo\u017cesz udost\u0119pnia\u0107 swoje zdj\u0119cia osobie, kt\u00f3r\u0105 lubisz podczas czatu, nie martwi\u0105c si\u0119 o swoj\u0105 prywatno\u015b\u0107. Chatiw zapewnia Ci ochron\u0119!<\/p>\n<p>Ludzie unikaj\u0105 do\u0142\u0105czania do platform czatu online z dw\u00f3ch powod\u00f3w. Jednym z nich jest z\u0142o\u017cono\u015b\u0107, a drugim prywatno\u015b\u0107. Chatiw ma solidne rozwi\u0105zanie dla obu z nich. Ich strona internetowa jest prosta i \u0142atwa w u\u017cyciu. A je\u015bli chodzi o prywatno\u015b\u0107, maj\u0105 solidny plan. Chatiw gromadzi tylko imi\u0119, nazwisko, adres e-mail, dane o u\u017cytkowaniu, unikalne identyfikatory urz\u0105dze\u0144 do cel\u00f3w reklamowych (Google Advertiser ID), r\u00f3\u017cne rodzaje danych, pliki cookie, po\u0142o\u017cenie geograficzne i j\u0119zyk.<\/p>\n<p>M\u00f3wi\u0105c o lokalizacji, zbieraj\u0105 tylko lokalizacj\u0119, aby znale\u017a\u0107 idealne dopasowanie. Znalezienie gry jest czasami trudne, ale lokalizacja mo\u017ce pom\u00f3c, poniewa\u017c im bli\u017cej jest tw\u00f3j partner, tym lepiej, jak ju\u017c m\u00f3wili\u015bmy, \u017ce Chatiw docenia przenoszenie relacji na wy\u017cszy poziom.<\/p>\n<h3>Wnioski<\/h3>\n<p>Og\u00f3lnie rzecz bior\u0105c, Chatiw to doskona\u0142a strona do czatowania online. Mo\u017cesz cieszy\u0107 si\u0119 rozmowami z nieznajomymi i nawi\u0105zywaniem nowych znajomo\u015bci. Mo\u017cesz to wszystko zrobi\u0107, zachowuj\u0105c bezpiecze\u0144stwo swojej to\u017csamo\u015bci.<\/p>","protected":false},"excerpt":{"rendered":"<p>You may be trying to find a suitable person online and hence be interested in chatting with random strangers online. If it is the case, you are in the right place! Here is a complete guide to a wonderful online platform through which you can talk to dozens of strangers in a day. It sounds [&hellip;]<\/p>\n","protected":false},"author":6,"featured_media":559,"parent":0,"menu_order":0,"comment_status":"closed","ping_status":"closed","template":"","meta":{"footnotes":""},"class_list":["post-5113","page","type-page","status-publish","has-post-thumbnail","hentry"],"yoast_head":"<!-- This site is optimized with the Yoast SEO plugin v26.9 - https:\/\/yoast.com\/product\/yoast-seo-wordpress\/ -->\n<title>Chatiw - Free Text Chat Rooms - Cam on StrangerCam.com<\/title>\n<meta name=\"description\" content=\"Like Chatiw? Come chat with more than 5.000.000 strangers on Stranger Cam for Free! Turn on your cam and find new friends &amp; maby a match!\" \/>\n<meta name=\"robots\" content=\"index, follow, max-snippet:-1, max-image-preview:large, max-video-preview:-1\" \/>\n<link rel=\"canonical\" href=\"https:\/\/strangercam.com\/pl\/chatiw\/\" \/>\n<meta property=\"og:locale\" content=\"pl_PL\" \/>\n<meta property=\"og:type\" content=\"article\" \/>\n<meta property=\"og:title\" content=\"Chatiw - Free Text Chat Rooms - Cam on StrangerCam.com\" \/>\n<meta property=\"og:description\" content=\"Like Chatiw? Come chat with more than 5.000.000 strangers on Stranger Cam for Free! Turn on your cam and find new friends &amp; maby a match!\" \/>\n<meta property=\"og:url\" content=\"https:\/\/strangercam.com\/pl\/chatiw\/\" \/>\n<meta property=\"og:site_name\" content=\"Strangercam\" \/>\n<meta property=\"article:publisher\" content=\"https:\/\/www.facebook.com\/strangercam\" \/>\n<meta property=\"article:modified_time\" content=\"2023-08-21T09:40:39+00:00\" \/>\n<meta property=\"og:image\" content=\"https:\/\/strangercam.com\/wp-content\/uploads\/2020\/11\/stranger-cam-1.png\" \/>\n\t<meta property=\"og:image:width\" content=\"800\" \/>\n\t<meta property=\"og:image:height\" content=\"800\" \/>\n\t<meta property=\"og:image:type\" content=\"image\/png\" \/>\n<meta name=\"twitter:card\" content=\"summary_large_image\" \/>\n<meta name=\"twitter:site\" content=\"@strangercamapp\" \/>\n<meta name=\"twitter:label1\" content=\"Szacowany czas czytania\" \/>\n\t<meta name=\"twitter:data1\" content=\"5 minut\" \/>\n<script type=\"application\/ld+json\" class=\"yoast-schema-graph\">{\"@context\":\"https:\/\/schema.org\",\"@graph\":[{\"@type\":\"WebPage\",\"@id\":\"https:\/\/strangercam.com\/chatiw\/\",\"url\":\"https:\/\/strangercam.com\/chatiw\/\",\"name\":\"Chatiw - Free Text Chat Rooms - Cam on StrangerCam.com\",\"isPartOf\":{\"@id\":\"https:\/\/strangercam.com\/#website\"},\"primaryImageOfPage\":{\"@id\":\"https:\/\/strangercam.com\/chatiw\/#primaryimage\"},\"image\":{\"@id\":\"https:\/\/strangercam.com\/chatiw\/#primaryimage\"},\"thumbnailUrl\":\"https:\/\/strangercam.com\/wp-content\/uploads\/2020\/11\/stranger-cam-1.png\",\"datePublished\":\"2021-06-19T19:05:49+00:00\",\"dateModified\":\"2023-08-21T09:40:39+00:00\",\"description\":\"Like Chatiw? Come chat with more than 5.000.000 strangers on Stranger Cam for Free! Turn on your cam and find new friends & maby a match!\",\"breadcrumb\":{\"@id\":\"https:\/\/strangercam.com\/chatiw\/#breadcrumb\"},\"inLanguage\":\"pl-PL\",\"potentialAction\":[{\"@type\":\"ReadAction\",\"target\":[\"https:\/\/strangercam.com\/chatiw\/\"]}]},{\"@type\":\"ImageObject\",\"inLanguage\":\"pl-PL\",\"@id\":\"https:\/\/strangercam.com\/chatiw\/#primaryimage\",\"url\":\"https:\/\/strangercam.com\/wp-content\/uploads\/2020\/11\/stranger-cam-1.png\",\"contentUrl\":\"https:\/\/strangercam.com\/wp-content\/uploads\/2020\/11\/stranger-cam-1.png\",\"width\":800,\"height\":800,\"caption\":\"stranger cam random video chat\"},{\"@type\":\"BreadcrumbList\",\"@id\":\"https:\/\/strangercam.com\/chatiw\/#breadcrumb\",\"itemListElement\":[{\"@type\":\"ListItem\",\"position\":1,\"name\":\"Home\",\"item\":\"https:\/\/strangercam.com\/\"},{\"@type\":\"ListItem\",\"position\":2,\"name\":\"Chatiw\"}]},{\"@type\":\"WebSite\",\"@id\":\"https:\/\/strangercam.com\/#website\",\"url\":\"https:\/\/strangercam.com\/\",\"name\":\"Strangercam\",\"description\":\"Random Video Chat with Strangers\",\"publisher\":{\"@id\":\"https:\/\/strangercam.com\/#organization\"},\"alternateName\":\"Strangercam.com\",\"potentialAction\":[{\"@type\":\"SearchAction\",\"target\":{\"@type\":\"EntryPoint\",\"urlTemplate\":\"https:\/\/strangercam.com\/?s={search_term_string}\"},\"query-input\":{\"@type\":\"PropertyValueSpecification\",\"valueRequired\":true,\"valueName\":\"search_term_string\"}}],\"inLanguage\":\"pl-PL\"},{\"@type\":\"Organization\",\"@id\":\"https:\/\/strangercam.com\/#organization\",\"name\":\"Strangercam\",\"alternateName\":\"Strangercam.com\",\"url\":\"https:\/\/strangercam.com\/\",\"logo\":{\"@type\":\"ImageObject\",\"inLanguage\":\"pl-PL\",\"@id\":\"https:\/\/strangercam.com\/#\/schema\/logo\/image\/\",\"url\":\"https:\/\/strangercam.com\/wp-content\/uploads\/2020\/11\/cropped-new-favicon-black.png\",\"contentUrl\":\"https:\/\/strangercam.com\/wp-content\/uploads\/2020\/11\/cropped-new-favicon-black.png\",\"width\":512,\"height\":512,\"caption\":\"Strangercam\"},\"image\":{\"@id\":\"https:\/\/strangercam.com\/#\/schema\/logo\/image\/\"},\"sameAs\":[\"https:\/\/www.facebook.com\/strangercam\",\"https:\/\/x.com\/strangercamapp\"]}]}<\/script>\n<!-- \/ Yoast SEO plugin. -->","yoast_head_json":{"title":"Chatiw - Darmowe czaty tekstowe - Kamera na StrangerCam.com","description":"Jak Chatiw? Przyjd\u017a na czat z ponad 5.000.000 nieznajomych na Stranger Cam za darmo! W\u0142\u0105cz kamer\u0119 i znajd\u017a nowych przyjaci\u00f3\u0142 i mo\u017ce mecz!","robots":{"index":"index","follow":"follow","max-snippet":"max-snippet:-1","max-image-preview":"max-image-preview:large","max-video-preview":"max-video-preview:-1"},"canonical":"https:\/\/strangercam.com\/pl\/chatiw\/","og_locale":"pl_PL","og_type":"article","og_title":"Chatiw - Free Text Chat Rooms - Cam on StrangerCam.com","og_description":"Like Chatiw? Come chat with more than 5.000.000 strangers on Stranger Cam for Free! Turn on your cam and find new friends & maby a match!","og_url":"https:\/\/strangercam.com\/pl\/chatiw\/","og_site_name":"Strangercam","article_publisher":"https:\/\/www.facebook.com\/strangercam","article_modified_time":"2023-08-21T09:40:39+00:00","og_image":[{"width":800,"height":800,"url":"https:\/\/strangercam.com\/wp-content\/uploads\/2020\/11\/stranger-cam-1.png","type":"image\/png"}],"twitter_card":"summary_large_image","twitter_site":"@strangercamapp","twitter_misc":{"Szacowany czas czytania":"5 minut"},"schema":{"@context":"https:\/\/schema.org","@graph":[{"@type":"WebPage","@id":"https:\/\/strangercam.com\/chatiw\/","url":"https:\/\/strangercam.com\/chatiw\/","name":"Chatiw - Darmowe czaty tekstowe - Kamera na StrangerCam.com","isPartOf":{"@id":"https:\/\/strangercam.com\/#website"},"primaryImageOfPage":{"@id":"https:\/\/strangercam.com\/chatiw\/#primaryimage"},"image":{"@id":"https:\/\/strangercam.com\/chatiw\/#primaryimage"},"thumbnailUrl":"https:\/\/strangercam.com\/wp-content\/uploads\/2020\/11\/stranger-cam-1.png","datePublished":"2021-06-19T19:05:49+00:00","dateModified":"2023-08-21T09:40:39+00:00","description":"Jak Chatiw? Przyjd\u017a na czat z ponad 5.000.000 nieznajomych na Stranger Cam za darmo! W\u0142\u0105cz kamer\u0119 i znajd\u017a nowych przyjaci\u00f3\u0142 i mo\u017ce mecz!","breadcrumb":{"@id":"https:\/\/strangercam.com\/chatiw\/#breadcrumb"},"inLanguage":"pl-PL","potentialAction":[{"@type":"ReadAction","target":["https:\/\/strangercam.com\/chatiw\/"]}]},{"@type":"ImageObject","inLanguage":"pl-PL","@id":"https:\/\/strangercam.com\/chatiw\/#primaryimage","url":"https:\/\/strangercam.com\/wp-content\/uploads\/2020\/11\/stranger-cam-1.png","contentUrl":"https:\/\/strangercam.com\/wp-content\/uploads\/2020\/11\/stranger-cam-1.png","width":800,"height":800,"caption":"stranger cam random video chat"},{"@type":"BreadcrumbList","@id":"https:\/\/strangercam.com\/chatiw\/#breadcrumb","itemListElement":[{"@type":"ListItem","position":1,"name":"Home","item":"https:\/\/strangercam.com\/"},{"@type":"ListItem","position":2,"name":"Chatiw"}]},{"@type":"WebSite","@id":"https:\/\/strangercam.com\/#website","url":"https:\/\/strangercam.com\/","name":"Strangercam","description":"Losowy czat wideo z nieznajomymi","publisher":{"@id":"https:\/\/strangercam.com\/#organization"},"alternateName":"Strangercam.com","potentialAction":[{"@type":"SearchAction","target":{"@type":"EntryPoint","urlTemplate":"https:\/\/strangercam.com\/?s={search_term_string}"},"query-input":{"@type":"PropertyValueSpecification","valueRequired":true,"valueName":"search_term_string"}}],"inLanguage":"pl-PL"},{"@type":"Organization","@id":"https:\/\/strangercam.com\/#organization","name":"Strangercam","alternateName":"Strangercam.com","url":"https:\/\/strangercam.com\/","logo":{"@type":"ImageObject","inLanguage":"pl-PL","@id":"https:\/\/strangercam.com\/#\/schema\/logo\/image\/","url":"https:\/\/strangercam.com\/wp-content\/uploads\/2020\/11\/cropped-new-favicon-black.png","contentUrl":"https:\/\/strangercam.com\/wp-content\/uploads\/2020\/11\/cropped-new-favicon-black.png","width":512,"height":512,"caption":"Strangercam"},"image":{"@id":"https:\/\/strangercam.com\/#\/schema\/logo\/image\/"},"sameAs":["https:\/\/www.facebook.com\/strangercam","https:\/\/x.com\/strangercamapp"]}]}},"_links":{"self":[{"href":"https:\/\/strangercam.com\/pl\/wp-json\/wp\/v2\/pages\/5113","targetHints":{"allow":["GET"]}}],"collection":[{"href":"https:\/\/strangercam.com\/pl\/wp-json\/wp\/v2\/pages"}],"about":[{"href":"https:\/\/strangercam.com\/pl\/wp-json\/wp\/v2\/types\/page"}],"author":[{"embeddable":true,"href":"https:\/\/strangercam.com\/pl\/wp-json\/wp\/v2\/users\/6"}],"replies":[{"embeddable":true,"href":"https:\/\/strangercam.com\/pl\/wp-json\/wp\/v2\/comments?post=5113"}],"version-history":[{"count":0,"href":"https:\/\/strangercam.com\/pl\/wp-json\/wp\/v2\/pages\/5113\/revisions"}],"wp:featuredmedia":[{"embeddable":true,"href":"https:\/\/strangercam.com\/pl\/wp-json\/wp\/v2\/media\/559"}],"wp:attachment":[{"href":"https:\/\/strangercam.com\/pl\/wp-json\/wp\/v2\/media?parent=5113"}],"curies":[{"name":"wp","href":"https:\/\/api.w.org\/{rel}","templated":true}]}}