{"id":51,"date":"2020-04-08T23:24:23","date_gmt":"2020-04-08T21:24:23","guid":{"rendered":"https:\/\/strangercam.com\/?page_id=51"},"modified":"2025-06-16T14:26:14","modified_gmt":"2025-06-16T12:26:14","slug":"zasady","status":"publish","type":"page","link":"https:\/\/strangercam.com\/pl\/rules\/","title":{"rendered":"Zasady"},"content":{"rendered":"<p>Strangercam umo\u017cliwia <a href=\"https:\/\/strangercam.com\/pl\/chatroulette\/\">czat<\/a> dzi\u0119ki naszemu narz\u0119dziu do losowego czatowania, bezp\u0142atnie i bez rejestracji. Nasz\u0105 misj\u0105 jest bycie us\u0142ug\u0105 podobn\u0105 do <a href=\"https:\/\/strangercam.com\/pl\/omegle\/\">Omegle<\/a> gdzie mo\u017cna si\u0119 dobrze bawi\u0107 i mi\u0142o sp\u0119dzi\u0107 czas. Przestrzeganie zasad i przepis\u00f3w dotycz\u0105cych <a href=\"https:\/\/strangercam.com\/pl\/coomeet\/\">czat wideo<\/a> jest bardzo wa\u017cne.<\/p>\n<h2 data-start=\"145\" data-end=\"185\">Wy\u0142\u0105czenie odpowiedzialno\u015bci podmiot\u00f3w stowarzyszonych i os\u00f3b trzecich<\/h2>\n<p data-start=\"187\" data-end=\"675\">Strangercam jest witryn\u0105 recenzenck\u0105 i partnersk\u0105. Nie jeste\u015bmy w\u0142a\u015bcicielem ani operatorem platform lub <a href=\"https:\/\/strangercam.com\/pl\/rabbit-video-chat\/\">wideo<\/a> narz\u0119dzia do czatowania polecane lub powi\u0105zane z nasz\u0105 witryn\u0105. Niekt\u00f3re linki mog\u0105 by\u0107 linkami partnerskimi, a my mo\u017cemy otrzymywa\u0107 prowizje lub op\u0142aty, je\u015bli u\u017cytkownik zdecyduje si\u0119 zarejestrowa\u0107 lub korzysta\u0107 z us\u0142ug stron trzecich za po\u015brednictwem naszych rekomendacji. Korzystanie z witryn stron trzecich podlega ich w\u0142asnym zasadom i politykom. Nie ponosimy odpowiedzialno\u015bci za tre\u015bci lub zachowanie na zewn\u0119trznych stronach lub us\u0142ugach, do kt\u00f3rych prowadz\u0105 linki z Strangercam.<\/p>\n<h2>Zakazy<\/h2>\n<ul>\n<li>Korzystanie z Strangercam poni\u017cej 18 roku \u017cycia.<\/li>\n<li>Rozpowszechnianie wulgaryzm\u00f3w, tre\u015bci seksualnych lub depresyjnych komentarzy.<\/li>\n<li>Poni\u017canie innej osoby ze wzgl\u0119du na jej religi\u0119, ras\u0119, p\u0142e\u0107, orientacj\u0119 seksualn\u0105 lub wiek.<\/li>\n<li>N\u0119kanie lub okazywanie braku szacunku innym u\u017cytkownikom.<\/li>\n<li>Zabronione jest pokazywanie nagiej klatki piersiowej bez twarzy na ekranie.<\/li>\n<li>Czat wideo ca\u0142kowicie nago lub w bieli\u017anie.<\/li>\n<li>Proszenie o wirtualny seks lub zmuszanie do niego.<\/li>\n<li>Pokazywanie swoich cz\u0119\u015bci intymnych przed kamer\u0105.<\/li>\n<li>Dotykanie cz\u0119\u015bci intymnych i pokazywanie tego przed kamer\u0105.<\/li>\n<li>Skierowanie kamery poni\u017cej klatki piersiowej.<\/li>\n<li>Wy\u015bwietlanie wiadomo\u015bci tekstowej na ekranie wideo w celu kierowania u\u017cytkownik\u00f3w.<\/li>\n<li>Wy\u015bwietlanie obrazu na ekranie wideo w celu kierowania u\u017cytkownik\u00f3w.<\/li>\n<li>Wy\u015bwietlanie ekranu komputera dla bezpo\u015brednich u\u017cytkownik\u00f3w.<\/li>\n<li>Korzystanie z emulatora kamery internetowej do kierowania u\u017cytkownik\u00f3w.<\/li>\n<li>Wy\u015bwietlanie dowolnej reklamy wideo\/obrazu\/tekstu.<\/li>\n<li>Proszenie u\u017cytkownik\u00f3w Strangercam o g\u0142osy na dowolny adres URL lub promowanie swoich produkt\u00f3w.<\/li>\n<li>Korzystanie z witryny w celu promowania lub u\u0142atwiania handlu lud\u017ami, handlu seksualnego, fizycznego zn\u0119cania si\u0119 lub prostytucji.<\/li>\n<\/ul>\n<h2>Skargi<\/h2>\n<p>Mo\u017cesz z\u0142o\u017cy\u0107 skarg\u0119 na dowoln\u0105 osob\u0119 na Strangercam, je\u015bli uwa\u017casz, \u017ce narusza ona nasze zasady. Wys\u0142anie zrzutu ekranu ze skarg\u0105 u\u0142atwi i przyspieszy podj\u0119cie przez nas dzia\u0142a\u0144. Szybko podejmiemy dzia\u0142ania przeciwko takim u\u017cytkownikom.<\/p>\n<p>Je\u015bli na danego u\u017cytkownika zostanie z\u0142o\u017conych wiele skarg, nasz system zablokuje mu dost\u0119p do strony Strangercam.<\/p>\n<p>Bierzemy pod uwag\u0119 wiele fakt\u00f3w, zanim zablokujemy komukolwiek dost\u0119p do Strangercam.com. Strangercam nie ponosi wy\u0142\u0105cznej odpowiedzialno\u015bci za kontrolowanie spamu i innych wulgarnych dzia\u0142a\u0144. Prosimy r\u00f3wnie\u017c o wsp\u00f3\u0142prac\u0119 u\u017cytkownik\u00f3w. Nie mo\u017cemy usun\u0105\u0107 z Strangercam os\u00f3b naruszaj\u0105cych prawo bez wsparcia u\u017cytkownika. Obiecujemy, \u017ce dzi\u0119ki Twojemu wsparciu ta us\u0142uga czatu mi\u0119dzy kamerami b\u0119dzie przyjemniejsza i zabawniejsza.<\/p>","protected":false},"excerpt":{"rendered":"<p>Strangercam allows you to chat with our random chat tool, free of charge and without registration. Our mission is to be a similar service to Omegle where you can have fun and enjoy your time. Respecting the rules and regulations for our video chat is very important. Affiliate and Third-Party Disclaimer Strangercam is a review [&hellip;]<\/p>\n","protected":false},"author":1,"featured_media":0,"parent":0,"menu_order":0,"comment_status":"closed","ping_status":"closed","template":"","meta":{"footnotes":""},"class_list":["post-51","page","type-page","status-publish","hentry"],"yoast_head":"<!-- This site is optimized with the Yoast SEO plugin v27.4 - https:\/\/yoast.com\/product\/yoast-seo-wordpress\/ -->\n<title>Rules - Strangercam<\/title>\n<meta name=\"robots\" content=\"index, follow, max-snippet:-1, max-image-preview:large, max-video-preview:-1\" \/>\n<link rel=\"canonical\" href=\"https:\/\/strangercam.com\/pl\/zasady\/\" \/>\n<meta property=\"og:locale\" content=\"pl_PL\" \/>\n<meta property=\"og:type\" content=\"article\" \/>\n<meta property=\"og:title\" content=\"Rules - Strangercam\" \/>\n<meta property=\"og:description\" content=\"Strangercam allows you to chat with our random chat tool, free of charge and without registration. Our mission is to be a similar service to Omegle where you can have fun and enjoy your time. Respecting the rules and regulations for our video chat is very important. Affiliate and Third-Party Disclaimer Strangercam is a review [&hellip;]\" \/>\n<meta property=\"og:url\" content=\"https:\/\/strangercam.com\/pl\/zasady\/\" \/>\n<meta property=\"og:site_name\" content=\"Strangercam\" \/>\n<meta property=\"article:publisher\" content=\"https:\/\/www.facebook.com\/strangercam\" \/>\n<meta property=\"article:modified_time\" content=\"2025-06-16T12:26:14+00:00\" \/>\n<meta property=\"og:image\" content=\"https:\/\/strangercam.com\/wp-content\/uploads\/2021\/10\/Untitled-2.png\" \/>\n\t<meta property=\"og:image:width\" content=\"800\" \/>\n\t<meta property=\"og:image:height\" content=\"532\" \/>\n\t<meta property=\"og:image:type\" content=\"image\/png\" \/>\n<meta name=\"twitter:card\" content=\"summary_large_image\" \/>\n<meta name=\"twitter:site\" content=\"@strangercamapp\" \/>\n<meta name=\"twitter:label1\" content=\"Szacowany czas czytania\" \/>\n\t<meta name=\"twitter:data1\" content=\"2 minuty\" \/>\n<script type=\"application\/ld+json\" class=\"yoast-schema-graph\">{\"@context\":\"https:\\\/\\\/schema.org\",\"@graph\":[{\"@type\":\"WebPage\",\"@id\":\"https:\\\/\\\/strangercam.com\\\/rules\\\/\",\"url\":\"https:\\\/\\\/strangercam.com\\\/rules\\\/\",\"name\":\"Rules - Strangercam\",\"isPartOf\":{\"@id\":\"https:\\\/\\\/strangercam.com\\\/#website\"},\"datePublished\":\"2020-04-08T21:24:23+00:00\",\"dateModified\":\"2025-06-16T12:26:14+00:00\",\"breadcrumb\":{\"@id\":\"https:\\\/\\\/strangercam.com\\\/rules\\\/#breadcrumb\"},\"inLanguage\":\"pl-PL\",\"potentialAction\":[{\"@type\":\"ReadAction\",\"target\":[\"https:\\\/\\\/strangercam.com\\\/rules\\\/\"]}]},{\"@type\":\"BreadcrumbList\",\"@id\":\"https:\\\/\\\/strangercam.com\\\/rules\\\/#breadcrumb\",\"itemListElement\":[{\"@type\":\"ListItem\",\"position\":1,\"name\":\"Home\",\"item\":\"https:\\\/\\\/strangercam.com\\\/\"},{\"@type\":\"ListItem\",\"position\":2,\"name\":\"Rules\"}]},{\"@type\":\"WebSite\",\"@id\":\"https:\\\/\\\/strangercam.com\\\/#website\",\"url\":\"https:\\\/\\\/strangercam.com\\\/\",\"name\":\"Strangercam\",\"description\":\"Random Video Chat with Strangers\",\"publisher\":{\"@id\":\"https:\\\/\\\/strangercam.com\\\/#organization\"},\"alternateName\":\"Strangercam.com\",\"potentialAction\":[{\"@type\":\"SearchAction\",\"target\":{\"@type\":\"EntryPoint\",\"urlTemplate\":\"https:\\\/\\\/strangercam.com\\\/?s={search_term_string}\"},\"query-input\":{\"@type\":\"PropertyValueSpecification\",\"valueRequired\":true,\"valueName\":\"search_term_string\"}}],\"inLanguage\":\"pl-PL\"},{\"@type\":\"Organization\",\"@id\":\"https:\\\/\\\/strangercam.com\\\/#organization\",\"name\":\"Strangercam\",\"alternateName\":\"Strangercam.com\",\"url\":\"https:\\\/\\\/strangercam.com\\\/\",\"logo\":{\"@type\":\"ImageObject\",\"inLanguage\":\"pl-PL\",\"@id\":\"https:\\\/\\\/strangercam.com\\\/#\\\/schema\\\/logo\\\/image\\\/\",\"url\":\"https:\\\/\\\/strangercam.com\\\/wp-content\\\/uploads\\\/2020\\\/11\\\/cropped-new-favicon-black.png\",\"contentUrl\":\"https:\\\/\\\/strangercam.com\\\/wp-content\\\/uploads\\\/2020\\\/11\\\/cropped-new-favicon-black.png\",\"width\":512,\"height\":512,\"caption\":\"Strangercam\"},\"image\":{\"@id\":\"https:\\\/\\\/strangercam.com\\\/#\\\/schema\\\/logo\\\/image\\\/\"},\"sameAs\":[\"https:\\\/\\\/www.facebook.com\\\/strangercam\",\"https:\\\/\\\/x.com\\\/strangercamapp\"]}]}<\/script>\n<!-- \/ Yoast SEO plugin. -->","yoast_head_json":{"title":"Zasady - Strangercam","robots":{"index":"index","follow":"follow","max-snippet":"max-snippet:-1","max-image-preview":"max-image-preview:large","max-video-preview":"max-video-preview:-1"},"canonical":"https:\/\/strangercam.com\/pl\/zasady\/","og_locale":"pl_PL","og_type":"article","og_title":"Rules - Strangercam","og_description":"Strangercam allows you to chat with our random chat tool, free of charge and without registration. Our mission is to be a similar service to Omegle where you can have fun and enjoy your time. Respecting the rules and regulations for our video chat is very important. Affiliate and Third-Party Disclaimer Strangercam is a review [&hellip;]","og_url":"https:\/\/strangercam.com\/pl\/zasady\/","og_site_name":"Strangercam","article_publisher":"https:\/\/www.facebook.com\/strangercam","article_modified_time":"2025-06-16T12:26:14+00:00","og_image":[{"width":800,"height":532,"url":"https:\/\/strangercam.com\/wp-content\/uploads\/2021\/10\/Untitled-2.png","type":"image\/png"}],"twitter_card":"summary_large_image","twitter_site":"@strangercamapp","twitter_misc":{"Szacowany czas czytania":"2 minuty"},"schema":{"@context":"https:\/\/schema.org","@graph":[{"@type":"WebPage","@id":"https:\/\/strangercam.com\/rules\/","url":"https:\/\/strangercam.com\/rules\/","name":"Zasady - Strangercam","isPartOf":{"@id":"https:\/\/strangercam.com\/#website"},"datePublished":"2020-04-08T21:24:23+00:00","dateModified":"2025-06-16T12:26:14+00:00","breadcrumb":{"@id":"https:\/\/strangercam.com\/rules\/#breadcrumb"},"inLanguage":"pl-PL","potentialAction":[{"@type":"ReadAction","target":["https:\/\/strangercam.com\/rules\/"]}]},{"@type":"BreadcrumbList","@id":"https:\/\/strangercam.com\/rules\/#breadcrumb","itemListElement":[{"@type":"ListItem","position":1,"name":"Home","item":"https:\/\/strangercam.com\/"},{"@type":"ListItem","position":2,"name":"Rules"}]},{"@type":"WebSite","@id":"https:\/\/strangercam.com\/#website","url":"https:\/\/strangercam.com\/","name":"Strangercam","description":"Losowy czat wideo z nieznajomymi","publisher":{"@id":"https:\/\/strangercam.com\/#organization"},"alternateName":"Strangercam.com","potentialAction":[{"@type":"SearchAction","target":{"@type":"EntryPoint","urlTemplate":"https:\/\/strangercam.com\/?s={search_term_string}"},"query-input":{"@type":"PropertyValueSpecification","valueRequired":true,"valueName":"search_term_string"}}],"inLanguage":"pl-PL"},{"@type":"Organization","@id":"https:\/\/strangercam.com\/#organization","name":"Strangercam","alternateName":"Strangercam.com","url":"https:\/\/strangercam.com\/","logo":{"@type":"ImageObject","inLanguage":"pl-PL","@id":"https:\/\/strangercam.com\/#\/schema\/logo\/image\/","url":"https:\/\/strangercam.com\/wp-content\/uploads\/2020\/11\/cropped-new-favicon-black.png","contentUrl":"https:\/\/strangercam.com\/wp-content\/uploads\/2020\/11\/cropped-new-favicon-black.png","width":512,"height":512,"caption":"Strangercam"},"image":{"@id":"https:\/\/strangercam.com\/#\/schema\/logo\/image\/"},"sameAs":["https:\/\/www.facebook.com\/strangercam","https:\/\/x.com\/strangercamapp"]}]}},"_links":{"self":[{"href":"https:\/\/strangercam.com\/pl\/wp-json\/wp\/v2\/pages\/51","targetHints":{"allow":["GET"]}}],"collection":[{"href":"https:\/\/strangercam.com\/pl\/wp-json\/wp\/v2\/pages"}],"about":[{"href":"https:\/\/strangercam.com\/pl\/wp-json\/wp\/v2\/types\/page"}],"author":[{"embeddable":true,"href":"https:\/\/strangercam.com\/pl\/wp-json\/wp\/v2\/users\/1"}],"replies":[{"embeddable":true,"href":"https:\/\/strangercam.com\/pl\/wp-json\/wp\/v2\/comments?post=51"}],"version-history":[{"count":1,"href":"https:\/\/strangercam.com\/pl\/wp-json\/wp\/v2\/pages\/51\/revisions"}],"predecessor-version":[{"id":12880,"href":"https:\/\/strangercam.com\/pl\/wp-json\/wp\/v2\/pages\/51\/revisions\/12880"}],"wp:attachment":[{"href":"https:\/\/strangercam.com\/pl\/wp-json\/wp\/v2\/media?parent=51"}],"curies":[{"name":"wp","href":"https:\/\/api.w.org\/{rel}","templated":true}]}}