{"id":5006,"date":"2025-09-29T10:59:56","date_gmt":"2025-09-29T08:59:56","guid":{"rendered":"https:\/\/strangercam.com\/?page_id=5006"},"modified":"2025-09-29T12:01:40","modified_gmt":"2025-09-29T10:01:40","slug":"darmowy-czat-teraz","status":"publish","type":"page","link":"https:\/\/strangercam.com\/pl\/free-chat-now\/","title":{"rendered":"Darmowy czat teraz"},"content":{"rendered":"<p>Szukasz darmowej <a href=\"https:\/\/strangercam.com\/pl\/chathub\/\">Czat<\/a> Teraz? Nie jeste\u015b sam. Miliony ludzi ka\u017cdego miesi\u0105ca wpisuj\u0105 dok\u0142adnie te s\u0142owa w Google, maj\u0105c nadziej\u0119 na znalezienie prostego, szybkiego i darmowego sposobu na nawi\u0105zanie kontaktu z nowymi lud\u017ami online. Idea jest jasna: bez d\u0142ugich rejestracji, bez pobierania, bez ukrytych koszt\u00f3w - po prostu mo\u017cliwo\u015b\u0107 natychmiastowego rozpocz\u0119cia czatowania z nieznajomymi na ca\u0142ym \u015bwiecie.<\/p>\n<p>W 2025 roku umo\u017cliwiaj\u0105 to platformy takie jak StrangerCam. Wystarczy jedno klikni\u0119cie, by rozpocz\u0105\u0107 darmowy czat tekstowy lub wideo z lud\u017ami z ca\u0142ego \u015bwiata. Niezale\u017cnie od tego, czy interesuj\u0105 Ci\u0119 niezobowi\u0105zuj\u0105ce rozmowy, poznawanie nowych przyjaci\u00f3\u0142, wymiana kulturowa, czy lekki flirt, platformy Free Chat Now przywracaj\u0105 dreszczyk spontanicznej interakcji.<\/p>\n<p>Ten przewodnik obejmuje wszystko, co musisz wiedzie\u0107: co oznacza Free Chat Now, dlaczego jest tak popularny, jak dzia\u0142a, jego histori\u0119, jakich funkcji szuka\u0107, por\u00f3wnanie najlepszych platform, prawdziwe opinie u\u017cytkownik\u00f3w, strategie bezpiecze\u0144stwa i dlaczego StrangerCam jest obecnie jednym z najlepszych wybor\u00f3w.<\/p>\n<h2>Co oznacza \"darmowy czat teraz\"?<\/h2>\n<p>Kiedy ludzie szukaj\u0105 Free Chat Now, zazwyczaj chc\u0105 platformy, kt\u00f3ra oferuje:<\/p>\n<ul>\n<li>Natychmiastowe po\u0142\u0105czenie: \u017badnych formularzy, \u017cadnych profili, tylko natychmiastowy czat.<\/li>\n<li>Bezp\u0142atny dost\u0119p: Brak paywalli po pi\u0119ciu minutach lub ukrytych system\u00f3w kredytowych.<\/li>\n<li>Opcje tekstowe lub wideo: W zale\u017cno\u015bci od poziomu komfortu.<\/li>\n<li>Random Matching: Poznawanie nieznajomych z ca\u0142ego \u015bwiata, a nie tylko os\u00f3b znajduj\u0105cych si\u0119 w pobli\u017cu.<\/li>\n<li>Bez rejestracji: Pozosta\u0144 anonimowy i bezproblemowy.<\/li>\n<\/ul>\n<p>Innymi s\u0142owy, jest to przeciwie\u0144stwo nowoczesnych aplikacji randkowych, kt\u00f3re wymagaj\u0105 przesuwania, biografii i etap\u00f3w weryfikacji. Free Chat Now stawia na szybko\u015b\u0107 i spontaniczno\u015b\u0107.<\/p>\n<h2>Kr\u00f3tka historia czatu online<\/h2>\n<p>Aby zrozumie\u0107, dlaczego Free Chat Now jest tak popularny, warto przyjrze\u0107 si\u0119 ewolucji czatu online:<\/p>\n<ul>\n<li>Lata dziewi\u0119\u0107dziesi\u0105te XX wieku - rozw\u00f3j czat\u00f3w: Platformy takie jak AOL Chat i IRC pozwalaj\u0105 u\u017cytkownikom gromadzi\u0107 si\u0119 w pokojach tematycznych. By\u0142y one wy\u0142\u0105cznie tekstowe i cz\u0119sto niemoderowane.<\/li>\n<li>Lata 2000 - Sieci spo\u0142eczno\u015bciowe przejmuj\u0105 kontrol\u0119: MSN Messenger, Yahoo Chat i wczesne media spo\u0142eczno\u015bciowe dodaj\u0105 listy znajomych i prywatne czaty.<\/li>\n<li>2009 - <a href=\"https:\/\/strangercam.com\/pl\/omegle\/\">Omegle<\/a> Premiery: Przypadkowe czaty jeden na jednego sta\u0142y si\u0119 nowym trendem, p\u00f3\u017aniej dodano do nich wideo. To ukszta\u0142towa\u0142o wsp\u00f3\u0142czesn\u0105 kultur\u0119 \u201cczatowania z nieznajomymi\u201d.<\/li>\n<li>Lata 2010 - Globalny boom na czaty wideo: <a href=\"https:\/\/strangercam.com\/pl\/chatroulette\/\">Chatroulette<\/a>, Chatrandom i Shagle eksplodowa\u0142y popularno\u015bci\u0105. Aplikacje mobilne, takie jak <a href=\"https:\/\/strangercam.com\/pl\/ometv\/\">OmeTV<\/a> sprawi\u0142y, \u017ce czatowanie sta\u0142o si\u0119 jeszcze \u0142atwiejsze.<\/li>\n<li>Lata 2020 - Nowa era: Po zamkni\u0119ciu Omegle w 2023 r. u\u017cytkownicy zacz\u0119li korzysta\u0107 z bezpieczniejszych, nowoczesnych alternatyw, takich jak StrangerCam, kt\u00f3re \u0142\u0105cz\u0105 bezp\u0142atny dost\u0119p z moderacj\u0105.<\/li>\n<\/ul>\n<p>Dzi\u015b Free Chat Now reprezentuje to, co najlepsze z obu \u015bwiat\u00f3w: nostalgi\u0119 za oldschoolowymi chatroomami i emocje zwi\u0105zane z rozmowami wideo na \u017cywo.<\/p>\n<h2>Dlaczego ludzie kochaj\u0105 darmowy czat teraz<\/h2>\n<p>S\u0142owo kluczowe \"Free Chat Now\" nie bez powodu zajmuje wysok\u0105 pozycj\u0119 - ludzie pragn\u0105 natychmiastowej interakcji spo\u0142ecznej. Oto dlaczego:<\/p>\n<ol>\n<li>Samotno\u015b\u0107 i izolacja spo\u0142eczna: Wiele os\u00f3b czuje si\u0119 od\u0142\u0105czonych i pragnie szybkiej, znacz\u0105cej interakcji.<\/li>\n<li>Spontaniczno\u015b\u0107: Ka\u017cdy czat jest wyj\u0105tkowy - dreszczyk emocji pojawia si\u0119, gdy nie wiesz, na kogo trafisz. <a href=\"https:\/\/strangercam.com\/pl\/coomeet\/\">spotkanie<\/a>.<\/li>\n<li>Ciekawo\u015b\u0107 kulturowa: Rozmowy z lud\u017ami z ca\u0142ego \u015bwiata poszerzaj\u0105 perspektywy.<\/li>\n<li>Flirt i zabawa: Wielu u\u017cytkownik\u00f3w szuka lekkich rozm\u00f3w z potencjalnymi romantycznymi iskrami.<\/li>\n<li>Dost\u0119pno\u015b\u0107: Jest \u0142atwy, darmowy i nie wymaga \u017cadnych zobowi\u0105za\u0144.<\/li>\n<\/ol>\n<p>W przeciwie\u0144stwie do aplikacji randkowych, w kt\u00f3rych odrzucenie lub ghosting s\u0105 powszechne, losowe czaty s\u0105 niskoci\u015bnieniowe i jednorazowe - je\u015bli nie klikniesz, po prostu klikniesz \"Dalej\".<\/p>\n<h2>Jak dzia\u0142aj\u0105 platformy darmowego czatu<\/h2>\n<p>Proces jest szybki i prosty:<\/p>\n<ol>\n<li>Otw\u00f3rz platform\u0119 tak\u0105 jak StrangerCam.<\/li>\n<li>Wybierz tryb (czat tekstowy lub czat wideo).<\/li>\n<li>Zezw\u00f3l na dost\u0119p do kamery\/mikrofonu, je\u015bli wideo jest w\u0142\u0105czone.<\/li>\n<li>Kliknij \"Rozpocznij czat\", aby natychmiast si\u0119 po\u0142\u0105czy\u0107.<\/li>\n<li>Poznaj nieznajomego na ca\u0142ym \u015bwiecie w ci\u0105gu kilku sekund.<\/li>\n<li>Naci\u015bnij \"Dalej\" w dowolnym momencie, aby rozpocz\u0105\u0107 now\u0105 rozmow\u0119.<\/li>\n<\/ol>\n<p>Niekt\u00f3re platformy zawieraj\u0105 r\u00f3wnie\u017c funkcje takie jak:<\/p>\n<ul>\n<li>Filtry p\u0142ci.<\/li>\n<li>Mecze oparte na lokalizacji.<\/li>\n<li>T\u0142umaczenia na czacie.<\/li>\n<li>Tematyczne pokoje rozm\u00f3w.<\/li>\n<\/ul>\n<h2>Cechy, kt\u00f3re maj\u0105 najwi\u0119ksze znaczenie<\/h2>\n<p>Wybieraj\u0105c us\u0142ug\u0119 Free Chat Now, nale\u017cy zwr\u00f3ci\u0107 uwag\u0119 na:<\/p>\n<ul>\n<li>Darmowy dost\u0119p: Naprawd\u0119 nieograniczone korzystanie, bez \"systemu kredytowego\".<\/li>\n<li>Bez rejestracji: Pomi\u0144 k\u0142opoty z kontami.<\/li>\n<li>Opcje tekst + wideo: Dla elastyczno\u015bci.<\/li>\n<li>Projekt przyjazny dla urz\u0105dze\u0144 mobilnych: Powinien dzia\u0142a\u0107 p\u0142ynnie na smartfonach.<\/li>\n<li>Aktywny umiar: Niezb\u0119dne dla bezpiecze\u0144stwa.<\/li>\n<li>Globalny zasi\u0119g: Wi\u0119cej u\u017cytkownik\u00f3w oznacza wi\u0119cej r\u00f3\u017cnorodno\u015bci i zabawy.<\/li>\n<\/ul>\n<h2>Najlepsze platformy do darmowego czatu w 2025 roku<\/h2>\n<p>Oto por\u00f3wnanie najpopularniejszych platform:<\/p>\n<table>\n<thead>\n<tr>\n<th>Platforma<\/th>\n<th align=\"center\">Bezp\u0142atny dost\u0119p<\/th>\n<th align=\"center\">Wymagana rejestracja<\/th>\n<th align=\"center\">Czat wideo<\/th>\n<th align=\"center\">Wsparcie mobilne<\/th>\n<th align=\"center\">Moderacja<\/th>\n<th>Uwagi<\/th>\n<\/tr>\n<\/thead>\n<tbody>\n<tr>\n<td>StrangerCam<\/td>\n<td align=\"center\">\u2705<\/td>\n<td align=\"center\">\u274c<\/td>\n<td align=\"center\">\u2705<\/td>\n<td align=\"center\">\u2705<\/td>\n<td align=\"center\">\u2705<\/td>\n<td>Og\u00f3lnie najlepsze: darmowe, bezpieczne i natychmiastowe<\/td>\n<\/tr>\n<tr>\n<td>Chatroulette<\/td>\n<td align=\"center\">\u2705<\/td>\n<td align=\"center\">\u274c<\/td>\n<td align=\"center\">\u2705<\/td>\n<td align=\"center\">\u2705<\/td>\n<td align=\"center\">\u2705<\/td>\n<td>Klasyczne, ale ograniczone funkcje<\/td>\n<\/tr>\n<tr>\n<td>Chatrandom<\/td>\n<td align=\"center\">\u2705<\/td>\n<td align=\"center\">\u274c<\/td>\n<td align=\"center\">\u2705<\/td>\n<td align=\"center\">\u2705<\/td>\n<td align=\"center\">\u2705<\/td>\n<td>Popularny, ale wymaga aktualizacji<\/td>\n<\/tr>\n<tr>\n<td>OmeTV<\/td>\n<td align=\"center\">\u2705<\/td>\n<td align=\"center\">\u274c<\/td>\n<td align=\"center\">\u2705<\/td>\n<td align=\"center\">\u2705<\/td>\n<td align=\"center\">\u2705<\/td>\n<td>Najpierw aplikacja, dopasowanie tylko losowe<\/td>\n<\/tr>\n<tr>\n<td>Shagle<\/td>\n<td align=\"center\">\u2705<\/td>\n<td align=\"center\">\u274c<\/td>\n<td align=\"center\">\u2705<\/td>\n<td align=\"center\">\u2705<\/td>\n<td align=\"center\">\u2705<\/td>\n<td>Darmowy start, zablokowane filtry premium<\/td>\n<\/tr>\n<tr>\n<td>WireClub<\/td>\n<td align=\"center\">\u2705<\/td>\n<td align=\"center\">\u2705<\/td>\n<td align=\"center\">\u274c<\/td>\n<td align=\"center\">\u2705<\/td>\n<td align=\"center\">\u2705<\/td>\n<td>Czaty tekstowe<\/td>\n<\/tr>\n<\/tbody>\n<\/table>\n<p>StrangerCam wyr\u00f3\u017cnia si\u0119 jako jedna z niewielu platform oferuj\u0105cych prawdziwie darmowy dost\u0119p, bez rejestracji i zar\u00f3wno czat tekstowy, jak i wideo w jednym miejscu.<\/p>\n<h2>Dlaczego StrangerCam jest najlepszym wyborem na darmowy czat teraz?<\/h2>\n<p>Oto dlaczego StrangerCam jest jedn\u0105 z najlepszych odpowiedzi na pytanie \"Gdzie mog\u0119 teraz rozpocz\u0105\u0107 darmowy czat?\":<\/p>\n<ul>\n<li>Bezp\u0142atne i nieograniczone - bez ogranicze\u0144 i ukrytych koszt\u00f3w.<\/li>\n<li>Natychmiastowy dost\u0119p - rozpocznij czat w mniej ni\u017c 10 sekund.<\/li>\n<li>Opcje wideo i tekstowe - prze\u0142\u0105czaj w zale\u017cno\u015bci od wygody.<\/li>\n<li>Bezpieczny i moderowany - znacznie bezpieczniejszy ni\u017c Omegle kiedykolwiek by\u0142.<\/li>\n<li>Przyjazny dla urz\u0105dze\u0144 mobilnych i komputer\u00f3w stacjonarnych - dzia\u0142a na wszystkich urz\u0105dzeniach.<\/li>\n<li>Globalna spo\u0142eczno\u015b\u0107 - poznaj ludzi z ponad 100 kraj\u00f3w.<\/li>\n<\/ul>\n<p>Jest to spontaniczne, prawdziwe i integracyjne do\u015bwiadczenie, kt\u00f3rego ludzie szukaj\u0105, gdy wpisuj\u0105 Free Chat Now.<\/p>\n<h2>Prawdziwe opinie u\u017cytkownik\u00f3w<\/h2>\n<blockquote><p>\"Szuka\u0142em Free Chat Now i znalaz\u0142em StrangerCam. W ci\u0105gu minuty rozmawia\u0142em z kim\u015b w Brazylii. Szybko i przyjemnie.\"<br \/>\n- Daniel, 27 lat<\/p><\/blockquote>\n<blockquote><p>\"W przeciwie\u0144stwie do innych stron, StrangerCam jest naprawd\u0119 darmowy. \u017badnych kredyt\u00f3w, \u017cadnych ukrytych zap\u00f3r\".<br \/>\n- Sophia, 21 lat<\/p><\/blockquote>\n<blockquote><p>\"Pr\u00f3bowa\u0142em innych aplikacji, ale wydawa\u0142y mi si\u0119 zbyt powolne. Ta by\u0142a natychmiastowa, dok\u0142adnie taka, jakiej potrzebowa\u0142em\".<br \/>\n- Ryan, 30<\/p><\/blockquote>\n<blockquote><p>\"Fajnie, \u017ce mog\u0119 po prostu wyj\u015b\u0107, kiedy chc\u0119, bez zobowi\u0105za\u0144. Free Chat Now naprawd\u0119 tu dzia\u0142a.\"<br \/>\n- Emma, 19 lat<\/p><\/blockquote>\n<h2>Psychologia stoj\u0105ca za \"darmowym czatem\"<\/h2>\n<p>Dlaczego tak wiele os\u00f3b szuka w\u0142a\u015bnie tych s\u0142\u00f3w? Chodzi o trzy rzeczy:<\/p>\n<ol>\n<li>Natychmiastowo\u015b\u0107: Ludzie pragn\u0105 natychmiastowej gratyfikacji. Idea \"czatu teraz\" jest nie do odparcia.<\/li>\n<li>Ciekawo\u015b\u0107 spo\u0142eczna: Jeste\u015bmy zaprogramowani, by cieszy\u0107 si\u0119 nowo\u015bci\u0105 i nieprzewidywalno\u015bci\u0105. Spotkania z nieznajomymi online zaspokajaj\u0105 t\u0119 potrzeb\u0119.<\/li>\n<li>Przyst\u0119pno\u015b\u0107 cenowa: Dodanie s\u0142owa \"darmowy\" sprawia, \u017ce jest on dost\u0119pny dla ka\u017cdego. Nikt nie chce p\u0142aci\u0107 tylko za przywitanie si\u0119.<\/li>\n<\/ol>\n<p>To wyja\u015bnia, dlaczego Free Chat Now pozostaje tak cz\u0119sto wyszukiwanym s\u0142owem kluczowym na ca\u0142ym \u015bwiecie.<\/p>\n<h2>Wskaz\u00f3wki dotycz\u0105ce bezpiecze\u0144stwa na darmowym czacie<\/h2>\n<p>Chocia\u017c czatowanie online to \u015bwietna zabawa, bezpiecze\u0144stwo powinno by\u0107 zawsze na pierwszym miejscu. Oto zasady, kt\u00f3rych nale\u017cy przestrzega\u0107:<\/p>\n<ul>\n<li>Nie udost\u0119pniaj danych osobowych (telefonu, adresu e-mail, adresu).<\/li>\n<li>Unikaj podejrzanych link\u00f3w podczas czat\u00f3w.<\/li>\n<li>Pomi\u0144\/Blokuj w niewygodnych sytuacjach.<\/li>\n<li>Sprawd\u017a t\u0142o przed w\u0142\u0105czeniem kamery.<\/li>\n<li>U\u017cywaj pseudonim\u00f3w, a nie prawdziwych imion.<\/li>\n<li>Przestrzegaj zasad dotycz\u0105cych wieku - nie wchod\u017a do pokoj\u00f3w dla doros\u0142ych, je\u015bli masz mniej ni\u017c 18 lat.<\/li>\n<\/ul>\n<h2>Jak zacz\u0105\u0107 - krok po kroku<\/h2>\n<p>Rozpocz\u0119cie sesji Free Chat Now zajmuje tylko minut\u0119:<\/p>\n<ol>\n<li>Otw\u00f3rz StrangerCam w przegl\u0105darce lub telefonie.<\/li>\n<li>Wybierz tryb czatu (tekstowy lub wideo).<\/li>\n<li>Zezw\u00f3l na uprawnienia dla kamery\/mikrofonu (je\u015bli wideo).<\/li>\n<li>Kliknij Rozpocznij czat, aby natychmiast zosta\u0107 dopasowanym.<\/li>\n<li>Ciesz si\u0119 rozmowami - lub naci\u015bnij Next, aby pozna\u0107 kogo\u015b nowego.<\/li>\n<\/ol>\n<p>To wszystko - szybko, bezp\u0142atnie i anonimowo.<\/p>\n<p>W 2025 roku darmowy czat jest bardziej popularny ni\u017c kiedykolwiek. Ludzie nie chc\u0105 d\u0142ugich rejestracji, fa\u0142szywych profili ani p\u0142atnych stron - chc\u0105 natychmiastowych, prawdziwych rozm\u00f3w z nieznajomymi na ca\u0142ym \u015bwiecie.<\/p>\n<p>Platformy takie jak StrangerCam zapewniaj\u0105 dok\u0142adnie to: darmowe, bezpieczne i spontaniczne czaty z prawdziwymi lud\u017ami 24\/7. Niezale\u017cnie od tego, czy szukasz przyjaci\u00f3\u0142, niezobowi\u0105zuj\u0105cej zabawy, czy wymiany kulturalnej, Free Chat Now daje ci dreszczyk emocji zwi\u0105zany z natychmiastowym po\u0142\u0105czeniem.<\/p>\n<p>Gotowy, aby spr\u00f3bowa\u0107? Rozpocznij darmowy czat ju\u017c dzi\u015b i odkryj, kogo spotkasz w przysz\u0142o\u015bci.<\/p>","protected":false},"excerpt":{"rendered":"<p>Are you searching for Free Chat Now? You\u2019re not alone. Millions of people every month type those exact words into Google, hoping to find a simple, fast, and free way to connect with new people online. The idea is clear: no long signups, no downloads, no hidden costs\u2014just the ability to start chatting instantly with [&hellip;]<\/p>\n","protected":false},"author":8,"featured_media":0,"parent":0,"menu_order":0,"comment_status":"closed","ping_status":"closed","template":"","meta":{"footnotes":""},"class_list":["post-5006","page","type-page","status-publish","hentry"],"yoast_head":"<!-- This site is optimized with the Yoast SEO plugin v27.4 - https:\/\/yoast.com\/product\/yoast-seo-wordpress\/ -->\n<title>Free Chat Now with Video Chat on Strangercam.com<\/title>\n<meta name=\"description\" content=\"Liking Free Chat Now? Join millions on StrangerCam.com! Start a random video chat, turn on your cam, and meet strangers instantly.\" \/>\n<meta name=\"robots\" content=\"index, follow, max-snippet:-1, max-image-preview:large, max-video-preview:-1\" \/>\n<link rel=\"canonical\" href=\"https:\/\/strangercam.com\/pl\/darmowy-czat-teraz\/\" \/>\n<meta property=\"og:locale\" content=\"pl_PL\" \/>\n<meta property=\"og:type\" content=\"article\" \/>\n<meta property=\"og:title\" content=\"Free Chat Now with Video Chat on Strangercam.com\" \/>\n<meta property=\"og:description\" content=\"Liking Free Chat Now? Join millions on StrangerCam.com! Start a random video chat, turn on your cam, and meet strangers instantly.\" \/>\n<meta property=\"og:url\" content=\"https:\/\/strangercam.com\/pl\/darmowy-czat-teraz\/\" \/>\n<meta property=\"og:site_name\" content=\"Strangercam\" \/>\n<meta property=\"article:publisher\" content=\"https:\/\/www.facebook.com\/strangercam\" \/>\n<meta property=\"article:modified_time\" content=\"2025-09-29T10:01:40+00:00\" \/>\n<meta property=\"og:image\" content=\"https:\/\/strangercam.com\/wp-content\/uploads\/2021\/10\/Untitled-2.png\" \/>\n\t<meta property=\"og:image:width\" content=\"800\" \/>\n\t<meta property=\"og:image:height\" content=\"532\" \/>\n\t<meta property=\"og:image:type\" content=\"image\/png\" \/>\n<meta name=\"twitter:card\" content=\"summary_large_image\" \/>\n<meta name=\"twitter:site\" content=\"@strangercamapp\" \/>\n<meta name=\"twitter:label1\" content=\"Szacowany czas czytania\" \/>\n\t<meta name=\"twitter:data1\" content=\"5 minut\" \/>\n<script type=\"application\/ld+json\" class=\"yoast-schema-graph\">{\"@context\":\"https:\\\/\\\/schema.org\",\"@graph\":[{\"@type\":\"WebPage\",\"@id\":\"https:\\\/\\\/strangercam.com\\\/free-chat-now\\\/\",\"url\":\"https:\\\/\\\/strangercam.com\\\/free-chat-now\\\/\",\"name\":\"Free Chat Now with Video Chat on Strangercam.com\",\"isPartOf\":{\"@id\":\"https:\\\/\\\/strangercam.com\\\/#website\"},\"datePublished\":\"2025-09-29T08:59:56+00:00\",\"dateModified\":\"2025-09-29T10:01:40+00:00\",\"description\":\"Liking Free Chat Now? Join millions on StrangerCam.com! Start a random video chat, turn on your cam, and meet strangers instantly.\",\"breadcrumb\":{\"@id\":\"https:\\\/\\\/strangercam.com\\\/free-chat-now\\\/#breadcrumb\"},\"inLanguage\":\"pl-PL\",\"potentialAction\":[{\"@type\":\"ReadAction\",\"target\":[\"https:\\\/\\\/strangercam.com\\\/free-chat-now\\\/\"]}]},{\"@type\":\"BreadcrumbList\",\"@id\":\"https:\\\/\\\/strangercam.com\\\/free-chat-now\\\/#breadcrumb\",\"itemListElement\":[{\"@type\":\"ListItem\",\"position\":1,\"name\":\"Home\",\"item\":\"https:\\\/\\\/strangercam.com\\\/\"},{\"@type\":\"ListItem\",\"position\":2,\"name\":\"Free Chat Now\"}]},{\"@type\":\"WebSite\",\"@id\":\"https:\\\/\\\/strangercam.com\\\/#website\",\"url\":\"https:\\\/\\\/strangercam.com\\\/\",\"name\":\"Strangercam\",\"description\":\"Random Video Chat with Strangers\",\"publisher\":{\"@id\":\"https:\\\/\\\/strangercam.com\\\/#organization\"},\"alternateName\":\"Strangercam.com\",\"potentialAction\":[{\"@type\":\"SearchAction\",\"target\":{\"@type\":\"EntryPoint\",\"urlTemplate\":\"https:\\\/\\\/strangercam.com\\\/?s={search_term_string}\"},\"query-input\":{\"@type\":\"PropertyValueSpecification\",\"valueRequired\":true,\"valueName\":\"search_term_string\"}}],\"inLanguage\":\"pl-PL\"},{\"@type\":\"Organization\",\"@id\":\"https:\\\/\\\/strangercam.com\\\/#organization\",\"name\":\"Strangercam\",\"alternateName\":\"Strangercam.com\",\"url\":\"https:\\\/\\\/strangercam.com\\\/\",\"logo\":{\"@type\":\"ImageObject\",\"inLanguage\":\"pl-PL\",\"@id\":\"https:\\\/\\\/strangercam.com\\\/#\\\/schema\\\/logo\\\/image\\\/\",\"url\":\"https:\\\/\\\/strangercam.com\\\/wp-content\\\/uploads\\\/2020\\\/11\\\/cropped-new-favicon-black.png\",\"contentUrl\":\"https:\\\/\\\/strangercam.com\\\/wp-content\\\/uploads\\\/2020\\\/11\\\/cropped-new-favicon-black.png\",\"width\":512,\"height\":512,\"caption\":\"Strangercam\"},\"image\":{\"@id\":\"https:\\\/\\\/strangercam.com\\\/#\\\/schema\\\/logo\\\/image\\\/\"},\"sameAs\":[\"https:\\\/\\\/www.facebook.com\\\/strangercam\",\"https:\\\/\\\/x.com\\\/strangercamapp\"]}]}<\/script>\n<!-- \/ Yoast SEO plugin. -->","yoast_head_json":{"title":"Darmowy czat teraz z czatem wideo na Strangercam.com","description":"Lubisz darmowy czat teraz? Join miliony na StrangerCam.com! Rozpocznij losowy czat wideo, w\u0142\u0105cz kamer\u0119 i natychmiast poznaj nieznajomych.","robots":{"index":"index","follow":"follow","max-snippet":"max-snippet:-1","max-image-preview":"max-image-preview:large","max-video-preview":"max-video-preview:-1"},"canonical":"https:\/\/strangercam.com\/pl\/darmowy-czat-teraz\/","og_locale":"pl_PL","og_type":"article","og_title":"Free Chat Now with Video Chat on Strangercam.com","og_description":"Liking Free Chat Now? Join millions on StrangerCam.com! Start a random video chat, turn on your cam, and meet strangers instantly.","og_url":"https:\/\/strangercam.com\/pl\/darmowy-czat-teraz\/","og_site_name":"Strangercam","article_publisher":"https:\/\/www.facebook.com\/strangercam","article_modified_time":"2025-09-29T10:01:40+00:00","og_image":[{"width":800,"height":532,"url":"https:\/\/strangercam.com\/wp-content\/uploads\/2021\/10\/Untitled-2.png","type":"image\/png"}],"twitter_card":"summary_large_image","twitter_site":"@strangercamapp","twitter_misc":{"Szacowany czas czytania":"5 minut"},"schema":{"@context":"https:\/\/schema.org","@graph":[{"@type":"WebPage","@id":"https:\/\/strangercam.com\/free-chat-now\/","url":"https:\/\/strangercam.com\/free-chat-now\/","name":"Darmowy czat teraz z czatem wideo na Strangercam.com","isPartOf":{"@id":"https:\/\/strangercam.com\/#website"},"datePublished":"2025-09-29T08:59:56+00:00","dateModified":"2025-09-29T10:01:40+00:00","description":"Lubisz darmowy czat teraz? Join miliony na StrangerCam.com! Rozpocznij losowy czat wideo, w\u0142\u0105cz kamer\u0119 i natychmiast poznaj nieznajomych.","breadcrumb":{"@id":"https:\/\/strangercam.com\/free-chat-now\/#breadcrumb"},"inLanguage":"pl-PL","potentialAction":[{"@type":"ReadAction","target":["https:\/\/strangercam.com\/free-chat-now\/"]}]},{"@type":"BreadcrumbList","@id":"https:\/\/strangercam.com\/free-chat-now\/#breadcrumb","itemListElement":[{"@type":"ListItem","position":1,"name":"Home","item":"https:\/\/strangercam.com\/"},{"@type":"ListItem","position":2,"name":"Free Chat Now"}]},{"@type":"WebSite","@id":"https:\/\/strangercam.com\/#website","url":"https:\/\/strangercam.com\/","name":"Strangercam","description":"Losowy czat wideo z nieznajomymi","publisher":{"@id":"https:\/\/strangercam.com\/#organization"},"alternateName":"Strangercam.com","potentialAction":[{"@type":"SearchAction","target":{"@type":"EntryPoint","urlTemplate":"https:\/\/strangercam.com\/?s={search_term_string}"},"query-input":{"@type":"PropertyValueSpecification","valueRequired":true,"valueName":"search_term_string"}}],"inLanguage":"pl-PL"},{"@type":"Organization","@id":"https:\/\/strangercam.com\/#organization","name":"Strangercam","alternateName":"Strangercam.com","url":"https:\/\/strangercam.com\/","logo":{"@type":"ImageObject","inLanguage":"pl-PL","@id":"https:\/\/strangercam.com\/#\/schema\/logo\/image\/","url":"https:\/\/strangercam.com\/wp-content\/uploads\/2020\/11\/cropped-new-favicon-black.png","contentUrl":"https:\/\/strangercam.com\/wp-content\/uploads\/2020\/11\/cropped-new-favicon-black.png","width":512,"height":512,"caption":"Strangercam"},"image":{"@id":"https:\/\/strangercam.com\/#\/schema\/logo\/image\/"},"sameAs":["https:\/\/www.facebook.com\/strangercam","https:\/\/x.com\/strangercamapp"]}]}},"_links":{"self":[{"href":"https:\/\/strangercam.com\/pl\/wp-json\/wp\/v2\/pages\/5006","targetHints":{"allow":["GET"]}}],"collection":[{"href":"https:\/\/strangercam.com\/pl\/wp-json\/wp\/v2\/pages"}],"about":[{"href":"https:\/\/strangercam.com\/pl\/wp-json\/wp\/v2\/types\/page"}],"author":[{"embeddable":true,"href":"https:\/\/strangercam.com\/pl\/wp-json\/wp\/v2\/users\/8"}],"replies":[{"embeddable":true,"href":"https:\/\/strangercam.com\/pl\/wp-json\/wp\/v2\/comments?post=5006"}],"version-history":[{"count":1,"href":"https:\/\/strangercam.com\/pl\/wp-json\/wp\/v2\/pages\/5006\/revisions"}],"predecessor-version":[{"id":13045,"href":"https:\/\/strangercam.com\/pl\/wp-json\/wp\/v2\/pages\/5006\/revisions\/13045"}],"wp:attachment":[{"href":"https:\/\/strangercam.com\/pl\/wp-json\/wp\/v2\/media?parent=5006"}],"curies":[{"name":"wp","href":"https:\/\/api.w.org\/{rel}","templated":true}]}}