{"id":4988,"date":"2025-09-23T11:42:02","date_gmt":"2025-09-23T09:42:02","guid":{"rendered":"https:\/\/strangercam.com\/?page_id=4988"},"modified":"2025-09-23T12:44:52","modified_gmt":"2025-09-23T10:44:52","slug":"badoo-darmowy-czat-i-aplikacja-randkowa-pof","status":"publish","type":"page","link":"https:\/\/strangercam.com\/pl\/badoo-free-chat-and-dating-app-pof\/","title":{"rendered":"Badoo darmowy czat i aplikacja randkowa Pof"},"content":{"rendered":"<p>Je\u015bli szukasz Badoo za darmo <a href=\"https:\/\/strangercam.com\/pl\/chatroulette\/\">czat<\/a> i aplikacji randkowej lub POF (Plenty of Fish), prawdopodobnie szukasz niezawodnego sposobu na <a href=\"https:\/\/strangercam.com\/pl\/coomeet\/\">spotkanie<\/a> nowych ludzi online. Obie platformy s\u0105 niezwykle popularne w \u015bwiecie randek, ale oferuj\u0105 bardzo r\u00f3\u017cne do\u015bwiadczenia.<\/p>\n<p>Badoo jest cz\u0119sto postrzegane jako globalna aplikacja spo\u0142eczno\u015bciowa - miejsce do poznawania nowych ludzi, czatowania za darmo, a nawet odkrywania przyja\u017ani i randek. Z drugiej strony POF (Plenty of Fish) jest jedn\u0105 z najd\u0142u\u017cej dzia\u0142aj\u0105cych platform randkowych, znan\u0105 z obszernych profili i podej\u015bcia skoncentrowanego na kompatybilno\u015bci.<\/p>\n<p>W tym przewodniku om\u00f3wimy obie aplikacje, por\u00f3wnamy ich funkcje, podkre\u015blimy zalety i wady, a tak\u017ce przedstawimy trzeci\u0105 opcj\u0119: <a href=\"https:\/\/strangercam.com\/pl\/chathub\/\">Losowy czat wideo<\/a> platformy takie jak StrangerCam, kt\u00f3re \u0142\u0105cz\u0105 to, co najlepsze z obu \u015bwiat\u00f3w - swobodny czat i spontaniczne odkrywanie.<\/p>\n<h2>Czym jest Badoo - darmowa aplikacja do czatowania i randkowania?<\/h2>\n<p>Za\u0142o\u017cona w 2006 roku, Badoo jest jedn\u0105 z najwi\u0119kszych na \u015bwiecie platform spo\u0142eczno\u015bciowych. W przeciwie\u0144stwie do tradycyjnych aplikacji randkowych, kt\u00f3re koncentruj\u0105 si\u0119 wy\u0142\u0105cznie na romansach, Badoo pozwala ludziom na:<\/p>\n<ul>\n<li>Swobodnie rozmawiaj z nowymi osobami.<\/li>\n<li>Poznaj przyja\u017anie, niezobowi\u0105zuj\u0105ce czaty lub randki.<\/li>\n<li>Korzystaj z dopasowania opartego na lokalizacji, aby zobaczy\u0107 osoby w pobli\u017cu.<\/li>\n<li>Weryfikacja profili w celu ograniczenia fa\u0142szerstw i wy\u0142udzania danych.<\/li>\n<\/ul>\n<p>Jego najwi\u0119ksz\u0105 zalet\u0105 jest funkcja bezp\u0142atnego czatu - w przeciwie\u0144stwie do aplikacji, kt\u00f3re mocno ograniczaj\u0105 przesy\u0142anie wiadomo\u015bci, Badoo u\u0142atwia rozpoczynanie rozm\u00f3w bez nieko\u0144cz\u0105cego si\u0119 przesuwania.<\/p>\n<h2>Co to jest POF (Plenty of Fish)?<\/h2>\n<p>Plenty of Fish (POF), za\u0142o\u017cony w 2003 roku, jest weteranem w \u015bwiecie randek online. Jest to jedna z najcz\u0119\u015bciej u\u017cywanych platform randkowych, szczeg\u00f3lnie w Ameryce P\u00f3\u0142nocnej.<\/p>\n<p>POF koncentruje si\u0119 na:<\/p>\n<ul>\n<li>Szczeg\u00f3\u0142owe profile: U\u017cytkownicy wype\u0142niaj\u0105 kwestionariusze i testy osobowo\u015bci.<\/li>\n<li>Dopasowanie zgodno\u015bci: Zaprojektowany, aby \u0142\u0105czy\u0107 w pary osoby o wi\u0119kszych szansach na d\u0142ugoterminowy sukces.<\/li>\n<li>Du\u017ca baza u\u017cytkownik\u00f3w: Dziesi\u0105tki milion\u00f3w u\u017cytkownik\u00f3w na ca\u0142ym \u015bwiecie.<\/li>\n<li>Tradycyjne funkcje randkowe: Wiadomo\u015bci, spotkania i dopasowywanie zorientowane na relacje.<\/li>\n<\/ul>\n<p>Podczas gdy POF pozwala na darmowy czat, jego struktura sk\u0142ania si\u0119 ku powa\u017cnym randkom w por\u00f3wnaniu do swobodnego podej\u015bcia Badoo.<\/p>\n<h2>Kluczowe r\u00f3\u017cnice mi\u0119dzy Badoo a POF<\/h2>\n<table>\n<thead>\n<tr>\n<th>Cecha<\/th>\n<th>Badoo - darmowa aplikacja do czatowania i randkowania<\/th>\n<th>POF (Plenty of Fish)<\/th>\n<\/tr>\n<\/thead>\n<tbody>\n<tr>\n<td>G\u0142\u00f3wny cel<\/td>\n<td>Odkrycia spo\u0142eczno\u015bciowe + randki<\/td>\n<td>Tradycyjne randki<\/td>\n<\/tr>\n<tr>\n<td>Czat<\/td>\n<td>Darmowy, natychmiastowy, swobodny<\/td>\n<td>Darmowe, ale ustrukturyzowane<\/td>\n<\/tr>\n<tr>\n<td>Profile<\/td>\n<td>Kr\u00f3tki, swobodny, zabawny<\/td>\n<td>Szczeg\u00f3\u0142owy, skoncentrowany na osobowo\u015bci<\/td>\n<\/tr>\n<tr>\n<td>Weryfikacja<\/td>\n<td>Dost\u0119pna weryfikacja fotograficzna<\/td>\n<td>Standardowy, mniej rygorystyczny<\/td>\n<\/tr>\n<tr>\n<td>Baza u\u017cytkownik\u00f3w<\/td>\n<td>Globalna, m\u0142odsza publiczno\u015b\u0107<\/td>\n<td>G\u0142\u00f3wnie USA\/Kanada, mieszany wiek<\/td>\n<\/tr>\n<tr>\n<td>Najlepsze dla<\/td>\n<td>Przypadkowe rozmowy, flirt, przyja\u017anie<\/td>\n<td>Powa\u017cne randki, d\u0142ugotrwa\u0142e zwi\u0105zki<\/td>\n<\/tr>\n<\/tbody>\n<\/table>\n<p>W skr\u00f3cie:<\/p>\n<ul>\n<li>Wybierz Badoo, je\u015bli chcesz niezobowi\u0105zuj\u0105cej zabawy, szybkich czat\u00f3w i po\u0142\u0105czenia przyja\u017ani i randek.<\/li>\n<li>Wybierz POF, je\u015bli jeste\u015b bardziej skoncentrowany na zwi\u0105zkach i chcesz zag\u0142\u0119bi\u0107 si\u0119 w szczeg\u00f3\u0142owe profile.<\/li>\n<\/ul>\n<h2>Wady zar\u00f3wno Badoo, jak i POF<\/h2>\n<p>Chocia\u017c obie aplikacje s\u0105 popularne, nie s\u0105 idealne:<\/p>\n<ul>\n<li>Wady Badoo:\n<ul>\n<li>Mo\u017ce by\u0107 za\u015bmiecona reklamami, chyba \u017ce dokonasz aktualizacji.<\/li>\n<li>Wielu u\u017cytkownik\u00f3w szuka tylko przypadkowych interakcji.<\/li>\n<li>Ryzyko fa\u0142szywych kont pomimo weryfikacji.<\/li>\n<\/ul>\n<\/li>\n<li>Wady POF:\n<ul>\n<li>Szczeg\u00f3\u0142owy proces rejestracji wymaga czasu.<\/li>\n<li>Bardziej skoncentrowany na powa\u017cnych randkach, mniej na swobodnej zabawie.<\/li>\n<li>Interfejs wydaje si\u0119 przestarza\u0142y w por\u00f3wnaniu do nowoczesnych aplikacji.<\/li>\n<\/ul>\n<\/li>\n<\/ul>\n<h2>Trzecia opcja: Losowy czat wideo<\/h2>\n<p>Je\u015bli szukasz czego\u015b szybszego, bardziej spontanicznego i darmowego, warto wypr\u00f3bowa\u0107 losowe platformy czat\u00f3w wideo, takie jak StrangerCam. W przeciwie\u0144stwie do Badoo lub POF, nie musisz wype\u0142nia\u0107 d\u0142ugich formularzy ani czeka\u0107 na dopasowanie - klikasz przycisk i natychmiast \u0142\u0105czysz si\u0119 twarz\u0105 w twarz z kim\u015b nowym.<\/p>\n<p>Oto dlaczego wiele os\u00f3b, kt\u00f3re szukaj\u0105 darmowego czatu Badoo lub darmowych randek POF, korzysta r\u00f3wnie\u017c z losowego czatu:<\/p>\n<ul>\n<li>Natychmiastowa satysfakcja: \u017badnego czekania, tylko natychmiastowe rozmowy wideo.<\/li>\n<li>Darmowy dost\u0119p: Brak op\u0142at za podstawowe czaty.<\/li>\n<li>Autentyczno\u015b\u0107: Czat wideo gwarantuje, \u017ce rozmawiasz z prawdziwymi lud\u017ami, a nie botami.<\/li>\n<li>Swobodny lub zalotny: Idealny do lekkiej zabawy, bez presji zwi\u0105zanej z formalnymi aplikacjami randkowymi.<\/li>\n<li>Rejestracja nie jest wymagana: Ca\u0142kowita anonimowo\u015b\u0107, je\u015bli tego chcesz.<\/li>\n<\/ul>\n<h2>Dlaczego StrangerCam si\u0119 wyr\u00f3\u017cnia<\/h2>\n<p>StrangerCam to jedna z wiod\u0105cych platform do darmowych, losowych czat\u00f3w wideo:<\/p>\n<ul>\n<li>Darmowe i nieograniczone czaty.<\/li>\n<li>Filtry p\u0142ci (wybierz czat z <a href=\"https:\/\/strangercam.com\/pl\/video-chat-with-girls\/\">dziewczyny<\/a> lub facet\u00f3w).<\/li>\n<li>Rejestracja nie jest wymagana.<\/li>\n<li>Bezpieczne narz\u0119dzia moderacji.<\/li>\n<li>Kompatybilno\u015b\u0107 z urz\u0105dzeniami mobilnymi i stacjonarnymi.<\/li>\n<li>Globalna baza u\u017cytkownik\u00f3w.<\/li>\n<\/ul>\n<p>Dla ka\u017cdego, kto pyta \"Gdzie mog\u0119 znale\u017a\u0107 darmowy czat jak Badoo?\" lub \"Czy istnieje swobodna alternatywa dla POF?\", StrangerCam jest odpowiedzi\u0105 - \u0142\u0105czy w sobie emocje darmowego czatu Badoo z autentyczno\u015bci\u0105 prawdziwych po\u0142\u0105cze\u0144 POF.<\/p>\n<h2>Prawdziwe opinie u\u017cytkownik\u00f3w<\/h2>\n<blockquote><p><em>\"Lubi\u0142em Badoo do swobodnych pogaw\u0119dek, ale nie zawsze otrzymywa\u0142em szybkie odpowiedzi. StrangerCam to rozwi\u0105za\u0142 - jest natychmiastowy\".<\/em><br \/>\n- Jake, 28 lat<\/p><\/blockquote>\n<blockquote><p><em>\"POF by\u0142 dla mnie zbyt powa\u017cny. StrangerCam jest zabawny i darmowy, a ja mog\u0119 w ka\u017cdej chwili przej\u015b\u0107 do nast\u0119pnej osoby\".<\/em><br \/>\n- Sophia, 23 lata<\/p><\/blockquote>\n<blockquote><p><em>\"Przypadkowy czat wideo to \u015bwietna r\u00f3wnowaga - czasami spotykasz si\u0119 z lud\u017ami, by flirtowa\u0107, a czasami tylko po to, by si\u0119 po\u015bmia\u0107\".<\/em><br \/>\n- Ryan, 30<\/p><\/blockquote>\n<h2>Wskaz\u00f3wki dotycz\u0105ce bezpiecze\u0144stwa podczas czatowania online<\/h2>\n<p>Niezale\u017cnie od tego, czy korzystasz z Badoo, POF czy StrangerCam, zawsze zachowuj bezpiecze\u0144stwo:<\/p>\n<ul>\n<li>Nigdy nie udost\u0119pniaj danych osobowych (adres, telefon, miejsce pracy).<\/li>\n<li>Nie wysy\u0142aj pieni\u0119dzy nieznajomym.<\/li>\n<li>Zachowaj ostro\u017cno\u015b\u0107 podczas udost\u0119pniania profili w mediach spo\u0142eczno\u015bciowych.<\/li>\n<li>Korzystaj z narz\u0119dzi raportowania, je\u015bli kto\u015b sprawia, \u017ce czujesz si\u0119 niekomfortowo.<\/li>\n<li>Sprawd\u017a t\u0142o kamery internetowej przed rozpocz\u0119ciem transmisji na \u017cywo.<\/li>\n<\/ul>\n<p>Je\u015bli szukasz darmowego czatu i aplikacji randkowej Badoo lub POF (Plenty of Fish), odkrywasz dwie najbardziej znane platformy randkowe na \u015bwiecie.<\/p>\n<ul>\n<li>Badoo \u015bwietnie nadaje si\u0119 do swobodnych rozm\u00f3w, poznawania ludzi w pobli\u017cu i odkrywania spo\u0142eczno\u015bci.<\/li>\n<li>POF jest idealny dla powa\u017cnych randkowicz\u00f3w, kt\u00f3rzy chc\u0105 szczeg\u00f3\u0142owych profili i d\u0142ugoterminowych po\u0142\u0105cze\u0144.<\/li>\n<li>StrangerCam jest idealny, je\u015bli chcesz natychmiastowych, bezpo\u015brednich, losowych czat\u00f3w wideo bez rejestracji, op\u0142at i czekania.<\/li>\n<\/ul>\n<p>Gotowy na natychmiastowe po\u0142\u0105czenie? Wypr\u00f3buj darmowy losowy czat wideo ju\u017c dzi\u015b i odkryj, kogo spotkasz w przysz\u0142o\u015bci.<\/p>","protected":false},"excerpt":{"rendered":"<p>If you\u2019re searching for Badoo free chat and dating app or POF (Plenty of Fish), you\u2019re probably looking for a reliable way to meet new people online. Both platforms are hugely popular in the dating world, but they offer very different experiences. Badoo is often seen as a global social discovery app\u2014a place to meet [&hellip;]<\/p>\n","protected":false},"author":8,"featured_media":0,"parent":0,"menu_order":0,"comment_status":"closed","ping_status":"closed","template":"","meta":{"footnotes":""},"class_list":["post-4988","page","type-page","status-publish","hentry"],"yoast_head":"<!-- This site is optimized with the Yoast SEO plugin v27.4 - https:\/\/yoast.com\/product\/yoast-seo-wordpress\/ -->\n<title>Badoo Free Chat And Dating App Pof on Strangercam.com<\/title>\n<meta name=\"description\" content=\"Liking Badoo Free Chat And Dating App Pof? Join millions on StrangerCam.com! Start a random video chat, turn on your cam, and meet strangers instantly.\" \/>\n<meta name=\"robots\" content=\"index, follow, max-snippet:-1, max-image-preview:large, max-video-preview:-1\" \/>\n<link rel=\"canonical\" href=\"https:\/\/strangercam.com\/pl\/badoo-darmowy-czat-i-aplikacja-randkowa-pof\/\" \/>\n<meta property=\"og:locale\" content=\"pl_PL\" \/>\n<meta property=\"og:type\" content=\"article\" \/>\n<meta property=\"og:title\" content=\"Badoo Free Chat And Dating App Pof on Strangercam.com\" \/>\n<meta property=\"og:description\" content=\"Liking Badoo Free Chat And Dating App Pof? Join millions on StrangerCam.com! Start a random video chat, turn on your cam, and meet strangers instantly.\" \/>\n<meta property=\"og:url\" content=\"https:\/\/strangercam.com\/pl\/badoo-darmowy-czat-i-aplikacja-randkowa-pof\/\" \/>\n<meta property=\"og:site_name\" content=\"Strangercam\" \/>\n<meta property=\"article:publisher\" content=\"https:\/\/www.facebook.com\/strangercam\" \/>\n<meta property=\"article:modified_time\" content=\"2025-09-23T10:44:52+00:00\" \/>\n<meta property=\"og:image\" content=\"https:\/\/strangercam.com\/wp-content\/uploads\/2021\/10\/Untitled-2.png\" \/>\n\t<meta property=\"og:image:width\" content=\"800\" \/>\n\t<meta property=\"og:image:height\" content=\"532\" \/>\n\t<meta property=\"og:image:type\" content=\"image\/png\" \/>\n<meta name=\"twitter:card\" content=\"summary_large_image\" \/>\n<meta name=\"twitter:site\" content=\"@strangercamapp\" \/>\n<meta name=\"twitter:label1\" content=\"Szacowany czas czytania\" \/>\n\t<meta name=\"twitter:data1\" content=\"4 minuty\" \/>\n<script type=\"application\/ld+json\" class=\"yoast-schema-graph\">{\"@context\":\"https:\\\/\\\/schema.org\",\"@graph\":[{\"@type\":\"WebPage\",\"@id\":\"https:\\\/\\\/strangercam.com\\\/badoo-free-chat-and-dating-app-pof\\\/\",\"url\":\"https:\\\/\\\/strangercam.com\\\/badoo-free-chat-and-dating-app-pof\\\/\",\"name\":\"Badoo Free Chat And Dating App Pof on Strangercam.com\",\"isPartOf\":{\"@id\":\"https:\\\/\\\/strangercam.com\\\/#website\"},\"datePublished\":\"2025-09-23T09:42:02+00:00\",\"dateModified\":\"2025-09-23T10:44:52+00:00\",\"description\":\"Liking Badoo Free Chat And Dating App Pof? Join millions on StrangerCam.com! Start a random video chat, turn on your cam, and meet strangers instantly.\",\"breadcrumb\":{\"@id\":\"https:\\\/\\\/strangercam.com\\\/badoo-free-chat-and-dating-app-pof\\\/#breadcrumb\"},\"inLanguage\":\"pl-PL\",\"potentialAction\":[{\"@type\":\"ReadAction\",\"target\":[\"https:\\\/\\\/strangercam.com\\\/badoo-free-chat-and-dating-app-pof\\\/\"]}]},{\"@type\":\"BreadcrumbList\",\"@id\":\"https:\\\/\\\/strangercam.com\\\/badoo-free-chat-and-dating-app-pof\\\/#breadcrumb\",\"itemListElement\":[{\"@type\":\"ListItem\",\"position\":1,\"name\":\"Home\",\"item\":\"https:\\\/\\\/strangercam.com\\\/\"},{\"@type\":\"ListItem\",\"position\":2,\"name\":\"Badoo Free Chat And Dating App Pof\"}]},{\"@type\":\"WebSite\",\"@id\":\"https:\\\/\\\/strangercam.com\\\/#website\",\"url\":\"https:\\\/\\\/strangercam.com\\\/\",\"name\":\"Strangercam\",\"description\":\"Random Video Chat with Strangers\",\"publisher\":{\"@id\":\"https:\\\/\\\/strangercam.com\\\/#organization\"},\"alternateName\":\"Strangercam.com\",\"potentialAction\":[{\"@type\":\"SearchAction\",\"target\":{\"@type\":\"EntryPoint\",\"urlTemplate\":\"https:\\\/\\\/strangercam.com\\\/?s={search_term_string}\"},\"query-input\":{\"@type\":\"PropertyValueSpecification\",\"valueRequired\":true,\"valueName\":\"search_term_string\"}}],\"inLanguage\":\"pl-PL\"},{\"@type\":\"Organization\",\"@id\":\"https:\\\/\\\/strangercam.com\\\/#organization\",\"name\":\"Strangercam\",\"alternateName\":\"Strangercam.com\",\"url\":\"https:\\\/\\\/strangercam.com\\\/\",\"logo\":{\"@type\":\"ImageObject\",\"inLanguage\":\"pl-PL\",\"@id\":\"https:\\\/\\\/strangercam.com\\\/#\\\/schema\\\/logo\\\/image\\\/\",\"url\":\"https:\\\/\\\/strangercam.com\\\/wp-content\\\/uploads\\\/2020\\\/11\\\/cropped-new-favicon-black.png\",\"contentUrl\":\"https:\\\/\\\/strangercam.com\\\/wp-content\\\/uploads\\\/2020\\\/11\\\/cropped-new-favicon-black.png\",\"width\":512,\"height\":512,\"caption\":\"Strangercam\"},\"image\":{\"@id\":\"https:\\\/\\\/strangercam.com\\\/#\\\/schema\\\/logo\\\/image\\\/\"},\"sameAs\":[\"https:\\\/\\\/www.facebook.com\\\/strangercam\",\"https:\\\/\\\/x.com\\\/strangercamapp\"]}]}<\/script>\n<!-- \/ Yoast SEO plugin. -->","yoast_head_json":{"title":"Badoo Free Chat And Dating App Pof na Strangercam.com","description":"Lubisz Badoo Darmowy czat i aplikacj\u0119 randkow\u0105 Pof? Join miliony na StrangerCam.com! Rozpocznij losowy czat wideo, w\u0142\u0105cz kamer\u0119 i natychmiast poznawaj nieznajomych.","robots":{"index":"index","follow":"follow","max-snippet":"max-snippet:-1","max-image-preview":"max-image-preview:large","max-video-preview":"max-video-preview:-1"},"canonical":"https:\/\/strangercam.com\/pl\/badoo-darmowy-czat-i-aplikacja-randkowa-pof\/","og_locale":"pl_PL","og_type":"article","og_title":"Badoo Free Chat And Dating App Pof on Strangercam.com","og_description":"Liking Badoo Free Chat And Dating App Pof? Join millions on StrangerCam.com! Start a random video chat, turn on your cam, and meet strangers instantly.","og_url":"https:\/\/strangercam.com\/pl\/badoo-darmowy-czat-i-aplikacja-randkowa-pof\/","og_site_name":"Strangercam","article_publisher":"https:\/\/www.facebook.com\/strangercam","article_modified_time":"2025-09-23T10:44:52+00:00","og_image":[{"width":800,"height":532,"url":"https:\/\/strangercam.com\/wp-content\/uploads\/2021\/10\/Untitled-2.png","type":"image\/png"}],"twitter_card":"summary_large_image","twitter_site":"@strangercamapp","twitter_misc":{"Szacowany czas czytania":"4 minuty"},"schema":{"@context":"https:\/\/schema.org","@graph":[{"@type":"WebPage","@id":"https:\/\/strangercam.com\/badoo-free-chat-and-dating-app-pof\/","url":"https:\/\/strangercam.com\/badoo-free-chat-and-dating-app-pof\/","name":"Badoo Free Chat And Dating App Pof na Strangercam.com","isPartOf":{"@id":"https:\/\/strangercam.com\/#website"},"datePublished":"2025-09-23T09:42:02+00:00","dateModified":"2025-09-23T10:44:52+00:00","description":"Lubisz Badoo Darmowy czat i aplikacj\u0119 randkow\u0105 Pof? Join miliony na StrangerCam.com! Rozpocznij losowy czat wideo, w\u0142\u0105cz kamer\u0119 i natychmiast poznawaj nieznajomych.","breadcrumb":{"@id":"https:\/\/strangercam.com\/badoo-free-chat-and-dating-app-pof\/#breadcrumb"},"inLanguage":"pl-PL","potentialAction":[{"@type":"ReadAction","target":["https:\/\/strangercam.com\/badoo-free-chat-and-dating-app-pof\/"]}]},{"@type":"BreadcrumbList","@id":"https:\/\/strangercam.com\/badoo-free-chat-and-dating-app-pof\/#breadcrumb","itemListElement":[{"@type":"ListItem","position":1,"name":"Home","item":"https:\/\/strangercam.com\/"},{"@type":"ListItem","position":2,"name":"Badoo Free Chat And Dating App Pof"}]},{"@type":"WebSite","@id":"https:\/\/strangercam.com\/#website","url":"https:\/\/strangercam.com\/","name":"Strangercam","description":"Losowy czat wideo z nieznajomymi","publisher":{"@id":"https:\/\/strangercam.com\/#organization"},"alternateName":"Strangercam.com","potentialAction":[{"@type":"SearchAction","target":{"@type":"EntryPoint","urlTemplate":"https:\/\/strangercam.com\/?s={search_term_string}"},"query-input":{"@type":"PropertyValueSpecification","valueRequired":true,"valueName":"search_term_string"}}],"inLanguage":"pl-PL"},{"@type":"Organization","@id":"https:\/\/strangercam.com\/#organization","name":"Strangercam","alternateName":"Strangercam.com","url":"https:\/\/strangercam.com\/","logo":{"@type":"ImageObject","inLanguage":"pl-PL","@id":"https:\/\/strangercam.com\/#\/schema\/logo\/image\/","url":"https:\/\/strangercam.com\/wp-content\/uploads\/2020\/11\/cropped-new-favicon-black.png","contentUrl":"https:\/\/strangercam.com\/wp-content\/uploads\/2020\/11\/cropped-new-favicon-black.png","width":512,"height":512,"caption":"Strangercam"},"image":{"@id":"https:\/\/strangercam.com\/#\/schema\/logo\/image\/"},"sameAs":["https:\/\/www.facebook.com\/strangercam","https:\/\/x.com\/strangercamapp"]}]}},"_links":{"self":[{"href":"https:\/\/strangercam.com\/pl\/wp-json\/wp\/v2\/pages\/4988","targetHints":{"allow":["GET"]}}],"collection":[{"href":"https:\/\/strangercam.com\/pl\/wp-json\/wp\/v2\/pages"}],"about":[{"href":"https:\/\/strangercam.com\/pl\/wp-json\/wp\/v2\/types\/page"}],"author":[{"embeddable":true,"href":"https:\/\/strangercam.com\/pl\/wp-json\/wp\/v2\/users\/8"}],"replies":[{"embeddable":true,"href":"https:\/\/strangercam.com\/pl\/wp-json\/wp\/v2\/comments?post=4988"}],"version-history":[{"count":2,"href":"https:\/\/strangercam.com\/pl\/wp-json\/wp\/v2\/pages\/4988\/revisions"}],"predecessor-version":[{"id":13043,"href":"https:\/\/strangercam.com\/pl\/wp-json\/wp\/v2\/pages\/4988\/revisions\/13043"}],"wp:attachment":[{"href":"https:\/\/strangercam.com\/pl\/wp-json\/wp\/v2\/media?parent=4988"}],"curies":[{"name":"wp","href":"https:\/\/api.w.org\/{rel}","templated":true}]}}