{"id":4970,"date":"2021-06-14T22:54:13","date_gmt":"2021-06-14T20:54:13","guid":{"rendered":"https:\/\/strangercam.com\/?page_id=4970"},"modified":"2023-09-12T15:18:55","modified_gmt":"2023-09-12T13:18:55","slug":"darmowy-czat-dla-doroslych","status":"publish","type":"page","link":"https:\/\/strangercam.com\/pl\/free-adult-chat\/","title":{"rendered":"Darmowy czat dla doros\u0142ych"},"content":{"rendered":"<p>Witamy w Free Adult <a href=\"https:\/\/strangercam.com\/pl\/chatroulette\/\">Czat<\/a>. Join aplikacja do czatu wideo Free Adult Chat, u\u0142atwiaj\u0105ca anonimowe rozmowy z przypadkowymi nieznajomymi. Free Adult Chat oferuje funkcje czatu wideo, w tym maski na twarz, filtry p\u0142ci i kraju, czat prywatny i wiele wi\u0119cej. Czatuj z przypadkowymi dziewczynami i ch\u0142opakami online, w dowolnym miejscu na \u015bwiecie, natychmiast. Znajd\u017a nowego przyjaciela, <a href=\"https:\/\/strangercam.com\/pl\/coomeet\/\">spotkanie<\/a> na nast\u0119pn\u0105 randk\u0119, pochwal si\u0119 swoimi niesamowitymi umiej\u0119tno\u015bciami muzycznymi, porozmawiaj o pi\u0142ce no\u017cnej, we\u017a udzia\u0142 w darmowym czacie dla doros\u0142ych lub po prostu zrelaksuj si\u0119 i porozmawiaj o najnowszym serialu Netflix z nieznajomym. Darmowy czat dla doros\u0142ych jest \u0142atwy i przyjemny. Nigdy nie wiadomo, kto mo\u017ce czeka\u0107 na Ciebie po drugiej stronie kamery internetowej!<\/p>\n<p>Czat dla doros\u0142ych to najbardziej satysfakcjonuj\u0105ca fraza dla wielu m\u0142odych ludzi i og\u00f3lnie w\u015br\u00f3d r\u00f3wie\u015bnik\u00f3w w ka\u017cdym wieku. Jest to tak fascynuj\u0105ce i poci\u0105gaj\u0105ce, \u017ce ka\u017cdy chce z tego skorzysta\u0107. M\u0142odzi ludzie cz\u0119sto szukaj\u0105 strony takiej jak StrangerCam.com.<br \/>\nJe\u015bli chcesz anonimowo nawi\u0105zywa\u0107 kontakty z nowymi osobami,\u00a0<a href=\"https:\/\/strangercam.com\/pl\/chathub\/\">Losowy czat wideo<\/a>\u00a0to najlepszy i naj\u0142atwiejszy spos\u00f3b na zrobienie tego, a StrangerCam to czat <a href=\"https:\/\/strangercam.com\/pl\/bazoocam\/\">krzywka<\/a> aplikacja, kt\u00f3ra Ci\u0119 tam zabierze. Zoptymalizowali\u015bmy nasz\u0105 aplikacj\u0119, aby\u015b m\u00f3g\u0142 wybra\u0107 dok\u0142adnie tych, z kt\u00f3rymi chcesz si\u0119 spotka\u0107 - to nowy i innowacyjny spos\u00f3b \u0142\u0105czenia si\u0119 z nieznajomymi.<\/p>\n<p>Wi\u0119c na co czekasz? Join darmowy czat dla doros\u0142ych teraz!<\/p>\n<h3>Czym jest StrangerCam.com!<\/h3>\n<p>StrangerCam to internetowa platforma czatowa dla doros\u0142ych. Oznacza to, \u017ce doro\u015bli ludzie mog\u0105 znale\u017a\u0107 swoich potencjalnych partner\u00f3w i dobrze si\u0119 z nimi bawi\u0107.<br \/>\nG\u0142\u00f3wnym celem strony jest zapewnienie wszystkim odpowiednich mo\u017cliwo\u015bci. Algorytm witryny zosta\u0142 zaprojektowany w taki spos\u00f3b, aby wybiera\u0107 najbardziej odpowiednie dopasowania. Jest to nowa i unikalna funkcja, kt\u00f3rej \u017cadna aplikacja randkowa online nigdy nie uruchomi\u0142a.<\/p>\n<h2>Funkcje darmowego czatu dla doros\u0142ych<\/h2>\n<p>Oto kilka wspania\u0142ych funkcji, kt\u00f3re sprawiaj\u0105, \u017ce StrangerCam jest lepszy ni\u017c jakakolwiek inna witryna dla doros\u0142ych.<\/p>\n<p>Przyjrzyjmy si\u0119 jej funkcjom:<\/p>\n<h3>Unikanie martwienia si\u0119 o wyniki<\/h3>\n<p>Mamy wszystko pod kontrol\u0105!<\/p>\n<p>Je\u015bli jeste\u015b wra\u017cliwy, StrangerCam jest dla Ciebie.<\/p>\n<p>Dlaczego tak twierdzimy? Poniewa\u017c wiemy, \u017ce to bezpieczne!<\/p>\n<p>Nie ma potrzeby martwi\u0107 si\u0119 i my\u015ble\u0107 o swoich obawach. Ty i wszystko, co do Ciebie nale\u017cy, jest tutaj bezpieczne. Chronimy Twoje dane i to\u017csamo\u015b\u0107 za wszelk\u0105 cen\u0119. Firma dzia\u0142a z tym mottem od tak dawna.<\/p>\n<h3>Udost\u0119pnianie tre\u015bci dla doros\u0142ych<\/h3>\n<p>Nie mamy \u017cadnego problemu, je\u015bli chodzi o zgod\u0119 dw\u00f3ch zaanga\u017cowanych os\u00f3b!<\/p>\n<p>S\u0142uchamy pyta\u0144 klient\u00f3w, ale nie ingerujemy w sprawy osobiste. Mo\u017cesz dzieli\u0107 si\u0119 z nami wszystkim, o ile tw\u00f3j partner nie ma nic przeciwko temu.<\/p>\n<h3>Rozpocz\u0119cie rozmowy<\/h3>\n<p>Chcesz zainicjowa\u0107 rozmow\u0119, ale nie wiesz jak?<\/p>\n<p>Je\u015bli tak, to jeste\u015b we w\u0142a\u015bciwym miejscu. Fantastyczna kolekcja filtr\u00f3w mo\u017ce r\u00f3wnie\u017c pom\u00f3c w zainicjowaniu rozmowy. Jest to zabawna, ale skuteczna metoda. Filtry mog\u0105 r\u00f3wnie\u017c pom\u00f3c w nawi\u0105zaniu kontaktu z potencjalnym partnerem.<\/p>\n<h3>Roz\u015bmiesz ich<\/h3>\n<p>Je\u015bli naprawd\u0119 zaczynasz lubi\u0107 dan\u0105 osob\u0119, traktuj j\u0105 z godno\u015bci\u0105. Roz\u015bmieszaj ich.<\/p>\n<p>Opowiedz dowcip lub popro\u015b o jego opowiedzenie. \u017barty s\u0105 \u015bwietnymi inicjatorami rozm\u00f3w. Roz\u015bmiesz ich, przekazuj\u0105c mi\u0142y komplement. Takie ma\u0142e rzeczy zbli\u017caj\u0105 ludzi.<\/p>","protected":false},"excerpt":{"rendered":"<p>Welcome to Free Adult Chat. Join the Free Adult Chat\u00a0video chat app, making it easy to chat to random strangers anonymously. Free Adult Chat offers video chat features including face masks, gender and country filters, private chat, and much more. Chat with random girls\u00a0and boys online, anywhere in the world, instantaneously. Find a new friend, [&hellip;]<\/p>\n","protected":false},"author":8,"featured_media":0,"parent":0,"menu_order":0,"comment_status":"closed","ping_status":"closed","template":"","meta":{"footnotes":""},"class_list":["post-4970","page","type-page","status-publish","hentry"],"yoast_head":"<!-- This site is optimized with the Yoast SEO plugin v27.4 - https:\/\/yoast.com\/product\/yoast-seo-wordpress\/ -->\n<title>Free Adult Chat - StrangerCam.com: Cam With Strangers<\/title>\n<meta name=\"description\" content=\"Free Adult Chat anonymously with over 5.000.000 strangers. No Sign-Up Required! Cam with strangers on StrangerCam.com.\" \/>\n<meta name=\"robots\" content=\"index, follow, max-snippet:-1, max-image-preview:large, max-video-preview:-1\" \/>\n<link rel=\"canonical\" href=\"https:\/\/strangercam.com\/pl\/darmowy-czat-dla-doroslych\/\" \/>\n<meta property=\"og:locale\" content=\"pl_PL\" \/>\n<meta property=\"og:type\" content=\"article\" \/>\n<meta property=\"og:title\" content=\"Free Adult Chat - StrangerCam.com: Cam With Strangers\" \/>\n<meta property=\"og:description\" content=\"Free Adult Chat anonymously with over 5.000.000 strangers. No Sign-Up Required! Cam with strangers on StrangerCam.com.\" \/>\n<meta property=\"og:url\" content=\"https:\/\/strangercam.com\/pl\/darmowy-czat-dla-doroslych\/\" \/>\n<meta property=\"og:site_name\" content=\"Strangercam\" \/>\n<meta property=\"article:publisher\" content=\"https:\/\/www.facebook.com\/strangercam\" \/>\n<meta property=\"article:modified_time\" content=\"2023-09-12T13:18:55+00:00\" \/>\n<meta property=\"og:image\" content=\"https:\/\/strangercam.com\/wp-content\/uploads\/2021\/10\/Untitled-2.png\" \/>\n\t<meta property=\"og:image:width\" content=\"800\" \/>\n\t<meta property=\"og:image:height\" content=\"532\" \/>\n\t<meta property=\"og:image:type\" content=\"image\/png\" \/>\n<meta name=\"twitter:card\" content=\"summary_large_image\" \/>\n<meta name=\"twitter:site\" content=\"@strangercamapp\" \/>\n<meta name=\"twitter:label1\" content=\"Szacowany czas czytania\" \/>\n\t<meta name=\"twitter:data1\" content=\"3 minuty\" \/>\n<script type=\"application\/ld+json\" class=\"yoast-schema-graph\">{\"@context\":\"https:\\\/\\\/schema.org\",\"@graph\":[{\"@type\":\"WebPage\",\"@id\":\"https:\\\/\\\/strangercam.com\\\/free-adult-chat\\\/\",\"url\":\"https:\\\/\\\/strangercam.com\\\/free-adult-chat\\\/\",\"name\":\"Free Adult Chat - StrangerCam.com: Cam With Strangers\",\"isPartOf\":{\"@id\":\"https:\\\/\\\/strangercam.com\\\/#website\"},\"datePublished\":\"2021-06-14T20:54:13+00:00\",\"dateModified\":\"2023-09-12T13:18:55+00:00\",\"description\":\"Free Adult Chat anonymously with over 5.000.000 strangers. No Sign-Up Required! Cam with strangers on StrangerCam.com.\",\"breadcrumb\":{\"@id\":\"https:\\\/\\\/strangercam.com\\\/free-adult-chat\\\/#breadcrumb\"},\"inLanguage\":\"pl-PL\",\"potentialAction\":[{\"@type\":\"ReadAction\",\"target\":[\"https:\\\/\\\/strangercam.com\\\/free-adult-chat\\\/\"]}]},{\"@type\":\"BreadcrumbList\",\"@id\":\"https:\\\/\\\/strangercam.com\\\/free-adult-chat\\\/#breadcrumb\",\"itemListElement\":[{\"@type\":\"ListItem\",\"position\":1,\"name\":\"Home\",\"item\":\"https:\\\/\\\/strangercam.com\\\/\"},{\"@type\":\"ListItem\",\"position\":2,\"name\":\"Free Adult Chat\"}]},{\"@type\":\"WebSite\",\"@id\":\"https:\\\/\\\/strangercam.com\\\/#website\",\"url\":\"https:\\\/\\\/strangercam.com\\\/\",\"name\":\"Strangercam\",\"description\":\"Random Video Chat with Strangers\",\"publisher\":{\"@id\":\"https:\\\/\\\/strangercam.com\\\/#organization\"},\"alternateName\":\"Strangercam.com\",\"potentialAction\":[{\"@type\":\"SearchAction\",\"target\":{\"@type\":\"EntryPoint\",\"urlTemplate\":\"https:\\\/\\\/strangercam.com\\\/?s={search_term_string}\"},\"query-input\":{\"@type\":\"PropertyValueSpecification\",\"valueRequired\":true,\"valueName\":\"search_term_string\"}}],\"inLanguage\":\"pl-PL\"},{\"@type\":\"Organization\",\"@id\":\"https:\\\/\\\/strangercam.com\\\/#organization\",\"name\":\"Strangercam\",\"alternateName\":\"Strangercam.com\",\"url\":\"https:\\\/\\\/strangercam.com\\\/\",\"logo\":{\"@type\":\"ImageObject\",\"inLanguage\":\"pl-PL\",\"@id\":\"https:\\\/\\\/strangercam.com\\\/#\\\/schema\\\/logo\\\/image\\\/\",\"url\":\"https:\\\/\\\/strangercam.com\\\/wp-content\\\/uploads\\\/2020\\\/11\\\/cropped-new-favicon-black.png\",\"contentUrl\":\"https:\\\/\\\/strangercam.com\\\/wp-content\\\/uploads\\\/2020\\\/11\\\/cropped-new-favicon-black.png\",\"width\":512,\"height\":512,\"caption\":\"Strangercam\"},\"image\":{\"@id\":\"https:\\\/\\\/strangercam.com\\\/#\\\/schema\\\/logo\\\/image\\\/\"},\"sameAs\":[\"https:\\\/\\\/www.facebook.com\\\/strangercam\",\"https:\\\/\\\/x.com\\\/strangercamapp\"]}]}<\/script>\n<!-- \/ Yoast SEO plugin. -->","yoast_head_json":{"title":"Darmowy czat dla doros\u0142ych - StrangerCam.com: Kamera z nieznajomymi","description":"Darmowy czat dla doros\u0142ych anonimowo z ponad 5.000.000 nieznajomych. Rejestracja nie jest wymagana! Cam z nieznajomymi na StrangerCam.com.","robots":{"index":"index","follow":"follow","max-snippet":"max-snippet:-1","max-image-preview":"max-image-preview:large","max-video-preview":"max-video-preview:-1"},"canonical":"https:\/\/strangercam.com\/pl\/darmowy-czat-dla-doroslych\/","og_locale":"pl_PL","og_type":"article","og_title":"Free Adult Chat - StrangerCam.com: Cam With Strangers","og_description":"Free Adult Chat anonymously with over 5.000.000 strangers. No Sign-Up Required! Cam with strangers on StrangerCam.com.","og_url":"https:\/\/strangercam.com\/pl\/darmowy-czat-dla-doroslych\/","og_site_name":"Strangercam","article_publisher":"https:\/\/www.facebook.com\/strangercam","article_modified_time":"2023-09-12T13:18:55+00:00","og_image":[{"width":800,"height":532,"url":"https:\/\/strangercam.com\/wp-content\/uploads\/2021\/10\/Untitled-2.png","type":"image\/png"}],"twitter_card":"summary_large_image","twitter_site":"@strangercamapp","twitter_misc":{"Szacowany czas czytania":"3 minuty"},"schema":{"@context":"https:\/\/schema.org","@graph":[{"@type":"WebPage","@id":"https:\/\/strangercam.com\/free-adult-chat\/","url":"https:\/\/strangercam.com\/free-adult-chat\/","name":"Darmowy czat dla doros\u0142ych - StrangerCam.com: Kamera z nieznajomymi","isPartOf":{"@id":"https:\/\/strangercam.com\/#website"},"datePublished":"2021-06-14T20:54:13+00:00","dateModified":"2023-09-12T13:18:55+00:00","description":"Darmowy czat dla doros\u0142ych anonimowo z ponad 5.000.000 nieznajomych. Rejestracja nie jest wymagana! Cam z nieznajomymi na StrangerCam.com.","breadcrumb":{"@id":"https:\/\/strangercam.com\/free-adult-chat\/#breadcrumb"},"inLanguage":"pl-PL","potentialAction":[{"@type":"ReadAction","target":["https:\/\/strangercam.com\/free-adult-chat\/"]}]},{"@type":"BreadcrumbList","@id":"https:\/\/strangercam.com\/free-adult-chat\/#breadcrumb","itemListElement":[{"@type":"ListItem","position":1,"name":"Home","item":"https:\/\/strangercam.com\/"},{"@type":"ListItem","position":2,"name":"Free Adult Chat"}]},{"@type":"WebSite","@id":"https:\/\/strangercam.com\/#website","url":"https:\/\/strangercam.com\/","name":"Strangercam","description":"Losowy czat wideo z nieznajomymi","publisher":{"@id":"https:\/\/strangercam.com\/#organization"},"alternateName":"Strangercam.com","potentialAction":[{"@type":"SearchAction","target":{"@type":"EntryPoint","urlTemplate":"https:\/\/strangercam.com\/?s={search_term_string}"},"query-input":{"@type":"PropertyValueSpecification","valueRequired":true,"valueName":"search_term_string"}}],"inLanguage":"pl-PL"},{"@type":"Organization","@id":"https:\/\/strangercam.com\/#organization","name":"Strangercam","alternateName":"Strangercam.com","url":"https:\/\/strangercam.com\/","logo":{"@type":"ImageObject","inLanguage":"pl-PL","@id":"https:\/\/strangercam.com\/#\/schema\/logo\/image\/","url":"https:\/\/strangercam.com\/wp-content\/uploads\/2020\/11\/cropped-new-favicon-black.png","contentUrl":"https:\/\/strangercam.com\/wp-content\/uploads\/2020\/11\/cropped-new-favicon-black.png","width":512,"height":512,"caption":"Strangercam"},"image":{"@id":"https:\/\/strangercam.com\/#\/schema\/logo\/image\/"},"sameAs":["https:\/\/www.facebook.com\/strangercam","https:\/\/x.com\/strangercamapp"]}]}},"_links":{"self":[{"href":"https:\/\/strangercam.com\/pl\/wp-json\/wp\/v2\/pages\/4970","targetHints":{"allow":["GET"]}}],"collection":[{"href":"https:\/\/strangercam.com\/pl\/wp-json\/wp\/v2\/pages"}],"about":[{"href":"https:\/\/strangercam.com\/pl\/wp-json\/wp\/v2\/types\/page"}],"author":[{"embeddable":true,"href":"https:\/\/strangercam.com\/pl\/wp-json\/wp\/v2\/users\/8"}],"replies":[{"embeddable":true,"href":"https:\/\/strangercam.com\/pl\/wp-json\/wp\/v2\/comments?post=4970"}],"version-history":[{"count":0,"href":"https:\/\/strangercam.com\/pl\/wp-json\/wp\/v2\/pages\/4970\/revisions"}],"wp:attachment":[{"href":"https:\/\/strangercam.com\/pl\/wp-json\/wp\/v2\/media?parent=4970"}],"curies":[{"name":"wp","href":"https:\/\/api.w.org\/{rel}","templated":true}]}}