{"id":4952,"date":"2021-06-14T22:51:33","date_gmt":"2021-06-14T20:51:33","guid":{"rendered":"https:\/\/strangercam.com\/?page_id=4952"},"modified":"2023-09-12T15:16:14","modified_gmt":"2023-09-12T13:16:14","slug":"pokoje-rozmow-dla-doroslych","status":"publish","type":"page","link":"https:\/\/strangercam.com\/pl\/adult-chat-rooms\/","title":{"rendered":"Pokoje czat dla doros\u0142ych"},"content":{"rendered":"<p>Witamy w Adult <a href=\"https:\/\/strangercam.com\/pl\/chatroulette\/\">Czat<\/a> Pokoje. Join aplikacja do czat\u00f3w wideo Adult Chat Rooms, kt\u00f3ra u\u0142atwia anonimowe rozmowy z przypadkowymi nieznajomymi. Adult Chat Rooms oferuje funkcje czatu wideo, w tym maski na twarz, filtry p\u0142ci i kraju, prywatny czat i wiele wi\u0119cej. Czatuj z przypadkowymi dziewczynami i ch\u0142opakami online, w dowolnym miejscu na \u015bwiecie, natychmiast. Znajd\u017a nowego przyjaciela, <a href=\"https:\/\/strangercam.com\/pl\/coomeet\/\">spotkanie<\/a> na nast\u0119pn\u0105 randk\u0119, pochwal si\u0119 swoimi niesamowitymi umiej\u0119tno\u015bciami muzycznymi, porozmawiaj o pi\u0142ce no\u017cnej, porozmawiaj na czacie dla doros\u0142ych lub po prostu zrelaksuj si\u0119 i porozmawiaj o najnowszych wydarzeniach. <a href=\"https:\/\/netflix.com\">Netflix<\/a> seria z nieznajomym. Jest to darmowe i \u0142atwe do Adult Chat Rooms i dobrej zabawy. Nigdy nie wiesz, kto mo\u017ce czeka\u0107 na Ciebie po drugiej stronie kamery internetowej!<\/p>\n<p>Je\u015bli chcesz anonimowo nawi\u0105zywa\u0107 kontakty z nowymi osobami, <a href=\"https:\/\/strangercam.com\/pl\/chathub\/\">Losowy czat wideo<\/a> to najlepszy i naj\u0142atwiejszy spos\u00f3b na zrobienie tego, a StrangerCam to czat <a href=\"https:\/\/strangercam.com\/pl\/bazoocam\/\">krzywka<\/a> aplikacja, kt\u00f3ra Ci\u0119 tam zabierze. Zoptymalizowali\u015bmy nasz\u0105 aplikacj\u0119 tak, aby\u015b m\u00f3g\u0142 wybra\u0107 dok\u0142adnie, z kim chcesz si\u0119 spotka\u0107 - nowy i innowacyjny spos\u00f3b \u0142\u0105czenia si\u0119 z nieznajomymi.<\/p>\n<p>Wi\u0119c na co czekasz?\u00a0<a href=\"#chatbox\"><strong>Do\u0142\u0105cz do czat\u00f3w dla doros\u0142ych ju\u017c teraz!<\/strong><\/a><\/p>","protected":false},"excerpt":{"rendered":"<p>Welcome to . Join the video chat app that makes it easy to chat to random strangers, anonymously. offers video chat features including face masks, gender and country filters, private chat, and much more. Chat with random girls and boys online, anywhere in the world, instantaneously. Find a new friend, meet your next date, show [&hellip;]<\/p>\n","protected":false},"author":8,"featured_media":0,"parent":0,"menu_order":0,"comment_status":"closed","ping_status":"closed","template":"","meta":{"footnotes":""},"class_list":["post-4952","page","type-page","status-publish","hentry"],"yoast_head":"<!-- This site is optimized with the Yoast SEO plugin v27.4 - https:\/\/yoast.com\/product\/yoast-seo-wordpress\/ -->\n<title>Adult Chat Rooms - StrangerCam.com: Cam With Strangers<\/title>\n<meta name=\"description\" content=\"Adult Chat Rooms anonymously with over 5.000.000 strangers. No Sign-Up Required! Cam with strangers on StrangerCam.com.\" \/>\n<meta name=\"robots\" content=\"index, follow, max-snippet:-1, max-image-preview:large, max-video-preview:-1\" \/>\n<link rel=\"canonical\" href=\"https:\/\/strangercam.com\/pl\/pokoje-rozmow-dla-doroslych\/\" \/>\n<meta property=\"og:locale\" content=\"pl_PL\" \/>\n<meta property=\"og:type\" content=\"article\" \/>\n<meta property=\"og:title\" content=\"Adult Chat Rooms - StrangerCam.com: Cam With Strangers\" \/>\n<meta property=\"og:description\" content=\"Adult Chat Rooms anonymously with over 5.000.000 strangers. No Sign-Up Required! Cam with strangers on StrangerCam.com.\" \/>\n<meta property=\"og:url\" content=\"https:\/\/strangercam.com\/pl\/pokoje-rozmow-dla-doroslych\/\" \/>\n<meta property=\"og:site_name\" content=\"Strangercam\" \/>\n<meta property=\"article:publisher\" content=\"https:\/\/www.facebook.com\/strangercam\" \/>\n<meta property=\"article:modified_time\" content=\"2023-09-12T13:16:14+00:00\" \/>\n<meta property=\"og:image\" content=\"https:\/\/strangercam.com\/wp-content\/uploads\/2021\/10\/Untitled-2.png\" \/>\n\t<meta property=\"og:image:width\" content=\"800\" \/>\n\t<meta property=\"og:image:height\" content=\"532\" \/>\n\t<meta property=\"og:image:type\" content=\"image\/png\" \/>\n<meta name=\"twitter:card\" content=\"summary_large_image\" \/>\n<meta name=\"twitter:site\" content=\"@strangercamapp\" \/>\n<meta name=\"twitter:label1\" content=\"Szacowany czas czytania\" \/>\n\t<meta name=\"twitter:data1\" content=\"2 minuty\" \/>\n<script type=\"application\/ld+json\" class=\"yoast-schema-graph\">{\"@context\":\"https:\\\/\\\/schema.org\",\"@graph\":[{\"@type\":\"WebPage\",\"@id\":\"https:\\\/\\\/strangercam.com\\\/adult-chat-rooms\\\/\",\"url\":\"https:\\\/\\\/strangercam.com\\\/adult-chat-rooms\\\/\",\"name\":\"Adult Chat Rooms - StrangerCam.com: Cam With Strangers\",\"isPartOf\":{\"@id\":\"https:\\\/\\\/strangercam.com\\\/#website\"},\"datePublished\":\"2021-06-14T20:51:33+00:00\",\"dateModified\":\"2023-09-12T13:16:14+00:00\",\"description\":\"Adult Chat Rooms anonymously with over 5.000.000 strangers. No Sign-Up Required! Cam with strangers on StrangerCam.com.\",\"breadcrumb\":{\"@id\":\"https:\\\/\\\/strangercam.com\\\/adult-chat-rooms\\\/#breadcrumb\"},\"inLanguage\":\"pl-PL\",\"potentialAction\":[{\"@type\":\"ReadAction\",\"target\":[\"https:\\\/\\\/strangercam.com\\\/adult-chat-rooms\\\/\"]}]},{\"@type\":\"BreadcrumbList\",\"@id\":\"https:\\\/\\\/strangercam.com\\\/adult-chat-rooms\\\/#breadcrumb\",\"itemListElement\":[{\"@type\":\"ListItem\",\"position\":1,\"name\":\"Home\",\"item\":\"https:\\\/\\\/strangercam.com\\\/\"},{\"@type\":\"ListItem\",\"position\":2,\"name\":\"Adult Chat Rooms\"}]},{\"@type\":\"WebSite\",\"@id\":\"https:\\\/\\\/strangercam.com\\\/#website\",\"url\":\"https:\\\/\\\/strangercam.com\\\/\",\"name\":\"Strangercam\",\"description\":\"Random Video Chat with Strangers\",\"publisher\":{\"@id\":\"https:\\\/\\\/strangercam.com\\\/#organization\"},\"alternateName\":\"Strangercam.com\",\"potentialAction\":[{\"@type\":\"SearchAction\",\"target\":{\"@type\":\"EntryPoint\",\"urlTemplate\":\"https:\\\/\\\/strangercam.com\\\/?s={search_term_string}\"},\"query-input\":{\"@type\":\"PropertyValueSpecification\",\"valueRequired\":true,\"valueName\":\"search_term_string\"}}],\"inLanguage\":\"pl-PL\"},{\"@type\":\"Organization\",\"@id\":\"https:\\\/\\\/strangercam.com\\\/#organization\",\"name\":\"Strangercam\",\"alternateName\":\"Strangercam.com\",\"url\":\"https:\\\/\\\/strangercam.com\\\/\",\"logo\":{\"@type\":\"ImageObject\",\"inLanguage\":\"pl-PL\",\"@id\":\"https:\\\/\\\/strangercam.com\\\/#\\\/schema\\\/logo\\\/image\\\/\",\"url\":\"https:\\\/\\\/strangercam.com\\\/wp-content\\\/uploads\\\/2020\\\/11\\\/cropped-new-favicon-black.png\",\"contentUrl\":\"https:\\\/\\\/strangercam.com\\\/wp-content\\\/uploads\\\/2020\\\/11\\\/cropped-new-favicon-black.png\",\"width\":512,\"height\":512,\"caption\":\"Strangercam\"},\"image\":{\"@id\":\"https:\\\/\\\/strangercam.com\\\/#\\\/schema\\\/logo\\\/image\\\/\"},\"sameAs\":[\"https:\\\/\\\/www.facebook.com\\\/strangercam\",\"https:\\\/\\\/x.com\\\/strangercamapp\"]}]}<\/script>\n<!-- \/ Yoast SEO plugin. -->","yoast_head_json":{"title":"Pokoje czatowe dla doros\u0142ych - StrangerCam.com: Kamera z nieznajomymi","description":"Czaty dla doros\u0142ych anonimowo z ponad 5.000.000 nieznajomych. Rejestracja nie jest wymagana! Cam z nieznajomymi na StrangerCam.com.","robots":{"index":"index","follow":"follow","max-snippet":"max-snippet:-1","max-image-preview":"max-image-preview:large","max-video-preview":"max-video-preview:-1"},"canonical":"https:\/\/strangercam.com\/pl\/pokoje-rozmow-dla-doroslych\/","og_locale":"pl_PL","og_type":"article","og_title":"Adult Chat Rooms - StrangerCam.com: Cam With Strangers","og_description":"Adult Chat Rooms anonymously with over 5.000.000 strangers. No Sign-Up Required! Cam with strangers on StrangerCam.com.","og_url":"https:\/\/strangercam.com\/pl\/pokoje-rozmow-dla-doroslych\/","og_site_name":"Strangercam","article_publisher":"https:\/\/www.facebook.com\/strangercam","article_modified_time":"2023-09-12T13:16:14+00:00","og_image":[{"width":800,"height":532,"url":"https:\/\/strangercam.com\/wp-content\/uploads\/2021\/10\/Untitled-2.png","type":"image\/png"}],"twitter_card":"summary_large_image","twitter_site":"@strangercamapp","twitter_misc":{"Szacowany czas czytania":"2 minuty"},"schema":{"@context":"https:\/\/schema.org","@graph":[{"@type":"WebPage","@id":"https:\/\/strangercam.com\/adult-chat-rooms\/","url":"https:\/\/strangercam.com\/adult-chat-rooms\/","name":"Pokoje czatowe dla doros\u0142ych - StrangerCam.com: Kamera z nieznajomymi","isPartOf":{"@id":"https:\/\/strangercam.com\/#website"},"datePublished":"2021-06-14T20:51:33+00:00","dateModified":"2023-09-12T13:16:14+00:00","description":"Czaty dla doros\u0142ych anonimowo z ponad 5.000.000 nieznajomych. Rejestracja nie jest wymagana! Cam z nieznajomymi na StrangerCam.com.","breadcrumb":{"@id":"https:\/\/strangercam.com\/adult-chat-rooms\/#breadcrumb"},"inLanguage":"pl-PL","potentialAction":[{"@type":"ReadAction","target":["https:\/\/strangercam.com\/adult-chat-rooms\/"]}]},{"@type":"BreadcrumbList","@id":"https:\/\/strangercam.com\/adult-chat-rooms\/#breadcrumb","itemListElement":[{"@type":"ListItem","position":1,"name":"Home","item":"https:\/\/strangercam.com\/"},{"@type":"ListItem","position":2,"name":"Adult Chat Rooms"}]},{"@type":"WebSite","@id":"https:\/\/strangercam.com\/#website","url":"https:\/\/strangercam.com\/","name":"Strangercam","description":"Losowy czat wideo z nieznajomymi","publisher":{"@id":"https:\/\/strangercam.com\/#organization"},"alternateName":"Strangercam.com","potentialAction":[{"@type":"SearchAction","target":{"@type":"EntryPoint","urlTemplate":"https:\/\/strangercam.com\/?s={search_term_string}"},"query-input":{"@type":"PropertyValueSpecification","valueRequired":true,"valueName":"search_term_string"}}],"inLanguage":"pl-PL"},{"@type":"Organization","@id":"https:\/\/strangercam.com\/#organization","name":"Strangercam","alternateName":"Strangercam.com","url":"https:\/\/strangercam.com\/","logo":{"@type":"ImageObject","inLanguage":"pl-PL","@id":"https:\/\/strangercam.com\/#\/schema\/logo\/image\/","url":"https:\/\/strangercam.com\/wp-content\/uploads\/2020\/11\/cropped-new-favicon-black.png","contentUrl":"https:\/\/strangercam.com\/wp-content\/uploads\/2020\/11\/cropped-new-favicon-black.png","width":512,"height":512,"caption":"Strangercam"},"image":{"@id":"https:\/\/strangercam.com\/#\/schema\/logo\/image\/"},"sameAs":["https:\/\/www.facebook.com\/strangercam","https:\/\/x.com\/strangercamapp"]}]}},"_links":{"self":[{"href":"https:\/\/strangercam.com\/pl\/wp-json\/wp\/v2\/pages\/4952","targetHints":{"allow":["GET"]}}],"collection":[{"href":"https:\/\/strangercam.com\/pl\/wp-json\/wp\/v2\/pages"}],"about":[{"href":"https:\/\/strangercam.com\/pl\/wp-json\/wp\/v2\/types\/page"}],"author":[{"embeddable":true,"href":"https:\/\/strangercam.com\/pl\/wp-json\/wp\/v2\/users\/8"}],"replies":[{"embeddable":true,"href":"https:\/\/strangercam.com\/pl\/wp-json\/wp\/v2\/comments?post=4952"}],"version-history":[{"count":0,"href":"https:\/\/strangercam.com\/pl\/wp-json\/wp\/v2\/pages\/4952\/revisions"}],"wp:attachment":[{"href":"https:\/\/strangercam.com\/pl\/wp-json\/wp\/v2\/media?parent=4952"}],"curies":[{"name":"wp","href":"https:\/\/api.w.org\/{rel}","templated":true}]}}