{"id":4906,"date":"2021-06-14T19:57:32","date_gmt":"2021-06-14T17:57:32","guid":{"rendered":"https:\/\/strangercam.com\/?page_id=4906"},"modified":"2023-09-12T15:21:44","modified_gmt":"2023-09-12T13:21:44","slug":"gej-rozmowa","status":"publish","type":"page","link":"https:\/\/strangercam.com\/pl\/gej-rozmowa\/","title":{"rendered":"Czat gejowski"},"content":{"rendered":"<p>Witamy w Gay <a href=\"https:\/\/strangercam.com\/pl\/chatroulette\/\">Czat<\/a>. Join aplikacja do czatu wideo Gay Chat, u\u0142atwiaj\u0105ca anonimowe czatowanie z przypadkowymi nieznajomymi. Gay Chat oferuje funkcje czatu wideo, w tym maski twarzy, p\u0142e\u0107, filtry kraju, prywatny czat i wiele wi\u0119cej. Czatuj z przypadkowymi dziewczynami i ch\u0142opakami online, w dowolnym miejscu na \u015bwiecie, natychmiastowo<a href=\"https:\/\/nlcbplaywheresults.com\/\">.<\/a> Znajd\u017a nowego przyjaciela, <a href=\"https:\/\/strangercam.com\/pl\/coomeet\/\">spotkanie<\/a> na nast\u0119pn\u0105 randk\u0119, pochwal si\u0119 swoimi niesamowitymi umiej\u0119tno\u015bciami muzycznymi, porozmawiaj o pi\u0142ce no\u017cnej, na czacie gejowskim lub zrelaksuj si\u0119 i porozmawiaj o najnowszym serialu Netflix z nieznajomym. Gay Chat jest darmowy i \u0142atwy w obs\u0142udze. Nigdy nie wiadomo, kto mo\u017ce czeka\u0107 na Ciebie po drugiej stronie kamery internetowej!<\/p>\n<p>Je\u015bli chcesz anonimowo nawi\u0105zywa\u0107 kontakty z nowymi osobami,\u00a0<a href=\"https:\/\/strangercam.com\/pl\/chathub\/\">Losowy czat wideo<\/a>\u00a0to najlepszy i naj\u0142atwiejszy spos\u00f3b na zrobienie tego, a StrangerCam to czat <a href=\"https:\/\/strangercam.com\/pl\/bazoocam\/\">krzywka<\/a> aplikacja, kt\u00f3ra Ci\u0119 tam zabierze<a href=\"https:\/\/cashpotresulttoday.com\/\">.<\/a> Zoptymalizowali\u015bmy nasz\u0105 aplikacj\u0119 tak, aby\u015b m\u00f3g\u0142 wybra\u0107 dok\u0142adnie, z kim chcesz si\u0119 spotka\u0107 - to nowy i innowacyjny spos\u00f3b \u0142\u0105czenia si\u0119 z nieznajomymi.<\/p>\n<p>Wi\u0119c na co czekasz? Join Gay Chat teraz!<\/p>\n<h3>Czat gejowski jest \u015bwietny!<\/h3>\n<p>To nie my tak m\u00f3wimy, ale klienci!<\/p>\n<p>Mo\u017cesz pomy\u015ble\u0107, \u017ce w\u0142a\u015bnie dlatego jest \u015bwietny? Mamy wszystkie odpowiedzi!<\/p>\n<p>Jest \u015bwietny ze wzgl\u0119du na swoj\u0105 prostot\u0119. Jest \u015bwietny ze wzgl\u0119du na szczere emocje dw\u00f3ch zaanga\u017cowanych os\u00f3b. Jest \u015bwietny, poniewa\u017c kto\u015b walczy ze spo\u0142ecze\u0144stwem i pojawia si\u0119 jako gej i broni tego, czego chce.<\/p>\n<p>Zach\u0119camy naszych go\u015bci, aby wybierali i cieszyli si\u0119 tym, czego chc\u0105. Zapewniamy im udogodnienia, kt\u00f3rych pragn\u0105!<\/p>\n<p>Je\u015bli chodzi o czat gejowski, na StrangerCam mo\u017cesz wybra\u0107 wszystko i cokolwiek.<\/p>\n<h3>Anonimowy<\/h3>\n<p>Nikt ci\u0119 nie zna, a ty nie znasz nikogo! To w\u0142a\u015bnie tutaj pojawia si\u0119 dreszczyk emocji!<\/p>\n<p>Czatujesz z nieznajomymi w ca\u0142kowicie anonimowym trybie. Dopasowujemy Ci\u0119 do nieznajomych z ca\u0142ego \u015bwiata. Mo\u017cesz z nimi rozmawia\u0107, podczas gdy my dbamy o Twoj\u0105 to\u017csamo\u015b\u0107 i informacje.<\/p>\n<p>Utrzymywanie swojej to\u017csamo\u015bci w tajemnicy podczas czatowania z nieznajomymi jest niezb\u0119dne, a my jeste\u015bmy w tym najlepsi. Nasz zesp\u00f3\u0142 technik\u00f3w nieustannie nad tym pracuje i chroni Ci\u0119 przed wszystkim, co zawiera szkodliwe tre\u015bci.<\/p>\n<p>Bycie anonimowym nie oznacza, \u017ce nie mo\u017cesz dzieli\u0107 si\u0119 niczym z nieznajomymi. Wprowadzili\u015bmy tryb anonimowy, aby zapewni\u0107 ci bezpiecze\u0144stwo, a nie zamkn\u0105\u0107 ci\u0119 w pude\u0142ku.<\/p>\n<p>Mo\u017cesz udost\u0119pnia\u0107 swoje podstawowe informacje nieznajomym, kt\u00f3rych lubisz. Nieznajomi mog\u0105 r\u00f3wnie\u017c udost\u0119pnia\u0107 ci swoje podstawowe informacje.<br \/>\nA je\u015bli si\u0119 polubicie i sprawy potocz\u0105 si\u0119 dobrze, mo\u017cecie te\u017c zaplanowa\u0107 randk\u0119!<\/p>\n<p>Dzielenie si\u0119 informacjami na randce jest obowi\u0105zkowe. Chcieliby\u015bmy jednak powiedzie\u0107, \u017ce powiniene\u015b rozwa\u017cy\u0107 wszystko przed podj\u0119ciem decyzji o osobistym spotkaniu.<\/p>\n<h3>Prywatno\u015b\u0107<\/h3>\n<p>Mamy solidn\u0105 polityk\u0119 prywatno\u015bci!<\/p>\n<p>Nie udost\u0119pniamy Twoich danych nikomu, nawet innym nieznajomym, kt\u00f3rzy z Tob\u0105 rozmawiaj\u0105. Wy\u0142\u0105cznie od Ciebie zale\u017cy, czy opowiesz o sobie innym osobom. Je\u015bli nie chcesz, nikt nie mo\u017ce dowiedzie\u0107 si\u0119, kim jeste\u015b i sk\u0105d pochodzisz.<\/p>\n<p>Sprzedawanie danych klient\u00f3w firmom zewn\u0119trznym jest powszechn\u0105 praktyk\u0105, ale nie dla nas. Wierzymy, \u017ce prywatno\u015b\u0107 klient\u00f3w jest istotnym czynnikiem w czatach online. Dlatego te\u017c nie udost\u0119pniamy ani nie sprzedajemy nikomu \u017cadnych danych u\u017cytkownik\u00f3w do jakichkolwiek cel\u00f3w, np. marketingowych lub reklamowych.<br \/>\nZapraszamy do odwiedzenia StrangerCam. Jest bezpieczna. Poczujesz si\u0119 jak w domu!<\/p>\n<h3>Bezpieczne \u015brodowisko<\/h3>\n<p>Je\u015bli chcesz po\u0142\u0105czy\u0107 si\u0119 z ch\u0142opcami i dziewczynami na ca\u0142ym \u015bwiecie, nie ma bezpieczniejszego miejsca ni\u017c StrangerCam. Rozumiemy obawy zwi\u0105zane z czatami online dla doros\u0142ych. Dlatego nasz zesp\u00f3\u0142 nieustannie stara si\u0119 zoptymalizowa\u0107 wszystko dla Ciebie.<\/p>\n<p>Nie kr\u0119puj si\u0119 rozmawia\u0107 z nieznajomymi, poniewa\u017c masz nasze wsparcie. Jest to platforma dla doros\u0142ych, ale nie oznacza to, \u017ce pozostawili\u015bmy j\u0105 otwart\u0105 na wszystko. Je\u015bli kto\u015b b\u0119dzie si\u0119 nad Tob\u0105 zn\u0119ca\u0142 lub przeka\u017ce Ci taki komentarz, mo\u017cesz bezpo\u015brednio z\u0142o\u017cy\u0107 skarg\u0119. Druga strona zostanie zablokowana przed u\u017cywaniem StrangerCam kiedykolwiek.<\/p>\n<h3>Kontrola<\/h3>\n<p>Wa\u017cne jest, aby mie\u0107 kontrol\u0119 nad tym, co robisz online. Zw\u0142aszcza je\u015bli chodzi o czaty wideo dla doros\u0142ych, czasami mo\u017ce to by\u0107 ryzykowne, poniewa\u017c ludzie mog\u0105 niew\u0142a\u015bciwie wykorzystywa\u0107 informacje podane na platformie lub osoby.<\/p>\n<p>Ale w tym przypadku nie musisz si\u0119 o nic martwi\u0107. W witrynie dost\u0119pnych jest wiele funkcji, kt\u00f3re pomagaj\u0105 chroni\u0107 przed takimi nieszcz\u0119\u015bciami. Podczas rozm\u00f3w wideo mo\u017cesz u\u017cy\u0107 filtra, aby ukry\u0107 swoj\u0105 twarz. W ten spos\u00f3b druga osoba nigdy nie dowie si\u0119, z kim rozmawia. Chyba \u017ce i dop\u00f3ki sam jej tego nie powiesz.<\/p>\n<p>Czy\u017c nie jest wspaniale kontrolowa\u0107 rzeczy i wykorzystywa\u0107 je na swoj\u0105 korzy\u015b\u0107? Rzeczywi\u015bcie tak jest!<\/p>","protected":false},"excerpt":{"rendered":"<p>Welcome to Gay Chat. Join the Gay Chat\u00a0video chat app, making it easy to chat with random strangers anonymously. Gay Chat offers video chat features including face masks, gender, country filters, private Chat, and much more. Chat with random girls and boys online, anywhere in the world, instantaneously. Find a new friend, meet your next [&hellip;]<\/p>\n","protected":false},"author":8,"featured_media":0,"parent":0,"menu_order":0,"comment_status":"closed","ping_status":"closed","template":"","meta":{"footnotes":""},"class_list":["post-4906","page","type-page","status-publish","hentry"],"yoast_head":"<!-- This site is optimized with the Yoast SEO plugin v26.9 - https:\/\/yoast.com\/product\/yoast-seo-wordpress\/ -->\n<title>Gay Chat - StrangerCam.com: Cam With Strangers<\/title>\n<meta name=\"description\" content=\"Gay Chat anonymously with over 5.000.000 strangers. No Sign-Up Required! Cam with strangers on StrangerCam.com.\" \/>\n<meta name=\"robots\" content=\"index, follow, max-snippet:-1, max-image-preview:large, max-video-preview:-1\" \/>\n<link rel=\"canonical\" href=\"https:\/\/strangercam.com\/pl\/gej-rozmowa\/\" \/>\n<meta property=\"og:locale\" content=\"pl_PL\" \/>\n<meta property=\"og:type\" content=\"article\" \/>\n<meta property=\"og:title\" content=\"Gay Chat - StrangerCam.com: Cam With Strangers\" \/>\n<meta property=\"og:description\" content=\"Gay Chat anonymously with over 5.000.000 strangers. No Sign-Up Required! Cam with strangers on StrangerCam.com.\" \/>\n<meta property=\"og:url\" content=\"https:\/\/strangercam.com\/pl\/gej-rozmowa\/\" \/>\n<meta property=\"og:site_name\" content=\"Strangercam\" \/>\n<meta property=\"article:publisher\" content=\"https:\/\/www.facebook.com\/strangercam\" \/>\n<meta property=\"article:modified_time\" content=\"2023-09-12T13:21:44+00:00\" \/>\n<meta property=\"og:image\" content=\"https:\/\/strangercam.com\/wp-content\/uploads\/2021\/10\/Untitled-2.png\" \/>\n\t<meta property=\"og:image:width\" content=\"800\" \/>\n\t<meta property=\"og:image:height\" content=\"532\" \/>\n\t<meta property=\"og:image:type\" content=\"image\/png\" \/>\n<meta name=\"twitter:card\" content=\"summary_large_image\" \/>\n<meta name=\"twitter:site\" content=\"@strangercamapp\" \/>\n<meta name=\"twitter:label1\" content=\"Szacowany czas czytania\" \/>\n\t<meta name=\"twitter:data1\" content=\"4 minuty\" \/>\n<script type=\"application\/ld+json\" class=\"yoast-schema-graph\">{\"@context\":\"https:\/\/schema.org\",\"@graph\":[{\"@type\":\"WebPage\",\"@id\":\"https:\/\/strangercam.com\/gay-chat\/\",\"url\":\"https:\/\/strangercam.com\/gay-chat\/\",\"name\":\"Gay Chat - StrangerCam.com: Cam With Strangers\",\"isPartOf\":{\"@id\":\"https:\/\/strangercam.com\/#website\"},\"datePublished\":\"2021-06-14T17:57:32+00:00\",\"dateModified\":\"2023-09-12T13:21:44+00:00\",\"description\":\"Gay Chat anonymously with over 5.000.000 strangers. No Sign-Up Required! Cam with strangers on StrangerCam.com.\",\"breadcrumb\":{\"@id\":\"https:\/\/strangercam.com\/gay-chat\/#breadcrumb\"},\"inLanguage\":\"pl-PL\",\"potentialAction\":[{\"@type\":\"ReadAction\",\"target\":[\"https:\/\/strangercam.com\/gay-chat\/\"]}]},{\"@type\":\"BreadcrumbList\",\"@id\":\"https:\/\/strangercam.com\/gay-chat\/#breadcrumb\",\"itemListElement\":[{\"@type\":\"ListItem\",\"position\":1,\"name\":\"Home\",\"item\":\"https:\/\/strangercam.com\/\"},{\"@type\":\"ListItem\",\"position\":2,\"name\":\"Gay Chat\"}]},{\"@type\":\"WebSite\",\"@id\":\"https:\/\/strangercam.com\/#website\",\"url\":\"https:\/\/strangercam.com\/\",\"name\":\"Strangercam\",\"description\":\"Random Video Chat with Strangers\",\"publisher\":{\"@id\":\"https:\/\/strangercam.com\/#organization\"},\"alternateName\":\"Strangercam.com\",\"potentialAction\":[{\"@type\":\"SearchAction\",\"target\":{\"@type\":\"EntryPoint\",\"urlTemplate\":\"https:\/\/strangercam.com\/?s={search_term_string}\"},\"query-input\":{\"@type\":\"PropertyValueSpecification\",\"valueRequired\":true,\"valueName\":\"search_term_string\"}}],\"inLanguage\":\"pl-PL\"},{\"@type\":\"Organization\",\"@id\":\"https:\/\/strangercam.com\/#organization\",\"name\":\"Strangercam\",\"alternateName\":\"Strangercam.com\",\"url\":\"https:\/\/strangercam.com\/\",\"logo\":{\"@type\":\"ImageObject\",\"inLanguage\":\"pl-PL\",\"@id\":\"https:\/\/strangercam.com\/#\/schema\/logo\/image\/\",\"url\":\"https:\/\/strangercam.com\/wp-content\/uploads\/2020\/11\/cropped-new-favicon-black.png\",\"contentUrl\":\"https:\/\/strangercam.com\/wp-content\/uploads\/2020\/11\/cropped-new-favicon-black.png\",\"width\":512,\"height\":512,\"caption\":\"Strangercam\"},\"image\":{\"@id\":\"https:\/\/strangercam.com\/#\/schema\/logo\/image\/\"},\"sameAs\":[\"https:\/\/www.facebook.com\/strangercam\",\"https:\/\/x.com\/strangercamapp\"]}]}<\/script>\n<!-- \/ Yoast SEO plugin. -->","yoast_head_json":{"title":"Gay Chat - StrangerCam.com: Kamera z nieznajomymi","description":"Gay czat anonimowo z ponad 5.000.000 nieznajomych. Rejestracja nie jest wymagana! Cam z nieznajomymi na StrangerCam.com.","robots":{"index":"index","follow":"follow","max-snippet":"max-snippet:-1","max-image-preview":"max-image-preview:large","max-video-preview":"max-video-preview:-1"},"canonical":"https:\/\/strangercam.com\/pl\/gej-rozmowa\/","og_locale":"pl_PL","og_type":"article","og_title":"Gay Chat - StrangerCam.com: Cam With Strangers","og_description":"Gay Chat anonymously with over 5.000.000 strangers. No Sign-Up Required! Cam with strangers on StrangerCam.com.","og_url":"https:\/\/strangercam.com\/pl\/gej-rozmowa\/","og_site_name":"Strangercam","article_publisher":"https:\/\/www.facebook.com\/strangercam","article_modified_time":"2023-09-12T13:21:44+00:00","og_image":[{"width":800,"height":532,"url":"https:\/\/strangercam.com\/wp-content\/uploads\/2021\/10\/Untitled-2.png","type":"image\/png"}],"twitter_card":"summary_large_image","twitter_site":"@strangercamapp","twitter_misc":{"Szacowany czas czytania":"4 minuty"},"schema":{"@context":"https:\/\/schema.org","@graph":[{"@type":"WebPage","@id":"https:\/\/strangercam.com\/gay-chat\/","url":"https:\/\/strangercam.com\/gay-chat\/","name":"Gay Chat - StrangerCam.com: Kamera z nieznajomymi","isPartOf":{"@id":"https:\/\/strangercam.com\/#website"},"datePublished":"2021-06-14T17:57:32+00:00","dateModified":"2023-09-12T13:21:44+00:00","description":"Gay czat anonimowo z ponad 5.000.000 nieznajomych. Rejestracja nie jest wymagana! Cam z nieznajomymi na StrangerCam.com.","breadcrumb":{"@id":"https:\/\/strangercam.com\/gay-chat\/#breadcrumb"},"inLanguage":"pl-PL","potentialAction":[{"@type":"ReadAction","target":["https:\/\/strangercam.com\/gay-chat\/"]}]},{"@type":"BreadcrumbList","@id":"https:\/\/strangercam.com\/gay-chat\/#breadcrumb","itemListElement":[{"@type":"ListItem","position":1,"name":"Home","item":"https:\/\/strangercam.com\/"},{"@type":"ListItem","position":2,"name":"Gay Chat"}]},{"@type":"WebSite","@id":"https:\/\/strangercam.com\/#website","url":"https:\/\/strangercam.com\/","name":"Strangercam","description":"Losowy czat wideo z nieznajomymi","publisher":{"@id":"https:\/\/strangercam.com\/#organization"},"alternateName":"Strangercam.com","potentialAction":[{"@type":"SearchAction","target":{"@type":"EntryPoint","urlTemplate":"https:\/\/strangercam.com\/?s={search_term_string}"},"query-input":{"@type":"PropertyValueSpecification","valueRequired":true,"valueName":"search_term_string"}}],"inLanguage":"pl-PL"},{"@type":"Organization","@id":"https:\/\/strangercam.com\/#organization","name":"Strangercam","alternateName":"Strangercam.com","url":"https:\/\/strangercam.com\/","logo":{"@type":"ImageObject","inLanguage":"pl-PL","@id":"https:\/\/strangercam.com\/#\/schema\/logo\/image\/","url":"https:\/\/strangercam.com\/wp-content\/uploads\/2020\/11\/cropped-new-favicon-black.png","contentUrl":"https:\/\/strangercam.com\/wp-content\/uploads\/2020\/11\/cropped-new-favicon-black.png","width":512,"height":512,"caption":"Strangercam"},"image":{"@id":"https:\/\/strangercam.com\/#\/schema\/logo\/image\/"},"sameAs":["https:\/\/www.facebook.com\/strangercam","https:\/\/x.com\/strangercamapp"]}]}},"_links":{"self":[{"href":"https:\/\/strangercam.com\/pl\/wp-json\/wp\/v2\/pages\/4906","targetHints":{"allow":["GET"]}}],"collection":[{"href":"https:\/\/strangercam.com\/pl\/wp-json\/wp\/v2\/pages"}],"about":[{"href":"https:\/\/strangercam.com\/pl\/wp-json\/wp\/v2\/types\/page"}],"author":[{"embeddable":true,"href":"https:\/\/strangercam.com\/pl\/wp-json\/wp\/v2\/users\/8"}],"replies":[{"embeddable":true,"href":"https:\/\/strangercam.com\/pl\/wp-json\/wp\/v2\/comments?post=4906"}],"version-history":[{"count":0,"href":"https:\/\/strangercam.com\/pl\/wp-json\/wp\/v2\/pages\/4906\/revisions"}],"wp:attachment":[{"href":"https:\/\/strangercam.com\/pl\/wp-json\/wp\/v2\/media?parent=4906"}],"curies":[{"name":"wp","href":"https:\/\/api.w.org\/{rel}","templated":true}]}}