{"id":4887,"date":"2021-06-14T19:18:17","date_gmt":"2021-06-14T17:18:17","guid":{"rendered":"https:\/\/strangercam.com\/?page_id=4887"},"modified":"2023-08-21T12:40:47","modified_gmt":"2023-08-21T10:40:47","slug":"nieznajomy-rozmowa","status":"publish","type":"page","link":"https:\/\/strangercam.com\/pl\/stranger-chat\/","title":{"rendered":"Nieznajomy czat"},"content":{"rendered":"<p>Witamy w Stranger <a href=\"https:\/\/strangercam.com\/pl\/chathub\/\">Czat<\/a>. Join aplikacja do rozm\u00f3w wideo Stranger Chat, u\u0142atwiaj\u0105ca anonimow\u0105 rozmow\u0119 z przypadkowymi nieznajomymi<a href=\"https:\/\/cashpotresulttoday.com\/\">.<\/a> Stranger Chat oferuje funkcje czatu wideo, w tym maski na twarz, filtry p\u0142ci i kraju, czat prywatny i wiele wi\u0119cej. Czatuj z przypadkowymi dziewczynami i ch\u0142opakami online, w dowolnym miejscu na \u015bwiecie, natychmiast. Znajd\u017a nowego przyjaciela, <a href=\"https:\/\/strangercam.com\/pl\/coomeet\/\">spotkanie<\/a> na nast\u0119pn\u0105 randk\u0119, pochwal si\u0119 swoimi niesamowitymi umiej\u0119tno\u015bciami muzycznymi, porozmawiaj o pi\u0142ce no\u017cnej, we\u017a udzia\u0142 w czacie z nieznajomym lub po prostu zrelaksuj si\u0119 i porozmawiaj o najnowszym serialu Netflix z nieznajomym. Czatowanie z nieznajomymi jest darmowe i \u0142atwe, a przy tym zapewnia \u015bwietn\u0105 zabaw\u0119. Nigdy nie wiadomo, kto mo\u017ce czeka\u0107 na Ciebie po drugiej stronie kamery internetowej!<\/p>\n<p>Wszyscy potrzebujemy aktywno\u015bci, aby poprawi\u0107 sobie humor, a \u017cadna aktywno\u015b\u0107 nie jest lepsza ni\u017c rozmowa z innymi lud\u017ami i dzielenie si\u0119 z nimi do\u015bwiadczeniami<a href=\"https:\/\/nlcbplaywheresults.com\/\">.<\/a> W przesz\u0142o\u015bci nie by\u0142o to \u0142atwe, ale ju\u017c nie jest. StrangerCam daje ci doskona\u0142\u0105 okazj\u0119 do rozmowy z nieznajomymi na ca\u0142ym \u015bwiecie. Join nas i baw si\u0119 dobrze!<\/p>\n<p>Je\u015bli chcesz nawi\u0105za\u0107 anonimowy kontakt z nowymi osobami, losowy czat wideo jest najlepszym i naj\u0142atwiejszym sposobem na zrobienie tego, a StrangerCam to czat. <a href=\"https:\/\/strangercam.com\/pl\/bazoocam\/\">krzywka<\/a> aplikacja, kt\u00f3ra Ci\u0119 tam zabierze. Zoptymalizowali\u015bmy nasz\u0105 aplikacj\u0119, aby\u015b m\u00f3g\u0142 wybra\u0107 dok\u0142adnie tych, z kt\u00f3rymi chcesz si\u0119 spotka\u0107 - to nowy i innowacyjny spos\u00f3b \u0142\u0105czenia si\u0119 z nieznajomymi.<\/p>\n<p>Wi\u0119c na co czekasz? Join Stranger Chat ju\u017c teraz!<\/p>\n<h2>\u0141atwe znajdowanie nowych os\u00f3b online na StrangerCam<\/h2>\n<p>Znajdowanie nowych ludzi online nigdy nie by\u0142o tak \u0142atwe!<\/p>\n<p>Znajdowanie nowych ludzi na <a href=\"https:\/\/strangercam.com\/pl\/chatroulette\/\">Chatroulette<\/a> to zabawa. StrangerCam to platforma internetowa. Umo\u017cliwia ona u\u017cytkownikom czatowanie z nieznajomymi bez konieczno\u015bci rejestracji. Ma tylko funkcj\u0119 kamery internetowej w centrum, kt\u00f3ra pozwala osobie szybko rozpocz\u0105\u0107 czat. Na platformie dost\u0119pnych jest wiele opcji czatowania. Mo\u017cesz zainicjowa\u0107 czat w kilka sekund. Wystarczy otworzy\u0107 stron\u0119, wpisa\u0107 swoj\u0105 p\u0142e\u0107 i wybra\u0107 kraj. Znajdziemy potencjalne dopasowania, kt\u00f3rych szukasz.<\/p>\n<p>Pozwala r\u00f3wnie\u017c u\u017cytkownikom czatowa\u0107 i dzieli\u0107 si\u0119 wa\u017cnymi informacjami z wybranymi osobami. Us\u0142ugi s\u0105 ca\u0142kowicie bezp\u0142atne, pozwalaj\u0105c u\u017cytkownikom znale\u017a\u0107 nieznajomych o wsp\u00f3lnych zainteresowaniach. U\u017cytkownicy mog\u0105 r\u00f3wnie\u017c nacisn\u0105\u0107 przycisk pomijania, je\u015bli nie podoba im si\u0119 rozmowa z nimi i przej\u015b\u0107 do nast\u0119pnej. Wszystko, co robimy, ma na celu zadowolenie naszych klient\u00f3w w ka\u017cdy mo\u017cliwy spos\u00f3b.<\/p>\n<h2>Wyb\u00f3r<\/h2>\n<p>Za ka\u017cdym razem, gdy otworzysz stron\u0119 internetow\u0105, b\u0119dziesz mie\u0107 do wyboru r\u00f3\u017cne opcje. B\u0119dziesz mie\u0107 mo\u017cliwo\u015b\u0107 wyboru p\u0142ci. StrangerCam, poprzez swoj\u0105 siln\u0105 sie\u0107 AI, znajdzie dopasowanie.<br \/>\nMo\u017cliwo\u015b\u0107 decydowania o swoich wyborach za ka\u017cdym razem, gdy korzystasz z platformy, jest fantastyczna. Czujesz, \u017ce masz pe\u0142n\u0105 w\u0142adz\u0119 nad tym, z kim chcesz rozmawia\u0107 i czatowa\u0107 dla zabawy. Dajemy naszym klientom w\u0142adz\u0119. Nie mo\u017cesz rozmawia\u0107 z nikim bez jego zgody. Obie strony musz\u0105 dokona\u0107 wyboru. I zostaniesz dopasowany, je\u015bli wybierzesz kogo\u015b z powrotem. Tak d\u0142ugo, jak obie osoby zgadzaj\u0105 si\u0119 ze sob\u0105 rozmawia\u0107, mog\u0105 rozmawia\u0107 bez ogranicze\u0144 i zmartwie\u0144.<\/p>\n<h2>Kontrola nad informacjami i \u0142atwe znajdowanie potencjalnych partner\u00f3w<\/h2>\n<p>Mamy nadziej\u0119, \u017ce zrozumia\u0142e\u015b ju\u017c wi\u0119kszo\u015b\u0107 informacji o tej fantastycznej platformie czat\u00f3w wideo dla doros\u0142ych. Jest jednak co\u015b wa\u017cniejszego, o czym warto wspomnie\u0107!<\/p>\n<p>Nie udost\u0119pniamy nikomu informacji o u\u017cytkowniku. Jeste\u015bmy tutaj, aby chroni\u0107 Ci\u0119 pod ka\u017cdym wzgl\u0119dem. Twoje dane s\u0105 u nas bezpieczne. Nie udost\u0119pniamy ich nikomu.<\/p>\n<p>Podobnie, jeste\u015bmy tutaj, aby Ci to u\u0142atwi\u0107. Nasz inteligentny system pomo\u017ce Ci znale\u017a\u0107 osob\u0119, kt\u00f3rej szukasz!<br \/>\nMasz mn\u00f3stwo opcji do wyboru. \u015awiat stoi przed tob\u0105 otworem. Id\u017a i chwy\u0107 to, co nale\u017cy do Ciebie!<\/p>","protected":false},"excerpt":{"rendered":"<p>Welcome to Stranger Chat. Join the Stranger Chat video chat app, making it easy to chat with random strangers anonymously. Stranger Chat offers video chat features including face masks, gender and country filters, private chat, and much more. Chat with random girls and boys online, anywhere in the world, instantaneously. Find a new friend, meet [&hellip;]<\/p>\n","protected":false},"author":6,"featured_media":0,"parent":0,"menu_order":0,"comment_status":"closed","ping_status":"closed","template":"","meta":{"footnotes":""},"class_list":["post-4887","page","type-page","status-publish","hentry"],"yoast_head":"<!-- This site is optimized with the Yoast SEO plugin v27.4 - https:\/\/yoast.com\/product\/yoast-seo-wordpress\/ -->\n<title>Stranger Chat - StrangerCam.com: Cam With Strangers<\/title>\n<meta name=\"description\" content=\"Stranger Chat anonymously with over 5.000.000 strangers. No Sign-Up Required! Cam with strangers on StrangerCam.com.\" \/>\n<meta name=\"robots\" content=\"index, follow, max-snippet:-1, max-image-preview:large, max-video-preview:-1\" \/>\n<link rel=\"canonical\" href=\"https:\/\/strangercam.com\/pl\/nieznajomy-rozmowa\/\" \/>\n<meta property=\"og:locale\" content=\"pl_PL\" \/>\n<meta property=\"og:type\" content=\"article\" \/>\n<meta property=\"og:title\" content=\"Stranger Chat - StrangerCam.com: Cam With Strangers\" \/>\n<meta property=\"og:description\" content=\"Stranger Chat anonymously with over 5.000.000 strangers. No Sign-Up Required! Cam with strangers on StrangerCam.com.\" \/>\n<meta property=\"og:url\" content=\"https:\/\/strangercam.com\/pl\/nieznajomy-rozmowa\/\" \/>\n<meta property=\"og:site_name\" content=\"Strangercam\" \/>\n<meta property=\"article:publisher\" content=\"https:\/\/www.facebook.com\/strangercam\" \/>\n<meta property=\"article:modified_time\" content=\"2023-08-21T10:40:47+00:00\" \/>\n<meta property=\"og:image\" content=\"https:\/\/strangercam.com\/wp-content\/uploads\/2021\/10\/Untitled-2.png\" \/>\n\t<meta property=\"og:image:width\" content=\"800\" \/>\n\t<meta property=\"og:image:height\" content=\"532\" \/>\n\t<meta property=\"og:image:type\" content=\"image\/png\" \/>\n<meta name=\"twitter:card\" content=\"summary_large_image\" \/>\n<meta name=\"twitter:site\" content=\"@strangercamapp\" \/>\n<meta name=\"twitter:label1\" content=\"Szacowany czas czytania\" \/>\n\t<meta name=\"twitter:data1\" content=\"3 minuty\" \/>\n<script type=\"application\/ld+json\" class=\"yoast-schema-graph\">{\"@context\":\"https:\\\/\\\/schema.org\",\"@graph\":[{\"@type\":\"WebPage\",\"@id\":\"https:\\\/\\\/strangercam.com\\\/stranger-chat\\\/\",\"url\":\"https:\\\/\\\/strangercam.com\\\/stranger-chat\\\/\",\"name\":\"Stranger Chat - StrangerCam.com: Cam With Strangers\",\"isPartOf\":{\"@id\":\"https:\\\/\\\/strangercam.com\\\/#website\"},\"datePublished\":\"2021-06-14T17:18:17+00:00\",\"dateModified\":\"2023-08-21T10:40:47+00:00\",\"description\":\"Stranger Chat anonymously with over 5.000.000 strangers. No Sign-Up Required! Cam with strangers on StrangerCam.com.\",\"breadcrumb\":{\"@id\":\"https:\\\/\\\/strangercam.com\\\/stranger-chat\\\/#breadcrumb\"},\"inLanguage\":\"pl-PL\",\"potentialAction\":[{\"@type\":\"ReadAction\",\"target\":[\"https:\\\/\\\/strangercam.com\\\/stranger-chat\\\/\"]}]},{\"@type\":\"BreadcrumbList\",\"@id\":\"https:\\\/\\\/strangercam.com\\\/stranger-chat\\\/#breadcrumb\",\"itemListElement\":[{\"@type\":\"ListItem\",\"position\":1,\"name\":\"Home\",\"item\":\"https:\\\/\\\/strangercam.com\\\/\"},{\"@type\":\"ListItem\",\"position\":2,\"name\":\"Stranger Chat\"}]},{\"@type\":\"WebSite\",\"@id\":\"https:\\\/\\\/strangercam.com\\\/#website\",\"url\":\"https:\\\/\\\/strangercam.com\\\/\",\"name\":\"Strangercam\",\"description\":\"Random Video Chat with Strangers\",\"publisher\":{\"@id\":\"https:\\\/\\\/strangercam.com\\\/#organization\"},\"alternateName\":\"Strangercam.com\",\"potentialAction\":[{\"@type\":\"SearchAction\",\"target\":{\"@type\":\"EntryPoint\",\"urlTemplate\":\"https:\\\/\\\/strangercam.com\\\/?s={search_term_string}\"},\"query-input\":{\"@type\":\"PropertyValueSpecification\",\"valueRequired\":true,\"valueName\":\"search_term_string\"}}],\"inLanguage\":\"pl-PL\"},{\"@type\":\"Organization\",\"@id\":\"https:\\\/\\\/strangercam.com\\\/#organization\",\"name\":\"Strangercam\",\"alternateName\":\"Strangercam.com\",\"url\":\"https:\\\/\\\/strangercam.com\\\/\",\"logo\":{\"@type\":\"ImageObject\",\"inLanguage\":\"pl-PL\",\"@id\":\"https:\\\/\\\/strangercam.com\\\/#\\\/schema\\\/logo\\\/image\\\/\",\"url\":\"https:\\\/\\\/strangercam.com\\\/wp-content\\\/uploads\\\/2020\\\/11\\\/cropped-new-favicon-black.png\",\"contentUrl\":\"https:\\\/\\\/strangercam.com\\\/wp-content\\\/uploads\\\/2020\\\/11\\\/cropped-new-favicon-black.png\",\"width\":512,\"height\":512,\"caption\":\"Strangercam\"},\"image\":{\"@id\":\"https:\\\/\\\/strangercam.com\\\/#\\\/schema\\\/logo\\\/image\\\/\"},\"sameAs\":[\"https:\\\/\\\/www.facebook.com\\\/strangercam\",\"https:\\\/\\\/x.com\\\/strangercamapp\"]}]}<\/script>\n<!-- \/ Yoast SEO plugin. -->","yoast_head_json":{"title":"Nieznajomy czat - StrangerCam.com: Cam z nieznajomymi","description":"Czatuj anonimowo z ponad 5 000 000 nieznajomych. Rejestracja nie jest wymagana! Cam z nieznajomymi na StrangerCam.com.","robots":{"index":"index","follow":"follow","max-snippet":"max-snippet:-1","max-image-preview":"max-image-preview:large","max-video-preview":"max-video-preview:-1"},"canonical":"https:\/\/strangercam.com\/pl\/nieznajomy-rozmowa\/","og_locale":"pl_PL","og_type":"article","og_title":"Stranger Chat - StrangerCam.com: Cam With Strangers","og_description":"Stranger Chat anonymously with over 5.000.000 strangers. No Sign-Up Required! Cam with strangers on StrangerCam.com.","og_url":"https:\/\/strangercam.com\/pl\/nieznajomy-rozmowa\/","og_site_name":"Strangercam","article_publisher":"https:\/\/www.facebook.com\/strangercam","article_modified_time":"2023-08-21T10:40:47+00:00","og_image":[{"width":800,"height":532,"url":"https:\/\/strangercam.com\/wp-content\/uploads\/2021\/10\/Untitled-2.png","type":"image\/png"}],"twitter_card":"summary_large_image","twitter_site":"@strangercamapp","twitter_misc":{"Szacowany czas czytania":"3 minuty"},"schema":{"@context":"https:\/\/schema.org","@graph":[{"@type":"WebPage","@id":"https:\/\/strangercam.com\/stranger-chat\/","url":"https:\/\/strangercam.com\/stranger-chat\/","name":"Nieznajomy czat - StrangerCam.com: Cam z nieznajomymi","isPartOf":{"@id":"https:\/\/strangercam.com\/#website"},"datePublished":"2021-06-14T17:18:17+00:00","dateModified":"2023-08-21T10:40:47+00:00","description":"Czatuj anonimowo z ponad 5 000 000 nieznajomych. Rejestracja nie jest wymagana! Cam z nieznajomymi na StrangerCam.com.","breadcrumb":{"@id":"https:\/\/strangercam.com\/stranger-chat\/#breadcrumb"},"inLanguage":"pl-PL","potentialAction":[{"@type":"ReadAction","target":["https:\/\/strangercam.com\/stranger-chat\/"]}]},{"@type":"BreadcrumbList","@id":"https:\/\/strangercam.com\/stranger-chat\/#breadcrumb","itemListElement":[{"@type":"ListItem","position":1,"name":"Home","item":"https:\/\/strangercam.com\/"},{"@type":"ListItem","position":2,"name":"Stranger Chat"}]},{"@type":"WebSite","@id":"https:\/\/strangercam.com\/#website","url":"https:\/\/strangercam.com\/","name":"Strangercam","description":"Losowy czat wideo z nieznajomymi","publisher":{"@id":"https:\/\/strangercam.com\/#organization"},"alternateName":"Strangercam.com","potentialAction":[{"@type":"SearchAction","target":{"@type":"EntryPoint","urlTemplate":"https:\/\/strangercam.com\/?s={search_term_string}"},"query-input":{"@type":"PropertyValueSpecification","valueRequired":true,"valueName":"search_term_string"}}],"inLanguage":"pl-PL"},{"@type":"Organization","@id":"https:\/\/strangercam.com\/#organization","name":"Strangercam","alternateName":"Strangercam.com","url":"https:\/\/strangercam.com\/","logo":{"@type":"ImageObject","inLanguage":"pl-PL","@id":"https:\/\/strangercam.com\/#\/schema\/logo\/image\/","url":"https:\/\/strangercam.com\/wp-content\/uploads\/2020\/11\/cropped-new-favicon-black.png","contentUrl":"https:\/\/strangercam.com\/wp-content\/uploads\/2020\/11\/cropped-new-favicon-black.png","width":512,"height":512,"caption":"Strangercam"},"image":{"@id":"https:\/\/strangercam.com\/#\/schema\/logo\/image\/"},"sameAs":["https:\/\/www.facebook.com\/strangercam","https:\/\/x.com\/strangercamapp"]}]}},"_links":{"self":[{"href":"https:\/\/strangercam.com\/pl\/wp-json\/wp\/v2\/pages\/4887","targetHints":{"allow":["GET"]}}],"collection":[{"href":"https:\/\/strangercam.com\/pl\/wp-json\/wp\/v2\/pages"}],"about":[{"href":"https:\/\/strangercam.com\/pl\/wp-json\/wp\/v2\/types\/page"}],"author":[{"embeddable":true,"href":"https:\/\/strangercam.com\/pl\/wp-json\/wp\/v2\/users\/6"}],"replies":[{"embeddable":true,"href":"https:\/\/strangercam.com\/pl\/wp-json\/wp\/v2\/comments?post=4887"}],"version-history":[{"count":0,"href":"https:\/\/strangercam.com\/pl\/wp-json\/wp\/v2\/pages\/4887\/revisions"}],"wp:attachment":[{"href":"https:\/\/strangercam.com\/pl\/wp-json\/wp\/v2\/media?parent=4887"}],"curies":[{"name":"wp","href":"https:\/\/api.w.org\/{rel}","templated":true}]}}