{"id":4869,"date":"2025-09-23T11:15:28","date_gmt":"2025-09-23T09:15:28","guid":{"rendered":"https:\/\/strangercam.com\/?page_id=4869"},"modified":"2025-09-23T12:42:03","modified_gmt":"2025-09-23T10:42:03","slug":"gdzie-moge-czatowac-z-przypadkowymi-dziewczynami","status":"publish","type":"page","link":"https:\/\/strangercam.com\/pl\/where-can-i-chat-with-random-girls\/","title":{"rendered":"Gdzie mog\u0119 rozmawia\u0107 z przypadkowymi dziewczynami?"},"content":{"rendered":"<p>Je\u015bli zadajesz sobie pytanie \"Gdzie mog\u0119 czatowa\u0107 z przypadkowymi dziewczynami?\", nie jeste\u015b sam. Ka\u017cdego miesi\u0105ca miliony ludzi szukaj\u0105 sposob\u00f3w na natychmiastowe nawi\u0105zanie kontaktu z dziewczynami online - czy to dla zabawy, niezobowi\u0105zuj\u0105cego flirtu, czy te\u017c nawi\u0105zania nowych znajomo\u015bci na ca\u0142ym \u015bwiecie. Dobra wiadomo\u015b\u0107? \u0141atwiej ni\u017c kiedykolwiek znale\u017a\u0107 bezpieczne, darmowe i prawdziwe platformy, na kt\u00f3rych mo\u017cna czatowa\u0107 z przypadkowymi dziewczynami bez d\u0142ugich rejestracji i ukrytych op\u0142at.<\/p>\n<p>Dzi\u0119ki platformom takim jak StrangerCam mo\u017cesz zacz\u0105\u0107 czatowa\u0107 z dziewczynami w kilka sekund. Bez pobierania, bez profili, bez kart kredytowych - po prostu prawdziwe rozmowy z kobietami na ca\u0142ym \u015bwiecie, kt\u00f3re r\u00f3wnie\u017c szukaj\u0105 kontaktu.<\/p>\n<p>W tym przewodniku om\u00f3wimy wszystko, co musisz wiedzie\u0107: gdzie mo\u017cesz czatowa\u0107 z przypadkowymi dziewczynami, jakie funkcje s\u0105 najwa\u017cniejsze, por\u00f3wnania najlepszych platform, prawdziwe opinie, wskaz\u00f3wki dotycz\u0105ce bezpiecze\u0144stwa i dlaczego StrangerCam jest obecnie jedn\u0105 z najlepszych opcji.<\/p>\n<h2>Dlaczego ludzie chc\u0105 rozmawia\u0107 z przypadkowymi dziewczynami?<\/h2>\n<p>Poszukiwania przypadkowych dziewczyn na czacie znacznie wzros\u0142y, a oto dlaczego:<\/p>\n<ul>\n<li>Samotno\u015b\u0107 i ulga w nudzie: Rozmowy z dziewczynami online pomagaj\u0105 prze\u0142ama\u0107 rutyn\u0119.<\/li>\n<li>Niezobowi\u0105zuj\u0105cy flirt: Wielu u\u017cytkownik\u00f3w lubi lekkie pogaw\u0119dki bez presji.<\/li>\n<li>Nawi\u0105zywanie znajomo\u015bci: To \u015bwietny spos\u00f3b na poznanie ludzi spoza swojego kr\u0119gu.<\/li>\n<li>Globalne do\u015bwiadczenie: Mo\u017cesz pozna\u0107 kobiety z kraj\u00f3w, kt\u00f3rych nigdy nie odwiedzi\u0142e\u015b.<\/li>\n<li>Prawdziwe po\u0142\u0105czenia: Wideo na \u017cywo udowadnia, \u017ce rozmawiasz z prawdziw\u0105 osob\u0105, a nie z botem.<\/li>\n<\/ul>\n<h2>Gdzie mo\u017cna czatowa\u0107 z przypadkowymi dziewczynami online?<\/h2>\n<p>Istnieje wiele platform umo\u017cliwiaj\u0105cych czatowanie z przypadkowymi dziewczynami - niekt\u00f3re s\u0105 darmowe, inne p\u0142atne. Oto ich g\u0142\u00f3wne rodzaje:<\/p>\n<h3>1. Losowe strony z czatami wideo<\/h3>\n<p>Strony internetowe, na kt\u00f3rych w\u0142\u0105czasz kamer\u0119 internetow\u0105 i natychmiast zostajesz sparowany z dziewczyn\u0105. Przyk\u0142ady: StrangerCam, <a href=\"https:\/\/strangercam.com\/pl\/chatroulette\/\">Chatroulette<\/a>, Shagle.<\/p>\n<h3>2. Aplikacje do czatowania z filtrami p\u0142ci<\/h3>\n<p>Aplikacje mobilne, takie jak <a href=\"https:\/\/strangercam.com\/pl\/ometv\/\">OmeTV<\/a> lub Chatrandom pozwalaj\u0105 na losowe rozmowy, ale cz\u0119sto pobieraj\u0105 op\u0142aty za filtry \u017ce\u0144skie.<\/p>\n<h3>3. P\u0142atne platformy wideo zorientowane na randki<\/h3>\n<p>Strony takie jak <a href=\"https:\/\/strangercam.com\/pl\/coomeet\/\">CooMeet<\/a> lub LuckyCrush specjalizuj\u0105 si\u0119 w poznawaniu kobiet przez m\u0119\u017cczyzn, ale wymagaj\u0105 p\u0142atno\u015bci po kr\u00f3tkim okresie pr\u00f3bnym.<\/p>\n<h3>4. Darmowe platformy bez rejestracji<\/h3>\n<p>StrangerCam jest jedn\u0105 z jedynych platform, kt\u00f3re pozwalaj\u0105 rozmawia\u0107 z przypadkowymi dziewczynami za darmo bez rejestracji.<\/p>\n<h2>Jakie cechy s\u0105 najwa\u017cniejsze<\/h2>\n<p>Decyduj\u0105c si\u0119 na czat z przypadkowymi dziewczynami, oto na co powiniene\u015b zwr\u00f3ci\u0107 uwag\u0119:<\/p>\n<ul>\n<li>Darmowy filtr p\u0142ci - w przeciwnym razie mo\u017cesz zosta\u0107 sparowana z przypadkowymi m\u0119\u017cczyznami.<\/li>\n<li>Rejestracja nie jest wymagana - najlepsze platformy umo\u017cliwiaj\u0105 natychmiastowe do\u0142\u0105czenie.<\/li>\n<li>Opcje czatu wideo - Ogl\u0105danie kogo\u015b na <a href=\"https:\/\/strangercam.com\/pl\/bazoocam\/\">krzywka<\/a> zapewnia, \u017ce s\u0105 prawdziwe.<\/li>\n<li>Moderacja i raportowanie - zapewnia bezpiecze\u0144stwo i szacunek.<\/li>\n<li>Przyjazny dla urz\u0105dze\u0144 mobilnych i komputer\u00f3w stacjonarnych - dzia\u0142a gdziekolwiek jeste\u015b.<\/li>\n<li>Globalny zasi\u0119g - du\u017ca baza u\u017cytkownik\u00f3w p\u0142ci \u017ce\u0144skiej zapewnia r\u00f3\u017cnorodno\u015b\u0107.<\/li>\n<\/ul>\n<h2>Najlepsze platformy do czatowania z przypadkowymi dziewczynami w 2025 roku<\/h2>\n<p>Oto por\u00f3wnanie popularnych platform, na kt\u00f3rych mo\u017cna czatowa\u0107 z przypadkowymi dziewczynami:<\/p>\n<table>\n<thead>\n<tr>\n<th>Platforma<\/th>\n<th align=\"center\">Bezp\u0142atny dost\u0119p<\/th>\n<th align=\"center\">Filtr p\u0142ci<\/th>\n<th align=\"center\">Wymagana rejestracja<\/th>\n<th align=\"center\">Wsparcie mobilne<\/th>\n<th align=\"center\">Moderacja<\/th>\n<th>Uwagi<\/th>\n<\/tr>\n<\/thead>\n<tbody>\n<tr>\n<td>StrangerCam<\/td>\n<td align=\"center\">\u2705<\/td>\n<td align=\"center\">\u2705 (Free)<\/td>\n<td align=\"center\">\u274c<\/td>\n<td align=\"center\">\u2705<\/td>\n<td align=\"center\">\u2705<\/td>\n<td>Najlepszy wyb\u00f3r, prawdziwy i darmowy filtr dla dziewczyn<\/td>\n<\/tr>\n<tr>\n<td>Chatroulette<\/td>\n<td align=\"center\">\u2705<\/td>\n<td align=\"center\">\u274c (p\u0142atne)<\/td>\n<td align=\"center\">\u274c<\/td>\n<td align=\"center\">\u2705<\/td>\n<td align=\"center\">\u2705<\/td>\n<td>Klasyka, ale bez darmowych filtr\u00f3w<\/td>\n<\/tr>\n<tr>\n<td>Chatrandom<\/td>\n<td align=\"center\">\u2705<\/td>\n<td align=\"center\">\u274c (p\u0142atne)<\/td>\n<td align=\"center\">\u274c<\/td>\n<td align=\"center\">\u2705<\/td>\n<td align=\"center\">\u2705<\/td>\n<td>Popularny, ale wymaga ulepsze\u0144 premium<\/td>\n<\/tr>\n<tr>\n<td>Shagle<\/td>\n<td align=\"center\">\u2705<\/td>\n<td align=\"center\">\u274c (p\u0142atne)<\/td>\n<td align=\"center\">\u274c<\/td>\n<td align=\"center\">\u2705<\/td>\n<td align=\"center\">\u2705<\/td>\n<td>Darmowy start, ale ograniczone filtry<\/td>\n<\/tr>\n<tr>\n<td>CooMeet<\/td>\n<td align=\"center\">\u274c (Trial)<\/td>\n<td align=\"center\">\u2705<\/td>\n<td align=\"center\">\u2705<\/td>\n<td align=\"center\">\u2705<\/td>\n<td align=\"center\">\u2705<\/td>\n<td>P\u0142atne, skoncentrowane na spotkaniach m\u0119\u017cczyzn z kobietami<\/td>\n<\/tr>\n<tr>\n<td>LuckyCrush<\/td>\n<td align=\"center\">\u274c<\/td>\n<td align=\"center\">\u2705<\/td>\n<td align=\"center\">\u2705<\/td>\n<td align=\"center\">\u2705<\/td>\n<td align=\"center\">\u2705<\/td>\n<td>Zawsze p\u0142atne czaty dostosowane do p\u0142ci<\/td>\n<\/tr>\n<\/tbody>\n<\/table>\n<p>StrangerCam jest jedn\u0105 z jedynych platform oferuj\u0105cych dzia\u0142aj\u0105cy darmowy filtr p\u0142ci, dzi\u0119ki czemu mo\u017cesz natychmiast rozmawia\u0107 z przypadkowymi dziewczynami - bez rejestracji lub p\u0142acenia.<\/p>\n<h2>Dlaczego StrangerCam to najlepszy wyb\u00f3r<\/h2>\n<p>Oto dlaczego StrangerCam jest jedn\u0105 z najlepszych odpowiedzi na pytanie \"Gdzie mog\u0119 czatowa\u0107 z przypadkowymi dziewczynami?\":<\/p>\n<h3>1. Jest to 100% Free<\/h3>\n<p>\u017badnych wersji pr\u00f3bnych, \u017cadnych kredyt\u00f3w - tylko nielimitowane czaty.<\/p>\n<h3>2. Darmowy filtr p\u0142ci<\/h3>\n<p>W przeciwie\u0144stwie do wi\u0119kszo\u015bci witryn, nie musisz dodatkowo p\u0142aci\u0107, aby \u0142\u0105czy\u0107 si\u0119 z dziewczynami.<\/p>\n<h3>3. Rejestracja nie jest wymagana<\/h3>\n<p>Zachowaj anonimowo\u015b\u0107 i \u0142\u0105cz si\u0119 natychmiast.<\/p>\n<h3>4. Bezpieczny i moderowany<\/h3>\n<p>Wi\u0119ksze bezpiecze\u0144stwo ni\u017c <a href=\"https:\/\/strangercam.com\/pl\/omegle\/\">Omegle<\/a> kiedykolwiek mia\u0142em.<\/p>\n<h3>5. Gotowo\u015b\u0107 na urz\u0105dzenia mobilne i stacjonarne<\/h3>\n<p>Dzia\u0142a p\u0142ynnie na ka\u017cdym urz\u0105dzeniu.<\/p>\n<h3>6. Zr\u00f3\u017cnicowana baza u\u017cytkownik\u00f3w p\u0142ci \u017ce\u0144skiej<\/h3>\n<p>Poznaj dziewczyny z ponad 100 kraj\u00f3w.<\/p>\n<h2>Prawdziwe opinie u\u017cytkownik\u00f3w<\/h2>\n<blockquote><p><em>\"Szuka\u0142em miejsca, w kt\u00f3rym m\u00f3g\u0142bym rozmawia\u0107 z przypadkowymi dziewczynami bez p\u0142acenia. StrangerCam by\u0142 jedyn\u0105 stron\u0105, kt\u00f3ra faktycznie to zapewnia\u0142a.\"<\/em><br \/>\n- Daniel, 29 lat<\/p><\/blockquote>\n<blockquote><p><em>\"Filtr p\u0142ci jest darmowy i dzia\u0142a doskonale. Pozna\u0142em dziewczyny z trzech kraj\u00f3w w jeden wiecz\u00f3r.\"<\/em><br \/>\n- Sophia, 22 lata<\/p><\/blockquote>\n<blockquote><p><em>\"Wi\u0119kszo\u015b\u0107 aplikacji wymusza aktualizacj\u0119, ale StrangerCam jest naprawd\u0119 darmowa\".<\/em><br \/>\n- Ryan, 31<\/p><\/blockquote>\n<blockquote><p><em>\"To bezpieczne i proste. Podoba mi si\u0119 mo\u017cliwo\u015b\u0107 skakania w dowolnym momencie\".<\/em><br \/>\n- Emma, 20 lat<\/p><\/blockquote>\n<h2>Wskaz\u00f3wki bezpiecze\u0144stwa dotycz\u0105ce czatowania z przypadkowymi dziewczynami<\/h2>\n<p>Korzystaj\u0105c z platform do czatowania z dziewczynami online, zawsze przestrzegaj poni\u017cszych zasad bezpiecze\u0144stwa:<\/p>\n<ul>\n<li>Nigdy nie udost\u0119pniaj danych osobowych (takich jak numer telefonu lub adres).<\/li>\n<li>Pomijaj lub blokuj ka\u017cdego, kto sprawia, \u017ce czujesz si\u0119 niekomfortowo.<\/li>\n<li>Nie klikaj link\u00f3w udost\u0119pnianych przez nieznajomych.<\/li>\n<li>Sprawd\u017a t\u0142o przed w\u0142\u0105czeniem kamery internetowej.<\/li>\n<li>U\u017cywaj pseudonim\u00f3w, a nie prawdziwego imienia i nazwiska.<\/li>\n<li>Przestrzegaj zasad dotycz\u0105cych wieku na platformie - unikaj czat\u00f3w dla doros\u0142ych, je\u015bli masz mniej ni\u017c 18 lat.<\/li>\n<\/ul>\n<h2>Jak zacz\u0105\u0107 - krok po kroku<\/h2>\n<p>Wystarczy minuta, by zacz\u0105\u0107 rozmawia\u0107 z przypadkowymi dziewczynami:<\/p>\n<ol>\n<li>Otw\u00f3rz StrangerCam w przegl\u0105darce lub na urz\u0105dzeniu.<\/li>\n<li>Zezw\u00f3l na dost\u0119p do kamery i mikrofonu.<\/li>\n<li>Wybierz filtr p\u0142ci (dziewczynki).<\/li>\n<li>Kliknij przycisk Rozpocznij czat, aby natychmiast nawi\u0105za\u0107 po\u0142\u0105czenie.<\/li>\n<li>Naci\u015bnij Next w dowolnym momencie, aby pozna\u0107 kogo\u015b nowego.<\/li>\n<\/ol>\n<p>Szybko, bezp\u0142atnie i przyjemnie.<\/p>\n<p>Je\u015bli zastanawia\u0142e\u015b si\u0119 \"Gdzie mog\u0119 czatowa\u0107 z przypadkowymi dziewczynami?\", odpowied\u017a jest prosta: w 2025 roku platformy takie jak StrangerCam sprawiaj\u0105, \u017ce jest to mo\u017cliwe, natychmiast i za darmo. W przeciwie\u0144stwie do innych us\u0142ug, kt\u00f3re blokuj\u0105 filtry p\u0142ci za p\u0142atnymi zaporami lub wymuszaj\u0105 rejestracj\u0119, StrangerCam pozwala \u0142\u0105czy\u0107 si\u0119 z prawdziwymi dziewczynami z ca\u0142ego \u015bwiata w ci\u0105gu kilku sekund.<\/p>\n<p>Gotowy, aby zacz\u0105\u0107? Wypr\u00f3buj darmowy losowy czat z dziewczynami ju\u017c dzi\u015b i zobacz, kogo spotkasz w przysz\u0142o\u015bci.<\/p>","protected":false},"excerpt":{"rendered":"<p>If you\u2019re asking yourself, \u201cWhere can I chat with random girls?\u201d, you\u2019re not alone. Every month, millions of people search for ways to instantly connect with girls online\u2014whether for fun, casual flirting, or making new friends across the globe. The good news? It&#8217;s easier than ever to find safe, free, and real platforms where you [&hellip;]<\/p>\n","protected":false},"author":8,"featured_media":0,"parent":0,"menu_order":0,"comment_status":"closed","ping_status":"closed","template":"","meta":{"footnotes":""},"class_list":["post-4869","page","type-page","status-publish","hentry"],"yoast_head":"<!-- This site is optimized with the Yoast SEO plugin v27.4 - https:\/\/yoast.com\/product\/yoast-seo-wordpress\/ -->\n<title>Where Can I Chat With Random Girls on Strangercam.com<\/title>\n<meta name=\"description\" content=\"Liking Where Can I Chat With Random Girls? Join millions on StrangerCam.com! Start a random video chat, turn on your cam, and meet strangers instantly.\" \/>\n<meta name=\"robots\" content=\"index, follow, max-snippet:-1, max-image-preview:large, max-video-preview:-1\" \/>\n<link rel=\"canonical\" href=\"https:\/\/strangercam.com\/pl\/gdzie-moge-czatowac-z-przypadkowymi-dziewczynami\/\" \/>\n<meta property=\"og:locale\" content=\"pl_PL\" \/>\n<meta property=\"og:type\" content=\"article\" \/>\n<meta property=\"og:title\" content=\"Where Can I Chat With Random Girls on Strangercam.com\" \/>\n<meta property=\"og:description\" content=\"Liking Where Can I Chat With Random Girls? Join millions on StrangerCam.com! Start a random video chat, turn on your cam, and meet strangers instantly.\" \/>\n<meta property=\"og:url\" content=\"https:\/\/strangercam.com\/pl\/gdzie-moge-czatowac-z-przypadkowymi-dziewczynami\/\" \/>\n<meta property=\"og:site_name\" content=\"Strangercam\" \/>\n<meta property=\"article:publisher\" content=\"https:\/\/www.facebook.com\/strangercam\" \/>\n<meta property=\"article:modified_time\" content=\"2025-09-23T10:42:03+00:00\" \/>\n<meta property=\"og:image\" content=\"https:\/\/strangercam.com\/wp-content\/uploads\/2021\/10\/Untitled-2.png\" \/>\n\t<meta property=\"og:image:width\" content=\"800\" \/>\n\t<meta property=\"og:image:height\" content=\"532\" \/>\n\t<meta property=\"og:image:type\" content=\"image\/png\" \/>\n<meta name=\"twitter:card\" content=\"summary_large_image\" \/>\n<meta name=\"twitter:site\" content=\"@strangercamapp\" \/>\n<meta name=\"twitter:label1\" content=\"Szacowany czas czytania\" \/>\n\t<meta name=\"twitter:data1\" content=\"4 minuty\" \/>\n<script type=\"application\/ld+json\" class=\"yoast-schema-graph\">{\"@context\":\"https:\\\/\\\/schema.org\",\"@graph\":[{\"@type\":\"WebPage\",\"@id\":\"https:\\\/\\\/strangercam.com\\\/where-can-i-chat-with-random-girls\\\/\",\"url\":\"https:\\\/\\\/strangercam.com\\\/where-can-i-chat-with-random-girls\\\/\",\"name\":\"Where Can I Chat With Random Girls on Strangercam.com\",\"isPartOf\":{\"@id\":\"https:\\\/\\\/strangercam.com\\\/#website\"},\"datePublished\":\"2025-09-23T09:15:28+00:00\",\"dateModified\":\"2025-09-23T10:42:03+00:00\",\"description\":\"Liking Where Can I Chat With Random Girls? Join millions on StrangerCam.com! Start a random video chat, turn on your cam, and meet strangers instantly.\",\"breadcrumb\":{\"@id\":\"https:\\\/\\\/strangercam.com\\\/where-can-i-chat-with-random-girls\\\/#breadcrumb\"},\"inLanguage\":\"pl-PL\",\"potentialAction\":[{\"@type\":\"ReadAction\",\"target\":[\"https:\\\/\\\/strangercam.com\\\/where-can-i-chat-with-random-girls\\\/\"]}]},{\"@type\":\"BreadcrumbList\",\"@id\":\"https:\\\/\\\/strangercam.com\\\/where-can-i-chat-with-random-girls\\\/#breadcrumb\",\"itemListElement\":[{\"@type\":\"ListItem\",\"position\":1,\"name\":\"Home\",\"item\":\"https:\\\/\\\/strangercam.com\\\/\"},{\"@type\":\"ListItem\",\"position\":2,\"name\":\"Where Can I Chat With Random Girls\"}]},{\"@type\":\"WebSite\",\"@id\":\"https:\\\/\\\/strangercam.com\\\/#website\",\"url\":\"https:\\\/\\\/strangercam.com\\\/\",\"name\":\"Strangercam\",\"description\":\"Random Video Chat with Strangers\",\"publisher\":{\"@id\":\"https:\\\/\\\/strangercam.com\\\/#organization\"},\"alternateName\":\"Strangercam.com\",\"potentialAction\":[{\"@type\":\"SearchAction\",\"target\":{\"@type\":\"EntryPoint\",\"urlTemplate\":\"https:\\\/\\\/strangercam.com\\\/?s={search_term_string}\"},\"query-input\":{\"@type\":\"PropertyValueSpecification\",\"valueRequired\":true,\"valueName\":\"search_term_string\"}}],\"inLanguage\":\"pl-PL\"},{\"@type\":\"Organization\",\"@id\":\"https:\\\/\\\/strangercam.com\\\/#organization\",\"name\":\"Strangercam\",\"alternateName\":\"Strangercam.com\",\"url\":\"https:\\\/\\\/strangercam.com\\\/\",\"logo\":{\"@type\":\"ImageObject\",\"inLanguage\":\"pl-PL\",\"@id\":\"https:\\\/\\\/strangercam.com\\\/#\\\/schema\\\/logo\\\/image\\\/\",\"url\":\"https:\\\/\\\/strangercam.com\\\/wp-content\\\/uploads\\\/2020\\\/11\\\/cropped-new-favicon-black.png\",\"contentUrl\":\"https:\\\/\\\/strangercam.com\\\/wp-content\\\/uploads\\\/2020\\\/11\\\/cropped-new-favicon-black.png\",\"width\":512,\"height\":512,\"caption\":\"Strangercam\"},\"image\":{\"@id\":\"https:\\\/\\\/strangercam.com\\\/#\\\/schema\\\/logo\\\/image\\\/\"},\"sameAs\":[\"https:\\\/\\\/www.facebook.com\\\/strangercam\",\"https:\\\/\\\/x.com\\\/strangercamapp\"]}]}<\/script>\n<!-- \/ Yoast SEO plugin. -->","yoast_head_json":{"title":"Gdzie mog\u0119 czatowa\u0107 z przypadkowymi dziewczynami na Strangercam.com?","description":"Lubienie Gdzie Mog\u0119 Czatowa\u0107 Z Przypadkowymi Dziewczynami? Join miliony na StrangerCam.com! Rozpocznij losowy czat wideo, w\u0142\u0105cz kamer\u0119 i natychmiast poznawaj nieznajomych.","robots":{"index":"index","follow":"follow","max-snippet":"max-snippet:-1","max-image-preview":"max-image-preview:large","max-video-preview":"max-video-preview:-1"},"canonical":"https:\/\/strangercam.com\/pl\/gdzie-moge-czatowac-z-przypadkowymi-dziewczynami\/","og_locale":"pl_PL","og_type":"article","og_title":"Where Can I Chat With Random Girls on Strangercam.com","og_description":"Liking Where Can I Chat With Random Girls? Join millions on StrangerCam.com! Start a random video chat, turn on your cam, and meet strangers instantly.","og_url":"https:\/\/strangercam.com\/pl\/gdzie-moge-czatowac-z-przypadkowymi-dziewczynami\/","og_site_name":"Strangercam","article_publisher":"https:\/\/www.facebook.com\/strangercam","article_modified_time":"2025-09-23T10:42:03+00:00","og_image":[{"width":800,"height":532,"url":"https:\/\/strangercam.com\/wp-content\/uploads\/2021\/10\/Untitled-2.png","type":"image\/png"}],"twitter_card":"summary_large_image","twitter_site":"@strangercamapp","twitter_misc":{"Szacowany czas czytania":"4 minuty"},"schema":{"@context":"https:\/\/schema.org","@graph":[{"@type":"WebPage","@id":"https:\/\/strangercam.com\/where-can-i-chat-with-random-girls\/","url":"https:\/\/strangercam.com\/where-can-i-chat-with-random-girls\/","name":"Gdzie mog\u0119 czatowa\u0107 z przypadkowymi dziewczynami na Strangercam.com?","isPartOf":{"@id":"https:\/\/strangercam.com\/#website"},"datePublished":"2025-09-23T09:15:28+00:00","dateModified":"2025-09-23T10:42:03+00:00","description":"Lubienie Gdzie Mog\u0119 Czatowa\u0107 Z Przypadkowymi Dziewczynami? Join miliony na StrangerCam.com! Rozpocznij losowy czat wideo, w\u0142\u0105cz kamer\u0119 i natychmiast poznawaj nieznajomych.","breadcrumb":{"@id":"https:\/\/strangercam.com\/where-can-i-chat-with-random-girls\/#breadcrumb"},"inLanguage":"pl-PL","potentialAction":[{"@type":"ReadAction","target":["https:\/\/strangercam.com\/where-can-i-chat-with-random-girls\/"]}]},{"@type":"BreadcrumbList","@id":"https:\/\/strangercam.com\/where-can-i-chat-with-random-girls\/#breadcrumb","itemListElement":[{"@type":"ListItem","position":1,"name":"Home","item":"https:\/\/strangercam.com\/"},{"@type":"ListItem","position":2,"name":"Where Can I Chat With Random Girls"}]},{"@type":"WebSite","@id":"https:\/\/strangercam.com\/#website","url":"https:\/\/strangercam.com\/","name":"Strangercam","description":"Losowy czat wideo z nieznajomymi","publisher":{"@id":"https:\/\/strangercam.com\/#organization"},"alternateName":"Strangercam.com","potentialAction":[{"@type":"SearchAction","target":{"@type":"EntryPoint","urlTemplate":"https:\/\/strangercam.com\/?s={search_term_string}"},"query-input":{"@type":"PropertyValueSpecification","valueRequired":true,"valueName":"search_term_string"}}],"inLanguage":"pl-PL"},{"@type":"Organization","@id":"https:\/\/strangercam.com\/#organization","name":"Strangercam","alternateName":"Strangercam.com","url":"https:\/\/strangercam.com\/","logo":{"@type":"ImageObject","inLanguage":"pl-PL","@id":"https:\/\/strangercam.com\/#\/schema\/logo\/image\/","url":"https:\/\/strangercam.com\/wp-content\/uploads\/2020\/11\/cropped-new-favicon-black.png","contentUrl":"https:\/\/strangercam.com\/wp-content\/uploads\/2020\/11\/cropped-new-favicon-black.png","width":512,"height":512,"caption":"Strangercam"},"image":{"@id":"https:\/\/strangercam.com\/#\/schema\/logo\/image\/"},"sameAs":["https:\/\/www.facebook.com\/strangercam","https:\/\/x.com\/strangercamapp"]}]}},"_links":{"self":[{"href":"https:\/\/strangercam.com\/pl\/wp-json\/wp\/v2\/pages\/4869","targetHints":{"allow":["GET"]}}],"collection":[{"href":"https:\/\/strangercam.com\/pl\/wp-json\/wp\/v2\/pages"}],"about":[{"href":"https:\/\/strangercam.com\/pl\/wp-json\/wp\/v2\/types\/page"}],"author":[{"embeddable":true,"href":"https:\/\/strangercam.com\/pl\/wp-json\/wp\/v2\/users\/8"}],"replies":[{"embeddable":true,"href":"https:\/\/strangercam.com\/pl\/wp-json\/wp\/v2\/comments?post=4869"}],"version-history":[{"count":2,"href":"https:\/\/strangercam.com\/pl\/wp-json\/wp\/v2\/pages\/4869\/revisions"}],"predecessor-version":[{"id":13042,"href":"https:\/\/strangercam.com\/pl\/wp-json\/wp\/v2\/pages\/4869\/revisions\/13042"}],"wp:attachment":[{"href":"https:\/\/strangercam.com\/pl\/wp-json\/wp\/v2\/media?parent=4869"}],"curies":[{"name":"wp","href":"https:\/\/api.w.org\/{rel}","templated":true}]}}