{"id":4851,"date":"2025-09-23T11:12:50","date_gmt":"2025-09-23T09:12:50","guid":{"rendered":"https:\/\/strangercam.com\/?page_id=4851"},"modified":"2025-09-23T12:40:15","modified_gmt":"2025-09-23T10:40:15","slug":"darmowe-czaty-online-dla-kazdego","status":"publish","type":"page","link":"https:\/\/strangercam.com\/pl\/free-online-chat-rooms-for-everyone\/","title":{"rendered":"Darmowe czaty online dla ka\u017cdego"},"content":{"rendered":"<p>Szukasz darmowego online <a href=\"https:\/\/strangercam.com\/pl\/chathub\/\">czat<\/a> pokoje dla ka\u017cdego? Jeste\u015b we w\u0142a\u015bciwym miejscu. W dzisiejszym cyfrowym \u015bwiecie ludzie pragn\u0105 interakcji w czasie rzeczywistym - niezale\u017cnie od tego, czy chodzi o nawi\u0105zywanie nowych znajomo\u015bci, dzielenie si\u0119 historiami, znajdowanie wsparcia, czy po prostu pokonanie nudy. W przeciwie\u0144stwie do portali spo\u0142eczno\u015bciowych, gdzie wszystko jest dopracowane i dopieszczone, czaty online oferuj\u0105 spontaniczny, niefiltrowany i zabawny spos\u00f3b nawi\u0105zywania kontakt\u00f3w.<\/p>\n<p>Dzi\u0119ki platformom takim jak StrangerCam mo\u017cesz do\u0142\u0105czy\u0107 do darmowych czat\u00f3w, w kt\u00f3rych ka\u017cdy jest mile widziany - bez rejestracji, bez pobierania i bez ukrytych koszt\u00f3w. Niezale\u017cnie od tego, czy chcesz rozmawia\u0107 na czacie wideo z nieznajomymi, swobodnie rozmawia\u0107, czy te\u017c odkrywa\u0107 globalne przyja\u017anie, darmowe czaty pozostaj\u0105 jednym z najpopularniejszych do\u015bwiadcze\u0144 online w 2025 roku.<\/p>\n<p>Ten przewodnik obejmuje wszystko, co musisz wiedzie\u0107: czym s\u0105 czaty, dlaczego s\u0105 nadal popularne, jak dzia\u0142aj\u0105, jakich funkcji szuka\u0107, por\u00f3wnania najlepszych platform, wskaz\u00f3wki dotycz\u0105ce bezpiecze\u0144stwa i dlaczego StrangerCam jest obecnie jednym z najlepszych wybor\u00f3w.<\/p>\n<h2>Czym s\u0105 darmowe czaty online dla ka\u017cdego?<\/h2>\n<p>Darmowe czaty online dla ka\u017cdego to cyfrowe przestrzenie, w kt\u00f3rych ludzie gromadz\u0105 si\u0119, by rozmawia\u0107, wysy\u0142a\u0107 SMS-y lub prowadzi\u0107 rozmowy wideo w czasie rzeczywistym. W przeciwie\u0144stwie do ekskluzywnych aplikacji randkowych lub niszowych spo\u0142eczno\u015bci, te czaty s\u0105 otwarte dla wszystkich - m\u0119\u017cczyzn, kobiet, nastolatk\u00f3w (z pokojami dostosowanymi do wieku) oraz os\u00f3b z r\u00f3\u017cnych \u015brodowisk i kraj\u00f3w.<\/p>\n<p>Nowoczesne platformy cz\u0119sto \u0142\u0105cz\u0105 czat tekstowy, czat wideo i funkcje losowego parowania, aby stworzy\u0107 zabawne i interaktywne do\u015bwiadczenie.<\/p>\n<h2>Dlaczego ludzie wci\u0105\u017c kochaj\u0105 darmowe czaty?<\/h2>\n<p>Czaty mog\u0105 wydawa\u0107 si\u0119 staro\u015bwieckie, ale s\u0105 bardziej aktualne ni\u017c kiedykolwiek. Oto dlaczego miliony os\u00f3b codziennie korzystaj\u0105 z darmowych czat\u00f3w online:<\/p>\n<ul>\n<li>Natychmiastowe po\u0142\u0105czenie: Bez profili i d\u0142ugich biografii - po prostu zacznij czatowa\u0107.<\/li>\n<li>Globalne przyja\u017anie: <a href=\"https:\/\/strangercam.com\/pl\/coomeet\/\">Spotkanie<\/a> ludzi z ca\u0142ego \u015bwiata.<\/li>\n<li>R\u00f3\u017cnorodne rozmowy: Od swobodnego przekomarzania si\u0119 do konstruktywnych rozm\u00f3w.<\/li>\n<li>Dost\u0119pno\u015b\u0107: Bezp\u0142atne i otwarte dla wszystkich.<\/li>\n<li>Opcje wideo: Wiele platform \u0142\u0105czy obecnie czat tekstowy z losowym czatem wideo.<\/li>\n<li>Walka z samotno\u015bci\u0105: Szybki spos\u00f3b na poczucie wi\u0119zi.<\/li>\n<\/ul>\n<h2>Jak dzia\u0142aj\u0105 darmowe czaty online?<\/h2>\n<p>1TP162Uzyskanie darmowego czatu jest proste:<\/p>\n<ol>\n<li>Otw\u00f3rz platform\u0119 na komputerze lub urz\u0105dzeniu mobilnym.<\/li>\n<li>Wejd\u017a do pokoju (niekt\u00f3re strony automatycznie paruj\u0105 Ci\u0119 z nieznajomymi).<\/li>\n<li>Rozpocznij czat tekstowy lub wideo.<\/li>\n<li>Zmieniaj pokoje lub u\u017cytkownik\u00f3w w dowolnym momencie, aby pozna\u0107 kogo\u015b nowego.<\/li>\n<\/ol>\n<p>Niekt\u00f3re platformy umo\u017cliwiaj\u0105 r\u00f3wnie\u017c filtrowanie wed\u0142ug p\u0142ci, lokalizacji lub zainteresowa\u0144.<\/p>\n<h2>Najwa\u017cniejsze cechy, kt\u00f3rych nale\u017cy szuka\u0107<\/h2>\n<p>Wybieraj\u0105c witryn\u0119 z darmowymi czatami online dla wszystkich, nale\u017cy kierowa\u0107 si\u0119 nast\u0119puj\u0105cymi kryteriami:<\/p>\n<h3>1. Nie jest wymagana rejestracja<\/h3>\n<p>Powinna istnie\u0107 mo\u017cliwo\u015b\u0107 natychmiastowego do\u0142\u0105czenia bez konieczno\u015bci posiadania konta.<\/p>\n<h3>2. Prawdziwie darmowy dost\u0119p<\/h3>\n<p>Unikaj witryn, kt\u00f3re reklamuj\u0105 si\u0119 jako \"darmowe\", ale blokuj\u0105 podstawowe funkcje za p\u0142atnymi zaporami.<\/p>\n<h3>3. Opcje wideo i tekstu<\/h3>\n<p>Po\u0142\u0105czenie obu sprawia, \u017ce do\u015bwiadczenie jest bardziej wszechstronne.<\/p>\n<h3>4. Bezpieczny umiar<\/h3>\n<p>Platformy powinny mie\u0107 narz\u0119dzia do raportowania i aktywnych moderator\u00f3w.<\/p>\n<h3>5. Projekt przyjazny dla urz\u0105dze\u0144 mobilnych<\/h3>\n<p>P\u0142ynne dzia\u0142anie na telefonach i tabletach jest konieczno\u015bci\u0105.<\/p>\n<h3>6. R\u00f3\u017cnorodne pokoje i globalny zasi\u0119g<\/h3>\n<p>Najlepsze platformy \u0142\u0105cz\u0105 ludzi z ca\u0142ego \u015bwiata.<\/p>\n<h2>Najlepsze darmowe czaty online w 2025 roku<\/h2>\n<p>Oto por\u00f3wnanie najpopularniejszych platform oferuj\u0105cych darmowe czaty dla ka\u017cdego:<\/p>\n<table>\n<thead>\n<tr>\n<th>Platforma<\/th>\n<th align=\"center\">Bezp\u0142atny dost\u0119p<\/th>\n<th align=\"center\">Czat wideo<\/th>\n<th align=\"center\">Wymagana rejestracja<\/th>\n<th align=\"center\">Wsparcie mobilne<\/th>\n<th align=\"center\">Moderacja<\/th>\n<th>Uwagi<\/th>\n<\/tr>\n<\/thead>\n<tbody>\n<tr>\n<td>StrangerCam<\/td>\n<td align=\"center\">\u2705<\/td>\n<td align=\"center\">\u2705<\/td>\n<td align=\"center\">\u274c<\/td>\n<td align=\"center\">\u2705<\/td>\n<td align=\"center\">\u2705<\/td>\n<td>Najlepsze po\u0142\u0105czenie wideo i losowego czatu<\/td>\n<\/tr>\n<tr>\n<td><a href=\"https:\/\/strangercam.com\/pl\/chatroulette\/\">Chatroulette<\/a><\/td>\n<td align=\"center\">\u2705<\/td>\n<td align=\"center\">\u2705<\/td>\n<td align=\"center\">\u274c<\/td>\n<td align=\"center\">\u2705<\/td>\n<td align=\"center\">\u2705<\/td>\n<td>Opcja klasyczna, ograniczone funkcje<\/td>\n<\/tr>\n<tr>\n<td>Chatrandom<\/td>\n<td align=\"center\">\u2705<\/td>\n<td align=\"center\">\u2705<\/td>\n<td align=\"center\">\u274c<\/td>\n<td align=\"center\">\u2705<\/td>\n<td align=\"center\">\u2705<\/td>\n<td>Popularne, ale p\u0142atne dodatki<\/td>\n<\/tr>\n<tr>\n<td><a href=\"https:\/\/strangercam.com\/pl\/ometv\/\">OmeTV<\/a><\/td>\n<td align=\"center\">\u2705<\/td>\n<td align=\"center\">\u2705<\/td>\n<td align=\"center\">\u274c<\/td>\n<td align=\"center\">\u2705<\/td>\n<td align=\"center\">\u2705<\/td>\n<td>Czaty przystosowane do urz\u0105dze\u0144 mobilnych<\/td>\n<\/tr>\n<tr>\n<td>Shagle<\/td>\n<td align=\"center\">\u2705<\/td>\n<td align=\"center\">\u2705<\/td>\n<td align=\"center\">\u274c<\/td>\n<td align=\"center\">\u2705<\/td>\n<td align=\"center\">\u2705<\/td>\n<td>Zablokowane filtry premium<\/td>\n<\/tr>\n<tr>\n<td>WireClub<\/td>\n<td align=\"center\">\u2705<\/td>\n<td align=\"center\">\u274c<\/td>\n<td align=\"center\">\u2705<\/td>\n<td align=\"center\">\u2705<\/td>\n<td align=\"center\">\u2705<\/td>\n<td>Czaty tekstowe, bardziej spo\u0142eczno\u015bciowe<\/td>\n<\/tr>\n<\/tbody>\n<\/table>\n<p>StrangerCam wyr\u00f3\u017cnia si\u0119 jako jedna z najlepszych platform - oferuje darmowe pokoje rozm\u00f3w z wideo, nieograniczone korzystanie i brak rejestracji.<\/p>\n<h2>Dlaczego StrangerCam to najlepszy wyb\u00f3r<\/h2>\n<p>Oto dlaczego StrangerCam jest idealny do darmowych czat\u00f3w online dla ka\u017cdego:<\/p>\n<h3>1. Ca\u0142kowicie za darmo<\/h3>\n<p>Brak ukrytych op\u0142at lub kredyt\u00f3w.<\/p>\n<h3>2. Opcje czatu wideo + tekstowego<\/h3>\n<p>Prze\u0142\u0105czanie mi\u0119dzy losowym czatem wideo a czatem tekstowym.<\/p>\n<h3>3. Rejestracja nie jest wymagana<\/h3>\n<p>Join natychmiast, zachowaj anonimowo\u015b\u0107.<\/p>\n<h3>4. Bezpieczny i moderowany<\/h3>\n<p>Lepsza moderacja ni\u017c na wi\u0119kszo\u015bci platform.<\/p>\n<h3>5. Dzia\u0142a wsz\u0119dzie<\/h3>\n<p>W pe\u0142ni zoptymalizowany pod k\u0105tem urz\u0105dze\u0144 mobilnych i stacjonarnych.<\/p>\n<h3>6. Integracja dla wszystkich u\u017cytkownik\u00f3w<\/h3>\n<p>Ka\u017cdy mo\u017ce do\u0142\u0105czy\u0107, zawsze i wsz\u0119dzie.<\/p>\n<h2>Prawdziwe opinie u\u017cytkownik\u00f3w<\/h2>\n<blockquote><p><em>\"Szuka\u0142em darmowych czat\u00f3w online, w kt\u00f3rych m\u00f3g\u0142bym pozna\u0107 nowych ludzi, a StrangerCam zapewnia\u0142 idealn\u0105 r\u00f3wnowag\u0119 mi\u0119dzy zabaw\u0105 a bezpiecze\u0144stwem\".<\/em><br \/>\n- Alex, 27 lat<\/p><\/blockquote>\n<blockquote><p><em>\"W przeciwie\u0144stwie do innych platform, nie musia\u0142em si\u0119 rejestrowa\u0107 ani p\u0142aci\u0107 za funkcje. Jest naprawd\u0119 darmowa\".<\/em><br \/>\n- Sophia, 22 lata<\/p><\/blockquote>\n<blockquote><p><em>\"Prowadzi\u0142em zabawne rozmowy z nieznajomymi z pi\u0119ciu kraj\u00f3w w ci\u0105gu jednego wieczoru. To uzale\u017cnia.\"<\/em><br \/>\n- Ryan, 30<\/p><\/blockquote>\n<blockquote><p><em>\"Wreszcie czat, kt\u00f3ry jest bezpieczny dzi\u0119ki prawdziwej moderacji\".<\/em><br \/>\n- Emma, 19 lat<\/p><\/blockquote>\n<h2>Wskaz\u00f3wki dotycz\u0105ce bezpiecze\u0144stwa czat\u00f3w online<\/h2>\n<p>Chocia\u017c czaty to \u015bwietna zabawa, zawsze priorytetem jest bezpiecze\u0144stwo:<\/p>\n<ul>\n<li>Nie udost\u0119pniaj danych osobowych (telefonu, adresu e-mail, adresu).<\/li>\n<li>Unikaj podejrzanych link\u00f3w od nieznajomych.<\/li>\n<li>U\u017cywaj narz\u0119dzi do pomijania\/blokowania, je\u015bli czujesz si\u0119 niekomfortowo.<\/li>\n<li>Sprawd\u017a swoje t\u0142o, je\u015bli korzystasz z czatu wideo.<\/li>\n<li>Trzymaj si\u0119 funkcji platformy, takich jak raportowanie u\u017cytkownik\u00f3w.<\/li>\n<li>Przestrzegaj ogranicze\u0144 wiekowych - unikaj czat\u00f3w dla doros\u0142ych, je\u015bli masz mniej ni\u017c 18 lat.<\/li>\n<\/ul>\n<h2>Jak zacz\u0105\u0107 - krok po kroku<\/h2>\n<p>Do\u0142\u0105czenie do darmowego czatu online zajmuje kilka sekund:<\/p>\n<ol>\n<li>Otw\u00f3rz StrangerCam w przegl\u0105darce lub telefonie.<\/li>\n<li>Kamera i mikrofon (dla wideo).<\/li>\n<li>Kliknij przycisk Rozpocznij czat lub do\u0142\u0105cz do pokoju.<\/li>\n<li>Natychmiastowe poznawanie nieznajomych.<\/li>\n<li>Prze\u0142\u0105cz si\u0119 w dowolnym momencie, aby porozmawia\u0107 z kim\u015b nowym.<\/li>\n<\/ol>\n<p>W 2025 roku darmowe czaty online dla ka\u017cdego pozostaj\u0105 jednym z najlepszych sposob\u00f3w na poznawanie ludzi online. S\u0105 spontaniczne, globalne i zabawne - oferuj\u0105 rozmowy w czasie rzeczywistym z nieznajomymi na ca\u0142ym \u015bwiecie.<\/p>\n<p>Nie ka\u017cda witryna jednak spe\u0142nia te wymagania. Niekt\u00f3re ukrywaj\u0105 funkcje za p\u0142atnymi zaporami lub s\u0105 wype\u0142nione botami. W\u0142a\u015bnie dlatego StrangerCam jest najlepszym wyborem: jest darmowy, inkluzywny, bezpieczny i zawsze aktywny z prawdziwymi u\u017cytkownikami gotowymi do czatowania.<\/p>\n<p>Gotowy, aby do\u0142\u0105czy\u0107? Rozpocznij darmowy czat online ju\u017c dzi\u015b i odkryj, kogo spotkasz w przysz\u0142o\u015bci.<\/p>","protected":false},"excerpt":{"rendered":"<p>Looking for free online chat rooms for everyone? You\u2019re in the right place. In today\u2019s digital world, people crave real-time interaction\u2014whether it\u2019s to make new friends, share stories, find support, or simply beat boredom. Unlike social networks where everything is curated and polished, online chat rooms offer a spontaneous, unfiltered, and fun way to connect. [&hellip;]<\/p>\n","protected":false},"author":8,"featured_media":0,"parent":0,"menu_order":0,"comment_status":"closed","ping_status":"closed","template":"","meta":{"footnotes":""},"class_list":["post-4851","page","type-page","status-publish","hentry"],"yoast_head":"<!-- This site is optimized with the Yoast SEO plugin v27.4 - https:\/\/yoast.com\/product\/yoast-seo-wordpress\/ -->\n<title>Free Online Chat Rooms For Everyone on Strangercam.com<\/title>\n<meta name=\"description\" content=\"Liking Free Online Chat Rooms For Everyone? Join millions on StrangerCam.com! Start a random video chat, turn on your cam, and meet strangers instantly.\" \/>\n<meta name=\"robots\" content=\"index, follow, max-snippet:-1, max-image-preview:large, max-video-preview:-1\" \/>\n<link rel=\"canonical\" href=\"https:\/\/strangercam.com\/pl\/darmowe-czaty-online-dla-kazdego\/\" \/>\n<meta property=\"og:locale\" content=\"pl_PL\" \/>\n<meta property=\"og:type\" content=\"article\" \/>\n<meta property=\"og:title\" content=\"Free Online Chat Rooms For Everyone on Strangercam.com\" \/>\n<meta property=\"og:description\" content=\"Liking Free Online Chat Rooms For Everyone? Join millions on StrangerCam.com! Start a random video chat, turn on your cam, and meet strangers instantly.\" \/>\n<meta property=\"og:url\" content=\"https:\/\/strangercam.com\/pl\/darmowe-czaty-online-dla-kazdego\/\" \/>\n<meta property=\"og:site_name\" content=\"Strangercam\" \/>\n<meta property=\"article:publisher\" content=\"https:\/\/www.facebook.com\/strangercam\" \/>\n<meta property=\"article:modified_time\" content=\"2025-09-23T10:40:15+00:00\" \/>\n<meta property=\"og:image\" content=\"https:\/\/strangercam.com\/wp-content\/uploads\/2021\/10\/Untitled-2.png\" \/>\n\t<meta property=\"og:image:width\" content=\"800\" \/>\n\t<meta property=\"og:image:height\" content=\"532\" \/>\n\t<meta property=\"og:image:type\" content=\"image\/png\" \/>\n<meta name=\"twitter:card\" content=\"summary_large_image\" \/>\n<meta name=\"twitter:site\" content=\"@strangercamapp\" \/>\n<meta name=\"twitter:label1\" content=\"Szacowany czas czytania\" \/>\n\t<meta name=\"twitter:data1\" content=\"4 minuty\" \/>\n<script type=\"application\/ld+json\" class=\"yoast-schema-graph\">{\"@context\":\"https:\\\/\\\/schema.org\",\"@graph\":[{\"@type\":\"WebPage\",\"@id\":\"https:\\\/\\\/strangercam.com\\\/free-online-chat-rooms-for-everyone\\\/\",\"url\":\"https:\\\/\\\/strangercam.com\\\/free-online-chat-rooms-for-everyone\\\/\",\"name\":\"Free Online Chat Rooms For Everyone on Strangercam.com\",\"isPartOf\":{\"@id\":\"https:\\\/\\\/strangercam.com\\\/#website\"},\"datePublished\":\"2025-09-23T09:12:50+00:00\",\"dateModified\":\"2025-09-23T10:40:15+00:00\",\"description\":\"Liking Free Online Chat Rooms For Everyone? Join millions on StrangerCam.com! Start a random video chat, turn on your cam, and meet strangers instantly.\",\"breadcrumb\":{\"@id\":\"https:\\\/\\\/strangercam.com\\\/free-online-chat-rooms-for-everyone\\\/#breadcrumb\"},\"inLanguage\":\"pl-PL\",\"potentialAction\":[{\"@type\":\"ReadAction\",\"target\":[\"https:\\\/\\\/strangercam.com\\\/free-online-chat-rooms-for-everyone\\\/\"]}]},{\"@type\":\"BreadcrumbList\",\"@id\":\"https:\\\/\\\/strangercam.com\\\/free-online-chat-rooms-for-everyone\\\/#breadcrumb\",\"itemListElement\":[{\"@type\":\"ListItem\",\"position\":1,\"name\":\"Home\",\"item\":\"https:\\\/\\\/strangercam.com\\\/\"},{\"@type\":\"ListItem\",\"position\":2,\"name\":\"Free Online Chat Rooms For Everyone\"}]},{\"@type\":\"WebSite\",\"@id\":\"https:\\\/\\\/strangercam.com\\\/#website\",\"url\":\"https:\\\/\\\/strangercam.com\\\/\",\"name\":\"Strangercam\",\"description\":\"Random Video Chat with Strangers\",\"publisher\":{\"@id\":\"https:\\\/\\\/strangercam.com\\\/#organization\"},\"alternateName\":\"Strangercam.com\",\"potentialAction\":[{\"@type\":\"SearchAction\",\"target\":{\"@type\":\"EntryPoint\",\"urlTemplate\":\"https:\\\/\\\/strangercam.com\\\/?s={search_term_string}\"},\"query-input\":{\"@type\":\"PropertyValueSpecification\",\"valueRequired\":true,\"valueName\":\"search_term_string\"}}],\"inLanguage\":\"pl-PL\"},{\"@type\":\"Organization\",\"@id\":\"https:\\\/\\\/strangercam.com\\\/#organization\",\"name\":\"Strangercam\",\"alternateName\":\"Strangercam.com\",\"url\":\"https:\\\/\\\/strangercam.com\\\/\",\"logo\":{\"@type\":\"ImageObject\",\"inLanguage\":\"pl-PL\",\"@id\":\"https:\\\/\\\/strangercam.com\\\/#\\\/schema\\\/logo\\\/image\\\/\",\"url\":\"https:\\\/\\\/strangercam.com\\\/wp-content\\\/uploads\\\/2020\\\/11\\\/cropped-new-favicon-black.png\",\"contentUrl\":\"https:\\\/\\\/strangercam.com\\\/wp-content\\\/uploads\\\/2020\\\/11\\\/cropped-new-favicon-black.png\",\"width\":512,\"height\":512,\"caption\":\"Strangercam\"},\"image\":{\"@id\":\"https:\\\/\\\/strangercam.com\\\/#\\\/schema\\\/logo\\\/image\\\/\"},\"sameAs\":[\"https:\\\/\\\/www.facebook.com\\\/strangercam\",\"https:\\\/\\\/x.com\\\/strangercamapp\"]}]}<\/script>\n<!-- \/ Yoast SEO plugin. -->","yoast_head_json":{"title":"Darmowe czaty online dla ka\u017cdego na Strangercam.com","description":"Lubisz darmowe czaty online dla ka\u017cdego? Join miliony na StrangerCam.com! Rozpocznij losowy czat wideo, w\u0142\u0105cz kamer\u0119 i natychmiast poznaj nieznajomych.","robots":{"index":"index","follow":"follow","max-snippet":"max-snippet:-1","max-image-preview":"max-image-preview:large","max-video-preview":"max-video-preview:-1"},"canonical":"https:\/\/strangercam.com\/pl\/darmowe-czaty-online-dla-kazdego\/","og_locale":"pl_PL","og_type":"article","og_title":"Free Online Chat Rooms For Everyone on Strangercam.com","og_description":"Liking Free Online Chat Rooms For Everyone? Join millions on StrangerCam.com! Start a random video chat, turn on your cam, and meet strangers instantly.","og_url":"https:\/\/strangercam.com\/pl\/darmowe-czaty-online-dla-kazdego\/","og_site_name":"Strangercam","article_publisher":"https:\/\/www.facebook.com\/strangercam","article_modified_time":"2025-09-23T10:40:15+00:00","og_image":[{"width":800,"height":532,"url":"https:\/\/strangercam.com\/wp-content\/uploads\/2021\/10\/Untitled-2.png","type":"image\/png"}],"twitter_card":"summary_large_image","twitter_site":"@strangercamapp","twitter_misc":{"Szacowany czas czytania":"4 minuty"},"schema":{"@context":"https:\/\/schema.org","@graph":[{"@type":"WebPage","@id":"https:\/\/strangercam.com\/free-online-chat-rooms-for-everyone\/","url":"https:\/\/strangercam.com\/free-online-chat-rooms-for-everyone\/","name":"Darmowe czaty online dla ka\u017cdego na Strangercam.com","isPartOf":{"@id":"https:\/\/strangercam.com\/#website"},"datePublished":"2025-09-23T09:12:50+00:00","dateModified":"2025-09-23T10:40:15+00:00","description":"Lubisz darmowe czaty online dla ka\u017cdego? Join miliony na StrangerCam.com! Rozpocznij losowy czat wideo, w\u0142\u0105cz kamer\u0119 i natychmiast poznaj nieznajomych.","breadcrumb":{"@id":"https:\/\/strangercam.com\/free-online-chat-rooms-for-everyone\/#breadcrumb"},"inLanguage":"pl-PL","potentialAction":[{"@type":"ReadAction","target":["https:\/\/strangercam.com\/free-online-chat-rooms-for-everyone\/"]}]},{"@type":"BreadcrumbList","@id":"https:\/\/strangercam.com\/free-online-chat-rooms-for-everyone\/#breadcrumb","itemListElement":[{"@type":"ListItem","position":1,"name":"Home","item":"https:\/\/strangercam.com\/"},{"@type":"ListItem","position":2,"name":"Free Online Chat Rooms For Everyone"}]},{"@type":"WebSite","@id":"https:\/\/strangercam.com\/#website","url":"https:\/\/strangercam.com\/","name":"Strangercam","description":"Losowy czat wideo z nieznajomymi","publisher":{"@id":"https:\/\/strangercam.com\/#organization"},"alternateName":"Strangercam.com","potentialAction":[{"@type":"SearchAction","target":{"@type":"EntryPoint","urlTemplate":"https:\/\/strangercam.com\/?s={search_term_string}"},"query-input":{"@type":"PropertyValueSpecification","valueRequired":true,"valueName":"search_term_string"}}],"inLanguage":"pl-PL"},{"@type":"Organization","@id":"https:\/\/strangercam.com\/#organization","name":"Strangercam","alternateName":"Strangercam.com","url":"https:\/\/strangercam.com\/","logo":{"@type":"ImageObject","inLanguage":"pl-PL","@id":"https:\/\/strangercam.com\/#\/schema\/logo\/image\/","url":"https:\/\/strangercam.com\/wp-content\/uploads\/2020\/11\/cropped-new-favicon-black.png","contentUrl":"https:\/\/strangercam.com\/wp-content\/uploads\/2020\/11\/cropped-new-favicon-black.png","width":512,"height":512,"caption":"Strangercam"},"image":{"@id":"https:\/\/strangercam.com\/#\/schema\/logo\/image\/"},"sameAs":["https:\/\/www.facebook.com\/strangercam","https:\/\/x.com\/strangercamapp"]}]}},"_links":{"self":[{"href":"https:\/\/strangercam.com\/pl\/wp-json\/wp\/v2\/pages\/4851","targetHints":{"allow":["GET"]}}],"collection":[{"href":"https:\/\/strangercam.com\/pl\/wp-json\/wp\/v2\/pages"}],"about":[{"href":"https:\/\/strangercam.com\/pl\/wp-json\/wp\/v2\/types\/page"}],"author":[{"embeddable":true,"href":"https:\/\/strangercam.com\/pl\/wp-json\/wp\/v2\/users\/8"}],"replies":[{"embeddable":true,"href":"https:\/\/strangercam.com\/pl\/wp-json\/wp\/v2\/comments?post=4851"}],"version-history":[{"count":2,"href":"https:\/\/strangercam.com\/pl\/wp-json\/wp\/v2\/pages\/4851\/revisions"}],"predecessor-version":[{"id":13041,"href":"https:\/\/strangercam.com\/pl\/wp-json\/wp\/v2\/pages\/4851\/revisions\/13041"}],"wp:attachment":[{"href":"https:\/\/strangercam.com\/pl\/wp-json\/wp\/v2\/media?parent=4851"}],"curies":[{"name":"wp","href":"https:\/\/api.w.org\/{rel}","templated":true}]}}