{"id":4831,"date":"2025-09-23T11:00:01","date_gmt":"2025-09-23T09:00:01","guid":{"rendered":"https:\/\/strangercam.com\/?page_id=4831"},"modified":"2025-09-23T12:38:49","modified_gmt":"2025-09-23T10:38:49","slug":"darmowy-losowy-czat-z-dziewczynami","status":"publish","type":"page","link":"https:\/\/strangercam.com\/pl\/free-random-chat-with-girls\/","title":{"rendered":"Darmowy losowy czat z dziewczynami"},"content":{"rendered":"<p>Szukasz darmowej gry losowej? <a href=\"https:\/\/strangercam.com\/pl\/chathub\/\">czat<\/a> z <a href=\"https:\/\/strangercam.com\/pl\/video-chat-with-girls\/\">dziewczyny<\/a>? Nie jeste\u015b jedyny. Miliony ludzi ka\u017cdego miesi\u0105ca szukaj\u0105 prostych, natychmiastowych i zabawnych sposob\u00f3w na nawi\u0105zywanie kontakt\u00f3w z dziewczynami online. W przeciwie\u0144stwie do aplikacji randkowych lub medi\u00f3w spo\u0142eczno\u015bciowych, kt\u00f3re mog\u0105 wydawa\u0107 si\u0119 powolne lub pe\u0142ne fa\u0142szywych profili, losowy czat z dziewczynami jest bezpo\u015bredni, spontaniczny i prawdziwy.<\/p>\n<p>Dzi\u0119ki nowoczesnym platformom, takim jak StrangerCam, mo\u017cesz natychmiast \u0142\u0105czy\u0107 si\u0119 z dziewczynami na ca\u0142ym \u015bwiecie - bez rejestracji, bez pobierania i bez ukrytych koszt\u00f3w. Niezale\u017cnie od tego, czy szukasz przyja\u017ani, niezobowi\u0105zuj\u0105cego flirtu, czy po prostu ciekawego sposobu na sp\u0119dzenie czasu, darmowy czat z dziewczynami to jeden z najbardziej ekscytuj\u0105cych sposob\u00f3w na poznanie nowych ludzi w 2025 roku.<\/p>\n<p>Ten przewodnik obejmuje wszystko, co musisz wiedzie\u0107: co oznacza darmowy losowy czat z dziewczynami, dlaczego jest tak popularny, jak dzia\u0142a, kt\u00f3re funkcje s\u0105 najwa\u017cniejsze, por\u00f3wnania platform, wskaz\u00f3wki dotycz\u0105ce bezpiecze\u0144stwa i dlaczego StrangerCam jest obecnie najlepszym wyborem.<\/p>\n<h2>Czym jest darmowy czat z dziewczynami?<\/h2>\n<p>Darmowy czat z dziewczynami to us\u0142uga online, kt\u00f3ra umo\u017cliwia natychmiastowe \u0142\u0105czenie si\u0119 z u\u017cytkowniczkami za po\u015brednictwem czatu wideo na \u017cywo lub czatu tekstowego. W przeciwie\u0144stwie do aplikacji randkowych, kt\u00f3re wymagaj\u0105 przeci\u0105gni\u0119\u0107 palcem lub d\u0142ugich rejestracji, czat losowy jest szybki - w\u0142\u0105czasz kamer\u0119, klikasz start i w ci\u0105gu kilku sekund stajesz twarz\u0105 w twarz z dziewczyn\u0105, kt\u00f3ra chce porozmawia\u0107.<\/p>\n<p>Najlepsze platformy oferuj\u0105 prawdziwe filtry p\u0142ci, dzi\u0119ki czemu mo\u017cesz wybra\u0107 dopasowanie tylko do dziewcz\u0105t i nie ukrywaj\u0105 tej funkcji za paywallem.<\/p>\n<h2>Dlaczego ludzie kochaj\u0105 losowy czat z dziewczynami<\/h2>\n<p>Popularno\u015b\u0107 darmowych czat\u00f3w z dziewczynami gwa\u0142townie wzros\u0142a, poniewa\u017c:<\/p>\n<ul>\n<li>Spontaniczna zabawa: Ka\u017cde po\u0142\u0105czenie jest nowe i nieprzewidywalne.<\/li>\n<li>Autentyczno\u015b\u0107: Czaty wideo dowodz\u0105, \u017ce rozmawiasz z prawdziw\u0105 dziewczyn\u0105, a nie botem.<\/li>\n<li>Natychmiastowa chemia: Nie musisz czeka\u0107 - od razu zobaczysz, czy do siebie pasujecie.<\/li>\n<li>Flirt i przyja\u017a\u0144: \u015awietny do niezobowi\u0105zuj\u0105cej zabawy lub nawi\u0105zywania prawdziwych znajomo\u015bci.<\/li>\n<li>Bez zobowi\u0105za\u0144: Nie s\u0105 wymagane \u017cadne rejestracje ani konta.<\/li>\n<li>Globalny zasi\u0119g: Poznaj dziewczyny z ca\u0142ego \u015bwiata.<\/li>\n<\/ul>\n<h2>Jak dzia\u0142a darmowy czat z dziewczynami?<\/h2>\n<p>Proces jest szybki i prosty:<\/p>\n<ol>\n<li>Otw\u00f3rz platform\u0119 (stacjonarn\u0105 lub mobiln\u0105).<\/li>\n<li>Zezw\u00f3l na dost\u0119p do kamery i mikrofonu.<\/li>\n<li>Wybierz filtr p\u0142ci (dziewczynki).<\/li>\n<li>Kliknij \"Rozpocznij czat\".<\/li>\n<li>Natychmiastowe po\u0142\u0105czenie z przypadkow\u0105 dziewczyn\u0105.<\/li>\n<li>Kliknij \"Dalej\" w dowolnym momencie, aby pozna\u0107 kogo\u015b nowego.<\/li>\n<\/ol>\n<p>Niekt\u00f3re platformy oferuj\u0105 r\u00f3wnie\u017c funkcje takie jak filtry lokalizacji, t\u0142umaczenia lub aplikacje mobilne do czatowania w podr\u00f3\u017cy.<\/p>\n<h2>Najwa\u017cniejsze cechy, kt\u00f3rych nale\u017cy szuka\u0107<\/h2>\n<p>Je\u015bli chcesz mie\u0107 najlepszy losowy czat z dziewczynami, upewnij si\u0119, \u017ce platforma zawiera:<\/p>\n<h3>1. Prawdziwie wolny filtr p\u0142ci<\/h3>\n<p>Wiele witryn twierdzi, \u017ce umo\u017cliwia dopasowywanie si\u0119 do dziewczyn, ale wymaga p\u0142atno\u015bci. Poszukaj platformy, na kt\u00f3rej jest to bezp\u0142atne.<\/p>\n<h3>2. Nie jest wymagana rejestracja<\/h3>\n<p>Zachowaj anonimowo\u015b\u0107 i unikaj podawania danych osobowych.<\/p>\n<h3>3. Silne umiarkowanie<\/h3>\n<p>Aktywne raportowanie i moderacja zapewniaj\u0105 bezpiecze\u0144stwo przestrzeni.<\/p>\n<h3>4. Wysokiej jako\u015bci obraz i d\u017awi\u0119k<\/h3>\n<p>P\u0142ynne po\u0142\u0105czenia sprawiaj\u0105, \u017ce czatowanie jest przyjemniejsze.<\/p>\n<h3>5. Projekt przyjazny dla urz\u0105dze\u0144 mobilnych<\/h3>\n<p>Upewnij si\u0119, \u017ce dzia\u0142a zar\u00f3wno na telefonach, jak i komputerach stacjonarnych.<\/p>\n<h2>Najlepszy darmowy czat z dziewczynami na platformach w 2025 roku<\/h2>\n<p>Oto por\u00f3wnanie najlepszych platform do przypadkowych rozm\u00f3w z dziewczynami:<\/p>\n<table>\n<thead>\n<tr>\n<th>Platforma<\/th>\n<th align=\"center\">Bezp\u0142atny dost\u0119p<\/th>\n<th align=\"center\">Filtr p\u0142ci<\/th>\n<th align=\"center\">Wymagana rejestracja<\/th>\n<th align=\"center\">Wsparcie mobilne<\/th>\n<th align=\"center\">Moderacja<\/th>\n<th>Uwagi<\/th>\n<\/tr>\n<\/thead>\n<tbody>\n<tr>\n<td>StrangerCam<\/td>\n<td align=\"center\">\u2705<\/td>\n<td align=\"center\">\u2705 (Free)<\/td>\n<td align=\"center\">\u274c<\/td>\n<td align=\"center\">\u2705<\/td>\n<td align=\"center\">\u2705<\/td>\n<td>Najlepszy wyb\u00f3r dla darmowych czat\u00f3w z dziewczynami<\/td>\n<\/tr>\n<tr>\n<td><a href=\"https:\/\/strangercam.com\/pl\/chatroulette\/\">Chatroulette<\/a><\/td>\n<td align=\"center\">\u2705<\/td>\n<td align=\"center\">\u274c (p\u0142atne)<\/td>\n<td align=\"center\">\u274c<\/td>\n<td align=\"center\">\u2705<\/td>\n<td align=\"center\">\u2705<\/td>\n<td>Klasyka, ale bez darmowych filtr\u00f3w<\/td>\n<\/tr>\n<tr>\n<td>Chatrandom<\/td>\n<td align=\"center\">\u2705<\/td>\n<td align=\"center\">\u274c (p\u0142atne)<\/td>\n<td align=\"center\">\u274c<\/td>\n<td align=\"center\">\u2705<\/td>\n<td align=\"center\">\u2705<\/td>\n<td>Popularny, ale wymaga aktualizacji<\/td>\n<\/tr>\n<tr>\n<td>Shagle<\/td>\n<td align=\"center\">\u2705<\/td>\n<td align=\"center\">\u274c (p\u0142atne)<\/td>\n<td align=\"center\">\u274c<\/td>\n<td align=\"center\">\u2705<\/td>\n<td align=\"center\">\u2705<\/td>\n<td>Darmowe na pocz\u0105tek, filtry premium zablokowane<\/td>\n<\/tr>\n<tr>\n<td><a href=\"https:\/\/strangercam.com\/pl\/coomeet\/\">CooMeet<\/a><\/td>\n<td align=\"center\">\u274c (Trial)<\/td>\n<td align=\"center\">\u2705<\/td>\n<td align=\"center\">\u2705<\/td>\n<td align=\"center\">\u2705<\/td>\n<td align=\"center\">\u2705<\/td>\n<td>P\u0142atne po kr\u00f3tkim okresie pr\u00f3bnym<\/td>\n<\/tr>\n<tr>\n<td>LuckyCrush<\/td>\n<td align=\"center\">\u274c<\/td>\n<td align=\"center\">\u2705<\/td>\n<td align=\"center\">\u2705<\/td>\n<td align=\"center\">\u2705<\/td>\n<td align=\"center\">\u2705<\/td>\n<td>Zawsze p\u0142atne, zale\u017cne od p\u0142ci<\/td>\n<\/tr>\n<\/tbody>\n<\/table>\n<p>StrangerCam wyr\u00f3\u017cnia si\u0119 jako jedna z niewielu platform oferuj\u0105cych darmowy filtr p\u0142ci, dzi\u0119ki czemu mo\u017cesz natychmiast rozmawia\u0107 z dziewczynami - bez rejestracji i ukrytych op\u0142at.<\/p>\n<h2>Dlaczego StrangerCam to najlepszy wyb\u00f3r<\/h2>\n<p>Oto dlaczego StrangerCam jest najlepszym wyborem do losowego czatowania z dziewczynami w 2025 roku:<\/p>\n<h3>1. Darmowy filtr p\u0142ci<\/h3>\n<p>W przeciwie\u0144stwie do innych platform, StrangerCam pozwala \u0142\u0105czy\u0107 si\u0119 z dziewczynami bez p\u0142acenia.<\/p>\n<h3>2. Ca\u0142kowicie darmowy i nieograniczony<\/h3>\n<p>Brak ukrytych op\u0142at, brak systemu kredytowego - po prostu nieograniczona liczba czat\u00f3w.<\/p>\n<h3>3. Rejestracja nie jest wymagana<\/h3>\n<p>Zachowaj anonimowo\u015b\u0107 i po\u0142\u0105cz si\u0119 w kilka sekund.<\/p>\n<h3>4. Bezpieczny i moderowany<\/h3>\n<p>Aktywna moderacja sprawia, \u017ce do\u015bwiadczenie jest bezpieczniejsze ni\u017c w przypadku wi\u0119kszo\u015bci platform.<\/p>\n<h3>5. Dzia\u0142a na wszystkich urz\u0105dzeniach<\/h3>\n<p>Zoptymalizowany dla telefon\u00f3w, tablet\u00f3w i komputer\u00f3w stacjonarnych.<\/p>\n<h3>6. Globalna baza u\u017cytkownik\u00f3w p\u0142ci \u017ce\u0144skiej<\/h3>\n<p>Poznaj dziewczyny z ponad 100 kraj\u00f3w.<\/p>\n<h2>Prawdziwe opinie u\u017cytkownik\u00f3w<\/h2>\n<blockquote><p><em>\"Pr\u00f3bowa\u0142em innych stron, ale wszystkie kaza\u0142y mi p\u0142aci\u0107 za czatowanie z dziewczynami. StrangerCam pozwala mi to robi\u0107 za darmo\".<\/em><br \/>\n- Daniel, 28 lat<\/p><\/blockquote>\n<blockquote><p><em>\"Zaprzyja\u017ani\u0142am si\u0119 z dziewczynami z trzech r\u00f3\u017cnych kraj\u00f3w. To \u015bwietna zabawa i poczucie bezpiecze\u0144stwa\".<\/em><br \/>\n- Sophia, 22 lata<\/p><\/blockquote>\n<blockquote><p><em>\"Filtr p\u0142ci dzia\u0142a bez ukrytych op\u0142at - w ko\u0144cu strona, kt\u00f3ra to zapewnia\".<\/em><br \/>\n- Ryan, 30<\/p><\/blockquote>\n<blockquote><p><em>\"Szybko, przyjemnie i za darmo. StrangerCam to moje ulubione miejsce do przypadkowych rozm\u00f3w z dziewczynami\".<\/em><br \/>\n- Leah, lat 19<\/p><\/blockquote>\n<h2>Wskaz\u00f3wki bezpiecze\u0144stwa dotycz\u0105ce losowego czatu z dziewczynami<\/h2>\n<p>Chocia\u017c czatowanie online jest przyjemne, zawsze nale\u017cy zachowa\u0107 bezpiecze\u0144stwo:<\/p>\n<ul>\n<li>Nie udost\u0119pniaj danych osobowych, takich jak numer telefonu czy adres.<\/li>\n<li>Unikaj klikania link\u00f3w od nieznajomych.<\/li>\n<li>U\u017cyj przycisku \"Dalej\", je\u015bli czujesz si\u0119 niekomfortowo.<\/li>\n<li>Sprawd\u017a t\u0142o przed w\u0142\u0105czeniem kamery internetowej.<\/li>\n<li>Trzymaj si\u0119 narz\u0119dzi platformy do raportowania lub blokowania.<\/li>\n<li>Przestrzegaj zasad dotycz\u0105cych wieku - nie u\u017cywaj, je\u015bli masz mniej ni\u017c 18 lat.<\/li>\n<\/ul>\n<h2>Jak zacz\u0105\u0107 - krok po kroku<\/h2>\n<p>Rozpocz\u0119cie darmowego, losowego czatu z dziewczynami zajmuje tylko kilka sekund:<\/p>\n<ol>\n<li>Otw\u00f3rz StrangerCam na swoim urz\u0105dzeniu.<\/li>\n<li>Zezw\u00f3l na dost\u0119p do kamery i mikrofonu.<\/li>\n<li>Wybierz filtr p\u0142ci (dziewczynki).<\/li>\n<li>Kliknij przycisk Rozpocznij czat.<\/li>\n<li>Naci\u015bnij Next w dowolnym momencie, aby pozna\u0107 kogo\u015b nowego.<\/li>\n<\/ol>\n<p>Szybka, prosta i ca\u0142kowicie darmowa.<\/p>\n<p>W 2025 roku darmowy czat z dziewczynami jest jednym z najbardziej ekscytuj\u0105cych i autentycznych sposob\u00f3w na poznawanie nowych ludzi online. W przeciwie\u0144stwie do aplikacji randkowych lub medi\u00f3w spo\u0142eczno\u015bciowych, jest spontaniczny, prawdziwy i natychmiastowy.<\/p>\n<p>Jednak nie ka\u017cda witryna to zapewnia - wiele z nich blokuje funkcje za p\u0142atnymi zaporami lub zalewa czaty botami. W\u0142a\u015bnie dlatego StrangerCam jest najlepszym wyborem: darmowy, bezpieczny, globalny i zawsze pe\u0142en prawdziwych u\u017cytkownik\u00f3w.<\/p>\n<p>Gotowy, aby si\u0119 po\u0142\u0105czy\u0107? Rozpocznij darmowy losowy czat z dziewczynami ju\u017c dzi\u015b i zobacz, kogo spotkasz w przysz\u0142o\u015bci.<\/p>","protected":false},"excerpt":{"rendered":"<p>Are you searching for a free random chat with girls? You\u2019re not the only one. Millions of people every month look for simple, instant, and fun ways to connect with girls online. Unlike dating apps or social media, which can feel slow or full of fake profiles, random chat with girls is direct, spontaneous, and [&hellip;]<\/p>\n","protected":false},"author":8,"featured_media":0,"parent":0,"menu_order":0,"comment_status":"closed","ping_status":"closed","template":"","meta":{"footnotes":""},"class_list":["post-4831","page","type-page","status-publish","hentry"],"yoast_head":"<!-- This site is optimized with the Yoast SEO plugin v27.4 - https:\/\/yoast.com\/product\/yoast-seo-wordpress\/ -->\n<title>Free Random Chat With Girls - StrangerCam.com: Cam With Strangers<\/title>\n<meta name=\"description\" content=\"Free Random Chat With Girls anonymously with over 5.000.000 strangers. No Sign-Up Required! Cam with strangers on StrangerCam.com.\" \/>\n<meta name=\"robots\" content=\"index, follow, max-snippet:-1, max-image-preview:large, max-video-preview:-1\" \/>\n<link rel=\"canonical\" href=\"https:\/\/strangercam.com\/pl\/darmowy-losowy-czat-z-dziewczynami\/\" \/>\n<meta property=\"og:locale\" content=\"pl_PL\" \/>\n<meta property=\"og:type\" content=\"article\" \/>\n<meta property=\"og:title\" content=\"Free Random Chat With Girls - StrangerCam.com: Cam With Strangers\" \/>\n<meta property=\"og:description\" content=\"Free Random Chat With Girls anonymously with over 5.000.000 strangers. No Sign-Up Required! Cam with strangers on StrangerCam.com.\" \/>\n<meta property=\"og:url\" content=\"https:\/\/strangercam.com\/pl\/darmowy-losowy-czat-z-dziewczynami\/\" \/>\n<meta property=\"og:site_name\" content=\"Strangercam\" \/>\n<meta property=\"article:publisher\" content=\"https:\/\/www.facebook.com\/strangercam\" \/>\n<meta property=\"article:modified_time\" content=\"2025-09-23T10:38:49+00:00\" \/>\n<meta property=\"og:image\" content=\"https:\/\/strangercam.com\/wp-content\/uploads\/2021\/10\/Untitled-2.png\" \/>\n\t<meta property=\"og:image:width\" content=\"800\" \/>\n\t<meta property=\"og:image:height\" content=\"532\" \/>\n\t<meta property=\"og:image:type\" content=\"image\/png\" \/>\n<meta name=\"twitter:card\" content=\"summary_large_image\" \/>\n<meta name=\"twitter:site\" content=\"@strangercamapp\" \/>\n<meta name=\"twitter:label1\" content=\"Szacowany czas czytania\" \/>\n\t<meta name=\"twitter:data1\" content=\"4 minuty\" \/>\n<script type=\"application\/ld+json\" class=\"yoast-schema-graph\">{\"@context\":\"https:\\\/\\\/schema.org\",\"@graph\":[{\"@type\":\"WebPage\",\"@id\":\"https:\\\/\\\/strangercam.com\\\/free-random-chat-with-girls\\\/\",\"url\":\"https:\\\/\\\/strangercam.com\\\/free-random-chat-with-girls\\\/\",\"name\":\"Free Random Chat With Girls - StrangerCam.com: Cam With Strangers\",\"isPartOf\":{\"@id\":\"https:\\\/\\\/strangercam.com\\\/#website\"},\"datePublished\":\"2025-09-23T09:00:01+00:00\",\"dateModified\":\"2025-09-23T10:38:49+00:00\",\"description\":\"Free Random Chat With Girls anonymously with over 5.000.000 strangers. No Sign-Up Required! Cam with strangers on StrangerCam.com.\",\"breadcrumb\":{\"@id\":\"https:\\\/\\\/strangercam.com\\\/free-random-chat-with-girls\\\/#breadcrumb\"},\"inLanguage\":\"pl-PL\",\"potentialAction\":[{\"@type\":\"ReadAction\",\"target\":[\"https:\\\/\\\/strangercam.com\\\/free-random-chat-with-girls\\\/\"]}]},{\"@type\":\"BreadcrumbList\",\"@id\":\"https:\\\/\\\/strangercam.com\\\/free-random-chat-with-girls\\\/#breadcrumb\",\"itemListElement\":[{\"@type\":\"ListItem\",\"position\":1,\"name\":\"Home\",\"item\":\"https:\\\/\\\/strangercam.com\\\/\"},{\"@type\":\"ListItem\",\"position\":2,\"name\":\"Free Random Chat With Girls\"}]},{\"@type\":\"WebSite\",\"@id\":\"https:\\\/\\\/strangercam.com\\\/#website\",\"url\":\"https:\\\/\\\/strangercam.com\\\/\",\"name\":\"Strangercam\",\"description\":\"Random Video Chat with Strangers\",\"publisher\":{\"@id\":\"https:\\\/\\\/strangercam.com\\\/#organization\"},\"alternateName\":\"Strangercam.com\",\"potentialAction\":[{\"@type\":\"SearchAction\",\"target\":{\"@type\":\"EntryPoint\",\"urlTemplate\":\"https:\\\/\\\/strangercam.com\\\/?s={search_term_string}\"},\"query-input\":{\"@type\":\"PropertyValueSpecification\",\"valueRequired\":true,\"valueName\":\"search_term_string\"}}],\"inLanguage\":\"pl-PL\"},{\"@type\":\"Organization\",\"@id\":\"https:\\\/\\\/strangercam.com\\\/#organization\",\"name\":\"Strangercam\",\"alternateName\":\"Strangercam.com\",\"url\":\"https:\\\/\\\/strangercam.com\\\/\",\"logo\":{\"@type\":\"ImageObject\",\"inLanguage\":\"pl-PL\",\"@id\":\"https:\\\/\\\/strangercam.com\\\/#\\\/schema\\\/logo\\\/image\\\/\",\"url\":\"https:\\\/\\\/strangercam.com\\\/wp-content\\\/uploads\\\/2020\\\/11\\\/cropped-new-favicon-black.png\",\"contentUrl\":\"https:\\\/\\\/strangercam.com\\\/wp-content\\\/uploads\\\/2020\\\/11\\\/cropped-new-favicon-black.png\",\"width\":512,\"height\":512,\"caption\":\"Strangercam\"},\"image\":{\"@id\":\"https:\\\/\\\/strangercam.com\\\/#\\\/schema\\\/logo\\\/image\\\/\"},\"sameAs\":[\"https:\\\/\\\/www.facebook.com\\\/strangercam\",\"https:\\\/\\\/x.com\\\/strangercamapp\"]}]}<\/script>\n<!-- \/ Yoast SEO plugin. -->","yoast_head_json":{"title":"Darmowy Losowy Czat z Dziewczynami - StrangerCam.com: Cam Z Nieznajomymi","description":"Darmowy Losowy Czat z Dziewczynami anonimowo z ponad 5.000.000 nieznajomych. Rejestracja nie jest wymagana! Cam z nieznajomymi na StrangerCam.com.","robots":{"index":"index","follow":"follow","max-snippet":"max-snippet:-1","max-image-preview":"max-image-preview:large","max-video-preview":"max-video-preview:-1"},"canonical":"https:\/\/strangercam.com\/pl\/darmowy-losowy-czat-z-dziewczynami\/","og_locale":"pl_PL","og_type":"article","og_title":"Free Random Chat With Girls - StrangerCam.com: Cam With Strangers","og_description":"Free Random Chat With Girls anonymously with over 5.000.000 strangers. No Sign-Up Required! Cam with strangers on StrangerCam.com.","og_url":"https:\/\/strangercam.com\/pl\/darmowy-losowy-czat-z-dziewczynami\/","og_site_name":"Strangercam","article_publisher":"https:\/\/www.facebook.com\/strangercam","article_modified_time":"2025-09-23T10:38:49+00:00","og_image":[{"width":800,"height":532,"url":"https:\/\/strangercam.com\/wp-content\/uploads\/2021\/10\/Untitled-2.png","type":"image\/png"}],"twitter_card":"summary_large_image","twitter_site":"@strangercamapp","twitter_misc":{"Szacowany czas czytania":"4 minuty"},"schema":{"@context":"https:\/\/schema.org","@graph":[{"@type":"WebPage","@id":"https:\/\/strangercam.com\/free-random-chat-with-girls\/","url":"https:\/\/strangercam.com\/free-random-chat-with-girls\/","name":"Darmowy Losowy Czat z Dziewczynami - StrangerCam.com: Cam Z Nieznajomymi","isPartOf":{"@id":"https:\/\/strangercam.com\/#website"},"datePublished":"2025-09-23T09:00:01+00:00","dateModified":"2025-09-23T10:38:49+00:00","description":"Darmowy Losowy Czat z Dziewczynami anonimowo z ponad 5.000.000 nieznajomych. Rejestracja nie jest wymagana! Cam z nieznajomymi na StrangerCam.com.","breadcrumb":{"@id":"https:\/\/strangercam.com\/free-random-chat-with-girls\/#breadcrumb"},"inLanguage":"pl-PL","potentialAction":[{"@type":"ReadAction","target":["https:\/\/strangercam.com\/free-random-chat-with-girls\/"]}]},{"@type":"BreadcrumbList","@id":"https:\/\/strangercam.com\/free-random-chat-with-girls\/#breadcrumb","itemListElement":[{"@type":"ListItem","position":1,"name":"Home","item":"https:\/\/strangercam.com\/"},{"@type":"ListItem","position":2,"name":"Free Random Chat With Girls"}]},{"@type":"WebSite","@id":"https:\/\/strangercam.com\/#website","url":"https:\/\/strangercam.com\/","name":"Strangercam","description":"Losowy czat wideo z nieznajomymi","publisher":{"@id":"https:\/\/strangercam.com\/#organization"},"alternateName":"Strangercam.com","potentialAction":[{"@type":"SearchAction","target":{"@type":"EntryPoint","urlTemplate":"https:\/\/strangercam.com\/?s={search_term_string}"},"query-input":{"@type":"PropertyValueSpecification","valueRequired":true,"valueName":"search_term_string"}}],"inLanguage":"pl-PL"},{"@type":"Organization","@id":"https:\/\/strangercam.com\/#organization","name":"Strangercam","alternateName":"Strangercam.com","url":"https:\/\/strangercam.com\/","logo":{"@type":"ImageObject","inLanguage":"pl-PL","@id":"https:\/\/strangercam.com\/#\/schema\/logo\/image\/","url":"https:\/\/strangercam.com\/wp-content\/uploads\/2020\/11\/cropped-new-favicon-black.png","contentUrl":"https:\/\/strangercam.com\/wp-content\/uploads\/2020\/11\/cropped-new-favicon-black.png","width":512,"height":512,"caption":"Strangercam"},"image":{"@id":"https:\/\/strangercam.com\/#\/schema\/logo\/image\/"},"sameAs":["https:\/\/www.facebook.com\/strangercam","https:\/\/x.com\/strangercamapp"]}]}},"_links":{"self":[{"href":"https:\/\/strangercam.com\/pl\/wp-json\/wp\/v2\/pages\/4831","targetHints":{"allow":["GET"]}}],"collection":[{"href":"https:\/\/strangercam.com\/pl\/wp-json\/wp\/v2\/pages"}],"about":[{"href":"https:\/\/strangercam.com\/pl\/wp-json\/wp\/v2\/types\/page"}],"author":[{"embeddable":true,"href":"https:\/\/strangercam.com\/pl\/wp-json\/wp\/v2\/users\/8"}],"replies":[{"embeddable":true,"href":"https:\/\/strangercam.com\/pl\/wp-json\/wp\/v2\/comments?post=4831"}],"version-history":[{"count":2,"href":"https:\/\/strangercam.com\/pl\/wp-json\/wp\/v2\/pages\/4831\/revisions"}],"predecessor-version":[{"id":13040,"href":"https:\/\/strangercam.com\/pl\/wp-json\/wp\/v2\/pages\/4831\/revisions\/13040"}],"wp:attachment":[{"href":"https:\/\/strangercam.com\/pl\/wp-json\/wp\/v2\/media?parent=4831"}],"curies":[{"name":"wp","href":"https:\/\/api.w.org\/{rel}","templated":true}]}}