{"id":4141,"date":"2025-09-08T08:04:51","date_gmt":"2025-09-08T06:04:51","guid":{"rendered":"https:\/\/strangercam.com\/?page_id=4141"},"modified":"2025-09-08T10:12:00","modified_gmt":"2025-09-08T08:12:00","slug":"randki-z-kamerka","status":"publish","type":"page","link":"https:\/\/strangercam.com\/pl\/cam-dating\/","title":{"rendered":"Cam Dating"},"content":{"rendered":"<p>Czy jeste\u015b ciekawy <a href=\"https:\/\/strangercam.com\/pl\/bazoocam\/\">krzywka<\/a> randki? Nie jeste\u015b sam. Coraz wi\u0119cej os\u00f3b korzysta z czat\u00f3w wideo online jako zabawnego i autentycznego sposobu na nawi\u0105zanie kontaktu. W przeciwie\u0144stwie do tradycyjnych aplikacji randkowych, w kt\u00f3rych rozmowy mog\u0105 wydawa\u0107 si\u0119 powolne lub fa\u0142szywe, randki przed kamer\u0105 pozwalaj\u0105 natychmiast zobaczy\u0107 i porozmawia\u0107 z kim\u015b. Jest to osobiste, prawdziwe i cz\u0119sto bardziej ekscytuj\u0105ce ni\u017c zwyk\u0142e przesuwanie profili.<\/p>\n<p>Dzi\u0119ki platformom takim jak StrangerCam mo\u017cesz rozpocz\u0105\u0107 <a href=\"https:\/\/strangercam.com\/pl\/cam-to-cam-chat\/\">darmowa kamerka<\/a> ju\u017c teraz - bez rejestracji, bez pobierania i bez ukrytych koszt\u00f3w. Niezale\u017cnie od tego, czy szukasz przyja\u017ani, niezobowi\u0105zuj\u0105cego flirtu, czy czego\u015b powa\u017cniejszego, randki przed kamer\u0105 to jeden z najszybciej rozwijaj\u0105cych si\u0119 sposob\u00f3w poznawania nowych ludzi w 2025 roku.<\/p>\n<p>Ten przewodnik obejmuje wszystko, co musisz wiedzie\u0107: czym s\u0105 randki przed kamer\u0105, dlaczego s\u0105 tak popularne, jak dzia\u0142aj\u0105, jakich funkcji szuka\u0107, por\u00f3wnanie najlepszych platform, wskaz\u00f3wki dotycz\u0105ce bezpiecze\u0144stwa i dlaczego StrangerCam jest obecnie jednym z najlepszych wybor\u00f3w do darmowych randek przed kamer\u0105.<\/p>\n<h2>Czym jest randkowanie przed kamer\u0105?<\/h2>\n<p>Randki przed kamer\u0105 to forma randkowania online, kt\u00f3ra wykorzystuje wideo na \u017cywo <a href=\"https:\/\/strangercam.com\/pl\/chathub\/\">czat<\/a> aby po\u0142\u0105czy\u0107 dwie osoby twarz\u0105 w twarz w czasie rzeczywistym. Zamiast przewija\u0107 nieko\u0144cz\u0105ce si\u0119 profile lub czeka\u0107 na dopasowanie, randki przed kamer\u0105 koncentruj\u0105 si\u0119 na natychmiastowej chemii - natychmiast widzisz drug\u0105 osob\u0119 i decydujesz, czy klimat jest odpowiedni.<\/p>\n<p>Format jest prywatny, prosty i bezpo\u015bredni. W\u0142\u0105czasz kamer\u0119, klikasz \"Start\" i natychmiast zostajesz po\u0142\u0105czony z kim\u015b, kto r\u00f3wnie\u017c szuka rozmowy. Je\u015bli to nie zadzia\u0142a, naci\u015bnij przycisk Dalej, a zostaniesz dopasowany do kogo\u015b innego.<\/p>\n<h2>Dlaczego ludzie kochaj\u0105 darmowe randki przed kamer\u0105<\/h2>\n<p>Atrakcyjno\u015b\u0107 darmowych randek przed kamer\u0105 jest oczywista:<\/p>\n<ul>\n<li>Autentyczno\u015b\u0107: Wiesz, \u017ce dana osoba jest prawdziwa, a nie jest fa\u0142szywym profilem lub botem.<\/li>\n<li>Natychmiastowa chemia: Bez czekania - szybko zdecyduj, czy mi\u0119dzy wami zaiskrzy\u0142o.<\/li>\n<li>Spontaniczno\u015b\u0107: Ka\u017cdy czat wideo jest wyj\u0105tkowy i nieprzewidywalny.<\/li>\n<li>Prywatno\u015b\u0107: W przeciwie\u0144stwie do pokoi grupowych, randki przed kamer\u0105 s\u0105 jeden na jednego.<\/li>\n<li>Globalny zasi\u0119g: Poznawaj ludzi z ca\u0142ego \u015bwiata 24\/7.<\/li>\n<li>Zabawa i ekscytacja: Po\u0142\u0105czenie flirtu, przyja\u017ani i wymiany kulturowej.<\/li>\n<\/ul>\n<h2>Jak dzia\u0142aj\u0105 randki przed kamer\u0105?<\/h2>\n<p>Rozpocz\u0119cie korzystania z randek przed kamer\u0105 jest proste:<\/p>\n<ol>\n<li>Otw\u00f3rz platform\u0119 randkow\u0105 z kamerkami, tak\u0105 jak StrangerCam.<\/li>\n<li>Zezw\u00f3l na dost\u0119p do kamery i mikrofonu.<\/li>\n<li>Kliknij \"Rozpocznij czat\".<\/li>\n<li>Spotkaj si\u0119 z kim\u015b natychmiast w prywatnej rozmowie wideo.<\/li>\n<li>Kliknij \"Dalej\", aby przej\u015b\u0107 dalej, je\u015bli klimat nie jest odpowiedni.<\/li>\n<\/ol>\n<p>Ca\u0142y proces zajmuje mniej ni\u017c minut\u0119 i mo\u017ce prowadzi\u0107 do wielu godzin zabawnych, spontanicznych rozm\u00f3w.<\/p>\n<h2>Najwa\u017cniejsze cechy, kt\u00f3rych nale\u017cy szuka\u0107<\/h2>\n<p>Wybieraj\u0105c serwis randkowy z kamerkami, nale\u017cy pami\u0119ta\u0107 o tych funkcjach:<\/p>\n<h3>1. Prawdziwie darmowy dost\u0119p<\/h3>\n<p>Wiele witryn twierdzi, \u017ce s\u0105 darmowe, ale blokuje podstawowe funkcje za p\u0142atnymi zaporami. Szukaj nieograniczonego darmowego czatu.<\/p>\n<h3>2. Nie jest wymagana rejestracja<\/h3>\n<p>Najlepsze platformy randkowe z kamerkami pozwalaj\u0105 zacz\u0105\u0107 bez tworzenia konta.<\/p>\n<h3>3. Filtry p\u0142ci i lokalizacji<\/h3>\n<p>Pomocne w znajdowaniu os\u00f3b, kt\u00f3re pasuj\u0105 do Twoich preferencji.<\/p>\n<h3>4. Bezpieczny umiar<\/h3>\n<p>Silne narz\u0119dzia do raportowania i blokowania zapewniaj\u0105 bezpiecze\u0144stwo przestrzeni.<\/p>\n<h3>5. Do\u015bwiadczenie przyjazne dla urz\u0105dze\u0144 mobilnych<\/h3>\n<p>Upewnij si\u0119, \u017ce platforma dzia\u0142a tak samo dobrze na smartfonach, jak na komputerach stacjonarnych.<\/p>\n<h3>6. Wysoka jako\u015b\u0107 obrazu i d\u017awi\u0119ku<\/h3>\n<p>Jasne po\u0142\u0105czenia u\u0142atwiaj\u0105 budowanie chemii.<\/p>\n<h2>Najlepsze platformy randkowe z kamerami w 2025 roku<\/h2>\n<p>Oto por\u00f3wnanie najpopularniejszych platform do randkowania z kamerkami:<\/p>\n<table>\n<thead>\n<tr>\n<th>Platforma<\/th>\n<th align=\"center\">Bezp\u0142atny dost\u0119p<\/th>\n<th align=\"center\">Filtr p\u0142ci<\/th>\n<th align=\"center\">Wymagana rejestracja<\/th>\n<th align=\"center\">Wsparcie mobilne<\/th>\n<th align=\"center\">Moderacja<\/th>\n<th>Uwagi<\/th>\n<\/tr>\n<\/thead>\n<tbody>\n<tr>\n<td>StrangerCam<\/td>\n<td align=\"center\">\u2705<\/td>\n<td align=\"center\">\u2705 (Free)<\/td>\n<td align=\"center\">\u274c<\/td>\n<td align=\"center\">\u2705<\/td>\n<td align=\"center\">\u2705<\/td>\n<td>Najlepszy wyb\u00f3r na darmowe randki przed kamer\u0105<\/td>\n<\/tr>\n<tr>\n<td><a href=\"https:\/\/strangercam.com\/pl\/chatroulette\/\">Chatroulette<\/a><\/td>\n<td align=\"center\">\u2705<\/td>\n<td align=\"center\">\u274c (p\u0142atne)<\/td>\n<td align=\"center\">\u274c<\/td>\n<td align=\"center\">\u2705<\/td>\n<td align=\"center\">\u2705<\/td>\n<td>Klasyka, ale filtry p\u0142ciowe kosztuj\u0105<\/td>\n<\/tr>\n<tr>\n<td>Chatrandom<\/td>\n<td align=\"center\">\u2705<\/td>\n<td align=\"center\">\u274c (p\u0142atne)<\/td>\n<td align=\"center\">\u274c<\/td>\n<td align=\"center\">\u2705<\/td>\n<td align=\"center\">\u2705<\/td>\n<td>Du\u017ca baza u\u017cytkownik\u00f3w, wypychane aktualizacje<\/td>\n<\/tr>\n<tr>\n<td>Shagle<\/td>\n<td align=\"center\">\u2705<\/td>\n<td align=\"center\">\u274c (p\u0142atne)<\/td>\n<td align=\"center\">\u274c<\/td>\n<td align=\"center\">\u2705<\/td>\n<td align=\"center\">\u2705<\/td>\n<td>Wst\u0119p wolny, op\u0142ata za filtry<\/td>\n<\/tr>\n<tr>\n<td><a href=\"https:\/\/strangercam.com\/pl\/coomeet\/\">CooMeet<\/a><\/td>\n<td align=\"center\">\u274c (Trial)<\/td>\n<td align=\"center\">\u2705<\/td>\n<td align=\"center\">\u2705<\/td>\n<td align=\"center\">\u2705<\/td>\n<td align=\"center\">\u2705<\/td>\n<td>P\u0142atna platforma skupiaj\u0105ca si\u0119 na randkowaniu z dziewczynami<\/td>\n<\/tr>\n<tr>\n<td>LuckyCrush<\/td>\n<td align=\"center\">\u274c<\/td>\n<td align=\"center\">\u2705<\/td>\n<td align=\"center\">\u2705<\/td>\n<td align=\"center\">\u2705<\/td>\n<td align=\"center\">\u2705<\/td>\n<td>Zawsze p\u0142atne, dopasowuje m\u0119\u017cczyzn do kobiet<\/td>\n<\/tr>\n<\/tbody>\n<\/table>\n<p>W\u015br\u00f3d nich StrangerCam jest jedn\u0105 z niewielu platform oferuj\u0105cych darmowe randki przed kamer\u0105 bez rejestracji i z dzia\u0142aj\u0105cym filtrem p\u0142ci.<\/p>\n<h2>Dlaczego StrangerCam to najlepszy wyb\u00f3r<\/h2>\n<p>Oto dlaczego StrangerCam jest najlepszym wyborem do randek przed kamer\u0105 w 2025 roku:<\/p>\n<h3>1. Ca\u0142kowicie darmowy i nieograniczony<\/h3>\n<p>Brak ukrytych op\u0142at, wersji pr\u00f3bnych lub kredyt\u00f3w - rozmawiaj tyle, ile chcesz.<\/p>\n<h3>2. Darmowy filtr p\u0142ci<\/h3>\n<p>Wybierz, z kim chcesz si\u0119 spotka\u0107 - facetami, dziewczynami lub obojgiem - bez dodatkowych op\u0142at.<\/p>\n<h3>3. Prywatne czaty jeden na jednego<\/h3>\n<p>Skoncentrowane, osobiste rozmowy zamiast zat\u0142oczonych czat\u00f3w.<\/p>\n<h3>4. Nie jest wymagana rejestracja<\/h3>\n<p>Zachowaj anonimowo\u015b\u0107 i \u0142\u0105cz si\u0119 natychmiast.<\/p>\n<h3>5. Bezpieczny i moderowany<\/h3>\n<p>Aktywna moderacja powstrzymuje boty i nieodpowiednich u\u017cytkownik\u00f3w.<\/p>\n<h3>6. Dzia\u0142a na wszystkich urz\u0105dzeniach<\/h3>\n<p>Zoptymalizowany pod k\u0105tem komputer\u00f3w stacjonarnych, tablet\u00f3w i urz\u0105dze\u0144 mobilnych.<\/p>\n<h2>Prawdziwe opinie u\u017cytkownik\u00f3w<\/h2>\n<blockquote><p><em>\"Chcia\u0142am spr\u00f3bowa\u0107 randkowania przez kamerk\u0119, poniewa\u017c zwyk\u0142e aplikacje wydawa\u0142y mi si\u0119 zbyt powolne. StrangerCam zapewni\u0142 mi natychmiastowe po\u0142\u0105czenia i faktycznie znalaz\u0142em kogo\u015b, z kim regularnie czatuj\u0119\".<\/em><br \/>\n- David, 29 lat<\/p><\/blockquote>\n<blockquote><p><em>\"To bardziej realne ni\u017c przesuwanie palcem po aplikacjach. Od razu wiem, czy z kim\u015b si\u0119 polubi\u0119\".<\/em><br \/>\n- Sophia, 23 lata<\/p><\/blockquote>\n<blockquote><p><em>\"Wreszcie serwis randkowy z kamerkami, w kt\u00f3rym filtr p\u0142ci jest bezp\u0142atny i dzia\u0142a zgodnie z obietnic\u0105\".<\/em><br \/>\n- Ryan, 31<\/p><\/blockquote>\n<blockquote><p><em>\"Pozna\u0142em ju\u017c ludzi z trzech kontynent\u00f3w. To ekscytuj\u0105ce i o wiele bardziej zabawne ni\u017c tradycyjne randki online\".<\/em><br \/>\n- Leah, 20<\/p><\/blockquote>\n<h2>Wskaz\u00f3wki dotycz\u0105ce bezpiecze\u0144stwa podczas randek przed kamer\u0105<\/h2>\n<p>Chocia\u017c randkowanie przed kamer\u0105 jest zabawne i ekscytuj\u0105ce, pami\u0119taj o tych podstawowych zasadach bezpiecze\u0144stwa:<\/p>\n<ul>\n<li>Nie udost\u0119pniaj danych osobowych, takich jak numer telefonu, adres e-mail czy adres.<\/li>\n<li>Pomijaj lub blokuj ka\u017cdego, kto sprawia, \u017ce czujesz si\u0119 niekomfortowo.<\/li>\n<li>Nigdy nie klikaj podejrzanych link\u00f3w.<\/li>\n<li>Sprawd\u017a t\u0142o przed w\u0142\u0105czeniem kamery internetowej.<\/li>\n<li>Trzymaj si\u0119 narz\u0119dzi platformy do raportowania i blokowania.<\/li>\n<li>Przestrzegaj ogranicze\u0144 wiekowych - je\u015bli masz mniej ni\u017c 18 lat, nie korzystaj z serwis\u00f3w randkowych z kamerkami dla doros\u0142ych.<\/li>\n<\/ul>\n<h2>Jak zacz\u0105\u0107 - krok po kroku<\/h2>\n<p>Rozpocz\u0119cie randkowania przed kamer\u0105 zajmuje mniej ni\u017c minut\u0119:<\/p>\n<ol>\n<li>Otw\u00f3rz StrangerCam na swoim urz\u0105dzeniu.<\/li>\n<li>Zezw\u00f3l na dost\u0119p do kamery i mikrofonu.<\/li>\n<li>Wybierz swoje preferencje (takie jak filtry p\u0142ci).<\/li>\n<li>Kliknij przycisk Rozpocznij czat, aby natychmiast nawi\u0105za\u0107 po\u0142\u0105czenie.<\/li>\n<li>Je\u015bli nie ma iskry, naci\u015bnij przycisk Dalej, aby przej\u015b\u0107 dalej.<\/li>\n<\/ol>\n<p>Szybko, prosto i za darmo 100%.<\/p>\n<p>W 2025 r. randki przed kamerkami to jeden z najszybszych i najbardziej autentycznych sposob\u00f3w nawi\u0105zywania kontakt\u00f3w online. W przeciwie\u0144stwie do tradycyjnych aplikacji randkowych, jest twarz\u0105 w twarz, natychmiastowe i zabawne.<\/p>\n<p>Ale nie ka\u017cda platforma to zapewnia. Wiele z nich ukrywa istotne funkcje za p\u0142atnymi zaporami lub jest przepe\u0142nionych botami. W\u0142a\u015bnie dlatego StrangerCam jest najlepsz\u0105 opcj\u0105: jest darmowa, bezpieczna, prywatna i zawsze pe\u0142na prawdziwych u\u017cytkownik\u00f3w gotowych do nawi\u0105zania kontaktu.<\/p>\n<p>Gotowy, aby spr\u00f3bowa\u0107? Rozpocznij darmowe randki przed kamer\u0105 ju\u017c dzi\u015b i odkryj, kogo spotkasz w przysz\u0142o\u015bci.<\/p>","protected":false},"excerpt":{"rendered":"<p>Are you curious about cam dating? You\u2019re not alone. More and more people are turning to online video chats as a fun and authentic way to connect. Unlike traditional dating apps where conversations can feel slow or fake, cam dating lets you see and talk to someone instantly. It\u2019s personal, real, and often more exciting [&hellip;]<\/p>\n","protected":false},"author":8,"featured_media":0,"parent":0,"menu_order":0,"comment_status":"closed","ping_status":"closed","template":"","meta":{"footnotes":""},"class_list":["post-4141","page","type-page","status-publish","hentry"],"yoast_head":"<!-- This site is optimized with the Yoast SEO plugin v27.4 - https:\/\/yoast.com\/product\/yoast-seo-wordpress\/ -->\n<title>Cam Dating with Video Chat on Strangercam.com<\/title>\n<meta name=\"description\" content=\"Liking Cam Dating? Join millions on StrangerCam.com! Start a random video chat, turn on your cam, and meet strangers instantly.\" \/>\n<meta name=\"robots\" content=\"index, follow, max-snippet:-1, max-image-preview:large, max-video-preview:-1\" \/>\n<link rel=\"canonical\" href=\"https:\/\/strangercam.com\/pl\/randki-z-kamerka\/\" \/>\n<meta property=\"og:locale\" content=\"pl_PL\" \/>\n<meta property=\"og:type\" content=\"article\" \/>\n<meta property=\"og:title\" content=\"Cam Dating with Video Chat on Strangercam.com\" \/>\n<meta property=\"og:description\" content=\"Liking Cam Dating? Join millions on StrangerCam.com! Start a random video chat, turn on your cam, and meet strangers instantly.\" \/>\n<meta property=\"og:url\" content=\"https:\/\/strangercam.com\/pl\/randki-z-kamerka\/\" \/>\n<meta property=\"og:site_name\" content=\"Strangercam\" \/>\n<meta property=\"article:publisher\" content=\"https:\/\/www.facebook.com\/strangercam\" \/>\n<meta property=\"article:modified_time\" content=\"2025-09-08T08:12:00+00:00\" \/>\n<meta property=\"og:image\" content=\"https:\/\/strangercam.com\/wp-content\/uploads\/2021\/10\/Untitled-2.png\" \/>\n\t<meta property=\"og:image:width\" content=\"800\" \/>\n\t<meta property=\"og:image:height\" content=\"532\" \/>\n\t<meta property=\"og:image:type\" content=\"image\/png\" \/>\n<meta name=\"twitter:card\" content=\"summary_large_image\" \/>\n<meta name=\"twitter:site\" content=\"@strangercamapp\" \/>\n<meta name=\"twitter:label1\" content=\"Szacowany czas czytania\" \/>\n\t<meta name=\"twitter:data1\" content=\"4 minuty\" \/>\n<script type=\"application\/ld+json\" class=\"yoast-schema-graph\">{\"@context\":\"https:\\\/\\\/schema.org\",\"@graph\":[{\"@type\":\"WebPage\",\"@id\":\"https:\\\/\\\/strangercam.com\\\/cam-dating\\\/\",\"url\":\"https:\\\/\\\/strangercam.com\\\/cam-dating\\\/\",\"name\":\"Cam Dating with Video Chat on Strangercam.com\",\"isPartOf\":{\"@id\":\"https:\\\/\\\/strangercam.com\\\/#website\"},\"datePublished\":\"2025-09-08T06:04:51+00:00\",\"dateModified\":\"2025-09-08T08:12:00+00:00\",\"description\":\"Liking Cam Dating? Join millions on StrangerCam.com! Start a random video chat, turn on your cam, and meet strangers instantly.\",\"breadcrumb\":{\"@id\":\"https:\\\/\\\/strangercam.com\\\/cam-dating\\\/#breadcrumb\"},\"inLanguage\":\"pl-PL\",\"potentialAction\":[{\"@type\":\"ReadAction\",\"target\":[\"https:\\\/\\\/strangercam.com\\\/cam-dating\\\/\"]}]},{\"@type\":\"BreadcrumbList\",\"@id\":\"https:\\\/\\\/strangercam.com\\\/cam-dating\\\/#breadcrumb\",\"itemListElement\":[{\"@type\":\"ListItem\",\"position\":1,\"name\":\"Home\",\"item\":\"https:\\\/\\\/strangercam.com\\\/\"},{\"@type\":\"ListItem\",\"position\":2,\"name\":\"Cam Dating\"}]},{\"@type\":\"WebSite\",\"@id\":\"https:\\\/\\\/strangercam.com\\\/#website\",\"url\":\"https:\\\/\\\/strangercam.com\\\/\",\"name\":\"Strangercam\",\"description\":\"Random Video Chat with Strangers\",\"publisher\":{\"@id\":\"https:\\\/\\\/strangercam.com\\\/#organization\"},\"alternateName\":\"Strangercam.com\",\"potentialAction\":[{\"@type\":\"SearchAction\",\"target\":{\"@type\":\"EntryPoint\",\"urlTemplate\":\"https:\\\/\\\/strangercam.com\\\/?s={search_term_string}\"},\"query-input\":{\"@type\":\"PropertyValueSpecification\",\"valueRequired\":true,\"valueName\":\"search_term_string\"}}],\"inLanguage\":\"pl-PL\"},{\"@type\":\"Organization\",\"@id\":\"https:\\\/\\\/strangercam.com\\\/#organization\",\"name\":\"Strangercam\",\"alternateName\":\"Strangercam.com\",\"url\":\"https:\\\/\\\/strangercam.com\\\/\",\"logo\":{\"@type\":\"ImageObject\",\"inLanguage\":\"pl-PL\",\"@id\":\"https:\\\/\\\/strangercam.com\\\/#\\\/schema\\\/logo\\\/image\\\/\",\"url\":\"https:\\\/\\\/strangercam.com\\\/wp-content\\\/uploads\\\/2020\\\/11\\\/cropped-new-favicon-black.png\",\"contentUrl\":\"https:\\\/\\\/strangercam.com\\\/wp-content\\\/uploads\\\/2020\\\/11\\\/cropped-new-favicon-black.png\",\"width\":512,\"height\":512,\"caption\":\"Strangercam\"},\"image\":{\"@id\":\"https:\\\/\\\/strangercam.com\\\/#\\\/schema\\\/logo\\\/image\\\/\"},\"sameAs\":[\"https:\\\/\\\/www.facebook.com\\\/strangercam\",\"https:\\\/\\\/x.com\\\/strangercamapp\"]}]}<\/script>\n<!-- \/ Yoast SEO plugin. -->","yoast_head_json":{"title":"Randki przed kamer\u0105 z czatem wideo na Strangercam.com","description":"Lubisz randki przed kamer\u0105? Join miliony na StrangerCam.com! Rozpocznij losowy czat wideo, w\u0142\u0105cz kamer\u0119 i natychmiast poznawaj nieznajomych.","robots":{"index":"index","follow":"follow","max-snippet":"max-snippet:-1","max-image-preview":"max-image-preview:large","max-video-preview":"max-video-preview:-1"},"canonical":"https:\/\/strangercam.com\/pl\/randki-z-kamerka\/","og_locale":"pl_PL","og_type":"article","og_title":"Cam Dating with Video Chat on Strangercam.com","og_description":"Liking Cam Dating? Join millions on StrangerCam.com! Start a random video chat, turn on your cam, and meet strangers instantly.","og_url":"https:\/\/strangercam.com\/pl\/randki-z-kamerka\/","og_site_name":"Strangercam","article_publisher":"https:\/\/www.facebook.com\/strangercam","article_modified_time":"2025-09-08T08:12:00+00:00","og_image":[{"width":800,"height":532,"url":"https:\/\/strangercam.com\/wp-content\/uploads\/2021\/10\/Untitled-2.png","type":"image\/png"}],"twitter_card":"summary_large_image","twitter_site":"@strangercamapp","twitter_misc":{"Szacowany czas czytania":"4 minuty"},"schema":{"@context":"https:\/\/schema.org","@graph":[{"@type":"WebPage","@id":"https:\/\/strangercam.com\/cam-dating\/","url":"https:\/\/strangercam.com\/cam-dating\/","name":"Randki przed kamer\u0105 z czatem wideo na Strangercam.com","isPartOf":{"@id":"https:\/\/strangercam.com\/#website"},"datePublished":"2025-09-08T06:04:51+00:00","dateModified":"2025-09-08T08:12:00+00:00","description":"Lubisz randki przed kamer\u0105? Join miliony na StrangerCam.com! Rozpocznij losowy czat wideo, w\u0142\u0105cz kamer\u0119 i natychmiast poznawaj nieznajomych.","breadcrumb":{"@id":"https:\/\/strangercam.com\/cam-dating\/#breadcrumb"},"inLanguage":"pl-PL","potentialAction":[{"@type":"ReadAction","target":["https:\/\/strangercam.com\/cam-dating\/"]}]},{"@type":"BreadcrumbList","@id":"https:\/\/strangercam.com\/cam-dating\/#breadcrumb","itemListElement":[{"@type":"ListItem","position":1,"name":"Home","item":"https:\/\/strangercam.com\/"},{"@type":"ListItem","position":2,"name":"Cam Dating"}]},{"@type":"WebSite","@id":"https:\/\/strangercam.com\/#website","url":"https:\/\/strangercam.com\/","name":"Strangercam","description":"Losowy czat wideo z nieznajomymi","publisher":{"@id":"https:\/\/strangercam.com\/#organization"},"alternateName":"Strangercam.com","potentialAction":[{"@type":"SearchAction","target":{"@type":"EntryPoint","urlTemplate":"https:\/\/strangercam.com\/?s={search_term_string}"},"query-input":{"@type":"PropertyValueSpecification","valueRequired":true,"valueName":"search_term_string"}}],"inLanguage":"pl-PL"},{"@type":"Organization","@id":"https:\/\/strangercam.com\/#organization","name":"Strangercam","alternateName":"Strangercam.com","url":"https:\/\/strangercam.com\/","logo":{"@type":"ImageObject","inLanguage":"pl-PL","@id":"https:\/\/strangercam.com\/#\/schema\/logo\/image\/","url":"https:\/\/strangercam.com\/wp-content\/uploads\/2020\/11\/cropped-new-favicon-black.png","contentUrl":"https:\/\/strangercam.com\/wp-content\/uploads\/2020\/11\/cropped-new-favicon-black.png","width":512,"height":512,"caption":"Strangercam"},"image":{"@id":"https:\/\/strangercam.com\/#\/schema\/logo\/image\/"},"sameAs":["https:\/\/www.facebook.com\/strangercam","https:\/\/x.com\/strangercamapp"]}]}},"_links":{"self":[{"href":"https:\/\/strangercam.com\/pl\/wp-json\/wp\/v2\/pages\/4141","targetHints":{"allow":["GET"]}}],"collection":[{"href":"https:\/\/strangercam.com\/pl\/wp-json\/wp\/v2\/pages"}],"about":[{"href":"https:\/\/strangercam.com\/pl\/wp-json\/wp\/v2\/types\/page"}],"author":[{"embeddable":true,"href":"https:\/\/strangercam.com\/pl\/wp-json\/wp\/v2\/users\/8"}],"replies":[{"embeddable":true,"href":"https:\/\/strangercam.com\/pl\/wp-json\/wp\/v2\/comments?post=4141"}],"version-history":[{"count":2,"href":"https:\/\/strangercam.com\/pl\/wp-json\/wp\/v2\/pages\/4141\/revisions"}],"predecessor-version":[{"id":13014,"href":"https:\/\/strangercam.com\/pl\/wp-json\/wp\/v2\/pages\/4141\/revisions\/13014"}],"wp:attachment":[{"href":"https:\/\/strangercam.com\/pl\/wp-json\/wp\/v2\/media?parent=4141"}],"curies":[{"name":"wp","href":"https:\/\/api.w.org\/{rel}","templated":true}]}}