{"id":4124,"date":"2025-09-08T08:02:09","date_gmt":"2025-09-08T06:02:09","guid":{"rendered":"https:\/\/strangercam.com\/?page_id=4124"},"modified":"2025-09-08T10:06:04","modified_gmt":"2025-09-08T08:06:04","slug":"kamera-z-nieznajomymi","status":"publish","type":"page","link":"https:\/\/strangercam.com\/pl\/cam-with-strangers\/","title":{"rendered":"Cam With Strangers"},"content":{"rendered":"<p>Szukasz najlepszego sposobu na <a href=\"https:\/\/strangercam.com\/pl\/bazoocam\/\">krzywka<\/a> z nieznajomymi? Nie jeste\u015b sam. Miliony ludzi ka\u017cdego miesi\u0105ca szukaj\u0105 sposob\u00f3w na natychmiastowe nawi\u0105zanie kontaktu z nowymi osobami online za po\u015brednictwem czatu wideo na \u017cywo. W przeciwie\u0144stwie do sieci spo\u0142eczno\u015bciowych lub aplikacji randkowych, kt\u00f3re wymagaj\u0105 profili, rejestracji lub nieko\u0144cz\u0105cego si\u0119 przesuwania, rozmowa z nieznajomymi polega na spontaniczno\u015bci: w\u0142\u0105czasz kamer\u0119 internetow\u0105, naciskasz start i w ci\u0105gu kilku sekund stajesz twarz\u0105 w twarz z kim\u015b nowym.<\/p>\n<p>W 2025 roku platformy takie jak StrangerCam u\u0142atwiaj\u0105 czatowanie z nieznajomymi za darmo - bez rejestracji, bez pobierania i bez ukrytych op\u0142at. Niezale\u017cnie od tego, czy chcesz si\u0119 zaprzyja\u017ani\u0107, cieszy\u0107 si\u0119 swobodnymi rozmowami, troch\u0119 poflirtowa\u0107, czy po prostu sp\u0119dzi\u0107 czas, losowy czat przed kamer\u0105 internetow\u0105 jest jednym z najbardziej zabawnych i autentycznych sposob\u00f3w nawi\u0105zywania kontakt\u00f3w online.<\/p>\n<p>Ten przewodnik wyja\u015bni wszystko, co musisz wiedzie\u0107: co to znaczy kamerowa\u0107 z nieznajomymi, dlaczego jest to tak popularne, jak to dzia\u0142a, jakich funkcji szuka\u0107, por\u00f3wnania najlepszych platform, wskaz\u00f3wki dotycz\u0105ce bezpiecze\u0144stwa i dlaczego StrangerCam jest najlepszym wyborem w tym roku.<\/p>\n<h2>Co to znaczy rozmawia\u0107 z nieznajomymi?<\/h2>\n<p>Kamerowanie z nieznajomymi oznacza natychmiastowe \u0142\u0105czenie si\u0119 z przypadkowymi osobami online za pomoc\u0105 czatu wideo na \u017cywo. Kamera internetowa i mikrofon pozwalaj\u0105 widzie\u0107 i rozmawia\u0107 ze sob\u0105 w czasie rzeczywistym, dzi\u0119ki czemu do\u015bwiadczenie jest znacznie bardziej autentyczne ni\u017c czat tekstowy.<\/p>\n<p>Proces jest prosty: kliknij przycisk, zezw\u00f3l na kamer\u0119, a zostaniesz dopasowany do nieznajomego. Je\u015bli rozmowa nie jest odpowiednia, wystarczy nacisn\u0105\u0107 przycisk Dalej, aby przej\u015b\u0107 do nast\u0119pnego czatu.<\/p>\n<h2>Dlaczego ludzie uwielbiaj\u0105 darmowe rozmowy z nieznajomymi<\/h2>\n<p>Atrakcyjno\u015b\u0107 <a href=\"https:\/\/strangercam.com\/pl\/cam-to-cam-chat\/\">darmowa kamerka<\/a> z nieznajomymi jest \u0142atwe do zrozumienia:<\/p>\n<ul>\n<li>Spontaniczno\u015b\u0107: Ka\u017cdy czat jest niespodziank\u0105 - nigdy nie wiadomo, kto b\u0119dzie nast\u0119pny.<\/li>\n<li>Autentyczno\u015b\u0107: Wideo zapewnia, \u017ce rozmawiasz z prawdziwymi lud\u017ami, a nie botami.<\/li>\n<li>Bez rejestracji i zobowi\u0105za\u0144: Po prostu kliknij i czatuj natychmiast.<\/li>\n<li>Globalne po\u0142\u0105czenia: Poznawaj nieznajomych z ca\u0142ego \u015bwiata 24\/7.<\/li>\n<li>Zabawne i zalotne wibracje: Niekt\u00f3rzy u\u017cywaj\u0105 go do nawi\u0105zywania znajomo\u015bci; inni lubi\u0105 swobodny flirt.<\/li>\n<li>Natychmiastowa ucieczka od nudy: \u015awietny spos\u00f3b na zabicie czasu i zainicjowanie nowych rozm\u00f3w.<\/li>\n<\/ul>\n<h2>Jak dzia\u0142a Cam With Strangers?<\/h2>\n<p>Rozpocz\u0119cie pracy jest szybkie i proste:<\/p>\n<ol>\n<li>Otw\u00f3rz platform\u0119 tak\u0105 jak StrangerCam w przegl\u0105darce lub telefonie.<\/li>\n<li>Zezw\u00f3l na dost\u0119p do kamery internetowej i mikrofonu.<\/li>\n<li>Kliknij \"Rozpocznij czat\".<\/li>\n<li>Porozmawiaj twarz\u0105 w twarz z przypadkowym nieznajomym.<\/li>\n<li>Naci\u015bnij \"Dalej\" za ka\u017cdym razem, gdy chcesz pozna\u0107 kogo\u015b nowego.<\/li>\n<\/ol>\n<p>Niekt\u00f3re platformy umo\u017cliwiaj\u0105 r\u00f3wnie\u017c filtrowanie wed\u0142ug p\u0142ci, lokalizacji, a nawet korzystanie z narz\u0119dzi t\u0142umaczeniowych do rozm\u00f3w mi\u0119dzynarodowych.<\/p>\n<h2>Najwa\u017cniejsze cechy, kt\u00f3rych nale\u017cy szuka\u0107<\/h2>\n<p>Nie wszystkie platformy do czatowania przed kamer\u0105 s\u0105 sobie r\u00f3wne. Je\u015bli chcesz mie\u0107 najlepsz\u0105 kamerk\u0119 do rozm\u00f3w z nieznajomymi, poszukaj tych funkcji:<\/p>\n<h3>1. Prawdziwie darmowy dost\u0119p<\/h3>\n<p>Unikaj witryn, kt\u00f3re twierdz\u0105, \u017ce s\u0105 bezp\u0142atne, ale ograniczaj\u0105 istotne funkcje za p\u0142atnymi zaporami.<\/p>\n<h3>2. Nie jest wymagana rejestracja<\/h3>\n<p>Najlepsze platformy pozwalaj\u0105 zachowa\u0107 anonimowo\u015b\u0107 i natychmiast rozpocz\u0105\u0107 czat.<\/p>\n<h3>3. Filtry p\u0142ci i lokalizacji<\/h3>\n<p>Przydatne do dopasowywania si\u0119 do typu os\u00f3b, kt\u00f3rymi jeste\u015b zainteresowany.<\/p>\n<h3>4. Bezpieczny umiar<\/h3>\n<p>Dobre platformy maj\u0105 silne systemy raportowania i moderator\u00f3w, kt\u00f3rzy usuwaj\u0105 boty i nieodpowiednich u\u017cytkownik\u00f3w.<\/p>\n<h3>5. Projekt przyjazny dla urz\u0105dze\u0144 mobilnych<\/h3>\n<p>Powiniene\u015b by\u0107 w stanie \u0142atwo rozmawia\u0107 z nieznajomymi zar\u00f3wno na komputerach stacjonarnych, jak i smartfonach.<\/p>\n<h3>6. Wysoka jako\u015b\u0107 obrazu i d\u017awi\u0119ku<\/h3>\n<p>P\u0142ynne po\u0142\u0105czenia sprawiaj\u0105, \u017ce rozmowy s\u0105 naturalne i przyjemne.<\/p>\n<h2>Najlepsze platformy do kamerowania z nieznajomymi w 2025 roku<\/h2>\n<p>Oto por\u00f3wnanie najpopularniejszych stron, na kt\u00f3rych mo\u017cna kamerowa\u0107 z nieznajomymi:<\/p>\n<table>\n<thead>\n<tr>\n<th>Platforma<\/th>\n<th align=\"center\">Bezp\u0142atny dost\u0119p<\/th>\n<th align=\"center\">Filtr p\u0142ci<\/th>\n<th align=\"center\">Wymagana rejestracja<\/th>\n<th align=\"center\">Wsparcie mobilne<\/th>\n<th align=\"center\">Moderacja<\/th>\n<th>Uwagi<\/th>\n<\/tr>\n<\/thead>\n<tbody>\n<tr>\n<td>StrangerCam<\/td>\n<td align=\"center\">\u2705<\/td>\n<td align=\"center\">\u2705 (Free)<\/td>\n<td align=\"center\">\u274c<\/td>\n<td align=\"center\">\u2705<\/td>\n<td align=\"center\">\u2705<\/td>\n<td>Najlepszy og\u00f3lny wyb\u00f3r, naprawd\u0119 darmowy<\/td>\n<\/tr>\n<tr>\n<td><a href=\"https:\/\/strangercam.com\/pl\/chatroulette\/\">Chatroulette<\/a><\/td>\n<td align=\"center\">\u2705<\/td>\n<td align=\"center\">\u274c (p\u0142atne)<\/td>\n<td align=\"center\">\u274c<\/td>\n<td align=\"center\">\u2705<\/td>\n<td align=\"center\">\u2705<\/td>\n<td>Klasyczna platforma, koszt filtr\u00f3w<\/td>\n<\/tr>\n<tr>\n<td>Chatrandom<\/td>\n<td align=\"center\">\u2705<\/td>\n<td align=\"center\">\u274c (p\u0142atne)<\/td>\n<td align=\"center\">\u274c<\/td>\n<td align=\"center\">\u2705<\/td>\n<td align=\"center\">\u2705<\/td>\n<td>Popularny, ale wymaga aktualizacji<\/td>\n<\/tr>\n<tr>\n<td><a href=\"https:\/\/strangercam.com\/pl\/ometv\/\">OmeTV<\/a><\/td>\n<td align=\"center\">\u2705<\/td>\n<td align=\"center\">\u274c<\/td>\n<td align=\"center\">\u274c<\/td>\n<td align=\"center\">\u2705<\/td>\n<td align=\"center\">\u2705<\/td>\n<td>Oparte na aplikacji, losowe dopasowanie<\/td>\n<\/tr>\n<tr>\n<td>Shagle<\/td>\n<td align=\"center\">\u2705<\/td>\n<td align=\"center\">\u274c (p\u0142atne)<\/td>\n<td align=\"center\">\u274c<\/td>\n<td align=\"center\">\u2705<\/td>\n<td align=\"center\">\u2705<\/td>\n<td>Wst\u0119p wolny, aktualizacje premium<\/td>\n<\/tr>\n<tr>\n<td><a href=\"https:\/\/strangercam.com\/pl\/coomeet\/\">CooMeet<\/a><\/td>\n<td align=\"center\">\u274c (Trial)<\/td>\n<td align=\"center\">\u2705<\/td>\n<td align=\"center\">\u2705<\/td>\n<td align=\"center\">\u2705<\/td>\n<td align=\"center\">\u2705<\/td>\n<td>P\u0142atne po kr\u00f3tkim bezp\u0142atnym okresie pr\u00f3bnym<\/td>\n<\/tr>\n<tr>\n<td>LuckyCrush<\/td>\n<td align=\"center\">\u274c<\/td>\n<td align=\"center\">\u2705<\/td>\n<td align=\"center\">\u2705<\/td>\n<td align=\"center\">\u2705<\/td>\n<td align=\"center\">\u2705<\/td>\n<td>Zawsze p\u0142atny czat oparty na p\u0142ci<\/td>\n<\/tr>\n<\/tbody>\n<\/table>\n<p>W\u015br\u00f3d nich StrangerCam jest jedn\u0105 z niewielu platform oferuj\u0105cych darmowe rozmowy z nieznajomymi z prawdziwym filtrem p\u0142ci i bez konieczno\u015bci rejestracji.<\/p>\n<h2>Dlaczego StrangerCam to najlepszy wyb\u00f3r<\/h2>\n<p>Oto dlaczego StrangerCam jest najlepsz\u0105 platform\u0105 do kamerowania z nieznajomymi w 2025 roku:<\/p>\n<h3>1. Ca\u0142kowicie darmowy i nieograniczony<\/h3>\n<p>Brak ukrytych koszt\u00f3w, kredyt\u00f3w lub ogranicze\u0144 czasowych.<\/p>\n<h3>2. Darmowy filtr p\u0142ci<\/h3>\n<p>Wybieraj ch\u0142opak\u00f3w, dziewczyny lub jedno i drugie - bez paywalli.<\/p>\n<h3>3. Nie jest wymagana rejestracja<\/h3>\n<p>Zachowaj anonimowo\u015b\u0107 i rozpocznij czat natychmiast.<\/p>\n<h3>4. Bezpieczny i moderowany<\/h3>\n<p>Aktywna moderacja i funkcje raportowania utrzymuj\u0105 platform\u0119 w czysto\u015bci.<\/p>\n<h3>5. Globalna baza u\u017cytkownik\u00f3w<\/h3>\n<p>Poznawaj nieznajomych z ponad 100 kraj\u00f3w w dowolnym momencie.<\/p>\n<h3>6. Zoptymalizowany dla wszystkich urz\u0105dze\u0144<\/h3>\n<p>Dzia\u0142a p\u0142ynnie na komputerach stacjonarnych, tabletach i telefonach kom\u00f3rkowych.<\/p>\n<h2>Prawdziwe opinie u\u017cytkownik\u00f3w<\/h2>\n<blockquote><p><em>\"Szuka\u0142em sposobu na darmowe kamerowanie z nieznajomymi, a StrangerCam by\u0142 jedyn\u0105 stron\u0105, kt\u00f3ra nie zmusza\u0142a mnie do p\u0142acenia\".<\/em><br \/>\n- Liam, 26 lat<\/p><\/blockquote>\n<blockquote><p><em>\"Filtr p\u0142ci jest darmowy i dzia\u0142a \u015bwietnie, co jest rzadko\u015bci\u0105 w przypadku tego typu stron\".<\/em><br \/>\n- Sophia, 22 lata<\/p><\/blockquote>\n<blockquote><p><em>\"W ci\u0105gu jednego wieczoru po\u0142\u0105czy\u0142em si\u0119 z lud\u017ami z czterech r\u00f3\u017cnych kontynent\u00f3w. To uzale\u017cnia.\"<\/em><br \/>\n- Ryan, 30<\/p><\/blockquote>\n<blockquote><p><em>\"Dzi\u0119ki narz\u0119dziom do moderacji wydaje si\u0119 bezpieczniejsza ni\u017c inne strony, kt\u00f3re wypr\u00f3bowa\u0142em\".<\/em><br \/>\n- Emma, 20 lat<\/p><\/blockquote>\n<h2>Wskaz\u00f3wki dotycz\u0105ce bezpiecze\u0144stwa podczas kamerowania z nieznajomymi<\/h2>\n<p>Cho\u0107 czaty przed kamer\u0105 to \u015bwietna zabawa, zawsze nale\u017cy pami\u0119ta\u0107 o bezpiecze\u0144stwie:<\/p>\n<ul>\n<li>Nigdy nie udost\u0119pniaj danych osobowych (telefonu, adresu e-mail, adresu).<\/li>\n<li>Nie klikaj podejrzanych link\u00f3w wysy\u0142anych przez nieznajomych.<\/li>\n<li>U\u017cyj przycisku \"Dalej\", je\u015bli czujesz si\u0119 niekomfortowo.<\/li>\n<li>Sprawd\u017a t\u0142o przed w\u0142\u0105czeniem kamery internetowej.<\/li>\n<li>U\u017cyj narz\u0119dzi do raportowania, aby zablokowa\u0107 lub zg\u0142osi\u0107 z\u0142ych u\u017cytkownik\u00f3w.<\/li>\n<li>Przestrzegaj ogranicze\u0144 wiekowych - je\u015bli masz mniej ni\u017c 18 lat, nie korzystaj z czat\u00f3w dla doros\u0142ych.<\/li>\n<\/ul>\n<h2>Jak zacz\u0105\u0107 - krok po kroku<\/h2>\n<p>Rozpocz\u0119cie kamerowania z nieznajomymi zajmuje tylko kilka sekund:<\/p>\n<ol>\n<li>Otw\u00f3rz StrangerCam na swoim urz\u0105dzeniu.<\/li>\n<li>Zezw\u00f3l na dost\u0119p do kamery internetowej i mikrofonu.<\/li>\n<li>Wybierz preferencje (takie jak filtry p\u0142ci).<\/li>\n<li>Kliknij przycisk Rozpocznij czat, aby natychmiast nawi\u0105za\u0107 po\u0142\u0105czenie.<\/li>\n<li>Naci\u015bnij Next w dowolnym momencie, aby pozna\u0107 kogo\u015b nowego.<\/li>\n<\/ol>\n<p>Szybko, prosto i za darmo 100%.<\/p>\n<p>W 2025 roku jednym z naj\u0142atwiejszych i najfajniejszych sposob\u00f3w na poznanie nowych ludzi online jest kamerowanie z nieznajomymi. Jest to spontaniczne, autentyczne i zapewnia natychmiastowe po\u0142\u0105czenia z prawdziwymi lud\u017ami na ca\u0142ym \u015bwiecie.<\/p>\n<p>Jednak nie ka\u017cda platforma zapewnia to, co najlepsze - wiele z nich ukrywa filtry za p\u0142atnymi zaporami lub jest pe\u0142nych bot\u00f3w. Dlatego StrangerCam jest najlepszym wyborem: jest darmowy, bezpieczny, anonimowy i zawsze pe\u0142en u\u017cytkownik\u00f3w gotowych do rozmowy.<\/p>\n<p>Gotowy, aby spr\u00f3bowa\u0107? Rozpocznij darmow\u0105 kamerk\u0119 z nieznajomymi ju\u017c dzi\u015b i zobacz, kogo spotkasz w przysz\u0142o\u015bci.<\/p>","protected":false},"excerpt":{"rendered":"<p>Are you looking for the best way to cam with strangers? You\u2019re not alone. Millions of people every month search for ways to connect instantly with new people online through live video chat. Unlike social networks or dating apps that require profiles, signups, or endless swiping, cam with strangers is about spontaneity: you turn on [&hellip;]<\/p>\n","protected":false},"author":8,"featured_media":0,"parent":0,"menu_order":0,"comment_status":"closed","ping_status":"closed","template":"","meta":{"footnotes":""},"class_list":["post-4124","page","type-page","status-publish","hentry"],"yoast_head":"<!-- This site is optimized with the Yoast SEO plugin v27.4 - https:\/\/yoast.com\/product\/yoast-seo-wordpress\/ -->\n<title>Cam With Strangers with Video Chat on Strangercam.com<\/title>\n<meta name=\"description\" content=\"Liking Cam With Strangers? Join millions on StrangerCam.com! Start a random video chat, turn on your cam, and meet strangers instantly.\" \/>\n<meta name=\"robots\" content=\"index, follow, max-snippet:-1, max-image-preview:large, max-video-preview:-1\" \/>\n<link rel=\"canonical\" href=\"https:\/\/strangercam.com\/pl\/kamera-z-nieznajomymi\/\" \/>\n<meta property=\"og:locale\" content=\"pl_PL\" \/>\n<meta property=\"og:type\" content=\"article\" \/>\n<meta property=\"og:title\" content=\"Cam With Strangers with Video Chat on Strangercam.com\" \/>\n<meta property=\"og:description\" content=\"Liking Cam With Strangers? Join millions on StrangerCam.com! Start a random video chat, turn on your cam, and meet strangers instantly.\" \/>\n<meta property=\"og:url\" content=\"https:\/\/strangercam.com\/pl\/kamera-z-nieznajomymi\/\" \/>\n<meta property=\"og:site_name\" content=\"Strangercam\" \/>\n<meta property=\"article:publisher\" content=\"https:\/\/www.facebook.com\/strangercam\" \/>\n<meta property=\"article:modified_time\" content=\"2025-09-08T08:06:04+00:00\" \/>\n<meta property=\"og:image\" content=\"https:\/\/strangercam.com\/wp-content\/uploads\/2021\/10\/Untitled-2.png\" \/>\n\t<meta property=\"og:image:width\" content=\"800\" \/>\n\t<meta property=\"og:image:height\" content=\"532\" \/>\n\t<meta property=\"og:image:type\" content=\"image\/png\" \/>\n<meta name=\"twitter:card\" content=\"summary_large_image\" \/>\n<meta name=\"twitter:site\" content=\"@strangercamapp\" \/>\n<meta name=\"twitter:label1\" content=\"Szacowany czas czytania\" \/>\n\t<meta name=\"twitter:data1\" content=\"5 minut\" \/>\n<script type=\"application\/ld+json\" class=\"yoast-schema-graph\">{\"@context\":\"https:\\\/\\\/schema.org\",\"@graph\":[{\"@type\":\"WebPage\",\"@id\":\"https:\\\/\\\/strangercam.com\\\/cam-with-strangers\\\/\",\"url\":\"https:\\\/\\\/strangercam.com\\\/cam-with-strangers\\\/\",\"name\":\"Cam With Strangers with Video Chat on Strangercam.com\",\"isPartOf\":{\"@id\":\"https:\\\/\\\/strangercam.com\\\/#website\"},\"datePublished\":\"2025-09-08T06:02:09+00:00\",\"dateModified\":\"2025-09-08T08:06:04+00:00\",\"description\":\"Liking Cam With Strangers? Join millions on StrangerCam.com! Start a random video chat, turn on your cam, and meet strangers instantly.\",\"breadcrumb\":{\"@id\":\"https:\\\/\\\/strangercam.com\\\/cam-with-strangers\\\/#breadcrumb\"},\"inLanguage\":\"pl-PL\",\"potentialAction\":[{\"@type\":\"ReadAction\",\"target\":[\"https:\\\/\\\/strangercam.com\\\/cam-with-strangers\\\/\"]}]},{\"@type\":\"BreadcrumbList\",\"@id\":\"https:\\\/\\\/strangercam.com\\\/cam-with-strangers\\\/#breadcrumb\",\"itemListElement\":[{\"@type\":\"ListItem\",\"position\":1,\"name\":\"Home\",\"item\":\"https:\\\/\\\/strangercam.com\\\/\"},{\"@type\":\"ListItem\",\"position\":2,\"name\":\"Cam With Strangers\"}]},{\"@type\":\"WebSite\",\"@id\":\"https:\\\/\\\/strangercam.com\\\/#website\",\"url\":\"https:\\\/\\\/strangercam.com\\\/\",\"name\":\"Strangercam\",\"description\":\"Random Video Chat with Strangers\",\"publisher\":{\"@id\":\"https:\\\/\\\/strangercam.com\\\/#organization\"},\"alternateName\":\"Strangercam.com\",\"potentialAction\":[{\"@type\":\"SearchAction\",\"target\":{\"@type\":\"EntryPoint\",\"urlTemplate\":\"https:\\\/\\\/strangercam.com\\\/?s={search_term_string}\"},\"query-input\":{\"@type\":\"PropertyValueSpecification\",\"valueRequired\":true,\"valueName\":\"search_term_string\"}}],\"inLanguage\":\"pl-PL\"},{\"@type\":\"Organization\",\"@id\":\"https:\\\/\\\/strangercam.com\\\/#organization\",\"name\":\"Strangercam\",\"alternateName\":\"Strangercam.com\",\"url\":\"https:\\\/\\\/strangercam.com\\\/\",\"logo\":{\"@type\":\"ImageObject\",\"inLanguage\":\"pl-PL\",\"@id\":\"https:\\\/\\\/strangercam.com\\\/#\\\/schema\\\/logo\\\/image\\\/\",\"url\":\"https:\\\/\\\/strangercam.com\\\/wp-content\\\/uploads\\\/2020\\\/11\\\/cropped-new-favicon-black.png\",\"contentUrl\":\"https:\\\/\\\/strangercam.com\\\/wp-content\\\/uploads\\\/2020\\\/11\\\/cropped-new-favicon-black.png\",\"width\":512,\"height\":512,\"caption\":\"Strangercam\"},\"image\":{\"@id\":\"https:\\\/\\\/strangercam.com\\\/#\\\/schema\\\/logo\\\/image\\\/\"},\"sameAs\":[\"https:\\\/\\\/www.facebook.com\\\/strangercam\",\"https:\\\/\\\/x.com\\\/strangercamapp\"]}]}<\/script>\n<!-- \/ Yoast SEO plugin. -->","yoast_head_json":{"title":"Cam z nieznajomymi za pomoc\u0105 czatu wideo na Strangercam.com","description":"Lubisz kamerki z nieznajomymi? Join miliony na StrangerCam.com! Rozpocznij losowy czat wideo, w\u0142\u0105cz kamer\u0119 i natychmiast poznaj nieznajomych.","robots":{"index":"index","follow":"follow","max-snippet":"max-snippet:-1","max-image-preview":"max-image-preview:large","max-video-preview":"max-video-preview:-1"},"canonical":"https:\/\/strangercam.com\/pl\/kamera-z-nieznajomymi\/","og_locale":"pl_PL","og_type":"article","og_title":"Cam With Strangers with Video Chat on Strangercam.com","og_description":"Liking Cam With Strangers? Join millions on StrangerCam.com! Start a random video chat, turn on your cam, and meet strangers instantly.","og_url":"https:\/\/strangercam.com\/pl\/kamera-z-nieznajomymi\/","og_site_name":"Strangercam","article_publisher":"https:\/\/www.facebook.com\/strangercam","article_modified_time":"2025-09-08T08:06:04+00:00","og_image":[{"width":800,"height":532,"url":"https:\/\/strangercam.com\/wp-content\/uploads\/2021\/10\/Untitled-2.png","type":"image\/png"}],"twitter_card":"summary_large_image","twitter_site":"@strangercamapp","twitter_misc":{"Szacowany czas czytania":"5 minut"},"schema":{"@context":"https:\/\/schema.org","@graph":[{"@type":"WebPage","@id":"https:\/\/strangercam.com\/cam-with-strangers\/","url":"https:\/\/strangercam.com\/cam-with-strangers\/","name":"Cam z nieznajomymi za pomoc\u0105 czatu wideo na Strangercam.com","isPartOf":{"@id":"https:\/\/strangercam.com\/#website"},"datePublished":"2025-09-08T06:02:09+00:00","dateModified":"2025-09-08T08:06:04+00:00","description":"Lubisz kamerki z nieznajomymi? Join miliony na StrangerCam.com! Rozpocznij losowy czat wideo, w\u0142\u0105cz kamer\u0119 i natychmiast poznaj nieznajomych.","breadcrumb":{"@id":"https:\/\/strangercam.com\/cam-with-strangers\/#breadcrumb"},"inLanguage":"pl-PL","potentialAction":[{"@type":"ReadAction","target":["https:\/\/strangercam.com\/cam-with-strangers\/"]}]},{"@type":"BreadcrumbList","@id":"https:\/\/strangercam.com\/cam-with-strangers\/#breadcrumb","itemListElement":[{"@type":"ListItem","position":1,"name":"Home","item":"https:\/\/strangercam.com\/"},{"@type":"ListItem","position":2,"name":"Cam With Strangers"}]},{"@type":"WebSite","@id":"https:\/\/strangercam.com\/#website","url":"https:\/\/strangercam.com\/","name":"Strangercam","description":"Losowy czat wideo z nieznajomymi","publisher":{"@id":"https:\/\/strangercam.com\/#organization"},"alternateName":"Strangercam.com","potentialAction":[{"@type":"SearchAction","target":{"@type":"EntryPoint","urlTemplate":"https:\/\/strangercam.com\/?s={search_term_string}"},"query-input":{"@type":"PropertyValueSpecification","valueRequired":true,"valueName":"search_term_string"}}],"inLanguage":"pl-PL"},{"@type":"Organization","@id":"https:\/\/strangercam.com\/#organization","name":"Strangercam","alternateName":"Strangercam.com","url":"https:\/\/strangercam.com\/","logo":{"@type":"ImageObject","inLanguage":"pl-PL","@id":"https:\/\/strangercam.com\/#\/schema\/logo\/image\/","url":"https:\/\/strangercam.com\/wp-content\/uploads\/2020\/11\/cropped-new-favicon-black.png","contentUrl":"https:\/\/strangercam.com\/wp-content\/uploads\/2020\/11\/cropped-new-favicon-black.png","width":512,"height":512,"caption":"Strangercam"},"image":{"@id":"https:\/\/strangercam.com\/#\/schema\/logo\/image\/"},"sameAs":["https:\/\/www.facebook.com\/strangercam","https:\/\/x.com\/strangercamapp"]}]}},"_links":{"self":[{"href":"https:\/\/strangercam.com\/pl\/wp-json\/wp\/v2\/pages\/4124","targetHints":{"allow":["GET"]}}],"collection":[{"href":"https:\/\/strangercam.com\/pl\/wp-json\/wp\/v2\/pages"}],"about":[{"href":"https:\/\/strangercam.com\/pl\/wp-json\/wp\/v2\/types\/page"}],"author":[{"embeddable":true,"href":"https:\/\/strangercam.com\/pl\/wp-json\/wp\/v2\/users\/8"}],"replies":[{"embeddable":true,"href":"https:\/\/strangercam.com\/pl\/wp-json\/wp\/v2\/comments?post=4124"}],"version-history":[{"count":2,"href":"https:\/\/strangercam.com\/pl\/wp-json\/wp\/v2\/pages\/4124\/revisions"}],"predecessor-version":[{"id":13013,"href":"https:\/\/strangercam.com\/pl\/wp-json\/wp\/v2\/pages\/4124\/revisions\/13013"}],"wp:attachment":[{"href":"https:\/\/strangercam.com\/pl\/wp-json\/wp\/v2\/media?parent=4124"}],"curies":[{"name":"wp","href":"https:\/\/api.w.org\/{rel}","templated":true}]}}