{"id":4107,"date":"2025-09-08T08:58:53","date_gmt":"2025-09-08T06:58:53","guid":{"rendered":"https:\/\/strangercam.com\/?page_id=4107"},"modified":"2025-09-08T10:03:26","modified_gmt":"2025-09-08T08:03:26","slug":"kamera-jeden-na-jednego","status":"publish","type":"page","link":"https:\/\/strangercam.com\/pl\/one-on-one-cam\/","title":{"rendered":"Kamera jeden na jednego"},"content":{"rendered":"<p>Szukasz najlepszego rozwi\u0105zania jeden na jednego? <a href=\"https:\/\/strangercam.com\/pl\/bazoocam\/\">krzywka<\/a> do\u015bwiadczenie? Nie jeste\u015b sam. Miliony ludzi na ca\u0142ym \u015bwiecie wol\u0105 prywatne rozmowy twarz\u0105 w twarz zamiast ha\u0142a\u015bliwych pokoi grupowych lub zat\u0142oczonych sieci spo\u0142eczno\u015bciowych. Dzi\u0119ki kamerze jeden na jednego mo\u017cesz prowadzi\u0107 bezpo\u015brednie, osobiste rozmowy z nieznajomymi lub nowymi znajomymi - tylko ty i jedna osoba na wideo, bez rozpraszania uwagi.<\/p>\n<p>W 2025 r. platformy takie jak StrangerCam umo\u017cliwiaj\u0105 korzystanie z bezp\u0142atnych us\u0142ug typu \"jeden na jednego\". <a href=\"https:\/\/strangercam.com\/pl\/cam-to-cam-chat\/\">czat przed kamer\u0105<\/a> natychmiast - bez rejestracji, bez pobierania i bez ukrytych op\u0142at. Niezale\u017cnie od tego, czy szukasz przyja\u017ani, niezobowi\u0105zuj\u0105cej zabawy, flirtu, czy po prostu znacz\u0105cej rozmowy, kamera jeden na jednego zapewnia prywatno\u015b\u0107 i spontaniczno\u015b\u0107, kt\u00f3rych nie zapewniaj\u0105 czaty grupowe lub aplikacje randkowe.<\/p>\n<p>Ten przewodnik wyja\u015bni wszystko, co musisz wiedzie\u0107: czym jest czat jeden na jednego, dlaczego ludzie go uwielbiaj\u0105, jak dzia\u0142a, najwa\u017cniejsze funkcje, por\u00f3wnania platform, wskaz\u00f3wki dotycz\u0105ce bezpiecze\u0144stwa i dlaczego StrangerCam jest jednym z najlepszych miejsc do czatowania jeden na jednego w 2025 roku.<\/p>\n<h2>Co to jest kamera jeden na jednego?<\/h2>\n<p>One on one cam to prywatny czat wideo na \u017cywo, w kt\u00f3rym jeste\u015b natychmiast po\u0142\u0105czony tylko z jedn\u0105 osob\u0105 za po\u015brednictwem kamery internetowej i mikrofonu. W przeciwie\u0144stwie do czat\u00f3w grupowych lub czat\u00f3w tekstowych, do\u015bwiadczenie jest bardziej osobiste i skoncentrowane.<\/p>\n<p>Idea jest prosta: naci\u015bnij przycisk, w\u0142\u0105cz kamer\u0119 internetow\u0105, a w ci\u0105gu kilku sekund rozpoczniesz prywatn\u0105 rozmow\u0119 wideo twarz\u0105 w twarz z nieznajomym. Je\u015bli rozmowa si\u0119 nie powiedzie, naci\u015bnij Next, a zostaniesz po\u0142\u0105czony z kim\u015b nowym.<\/p>\n<h2>Dlaczego ludzie kochaj\u0105 darmowy czat jeden na jednego<\/h2>\n<p>Popularno\u015b\u0107 darmowych kamerek jeden na jednego wzros\u0142a, poniewa\u017c oferuj\u0105 one co\u015b wyj\u0105tkowego:<\/p>\n<ul>\n<li>Prywatno\u015b\u0107: Rozmowy odbywaj\u0105 si\u0119 jeden na jednego, a nie w zat\u0142oczonej grupie.<\/li>\n<li>Autentyczno\u015b\u0107: Czat wideo gwarantuje, \u017ce rozmawiasz z prawdziw\u0105 osob\u0105, a nie botem.<\/li>\n<li>Spontaniczno\u015b\u0107: Ka\u017cdy nowy czat jest niespodziank\u0105.<\/li>\n<li>Bez rozpraszania uwagi: Brak obserwowania t\u0142umu - tylko ty i jedna inna osoba.<\/li>\n<li>Przyja\u017a\u0144 i flirt: \u015awietny do nawi\u0105zywania przyja\u017ani, dzielenia si\u0119 historiami lub niezobowi\u0105zuj\u0105cej zabawy.<\/li>\n<li>Natychmiastowy dost\u0119p: Bez profili, biografii i d\u0142ugich rejestracji - po prostu kliknij i po\u0142\u0105cz si\u0119.<\/li>\n<\/ul>\n<h2>Jak dzia\u0142a kamera jeden na jednego?<\/h2>\n<p>Proces jest prosty i przyjazny dla pocz\u0105tkuj\u0105cych:<\/p>\n<ol>\n<li>Otw\u00f3rz platform\u0119 (stacjonarn\u0105 lub mobiln\u0105).<\/li>\n<li>Zezw\u00f3l na dost\u0119p do kamery i mikrofonu.<\/li>\n<li>Kliknij \"Rozpocznij czat\".<\/li>\n<li>Po\u0142\u0105cz si\u0119 natychmiast z jedn\u0105 osob\u0105 podczas prywatnej sesji przed kamer\u0105.<\/li>\n<li>Naci\u015bnij \"Dalej\", aby przej\u015b\u0107 dalej w dowolnym momencie.<\/li>\n<\/ol>\n<p>Niekt\u00f3re platformy oferuj\u0105 r\u00f3wnie\u017c filtry p\u0142ci, wyb\u00f3r kraju, a nawet narz\u0119dzia do automatycznego t\u0142umaczenia dla po\u0142\u0105cze\u0144 mi\u0119dzynarodowych.<\/p>\n<h2>Najwa\u017cniejsze cechy, kt\u00f3rych nale\u017cy szuka\u0107<\/h2>\n<p>Wybieraj\u0105c platform\u0119 kamery jeden na jednego, nale\u017cy zwr\u00f3ci\u0107 uwag\u0119 na nast\u0119puj\u0105ce wa\u017cne cechy:<\/p>\n<h3>1. Prawdziwie darmowy dost\u0119p<\/h3>\n<p>Unikaj platform, kt\u00f3re reklamuj\u0105 si\u0119 jako \"darmowe\", ale blokuj\u0105 kluczowe funkcje za p\u0142atnymi zaporami.<\/p>\n<h3>2. Rejestracja nie jest wymagana<\/h3>\n<p>Zachowaj anonimowo\u015b\u0107 - rejestracja nie powinna by\u0107 wymagana.<\/p>\n<h3>3. Filtry p\u0142ci i lokalizacji<\/h3>\n<p>Pomocne w znalezieniu typu osoby, z kt\u00f3r\u0105 chcesz rozmawia\u0107.<\/p>\n<h3>4. Prywatno\u015b\u0107 i bezpiecze\u0144stwo<\/h3>\n<p>Upewnij si\u0119, \u017ce platforma oferuje moderacj\u0119 i narz\u0119dzia do blokowania\/raportowania.<\/p>\n<h3>5. Projekt przyjazny dla urz\u0105dze\u0144 mobilnych<\/h3>\n<p>Us\u0142uga powinna dzia\u0142a\u0107 zar\u00f3wno na telefonach, jak i komputerach stacjonarnych.<\/p>\n<h3>6. Wysoka jako\u015b\u0107 obrazu i d\u017awi\u0119ku<\/h3>\n<p>Wyra\u017ane po\u0142\u0105czenia sprawiaj\u0105, \u017ce rozmowy s\u0105 p\u0142ynniejsze i przyjemniejsze.<\/p>\n<h2>Najlepsze platformy kamer jeden na jednego w 2025 roku<\/h2>\n<p>Oto por\u00f3wnanie najlepszych platform do prywatnego czatu jeden na jednego:<\/p>\n<table>\n<thead>\n<tr>\n<th>Platforma<\/th>\n<th align=\"center\">Bezp\u0142atny dost\u0119p<\/th>\n<th align=\"center\">Filtr p\u0142ci<\/th>\n<th align=\"center\">Wymagana rejestracja<\/th>\n<th align=\"center\">Wsparcie mobilne<\/th>\n<th align=\"center\">Moderacja<\/th>\n<th>Uwagi<\/th>\n<\/tr>\n<\/thead>\n<tbody>\n<tr>\n<td>StrangerCam<\/td>\n<td align=\"center\">\u2705<\/td>\n<td align=\"center\">\u2705 (Free)<\/td>\n<td align=\"center\">\u274c<\/td>\n<td align=\"center\">\u2705<\/td>\n<td align=\"center\">\u2705<\/td>\n<td>Najlepszy wszechstronny wyb\u00f3r, prywatna kamera jeden na jednego<\/td>\n<\/tr>\n<tr>\n<td><a href=\"https:\/\/strangercam.com\/pl\/chatroulette\/\">Chatroulette<\/a><\/td>\n<td align=\"center\">\u2705<\/td>\n<td align=\"center\">\u274c (p\u0142atne)<\/td>\n<td align=\"center\">\u274c<\/td>\n<td align=\"center\">\u2705<\/td>\n<td align=\"center\">\u2705<\/td>\n<td>Klasyka, ale filtry p\u0142ciowe zablokowane<\/td>\n<\/tr>\n<tr>\n<td>Chatrandom<\/td>\n<td align=\"center\">\u2705<\/td>\n<td align=\"center\">\u274c (p\u0142atne)<\/td>\n<td align=\"center\">\u274c<\/td>\n<td align=\"center\">\u2705<\/td>\n<td align=\"center\">\u2705<\/td>\n<td>Popularny, ale ulepszenia wci\u015bni\u0119te na si\u0142\u0119<\/td>\n<\/tr>\n<tr>\n<td><a href=\"https:\/\/strangercam.com\/pl\/ometv\/\">OmeTV<\/a><\/td>\n<td align=\"center\">\u2705<\/td>\n<td align=\"center\">\u274c<\/td>\n<td align=\"center\">\u274c<\/td>\n<td align=\"center\">\u2705<\/td>\n<td align=\"center\">\u2705<\/td>\n<td>Tylko losowo, aplikacja mobilna<\/td>\n<\/tr>\n<tr>\n<td>Shagle<\/td>\n<td align=\"center\">\u2705<\/td>\n<td align=\"center\">\u274c (p\u0142atne)<\/td>\n<td align=\"center\">\u274c<\/td>\n<td align=\"center\">\u2705<\/td>\n<td align=\"center\">\u2705<\/td>\n<td>Bezp\u0142atne u\u017cytkowanie podstawowe, aktualizacje premium<\/td>\n<\/tr>\n<tr>\n<td><a href=\"https:\/\/strangercam.com\/pl\/coomeet\/\">CooMeet<\/a><\/td>\n<td align=\"center\">\u274c (Trial)<\/td>\n<td align=\"center\">\u2705<\/td>\n<td align=\"center\">\u2705<\/td>\n<td align=\"center\">\u2705<\/td>\n<td align=\"center\">\u2705<\/td>\n<td>Op\u0142acony po okresie pr\u00f3bnym, skupia si\u0119 na czatach z dziewczynami<\/td>\n<\/tr>\n<tr>\n<td>LuckyCrush<\/td>\n<td align=\"center\">\u274c<\/td>\n<td align=\"center\">\u2705<\/td>\n<td align=\"center\">\u2705<\/td>\n<td align=\"center\">\u2705<\/td>\n<td align=\"center\">\u2705<\/td>\n<td>Zawsze p\u0142atne, dopasowanie ze wzgl\u0119du na p\u0142e\u0107<\/td>\n<\/tr>\n<\/tbody>\n<\/table>\n<p>StrangerCam wyr\u00f3\u017cnia si\u0119 jako jedna z niewielu platform oferuj\u0105cych darmowy czat jeden na jednego z dzia\u0142aj\u0105cym filtrem p\u0142ci i bez rejestracji.<\/p>\n<h2>Dlaczego StrangerCam to najlepszy wyb\u00f3r<\/h2>\n<p>Oto dlaczego StrangerCam jest najlepszym wyborem w 2025 roku dla kamer jeden na jednego:<\/p>\n<h3>1. Ca\u0142kowicie darmowy i nieograniczony<\/h3>\n<p>Brak ukrytych koszt\u00f3w, kredyt\u00f3w lub limit\u00f3w pr\u00f3bnych.<\/p>\n<h3>2. Prywatne sesje przed kamer\u0105 jeden na jednego<\/h3>\n<p>Skoncentrowane, osobiste rozmowy wideo bez rozpraszania grupy.<\/p>\n<h3>3. Darmowy filtr p\u0142ci<\/h3>\n<p>Wybierz, z kim chcesz si\u0119 spotka\u0107 bez p\u0142acenia.<\/p>\n<h3>4. Nie jest wymagana rejestracja<\/h3>\n<p>Zachowaj anonimowo\u015b\u0107 i \u0142\u0105cz si\u0119 natychmiast.<\/p>\n<h3>5. Bezpieczny i moderowany<\/h3>\n<p>Solidne raportowanie i moderacja sprawiaj\u0105, \u017ce jest bezpieczniejszy ni\u017c wi\u0119kszo\u015b\u0107.<\/p>\n<h3>6. Dzia\u0142a na wszystkich urz\u0105dzeniach<\/h3>\n<p>Zoptymalizowany dla komputer\u00f3w stacjonarnych, tablet\u00f3w i urz\u0105dze\u0144 mobilnych.<\/p>\n<h2>Prawdziwe opinie u\u017cytkownik\u00f3w<\/h2>\n<blockquote><p><em>\"By\u0142em zm\u0119czony czatami grupowymi i chcia\u0142em czego\u015b bardziej prywatnego. Kamera StrangerCam jeden na jednego jest idealna - tylko ja i osoba, z kt\u00f3r\u0105 rozmawiam\".<\/em><br \/>\n- Daniel, 28 lat<\/p><\/blockquote>\n<blockquote><p><em>\"Filtr p\u0142ci dzia\u0142a za darmo, co czyni go znacznie lepszym ni\u017c inne platformy, kt\u00f3re wypr\u00f3bowa\u0142em\".<\/em><br \/>\n- Sophia, 21 lat<\/p><\/blockquote>\n<blockquote><p><em>\"Dzi\u0119ki rozmowom jeden na jeden pozna\u0142am przyjaci\u00f3\u0142 z ca\u0142ego \u015bwiata. To bardziej osobiste ni\u017c czaty grupowe\".<\/em><br \/>\n- Ryan, 30<\/p><\/blockquote>\n<blockquote><p><em>\"To proste, szybkie i bezpieczne. Dok\u0142adnie to, czego szuka\u0142em w darmowym czacie jeden na jednego.\"<\/em><br \/>\n- Mia, 19<\/p><\/blockquote>\n<h2>Wskaz\u00f3wki dotycz\u0105ce bezpiecze\u0144stwa dla kamer jeden na jednego<\/h2>\n<p>Chocia\u017c czaty jeden na jednego s\u0105 \u015bwietn\u0105 zabaw\u0105, nale\u017cy pami\u0119ta\u0107 o poni\u017cszych wskaz\u00f3wkach dotycz\u0105cych bezpiecze\u0144stwa:<\/p>\n<ul>\n<li>Nie udost\u0119pniaj danych osobowych (numeru telefonu, adresu, adresu e-mail).<\/li>\n<li>Pomijaj lub blokuj ka\u017cdego, kto sprawia, \u017ce czujesz si\u0119 niekomfortowo.<\/li>\n<li>Unikaj klikania link\u00f3w udost\u0119pnianych przez nieznajomych.<\/li>\n<li>Sprawd\u017a swoje pochodzenie, aby chroni\u0107 swoj\u0105 prywatno\u015b\u0107.<\/li>\n<li>Korzystaj z narz\u0119dzi platformy, takich jak raportowanie i blokowanie.<\/li>\n<li>Przestrzegaj ogranicze\u0144 wiekowych - je\u015bli nie masz uko\u0144czonych 18 lat, nie korzystaj z czat\u00f3w przed kamerami dla doros\u0142ych.<\/li>\n<\/ul>\n<h2>Jak zacz\u0105\u0107 - krok po kroku<\/h2>\n<p>Rozpocz\u0119cie czatu jeden na jednego zajmuje mniej ni\u017c minut\u0119:<\/p>\n<ol>\n<li>Otw\u00f3rz StrangerCam na swoim urz\u0105dzeniu.<\/li>\n<li>Zezw\u00f3l na dost\u0119p do kamery i mikrofonu.<\/li>\n<li>Wybierz swoje preferencje (np. filtr p\u0142ci).<\/li>\n<li>Kliknij przycisk Rozpocznij czat, aby natychmiast nawi\u0105za\u0107 po\u0142\u0105czenie.<\/li>\n<li>Ciesz si\u0119 prywatnym czatem jeden na jednego.<\/li>\n<\/ol>\n<p>Szybko, \u0142atwo i za darmo.<\/p>\n<p>W 2025 r. kamery \"jeden na jednego\" pozostaj\u0105 jednym z najlepszych sposob\u00f3w nawi\u0105zywania kontakt\u00f3w online. Jest osobista, spontaniczna i autentyczna - umo\u017cliwia prawdziwe rozmowy z nieznajomymi na ca\u0142ym \u015bwiecie.<\/p>\n<p>Ale nie ka\u017cda platforma jest warta twojego czasu. Wiele z nich ukrywa funkcje za p\u0142atnymi zaporami lub zalewa swoje strony botami. Dlatego StrangerCam jest najlepsz\u0105 opcj\u0105: jest darmowy, prywatny, bezpieczny i zawsze aktywny z lud\u017ami gotowymi do rozmowy.<\/p>\n<p>Gotowy, aby spr\u00f3bowa\u0107? Rozpocznij darmowy czat jeden na jednego ju\u017c dzi\u015b i zobacz, kogo spotkasz w przysz\u0142o\u015bci.<\/p>","protected":false},"excerpt":{"rendered":"<p>Are you searching for the best one on one cam experience? You\u2019re not alone. Millions of people around the world prefer private, face-to-face chats instead of noisy group rooms or crowded social networks. With one on one cam, you get direct, personal conversations with strangers or new friends\u2014just you and one other person on video, [&hellip;]<\/p>\n","protected":false},"author":8,"featured_media":0,"parent":0,"menu_order":0,"comment_status":"closed","ping_status":"closed","template":"","meta":{"footnotes":""},"class_list":["post-4107","page","type-page","status-publish","hentry"],"yoast_head":"<!-- This site is optimized with the Yoast SEO plugin v27.4 - https:\/\/yoast.com\/product\/yoast-seo-wordpress\/ -->\n<title>One On One Cam with Video Chat on Strangercam.com<\/title>\n<meta name=\"description\" content=\"Liking One On One Cam? Join millions on StrangerCam.com! Start a random video chat, turn on your cam, and meet strangers instantly.\" \/>\n<meta name=\"robots\" content=\"index, follow, max-snippet:-1, max-image-preview:large, max-video-preview:-1\" \/>\n<link rel=\"canonical\" href=\"https:\/\/strangercam.com\/pl\/kamera-jeden-na-jednego\/\" \/>\n<meta property=\"og:locale\" content=\"pl_PL\" \/>\n<meta property=\"og:type\" content=\"article\" \/>\n<meta property=\"og:title\" content=\"One On One Cam with Video Chat on Strangercam.com\" \/>\n<meta property=\"og:description\" content=\"Liking One On One Cam? Join millions on StrangerCam.com! Start a random video chat, turn on your cam, and meet strangers instantly.\" \/>\n<meta property=\"og:url\" content=\"https:\/\/strangercam.com\/pl\/kamera-jeden-na-jednego\/\" \/>\n<meta property=\"og:site_name\" content=\"Strangercam\" \/>\n<meta property=\"article:publisher\" content=\"https:\/\/www.facebook.com\/strangercam\" \/>\n<meta property=\"article:modified_time\" content=\"2025-09-08T08:03:26+00:00\" \/>\n<meta property=\"og:image\" content=\"https:\/\/strangercam.com\/wp-content\/uploads\/2021\/10\/Untitled-2.png\" \/>\n\t<meta property=\"og:image:width\" content=\"800\" \/>\n\t<meta property=\"og:image:height\" content=\"532\" \/>\n\t<meta property=\"og:image:type\" content=\"image\/png\" \/>\n<meta name=\"twitter:card\" content=\"summary_large_image\" \/>\n<meta name=\"twitter:site\" content=\"@strangercamapp\" \/>\n<meta name=\"twitter:label1\" content=\"Szacowany czas czytania\" \/>\n\t<meta name=\"twitter:data1\" content=\"5 minut\" \/>\n<script type=\"application\/ld+json\" class=\"yoast-schema-graph\">{\"@context\":\"https:\\\/\\\/schema.org\",\"@graph\":[{\"@type\":\"WebPage\",\"@id\":\"https:\\\/\\\/strangercam.com\\\/one-on-one-cam\\\/\",\"url\":\"https:\\\/\\\/strangercam.com\\\/one-on-one-cam\\\/\",\"name\":\"One On One Cam with Video Chat on Strangercam.com\",\"isPartOf\":{\"@id\":\"https:\\\/\\\/strangercam.com\\\/#website\"},\"datePublished\":\"2025-09-08T06:58:53+00:00\",\"dateModified\":\"2025-09-08T08:03:26+00:00\",\"description\":\"Liking One On One Cam? Join millions on StrangerCam.com! Start a random video chat, turn on your cam, and meet strangers instantly.\",\"breadcrumb\":{\"@id\":\"https:\\\/\\\/strangercam.com\\\/one-on-one-cam\\\/#breadcrumb\"},\"inLanguage\":\"pl-PL\",\"potentialAction\":[{\"@type\":\"ReadAction\",\"target\":[\"https:\\\/\\\/strangercam.com\\\/one-on-one-cam\\\/\"]}]},{\"@type\":\"BreadcrumbList\",\"@id\":\"https:\\\/\\\/strangercam.com\\\/one-on-one-cam\\\/#breadcrumb\",\"itemListElement\":[{\"@type\":\"ListItem\",\"position\":1,\"name\":\"Home\",\"item\":\"https:\\\/\\\/strangercam.com\\\/\"},{\"@type\":\"ListItem\",\"position\":2,\"name\":\"One On One Cam\"}]},{\"@type\":\"WebSite\",\"@id\":\"https:\\\/\\\/strangercam.com\\\/#website\",\"url\":\"https:\\\/\\\/strangercam.com\\\/\",\"name\":\"Strangercam\",\"description\":\"Random Video Chat with Strangers\",\"publisher\":{\"@id\":\"https:\\\/\\\/strangercam.com\\\/#organization\"},\"alternateName\":\"Strangercam.com\",\"potentialAction\":[{\"@type\":\"SearchAction\",\"target\":{\"@type\":\"EntryPoint\",\"urlTemplate\":\"https:\\\/\\\/strangercam.com\\\/?s={search_term_string}\"},\"query-input\":{\"@type\":\"PropertyValueSpecification\",\"valueRequired\":true,\"valueName\":\"search_term_string\"}}],\"inLanguage\":\"pl-PL\"},{\"@type\":\"Organization\",\"@id\":\"https:\\\/\\\/strangercam.com\\\/#organization\",\"name\":\"Strangercam\",\"alternateName\":\"Strangercam.com\",\"url\":\"https:\\\/\\\/strangercam.com\\\/\",\"logo\":{\"@type\":\"ImageObject\",\"inLanguage\":\"pl-PL\",\"@id\":\"https:\\\/\\\/strangercam.com\\\/#\\\/schema\\\/logo\\\/image\\\/\",\"url\":\"https:\\\/\\\/strangercam.com\\\/wp-content\\\/uploads\\\/2020\\\/11\\\/cropped-new-favicon-black.png\",\"contentUrl\":\"https:\\\/\\\/strangercam.com\\\/wp-content\\\/uploads\\\/2020\\\/11\\\/cropped-new-favicon-black.png\",\"width\":512,\"height\":512,\"caption\":\"Strangercam\"},\"image\":{\"@id\":\"https:\\\/\\\/strangercam.com\\\/#\\\/schema\\\/logo\\\/image\\\/\"},\"sameAs\":[\"https:\\\/\\\/www.facebook.com\\\/strangercam\",\"https:\\\/\\\/x.com\\\/strangercamapp\"]}]}<\/script>\n<!-- \/ Yoast SEO plugin. -->","yoast_head_json":{"title":"Kamera jeden na jednego z czatem wideo na Strangercam.com","description":"Lubisz kamerki jeden na jednego? Join miliony na StrangerCam.com! Rozpocznij losowy czat wideo, w\u0142\u0105cz kamer\u0119 i natychmiast poznaj nieznajomych.","robots":{"index":"index","follow":"follow","max-snippet":"max-snippet:-1","max-image-preview":"max-image-preview:large","max-video-preview":"max-video-preview:-1"},"canonical":"https:\/\/strangercam.com\/pl\/kamera-jeden-na-jednego\/","og_locale":"pl_PL","og_type":"article","og_title":"One On One Cam with Video Chat on Strangercam.com","og_description":"Liking One On One Cam? Join millions on StrangerCam.com! Start a random video chat, turn on your cam, and meet strangers instantly.","og_url":"https:\/\/strangercam.com\/pl\/kamera-jeden-na-jednego\/","og_site_name":"Strangercam","article_publisher":"https:\/\/www.facebook.com\/strangercam","article_modified_time":"2025-09-08T08:03:26+00:00","og_image":[{"width":800,"height":532,"url":"https:\/\/strangercam.com\/wp-content\/uploads\/2021\/10\/Untitled-2.png","type":"image\/png"}],"twitter_card":"summary_large_image","twitter_site":"@strangercamapp","twitter_misc":{"Szacowany czas czytania":"5 minut"},"schema":{"@context":"https:\/\/schema.org","@graph":[{"@type":"WebPage","@id":"https:\/\/strangercam.com\/one-on-one-cam\/","url":"https:\/\/strangercam.com\/one-on-one-cam\/","name":"Kamera jeden na jednego z czatem wideo na Strangercam.com","isPartOf":{"@id":"https:\/\/strangercam.com\/#website"},"datePublished":"2025-09-08T06:58:53+00:00","dateModified":"2025-09-08T08:03:26+00:00","description":"Lubisz kamerki jeden na jednego? Join miliony na StrangerCam.com! Rozpocznij losowy czat wideo, w\u0142\u0105cz kamer\u0119 i natychmiast poznaj nieznajomych.","breadcrumb":{"@id":"https:\/\/strangercam.com\/one-on-one-cam\/#breadcrumb"},"inLanguage":"pl-PL","potentialAction":[{"@type":"ReadAction","target":["https:\/\/strangercam.com\/one-on-one-cam\/"]}]},{"@type":"BreadcrumbList","@id":"https:\/\/strangercam.com\/one-on-one-cam\/#breadcrumb","itemListElement":[{"@type":"ListItem","position":1,"name":"Home","item":"https:\/\/strangercam.com\/"},{"@type":"ListItem","position":2,"name":"One On One Cam"}]},{"@type":"WebSite","@id":"https:\/\/strangercam.com\/#website","url":"https:\/\/strangercam.com\/","name":"Strangercam","description":"Losowy czat wideo z nieznajomymi","publisher":{"@id":"https:\/\/strangercam.com\/#organization"},"alternateName":"Strangercam.com","potentialAction":[{"@type":"SearchAction","target":{"@type":"EntryPoint","urlTemplate":"https:\/\/strangercam.com\/?s={search_term_string}"},"query-input":{"@type":"PropertyValueSpecification","valueRequired":true,"valueName":"search_term_string"}}],"inLanguage":"pl-PL"},{"@type":"Organization","@id":"https:\/\/strangercam.com\/#organization","name":"Strangercam","alternateName":"Strangercam.com","url":"https:\/\/strangercam.com\/","logo":{"@type":"ImageObject","inLanguage":"pl-PL","@id":"https:\/\/strangercam.com\/#\/schema\/logo\/image\/","url":"https:\/\/strangercam.com\/wp-content\/uploads\/2020\/11\/cropped-new-favicon-black.png","contentUrl":"https:\/\/strangercam.com\/wp-content\/uploads\/2020\/11\/cropped-new-favicon-black.png","width":512,"height":512,"caption":"Strangercam"},"image":{"@id":"https:\/\/strangercam.com\/#\/schema\/logo\/image\/"},"sameAs":["https:\/\/www.facebook.com\/strangercam","https:\/\/x.com\/strangercamapp"]}]}},"_links":{"self":[{"href":"https:\/\/strangercam.com\/pl\/wp-json\/wp\/v2\/pages\/4107","targetHints":{"allow":["GET"]}}],"collection":[{"href":"https:\/\/strangercam.com\/pl\/wp-json\/wp\/v2\/pages"}],"about":[{"href":"https:\/\/strangercam.com\/pl\/wp-json\/wp\/v2\/types\/page"}],"author":[{"embeddable":true,"href":"https:\/\/strangercam.com\/pl\/wp-json\/wp\/v2\/users\/8"}],"replies":[{"embeddable":true,"href":"https:\/\/strangercam.com\/pl\/wp-json\/wp\/v2\/comments?post=4107"}],"version-history":[{"count":2,"href":"https:\/\/strangercam.com\/pl\/wp-json\/wp\/v2\/pages\/4107\/revisions"}],"predecessor-version":[{"id":13012,"href":"https:\/\/strangercam.com\/pl\/wp-json\/wp\/v2\/pages\/4107\/revisions\/13012"}],"wp:attachment":[{"href":"https:\/\/strangercam.com\/pl\/wp-json\/wp\/v2\/media?parent=4107"}],"curies":[{"name":"wp","href":"https:\/\/api.w.org\/{rel}","templated":true}]}}