{"id":4090,"date":"2025-09-08T07:55:19","date_gmt":"2025-09-08T05:55:19","guid":{"rendered":"https:\/\/strangercam.com\/?page_id=4090"},"modified":"2025-09-08T10:00:45","modified_gmt":"2025-09-08T08:00:45","slug":"czat-z-dziewczyna-omegle","status":"publish","type":"page","link":"https:\/\/strangercam.com\/pl\/omegle-girl-chat\/","title":{"rendered":"Omegle Girl Chat"},"content":{"rendered":"<p>Czy szuka\u0142e\u015b <a href=\"https:\/\/strangercam.com\/pl\/omegle\/\">Omegle<\/a> dziewczyna <a href=\"https:\/\/strangercam.com\/pl\/chathub\/\">czat<\/a>? Nie jeste\u015b sam. Przez lata Omegle by\u0142 miejscem, w kt\u00f3rym mo\u017cna by\u0142o prowadzi\u0107 losowe czaty wideo, szczeg\u00f3lnie dla os\u00f3b, kt\u00f3re chcia\u0142y pozna\u0107 i porozmawia\u0107 z dziewczynami online. Ale odk\u0105d Omegle zosta\u0142 zamkni\u0119ty w 2023 roku, miliony u\u017cytkownik\u00f3w szukaj\u0105 alternatyw, kt\u00f3re oferuj\u0105 ten sam dreszczyk spontanicznych po\u0142\u0105cze\u0144 - z dodatkow\u0105 zalet\u0105 bycia bezpieczniejszym, bardziej nowoczesnym i naprawd\u0119 darmowym.<\/p>\n<p>W 2025 roku platformy takie jak StrangerCam umo\u017cliwiaj\u0105 natychmiastowe korzystanie z darmowych czat\u00f3w z dziewczynami online - bez rejestracji, bez pobierania i bez ukrytych op\u0142at. Niezale\u017cnie od tego, czy szukasz zabawy, niezobowi\u0105zuj\u0105cego flirtu, nawi\u0105zania nowych znajomo\u015bci, czy po prostu sp\u0119dzenia czasu, czat z dziewczynami w stylu Omegle pozostaje jednym z najbardziej ekscytuj\u0105cych sposob\u00f3w na nawi\u0105zanie kontaktu.<\/p>\n<p>Ten przewodnik obejmuje wszystko, co musisz wiedzie\u0107: czym by\u0142 czat z dziewczynami Omegle, dlaczego sta\u0142 si\u0119 tak popularny, w jaki spos\u00f3b zast\u0105pi\u0142y go nowoczesne platformy, jakich funkcji szuka\u0107, por\u00f3wnania najlepszych alternatyw, wskaz\u00f3wki dotycz\u0105ce bezpiecze\u0144stwa i dlaczego StrangerCam jest obecnie jedn\u0105 z najlepszych opcji.<\/p>\n<h2>Czym by\u0142 czat z dziewczyn\u0105 Omegle?<\/h2>\n<p>Czat z dziewczynami Omegle odnosi\u0142 si\u0119 do losowej funkcji czatu wideo Omegle, w kt\u00f3rej u\u017cytkownicy mogli pr\u00f3bowa\u0107 \u0142\u0105czy\u0107 si\u0119 z dziewczynami online. Sam Omegle nie oferowa\u0142 prawdziwego filtra p\u0142ci, przez co wielu u\u017cytkownik\u00f3w by\u0142o sfrustrowanych. Wiele wyszukiwa\u0144 lub hack\u00f3w \"Omegle girl\" innych firm cz\u0119sto prowadzi\u0142o do niewiarygodnych lub niebezpiecznych do\u015bwiadcze\u0144.<\/p>\n<p>Odk\u0105d Omegle zosta\u0142 zamkni\u0119ty, zapotrzebowanie na bezpieczny i prawdziwy czat z dziewczynami tylko wzros\u0142o. W tym miejscu pojawiaj\u0105 si\u0119 platformy takie jak StrangerCam - oferuj\u0105ce prawdziwe, bezp\u0142atne filtry p\u0142ci i lepsze funkcje bezpiecze\u0144stwa ni\u017c Omegle.<\/p>\n<h2>Dlaczego ludzie szukaj\u0105 czatu z dziewczyn\u0105 Omegle?<\/h2>\n<p>Termin \"Omegle girl chat\" sta\u0142 si\u0119 popularny z kilku powod\u00f3w:<\/p>\n<ul>\n<li>Pragnienie kontakt\u00f3w z kobietami: Wielu u\u017cytkownik\u00f3w chcia\u0142o czatowa\u0107 z dziewczynami.<\/li>\n<li>Flirt i niezobowi\u0105zuj\u0105ca zabawa: Omegle sta\u0142 si\u0119 znany ze spontanicznych, lekkich znajomo\u015bci.<\/li>\n<li>Ciekawo\u015b\u0107 i rozrywka: Poznawanie nowych dziewczyn z ca\u0142ego \u015bwiata by\u0142o zabawne i nieprzewidywalne.<\/li>\n<li>Unikanie bot\u00f3w i podr\u00f3bek: U\u017cytkownicy preferowali czat wideo, aby potwierdzi\u0107, \u017ce rozmawiaj\u0105 z prawdziwymi lud\u017ami.<\/li>\n<li>Samotno\u015b\u0107: Dla wielu os\u00f3b Omegle wype\u0142ni\u0142 luk\u0119 nudy i zapewni\u0142 natychmiastow\u0105 interakcj\u0119 spo\u0142eczn\u0105.<\/li>\n<\/ul>\n<h2>Jak dzia\u0142a\u0142 czat z dziewczyn\u0105 Omegle (i jego ograniczenia)?<\/h2>\n<p>Konfiguracja Omegle by\u0142a prosta:<\/p>\n<ol>\n<li>Otw\u00f3rz witryn\u0119.<\/li>\n<li>Zezw\u00f3l na dost\u0119p do kamery internetowej i mikrofonu.<\/li>\n<li>Kliknij \"Start\" i po\u0142\u0105cz si\u0119 z losow\u0105 osob\u0105.<\/li>\n<li>Naci\u015bnij \"Dalej\", aby przej\u015b\u0107 dalej.<\/li>\n<\/ol>\n<p>Problem? Omegle nie oferowa\u0142 dzia\u0142aj\u0105cego filtra p\u0142ci. Wiele os\u00f3b szukaj\u0105cych \"czatu z dziewczyn\u0105 Omegle\" by\u0142o rozczarowanych losowym dopasowaniem. Co gorsza, brak moderacji cz\u0119sto prowadzi\u0142 do niebezpiecznych lub niekomfortowych do\u015bwiadcze\u0144.<\/p>\n<h2>Wzrost popularno\u015bci Omegle Girl Chat Alternatives<\/h2>\n<p>Od czasu zamkni\u0119cia Omegle pojawi\u0142y si\u0119 lepsze platformy. Te nowe witryny ulepszaj\u0105 klasyczny format czatu losowego, oferuj\u0105c:<\/p>\n<ul>\n<li>Prawdziwe filtry p\u0142ci (bezp\u0142atne lub p\u0142atne).<\/li>\n<li>Bezpieczniejsze \u015brodowiska z aktywn\u0105 moderacj\u0105.<\/li>\n<li>Lepsze wsparcie mobilne.<\/li>\n<li>Wy\u017csza jako\u015b\u0107 obrazu i d\u017awi\u0119ku.<\/li>\n<li>Prawdziwie darmowy dost\u0119p bez sztuczek.<\/li>\n<\/ul>\n<h2>Najlepsze platformy do czatu z dziewczyn\u0105 Omegle w 2025 roku<\/h2>\n<p>Oto por\u00f3wnanie najlepszych obecnie alternatyw:<\/p>\n<table>\n<thead>\n<tr>\n<th>Platforma<\/th>\n<th align=\"center\">Bezp\u0142atny dost\u0119p<\/th>\n<th align=\"center\">Filtr p\u0142ci<\/th>\n<th align=\"center\">Wymagana rejestracja<\/th>\n<th align=\"center\">Wsparcie mobilne<\/th>\n<th align=\"center\">Moderacja<\/th>\n<th>Uwagi<\/th>\n<\/tr>\n<\/thead>\n<tbody>\n<tr>\n<td>StrangerCam<\/td>\n<td align=\"center\">\u2705<\/td>\n<td align=\"center\">\u2705 (Free)<\/td>\n<td align=\"center\">\u274c<\/td>\n<td align=\"center\">\u2705<\/td>\n<td align=\"center\">\u2705<\/td>\n<td>Najlepszy zamiennik czatu dla dziewczyn Omegle<\/td>\n<\/tr>\n<tr>\n<td><a href=\"https:\/\/strangercam.com\/pl\/chatroulette\/\">Chatroulette<\/a><\/td>\n<td align=\"center\">\u2705<\/td>\n<td align=\"center\">\u274c (p\u0142atne)<\/td>\n<td align=\"center\">\u274c<\/td>\n<td align=\"center\">\u2705<\/td>\n<td align=\"center\">\u2705<\/td>\n<td>Klasyczna opcja, ale bez darmowych filtr\u00f3w<\/td>\n<\/tr>\n<tr>\n<td>Chatrandom<\/td>\n<td align=\"center\">\u2705<\/td>\n<td align=\"center\">\u274c (p\u0142atne)<\/td>\n<td align=\"center\">\u274c<\/td>\n<td align=\"center\">\u2705<\/td>\n<td align=\"center\">\u2705<\/td>\n<td>Popularne, ale wysokiej jako\u015bci filtry<\/td>\n<\/tr>\n<tr>\n<td>Shagle<\/td>\n<td align=\"center\">\u2705<\/td>\n<td align=\"center\">\u274c (p\u0142atne)<\/td>\n<td align=\"center\">\u274c<\/td>\n<td align=\"center\">\u2705<\/td>\n<td align=\"center\">\u2705<\/td>\n<td>Wymusza aktualizacje filtr\u00f3w<\/td>\n<\/tr>\n<tr>\n<td><a href=\"https:\/\/strangercam.com\/pl\/coomeet\/\">CooMeet<\/a><\/td>\n<td align=\"center\">\u274c (Trial)<\/td>\n<td align=\"center\">\u2705<\/td>\n<td align=\"center\">\u2705<\/td>\n<td align=\"center\">\u2705<\/td>\n<td align=\"center\">\u2705<\/td>\n<td>P\u0142atna platforma skupiaj\u0105ca si\u0119 na czatowaniu z dziewczynami<\/td>\n<\/tr>\n<tr>\n<td>LuckyCrush<\/td>\n<td align=\"center\">\u274c<\/td>\n<td align=\"center\">\u2705<\/td>\n<td align=\"center\">\u2705<\/td>\n<td align=\"center\">\u2705<\/td>\n<td align=\"center\">\u2705<\/td>\n<td>Zawsze p\u0142atny, \u0142\u0105czy facet\u00f3w z dziewczynami<\/td>\n<\/tr>\n<\/tbody>\n<\/table>\n<p>StrangerCam wyr\u00f3\u017cnia si\u0119 jako jedna z niewielu platform oferuj\u0105cych darmowy czat z dziewczynami w stylu Omegle z dzia\u0142aj\u0105cym filtrem p\u0142ci i bez rejestracji.<\/p>\n<h2>Dlaczego StrangerCam jest najlepszy Omegle Girl Chat Alternative<\/h2>\n<p>Oto dlaczego StrangerCam jest najlepszym wyborem w 2025 roku dla tych, kt\u00f3rzy szukaj\u0105 czatu z dziewczyn\u0105 Omegle:<\/p>\n<h3>1. Ca\u0142kowicie darmowy i nieograniczony<\/h3>\n<p>\u017badnych paywalli, wersji pr\u00f3bnych czy kredyt\u00f3w - tylko darmowe czaty.<\/p>\n<h3>2. Darmowy filtr p\u0142ci<\/h3>\n<p>Poznawaj dziewczyny natychmiast, bez dodatkowych op\u0142at.<\/p>\n<h3>3. Nie jest wymagana rejestracja<\/h3>\n<p>Zachowaj anonimowo\u015b\u0107 i zacznij czatowa\u0107 w kilka sekund.<\/p>\n<h3>4. Bezpieczny i moderowany<\/h3>\n<p>Aktywna moderacja czyni go bezpieczniejszym ni\u017c Omegle kiedykolwiek by\u0142.<\/p>\n<h3>5. Globalna baza u\u017cytkownik\u00f3w<\/h3>\n<p>Poznawaj dziewczyny z ca\u0142ego \u015bwiata, 24\/7.<\/p>\n<h3>6. Zoptymalizowany dla wszystkich urz\u0105dze\u0144<\/h3>\n<p>Dzia\u0142a p\u0142ynnie zar\u00f3wno na komputerach stacjonarnych, jak i urz\u0105dzeniach mobilnych.<\/p>\n<h2>Prawdziwe opinie u\u017cytkownik\u00f3w<\/h2>\n<blockquote><p><em>\"Szuka\u0142em alternatywy dla czatu z dziewczyn\u0105 Omegle i wi\u0119kszo\u015b\u0107 stron pr\u00f3bowa\u0142a mnie obci\u0105\u017cy\u0107. StrangerCam faktycznie zapewnia\u0142 darmowe po\u0142\u0105czenia.\"<\/em><br \/>\n- David, 27 lat<\/p><\/blockquote>\n<blockquote><p><em>\"Filtr p\u0142ci dzia\u0142a tutaj idealnie. To dok\u0142adnie to, czego brakowa\u0142o w Omegle\".<\/em><br \/>\n- Sophia, 22 lata<\/p><\/blockquote>\n<blockquote><p><em>\"Nawi\u0105za\u0142em kontakt z dziewczynami z trzech r\u00f3\u017cnych kraj\u00f3w w mniej ni\u017c godzin\u0119. O wiele lepiej ni\u017c w przypadku Omegle.\"<\/em><br \/>\n- Ryan, 30<\/p><\/blockquote>\n<blockquote><p><em>\"Czuje si\u0119 bezpieczniej i czy\u015bciej ni\u017c Omegle i mog\u0119 natychmiast pomin\u0105\u0107, je\u015bli nie podoba mi si\u0119 czat\".<\/em><br \/>\n- Emma, 19 lat<\/p><\/blockquote>\n<h2>Wskaz\u00f3wki bezpiecze\u0144stwa dotycz\u0105ce czatu z dziewczynami w stylu Omegle<\/h2>\n<p>Chocia\u017c czatowanie z dziewczynami online to \u015bwietna zabawa, bezpiecze\u0144stwo jest kluczowe:<\/p>\n<ul>\n<li>Nie udost\u0119pniaj danych osobowych (telefonu, adresu e-mail, adresu).<\/li>\n<li>Pomijaj lub blokuj ka\u017cdego, kto sprawia, \u017ce czujesz si\u0119 niekomfortowo.<\/li>\n<li>Nigdy nie klikaj podejrzanych link\u00f3w.<\/li>\n<li>Sprawd\u017a t\u0142o przed w\u0142\u0105czeniem kamery internetowej.<\/li>\n<li>Korzystaj z narz\u0119dzi platformy, takich jak funkcje raportowania.<\/li>\n<li>Przestrzegaj ogranicze\u0144 wiekowych - je\u015bli masz mniej ni\u017c 18 lat, unikaj platform dla doros\u0142ych.<\/li>\n<\/ul>\n<h2>Jak zacz\u0105\u0107 - krok po kroku<\/h2>\n<p>Rozpocz\u0119cie czatu z dziewczyn\u0105 w stylu Omegle zajmuje tylko kilka sekund:<\/p>\n<ol>\n<li>Otw\u00f3rz StrangerCam na swoim urz\u0105dzeniu.<\/li>\n<li>Zezw\u00f3l na dost\u0119p do kamery i mikrofonu.<\/li>\n<li>Wybierz filtr p\u0142ci (dziewczynki).<\/li>\n<li>Kliknij przycisk Rozpocznij czat, aby natychmiast nawi\u0105za\u0107 po\u0142\u0105czenie.<\/li>\n<li>Naci\u015bnij Next w dowolnym momencie, aby pozna\u0107 kogo\u015b nowego.<\/li>\n<\/ol>\n<p>Szybko, prosto i za darmo 100%.<\/p>\n<p>Mimo \u017ce Omegle ju\u017c nie istnieje, popyt na czat z dziewczynami Omegle nie znikn\u0105\u0142. W rzeczywisto\u015bci jest silniejszy ni\u017c kiedykolwiek. Dobr\u0105 wiadomo\u015bci\u0105 jest to, \u017ce nowoczesne alternatywy, takie jak StrangerCam, nie tylko zast\u0119puj\u0105 Omegle, ale tak\u017ce ulepszaj\u0105 go - oferuj\u0105c bezp\u0142atne filtry p\u0142ci, lepsz\u0105 moderacj\u0119 i bezpieczniejsze do\u015bwiadczenia.<\/p>\n<p>Je\u015bli chcesz spotyka\u0107 si\u0119, flirtowa\u0107 lub po prostu swobodnie rozmawia\u0107 z dziewczynami online, StrangerCam jest jednym z najlepszych wybor\u00f3w w 2025 roku.<\/p>\n<p>Gotowy, aby spr\u00f3bowa\u0107? Rozpocznij darmowy czat z dziewczyn\u0105 w stylu Omegle ju\u017c dzi\u015b i odkryj, kogo spotkasz w przysz\u0142o\u015bci.<\/p>","protected":false},"excerpt":{"rendered":"<p>Have you been searching for Omegle girl chat? You\u2019re not alone. For years, Omegle was the go-to place for random video chats, especially for people looking to meet and chat with girls online. But since Omegle shut down in 2023, millions of users have been searching for alternatives that offer the same thrill of spontaneous [&hellip;]<\/p>\n","protected":false},"author":8,"featured_media":0,"parent":0,"menu_order":0,"comment_status":"closed","ping_status":"closed","template":"","meta":{"footnotes":""},"class_list":["post-4090","page","type-page","status-publish","hentry"],"yoast_head":"<!-- This site is optimized with the Yoast SEO plugin v27.4 - https:\/\/yoast.com\/product\/yoast-seo-wordpress\/ -->\n<title>Omegle Girl Chat with Video Chat on Strangercam.com<\/title>\n<meta name=\"description\" content=\"Liking Omegle Girl Chat? Join millions on StrangerCam.com! Start a random video chat, turn on your cam, and meet strangers instantly.\" \/>\n<meta name=\"robots\" content=\"index, follow, max-snippet:-1, max-image-preview:large, max-video-preview:-1\" \/>\n<link rel=\"canonical\" href=\"https:\/\/strangercam.com\/pl\/czat-z-dziewczyna-omegle\/\" \/>\n<meta property=\"og:locale\" content=\"pl_PL\" \/>\n<meta property=\"og:type\" content=\"article\" \/>\n<meta property=\"og:title\" content=\"Omegle Girl Chat with Video Chat on Strangercam.com\" \/>\n<meta property=\"og:description\" content=\"Liking Omegle Girl Chat? Join millions on StrangerCam.com! Start a random video chat, turn on your cam, and meet strangers instantly.\" \/>\n<meta property=\"og:url\" content=\"https:\/\/strangercam.com\/pl\/czat-z-dziewczyna-omegle\/\" \/>\n<meta property=\"og:site_name\" content=\"Strangercam\" \/>\n<meta property=\"article:publisher\" content=\"https:\/\/www.facebook.com\/strangercam\" \/>\n<meta property=\"article:modified_time\" content=\"2025-09-08T08:00:45+00:00\" \/>\n<meta property=\"og:image\" content=\"https:\/\/strangercam.com\/wp-content\/uploads\/2021\/10\/Untitled-2.png\" \/>\n\t<meta property=\"og:image:width\" content=\"800\" \/>\n\t<meta property=\"og:image:height\" content=\"532\" \/>\n\t<meta property=\"og:image:type\" content=\"image\/png\" \/>\n<meta name=\"twitter:card\" content=\"summary_large_image\" \/>\n<meta name=\"twitter:site\" content=\"@strangercamapp\" \/>\n<meta name=\"twitter:label1\" content=\"Szacowany czas czytania\" \/>\n\t<meta name=\"twitter:data1\" content=\"4 minuty\" \/>\n<script type=\"application\/ld+json\" class=\"yoast-schema-graph\">{\"@context\":\"https:\\\/\\\/schema.org\",\"@graph\":[{\"@type\":\"WebPage\",\"@id\":\"https:\\\/\\\/strangercam.com\\\/omegle-girl-chat\\\/\",\"url\":\"https:\\\/\\\/strangercam.com\\\/omegle-girl-chat\\\/\",\"name\":\"Omegle Girl Chat with Video Chat on Strangercam.com\",\"isPartOf\":{\"@id\":\"https:\\\/\\\/strangercam.com\\\/#website\"},\"datePublished\":\"2025-09-08T05:55:19+00:00\",\"dateModified\":\"2025-09-08T08:00:45+00:00\",\"description\":\"Liking Omegle Girl Chat? Join millions on StrangerCam.com! Start a random video chat, turn on your cam, and meet strangers instantly.\",\"breadcrumb\":{\"@id\":\"https:\\\/\\\/strangercam.com\\\/omegle-girl-chat\\\/#breadcrumb\"},\"inLanguage\":\"pl-PL\",\"potentialAction\":[{\"@type\":\"ReadAction\",\"target\":[\"https:\\\/\\\/strangercam.com\\\/omegle-girl-chat\\\/\"]}]},{\"@type\":\"BreadcrumbList\",\"@id\":\"https:\\\/\\\/strangercam.com\\\/omegle-girl-chat\\\/#breadcrumb\",\"itemListElement\":[{\"@type\":\"ListItem\",\"position\":1,\"name\":\"Home\",\"item\":\"https:\\\/\\\/strangercam.com\\\/\"},{\"@type\":\"ListItem\",\"position\":2,\"name\":\"Omegle Girl Chat\"}]},{\"@type\":\"WebSite\",\"@id\":\"https:\\\/\\\/strangercam.com\\\/#website\",\"url\":\"https:\\\/\\\/strangercam.com\\\/\",\"name\":\"Strangercam\",\"description\":\"Random Video Chat with Strangers\",\"publisher\":{\"@id\":\"https:\\\/\\\/strangercam.com\\\/#organization\"},\"alternateName\":\"Strangercam.com\",\"potentialAction\":[{\"@type\":\"SearchAction\",\"target\":{\"@type\":\"EntryPoint\",\"urlTemplate\":\"https:\\\/\\\/strangercam.com\\\/?s={search_term_string}\"},\"query-input\":{\"@type\":\"PropertyValueSpecification\",\"valueRequired\":true,\"valueName\":\"search_term_string\"}}],\"inLanguage\":\"pl-PL\"},{\"@type\":\"Organization\",\"@id\":\"https:\\\/\\\/strangercam.com\\\/#organization\",\"name\":\"Strangercam\",\"alternateName\":\"Strangercam.com\",\"url\":\"https:\\\/\\\/strangercam.com\\\/\",\"logo\":{\"@type\":\"ImageObject\",\"inLanguage\":\"pl-PL\",\"@id\":\"https:\\\/\\\/strangercam.com\\\/#\\\/schema\\\/logo\\\/image\\\/\",\"url\":\"https:\\\/\\\/strangercam.com\\\/wp-content\\\/uploads\\\/2020\\\/11\\\/cropped-new-favicon-black.png\",\"contentUrl\":\"https:\\\/\\\/strangercam.com\\\/wp-content\\\/uploads\\\/2020\\\/11\\\/cropped-new-favicon-black.png\",\"width\":512,\"height\":512,\"caption\":\"Strangercam\"},\"image\":{\"@id\":\"https:\\\/\\\/strangercam.com\\\/#\\\/schema\\\/logo\\\/image\\\/\"},\"sameAs\":[\"https:\\\/\\\/www.facebook.com\\\/strangercam\",\"https:\\\/\\\/x.com\\\/strangercamapp\"]}]}<\/script>\n<!-- \/ Yoast SEO plugin. -->","yoast_head_json":{"title":"Omegle Girl Chat z czatem wideo na Strangercam.com","description":"Podoba Ci si\u0119 czat z dziewczyn\u0105 Omegle? Join miliony na StrangerCam.com! Rozpocznij losowy czat wideo, w\u0142\u0105cz kamer\u0119 i natychmiast poznaj nieznajomych.","robots":{"index":"index","follow":"follow","max-snippet":"max-snippet:-1","max-image-preview":"max-image-preview:large","max-video-preview":"max-video-preview:-1"},"canonical":"https:\/\/strangercam.com\/pl\/czat-z-dziewczyna-omegle\/","og_locale":"pl_PL","og_type":"article","og_title":"Omegle Girl Chat with Video Chat on Strangercam.com","og_description":"Liking Omegle Girl Chat? Join millions on StrangerCam.com! Start a random video chat, turn on your cam, and meet strangers instantly.","og_url":"https:\/\/strangercam.com\/pl\/czat-z-dziewczyna-omegle\/","og_site_name":"Strangercam","article_publisher":"https:\/\/www.facebook.com\/strangercam","article_modified_time":"2025-09-08T08:00:45+00:00","og_image":[{"width":800,"height":532,"url":"https:\/\/strangercam.com\/wp-content\/uploads\/2021\/10\/Untitled-2.png","type":"image\/png"}],"twitter_card":"summary_large_image","twitter_site":"@strangercamapp","twitter_misc":{"Szacowany czas czytania":"4 minuty"},"schema":{"@context":"https:\/\/schema.org","@graph":[{"@type":"WebPage","@id":"https:\/\/strangercam.com\/omegle-girl-chat\/","url":"https:\/\/strangercam.com\/omegle-girl-chat\/","name":"Omegle Girl Chat z czatem wideo na Strangercam.com","isPartOf":{"@id":"https:\/\/strangercam.com\/#website"},"datePublished":"2025-09-08T05:55:19+00:00","dateModified":"2025-09-08T08:00:45+00:00","description":"Podoba Ci si\u0119 czat z dziewczyn\u0105 Omegle? Join miliony na StrangerCam.com! Rozpocznij losowy czat wideo, w\u0142\u0105cz kamer\u0119 i natychmiast poznaj nieznajomych.","breadcrumb":{"@id":"https:\/\/strangercam.com\/omegle-girl-chat\/#breadcrumb"},"inLanguage":"pl-PL","potentialAction":[{"@type":"ReadAction","target":["https:\/\/strangercam.com\/omegle-girl-chat\/"]}]},{"@type":"BreadcrumbList","@id":"https:\/\/strangercam.com\/omegle-girl-chat\/#breadcrumb","itemListElement":[{"@type":"ListItem","position":1,"name":"Home","item":"https:\/\/strangercam.com\/"},{"@type":"ListItem","position":2,"name":"Omegle Girl Chat"}]},{"@type":"WebSite","@id":"https:\/\/strangercam.com\/#website","url":"https:\/\/strangercam.com\/","name":"Strangercam","description":"Losowy czat wideo z nieznajomymi","publisher":{"@id":"https:\/\/strangercam.com\/#organization"},"alternateName":"Strangercam.com","potentialAction":[{"@type":"SearchAction","target":{"@type":"EntryPoint","urlTemplate":"https:\/\/strangercam.com\/?s={search_term_string}"},"query-input":{"@type":"PropertyValueSpecification","valueRequired":true,"valueName":"search_term_string"}}],"inLanguage":"pl-PL"},{"@type":"Organization","@id":"https:\/\/strangercam.com\/#organization","name":"Strangercam","alternateName":"Strangercam.com","url":"https:\/\/strangercam.com\/","logo":{"@type":"ImageObject","inLanguage":"pl-PL","@id":"https:\/\/strangercam.com\/#\/schema\/logo\/image\/","url":"https:\/\/strangercam.com\/wp-content\/uploads\/2020\/11\/cropped-new-favicon-black.png","contentUrl":"https:\/\/strangercam.com\/wp-content\/uploads\/2020\/11\/cropped-new-favicon-black.png","width":512,"height":512,"caption":"Strangercam"},"image":{"@id":"https:\/\/strangercam.com\/#\/schema\/logo\/image\/"},"sameAs":["https:\/\/www.facebook.com\/strangercam","https:\/\/x.com\/strangercamapp"]}]}},"_links":{"self":[{"href":"https:\/\/strangercam.com\/pl\/wp-json\/wp\/v2\/pages\/4090","targetHints":{"allow":["GET"]}}],"collection":[{"href":"https:\/\/strangercam.com\/pl\/wp-json\/wp\/v2\/pages"}],"about":[{"href":"https:\/\/strangercam.com\/pl\/wp-json\/wp\/v2\/types\/page"}],"author":[{"embeddable":true,"href":"https:\/\/strangercam.com\/pl\/wp-json\/wp\/v2\/users\/8"}],"replies":[{"embeddable":true,"href":"https:\/\/strangercam.com\/pl\/wp-json\/wp\/v2\/comments?post=4090"}],"version-history":[{"count":1,"href":"https:\/\/strangercam.com\/pl\/wp-json\/wp\/v2\/pages\/4090\/revisions"}],"predecessor-version":[{"id":13007,"href":"https:\/\/strangercam.com\/pl\/wp-json\/wp\/v2\/pages\/4090\/revisions\/13007"}],"wp:attachment":[{"href":"https:\/\/strangercam.com\/pl\/wp-json\/wp\/v2\/media?parent=4090"}],"curies":[{"name":"wp","href":"https:\/\/api.w.org\/{rel}","templated":true}]}}