{"id":4073,"date":"2025-09-03T11:52:49","date_gmt":"2025-09-03T09:52:49","guid":{"rendered":"https:\/\/strangercam.com\/?page_id=4073"},"modified":"2025-09-03T13:47:51","modified_gmt":"2025-09-03T11:47:51","slug":"czat-przed-kamera","status":"publish","type":"page","link":"https:\/\/strangercam.com\/pl\/cam-chat\/","title":{"rendered":"Cam Chat"},"content":{"rendered":"<p>Szukasz najlepszego miejsca, aby cieszy\u0107 si\u0119 <a href=\"https:\/\/strangercam.com\/pl\/bazoocam\/\">krzywka<\/a> czat? Nie jeste\u015b sam. Ka\u017cdego dnia miliony ludzi na ca\u0142ym \u015bwiecie korzystaj\u0105 z platform cam chat, aby poznawa\u0107 nowych ludzi, prowadzi\u0107 zabawne rozmowy i nawi\u0105zywa\u0107 spontaniczne znajomo\u015bci online. W przeciwie\u0144stwie do aplikacji randkowych lub sieci spo\u0142eczno\u015bciowych, kt\u00f3re wymagaj\u0105 nieko\u0144cz\u0105cego si\u0119 przewijania lub przesuwania, czat przed kamer\u0105 jest natychmiastowy, rzeczywisty i ekscytuj\u0105cy - naciskasz przycisk i w ci\u0105gu kilku sekund stajesz twarz\u0105 w twarz z nieznajomym.<\/p>\n<p>W 2025 roku platformy takie jak StrangerCam sprawiaj\u0105, \u017ce korzystanie z nich jest \u0142atwiejsze ni\u017c kiedykolwiek wcze\u015bniej. <a href=\"https:\/\/strangercam.com\/pl\/cam-to-cam-chat\/\">darmowa kamerka<\/a> czat - bez rejestracji, bez pobierania i bez ukrytych op\u0142at. Niezale\u017cnie od tego, czy chcesz nawi\u0105za\u0107 znajomo\u015bci, po\u0107wiczy\u0107 nowy j\u0119zyk, cieszy\u0107 si\u0119 swobodnym flirtem, czy po prostu wyleczy\u0107 si\u0119 z nudy, czat przed kamer\u0105 jest jednym z najbardziej zabawnych i nieprzewidywalnych sposob\u00f3w \u0142\u0105czenia si\u0119 online.<\/p>\n<p>Ten przewodnik obejmuje wszystko, co musisz wiedzie\u0107: czym jest czat przed kamer\u0105, dlaczego jest tak popularny, jak dzia\u0142a, jakich funkcji szuka\u0107, por\u00f3wnania platform, wskaz\u00f3wki dotycz\u0105ce bezpiecze\u0144stwa i dlaczego StrangerCam jest jednym z najlepszych dost\u0119pnych obecnie wybor\u00f3w.<\/p>\n<h2>Czym jest Cam Chat?<\/h2>\n<p>Cam chat to us\u0142uga online, kt\u00f3ra umo\u017cliwia natychmiastowe \u0142\u0105czenie si\u0119 z nieznajomymi za po\u015brednictwem po\u0142\u0105cze\u0144 wideo na \u017cywo przy u\u017cyciu kamery internetowej i mikrofonu. W przeciwie\u0144stwie do czat\u00f3w tekstowych, cam chat oferuje interakcj\u0119 twarz\u0105 w twarz, dzi\u0119ki czemu do\u015bwiadczenie jest znacznie bardziej autentyczne i spontaniczne.<\/p>\n<p>Idea jest prosta: w\u0142\u0105czasz kamer\u0119 internetow\u0105, klikasz \"Rozpocznij czat\" i natychmiast zostajesz sparowany z inn\u0105 osob\u0105. Je\u015bli rozmowa si\u0119 nie powiedzie, wystarczy nacisn\u0105\u0107 Next, by zosta\u0107 dopasowanym do kogo\u015b innego.<\/p>\n<h2>Dlaczego ludzie kochaj\u0105 darmowy czat przed kamer\u0105<\/h2>\n<p>Wzrost popularno\u015bci darmowych czat\u00f3w nie jest zaskoczeniem. Oto dlaczego ludzie na ca\u0142ym \u015bwiecie korzystaj\u0105 z niego codziennie:<\/p>\n<ul>\n<li>Spontaniczna zabawa: Nigdy nie wiesz, kogo spotkasz w przysz\u0142o\u015bci.<\/li>\n<li>Autentyczno\u015b\u0107: W przeciwie\u0144stwie do czat\u00f3w tekstowych, wideo udowadnia, \u017ce dana osoba jest prawdziwa.<\/li>\n<li>Natychmiastowe po\u0142\u0105czenia: Bez d\u0142ugich rejestracji, profili i czekania na odpowiedzi.<\/li>\n<li>Globalny zasi\u0119g: Czatuj z lud\u017ami na ca\u0142ym \u015bwiecie, 24\/7.<\/li>\n<li>R\u00f3\u017cnorodno\u015b\u0107: U\u017cyj go do zabawy, flirtu, wymiany kulturowej, a nawet \u0107wicze\u0144 j\u0119zykowych.<\/li>\n<li>Pokonaj nud\u0119: Szybki i zabawny spos\u00f3b na zabicie czasu.<\/li>\n<\/ul>\n<h2>Jak dzia\u0142a Cam Chat?<\/h2>\n<p>Rozpocz\u0119cie korzystania z czatu przed kamer\u0105 jest szybkie i proste:<\/p>\n<ol>\n<li>Otw\u00f3rz platform\u0119 (stacjonarn\u0105 lub mobiln\u0105).<\/li>\n<li>Zezw\u00f3l na dost\u0119p do kamery i mikrofonu.<\/li>\n<li>Kliknij \"Rozpocznij czat\".<\/li>\n<li>Po\u0142\u0105cz si\u0119 natychmiast z przypadkow\u0105 osob\u0105 za po\u015brednictwem wideo.<\/li>\n<li>Kliknij \"Dalej\" za ka\u017cdym razem, gdy chcesz pozna\u0107 kogo\u015b nowego.<\/li>\n<\/ol>\n<p>Niekt\u00f3re platformy zawieraj\u0105 r\u00f3wnie\u017c dodatkowe funkcje, takie jak filtry p\u0142ci, filtry kraj\u00f3w, a nawet t\u0142umaczenie na czacie do rozm\u00f3w w r\u00f3\u017cnych j\u0119zykach.<\/p>\n<h2>Najwa\u017cniejsze cechy, kt\u00f3rych nale\u017cy szuka\u0107<\/h2>\n<p>Nie wszystkie platformy czatowe s\u0105 takie same. Oto, czego powiniene\u015b szuka\u0107 w najlepszych darmowych witrynach do czatowania przed kamerami:<\/p>\n<h3>1. Prawdziwie darmowy dost\u0119p<\/h3>\n<p>Unikaj platform, kt\u00f3re wabi\u0105 Ci\u0119 jako \"darmowe\", ale ukrywaj\u0105 podstawowe funkcje za p\u0142atnymi zaporami.<\/p>\n<h3>2. Nie jest wymagana rejestracja<\/h3>\n<p>Najlepsze us\u0142ugi czatu przed kamer\u0105 pozwalaj\u0105 na natychmiastowe rozpocz\u0119cie czatowania bez rejestracji.<\/p>\n<h3>3. Filtry p\u0142ci i lokalizacji<\/h3>\n<p>Filtry te pozwalaj\u0105 kontrolowa\u0107, z kim jeste\u015b sparowany, zapewniaj\u0105c bardziej dopasowane wra\u017cenia.<\/p>\n<h3>4. Silne umiarkowanie<\/h3>\n<p>Bezpieczne platformy maj\u0105 aktywne narz\u0119dzia do moderowania i zg\u0142aszania nieodpowiednich u\u017cytkownik\u00f3w.<\/p>\n<h3>5. Projekt przyjazny dla urz\u0105dze\u0144 mobilnych<\/h3>\n<p>Dobre platformy dzia\u0142aj\u0105 p\u0142ynnie zar\u00f3wno na telefonach, jak i komputerach stacjonarnych.<\/p>\n<h3>6. Wysoka jako\u015b\u0107 obrazu i d\u017awi\u0119ku<\/h3>\n<p>Wyra\u017ane, niezawodne po\u0142\u0105czenia sprawiaj\u0105, \u017ce rozmowy s\u0105 bardziej naturalne.<\/p>\n<h2>Najlepsze platformy czatu przed kamerami w 2025 roku<\/h2>\n<p>Oto por\u00f3wnanie najpopularniejszych platform do czatowania przed kamer\u0105:<\/p>\n<table>\n<thead>\n<tr>\n<th>Platforma<\/th>\n<th align=\"center\">Bezp\u0142atny dost\u0119p<\/th>\n<th align=\"center\">Filtr p\u0142ci<\/th>\n<th align=\"center\">Wymagana rejestracja<\/th>\n<th align=\"center\">Wsparcie mobilne<\/th>\n<th align=\"center\">Moderacja<\/th>\n<th>Uwagi<\/th>\n<\/tr>\n<\/thead>\n<tbody>\n<tr>\n<td>StrangerCam<\/td>\n<td align=\"center\">\u2705<\/td>\n<td align=\"center\">\u2705 (Free)<\/td>\n<td align=\"center\">\u274c<\/td>\n<td align=\"center\">\u2705<\/td>\n<td align=\"center\">\u2705<\/td>\n<td>Najlepszy wszechstronny darmowy czat przed kamer\u0105<\/td>\n<\/tr>\n<tr>\n<td><a href=\"https:\/\/strangercam.com\/pl\/chatroulette\/\">Chatroulette<\/a><\/td>\n<td align=\"center\">\u2705<\/td>\n<td align=\"center\">\u274c (p\u0142atne)<\/td>\n<td align=\"center\">\u274c<\/td>\n<td align=\"center\">\u2705<\/td>\n<td align=\"center\">\u2705<\/td>\n<td>Klasyczna platforma, ale koszt filtr\u00f3w<\/td>\n<\/tr>\n<tr>\n<td>Chatrandom<\/td>\n<td align=\"center\">\u2705<\/td>\n<td align=\"center\">\u274c (p\u0142atne)<\/td>\n<td align=\"center\">\u274c<\/td>\n<td align=\"center\">\u2705<\/td>\n<td align=\"center\">\u2705<\/td>\n<td>Popularne, ale p\u0142atne filtry<\/td>\n<\/tr>\n<tr>\n<td><a href=\"https:\/\/strangercam.com\/pl\/ometv\/\">OmeTV<\/a><\/td>\n<td align=\"center\">\u2705<\/td>\n<td align=\"center\">\u274c<\/td>\n<td align=\"center\">\u274c<\/td>\n<td align=\"center\">\u2705<\/td>\n<td align=\"center\">\u2705<\/td>\n<td>Dost\u0119pna aplikacja mobilna, tylko losowo<\/td>\n<\/tr>\n<tr>\n<td>Shagle<\/td>\n<td align=\"center\">\u2705<\/td>\n<td align=\"center\">\u274c (p\u0142atne)<\/td>\n<td align=\"center\">\u274c<\/td>\n<td align=\"center\">\u2705<\/td>\n<td align=\"center\">\u2705<\/td>\n<td>Wypycha aktualizacje premium<\/td>\n<\/tr>\n<tr>\n<td><a href=\"https:\/\/strangercam.com\/pl\/coomeet\/\">CooMeet<\/a><\/td>\n<td align=\"center\">\u274c (Trial)<\/td>\n<td align=\"center\">\u2705<\/td>\n<td align=\"center\">\u2705<\/td>\n<td align=\"center\">\u2705<\/td>\n<td align=\"center\">\u2705<\/td>\n<td>P\u0142atne po ograniczonym bezp\u0142atnym okresie pr\u00f3bnym<\/td>\n<\/tr>\n<tr>\n<td>LuckyCrush<\/td>\n<td align=\"center\">\u274c<\/td>\n<td align=\"center\">\u2705<\/td>\n<td align=\"center\">\u2705<\/td>\n<td align=\"center\">\u2705<\/td>\n<td align=\"center\">\u2705<\/td>\n<td>Zawsze p\u0142atne czaty oparte na p\u0142ci<\/td>\n<\/tr>\n<\/tbody>\n<\/table>\n<p>W\u015br\u00f3d nich, StrangerCam jest jedn\u0105 z niewielu platform, kt\u00f3ra oferuje darmowy czat z nieograniczonym u\u017cyciem, dzia\u0142aj\u0105cym filtrem p\u0142ci i bez konieczno\u015bci rejestracji.<\/p>\n<h2>Dlaczego StrangerCam to najlepszy wyb\u00f3r<\/h2>\n<p>Oto dlaczego StrangerCam jest jedn\u0105 z najlepszych platform do czatowania przed kamer\u0105 w 2025 roku:<\/p>\n<h3>1. Ca\u0142kowicie za darmo<\/h3>\n<p>\u017badnych ukrytych koszt\u00f3w, wersji pr\u00f3bnych ani kredyt\u00f3w - tylko nieograniczony czat.<\/p>\n<h3>2. Darmowy filtr p\u0142ci<\/h3>\n<p>Wybieraj ch\u0142opak\u00f3w, dziewczyny lub jedno i drugie - bez p\u0142acenia.<\/p>\n<h3>3. Rejestracja nie jest wymagana<\/h3>\n<p>Zachowaj anonimowo\u015b\u0107 i \u0142\u0105cz si\u0119 natychmiast.<\/p>\n<h3>4. Bezpieczny i moderowany<\/h3>\n<p>Aktywna moderacja i narz\u0119dzia do raportowania pomagaj\u0105 utrzyma\u0107 platform\u0119 w czysto\u015bci.<\/p>\n<h3>5. Globalna spo\u0142eczno\u015b\u0107<\/h3>\n<p>Poznaj ludzi z ponad 100 kraj\u00f3w, dost\u0119pnych 24\/7.<\/p>\n<h3>6. Dzia\u0142a na wszystkich urz\u0105dzeniach<\/h3>\n<p>Zoptymalizowany pod k\u0105tem komputer\u00f3w stacjonarnych, urz\u0105dze\u0144 mobilnych i tablet\u00f3w.<\/p>\n<h2>Prawdziwe opinie u\u017cytkownik\u00f3w<\/h2>\n<blockquote><p><em>\"Szuka\u0142em darmowego czatu przed kamer\u0105 bez ukrytych koszt\u00f3w, a StrangerCam by\u0142 pierwsz\u0105 platform\u0105, kt\u00f3ra to zapewni\u0142a\".<\/em><br \/>\n- Jake, 25 lat<\/p><\/blockquote>\n<blockquote><p><em>\"Filtr p\u0142ci dzia\u0142a tutaj za darmo, co wyr\u00f3\u017cnia go na tle innych witryn\".<\/em><br \/>\n- Sophia, 22 lata<\/p><\/blockquote>\n<blockquote><p><em>\"To takie proste w u\u017cyciu. Po\u0142\u0105czy\u0142em si\u0119 z lud\u017ami z trzech kontynent\u00f3w w ci\u0105gu zaledwie jednego wieczoru\".<\/em><br \/>\n- Ryan, 28 lat<\/p><\/blockquote>\n<blockquote><p><em>\"StrangerCam jest bezpieczniejszy ni\u017c wi\u0119kszo\u015b\u0107 innych platform czatowych, kt\u00f3re wypr\u00f3bowa\u0142em, dzi\u0119ki moderacji\".<\/em><br \/>\n- Mia, 20<\/p><\/blockquote>\n<h2>Wskaz\u00f3wki dotycz\u0105ce bezpiecze\u0144stwa na czacie<\/h2>\n<p>Chocia\u017c czat przed kamer\u0105 to \u015bwietna zabawa, zawsze nale\u017cy pami\u0119ta\u0107 o bezpiecze\u0144stwie:<\/p>\n<ul>\n<li>Nie udost\u0119pniaj danych osobowych (telefonu, adresu e-mail, adresu).<\/li>\n<li>Pomijaj lub blokuj ka\u017cdego, kto sprawia, \u017ce czujesz si\u0119 niekomfortowo.<\/li>\n<li>Unikaj klikania link\u00f3w od nieznajomych.<\/li>\n<li>Sprawd\u017a t\u0142o przed w\u0142\u0105czeniem kamery internetowej.<\/li>\n<li>Trzymaj si\u0119 narz\u0119dzi platformy do raportowania i blokowania.<\/li>\n<li>Przestrzegaj ogranicze\u0144 wiekowych - unikaj platform czatowych dla doros\u0142ych, je\u015bli masz mniej ni\u017c 18 lat.<\/li>\n<\/ul>\n<h2>Jak zacz\u0105\u0107 - krok po kroku<\/h2>\n<p>Rozpocz\u0119cie czatu przed kamer\u0105 zajmuje mniej ni\u017c minut\u0119:<\/p>\n<ol>\n<li>Otw\u00f3rz StrangerCam na swoim urz\u0105dzeniu.<\/li>\n<li>Zezw\u00f3l na dost\u0119p do kamery i mikrofonu.<\/li>\n<li>Wybierz preferencje (takie jak filtry p\u0142ci).<\/li>\n<li>Kliknij przycisk Rozpocznij czat, aby natychmiast nawi\u0105za\u0107 po\u0142\u0105czenie.<\/li>\n<li>Naci\u015bnij Next (Dalej), aby przej\u015b\u0107 dalej w dowolnym momencie.<\/li>\n<\/ol>\n<p>Szybko, prosto i za darmo.<\/p>\n<h2>Przemy\u015blenia ko\u0144cowe - wypr\u00f3buj darmowy czat ju\u017c dzi\u015b<\/h2>\n<p>W 2025 roku czat przed kamer\u0105 jest nadal jednym z najbardziej ekscytuj\u0105cych i autentycznych sposob\u00f3w poznawania nowych ludzi online. Jest zabawny, spontaniczny i natychmiast \u0142\u0105czy ci\u0119 z nieznajomymi na ca\u0142ym \u015bwiecie.<\/p>\n<p>Ale nie ka\u017cda platforma to zapewnia - niekt\u00f3re ukrywaj\u0105 funkcje za p\u0142atnymi zaporami lub zalewaj\u0105 swoje witryny botami. W\u0142a\u015bnie dlatego StrangerCam jest najlepszym wyborem: jest darmowy, anonimowy, bezpieczny i zawsze aktywny z prawdziwymi u\u017cytkownikami gotowymi do rozmowy.<\/p>\n<p>Gotowy, aby tego do\u015bwiadczy\u0107? Rozpocznij darmowy czat ju\u017c dzi\u015b i odkryj, kogo spotkasz w przysz\u0142o\u015bci.<\/p>","protected":false},"excerpt":{"rendered":"<p>Looking for the best place to enjoy cam chat? You\u2019re not alone. Every day, millions of people around the world use cam chat platforms to meet new people, have fun conversations, and make spontaneous connections online. Unlike dating apps or social networks that require endless scrolling or swiping, cam chat is instant, real, and exciting\u2014you [&hellip;]<\/p>\n","protected":false},"author":8,"featured_media":0,"parent":0,"menu_order":0,"comment_status":"closed","ping_status":"closed","template":"","meta":{"footnotes":""},"class_list":["post-4073","page","type-page","status-publish","hentry"],"yoast_head":"<!-- This site is optimized with the Yoast SEO plugin v27.4 - https:\/\/yoast.com\/product\/yoast-seo-wordpress\/ -->\n<title>Cam Chat with Video Chat on Strangercam.com<\/title>\n<meta name=\"description\" content=\"Liking Cam Chat? Join millions on StrangerCam.com! Start a random video chat, turn on your cam, and meet strangers instantly.\" \/>\n<meta name=\"robots\" content=\"index, follow, max-snippet:-1, max-image-preview:large, max-video-preview:-1\" \/>\n<link rel=\"canonical\" href=\"https:\/\/strangercam.com\/pl\/czat-przed-kamera\/\" \/>\n<meta property=\"og:locale\" content=\"pl_PL\" \/>\n<meta property=\"og:type\" content=\"article\" \/>\n<meta property=\"og:title\" content=\"Cam Chat with Video Chat on Strangercam.com\" \/>\n<meta property=\"og:description\" content=\"Liking Cam Chat? Join millions on StrangerCam.com! Start a random video chat, turn on your cam, and meet strangers instantly.\" \/>\n<meta property=\"og:url\" content=\"https:\/\/strangercam.com\/pl\/czat-przed-kamera\/\" \/>\n<meta property=\"og:site_name\" content=\"Strangercam\" \/>\n<meta property=\"article:publisher\" content=\"https:\/\/www.facebook.com\/strangercam\" \/>\n<meta property=\"article:modified_time\" content=\"2025-09-03T11:47:51+00:00\" \/>\n<meta property=\"og:image\" content=\"https:\/\/strangercam.com\/wp-content\/uploads\/2021\/10\/Untitled-2.png\" \/>\n\t<meta property=\"og:image:width\" content=\"800\" \/>\n\t<meta property=\"og:image:height\" content=\"532\" \/>\n\t<meta property=\"og:image:type\" content=\"image\/png\" \/>\n<meta name=\"twitter:card\" content=\"summary_large_image\" \/>\n<meta name=\"twitter:site\" content=\"@strangercamapp\" \/>\n<meta name=\"twitter:label1\" content=\"Szacowany czas czytania\" \/>\n\t<meta name=\"twitter:data1\" content=\"5 minut\" \/>\n<script type=\"application\/ld+json\" class=\"yoast-schema-graph\">{\"@context\":\"https:\\\/\\\/schema.org\",\"@graph\":[{\"@type\":\"WebPage\",\"@id\":\"https:\\\/\\\/strangercam.com\\\/cam-chat\\\/\",\"url\":\"https:\\\/\\\/strangercam.com\\\/cam-chat\\\/\",\"name\":\"Cam Chat with Video Chat on Strangercam.com\",\"isPartOf\":{\"@id\":\"https:\\\/\\\/strangercam.com\\\/#website\"},\"datePublished\":\"2025-09-03T09:52:49+00:00\",\"dateModified\":\"2025-09-03T11:47:51+00:00\",\"description\":\"Liking Cam Chat? Join millions on StrangerCam.com! Start a random video chat, turn on your cam, and meet strangers instantly.\",\"breadcrumb\":{\"@id\":\"https:\\\/\\\/strangercam.com\\\/cam-chat\\\/#breadcrumb\"},\"inLanguage\":\"pl-PL\",\"potentialAction\":[{\"@type\":\"ReadAction\",\"target\":[\"https:\\\/\\\/strangercam.com\\\/cam-chat\\\/\"]}]},{\"@type\":\"BreadcrumbList\",\"@id\":\"https:\\\/\\\/strangercam.com\\\/cam-chat\\\/#breadcrumb\",\"itemListElement\":[{\"@type\":\"ListItem\",\"position\":1,\"name\":\"Home\",\"item\":\"https:\\\/\\\/strangercam.com\\\/\"},{\"@type\":\"ListItem\",\"position\":2,\"name\":\"Cam Chat\"}]},{\"@type\":\"WebSite\",\"@id\":\"https:\\\/\\\/strangercam.com\\\/#website\",\"url\":\"https:\\\/\\\/strangercam.com\\\/\",\"name\":\"Strangercam\",\"description\":\"Random Video Chat with Strangers\",\"publisher\":{\"@id\":\"https:\\\/\\\/strangercam.com\\\/#organization\"},\"alternateName\":\"Strangercam.com\",\"potentialAction\":[{\"@type\":\"SearchAction\",\"target\":{\"@type\":\"EntryPoint\",\"urlTemplate\":\"https:\\\/\\\/strangercam.com\\\/?s={search_term_string}\"},\"query-input\":{\"@type\":\"PropertyValueSpecification\",\"valueRequired\":true,\"valueName\":\"search_term_string\"}}],\"inLanguage\":\"pl-PL\"},{\"@type\":\"Organization\",\"@id\":\"https:\\\/\\\/strangercam.com\\\/#organization\",\"name\":\"Strangercam\",\"alternateName\":\"Strangercam.com\",\"url\":\"https:\\\/\\\/strangercam.com\\\/\",\"logo\":{\"@type\":\"ImageObject\",\"inLanguage\":\"pl-PL\",\"@id\":\"https:\\\/\\\/strangercam.com\\\/#\\\/schema\\\/logo\\\/image\\\/\",\"url\":\"https:\\\/\\\/strangercam.com\\\/wp-content\\\/uploads\\\/2020\\\/11\\\/cropped-new-favicon-black.png\",\"contentUrl\":\"https:\\\/\\\/strangercam.com\\\/wp-content\\\/uploads\\\/2020\\\/11\\\/cropped-new-favicon-black.png\",\"width\":512,\"height\":512,\"caption\":\"Strangercam\"},\"image\":{\"@id\":\"https:\\\/\\\/strangercam.com\\\/#\\\/schema\\\/logo\\\/image\\\/\"},\"sameAs\":[\"https:\\\/\\\/www.facebook.com\\\/strangercam\",\"https:\\\/\\\/x.com\\\/strangercamapp\"]}]}<\/script>\n<!-- \/ Yoast SEO plugin. -->","yoast_head_json":{"title":"Cam Chat z czatem wideo na Strangercam.com","description":"Lubisz czat przed kamer\u0105? Join miliony na StrangerCam.com! Rozpocznij losowy czat wideo, w\u0142\u0105cz kamer\u0119 i natychmiast poznaj nieznajomych.","robots":{"index":"index","follow":"follow","max-snippet":"max-snippet:-1","max-image-preview":"max-image-preview:large","max-video-preview":"max-video-preview:-1"},"canonical":"https:\/\/strangercam.com\/pl\/czat-przed-kamera\/","og_locale":"pl_PL","og_type":"article","og_title":"Cam Chat with Video Chat on Strangercam.com","og_description":"Liking Cam Chat? Join millions on StrangerCam.com! Start a random video chat, turn on your cam, and meet strangers instantly.","og_url":"https:\/\/strangercam.com\/pl\/czat-przed-kamera\/","og_site_name":"Strangercam","article_publisher":"https:\/\/www.facebook.com\/strangercam","article_modified_time":"2025-09-03T11:47:51+00:00","og_image":[{"width":800,"height":532,"url":"https:\/\/strangercam.com\/wp-content\/uploads\/2021\/10\/Untitled-2.png","type":"image\/png"}],"twitter_card":"summary_large_image","twitter_site":"@strangercamapp","twitter_misc":{"Szacowany czas czytania":"5 minut"},"schema":{"@context":"https:\/\/schema.org","@graph":[{"@type":"WebPage","@id":"https:\/\/strangercam.com\/cam-chat\/","url":"https:\/\/strangercam.com\/cam-chat\/","name":"Cam Chat z czatem wideo na Strangercam.com","isPartOf":{"@id":"https:\/\/strangercam.com\/#website"},"datePublished":"2025-09-03T09:52:49+00:00","dateModified":"2025-09-03T11:47:51+00:00","description":"Lubisz czat przed kamer\u0105? Join miliony na StrangerCam.com! Rozpocznij losowy czat wideo, w\u0142\u0105cz kamer\u0119 i natychmiast poznaj nieznajomych.","breadcrumb":{"@id":"https:\/\/strangercam.com\/cam-chat\/#breadcrumb"},"inLanguage":"pl-PL","potentialAction":[{"@type":"ReadAction","target":["https:\/\/strangercam.com\/cam-chat\/"]}]},{"@type":"BreadcrumbList","@id":"https:\/\/strangercam.com\/cam-chat\/#breadcrumb","itemListElement":[{"@type":"ListItem","position":1,"name":"Home","item":"https:\/\/strangercam.com\/"},{"@type":"ListItem","position":2,"name":"Cam Chat"}]},{"@type":"WebSite","@id":"https:\/\/strangercam.com\/#website","url":"https:\/\/strangercam.com\/","name":"Strangercam","description":"Losowy czat wideo z nieznajomymi","publisher":{"@id":"https:\/\/strangercam.com\/#organization"},"alternateName":"Strangercam.com","potentialAction":[{"@type":"SearchAction","target":{"@type":"EntryPoint","urlTemplate":"https:\/\/strangercam.com\/?s={search_term_string}"},"query-input":{"@type":"PropertyValueSpecification","valueRequired":true,"valueName":"search_term_string"}}],"inLanguage":"pl-PL"},{"@type":"Organization","@id":"https:\/\/strangercam.com\/#organization","name":"Strangercam","alternateName":"Strangercam.com","url":"https:\/\/strangercam.com\/","logo":{"@type":"ImageObject","inLanguage":"pl-PL","@id":"https:\/\/strangercam.com\/#\/schema\/logo\/image\/","url":"https:\/\/strangercam.com\/wp-content\/uploads\/2020\/11\/cropped-new-favicon-black.png","contentUrl":"https:\/\/strangercam.com\/wp-content\/uploads\/2020\/11\/cropped-new-favicon-black.png","width":512,"height":512,"caption":"Strangercam"},"image":{"@id":"https:\/\/strangercam.com\/#\/schema\/logo\/image\/"},"sameAs":["https:\/\/www.facebook.com\/strangercam","https:\/\/x.com\/strangercamapp"]}]}},"_links":{"self":[{"href":"https:\/\/strangercam.com\/pl\/wp-json\/wp\/v2\/pages\/4073","targetHints":{"allow":["GET"]}}],"collection":[{"href":"https:\/\/strangercam.com\/pl\/wp-json\/wp\/v2\/pages"}],"about":[{"href":"https:\/\/strangercam.com\/pl\/wp-json\/wp\/v2\/types\/page"}],"author":[{"embeddable":true,"href":"https:\/\/strangercam.com\/pl\/wp-json\/wp\/v2\/users\/8"}],"replies":[{"embeddable":true,"href":"https:\/\/strangercam.com\/pl\/wp-json\/wp\/v2\/comments?post=4073"}],"version-history":[{"count":3,"href":"https:\/\/strangercam.com\/pl\/wp-json\/wp\/v2\/pages\/4073\/revisions"}],"predecessor-version":[{"id":13003,"href":"https:\/\/strangercam.com\/pl\/wp-json\/wp\/v2\/pages\/4073\/revisions\/13003"}],"wp:attachment":[{"href":"https:\/\/strangercam.com\/pl\/wp-json\/wp\/v2\/media?parent=4073"}],"curies":[{"name":"wp","href":"https:\/\/api.w.org\/{rel}","templated":true}]}}