{"id":4056,"date":"2025-09-03T11:50:30","date_gmt":"2025-09-03T09:50:30","guid":{"rendered":"https:\/\/strangercam.com\/?page_id=4056"},"modified":"2025-09-03T13:46:31","modified_gmt":"2025-09-03T11:46:31","slug":"nieznajomy-czat-wideo","status":"publish","type":"page","link":"https:\/\/strangercam.com\/pl\/nieznajomy-czat-wideo\/","title":{"rendered":"Nieznajomy czat wideo"},"content":{"rendered":"<p>Szukasz najlepszego sposobu na cieszenie si\u0119 nieznajomym wideo? <a href=\"https:\/\/strangercam.com\/pl\/chathub\/\">czat<\/a>? Nie jeste\u015b jedyny. Ka\u017cdego dnia miliony ludzi korzystaj\u0105 z platform czat\u00f3w wideo na \u017cywo, aby natychmiast nawi\u0105za\u0107 kontakt z nieznajomymi. W przeciwie\u0144stwie do aplikacji randkowych lub sieci spo\u0142eczno\u015bciowych, kt\u00f3re cz\u0119sto wydaj\u0105 si\u0119 zainscenizowane lub wymagaj\u0105 czasu, czat wideo z nieznajomymi jest spontaniczny, autentyczny i prawdziwy.<\/p>\n<p>Dzi\u0119ki nowoczesnym platformom, takim jak StrangerCam, mo\u017cesz rozpocz\u0105\u0107 darmowy czat wideo z nieznajomymi ju\u017c teraz - bez rejestracji, bez pobierania i bez ukrytych op\u0142at. Niezale\u017cnie od tego, czy chcesz nawi\u0105za\u0107 nowe znajomo\u015bci, flirtowa\u0107, \u0107wiczy\u0107 j\u0119zyk, czy po prostu wyleczy\u0107 si\u0119 z nudy, czat wideo z nieznajomymi jest jednym z najbardziej ekscytuj\u0105cych i nieprzewidywalnych do\u015bwiadcze\u0144 online w 2025 roku.<\/p>\n<p>Ten przewodnik przeprowadzi Ci\u0119 przez wszystko, co musisz wiedzie\u0107: czym jest czat wideo z nieznajomymi, dlaczego jest popularny, jak dzia\u0142a, jakie funkcje s\u0105 najwa\u017cniejsze, por\u00f3wnanie najlepszych platform, wskaz\u00f3wki dotycz\u0105ce bezpiecze\u0144stwa i dlaczego StrangerCam jest jednym z najlepszych dost\u0119pnych obecnie wybor\u00f3w.<\/p>\n<h2>Czym jest czat wideo z nieznajomymi?<\/h2>\n<p>Nieznajomy czat wideo to us\u0142uga online, kt\u00f3ra umo\u017cliwia natychmiastowe \u0142\u0105czenie si\u0119 z przypadkowymi osobami za po\u015brednictwem po\u0142\u0105cze\u0144 wideo na \u017cywo przy u\u017cyciu kamery internetowej i mikrofonu. Aspekt \"nieznajomego\" oznacza, \u017ce nie wiesz, kogo spotkasz, dop\u00f3ki nie nawi\u0105\u017cesz po\u0142\u0105czenia.<\/p>\n<p>W przeciwie\u0144stwie do czat\u00f3w tekstowych, rozmowy wideo oferuj\u0105 bardziej autentyczne wra\u017cenia, poniewa\u017c mo\u017cesz widzie\u0107 i s\u0142ysze\u0107 osob\u0119 w czasie rzeczywistym. Je\u015bli czat nie przypadnie ci do gustu, mo\u017cesz po prostu klikn\u0105\u0107 przycisk Dalej, aby natychmiast po\u0142\u0105czy\u0107 si\u0119 z inn\u0105 osob\u0105.<\/p>\n<h2>Dlaczego ludzie kochaj\u0105 darmowy czat wideo z nieznajomymi<\/h2>\n<p>Popularno\u015b\u0107 darmowych czat\u00f3w wideo z nieznajomymi wynika z kilku kluczowych powod\u00f3w:<\/p>\n<ul>\n<li>Spontaniczno\u015b\u0107: Ka\u017cdy czat jest inny i nieprzewidywalny.<\/li>\n<li>Autentyczno\u015b\u0107: Wideo dowodzi, \u017ce dana osoba jest prawdziwa, a nie jest botem lub fa\u0142szywym kontem.<\/li>\n<li>Bez zobowi\u0105za\u0144: Bez kont, bez pobierania - tylko natychmiastowe czaty.<\/li>\n<li>Globalny zasi\u0119g: Poznawaj nieznajomych z ca\u0142ego \u015bwiata w dowolnym momencie.<\/li>\n<li>Rozrywka: \u015awietny do sp\u0119dzania czasu, nawi\u0105zywania znajomo\u015bci lub lekkiego flirtowania.<\/li>\n<li>Natychmiastowa satysfakcja: Nie trzeba czeka\u0107 na odpowied\u017a - po\u0142\u0105czenia s\u0105 natychmiastowe.<\/li>\n<\/ul>\n<h2>Jak dzia\u0142a czat wideo z nieznajomym?<\/h2>\n<p>Rozpocz\u0119cie korzystania z czatu wideo z nieznajomym jest \u0142atwe:<\/p>\n<ol>\n<li>Otw\u00f3rz platform\u0119 na telefonie lub komputerze.<\/li>\n<li>Zezw\u00f3l na dost\u0119p do kamery i mikrofonu.<\/li>\n<li>Kliknij \"Rozpocznij czat\".<\/li>\n<li>Natychmiastowa rozmowa twarz\u0105 w twarz z przypadkowym nieznajomym.<\/li>\n<li>Kliknij \"Dalej\" w dowolnym momencie, aby przej\u015b\u0107 do kogo\u015b nowego.<\/li>\n<\/ol>\n<p>Niekt\u00f3re platformy oferuj\u0105 r\u00f3wnie\u017c zaawansowane funkcje, takie jak filtry p\u0142ci, preferencje lokalizacji i t\u0142umaczenia na czacie.<\/p>\n<h2>Najwa\u017cniejsze cechy, kt\u00f3rych nale\u017cy szuka\u0107<\/h2>\n<p>Nie wszystkie platformy do rozm\u00f3w wideo z nieznajomymi s\u0105 takie same. Oto czego powiniene\u015b szuka\u0107:<\/p>\n<h3>1. Darmowy dost\u0119p bez sztuczek<\/h3>\n<p>Niekt\u00f3re platformy reklamuj\u0105 si\u0119 jako darmowe, ale blokuj\u0105 podstawowe funkcje za p\u0142atnymi zaporami. Wybierz witryn\u0119, kt\u00f3ra oferuje nieograniczone bezp\u0142atne u\u017cytkowanie.<\/p>\n<h3>2. Rejestracja nie jest wymagana<\/h3>\n<p>Zachowaj anonimowo\u015b\u0107 i czatuj natychmiast, bez konieczno\u015bci tworzenia konta.<\/p>\n<h3>3. Filtry p\u0142ci i lokalizacji<\/h3>\n<p>Pomocne przy wyszukiwaniu os\u00f3b, z kt\u00f3rymi chcesz rozmawia\u0107.<\/p>\n<h3>4. Silne umiarkowanie<\/h3>\n<p>Platformy z narz\u0119dziami do raportowania i moderacji zapewniaj\u0105 bezpieczniejsze do\u015bwiadczenie.<\/p>\n<h3>5. Projekt przyjazny dla urz\u0105dze\u0144 mobilnych<\/h3>\n<p>Czatowanie powinno by\u0107 p\u0142ynne zar\u00f3wno na komputerach stacjonarnych, jak i urz\u0105dzeniach mobilnych.<\/p>\n<h3>6. Wysoka jako\u015b\u0107 obrazu i d\u017awi\u0119ku<\/h3>\n<p>Wyra\u017ane, niezawodne po\u0142\u0105czenia sprawiaj\u0105, \u017ce rozmowy s\u0105 przyjemne.<\/p>\n<h2>Najlepsze platformy czatu wideo dla nieznajomych w 2025 roku<\/h2>\n<p>Oto por\u00f3wnanie najpopularniejszych platform do rozm\u00f3w wideo z nieznajomymi:<\/p>\n<table>\n<thead>\n<tr>\n<th>Platforma<\/th>\n<th align=\"center\">Bezp\u0142atny dost\u0119p<\/th>\n<th align=\"center\">Filtr p\u0142ci<\/th>\n<th align=\"center\">Wymagana rejestracja<\/th>\n<th align=\"center\">Wsparcie mobilne<\/th>\n<th align=\"center\">Moderacja<\/th>\n<th>Uwagi<\/th>\n<\/tr>\n<\/thead>\n<tbody>\n<tr>\n<td>StrangerCam<\/td>\n<td align=\"center\">\u2705<\/td>\n<td align=\"center\">\u2705 (Free)<\/td>\n<td align=\"center\">\u274c<\/td>\n<td align=\"center\">\u2705<\/td>\n<td align=\"center\">\u2705<\/td>\n<td>Najlepszy og\u00f3lny wyb\u00f3r, nieograniczony i bezpieczny<\/td>\n<\/tr>\n<tr>\n<td><a href=\"https:\/\/strangercam.com\/pl\/chatroulette\/\">Chatroulette<\/a><\/td>\n<td align=\"center\">\u2705<\/td>\n<td align=\"center\">\u274c (p\u0142atne)<\/td>\n<td align=\"center\">\u274c<\/td>\n<td align=\"center\">\u2705<\/td>\n<td align=\"center\">\u2705<\/td>\n<td>Klasyczna platforma, ale koszt filtr\u00f3w<\/td>\n<\/tr>\n<tr>\n<td>Chatrandom<\/td>\n<td align=\"center\">\u2705<\/td>\n<td align=\"center\">\u274c (p\u0142atne)<\/td>\n<td align=\"center\">\u274c<\/td>\n<td align=\"center\">\u2705<\/td>\n<td align=\"center\">\u2705<\/td>\n<td>Du\u017ca baza u\u017cytkownik\u00f3w, potrzebne aktualizacje<\/td>\n<\/tr>\n<tr>\n<td><a href=\"https:\/\/strangercam.com\/pl\/ometv\/\">OmeTV<\/a><\/td>\n<td align=\"center\">\u2705<\/td>\n<td align=\"center\">\u274c<\/td>\n<td align=\"center\">\u274c<\/td>\n<td align=\"center\">\u2705<\/td>\n<td align=\"center\">\u2705<\/td>\n<td>Dost\u0119pna tylko losowa aplikacja mobilna<\/td>\n<\/tr>\n<tr>\n<td>Shagle<\/td>\n<td align=\"center\">\u2705<\/td>\n<td align=\"center\">\u274c (p\u0142atne)<\/td>\n<td align=\"center\">\u274c<\/td>\n<td align=\"center\">\u2705<\/td>\n<td align=\"center\">\u2705<\/td>\n<td>Wiele funkcji p\u0142atnych<\/td>\n<\/tr>\n<tr>\n<td><a href=\"https:\/\/strangercam.com\/pl\/coomeet\/\">CooMeet<\/a><\/td>\n<td align=\"center\">\u274c (Trial)<\/td>\n<td align=\"center\">\u2705<\/td>\n<td align=\"center\">\u2705<\/td>\n<td align=\"center\">\u2705<\/td>\n<td align=\"center\">\u2705<\/td>\n<td>P\u0142atne po kr\u00f3tkim okresie pr\u00f3bnym<\/td>\n<\/tr>\n<tr>\n<td>LuckyCrush<\/td>\n<td align=\"center\">\u274c<\/td>\n<td align=\"center\">\u2705<\/td>\n<td align=\"center\">\u2705<\/td>\n<td align=\"center\">\u2705<\/td>\n<td align=\"center\">\u2705<\/td>\n<td>Zawsze p\u0142atne, dopasowanie ze wzgl\u0119du na p\u0142e\u0107<\/td>\n<\/tr>\n<\/tbody>\n<\/table>\n<p>StrangerCam wyr\u00f3\u017cnia si\u0119 jako jedna z niewielu platform oferuj\u0105cych darmowy czat wideo z nieznajomymi z dzia\u0142aj\u0105cym filtrem p\u0142ci, bez rejestracji i bez ogranicze\u0144.<\/p>\n<h2>Dlaczego StrangerCam to najlepszy wyb\u00f3r<\/h2>\n<p>Oto dlaczego StrangerCam jest jedn\u0105 z najlepszych opcji czatu wideo z nieznajomymi w 2025 roku:<\/p>\n<h3>1. 100% Free<\/h3>\n<p>Nieograniczone rozmowy bez ukrytych koszt\u00f3w.<\/p>\n<h3>2. Darmowy filtr p\u0142ci<\/h3>\n<p>Poznawaj ch\u0142opak\u00f3w, dziewczyny lub jedno i drugie bez dodatkowych op\u0142at.<\/p>\n<h3>3. Nie jest wymagana rejestracja<\/h3>\n<p>Zachowaj anonimowo\u015b\u0107 i \u0142\u0105cz si\u0119 natychmiast.<\/p>\n<h3>4. Bezpieczny i moderowany<\/h3>\n<p>Solidna moderacja zapewnia czyste i przyjazne \u015brodowisko.<\/p>\n<h3>5. Globalna baza u\u017cytkownik\u00f3w<\/h3>\n<p>Poznawaj ludzi z ponad 100 kraj\u00f3w, 24\/7.<\/p>\n<h3>6. Dzia\u0142a wsz\u0119dzie<\/h3>\n<p>Zoptymalizowany pod k\u0105tem urz\u0105dze\u0144 mobilnych, tablet\u00f3w i komputer\u00f3w stacjonarnych.<\/p>\n<h2>Prawdziwe opinie u\u017cytkownik\u00f3w<\/h2>\n<blockquote><p><em>\"Chcia\u0142am tylko czatu wideo z nieznajomym, kt\u00f3ry nie zmusza\u0142by mnie do p\u0142acenia. StrangerCam by\u0142 pierwsz\u0105 witryn\u0105, kt\u00f3ra by\u0142a faktycznie darmowa\".<\/em><br \/>\n- Liam, 25 lat<\/p><\/blockquote>\n<blockquote><p><em>\"Filtr p\u0142ci jest darmowy i dzia\u0142a doskonale. Inne strony zawsze pr\u00f3buj\u0105 pobiera\u0107 za to op\u0142aty\".<\/em><br \/>\n- Sophia, 23 lata<\/p><\/blockquote>\n<blockquote><p><em>\"Po\u0142\u0105czy\u0142em si\u0119 z lud\u017ami z pi\u0119ciu r\u00f3\u017cnych kraj\u00f3w w jeden wiecz\u00f3r. To uzale\u017cniaj\u0105ce, ale daje mn\u00f3stwo frajdy\".<\/em><br \/>\n- Ryan, 30<\/p><\/blockquote>\n<blockquote><p><em>\"Czuj\u0119 si\u0119 bezpieczniej ni\u017c na innych losowych czatach, kt\u00f3rych pr\u00f3bowa\u0142em. StrangerCam ma lepsz\u0105 moderacj\u0119 i przyjazn\u0105 atmosfer\u0119\".<\/em><br \/>\n- Emma, 21 lat<\/p><\/blockquote>\n<h2>Wskaz\u00f3wki dotycz\u0105ce bezpiecze\u0144stwa podczas rozm\u00f3w wideo z nieznajomymi<\/h2>\n<p>Cho\u0107 rozmowy wideo z nieznajomymi to \u015bwietna zabawa, zawsze stawiaj bezpiecze\u0144stwo na pierwszym miejscu:<\/p>\n<ul>\n<li>Nie udost\u0119pniaj danych osobowych (telefonu, adresu e-mail, adresu).<\/li>\n<li>Pomijaj lub blokuj ka\u017cdego, kto sprawia, \u017ce czujesz si\u0119 niekomfortowo.<\/li>\n<li>Unikaj klikania podejrzanych link\u00f3w.<\/li>\n<li>Sprawd\u017a t\u0142o kamery internetowej przed rozpocz\u0119ciem po\u0142\u0105czenia.<\/li>\n<li>W razie potrzeby u\u017cyj narz\u0119dzi do raportowania.<\/li>\n<li>Przestrzegaj zasad dotycz\u0105cych wieku - je\u015bli masz mniej ni\u017c 18 lat, unikaj platform czatowych dla doros\u0142ych.<\/li>\n<\/ul>\n<h2>Jak zacz\u0105\u0107 - krok po kroku<\/h2>\n<p>Rozpocz\u0119cie czatu wideo z nieznajomym zajmuje mniej ni\u017c minut\u0119:<\/p>\n<ol>\n<li>Otw\u00f3rz StrangerCam na swoim urz\u0105dzeniu.<\/li>\n<li>Zezw\u00f3l na dost\u0119p do kamery i mikrofonu.<\/li>\n<li>Wybierz preferencje (takie jak filtry p\u0142ci).<\/li>\n<li>Kliknij przycisk Rozpocznij czat, aby natychmiast nawi\u0105za\u0107 po\u0142\u0105czenie.<\/li>\n<li>Naci\u015bnij Next w dowolnym momencie, aby rozpocz\u0105\u0107 now\u0105 rozmow\u0119.<\/li>\n<\/ol>\n<p>Prosty, szybki i ca\u0142kowicie darmowy.<\/p>\n<h2>Przemy\u015blenia ko\u0144cowe - wypr\u00f3buj darmowy czat wideo z nieznajomymi ju\u017c dzi\u015b<\/h2>\n<p>W 2025 roku czat wideo z nieznajomymi jest jednym z najbardziej ekscytuj\u0105cych i autentycznych sposob\u00f3w poznawania nowych ludzi online. Jest spontaniczny, zabawny i zapewnia natychmiastowe po\u0142\u0105czenia z prawdziwymi lud\u017ami na ca\u0142ym \u015bwiecie.<\/p>\n<p>Nie ka\u017cda platforma to zapewnia - wiele ukrywa filtry za p\u0142atnymi zaporami lub jest wype\u0142nionych botami. Dlatego StrangerCam jest najlepszym wyborem: jest darmowy, anonimowy, bezpieczny i aktywny 24\/7 z lud\u017ami gotowymi do rozmowy.<\/p>\n<p>Gotowy, aby tego do\u015bwiadczy\u0107? Rozpocznij darmowy czat wideo z nieznajomym ju\u017c dzi\u015b i zobacz, kogo spotkasz w przysz\u0142o\u015bci.<\/p>","protected":false},"excerpt":{"rendered":"<p>Are you searching for the best way to enjoy a stranger video chat? You\u2019re not the only one. Every day, millions of people turn to live video chat platforms to connect with strangers instantly. Unlike dating apps or social networks, which often feel staged or take time, stranger video chat is spontaneous, authentic, and real. [&hellip;]<\/p>\n","protected":false},"author":8,"featured_media":0,"parent":0,"menu_order":0,"comment_status":"closed","ping_status":"closed","template":"","meta":{"footnotes":""},"class_list":["post-4056","page","type-page","status-publish","hentry"],"yoast_head":"<!-- This site is optimized with the Yoast SEO plugin v26.9 - https:\/\/yoast.com\/product\/yoast-seo-wordpress\/ -->\n<title>Stranger Video Chat with Video Chat on Strangercam.com<\/title>\n<meta name=\"description\" content=\"Liking Stranger Video Chat? Join millions on StrangerCam.com! Start a random video chat, turn on your cam, and meet strangers instantly.\" \/>\n<meta name=\"robots\" content=\"index, follow, max-snippet:-1, max-image-preview:large, max-video-preview:-1\" \/>\n<link rel=\"canonical\" href=\"https:\/\/strangercam.com\/pl\/nieznajomy-czat-wideo\/\" \/>\n<meta property=\"og:locale\" content=\"pl_PL\" \/>\n<meta property=\"og:type\" content=\"article\" \/>\n<meta property=\"og:title\" content=\"Stranger Video Chat with Video Chat on Strangercam.com\" \/>\n<meta property=\"og:description\" content=\"Liking Stranger Video Chat? Join millions on StrangerCam.com! Start a random video chat, turn on your cam, and meet strangers instantly.\" \/>\n<meta property=\"og:url\" content=\"https:\/\/strangercam.com\/pl\/nieznajomy-czat-wideo\/\" \/>\n<meta property=\"og:site_name\" content=\"Strangercam\" \/>\n<meta property=\"article:publisher\" content=\"https:\/\/www.facebook.com\/strangercam\" \/>\n<meta property=\"article:modified_time\" content=\"2025-09-03T11:46:31+00:00\" \/>\n<meta property=\"og:image\" content=\"https:\/\/strangercam.com\/wp-content\/uploads\/2021\/10\/Untitled-2.png\" \/>\n\t<meta property=\"og:image:width\" content=\"800\" \/>\n\t<meta property=\"og:image:height\" content=\"532\" \/>\n\t<meta property=\"og:image:type\" content=\"image\/png\" \/>\n<meta name=\"twitter:card\" content=\"summary_large_image\" \/>\n<meta name=\"twitter:site\" content=\"@strangercamapp\" \/>\n<meta name=\"twitter:label1\" content=\"Szacowany czas czytania\" \/>\n\t<meta name=\"twitter:data1\" content=\"4 minuty\" \/>\n<script type=\"application\/ld+json\" class=\"yoast-schema-graph\">{\"@context\":\"https:\/\/schema.org\",\"@graph\":[{\"@type\":\"WebPage\",\"@id\":\"https:\/\/strangercam.com\/stranger-video-chat\/\",\"url\":\"https:\/\/strangercam.com\/stranger-video-chat\/\",\"name\":\"Stranger Video Chat with Video Chat on Strangercam.com\",\"isPartOf\":{\"@id\":\"https:\/\/strangercam.com\/#website\"},\"datePublished\":\"2025-09-03T09:50:30+00:00\",\"dateModified\":\"2025-09-03T11:46:31+00:00\",\"description\":\"Liking Stranger Video Chat? Join millions on StrangerCam.com! Start a random video chat, turn on your cam, and meet strangers instantly.\",\"breadcrumb\":{\"@id\":\"https:\/\/strangercam.com\/stranger-video-chat\/#breadcrumb\"},\"inLanguage\":\"pl-PL\",\"potentialAction\":[{\"@type\":\"ReadAction\",\"target\":[\"https:\/\/strangercam.com\/stranger-video-chat\/\"]}]},{\"@type\":\"BreadcrumbList\",\"@id\":\"https:\/\/strangercam.com\/stranger-video-chat\/#breadcrumb\",\"itemListElement\":[{\"@type\":\"ListItem\",\"position\":1,\"name\":\"Home\",\"item\":\"https:\/\/strangercam.com\/\"},{\"@type\":\"ListItem\",\"position\":2,\"name\":\"Stranger Video Chat\"}]},{\"@type\":\"WebSite\",\"@id\":\"https:\/\/strangercam.com\/#website\",\"url\":\"https:\/\/strangercam.com\/\",\"name\":\"Strangercam\",\"description\":\"Random Video Chat with Strangers\",\"publisher\":{\"@id\":\"https:\/\/strangercam.com\/#organization\"},\"alternateName\":\"Strangercam.com\",\"potentialAction\":[{\"@type\":\"SearchAction\",\"target\":{\"@type\":\"EntryPoint\",\"urlTemplate\":\"https:\/\/strangercam.com\/?s={search_term_string}\"},\"query-input\":{\"@type\":\"PropertyValueSpecification\",\"valueRequired\":true,\"valueName\":\"search_term_string\"}}],\"inLanguage\":\"pl-PL\"},{\"@type\":\"Organization\",\"@id\":\"https:\/\/strangercam.com\/#organization\",\"name\":\"Strangercam\",\"alternateName\":\"Strangercam.com\",\"url\":\"https:\/\/strangercam.com\/\",\"logo\":{\"@type\":\"ImageObject\",\"inLanguage\":\"pl-PL\",\"@id\":\"https:\/\/strangercam.com\/#\/schema\/logo\/image\/\",\"url\":\"https:\/\/strangercam.com\/wp-content\/uploads\/2020\/11\/cropped-new-favicon-black.png\",\"contentUrl\":\"https:\/\/strangercam.com\/wp-content\/uploads\/2020\/11\/cropped-new-favicon-black.png\",\"width\":512,\"height\":512,\"caption\":\"Strangercam\"},\"image\":{\"@id\":\"https:\/\/strangercam.com\/#\/schema\/logo\/image\/\"},\"sameAs\":[\"https:\/\/www.facebook.com\/strangercam\",\"https:\/\/x.com\/strangercamapp\"]}]}<\/script>\n<!-- \/ Yoast SEO plugin. -->","yoast_head_json":{"title":"Nieznajomy czat wideo z czatem wideo na Strangercam.com","description":"Lubisz czat wideo z nieznajomymi? Join miliony na StrangerCam.com! Rozpocznij losowy czat wideo, w\u0142\u0105cz kamer\u0119 i natychmiast poznaj nieznajomych.","robots":{"index":"index","follow":"follow","max-snippet":"max-snippet:-1","max-image-preview":"max-image-preview:large","max-video-preview":"max-video-preview:-1"},"canonical":"https:\/\/strangercam.com\/pl\/nieznajomy-czat-wideo\/","og_locale":"pl_PL","og_type":"article","og_title":"Stranger Video Chat with Video Chat on Strangercam.com","og_description":"Liking Stranger Video Chat? Join millions on StrangerCam.com! Start a random video chat, turn on your cam, and meet strangers instantly.","og_url":"https:\/\/strangercam.com\/pl\/nieznajomy-czat-wideo\/","og_site_name":"Strangercam","article_publisher":"https:\/\/www.facebook.com\/strangercam","article_modified_time":"2025-09-03T11:46:31+00:00","og_image":[{"width":800,"height":532,"url":"https:\/\/strangercam.com\/wp-content\/uploads\/2021\/10\/Untitled-2.png","type":"image\/png"}],"twitter_card":"summary_large_image","twitter_site":"@strangercamapp","twitter_misc":{"Szacowany czas czytania":"4 minuty"},"schema":{"@context":"https:\/\/schema.org","@graph":[{"@type":"WebPage","@id":"https:\/\/strangercam.com\/stranger-video-chat\/","url":"https:\/\/strangercam.com\/stranger-video-chat\/","name":"Nieznajomy czat wideo z czatem wideo na Strangercam.com","isPartOf":{"@id":"https:\/\/strangercam.com\/#website"},"datePublished":"2025-09-03T09:50:30+00:00","dateModified":"2025-09-03T11:46:31+00:00","description":"Lubisz czat wideo z nieznajomymi? Join miliony na StrangerCam.com! Rozpocznij losowy czat wideo, w\u0142\u0105cz kamer\u0119 i natychmiast poznaj nieznajomych.","breadcrumb":{"@id":"https:\/\/strangercam.com\/stranger-video-chat\/#breadcrumb"},"inLanguage":"pl-PL","potentialAction":[{"@type":"ReadAction","target":["https:\/\/strangercam.com\/stranger-video-chat\/"]}]},{"@type":"BreadcrumbList","@id":"https:\/\/strangercam.com\/stranger-video-chat\/#breadcrumb","itemListElement":[{"@type":"ListItem","position":1,"name":"Home","item":"https:\/\/strangercam.com\/"},{"@type":"ListItem","position":2,"name":"Stranger Video Chat"}]},{"@type":"WebSite","@id":"https:\/\/strangercam.com\/#website","url":"https:\/\/strangercam.com\/","name":"Strangercam","description":"Losowy czat wideo z nieznajomymi","publisher":{"@id":"https:\/\/strangercam.com\/#organization"},"alternateName":"Strangercam.com","potentialAction":[{"@type":"SearchAction","target":{"@type":"EntryPoint","urlTemplate":"https:\/\/strangercam.com\/?s={search_term_string}"},"query-input":{"@type":"PropertyValueSpecification","valueRequired":true,"valueName":"search_term_string"}}],"inLanguage":"pl-PL"},{"@type":"Organization","@id":"https:\/\/strangercam.com\/#organization","name":"Strangercam","alternateName":"Strangercam.com","url":"https:\/\/strangercam.com\/","logo":{"@type":"ImageObject","inLanguage":"pl-PL","@id":"https:\/\/strangercam.com\/#\/schema\/logo\/image\/","url":"https:\/\/strangercam.com\/wp-content\/uploads\/2020\/11\/cropped-new-favicon-black.png","contentUrl":"https:\/\/strangercam.com\/wp-content\/uploads\/2020\/11\/cropped-new-favicon-black.png","width":512,"height":512,"caption":"Strangercam"},"image":{"@id":"https:\/\/strangercam.com\/#\/schema\/logo\/image\/"},"sameAs":["https:\/\/www.facebook.com\/strangercam","https:\/\/x.com\/strangercamapp"]}]}},"_links":{"self":[{"href":"https:\/\/strangercam.com\/pl\/wp-json\/wp\/v2\/pages\/4056","targetHints":{"allow":["GET"]}}],"collection":[{"href":"https:\/\/strangercam.com\/pl\/wp-json\/wp\/v2\/pages"}],"about":[{"href":"https:\/\/strangercam.com\/pl\/wp-json\/wp\/v2\/types\/page"}],"author":[{"embeddable":true,"href":"https:\/\/strangercam.com\/pl\/wp-json\/wp\/v2\/users\/8"}],"replies":[{"embeddable":true,"href":"https:\/\/strangercam.com\/pl\/wp-json\/wp\/v2\/comments?post=4056"}],"version-history":[{"count":3,"href":"https:\/\/strangercam.com\/pl\/wp-json\/wp\/v2\/pages\/4056\/revisions"}],"predecessor-version":[{"id":13001,"href":"https:\/\/strangercam.com\/pl\/wp-json\/wp\/v2\/pages\/4056\/revisions\/13001"}],"wp:attachment":[{"href":"https:\/\/strangercam.com\/pl\/wp-json\/wp\/v2\/media?parent=4056"}],"curies":[{"name":"wp","href":"https:\/\/api.w.org\/{rel}","templated":true}]}}