{"id":4039,"date":"2025-09-03T11:47:55","date_gmt":"2025-09-03T09:47:55","guid":{"rendered":"https:\/\/strangercam.com\/?page_id=4039"},"modified":"2025-09-03T13:44:58","modified_gmt":"2025-09-03T11:44:58","slug":"losowy-czat-wideo-z-nieznajomymi","status":"publish","type":"page","link":"https:\/\/strangercam.com\/pl\/random-video-chat-with-strangers\/","title":{"rendered":"Losowy czat wideo z nieznajomymi"},"content":{"rendered":"<p>Szukasz najlepszego sposobu na cieszenie si\u0119 losowym wideo? <a href=\"https:\/\/strangercam.com\/pl\/chathub\/\">czat<\/a> z nieznajomymi? Nie jeste\u015b sam. Ka\u017cdego miesi\u0105ca miliony ludzi na ca\u0142ym \u015bwiecie korzystaj\u0105 z Internetu, aby natychmiast nawi\u0105za\u0107 kontakt z nieznajomymi - czy to dla zabawy, przyja\u017ani, wymiany kulturowej, czy lekkiego flirtu. W przeciwie\u0144stwie do aplikacji randkowych lub medi\u00f3w spo\u0142eczno\u015bciowych, kt\u00f3re mog\u0105 wydawa\u0107 si\u0119 powolne lub sztuczne, losowy czat wideo jest spontaniczny, autentyczny i ekscytuj\u0105cy.<\/p>\n<p>Dzi\u0119ki platformom takim jak StrangerCam mo\u017cesz ju\u017c dzi\u015b rozpocz\u0105\u0107 darmowy, losowy czat wideo z nieznajomymi - bez rejestracji, bez pobierania i bez ukrytych koszt\u00f3w. Wystarczy jedno klikni\u0119cie, aby spotka\u0107 si\u0119 twarz\u0105 w twarz z kim\u015b nowym z dowolnego miejsca na \u015bwiecie.<\/p>\n<p>Ten przewodnik przeprowadzi Ci\u0119 przez wszystko, co musisz wiedzie\u0107: czym jest losowy czat wideo z nieznajomymi, dlaczego ludzie go uwielbiaj\u0105, jak dzia\u0142a, jakich funkcji szuka\u0107, por\u00f3wnania platform, wskaz\u00f3wki dotycz\u0105ce bezpiecze\u0144stwa i dlaczego StrangerCam jest jednym z najlepszych wybor\u00f3w w 2025 roku.<\/p>\n<h2>Czym jest losowy czat wideo z nieznajomymi?<\/h2>\n<p>Losowy czat wideo z nieznajomymi to funkcja online, kt\u00f3ra umo\u017cliwia natychmiastowe po\u0142\u0105czenie z innymi osobami za po\u015brednictwem kamery internetowej i mikrofonu. W przeciwie\u0144stwie do czat\u00f3w tekstowych, czat wideo zapewnia interakcj\u0119 na \u017cywo, twarz\u0105 w twarz, dzi\u0119ki czemu rozmowy s\u0105 bardziej realne i wci\u0105gaj\u0105ce.<\/p>\n<p>Nie musisz tworzy\u0107 konta ani wype\u0142nia\u0107 profilu. Wystarczy klikn\u0105\u0107 \"Rozpocznij\", by w ci\u0105gu kilku sekund rozpocz\u0105\u0107 rozmow\u0119 z now\u0105 osob\u0105. Je\u015bli rozmowa nie przypadnie ci do gustu, kliknij \"Dalej\", a natychmiast zostaniesz po\u0142\u0105czony z kim\u015b innym.<\/p>\n<h2>Dlaczego ludzie uwielbiaj\u0105 darmowe, losowe czaty wideo z nieznajomymi?<\/h2>\n<p>Popularno\u015b\u0107 darmowych czat\u00f3w wideo z nieznajomymi wynika z kilku kluczowych powod\u00f3w:<\/p>\n<ul>\n<li>Spontaniczno\u015b\u0107: Ka\u017cdy czat jest inny i nieprzewidywalny.<\/li>\n<li>Autentyczno\u015b\u0107: Wideo na \u017cywo gwarantuje, \u017ce spotykasz prawdziwych ludzi, a nie boty.<\/li>\n<li>Bez zobowi\u0105za\u0144: Bez kont, bez pobierania - po prostu natychmiastowe rozmowy.<\/li>\n<li>Globalny zasi\u0119g: Poznawaj ludzi z dziesi\u0105tek kraj\u00f3w w czasie rzeczywistym.<\/li>\n<li>Przyja\u017a\u0144 i zabawa: Niekt\u00f3rzy u\u017cywaj\u0105 go do nawi\u0105zywania przyja\u017ani; inni do swobodnego flirtowania lub rozrywki.<\/li>\n<li>Szybka ucieczka od nudy: Idealny, gdy chcesz prze\u0142ama\u0107 rutyn\u0119.<\/li>\n<\/ul>\n<h2>Jak dzia\u0142a losowy czat wideo z nieznajomymi?<\/h2>\n<p>Rozpocz\u0119cie pracy jest proste i szybkie:<\/p>\n<ol>\n<li>Otw\u00f3rz platform\u0119 tak\u0105 jak StrangerCam na swoim telefonie lub komputerze.<\/li>\n<li>Zezw\u00f3l na dost\u0119p do kamery internetowej i mikrofonu.<\/li>\n<li>Kliknij \"Rozpocznij czat\".<\/li>\n<li>Natychmiastowa rozmowa twarz\u0105 w twarz z przypadkowym nieznajomym.<\/li>\n<li>Kliknij \"Dalej\" w dowolnym momencie, aby pozna\u0107 kogo\u015b nowego.<\/li>\n<\/ol>\n<p>Cykl ten mo\u017ce powtarza\u0107 si\u0119 w niesko\u0144czono\u015b\u0107, daj\u0105c nieograniczone mo\u017cliwo\u015bci nawi\u0105zywania kontakt\u00f3w.<\/p>\n<h2>Najwa\u017cniejsze cechy, kt\u00f3rych nale\u017cy szuka\u0107<\/h2>\n<p>Nie wszystkie platformy s\u0105 sobie r\u00f3wne. Oto, na co powiniene\u015b zwr\u00f3ci\u0107 uwag\u0119, wybieraj\u0105c witryn\u0119 do losowego czatu wideo z nieznajomymi:<\/p>\n<h3>1. Prawdziwie darmowy dost\u0119p<\/h3>\n<p>Niekt\u00f3re witryny twierdz\u0105, \u017ce s\u0105 darmowe, ale blokuj\u0105 kluczowe funkcje za paywallami. Szukaj nieograniczonego dost\u0119pu bez sztuczek.<\/p>\n<h3>2. Rejestracja nie jest wymagana<\/h3>\n<p>Najlepsze witryny nie wymagaj\u0105 rejestracji, kont ani danych osobowych.<\/p>\n<h3>3. Filtry p\u0142ci i lokalizacji<\/h3>\n<p>Przydatne, je\u015bli chcesz pozna\u0107 okre\u015blone typy os\u00f3b.<\/p>\n<h3>4. Silne umiarkowanie<\/h3>\n<p>Narz\u0119dzia raportowania i systemy moderacji zapewniaj\u0105 bezpieczne \u015brodowisko.<\/p>\n<h3>5. Projekt przyjazny dla urz\u0105dze\u0144 mobilnych<\/h3>\n<p>Dobra platforma powinna dzia\u0142a\u0107 tak samo p\u0142ynnie na telefonach, jak na komputerach stacjonarnych.<\/p>\n<h3>6. Wysoka jako\u015b\u0107 obrazu i d\u017awi\u0119ku<\/h3>\n<p>Wyra\u017ane, stabilne po\u0142\u0105czenia sprawiaj\u0105, \u017ce rozmowy s\u0105 przyjemniejsze.<\/p>\n<h2>Najlepsze platformy do losowego czatu wideo z nieznajomymi w 2025 roku<\/h2>\n<p>Oto por\u00f3wnanie popularnych platform oferuj\u0105cych losowe czaty wideo z nieznajomymi:<\/p>\n<table>\n<thead>\n<tr>\n<th>Platforma<\/th>\n<th align=\"center\">Bezp\u0142atny dost\u0119p<\/th>\n<th align=\"center\">Filtr p\u0142ci<\/th>\n<th align=\"center\">Wymagana rejestracja<\/th>\n<th align=\"center\">Wsparcie mobilne<\/th>\n<th align=\"center\">Moderacja<\/th>\n<th>Uwagi<\/th>\n<\/tr>\n<\/thead>\n<tbody>\n<tr>\n<td>StrangerCam<\/td>\n<td align=\"center\">\u2705<\/td>\n<td align=\"center\">\u2705 (Free)<\/td>\n<td align=\"center\">\u274c<\/td>\n<td align=\"center\">\u2705<\/td>\n<td align=\"center\">\u2705<\/td>\n<td>Najlepszy og\u00f3lny wyb\u00f3r, naprawd\u0119 darmowy<\/td>\n<\/tr>\n<tr>\n<td><a href=\"https:\/\/strangercam.com\/pl\/chatroulette\/\">Chatroulette<\/a><\/td>\n<td align=\"center\">\u2705<\/td>\n<td align=\"center\">\u274c (p\u0142atne)<\/td>\n<td align=\"center\">\u274c<\/td>\n<td align=\"center\">\u2705<\/td>\n<td align=\"center\">\u2705<\/td>\n<td>Klasyczna opcja, ale filtry kosztuj\u0105<\/td>\n<\/tr>\n<tr>\n<td>Chatrandom<\/td>\n<td align=\"center\">\u2705<\/td>\n<td align=\"center\">\u274c (p\u0142atne)<\/td>\n<td align=\"center\">\u274c<\/td>\n<td align=\"center\">\u2705<\/td>\n<td align=\"center\">\u2705<\/td>\n<td>Popularne, ale zablokowane funkcje premium<\/td>\n<\/tr>\n<tr>\n<td><a href=\"https:\/\/strangercam.com\/pl\/ometv\/\">OmeTV<\/a><\/td>\n<td align=\"center\">\u2705<\/td>\n<td align=\"center\">\u274c<\/td>\n<td align=\"center\">\u274c<\/td>\n<td align=\"center\">\u2705<\/td>\n<td align=\"center\">\u2705<\/td>\n<td>Dost\u0119pna tylko losowa aplikacja mobilna<\/td>\n<\/tr>\n<tr>\n<td>Shagle<\/td>\n<td align=\"center\">\u2705<\/td>\n<td align=\"center\">\u274c (p\u0142atne)<\/td>\n<td align=\"center\">\u274c<\/td>\n<td align=\"center\">\u2705<\/td>\n<td align=\"center\">\u2705<\/td>\n<td>Mocno promuje funkcje premium<\/td>\n<\/tr>\n<tr>\n<td><a href=\"https:\/\/strangercam.com\/pl\/coomeet\/\">CooMeet<\/a><\/td>\n<td align=\"center\">\u274c (Trial)<\/td>\n<td align=\"center\">\u2705<\/td>\n<td align=\"center\">\u2705<\/td>\n<td align=\"center\">\u2705<\/td>\n<td align=\"center\">\u2705<\/td>\n<td>P\u0142atne po kr\u00f3tkim okresie pr\u00f3bnym<\/td>\n<\/tr>\n<tr>\n<td>LuckyCrush<\/td>\n<td align=\"center\">\u274c<\/td>\n<td align=\"center\">\u2705<\/td>\n<td align=\"center\">\u2705<\/td>\n<td align=\"center\">\u2705<\/td>\n<td align=\"center\">\u2705<\/td>\n<td>Zawsze p\u0142atny czat oparty na p\u0142ci<\/td>\n<\/tr>\n<\/tbody>\n<\/table>\n<p>W\u015br\u00f3d nich StrangerCam wyr\u00f3\u017cnia si\u0119 jako jedna z niewielu platform oferuj\u0105cych darmowy losowy czat wideo z nieznajomymi z nieograniczonym dost\u0119pem, bez rejestracji i dzia\u0142aj\u0105cym filtrem p\u0142ci.<\/p>\n<h2>Dlaczego StrangerCam to najlepszy wyb\u00f3r<\/h2>\n<p>Oto dlaczego StrangerCam jest najlepszym wyborem do losowych rozm\u00f3w wideo z nieznajomymi w 2025 roku:<\/p>\n<h3>1. Ca\u0142kowicie za darmo<\/h3>\n<p>Bez kredyt\u00f3w, wersji pr\u00f3bnych i ukrytych op\u0142at - nielimitowany czat za darmo.<\/p>\n<h3>2. Darmowy filtr p\u0142ci<\/h3>\n<p>Wybierz, kogo chcesz pozna\u0107 - facet\u00f3w, dziewczyny lub jedno i drugie - bez p\u0142acenia.<\/p>\n<h3>3. Nie jest wymagana rejestracja<\/h3>\n<p>Zachowaj anonimowo\u015b\u0107 i \u0142\u0105cz si\u0119 natychmiast.<\/p>\n<h3>4. Bezpieczny i moderowany<\/h3>\n<p>Dzi\u0119ki aktywnej moderacji i narz\u0119dziom do raportowania, StrangerCam utrzymuje pozytywne \u015brodowisko.<\/p>\n<h3>5. Globalna baza u\u017cytkownik\u00f3w<\/h3>\n<p>Poznaj nieznajomych z ponad 100 kraj\u00f3w, dost\u0119pnych 24\/7.<\/p>\n<h3>6. Zoptymalizowany dla wszystkich urz\u0105dze\u0144<\/h3>\n<p>Dzia\u0142a doskonale zar\u00f3wno na urz\u0105dzeniach mobilnych, jak i komputerach stacjonarnych.<\/p>\n<h2>Prawdziwe opinie u\u017cytkownik\u00f3w<\/h2>\n<blockquote><p><em>\"Chcia\u0142em platformy, na kt\u00f3rej m\u00f3g\u0142bym losowo rozmawia\u0107 z nieznajomymi bez p\u0142acenia. StrangerCam by\u0142 jedyn\u0105 witryn\u0105, kt\u00f3ra faktycznie to zapewnia\u0142a\".<\/em><br \/>\n- Chris, 25 lat<\/p><\/blockquote>\n<blockquote><p><em>\"Filtr p\u0142ci dzia\u0142a doskonale i za darmo. To rzadko\u015b\u0107 w dzisiejszych czasach\".<\/em><br \/>\n- Sophia, 22 lata<\/p><\/blockquote>\n<blockquote><p><em>\"Pozna\u0142em ludzi z pi\u0119ciu kraj\u00f3w w nieca\u0142\u0105 godzin\u0119. To uzale\u017cniaj\u0105ce, ale zabawne\".<\/em><br \/>\n- Ryan, 29 lat<\/p><\/blockquote>\n<blockquote><p><em>\"StrangerCam jest bezpieczny, \u0142atwy i naprawd\u0119 darmowy. To moje ulubione miejsce do nawi\u0105zywania kontakt\u00f3w online\".<\/em><br \/>\n- Leah, 21 lat<\/p><\/blockquote>\n<h2>Wskaz\u00f3wki dotycz\u0105ce bezpiecze\u0144stwa podczas losowego czatu wideo z nieznajomymi<\/h2>\n<p>Chocia\u017c platformy te s\u0105 zabawne, zawsze powiniene\u015b si\u0119 chroni\u0107:<\/p>\n<ul>\n<li>Nigdy nie udost\u0119pniaj danych osobowych, takich jak imi\u0119 i nazwisko, numer telefonu czy adres.<\/li>\n<li>Nie klikaj link\u00f3w udost\u0119pnianych przez nieznajomych.<\/li>\n<li>U\u017cyj przycisku \"Dalej\", je\u015bli czujesz si\u0119 niekomfortowo.<\/li>\n<li>Sprawd\u017a t\u0142o przed w\u0142\u0105czeniem kamery.<\/li>\n<li>Trzymaj si\u0119 narz\u0119dzi platformy do blokowania lub zg\u0142aszania z\u0142ych u\u017cytkownik\u00f3w.<\/li>\n<li>Przestrzegaj zasad dotycz\u0105cych wieku - je\u015bli masz mniej ni\u017c 18 lat, unikaj witryn czat\u00f3w wideo dla doros\u0142ych.<\/li>\n<\/ul>\n<h2>Jak zacz\u0105\u0107 - krok po kroku<\/h2>\n<p>Rozpocz\u0119cie losowego czatu wideo z nieznajomymi zajmuje mniej ni\u017c minut\u0119:<\/p>\n<ol>\n<li>Otw\u00f3rz StrangerCam w przegl\u0105darce lub na urz\u0105dzeniu mobilnym.<\/li>\n<li>Zezw\u00f3l na dost\u0119p do kamery i mikrofonu.<\/li>\n<li>Wybierz preferencje (takie jak filtry p\u0142ci, je\u015bli s\u0105 dost\u0119pne).<\/li>\n<li>Kliknij przycisk Rozpocznij czat, aby natychmiast nawi\u0105za\u0107 po\u0142\u0105czenie.<\/li>\n<li>Naci\u015bnij Next w dowolnym momencie, aby pozna\u0107 kogo\u015b nowego.<\/li>\n<\/ol>\n<p>Szybka, prosta i ca\u0142kowicie darmowa.<\/p>\n<h2>Przemy\u015blenia ko\u0144cowe - wypr\u00f3buj darmowy losowy czat wideo z nieznajomymi ju\u017c dzi\u015b<\/h2>\n<p>W 2025 roku losowy czat wideo z nieznajomymi pozostaje jednym z najbardziej zabawnych i ekscytuj\u0105cych sposob\u00f3w poznawania nowych ludzi online. Jest spontaniczny, autentyczny i natychmiast \u0142\u0105czy Ci\u0119 z prawdziwymi lud\u017ami z ca\u0142ego \u015bwiata.<\/p>\n<p>Jednak nie wszystkie platformy s\u0105 tego warte. Wiele z nich ukrywa funkcje za p\u0142atnymi zaporami lub jest przepe\u0142nionych botami. Dlatego StrangerCam jest najlepszym wyborem: jest darmowy, anonimowy, bezpieczny i aktywny 24\/7 z lud\u017ami gotowymi do rozmowy.<\/p>\n<p>Gotowy, by spr\u00f3bowa\u0107? Rozpocznij darmowy losowy czat wideo z nieznajomymi ju\u017c dzi\u015b i zobacz, kogo spotkasz w przysz\u0142o\u015bci.<\/p>","protected":false},"excerpt":{"rendered":"<p>Are you searching for the best way to enjoy a random video chat with strangers? You\u2019re not alone. Every month, millions of people around the world go online to connect instantly with strangers\u2014whether for fun, friendship, cultural exchange, or lighthearted flirting. Unlike dating apps or social media, which can feel slow or artificial, random video [&hellip;]<\/p>\n","protected":false},"author":8,"featured_media":0,"parent":0,"menu_order":0,"comment_status":"closed","ping_status":"closed","template":"","meta":{"footnotes":""},"class_list":["post-4039","page","type-page","status-publish","hentry"],"yoast_head":"<!-- This site is optimized with the Yoast SEO plugin v27.4 - https:\/\/yoast.com\/product\/yoast-seo-wordpress\/ -->\n<title>Random Video Chat With Strangers on Strangercam.com<\/title>\n<meta name=\"description\" content=\"Liking Random Video Chat With Strangers? Join millions on StrangerCam.com! Start a random video chat, turn on your cam, and meet strangers instantly.\" \/>\n<meta name=\"robots\" content=\"index, follow, max-snippet:-1, max-image-preview:large, max-video-preview:-1\" \/>\n<link rel=\"canonical\" href=\"https:\/\/strangercam.com\/pl\/losowy-czat-wideo-z-nieznajomymi\/\" \/>\n<meta property=\"og:locale\" content=\"pl_PL\" \/>\n<meta property=\"og:type\" content=\"article\" \/>\n<meta property=\"og:title\" content=\"Random Video Chat With Strangers on Strangercam.com\" \/>\n<meta property=\"og:description\" content=\"Liking Random Video Chat With Strangers? Join millions on StrangerCam.com! Start a random video chat, turn on your cam, and meet strangers instantly.\" \/>\n<meta property=\"og:url\" content=\"https:\/\/strangercam.com\/pl\/losowy-czat-wideo-z-nieznajomymi\/\" \/>\n<meta property=\"og:site_name\" content=\"Strangercam\" \/>\n<meta property=\"article:publisher\" content=\"https:\/\/www.facebook.com\/strangercam\" \/>\n<meta property=\"article:modified_time\" content=\"2025-09-03T11:44:58+00:00\" \/>\n<meta property=\"og:image\" content=\"https:\/\/strangercam.com\/wp-content\/uploads\/2021\/10\/Untitled-2.png\" \/>\n\t<meta property=\"og:image:width\" content=\"800\" \/>\n\t<meta property=\"og:image:height\" content=\"532\" \/>\n\t<meta property=\"og:image:type\" content=\"image\/png\" \/>\n<meta name=\"twitter:card\" content=\"summary_large_image\" \/>\n<meta name=\"twitter:site\" content=\"@strangercamapp\" \/>\n<meta name=\"twitter:label1\" content=\"Szacowany czas czytania\" \/>\n\t<meta name=\"twitter:data1\" content=\"5 minut\" \/>\n<script type=\"application\/ld+json\" class=\"yoast-schema-graph\">{\"@context\":\"https:\\\/\\\/schema.org\",\"@graph\":[{\"@type\":\"WebPage\",\"@id\":\"https:\\\/\\\/strangercam.com\\\/random-video-chat-with-strangers\\\/\",\"url\":\"https:\\\/\\\/strangercam.com\\\/random-video-chat-with-strangers\\\/\",\"name\":\"Random Video Chat With Strangers on Strangercam.com\",\"isPartOf\":{\"@id\":\"https:\\\/\\\/strangercam.com\\\/#website\"},\"datePublished\":\"2025-09-03T09:47:55+00:00\",\"dateModified\":\"2025-09-03T11:44:58+00:00\",\"description\":\"Liking Random Video Chat With Strangers? Join millions on StrangerCam.com! Start a random video chat, turn on your cam, and meet strangers instantly.\",\"breadcrumb\":{\"@id\":\"https:\\\/\\\/strangercam.com\\\/random-video-chat-with-strangers\\\/#breadcrumb\"},\"inLanguage\":\"pl-PL\",\"potentialAction\":[{\"@type\":\"ReadAction\",\"target\":[\"https:\\\/\\\/strangercam.com\\\/random-video-chat-with-strangers\\\/\"]}]},{\"@type\":\"BreadcrumbList\",\"@id\":\"https:\\\/\\\/strangercam.com\\\/random-video-chat-with-strangers\\\/#breadcrumb\",\"itemListElement\":[{\"@type\":\"ListItem\",\"position\":1,\"name\":\"Home\",\"item\":\"https:\\\/\\\/strangercam.com\\\/\"},{\"@type\":\"ListItem\",\"position\":2,\"name\":\"Random Video Chat With Strangers\"}]},{\"@type\":\"WebSite\",\"@id\":\"https:\\\/\\\/strangercam.com\\\/#website\",\"url\":\"https:\\\/\\\/strangercam.com\\\/\",\"name\":\"Strangercam\",\"description\":\"Random Video Chat with Strangers\",\"publisher\":{\"@id\":\"https:\\\/\\\/strangercam.com\\\/#organization\"},\"alternateName\":\"Strangercam.com\",\"potentialAction\":[{\"@type\":\"SearchAction\",\"target\":{\"@type\":\"EntryPoint\",\"urlTemplate\":\"https:\\\/\\\/strangercam.com\\\/?s={search_term_string}\"},\"query-input\":{\"@type\":\"PropertyValueSpecification\",\"valueRequired\":true,\"valueName\":\"search_term_string\"}}],\"inLanguage\":\"pl-PL\"},{\"@type\":\"Organization\",\"@id\":\"https:\\\/\\\/strangercam.com\\\/#organization\",\"name\":\"Strangercam\",\"alternateName\":\"Strangercam.com\",\"url\":\"https:\\\/\\\/strangercam.com\\\/\",\"logo\":{\"@type\":\"ImageObject\",\"inLanguage\":\"pl-PL\",\"@id\":\"https:\\\/\\\/strangercam.com\\\/#\\\/schema\\\/logo\\\/image\\\/\",\"url\":\"https:\\\/\\\/strangercam.com\\\/wp-content\\\/uploads\\\/2020\\\/11\\\/cropped-new-favicon-black.png\",\"contentUrl\":\"https:\\\/\\\/strangercam.com\\\/wp-content\\\/uploads\\\/2020\\\/11\\\/cropped-new-favicon-black.png\",\"width\":512,\"height\":512,\"caption\":\"Strangercam\"},\"image\":{\"@id\":\"https:\\\/\\\/strangercam.com\\\/#\\\/schema\\\/logo\\\/image\\\/\"},\"sameAs\":[\"https:\\\/\\\/www.facebook.com\\\/strangercam\",\"https:\\\/\\\/x.com\\\/strangercamapp\"]}]}<\/script>\n<!-- \/ Yoast SEO plugin. -->","yoast_head_json":{"title":"Losowy czat wideo z nieznajomymi na Strangercam.com","description":"Lubisz losowy czat wideo z nieznajomymi? Join miliony na StrangerCam.com! Rozpocznij losowy czat wideo, w\u0142\u0105cz kamer\u0119 i natychmiast poznaj nieznajomych.","robots":{"index":"index","follow":"follow","max-snippet":"max-snippet:-1","max-image-preview":"max-image-preview:large","max-video-preview":"max-video-preview:-1"},"canonical":"https:\/\/strangercam.com\/pl\/losowy-czat-wideo-z-nieznajomymi\/","og_locale":"pl_PL","og_type":"article","og_title":"Random Video Chat With Strangers on Strangercam.com","og_description":"Liking Random Video Chat With Strangers? Join millions on StrangerCam.com! Start a random video chat, turn on your cam, and meet strangers instantly.","og_url":"https:\/\/strangercam.com\/pl\/losowy-czat-wideo-z-nieznajomymi\/","og_site_name":"Strangercam","article_publisher":"https:\/\/www.facebook.com\/strangercam","article_modified_time":"2025-09-03T11:44:58+00:00","og_image":[{"width":800,"height":532,"url":"https:\/\/strangercam.com\/wp-content\/uploads\/2021\/10\/Untitled-2.png","type":"image\/png"}],"twitter_card":"summary_large_image","twitter_site":"@strangercamapp","twitter_misc":{"Szacowany czas czytania":"5 minut"},"schema":{"@context":"https:\/\/schema.org","@graph":[{"@type":"WebPage","@id":"https:\/\/strangercam.com\/random-video-chat-with-strangers\/","url":"https:\/\/strangercam.com\/random-video-chat-with-strangers\/","name":"Losowy czat wideo z nieznajomymi na Strangercam.com","isPartOf":{"@id":"https:\/\/strangercam.com\/#website"},"datePublished":"2025-09-03T09:47:55+00:00","dateModified":"2025-09-03T11:44:58+00:00","description":"Lubisz losowy czat wideo z nieznajomymi? Join miliony na StrangerCam.com! Rozpocznij losowy czat wideo, w\u0142\u0105cz kamer\u0119 i natychmiast poznaj nieznajomych.","breadcrumb":{"@id":"https:\/\/strangercam.com\/random-video-chat-with-strangers\/#breadcrumb"},"inLanguage":"pl-PL","potentialAction":[{"@type":"ReadAction","target":["https:\/\/strangercam.com\/random-video-chat-with-strangers\/"]}]},{"@type":"BreadcrumbList","@id":"https:\/\/strangercam.com\/random-video-chat-with-strangers\/#breadcrumb","itemListElement":[{"@type":"ListItem","position":1,"name":"Home","item":"https:\/\/strangercam.com\/"},{"@type":"ListItem","position":2,"name":"Random Video Chat With Strangers"}]},{"@type":"WebSite","@id":"https:\/\/strangercam.com\/#website","url":"https:\/\/strangercam.com\/","name":"Strangercam","description":"Losowy czat wideo z nieznajomymi","publisher":{"@id":"https:\/\/strangercam.com\/#organization"},"alternateName":"Strangercam.com","potentialAction":[{"@type":"SearchAction","target":{"@type":"EntryPoint","urlTemplate":"https:\/\/strangercam.com\/?s={search_term_string}"},"query-input":{"@type":"PropertyValueSpecification","valueRequired":true,"valueName":"search_term_string"}}],"inLanguage":"pl-PL"},{"@type":"Organization","@id":"https:\/\/strangercam.com\/#organization","name":"Strangercam","alternateName":"Strangercam.com","url":"https:\/\/strangercam.com\/","logo":{"@type":"ImageObject","inLanguage":"pl-PL","@id":"https:\/\/strangercam.com\/#\/schema\/logo\/image\/","url":"https:\/\/strangercam.com\/wp-content\/uploads\/2020\/11\/cropped-new-favicon-black.png","contentUrl":"https:\/\/strangercam.com\/wp-content\/uploads\/2020\/11\/cropped-new-favicon-black.png","width":512,"height":512,"caption":"Strangercam"},"image":{"@id":"https:\/\/strangercam.com\/#\/schema\/logo\/image\/"},"sameAs":["https:\/\/www.facebook.com\/strangercam","https:\/\/x.com\/strangercamapp"]}]}},"_links":{"self":[{"href":"https:\/\/strangercam.com\/pl\/wp-json\/wp\/v2\/pages\/4039","targetHints":{"allow":["GET"]}}],"collection":[{"href":"https:\/\/strangercam.com\/pl\/wp-json\/wp\/v2\/pages"}],"about":[{"href":"https:\/\/strangercam.com\/pl\/wp-json\/wp\/v2\/types\/page"}],"author":[{"embeddable":true,"href":"https:\/\/strangercam.com\/pl\/wp-json\/wp\/v2\/users\/8"}],"replies":[{"embeddable":true,"href":"https:\/\/strangercam.com\/pl\/wp-json\/wp\/v2\/comments?post=4039"}],"version-history":[{"count":3,"href":"https:\/\/strangercam.com\/pl\/wp-json\/wp\/v2\/pages\/4039\/revisions"}],"predecessor-version":[{"id":12999,"href":"https:\/\/strangercam.com\/pl\/wp-json\/wp\/v2\/pages\/4039\/revisions\/12999"}],"wp:attachment":[{"href":"https:\/\/strangercam.com\/pl\/wp-json\/wp\/v2\/media?parent=4039"}],"curies":[{"name":"wp","href":"https:\/\/api.w.org\/{rel}","templated":true}]}}